{"id":18085,"date":"2024-02-27T07:30:06","date_gmt":"2024-02-26T20:30:06","guid":{"rendered":"https:\/\/ozponcho.com.au\/?post_type=product&#038;p=18085"},"modified":"2025-02-20T07:20:35","modified_gmt":"2025-02-19T20:20:35","slug":"kawaii-fox-poncho-blanket","status":"publish","type":"product","link":"https:\/\/ozponcho.com.au\/pl\/p\/koc-poncho-z-lisa-kawaii\/","title":{"rendered":"Koc Kawaii Fox Poncho"},"content":{"rendered":"<h1>SPECYFIKACJA<\/h1>\n<p>Cecha: Anti-Pilling<\/p>\n<p>Styl: Japan Style<\/p>\n<p>Tkanina<\/p>\n<p>Waga: 700g<\/p>\n<p><img decoding=\"async\" src=\"https:\/\/ozponcho.com.au\/wp-content\/uploads\/2024\/03\/S5efdbb6abb1546338548233f59082113R.webp\" \/><\/p>\n<p><img decoding=\"async\" src=\"https:\/\/ozponcho.com.au\/wp-content\/uploads\/2024\/03\/S8acd6c3464f74cbe8aa0492ce40e7b94R.webp\" \/><\/p>\n<p>&nbsp;<\/p>","protected":false},"excerpt":{"rendered":"<p>SPECIFICATIONS Feature: Anti-Pilling Style: Japan Style Woven Fabric Weight: 700g &nbsp;<\/p>","protected":false},"featured_media":18084,"template":"","meta":[],"product_brand":[],"product_cat":[229,15],"product_tag":[],"class_list":{"0":"post-18085","1":"product","2":"type-product","3":"status-publish","4":"has-post-thumbnail","6":"product_cat-blanket-poncho","7":"product_cat-main-category","9":"first","10":"instock","11":"shipping-taxable","12":"purchasable","13":"product-type-variable"},"yoast_head":"<!-- This site is optimized with the Yoast SEO plugin v25.9 - https:\/\/yoast.com\/wordpress\/plugins\/seo\/ -->\n<title>Kawaii Fox Poncho Blanket | Polska #1 Poncho Shop<\/title>\n<meta name=\"description\" content=\"Looking for a Kawaii Fox Poncho Blanket ? You&#039;ve come to the right place \ud83d\ude04 We offers a wide selection of Kawaii Fox Poncho Blanket, perfect for you.\" \/>\n<meta name=\"robots\" content=\"index, follow, max-snippet:-1, max-image-preview:large, max-video-preview:-1\" \/>\n<link rel=\"canonical\" href=\"https:\/\/ozponcho.com.au\/pl\/p\/koc-poncho-z-lisa-kawaii\/\" \/>\n<meta property=\"og:locale\" content=\"pl_PL\" \/>\n<meta property=\"og:type\" content=\"article\" \/>\n<meta property=\"og:title\" content=\"Kawaii Fox Poncho Blanket | Polska #1 Poncho Shop\" \/>\n<meta property=\"og:description\" content=\"Looking for a Kawaii Fox Poncho Blanket ? You&#039;ve come to the right place \ud83d\ude04 We offers a wide selection of Kawaii Fox Poncho Blanket, perfect for you.\" \/>\n<meta property=\"og:url\" content=\"https:\/\/ozponcho.com.au\/pl\/p\/koc-poncho-z-lisa-kawaii\/\" \/>\n<meta property=\"og:site_name\" content=\"OZ Poncho\" \/>\n<meta property=\"article:modified_time\" content=\"2025-02-19T20:20:35+00:00\" \/>\n<meta property=\"og:image\" content=\"https:\/\/ozponcho.com.au\/wp-content\/uploads\/2024\/02\/S3c117f82d3194b1fbf4207ee332cbd6dR-3.webp\" \/>\n\t<meta property=\"og:image:width\" content=\"640\" \/>\n\t<meta property=\"og:image:height\" content=\"640\" \/>\n\t<meta property=\"og:image:type\" content=\"image\/webp\" \/>\n<meta name=\"twitter:card\" content=\"summary_large_image\" \/>\n<meta name=\"twitter:label1\" content=\"Szacowany czas czytania\" \/>\n\t<meta name=\"twitter:data1\" content=\"1 minuta\" \/>\n<script type=\"application\/ld+json\" class=\"yoast-schema-graph\">{\"@context\":\"https:\/\/schema.org\",\"@graph\":[{\"@type\":\"WebPage\",\"@id\":\"https:\/\/ozponcho.com.au\/p\/kawaii-fox-poncho-blanket\/\",\"url\":\"https:\/\/ozponcho.com.au\/p\/kawaii-fox-poncho-blanket\/\",\"name\":\"Kawaii Fox Poncho Blanket | Polska #1 Poncho Shop\",\"isPartOf\":{\"@id\":\"https:\/\/ozponcho.com.au\/#website\"},\"primaryImageOfPage\":{\"@id\":\"https:\/\/ozponcho.com.au\/p\/kawaii-fox-poncho-blanket\/#primaryimage\"},\"image\":{\"@id\":\"https:\/\/ozponcho.com.au\/p\/kawaii-fox-poncho-blanket\/#primaryimage\"},\"thumbnailUrl\":\"https:\/\/ozponcho.com.au\/wp-content\/uploads\/2024\/02\/S3c117f82d3194b1fbf4207ee332cbd6dR-3.webp\",\"datePublished\":\"2024-02-26T20:30:06+00:00\",\"dateModified\":\"2025-02-19T20:20:35+00:00\",\"description\":\"Looking for a Kawaii Fox Poncho Blanket ? You've come to the right place \ud83d\ude04 We offers a wide selection of Kawaii Fox Poncho Blanket, perfect for you.\",\"breadcrumb\":{\"@id\":\"https:\/\/ozponcho.com.au\/p\/kawaii-fox-poncho-blanket\/#breadcrumb\"},\"inLanguage\":\"pl-PL\",\"potentialAction\":[{\"@type\":\"ReadAction\",\"target\":[\"https:\/\/ozponcho.com.au\/p\/kawaii-fox-poncho-blanket\/\"]}]},{\"@type\":\"ImageObject\",\"inLanguage\":\"pl-PL\",\"@id\":\"https:\/\/ozponcho.com.au\/p\/kawaii-fox-poncho-blanket\/#primaryimage\",\"url\":\"https:\/\/ozponcho.com.au\/wp-content\/uploads\/2024\/02\/S3c117f82d3194b1fbf4207ee332cbd6dR-3.webp\",\"contentUrl\":\"https:\/\/ozponcho.com.au\/wp-content\/uploads\/2024\/02\/S3c117f82d3194b1fbf4207ee332cbd6dR-3.webp\",\"width\":640,\"height\":640,\"caption\":\"Kawaii Fox Poncho Blanket\"},{\"@type\":\"BreadcrumbList\",\"@id\":\"https:\/\/ozponcho.com.au\/p\/kawaii-fox-poncho-blanket\/#breadcrumb\",\"itemListElement\":[{\"@type\":\"ListItem\",\"position\":1,\"name\":\"Home\",\"item\":\"https:\/\/ozponcho.com.au\/\"},{\"@type\":\"ListItem\",\"position\":2,\"name\":\"Shop\",\"item\":\"https:\/\/ozponcho.com.au\/shop\/\"},{\"@type\":\"ListItem\",\"position\":3,\"name\":\"Kawaii Fox Poncho Blanket\"}]},{\"@type\":\"WebSite\",\"@id\":\"https:\/\/ozponcho.com.au\/#website\",\"url\":\"https:\/\/ozponcho.com.au\/\",\"name\":\"OZ Poncho\",\"description\":\"\",\"potentialAction\":[{\"@type\":\"SearchAction\",\"target\":{\"@type\":\"EntryPoint\",\"urlTemplate\":\"https:\/\/ozponcho.com.au\/?s={search_term_string}\"},\"query-input\":{\"@type\":\"PropertyValueSpecification\",\"valueRequired\":true,\"valueName\":\"search_term_string\"}}],\"inLanguage\":\"pl-PL\"}]}<\/script>\n<!-- \/ Yoast SEO plugin. -->","yoast_head_json":{"title":"Koc Kawaii Fox Poncho | Polska #1 Poncho Shop","description":"Szukasz koca Kawaii Fox Poncho? Jeste\u015b we w\u0142a\u015bciwym miejscu \ud83d\ude04 Oferujemy szeroki wyb\u00f3r Kawaii Fox Poncho Blanket, idealnych dla Ciebie.","robots":{"index":"index","follow":"follow","max-snippet":"max-snippet:-1","max-image-preview":"max-image-preview:large","max-video-preview":"max-video-preview:-1"},"canonical":"https:\/\/ozponcho.com.au\/pl\/p\/koc-poncho-z-lisa-kawaii\/","og_locale":"pl_PL","og_type":"article","og_title":"Kawaii Fox Poncho Blanket | Polska #1 Poncho Shop","og_description":"Looking for a Kawaii Fox Poncho Blanket ? You've come to the right place \ud83d\ude04 We offers a wide selection of Kawaii Fox Poncho Blanket, perfect for you.","og_url":"https:\/\/ozponcho.com.au\/pl\/p\/koc-poncho-z-lisa-kawaii\/","og_site_name":"OZ Poncho","article_modified_time":"2025-02-19T20:20:35+00:00","og_image":[{"width":640,"height":640,"url":"https:\/\/ozponcho.com.au\/wp-content\/uploads\/2024\/02\/S3c117f82d3194b1fbf4207ee332cbd6dR-3.webp","type":"image\/webp"}],"twitter_card":"summary_large_image","twitter_misc":{"Szacowany czas czytania":"1 minuta"},"schema":{"@context":"https:\/\/schema.org","@graph":[{"@type":"WebPage","@id":"https:\/\/ozponcho.com.au\/p\/kawaii-fox-poncho-blanket\/","url":"https:\/\/ozponcho.com.au\/p\/kawaii-fox-poncho-blanket\/","name":"Koc Kawaii Fox Poncho | Polska #1 Poncho Shop","isPartOf":{"@id":"https:\/\/ozponcho.com.au\/#website"},"primaryImageOfPage":{"@id":"https:\/\/ozponcho.com.au\/p\/kawaii-fox-poncho-blanket\/#primaryimage"},"image":{"@id":"https:\/\/ozponcho.com.au\/p\/kawaii-fox-poncho-blanket\/#primaryimage"},"thumbnailUrl":"https:\/\/ozponcho.com.au\/wp-content\/uploads\/2024\/02\/S3c117f82d3194b1fbf4207ee332cbd6dR-3.webp","datePublished":"2024-02-26T20:30:06+00:00","dateModified":"2025-02-19T20:20:35+00:00","description":"Szukasz koca Kawaii Fox Poncho? Jeste\u015b we w\u0142a\u015bciwym miejscu \ud83d\ude04 Oferujemy szeroki wyb\u00f3r Kawaii Fox Poncho Blanket, idealnych dla Ciebie.","breadcrumb":{"@id":"https:\/\/ozponcho.com.au\/p\/kawaii-fox-poncho-blanket\/#breadcrumb"},"inLanguage":"pl-PL","potentialAction":[{"@type":"ReadAction","target":["https:\/\/ozponcho.com.au\/p\/kawaii-fox-poncho-blanket\/"]}]},{"@type":"ImageObject","inLanguage":"pl-PL","@id":"https:\/\/ozponcho.com.au\/p\/kawaii-fox-poncho-blanket\/#primaryimage","url":"https:\/\/ozponcho.com.au\/wp-content\/uploads\/2024\/02\/S3c117f82d3194b1fbf4207ee332cbd6dR-3.webp","contentUrl":"https:\/\/ozponcho.com.au\/wp-content\/uploads\/2024\/02\/S3c117f82d3194b1fbf4207ee332cbd6dR-3.webp","width":640,"height":640,"caption":"Kawaii Fox Poncho Blanket"},{"@type":"BreadcrumbList","@id":"https:\/\/ozponcho.com.au\/p\/kawaii-fox-poncho-blanket\/#breadcrumb","itemListElement":[{"@type":"ListItem","position":1,"name":"Home","item":"https:\/\/ozponcho.com.au\/"},{"@type":"ListItem","position":2,"name":"Shop","item":"https:\/\/ozponcho.com.au\/shop\/"},{"@type":"ListItem","position":3,"name":"Kawaii Fox Poncho Blanket"}]},{"@type":"WebSite","@id":"https:\/\/ozponcho.com.au\/#website","url":"https:\/\/ozponcho.com.au\/","name":"Poncho OZ","description":"","potentialAction":[{"@type":"SearchAction","target":{"@type":"EntryPoint","urlTemplate":"https:\/\/ozponcho.com.au\/?s={search_term_string}"},"query-input":{"@type":"PropertyValueSpecification","valueRequired":true,"valueName":"search_term_string"}}],"inLanguage":"pl-PL"}]}},"_links":{"self":[{"href":"https:\/\/ozponcho.com.au\/pl\/wp-json\/wp\/v2\/product\/18085","targetHints":{"allow":["GET"]}}],"collection":[{"href":"https:\/\/ozponcho.com.au\/pl\/wp-json\/wp\/v2\/product"}],"about":[{"href":"https:\/\/ozponcho.com.au\/pl\/wp-json\/wp\/v2\/types\/product"}],"wp:featuredmedia":[{"embeddable":true,"href":"https:\/\/ozponcho.com.au\/pl\/wp-json\/wp\/v2\/media\/18084"}],"wp:attachment":[{"href":"https:\/\/ozponcho.com.au\/pl\/wp-json\/wp\/v2\/media?parent=18085"}],"wp:term":[{"taxonomy":"product_brand","embeddable":true,"href":"https:\/\/ozponcho.com.au\/pl\/wp-json\/wp\/v2\/product_brand?post=18085"},{"taxonomy":"product_cat","embeddable":true,"href":"https:\/\/ozponcho.com.au\/pl\/wp-json\/wp\/v2\/product_cat?post=18085"},{"taxonomy":"product_tag","embeddable":true,"href":"https:\/\/ozponcho.com.au\/pl\/wp-json\/wp\/v2\/product_tag?post=18085"}],"curies":[{"name":"wp","href":"https:\/\/api.w.org\/{rel}","templated":true}]}}