{"id":17796,"date":"2024-01-21T19:46:39","date_gmt":"2024-01-21T08:46:39","guid":{"rendered":"https:\/\/ozponcho.com.au\/?post_type=product&#038;p=17796"},"modified":"2024-03-08T16:24:59","modified_gmt":"2024-03-08T05:24:59","slug":"mens-tartan-fringe-cape","status":"publish","type":"product","link":"https:\/\/ozponcho.com.au\/pl\/p\/meska-peleryna-z-fredzlami-w-krate\/","title":{"rendered":"Ponczo m\u0119skie z golfem w krat\u0119"},"content":{"rendered":"<p>Przyjmij zmieniaj\u0105ce si\u0119 pory roku z naszym m\u0119skim ponczo z golfem w krat\u0119. Ten wykwintny model oferuje harmonijne po\u0142\u0105czenie stylu i ciep\u0142a, z granatowo-czerwonym wzorem w krat\u0119 z wyrafinowanym obszyciem z fr\u0119dzlami. Akrylowa tkanina przypominaj\u0105ca we\u0142n\u0119 zapewnia mi\u0119kko\u015b\u0107 i przytulno\u015b\u0107, zapewniaj\u0105c komfort w ch\u0142odniejsze dni. Lu\u017any kr\u00f3j i rozkloszowane r\u0119kawy pozwalaj\u0105 na \u0142atwe nak\u0142adanie warstw. Idealne do urozmaicenia jesiennego lub imprezowego stroju, to ponczo obiecuje pozosta\u0107 w czo\u0142\u00f3wce mody, oferuj\u0105c jednocze\u015bnie praktyczno\u015b\u0107. Podnie\u015b swoj\u0105 garderob\u0119 ju\u017c dzi\u015b i r\u00f3b wra\u017cenie, gdziekolwiek jeste\u015b.<\/p>\n<h2>SPECYFIKACJA<\/h2>\n<p>Materia\u0142: Bawe\u0142na i akryl<\/p>\n<div>\n<div>\n<div>\n<div><img decoding=\"async\" src=\"https:\/\/ozponcho.com.au\/wp-content\/uploads\/2024\/03\/S2ddfdaa1f2ed4ab797e4b1ececfa23f1l.webp\" \/><\/div>\n<\/div>\n<\/div>\n<\/div>","protected":false},"excerpt":{"rendered":"<p>Embrace the changing seasons with our Men&#8217;s Plaid Turtleneck Poncho. This exquisite piece offers a harmonious blend of style and warmth, featuring a navy blue and red plaid pattern with a sophisticated fringe hem. The wool-like acrylic fabric provides a soft and cozy experience, ensuring comfort during cooler days. Its loose fit and flare sleeve [&#8230;]","protected":false},"featured_media":17802,"template":"","meta":[],"product_brand":[],"product_cat":[229,15,228,211,221,215],"product_tag":[],"class_list":{"0":"post-17796","1":"product","2":"type-product","3":"status-publish","4":"has-post-thumbnail","6":"product_cat-blanket-poncho","7":"product_cat-main-category","8":"product_cat-poncho-sweater","9":"product_cat-poncho-men","10":"product_cat-red-poncho","11":"product_cat-wool-poncho","13":"first","14":"instock","15":"shipping-taxable","16":"purchasable","17":"product-type-variable"},"yoast_head":"<!-- This site is optimized with the Yoast SEO plugin v25.9 - https:\/\/yoast.com\/wordpress\/plugins\/seo\/ -->\n<title>Men&#039;s Plaid Turtleneck Poncho | Polska #1 Poncho Shop<\/title>\n<meta name=\"description\" content=\"Looking for a Men&#039;s Plaid Turtleneck Poncho ? You&#039;ve come to the right place \ud83d\ude04 We offers a wide selection of Men&#039;s Plaid Turtleneck Poncho, perfect for you.\" \/>\n<meta name=\"robots\" content=\"index, follow, max-snippet:-1, max-image-preview:large, max-video-preview:-1\" \/>\n<link rel=\"canonical\" href=\"https:\/\/ozponcho.com.au\/pl\/p\/meska-peleryna-z-fredzlami-w-krate\/\" \/>\n<meta property=\"og:locale\" content=\"pl_PL\" \/>\n<meta property=\"og:type\" content=\"article\" \/>\n<meta property=\"og:title\" content=\"Men&#039;s Plaid Turtleneck Poncho | Polska #1 Poncho Shop\" \/>\n<meta property=\"og:description\" content=\"Looking for a Men&#039;s Plaid Turtleneck Poncho ? You&#039;ve come to the right place \ud83d\ude04 We offers a wide selection of Men&#039;s Plaid Turtleneck Poncho, perfect for you.\" \/>\n<meta property=\"og:url\" content=\"https:\/\/ozponcho.com.au\/pl\/p\/meska-peleryna-z-fredzlami-w-krate\/\" \/>\n<meta property=\"og:site_name\" content=\"OZ Poncho\" \/>\n<meta property=\"article:modified_time\" content=\"2024-03-08T05:24:59+00:00\" \/>\n<meta property=\"og:image\" content=\"https:\/\/ozponcho.com.au\/wp-content\/uploads\/2024\/01\/S893ef6c8f6f440b097bf49ccf8298d207.webp\" \/>\n\t<meta property=\"og:image:width\" content=\"1000\" \/>\n\t<meta property=\"og:image:height\" content=\"1000\" \/>\n\t<meta property=\"og:image:type\" content=\"image\/webp\" \/>\n<meta name=\"twitter:card\" content=\"summary_large_image\" \/>\n<meta name=\"twitter:label1\" content=\"Szacowany czas czytania\" \/>\n\t<meta name=\"twitter:data1\" content=\"1 minuta\" \/>\n<script type=\"application\/ld+json\" class=\"yoast-schema-graph\">{\"@context\":\"https:\/\/schema.org\",\"@graph\":[{\"@type\":\"WebPage\",\"@id\":\"https:\/\/ozponcho.com.au\/p\/mens-tartan-fringe-cape\/\",\"url\":\"https:\/\/ozponcho.com.au\/p\/mens-tartan-fringe-cape\/\",\"name\":\"Men's Plaid Turtleneck Poncho | Polska #1 Poncho Shop\",\"isPartOf\":{\"@id\":\"https:\/\/ozponcho.com.au\/#website\"},\"primaryImageOfPage\":{\"@id\":\"https:\/\/ozponcho.com.au\/p\/mens-tartan-fringe-cape\/#primaryimage\"},\"image\":{\"@id\":\"https:\/\/ozponcho.com.au\/p\/mens-tartan-fringe-cape\/#primaryimage\"},\"thumbnailUrl\":\"https:\/\/ozponcho.com.au\/wp-content\/uploads\/2024\/01\/S893ef6c8f6f440b097bf49ccf8298d207.webp\",\"datePublished\":\"2024-01-21T08:46:39+00:00\",\"dateModified\":\"2024-03-08T05:24:59+00:00\",\"description\":\"Looking for a Men's Plaid Turtleneck Poncho ? You've come to the right place \ud83d\ude04 We offers a wide selection of Men's Plaid Turtleneck Poncho, perfect for you.\",\"breadcrumb\":{\"@id\":\"https:\/\/ozponcho.com.au\/p\/mens-tartan-fringe-cape\/#breadcrumb\"},\"inLanguage\":\"pl-PL\",\"potentialAction\":[{\"@type\":\"ReadAction\",\"target\":[\"https:\/\/ozponcho.com.au\/p\/mens-tartan-fringe-cape\/\"]}]},{\"@type\":\"ImageObject\",\"inLanguage\":\"pl-PL\",\"@id\":\"https:\/\/ozponcho.com.au\/p\/mens-tartan-fringe-cape\/#primaryimage\",\"url\":\"https:\/\/ozponcho.com.au\/wp-content\/uploads\/2024\/01\/S893ef6c8f6f440b097bf49ccf8298d207.webp\",\"contentUrl\":\"https:\/\/ozponcho.com.au\/wp-content\/uploads\/2024\/01\/S893ef6c8f6f440b097bf49ccf8298d207.webp\",\"width\":1000,\"height\":1000,\"caption\":\"Men's Plaid Turtleneck Poncho\"},{\"@type\":\"BreadcrumbList\",\"@id\":\"https:\/\/ozponcho.com.au\/p\/mens-tartan-fringe-cape\/#breadcrumb\",\"itemListElement\":[{\"@type\":\"ListItem\",\"position\":1,\"name\":\"Home\",\"item\":\"https:\/\/ozponcho.com.au\/\"},{\"@type\":\"ListItem\",\"position\":2,\"name\":\"Shop\",\"item\":\"https:\/\/ozponcho.com.au\/shop\/\"},{\"@type\":\"ListItem\",\"position\":3,\"name\":\"Men&#8217;s Plaid Turtleneck Poncho\"}]},{\"@type\":\"WebSite\",\"@id\":\"https:\/\/ozponcho.com.au\/#website\",\"url\":\"https:\/\/ozponcho.com.au\/\",\"name\":\"OZ Poncho\",\"description\":\"\",\"potentialAction\":[{\"@type\":\"SearchAction\",\"target\":{\"@type\":\"EntryPoint\",\"urlTemplate\":\"https:\/\/ozponcho.com.au\/?s={search_term_string}\"},\"query-input\":{\"@type\":\"PropertyValueSpecification\",\"valueRequired\":true,\"valueName\":\"search_term_string\"}}],\"inLanguage\":\"pl-PL\"}]}<\/script>\n<!-- \/ Yoast SEO plugin. -->","yoast_head_json":{"title":"Ponczo m\u0119skie z golfem w krat\u0119 | Polska #1 Poncho Shop","description":"Szukasz m\u0119skiego poncza z golfem w krat\u0119? Jeste\u015b we w\u0142a\u015bciwym miejscu \ud83d\ude04 Oferujemy szeroki wyb\u00f3r Ponczo m\u0119skie z golfem w krat\u0119, idealnych dla Ciebie.","robots":{"index":"index","follow":"follow","max-snippet":"max-snippet:-1","max-image-preview":"max-image-preview:large","max-video-preview":"max-video-preview:-1"},"canonical":"https:\/\/ozponcho.com.au\/pl\/p\/meska-peleryna-z-fredzlami-w-krate\/","og_locale":"pl_PL","og_type":"article","og_title":"Men's Plaid Turtleneck Poncho | Polska #1 Poncho Shop","og_description":"Looking for a Men's Plaid Turtleneck Poncho ? You've come to the right place \ud83d\ude04 We offers a wide selection of Men's Plaid Turtleneck Poncho, perfect for you.","og_url":"https:\/\/ozponcho.com.au\/pl\/p\/meska-peleryna-z-fredzlami-w-krate\/","og_site_name":"OZ Poncho","article_modified_time":"2024-03-08T05:24:59+00:00","og_image":[{"width":1000,"height":1000,"url":"https:\/\/ozponcho.com.au\/wp-content\/uploads\/2024\/01\/S893ef6c8f6f440b097bf49ccf8298d207.webp","type":"image\/webp"}],"twitter_card":"summary_large_image","twitter_misc":{"Szacowany czas czytania":"1 minuta"},"schema":{"@context":"https:\/\/schema.org","@graph":[{"@type":"WebPage","@id":"https:\/\/ozponcho.com.au\/p\/mens-tartan-fringe-cape\/","url":"https:\/\/ozponcho.com.au\/p\/mens-tartan-fringe-cape\/","name":"Ponczo m\u0119skie z golfem w krat\u0119 | Polska #1 Poncho Shop","isPartOf":{"@id":"https:\/\/ozponcho.com.au\/#website"},"primaryImageOfPage":{"@id":"https:\/\/ozponcho.com.au\/p\/mens-tartan-fringe-cape\/#primaryimage"},"image":{"@id":"https:\/\/ozponcho.com.au\/p\/mens-tartan-fringe-cape\/#primaryimage"},"thumbnailUrl":"https:\/\/ozponcho.com.au\/wp-content\/uploads\/2024\/01\/S893ef6c8f6f440b097bf49ccf8298d207.webp","datePublished":"2024-01-21T08:46:39+00:00","dateModified":"2024-03-08T05:24:59+00:00","description":"Szukasz m\u0119skiego poncza z golfem w krat\u0119? Jeste\u015b we w\u0142a\u015bciwym miejscu \ud83d\ude04 Oferujemy szeroki wyb\u00f3r Ponczo m\u0119skie z golfem w krat\u0119, idealnych dla Ciebie.","breadcrumb":{"@id":"https:\/\/ozponcho.com.au\/p\/mens-tartan-fringe-cape\/#breadcrumb"},"inLanguage":"pl-PL","potentialAction":[{"@type":"ReadAction","target":["https:\/\/ozponcho.com.au\/p\/mens-tartan-fringe-cape\/"]}]},{"@type":"ImageObject","inLanguage":"pl-PL","@id":"https:\/\/ozponcho.com.au\/p\/mens-tartan-fringe-cape\/#primaryimage","url":"https:\/\/ozponcho.com.au\/wp-content\/uploads\/2024\/01\/S893ef6c8f6f440b097bf49ccf8298d207.webp","contentUrl":"https:\/\/ozponcho.com.au\/wp-content\/uploads\/2024\/01\/S893ef6c8f6f440b097bf49ccf8298d207.webp","width":1000,"height":1000,"caption":"Men's Plaid Turtleneck Poncho"},{"@type":"BreadcrumbList","@id":"https:\/\/ozponcho.com.au\/p\/mens-tartan-fringe-cape\/#breadcrumb","itemListElement":[{"@type":"ListItem","position":1,"name":"Home","item":"https:\/\/ozponcho.com.au\/"},{"@type":"ListItem","position":2,"name":"Shop","item":"https:\/\/ozponcho.com.au\/shop\/"},{"@type":"ListItem","position":3,"name":"Men&#8217;s Plaid Turtleneck Poncho"}]},{"@type":"WebSite","@id":"https:\/\/ozponcho.com.au\/#website","url":"https:\/\/ozponcho.com.au\/","name":"Poncho OZ","description":"","potentialAction":[{"@type":"SearchAction","target":{"@type":"EntryPoint","urlTemplate":"https:\/\/ozponcho.com.au\/?s={search_term_string}"},"query-input":{"@type":"PropertyValueSpecification","valueRequired":true,"valueName":"search_term_string"}}],"inLanguage":"pl-PL"}]}},"_links":{"self":[{"href":"https:\/\/ozponcho.com.au\/pl\/wp-json\/wp\/v2\/product\/17796","targetHints":{"allow":["GET"]}}],"collection":[{"href":"https:\/\/ozponcho.com.au\/pl\/wp-json\/wp\/v2\/product"}],"about":[{"href":"https:\/\/ozponcho.com.au\/pl\/wp-json\/wp\/v2\/types\/product"}],"wp:featuredmedia":[{"embeddable":true,"href":"https:\/\/ozponcho.com.au\/pl\/wp-json\/wp\/v2\/media\/17802"}],"wp:attachment":[{"href":"https:\/\/ozponcho.com.au\/pl\/wp-json\/wp\/v2\/media?parent=17796"}],"wp:term":[{"taxonomy":"product_brand","embeddable":true,"href":"https:\/\/ozponcho.com.au\/pl\/wp-json\/wp\/v2\/product_brand?post=17796"},{"taxonomy":"product_cat","embeddable":true,"href":"https:\/\/ozponcho.com.au\/pl\/wp-json\/wp\/v2\/product_cat?post=17796"},{"taxonomy":"product_tag","embeddable":true,"href":"https:\/\/ozponcho.com.au\/pl\/wp-json\/wp\/v2\/product_tag?post=17796"}],"curies":[{"name":"wp","href":"https:\/\/api.w.org\/{rel}","templated":true}]}}