{"id":17626,"date":"2024-01-21T19:45:07","date_gmt":"2024-01-21T08:45:07","guid":{"rendered":"https:\/\/ozponcho.com.au\/?post_type=product&#038;p=17626"},"modified":"2025-12-26T06:45:05","modified_gmt":"2025-12-25T19:45:05","slug":"hooded-unisex-wool-poncho-coat","status":"publish","type":"product","link":"https:\/\/ozponcho.com.au\/pl\/p\/welniany-plaszcz-unisex-poncho-z-kapturem\/","title":{"rendered":"Oversizowa bluza z kapturem poncho"},"content":{"rendered":"<p>Otul si\u0119 ponadczasow\u0105 elegancj\u0105 naszej bluzy Oversized Woolen Poncho Hoodie. Przeznaczone zar\u00f3wno dla m\u0119\u017cczyzn, jak i kobiet, to poncho \u0142\u0105czy w sobie przytuln\u0105 tkanin\u0119 poliestrow\u0105 z punkowym stylem. Idealna na jesie\u0144 i zim\u0119, konstrukcja bez r\u0119kaw\u00f3w zapewnia wyj\u0105tkowe po\u0142\u0105czenie ciep\u0142a i swobody, idealne na swobodne wyj\u015bcia lub dodanie stylu vintage do garderoby. Jednolity odcie\u0144 z ko\u0142nierzem golfowym i obszernym kapturem sprawia, \u017ce jest to nie tylko odzie\u017c wierzchnia, ale tak\u017ce wyrazisty element, kt\u00f3ry p\u0142ynnie \u0142\u0105czy wygod\u0119 ze stylem.<\/p>\n<h2>SPECYFIKACJA<\/h2>\n<p>Materia\u0142: Poliester i bawe\u0142na<\/p>\n<div>\n<p><img decoding=\"async\" src=\"https:\/\/ozponcho.com.au\/wp-content\/uploads\/2024\/03\/S4b6bbfc5837540738fbd6e2ab9fdf174D.webp\" \/><\/p>\n<p><img decoding=\"async\" src=\"https:\/\/ozponcho.com.au\/wp-content\/uploads\/2024\/03\/S064a321f125a420cb8a8959040a366e84.webp\" \/><\/p>\n<\/div>","protected":false},"excerpt":{"rendered":"<p>Wrap yourself in the timeless elegance of our Oversized Woolen Poncho Hoodie. Fashioned for both men and women, this poncho combines cozy polyester fabric with a punk style flair. Ideal for autumn and winter, the sleeveless design provides a unique blend of warmth and freedom, perfect for casual outings or adding a vintage touch to [&#8230;]","protected":false},"featured_media":18256,"template":"","meta":[],"product_brand":[],"product_cat":[219,227,228,211,215],"product_tag":[],"class_list":{"0":"post-17626","1":"product","2":"type-product","3":"status-publish","4":"has-post-thumbnail","6":"product_cat-black-poncho","7":"product_cat-hooded-poncho","8":"product_cat-poncho-sweater","9":"product_cat-poncho-men","10":"product_cat-wool-poncho","12":"first","13":"instock","14":"shipping-taxable","15":"purchasable","16":"product-type-variable"},"yoast_head":"<!-- This site is optimized with the Yoast SEO plugin v25.9 - https:\/\/yoast.com\/wordpress\/plugins\/seo\/ -->\n<title>Oversized Poncho Hoodie | Polska #1 Poncho Shop<\/title>\n<meta name=\"description\" content=\"Looking for a Oversized Poncho Hoodie ? You&#039;ve come to the right place \ud83d\ude04 We offers a wide selection of Oversized Poncho Hoodie, perfect for you.\" \/>\n<meta name=\"robots\" content=\"index, follow, max-snippet:-1, max-image-preview:large, max-video-preview:-1\" \/>\n<link rel=\"canonical\" href=\"https:\/\/ozponcho.com.au\/pl\/p\/welniany-plaszcz-unisex-poncho-z-kapturem\/\" \/>\n<meta property=\"og:locale\" content=\"pl_PL\" \/>\n<meta property=\"og:type\" content=\"article\" \/>\n<meta property=\"og:title\" content=\"Oversized Poncho Hoodie | Polska #1 Poncho Shop\" \/>\n<meta property=\"og:description\" content=\"Looking for a Oversized Poncho Hoodie ? You&#039;ve come to the right place \ud83d\ude04 We offers a wide selection of Oversized Poncho Hoodie, perfect for you.\" \/>\n<meta property=\"og:url\" content=\"https:\/\/ozponcho.com.au\/pl\/p\/welniany-plaszcz-unisex-poncho-z-kapturem\/\" \/>\n<meta property=\"og:site_name\" content=\"OZ Poncho\" \/>\n<meta property=\"article:modified_time\" content=\"2025-12-25T19:45:05+00:00\" \/>\n<meta property=\"og:image\" content=\"https:\/\/ozponcho.com.au\/wp-content\/uploads\/2024\/03\/S064a321f125a420cb8a8959040a366e84.webp\" \/>\n\t<meta property=\"og:image:width\" content=\"800\" \/>\n\t<meta property=\"og:image:height\" content=\"800\" \/>\n\t<meta property=\"og:image:type\" content=\"image\/webp\" \/>\n<meta name=\"twitter:card\" content=\"summary_large_image\" \/>\n<meta name=\"twitter:label1\" content=\"Szacowany czas czytania\" \/>\n\t<meta name=\"twitter:data1\" content=\"1 minuta\" \/>\n<script type=\"application\/ld+json\" class=\"yoast-schema-graph\">{\"@context\":\"https:\/\/schema.org\",\"@graph\":[{\"@type\":\"WebPage\",\"@id\":\"https:\/\/ozponcho.com.au\/p\/hooded-unisex-wool-poncho-coat\/\",\"url\":\"https:\/\/ozponcho.com.au\/p\/hooded-unisex-wool-poncho-coat\/\",\"name\":\"Oversized Poncho Hoodie | Polska #1 Poncho Shop\",\"isPartOf\":{\"@id\":\"https:\/\/ozponcho.com.au\/#website\"},\"primaryImageOfPage\":{\"@id\":\"https:\/\/ozponcho.com.au\/p\/hooded-unisex-wool-poncho-coat\/#primaryimage\"},\"image\":{\"@id\":\"https:\/\/ozponcho.com.au\/p\/hooded-unisex-wool-poncho-coat\/#primaryimage\"},\"thumbnailUrl\":\"https:\/\/ozponcho.com.au\/wp-content\/uploads\/2024\/03\/S064a321f125a420cb8a8959040a366e84.webp\",\"datePublished\":\"2024-01-21T08:45:07+00:00\",\"dateModified\":\"2025-12-25T19:45:05+00:00\",\"description\":\"Looking for a Oversized Poncho Hoodie ? You've come to the right place \ud83d\ude04 We offers a wide selection of Oversized Poncho Hoodie, perfect for you.\",\"breadcrumb\":{\"@id\":\"https:\/\/ozponcho.com.au\/p\/hooded-unisex-wool-poncho-coat\/#breadcrumb\"},\"inLanguage\":\"pl-PL\",\"potentialAction\":[{\"@type\":\"ReadAction\",\"target\":[\"https:\/\/ozponcho.com.au\/p\/hooded-unisex-wool-poncho-coat\/\"]}]},{\"@type\":\"ImageObject\",\"inLanguage\":\"pl-PL\",\"@id\":\"https:\/\/ozponcho.com.au\/p\/hooded-unisex-wool-poncho-coat\/#primaryimage\",\"url\":\"https:\/\/ozponcho.com.au\/wp-content\/uploads\/2024\/03\/S064a321f125a420cb8a8959040a366e84.webp\",\"contentUrl\":\"https:\/\/ozponcho.com.au\/wp-content\/uploads\/2024\/03\/S064a321f125a420cb8a8959040a366e84.webp\",\"width\":800,\"height\":800},{\"@type\":\"BreadcrumbList\",\"@id\":\"https:\/\/ozponcho.com.au\/p\/hooded-unisex-wool-poncho-coat\/#breadcrumb\",\"itemListElement\":[{\"@type\":\"ListItem\",\"position\":1,\"name\":\"Home\",\"item\":\"https:\/\/ozponcho.com.au\/\"},{\"@type\":\"ListItem\",\"position\":2,\"name\":\"Shop\",\"item\":\"https:\/\/ozponcho.com.au\/shop\/\"},{\"@type\":\"ListItem\",\"position\":3,\"name\":\"Oversized Poncho Hoodie\"}]},{\"@type\":\"WebSite\",\"@id\":\"https:\/\/ozponcho.com.au\/#website\",\"url\":\"https:\/\/ozponcho.com.au\/\",\"name\":\"OZ Poncho\",\"description\":\"\",\"potentialAction\":[{\"@type\":\"SearchAction\",\"target\":{\"@type\":\"EntryPoint\",\"urlTemplate\":\"https:\/\/ozponcho.com.au\/?s={search_term_string}\"},\"query-input\":{\"@type\":\"PropertyValueSpecification\",\"valueRequired\":true,\"valueName\":\"search_term_string\"}}],\"inLanguage\":\"pl-PL\"}]}<\/script>\n<!-- \/ Yoast SEO plugin. -->","yoast_head_json":{"title":"Oversized Poncho Hoodie | Polska #1 Poncho Shop","description":"Looking for a Oversized Poncho Hoodie ? You've come to the right place \ud83d\ude04 We offers a wide selection of Oversized Poncho Hoodie, perfect for you.","robots":{"index":"index","follow":"follow","max-snippet":"max-snippet:-1","max-image-preview":"max-image-preview:large","max-video-preview":"max-video-preview:-1"},"canonical":"https:\/\/ozponcho.com.au\/pl\/p\/welniany-plaszcz-unisex-poncho-z-kapturem\/","og_locale":"pl_PL","og_type":"article","og_title":"Oversized Poncho Hoodie | Polska #1 Poncho Shop","og_description":"Looking for a Oversized Poncho Hoodie ? You've come to the right place \ud83d\ude04 We offers a wide selection of Oversized Poncho Hoodie, perfect for you.","og_url":"https:\/\/ozponcho.com.au\/pl\/p\/welniany-plaszcz-unisex-poncho-z-kapturem\/","og_site_name":"OZ Poncho","article_modified_time":"2025-12-25T19:45:05+00:00","og_image":[{"width":800,"height":800,"url":"https:\/\/ozponcho.com.au\/wp-content\/uploads\/2024\/03\/S064a321f125a420cb8a8959040a366e84.webp","type":"image\/webp"}],"twitter_card":"summary_large_image","twitter_misc":{"Szacowany czas czytania":"1 minuta"},"schema":{"@context":"https:\/\/schema.org","@graph":[{"@type":"WebPage","@id":"https:\/\/ozponcho.com.au\/p\/hooded-unisex-wool-poncho-coat\/","url":"https:\/\/ozponcho.com.au\/p\/hooded-unisex-wool-poncho-coat\/","name":"Oversized Poncho Hoodie | Polska #1 Poncho Shop","isPartOf":{"@id":"https:\/\/ozponcho.com.au\/#website"},"primaryImageOfPage":{"@id":"https:\/\/ozponcho.com.au\/p\/hooded-unisex-wool-poncho-coat\/#primaryimage"},"image":{"@id":"https:\/\/ozponcho.com.au\/p\/hooded-unisex-wool-poncho-coat\/#primaryimage"},"thumbnailUrl":"https:\/\/ozponcho.com.au\/wp-content\/uploads\/2024\/03\/S064a321f125a420cb8a8959040a366e84.webp","datePublished":"2024-01-21T08:45:07+00:00","dateModified":"2025-12-25T19:45:05+00:00","description":"Looking for a Oversized Poncho Hoodie ? You've come to the right place \ud83d\ude04 We offers a wide selection of Oversized Poncho Hoodie, perfect for you.","breadcrumb":{"@id":"https:\/\/ozponcho.com.au\/p\/hooded-unisex-wool-poncho-coat\/#breadcrumb"},"inLanguage":"pl-PL","potentialAction":[{"@type":"ReadAction","target":["https:\/\/ozponcho.com.au\/p\/hooded-unisex-wool-poncho-coat\/"]}]},{"@type":"ImageObject","inLanguage":"pl-PL","@id":"https:\/\/ozponcho.com.au\/p\/hooded-unisex-wool-poncho-coat\/#primaryimage","url":"https:\/\/ozponcho.com.au\/wp-content\/uploads\/2024\/03\/S064a321f125a420cb8a8959040a366e84.webp","contentUrl":"https:\/\/ozponcho.com.au\/wp-content\/uploads\/2024\/03\/S064a321f125a420cb8a8959040a366e84.webp","width":800,"height":800},{"@type":"BreadcrumbList","@id":"https:\/\/ozponcho.com.au\/p\/hooded-unisex-wool-poncho-coat\/#breadcrumb","itemListElement":[{"@type":"ListItem","position":1,"name":"Home","item":"https:\/\/ozponcho.com.au\/"},{"@type":"ListItem","position":2,"name":"Shop","item":"https:\/\/ozponcho.com.au\/shop\/"},{"@type":"ListItem","position":3,"name":"Oversized Poncho Hoodie"}]},{"@type":"WebSite","@id":"https:\/\/ozponcho.com.au\/#website","url":"https:\/\/ozponcho.com.au\/","name":"Poncho OZ","description":"","potentialAction":[{"@type":"SearchAction","target":{"@type":"EntryPoint","urlTemplate":"https:\/\/ozponcho.com.au\/?s={search_term_string}"},"query-input":{"@type":"PropertyValueSpecification","valueRequired":true,"valueName":"search_term_string"}}],"inLanguage":"pl-PL"}]}},"_links":{"self":[{"href":"https:\/\/ozponcho.com.au\/pl\/wp-json\/wp\/v2\/product\/17626","targetHints":{"allow":["GET"]}}],"collection":[{"href":"https:\/\/ozponcho.com.au\/pl\/wp-json\/wp\/v2\/product"}],"about":[{"href":"https:\/\/ozponcho.com.au\/pl\/wp-json\/wp\/v2\/types\/product"}],"wp:featuredmedia":[{"embeddable":true,"href":"https:\/\/ozponcho.com.au\/pl\/wp-json\/wp\/v2\/media\/18256"}],"wp:attachment":[{"href":"https:\/\/ozponcho.com.au\/pl\/wp-json\/wp\/v2\/media?parent=17626"}],"wp:term":[{"taxonomy":"product_brand","embeddable":true,"href":"https:\/\/ozponcho.com.au\/pl\/wp-json\/wp\/v2\/product_brand?post=17626"},{"taxonomy":"product_cat","embeddable":true,"href":"https:\/\/ozponcho.com.au\/pl\/wp-json\/wp\/v2\/product_cat?post=17626"},{"taxonomy":"product_tag","embeddable":true,"href":"https:\/\/ozponcho.com.au\/pl\/wp-json\/wp\/v2\/product_tag?post=17626"}],"curies":[{"name":"wp","href":"https:\/\/api.w.org\/{rel}","templated":true}]}}