{"id":17616,"date":"2024-01-21T19:44:57","date_gmt":"2024-01-21T08:44:57","guid":{"rendered":"https:\/\/ozponcho.com.au\/?post_type=product&#038;p=17616"},"modified":"2025-02-19T07:46:49","modified_gmt":"2025-02-18T20:46:49","slug":"casual-autumn-poncho-cloak","status":"publish","type":"product","link":"https:\/\/ozponcho.com.au\/pl\/p\/swobodny-jesienny-plaszcz-poncho\/","title":{"rendered":"M\u0119ski sweter z dzianiny Poncho"},"content":{"rendered":"<p>Ciesz si\u0119 zmian\u0105 p\u00f3r roku dzi\u0119ki temu stylowemu swetrowi Poncho z dzianiny. Idealny do noszenia wiosn\u0105 lub jesieni\u0105, jego lekka bawe\u0142niana podszewka i akrylowa tkanina zapewniaj\u0105 odpowiedni\u0105 ilo\u015b\u0107 ciep\u0142a bez utraty komfortu. Lu\u017any golf i rozkloszowane r\u0119kawy dodadz\u0105 szyku ka\u017cdemu strojowi, a postrz\u0119pione zdobienia i efektowny wz\u00f3r w krat\u0119 sprawi\u0105, \u017ce b\u0119dzie to wyr\u00f3\u017cniaj\u0105cy si\u0119 element na ka\u017cd\u0105 okazj\u0119. Niezale\u017cnie od tego, czy relaksujesz si\u0119 w domu, czy wychodzisz na niezobowi\u0105zuj\u0105c\u0105 imprez\u0119, to ponczo z pewno\u015bci\u0105 stanie si\u0119 ulubionym elementem Twojej garderoby. Kup teraz i otul si\u0119 stylem bez wysi\u0142ku.<\/p>\n<h2>SPECYFIKACJA<\/h2>\n<div>\n<div>\n<div>\n<div>\n<p>Materia\u0142: Bawe\u0142na i akryl<\/p>\n<div>\n<div>\n<div>\n<div><img decoding=\"async\" src=\"https:\/\/ozponcho.com.au\/wp-content\/uploads\/2024\/03\/S2ddfdaa1f2ed4ab797e4b1ececfa23f1l.webp\" \/><\/div>\n<div><img decoding=\"async\" src=\"https:\/\/ozponcho.com.au\/wp-content\/uploads\/2024\/03\/Sf4a696f691824d348e360e46da02b886c.webp\" \/><\/div>\n<div><img decoding=\"async\" src=\"https:\/\/ozponcho.com.au\/wp-content\/uploads\/2024\/03\/Se736eb43403f49c79d1c2079ca47c5683.webp\" \/><\/div>\n<div><img decoding=\"async\" src=\"https:\/\/ozponcho.com.au\/wp-content\/uploads\/2024\/03\/Se3716d32a9a54912b28811b2db860589J.webp\" \/><\/div>\n<\/div>\n<\/div>\n<\/div>\n<\/div>\n<\/div>\n<\/div>\n<\/div>","protected":false},"excerpt":{"rendered":"<p>Embrace the change of seasons with this stylish Knitted Poncho Sweater. Perfect for spring or autumn wear, its lightweight cotton lining and acrylic fabric provide just the right amount of warmth without sacrificing comfort. The loose turtleneck design and full flare sleeves add a touch of flair to any outfit, while the frayed decoration and [&#8230;]","protected":false},"featured_media":17622,"template":"","meta":[],"product_brand":[],"product_cat":[229,226,15,228,214,211],"product_tag":[],"class_list":{"0":"post-17616","1":"product","2":"type-product","3":"status-publish","4":"has-post-thumbnail","6":"product_cat-blanket-poncho","7":"product_cat-brown-poncho","8":"product_cat-main-category","9":"product_cat-poncho-sweater","10":"product_cat-knitted-crochet-poncho","11":"product_cat-poncho-men","13":"first","14":"instock","15":"shipping-taxable","16":"purchasable","17":"product-type-variable"},"yoast_head":"<!-- This site is optimized with the Yoast SEO plugin v25.9 - https:\/\/yoast.com\/wordpress\/plugins\/seo\/ -->\n<title>Men&#039;s Knitted Poncho Sweater | Polska #1 Poncho Shop<\/title>\n<meta name=\"description\" content=\"Looking for a Men&#039;s Knitted Poncho Sweater ? You&#039;ve come to the right place \ud83d\ude04 We offers a wide selection of Men&#039;s Knitted Poncho Sweater, perfect for you.\" \/>\n<meta name=\"robots\" content=\"index, follow, max-snippet:-1, max-image-preview:large, max-video-preview:-1\" \/>\n<link rel=\"canonical\" href=\"https:\/\/ozponcho.com.au\/pl\/p\/swobodny-jesienny-plaszcz-poncho\/\" \/>\n<meta property=\"og:locale\" content=\"pl_PL\" \/>\n<meta property=\"og:type\" content=\"article\" \/>\n<meta property=\"og:title\" content=\"Men&#039;s Knitted Poncho Sweater | Polska #1 Poncho Shop\" \/>\n<meta property=\"og:description\" content=\"Looking for a Men&#039;s Knitted Poncho Sweater ? You&#039;ve come to the right place \ud83d\ude04 We offers a wide selection of Men&#039;s Knitted Poncho Sweater, perfect for you.\" \/>\n<meta property=\"og:url\" content=\"https:\/\/ozponcho.com.au\/pl\/p\/swobodny-jesienny-plaszcz-poncho\/\" \/>\n<meta property=\"og:site_name\" content=\"OZ Poncho\" \/>\n<meta property=\"article:modified_time\" content=\"2025-02-18T20:46:49+00:00\" \/>\n<meta property=\"og:image\" content=\"https:\/\/ozponcho.com.au\/wp-content\/uploads\/2024\/01\/S74ab19f70a0449cbbdfc17d3fed3126en.webp\" \/>\n\t<meta property=\"og:image:width\" content=\"1000\" \/>\n\t<meta property=\"og:image:height\" content=\"1000\" \/>\n\t<meta property=\"og:image:type\" content=\"image\/webp\" \/>\n<meta name=\"twitter:card\" content=\"summary_large_image\" \/>\n<meta name=\"twitter:label1\" content=\"Szacowany czas czytania\" \/>\n\t<meta name=\"twitter:data1\" content=\"2 minuty\" \/>\n<script type=\"application\/ld+json\" class=\"yoast-schema-graph\">{\"@context\":\"https:\/\/schema.org\",\"@graph\":[{\"@type\":\"WebPage\",\"@id\":\"https:\/\/ozponcho.com.au\/p\/casual-autumn-poncho-cloak\/\",\"url\":\"https:\/\/ozponcho.com.au\/p\/casual-autumn-poncho-cloak\/\",\"name\":\"Men's Knitted Poncho Sweater | Polska #1 Poncho Shop\",\"isPartOf\":{\"@id\":\"https:\/\/ozponcho.com.au\/#website\"},\"primaryImageOfPage\":{\"@id\":\"https:\/\/ozponcho.com.au\/p\/casual-autumn-poncho-cloak\/#primaryimage\"},\"image\":{\"@id\":\"https:\/\/ozponcho.com.au\/p\/casual-autumn-poncho-cloak\/#primaryimage\"},\"thumbnailUrl\":\"https:\/\/ozponcho.com.au\/wp-content\/uploads\/2024\/01\/S74ab19f70a0449cbbdfc17d3fed3126en.webp\",\"datePublished\":\"2024-01-21T08:44:57+00:00\",\"dateModified\":\"2025-02-18T20:46:49+00:00\",\"description\":\"Looking for a Men's Knitted Poncho Sweater ? You've come to the right place \ud83d\ude04 We offers a wide selection of Men's Knitted Poncho Sweater, perfect for you.\",\"breadcrumb\":{\"@id\":\"https:\/\/ozponcho.com.au\/p\/casual-autumn-poncho-cloak\/#breadcrumb\"},\"inLanguage\":\"pl-PL\",\"potentialAction\":[{\"@type\":\"ReadAction\",\"target\":[\"https:\/\/ozponcho.com.au\/p\/casual-autumn-poncho-cloak\/\"]}]},{\"@type\":\"ImageObject\",\"inLanguage\":\"pl-PL\",\"@id\":\"https:\/\/ozponcho.com.au\/p\/casual-autumn-poncho-cloak\/#primaryimage\",\"url\":\"https:\/\/ozponcho.com.au\/wp-content\/uploads\/2024\/01\/S74ab19f70a0449cbbdfc17d3fed3126en.webp\",\"contentUrl\":\"https:\/\/ozponcho.com.au\/wp-content\/uploads\/2024\/01\/S74ab19f70a0449cbbdfc17d3fed3126en.webp\",\"width\":1000,\"height\":1000,\"caption\":\"Men's Knitted Poncho Sweater\"},{\"@type\":\"BreadcrumbList\",\"@id\":\"https:\/\/ozponcho.com.au\/p\/casual-autumn-poncho-cloak\/#breadcrumb\",\"itemListElement\":[{\"@type\":\"ListItem\",\"position\":1,\"name\":\"Home\",\"item\":\"https:\/\/ozponcho.com.au\/\"},{\"@type\":\"ListItem\",\"position\":2,\"name\":\"Shop\",\"item\":\"https:\/\/ozponcho.com.au\/shop\/\"},{\"@type\":\"ListItem\",\"position\":3,\"name\":\"Men&#8217;s Knitted Poncho Sweater\"}]},{\"@type\":\"WebSite\",\"@id\":\"https:\/\/ozponcho.com.au\/#website\",\"url\":\"https:\/\/ozponcho.com.au\/\",\"name\":\"OZ Poncho\",\"description\":\"\",\"potentialAction\":[{\"@type\":\"SearchAction\",\"target\":{\"@type\":\"EntryPoint\",\"urlTemplate\":\"https:\/\/ozponcho.com.au\/?s={search_term_string}\"},\"query-input\":{\"@type\":\"PropertyValueSpecification\",\"valueRequired\":true,\"valueName\":\"search_term_string\"}}],\"inLanguage\":\"pl-PL\"}]}<\/script>\n<!-- \/ Yoast SEO plugin. -->","yoast_head_json":{"title":"Sweter m\u0119ski z dzianiny Poncho | Polska #1 Poncho Shop","description":"Szukasz M\u0119ski sweter z dzianiny ponczo? Jeste\u015b we w\u0142a\u015bciwym miejscu \ud83d\ude04 W naszej ofercie posiadamy szeroki wyb\u00f3r Swetry m\u0119skie dzianinowe ponczo, idealnych dla Ciebie.","robots":{"index":"index","follow":"follow","max-snippet":"max-snippet:-1","max-image-preview":"max-image-preview:large","max-video-preview":"max-video-preview:-1"},"canonical":"https:\/\/ozponcho.com.au\/pl\/p\/swobodny-jesienny-plaszcz-poncho\/","og_locale":"pl_PL","og_type":"article","og_title":"Men's Knitted Poncho Sweater | Polska #1 Poncho Shop","og_description":"Looking for a Men's Knitted Poncho Sweater ? You've come to the right place \ud83d\ude04 We offers a wide selection of Men's Knitted Poncho Sweater, perfect for you.","og_url":"https:\/\/ozponcho.com.au\/pl\/p\/swobodny-jesienny-plaszcz-poncho\/","og_site_name":"OZ Poncho","article_modified_time":"2025-02-18T20:46:49+00:00","og_image":[{"width":1000,"height":1000,"url":"https:\/\/ozponcho.com.au\/wp-content\/uploads\/2024\/01\/S74ab19f70a0449cbbdfc17d3fed3126en.webp","type":"image\/webp"}],"twitter_card":"summary_large_image","twitter_misc":{"Szacowany czas czytania":"2 minuty"},"schema":{"@context":"https:\/\/schema.org","@graph":[{"@type":"WebPage","@id":"https:\/\/ozponcho.com.au\/p\/casual-autumn-poncho-cloak\/","url":"https:\/\/ozponcho.com.au\/p\/casual-autumn-poncho-cloak\/","name":"Sweter m\u0119ski z dzianiny Poncho | Polska #1 Poncho Shop","isPartOf":{"@id":"https:\/\/ozponcho.com.au\/#website"},"primaryImageOfPage":{"@id":"https:\/\/ozponcho.com.au\/p\/casual-autumn-poncho-cloak\/#primaryimage"},"image":{"@id":"https:\/\/ozponcho.com.au\/p\/casual-autumn-poncho-cloak\/#primaryimage"},"thumbnailUrl":"https:\/\/ozponcho.com.au\/wp-content\/uploads\/2024\/01\/S74ab19f70a0449cbbdfc17d3fed3126en.webp","datePublished":"2024-01-21T08:44:57+00:00","dateModified":"2025-02-18T20:46:49+00:00","description":"Szukasz M\u0119ski sweter z dzianiny ponczo? Jeste\u015b we w\u0142a\u015bciwym miejscu \ud83d\ude04 W naszej ofercie posiadamy szeroki wyb\u00f3r Swetry m\u0119skie dzianinowe ponczo, idealnych dla Ciebie.","breadcrumb":{"@id":"https:\/\/ozponcho.com.au\/p\/casual-autumn-poncho-cloak\/#breadcrumb"},"inLanguage":"pl-PL","potentialAction":[{"@type":"ReadAction","target":["https:\/\/ozponcho.com.au\/p\/casual-autumn-poncho-cloak\/"]}]},{"@type":"ImageObject","inLanguage":"pl-PL","@id":"https:\/\/ozponcho.com.au\/p\/casual-autumn-poncho-cloak\/#primaryimage","url":"https:\/\/ozponcho.com.au\/wp-content\/uploads\/2024\/01\/S74ab19f70a0449cbbdfc17d3fed3126en.webp","contentUrl":"https:\/\/ozponcho.com.au\/wp-content\/uploads\/2024\/01\/S74ab19f70a0449cbbdfc17d3fed3126en.webp","width":1000,"height":1000,"caption":"Men's Knitted Poncho Sweater"},{"@type":"BreadcrumbList","@id":"https:\/\/ozponcho.com.au\/p\/casual-autumn-poncho-cloak\/#breadcrumb","itemListElement":[{"@type":"ListItem","position":1,"name":"Home","item":"https:\/\/ozponcho.com.au\/"},{"@type":"ListItem","position":2,"name":"Shop","item":"https:\/\/ozponcho.com.au\/shop\/"},{"@type":"ListItem","position":3,"name":"Men&#8217;s Knitted Poncho Sweater"}]},{"@type":"WebSite","@id":"https:\/\/ozponcho.com.au\/#website","url":"https:\/\/ozponcho.com.au\/","name":"Poncho OZ","description":"","potentialAction":[{"@type":"SearchAction","target":{"@type":"EntryPoint","urlTemplate":"https:\/\/ozponcho.com.au\/?s={search_term_string}"},"query-input":{"@type":"PropertyValueSpecification","valueRequired":true,"valueName":"search_term_string"}}],"inLanguage":"pl-PL"}]}},"_links":{"self":[{"href":"https:\/\/ozponcho.com.au\/pl\/wp-json\/wp\/v2\/product\/17616","targetHints":{"allow":["GET"]}}],"collection":[{"href":"https:\/\/ozponcho.com.au\/pl\/wp-json\/wp\/v2\/product"}],"about":[{"href":"https:\/\/ozponcho.com.au\/pl\/wp-json\/wp\/v2\/types\/product"}],"wp:featuredmedia":[{"embeddable":true,"href":"https:\/\/ozponcho.com.au\/pl\/wp-json\/wp\/v2\/media\/17622"}],"wp:attachment":[{"href":"https:\/\/ozponcho.com.au\/pl\/wp-json\/wp\/v2\/media?parent=17616"}],"wp:term":[{"taxonomy":"product_brand","embeddable":true,"href":"https:\/\/ozponcho.com.au\/pl\/wp-json\/wp\/v2\/product_brand?post=17616"},{"taxonomy":"product_cat","embeddable":true,"href":"https:\/\/ozponcho.com.au\/pl\/wp-json\/wp\/v2\/product_cat?post=17616"},{"taxonomy":"product_tag","embeddable":true,"href":"https:\/\/ozponcho.com.au\/pl\/wp-json\/wp\/v2\/product_tag?post=17616"}],"curies":[{"name":"wp","href":"https:\/\/api.w.org\/{rel}","templated":true}]}}