{"id":17587,"date":"2024-01-21T19:44:37","date_gmt":"2024-01-21T08:44:37","guid":{"rendered":"https:\/\/ozponcho.com.au\/?post_type=product&#038;p=17587"},"modified":"2025-12-01T05:20:50","modified_gmt":"2025-11-30T18:20:50","slug":"men-tribal-hooded-poncho","status":"publish","type":"product","link":"https:\/\/ozponcho.com.au\/pl\/p\/meskie-poncho-z-kapturem\/","title":{"rendered":"Plemienne ponczo z kapturem"},"content":{"rendered":"<p>Otul si\u0119 ponadczasowym stylem i ciep\u0142em naszego poncho z kapturem, zaprojektowanego dla nowoczesnego m\u0119\u017cczyzny z uk\u0142onem w stron\u0119 plemiennej estetyki. Wykonane z bogatej mieszanki w\u0142\u00f3kien poliestrowych i akrylowych, to poncho oferuje zar\u00f3wno komfort, jak i trwa\u0142o\u015b\u0107. Jego uderzaj\u0105cy czarno-bia\u0142y geometryczny wz\u00f3r emanuje po\u0142udniowo-zachodnim urokiem, idealnym na rze\u015bkie jesienne dni lub ch\u0142odne wiosenne noce. Z kapturem dla dodatkowej ochrony i wygody, a tak\u017ce wygod\u0105 dziania maszynowego, jest to obowi\u0105zkowy dodatek do Twojej garderoby. Wyjd\u017a z pewno\u015bci\u0105 siebie i kulturowym stylem w tym wszechstronnym modelu.<\/p>\n<h2>SPECYFIKACJA<\/h2>\n<p>\u00c2<\/p>\n<p>Nazwa marki: moringcute<\/p>\n<p>Materia\u0142: Poliester<\/p>\n<p>Materia\u0142: Akryl<\/p>\n<p>Grubo\u015b\u0107: STANDARD<\/p>\n<p>Styl: Casual<\/p>\n<p>Pochodzenie: CHINY<\/p>\n<p>CN: Guangdong<\/p>\n<p>Odpowiednia scena: Codziennie<\/p>\n<p>Odpowiedni sezon: Wiosna i jesie\u0144<\/p>\n<p>Rodzaj przedmiotu: Pulowery<\/p>\n<p>Z kapturem: Tak<\/p>\n<p>P\u0142e\u0107: M\u0118\u017bCZY\u0179NI<\/p>\n<p>Typ wzoru: Nadruk<\/p>\n<p>Technika: Dzianina komputerowa<\/p>\n<p>\u00c2<\/p>\n<div>\n<div>\n<div>Odzie\u017c m\u0119ska 2022 Wiosna Jesie\u0144 M\u0119\u017cczy\u017ani Ponczo Szal Kurtki Retro Wz\u00f3r Narodowy Nadruk Dzianina P\u0142aszcze z kapturem Odzie\u017c wierzchnia<br \/>\n1. jako\u015b\u0107 i obs\u0142uga: pierwsza (najwa\u017cniejsza)<br \/>\n2. cena: najlepsza<br \/>\n3. sprzeda\u017c hurtowa i drop shipping: mile widziane<br \/>\n4. E-mail: zapraszamy do kontaktu<\/div>\n<\/div>\n<\/div>","protected":false},"excerpt":{"rendered":"<p>Wrap yourself in the timeless style and warmth of our hooded poncho, designed for the modern man with a nod to tribal aesthetics. Crafted from a rich blend of polyester and acrylic fibers, this poncho offers both comfort and durability. Its striking black and white geometric pattern exudes a Southwestern charm, perfect for those crisp [&#8230;]","protected":false},"featured_media":17590,"template":"","meta":[],"product_brand":[],"product_cat":[219,227,15,228,211],"product_tag":[],"class_list":{"0":"post-17587","1":"product","2":"type-product","3":"status-publish","4":"has-post-thumbnail","6":"product_cat-black-poncho","7":"product_cat-hooded-poncho","8":"product_cat-main-category","9":"product_cat-poncho-sweater","10":"product_cat-poncho-men","12":"first","13":"instock","14":"shipping-taxable","15":"purchasable","16":"product-type-variable"},"yoast_head":"<!-- This site is optimized with the Yoast SEO plugin v25.9 - https:\/\/yoast.com\/wordpress\/plugins\/seo\/ -->\n<title>Tribal Poncho Hooded Cape | Polska #1 Poncho Shop<\/title>\n<meta name=\"description\" content=\"Looking for a Tribal Poncho Hooded Cape ? You&#039;ve come to the right place \ud83d\ude04 We offers a wide selection of Tribal Poncho Hooded Cape, perfect for you.\" \/>\n<meta name=\"robots\" content=\"index, follow, max-snippet:-1, max-image-preview:large, max-video-preview:-1\" \/>\n<link rel=\"canonical\" href=\"https:\/\/ozponcho.com.au\/pl\/p\/meskie-poncho-z-kapturem\/\" \/>\n<meta property=\"og:locale\" content=\"pl_PL\" \/>\n<meta property=\"og:type\" content=\"article\" \/>\n<meta property=\"og:title\" content=\"Tribal Poncho Hooded Cape | Polska #1 Poncho Shop\" \/>\n<meta property=\"og:description\" content=\"Looking for a Tribal Poncho Hooded Cape ? You&#039;ve come to the right place \ud83d\ude04 We offers a wide selection of Tribal Poncho Hooded Cape, perfect for you.\" \/>\n<meta property=\"og:url\" content=\"https:\/\/ozponcho.com.au\/pl\/p\/meskie-poncho-z-kapturem\/\" \/>\n<meta property=\"og:site_name\" content=\"OZ Poncho\" \/>\n<meta property=\"article:modified_time\" content=\"2025-11-30T18:20:50+00:00\" \/>\n<meta property=\"og:image\" content=\"https:\/\/ozponcho.com.au\/wp-content\/uploads\/2024\/01\/Sf9547fa8d970490e834b8aca704450c3S-3.webp\" \/>\n\t<meta property=\"og:image:width\" content=\"800\" \/>\n\t<meta property=\"og:image:height\" content=\"800\" \/>\n\t<meta property=\"og:image:type\" content=\"image\/webp\" \/>\n<meta name=\"twitter:card\" content=\"summary_large_image\" \/>\n<meta name=\"twitter:label1\" content=\"Szacowany czas czytania\" \/>\n\t<meta name=\"twitter:data1\" content=\"1 minuta\" \/>\n<script type=\"application\/ld+json\" class=\"yoast-schema-graph\">{\"@context\":\"https:\/\/schema.org\",\"@graph\":[{\"@type\":\"WebPage\",\"@id\":\"https:\/\/ozponcho.com.au\/p\/men-tribal-hooded-poncho\/\",\"url\":\"https:\/\/ozponcho.com.au\/p\/men-tribal-hooded-poncho\/\",\"name\":\"Tribal Poncho Hooded Cape | Polska #1 Poncho Shop\",\"isPartOf\":{\"@id\":\"https:\/\/ozponcho.com.au\/#website\"},\"primaryImageOfPage\":{\"@id\":\"https:\/\/ozponcho.com.au\/p\/men-tribal-hooded-poncho\/#primaryimage\"},\"image\":{\"@id\":\"https:\/\/ozponcho.com.au\/p\/men-tribal-hooded-poncho\/#primaryimage\"},\"thumbnailUrl\":\"https:\/\/ozponcho.com.au\/wp-content\/uploads\/2024\/01\/Sf9547fa8d970490e834b8aca704450c3S-3.webp\",\"datePublished\":\"2024-01-21T08:44:37+00:00\",\"dateModified\":\"2025-11-30T18:20:50+00:00\",\"description\":\"Looking for a Tribal Poncho Hooded Cape ? You've come to the right place \ud83d\ude04 We offers a wide selection of Tribal Poncho Hooded Cape, perfect for you.\",\"breadcrumb\":{\"@id\":\"https:\/\/ozponcho.com.au\/p\/men-tribal-hooded-poncho\/#breadcrumb\"},\"inLanguage\":\"pl-PL\",\"potentialAction\":[{\"@type\":\"ReadAction\",\"target\":[\"https:\/\/ozponcho.com.au\/p\/men-tribal-hooded-poncho\/\"]}]},{\"@type\":\"ImageObject\",\"inLanguage\":\"pl-PL\",\"@id\":\"https:\/\/ozponcho.com.au\/p\/men-tribal-hooded-poncho\/#primaryimage\",\"url\":\"https:\/\/ozponcho.com.au\/wp-content\/uploads\/2024\/01\/Sf9547fa8d970490e834b8aca704450c3S-3.webp\",\"contentUrl\":\"https:\/\/ozponcho.com.au\/wp-content\/uploads\/2024\/01\/Sf9547fa8d970490e834b8aca704450c3S-3.webp\",\"width\":800,\"height\":800,\"caption\":\"Tribal Poncho Hooded Cape\"},{\"@type\":\"BreadcrumbList\",\"@id\":\"https:\/\/ozponcho.com.au\/p\/men-tribal-hooded-poncho\/#breadcrumb\",\"itemListElement\":[{\"@type\":\"ListItem\",\"position\":1,\"name\":\"Home\",\"item\":\"https:\/\/ozponcho.com.au\/\"},{\"@type\":\"ListItem\",\"position\":2,\"name\":\"Shop\",\"item\":\"https:\/\/ozponcho.com.au\/shop\/\"},{\"@type\":\"ListItem\",\"position\":3,\"name\":\"Tribal Poncho Hooded Cape\"}]},{\"@type\":\"WebSite\",\"@id\":\"https:\/\/ozponcho.com.au\/#website\",\"url\":\"https:\/\/ozponcho.com.au\/\",\"name\":\"OZ Poncho\",\"description\":\"\",\"potentialAction\":[{\"@type\":\"SearchAction\",\"target\":{\"@type\":\"EntryPoint\",\"urlTemplate\":\"https:\/\/ozponcho.com.au\/?s={search_term_string}\"},\"query-input\":{\"@type\":\"PropertyValueSpecification\",\"valueRequired\":true,\"valueName\":\"search_term_string\"}}],\"inLanguage\":\"pl-PL\"}]}<\/script>\n<!-- \/ Yoast SEO plugin. -->","yoast_head_json":{"title":"Tribal Poncho Hooded Cape | Polska #1 Poncho Shop","description":"Szukasz Tribal Poncho Hooded Cape? Jeste\u015b we w\u0142a\u015bciwym miejscu \ud83d\ude04 Oferujemy szeroki wyb\u00f3r Tribal Poncho Hooded Cape, idealnych dla Ciebie.","robots":{"index":"index","follow":"follow","max-snippet":"max-snippet:-1","max-image-preview":"max-image-preview:large","max-video-preview":"max-video-preview:-1"},"canonical":"https:\/\/ozponcho.com.au\/pl\/p\/meskie-poncho-z-kapturem\/","og_locale":"pl_PL","og_type":"article","og_title":"Tribal Poncho Hooded Cape | Polska #1 Poncho Shop","og_description":"Looking for a Tribal Poncho Hooded Cape ? You've come to the right place \ud83d\ude04 We offers a wide selection of Tribal Poncho Hooded Cape, perfect for you.","og_url":"https:\/\/ozponcho.com.au\/pl\/p\/meskie-poncho-z-kapturem\/","og_site_name":"OZ Poncho","article_modified_time":"2025-11-30T18:20:50+00:00","og_image":[{"width":800,"height":800,"url":"https:\/\/ozponcho.com.au\/wp-content\/uploads\/2024\/01\/Sf9547fa8d970490e834b8aca704450c3S-3.webp","type":"image\/webp"}],"twitter_card":"summary_large_image","twitter_misc":{"Szacowany czas czytania":"1 minuta"},"schema":{"@context":"https:\/\/schema.org","@graph":[{"@type":"WebPage","@id":"https:\/\/ozponcho.com.au\/p\/men-tribal-hooded-poncho\/","url":"https:\/\/ozponcho.com.au\/p\/men-tribal-hooded-poncho\/","name":"Tribal Poncho Hooded Cape | Polska #1 Poncho Shop","isPartOf":{"@id":"https:\/\/ozponcho.com.au\/#website"},"primaryImageOfPage":{"@id":"https:\/\/ozponcho.com.au\/p\/men-tribal-hooded-poncho\/#primaryimage"},"image":{"@id":"https:\/\/ozponcho.com.au\/p\/men-tribal-hooded-poncho\/#primaryimage"},"thumbnailUrl":"https:\/\/ozponcho.com.au\/wp-content\/uploads\/2024\/01\/Sf9547fa8d970490e834b8aca704450c3S-3.webp","datePublished":"2024-01-21T08:44:37+00:00","dateModified":"2025-11-30T18:20:50+00:00","description":"Szukasz Tribal Poncho Hooded Cape? Jeste\u015b we w\u0142a\u015bciwym miejscu \ud83d\ude04 Oferujemy szeroki wyb\u00f3r Tribal Poncho Hooded Cape, idealnych dla Ciebie.","breadcrumb":{"@id":"https:\/\/ozponcho.com.au\/p\/men-tribal-hooded-poncho\/#breadcrumb"},"inLanguage":"pl-PL","potentialAction":[{"@type":"ReadAction","target":["https:\/\/ozponcho.com.au\/p\/men-tribal-hooded-poncho\/"]}]},{"@type":"ImageObject","inLanguage":"pl-PL","@id":"https:\/\/ozponcho.com.au\/p\/men-tribal-hooded-poncho\/#primaryimage","url":"https:\/\/ozponcho.com.au\/wp-content\/uploads\/2024\/01\/Sf9547fa8d970490e834b8aca704450c3S-3.webp","contentUrl":"https:\/\/ozponcho.com.au\/wp-content\/uploads\/2024\/01\/Sf9547fa8d970490e834b8aca704450c3S-3.webp","width":800,"height":800,"caption":"Tribal Poncho Hooded Cape"},{"@type":"BreadcrumbList","@id":"https:\/\/ozponcho.com.au\/p\/men-tribal-hooded-poncho\/#breadcrumb","itemListElement":[{"@type":"ListItem","position":1,"name":"Home","item":"https:\/\/ozponcho.com.au\/"},{"@type":"ListItem","position":2,"name":"Shop","item":"https:\/\/ozponcho.com.au\/shop\/"},{"@type":"ListItem","position":3,"name":"Tribal Poncho Hooded Cape"}]},{"@type":"WebSite","@id":"https:\/\/ozponcho.com.au\/#website","url":"https:\/\/ozponcho.com.au\/","name":"Poncho OZ","description":"","potentialAction":[{"@type":"SearchAction","target":{"@type":"EntryPoint","urlTemplate":"https:\/\/ozponcho.com.au\/?s={search_term_string}"},"query-input":{"@type":"PropertyValueSpecification","valueRequired":true,"valueName":"search_term_string"}}],"inLanguage":"pl-PL"}]}},"_links":{"self":[{"href":"https:\/\/ozponcho.com.au\/pl\/wp-json\/wp\/v2\/product\/17587","targetHints":{"allow":["GET"]}}],"collection":[{"href":"https:\/\/ozponcho.com.au\/pl\/wp-json\/wp\/v2\/product"}],"about":[{"href":"https:\/\/ozponcho.com.au\/pl\/wp-json\/wp\/v2\/types\/product"}],"wp:featuredmedia":[{"embeddable":true,"href":"https:\/\/ozponcho.com.au\/pl\/wp-json\/wp\/v2\/media\/17590"}],"wp:attachment":[{"href":"https:\/\/ozponcho.com.au\/pl\/wp-json\/wp\/v2\/media?parent=17587"}],"wp:term":[{"taxonomy":"product_brand","embeddable":true,"href":"https:\/\/ozponcho.com.au\/pl\/wp-json\/wp\/v2\/product_brand?post=17587"},{"taxonomy":"product_cat","embeddable":true,"href":"https:\/\/ozponcho.com.au\/pl\/wp-json\/wp\/v2\/product_cat?post=17587"},{"taxonomy":"product_tag","embeddable":true,"href":"https:\/\/ozponcho.com.au\/pl\/wp-json\/wp\/v2\/product_tag?post=17587"}],"curies":[{"name":"wp","href":"https:\/\/api.w.org\/{rel}","templated":true}]}}