{"id":17445,"date":"2024-01-21T19:43:08","date_gmt":"2024-01-21T08:43:08","guid":{"rendered":"https:\/\/ozponcho.com.au\/?post_type=product&#038;p=17445"},"modified":"2025-09-11T05:10:38","modified_gmt":"2025-09-10T18:10:38","slug":"mens-plaid-fringe-poncho","status":"publish","type":"product","link":"https:\/\/ozponcho.com.au\/pl\/p\/meskie-ponczo-z-fredzlami-w-krate\/","title":{"rendered":"Ponczo m\u0119skie z golfem w krat\u0119"},"content":{"rendered":"<p>Podnie\u015b swoj\u0105 garderob\u0119 na ch\u0142odn\u0105 pogod\u0119 dzi\u0119ki temu stylowemu m\u0119skiemu ponczo z golfem w krat\u0119. Uderzaj\u0105ca czarna podstawa jest przeplatana szar\u0105 i czerwon\u0105 krat\u0105, tworz\u0105c wizualny urok, kt\u00f3ry jest zar\u00f3wno klasyczny, jak i wsp\u00f3\u0142czesny. Kraw\u0119dzie z fr\u0119dzlami dodaj\u0105 szyku bohemy, a lu\u017any kr\u00f3j zapewnia maksymalny komfort. Wykonane z mi\u0119kkiego, oddychaj\u0105cego materia\u0142u, ponczo jest idealne do nak\u0142adania na stroje, zapewniaj\u0105c dodatkow\u0105 warstw\u0119 ciep\u0142a. Niezale\u017cnie od tego, czy wybierasz si\u0119 na imprez\u0119, czy na jesienny spacer, to ponczo jest uniwersalnym dodatkiem, kt\u00f3ry \u0142\u0105czy mod\u0119 z funkcjonalno\u015bci\u0105.<\/p>\n<h2>SPECYFIKACJA<\/h2>\n<div>\n<div>\n<div>\n<div>\n<p>Materia\u0142: Bawe\u0142na i akryl<\/p>\n<div>\n<div>\n<div>\n<div><img decoding=\"async\" src=\"https:\/\/ozponcho.com.au\/wp-content\/uploads\/2024\/03\/S2ddfdaa1f2ed4ab797e4b1ececfa23f1l.webp\" \/><img decoding=\"async\" src=\"https:\/\/ozponcho.com.au\/wp-content\/uploads\/2024\/03\/S2c66da89945f4c0eaa90750202fa58e5r.webp\" \/><\/div>\n<div><img decoding=\"async\" src=\"https:\/\/ozponcho.com.au\/wp-content\/uploads\/2024\/03\/S0f27fc1a277947f5ad12ed0ae5f1e818e.webp\" \/><\/div>\n<\/div>\n<\/div>\n<\/div>\n<\/div>\n<\/div>\n<\/div>\n<\/div>","protected":false},"excerpt":{"rendered":"<p>Elevate your cool-weather wardrobe with this stylish Men&#8217;s Plaid Turtleneck Poncho. The striking black base is interwoven with grey and red plaid, creating a visual appeal that&#8217;s both classic and contemporary. Fringed edges add a touch of bohemian chic, while the loose-fit ensures maximum comfort. Crafted from soft, breathable fabric, this poncho is perfect for [&#8230;]","protected":false},"featured_media":17453,"template":"","meta":[],"product_brand":[],"product_cat":[219,15,228,214,211],"product_tag":[],"class_list":{"0":"post-17445","1":"product","2":"type-product","3":"status-publish","4":"has-post-thumbnail","6":"product_cat-black-poncho","7":"product_cat-main-category","8":"product_cat-poncho-sweater","9":"product_cat-knitted-crochet-poncho","10":"product_cat-poncho-men","12":"first","13":"instock","14":"shipping-taxable","15":"purchasable","16":"product-type-variable"},"yoast_head":"<!-- This site is optimized with the Yoast SEO plugin v25.9 - https:\/\/yoast.com\/wordpress\/plugins\/seo\/ -->\n<title>Men&#039;s Plaid Turtleneck Poncho | Polska #1 Poncho Shop<\/title>\n<meta name=\"description\" content=\"Looking for a Men&#039;s Plaid Turtleneck Poncho ? You&#039;ve come to the right place \ud83d\ude04 We offers a wide selection of Men&#039;s Plaid Turtleneck Poncho, perfect for you.\" \/>\n<meta name=\"robots\" content=\"index, follow, max-snippet:-1, max-image-preview:large, max-video-preview:-1\" \/>\n<link rel=\"canonical\" href=\"https:\/\/ozponcho.com.au\/pl\/p\/meskie-ponczo-z-fredzlami-w-krate\/\" \/>\n<meta property=\"og:locale\" content=\"pl_PL\" \/>\n<meta property=\"og:type\" content=\"article\" \/>\n<meta property=\"og:title\" content=\"Men&#039;s Plaid Turtleneck Poncho | Polska #1 Poncho Shop\" \/>\n<meta property=\"og:description\" content=\"Looking for a Men&#039;s Plaid Turtleneck Poncho ? You&#039;ve come to the right place \ud83d\ude04 We offers a wide selection of Men&#039;s Plaid Turtleneck Poncho, perfect for you.\" \/>\n<meta property=\"og:url\" content=\"https:\/\/ozponcho.com.au\/pl\/p\/meskie-ponczo-z-fredzlami-w-krate\/\" \/>\n<meta property=\"og:site_name\" content=\"OZ Poncho\" \/>\n<meta property=\"article:modified_time\" content=\"2025-09-10T18:10:38+00:00\" \/>\n<meta property=\"og:image\" content=\"https:\/\/ozponcho.com.au\/wp-content\/uploads\/2024\/01\/Sbda7edcc96f541a38029a9863a8cf6fc2.webp\" \/>\n\t<meta property=\"og:image:width\" content=\"1000\" \/>\n\t<meta property=\"og:image:height\" content=\"1000\" \/>\n\t<meta property=\"og:image:type\" content=\"image\/webp\" \/>\n<meta name=\"twitter:card\" content=\"summary_large_image\" \/>\n<meta name=\"twitter:label1\" content=\"Szacowany czas czytania\" \/>\n\t<meta name=\"twitter:data1\" content=\"2 minuty\" \/>\n<script type=\"application\/ld+json\" class=\"yoast-schema-graph\">{\"@context\":\"https:\/\/schema.org\",\"@graph\":[{\"@type\":\"WebPage\",\"@id\":\"https:\/\/ozponcho.com.au\/p\/mens-plaid-fringe-poncho\/\",\"url\":\"https:\/\/ozponcho.com.au\/p\/mens-plaid-fringe-poncho\/\",\"name\":\"Men's Plaid Turtleneck Poncho | Polska #1 Poncho Shop\",\"isPartOf\":{\"@id\":\"https:\/\/ozponcho.com.au\/#website\"},\"primaryImageOfPage\":{\"@id\":\"https:\/\/ozponcho.com.au\/p\/mens-plaid-fringe-poncho\/#primaryimage\"},\"image\":{\"@id\":\"https:\/\/ozponcho.com.au\/p\/mens-plaid-fringe-poncho\/#primaryimage\"},\"thumbnailUrl\":\"https:\/\/ozponcho.com.au\/wp-content\/uploads\/2024\/01\/Sbda7edcc96f541a38029a9863a8cf6fc2.webp\",\"datePublished\":\"2024-01-21T08:43:08+00:00\",\"dateModified\":\"2025-09-10T18:10:38+00:00\",\"description\":\"Looking for a Men's Plaid Turtleneck Poncho ? You've come to the right place \ud83d\ude04 We offers a wide selection of Men's Plaid Turtleneck Poncho, perfect for you.\",\"breadcrumb\":{\"@id\":\"https:\/\/ozponcho.com.au\/p\/mens-plaid-fringe-poncho\/#breadcrumb\"},\"inLanguage\":\"pl-PL\",\"potentialAction\":[{\"@type\":\"ReadAction\",\"target\":[\"https:\/\/ozponcho.com.au\/p\/mens-plaid-fringe-poncho\/\"]}]},{\"@type\":\"ImageObject\",\"inLanguage\":\"pl-PL\",\"@id\":\"https:\/\/ozponcho.com.au\/p\/mens-plaid-fringe-poncho\/#primaryimage\",\"url\":\"https:\/\/ozponcho.com.au\/wp-content\/uploads\/2024\/01\/Sbda7edcc96f541a38029a9863a8cf6fc2.webp\",\"contentUrl\":\"https:\/\/ozponcho.com.au\/wp-content\/uploads\/2024\/01\/Sbda7edcc96f541a38029a9863a8cf6fc2.webp\",\"width\":1000,\"height\":1000,\"caption\":\"Men's Plaid Turtleneck Poncho\"},{\"@type\":\"BreadcrumbList\",\"@id\":\"https:\/\/ozponcho.com.au\/p\/mens-plaid-fringe-poncho\/#breadcrumb\",\"itemListElement\":[{\"@type\":\"ListItem\",\"position\":1,\"name\":\"Home\",\"item\":\"https:\/\/ozponcho.com.au\/\"},{\"@type\":\"ListItem\",\"position\":2,\"name\":\"Shop\",\"item\":\"https:\/\/ozponcho.com.au\/shop\/\"},{\"@type\":\"ListItem\",\"position\":3,\"name\":\"Men&#8217;s Plaid Turtleneck Poncho\"}]},{\"@type\":\"WebSite\",\"@id\":\"https:\/\/ozponcho.com.au\/#website\",\"url\":\"https:\/\/ozponcho.com.au\/\",\"name\":\"OZ Poncho\",\"description\":\"\",\"potentialAction\":[{\"@type\":\"SearchAction\",\"target\":{\"@type\":\"EntryPoint\",\"urlTemplate\":\"https:\/\/ozponcho.com.au\/?s={search_term_string}\"},\"query-input\":{\"@type\":\"PropertyValueSpecification\",\"valueRequired\":true,\"valueName\":\"search_term_string\"}}],\"inLanguage\":\"pl-PL\"}]}<\/script>\n<!-- \/ Yoast SEO plugin. -->","yoast_head_json":{"title":"Ponczo m\u0119skie z golfem w krat\u0119 | Polska #1 Poncho Shop","description":"Szukasz m\u0119skiego poncza z golfem w krat\u0119? Jeste\u015b we w\u0142a\u015bciwym miejscu \ud83d\ude04 Oferujemy szeroki wyb\u00f3r Ponczo m\u0119skie z golfem w krat\u0119, idealnych dla Ciebie.","robots":{"index":"index","follow":"follow","max-snippet":"max-snippet:-1","max-image-preview":"max-image-preview:large","max-video-preview":"max-video-preview:-1"},"canonical":"https:\/\/ozponcho.com.au\/pl\/p\/meskie-ponczo-z-fredzlami-w-krate\/","og_locale":"pl_PL","og_type":"article","og_title":"Men's Plaid Turtleneck Poncho | Polska #1 Poncho Shop","og_description":"Looking for a Men's Plaid Turtleneck Poncho ? You've come to the right place \ud83d\ude04 We offers a wide selection of Men's Plaid Turtleneck Poncho, perfect for you.","og_url":"https:\/\/ozponcho.com.au\/pl\/p\/meskie-ponczo-z-fredzlami-w-krate\/","og_site_name":"OZ Poncho","article_modified_time":"2025-09-10T18:10:38+00:00","og_image":[{"width":1000,"height":1000,"url":"https:\/\/ozponcho.com.au\/wp-content\/uploads\/2024\/01\/Sbda7edcc96f541a38029a9863a8cf6fc2.webp","type":"image\/webp"}],"twitter_card":"summary_large_image","twitter_misc":{"Szacowany czas czytania":"2 minuty"},"schema":{"@context":"https:\/\/schema.org","@graph":[{"@type":"WebPage","@id":"https:\/\/ozponcho.com.au\/p\/mens-plaid-fringe-poncho\/","url":"https:\/\/ozponcho.com.au\/p\/mens-plaid-fringe-poncho\/","name":"Ponczo m\u0119skie z golfem w krat\u0119 | Polska #1 Poncho Shop","isPartOf":{"@id":"https:\/\/ozponcho.com.au\/#website"},"primaryImageOfPage":{"@id":"https:\/\/ozponcho.com.au\/p\/mens-plaid-fringe-poncho\/#primaryimage"},"image":{"@id":"https:\/\/ozponcho.com.au\/p\/mens-plaid-fringe-poncho\/#primaryimage"},"thumbnailUrl":"https:\/\/ozponcho.com.au\/wp-content\/uploads\/2024\/01\/Sbda7edcc96f541a38029a9863a8cf6fc2.webp","datePublished":"2024-01-21T08:43:08+00:00","dateModified":"2025-09-10T18:10:38+00:00","description":"Szukasz m\u0119skiego poncza z golfem w krat\u0119? Jeste\u015b we w\u0142a\u015bciwym miejscu \ud83d\ude04 Oferujemy szeroki wyb\u00f3r Ponczo m\u0119skie z golfem w krat\u0119, idealnych dla Ciebie.","breadcrumb":{"@id":"https:\/\/ozponcho.com.au\/p\/mens-plaid-fringe-poncho\/#breadcrumb"},"inLanguage":"pl-PL","potentialAction":[{"@type":"ReadAction","target":["https:\/\/ozponcho.com.au\/p\/mens-plaid-fringe-poncho\/"]}]},{"@type":"ImageObject","inLanguage":"pl-PL","@id":"https:\/\/ozponcho.com.au\/p\/mens-plaid-fringe-poncho\/#primaryimage","url":"https:\/\/ozponcho.com.au\/wp-content\/uploads\/2024\/01\/Sbda7edcc96f541a38029a9863a8cf6fc2.webp","contentUrl":"https:\/\/ozponcho.com.au\/wp-content\/uploads\/2024\/01\/Sbda7edcc96f541a38029a9863a8cf6fc2.webp","width":1000,"height":1000,"caption":"Men's Plaid Turtleneck Poncho"},{"@type":"BreadcrumbList","@id":"https:\/\/ozponcho.com.au\/p\/mens-plaid-fringe-poncho\/#breadcrumb","itemListElement":[{"@type":"ListItem","position":1,"name":"Home","item":"https:\/\/ozponcho.com.au\/"},{"@type":"ListItem","position":2,"name":"Shop","item":"https:\/\/ozponcho.com.au\/shop\/"},{"@type":"ListItem","position":3,"name":"Men&#8217;s Plaid Turtleneck Poncho"}]},{"@type":"WebSite","@id":"https:\/\/ozponcho.com.au\/#website","url":"https:\/\/ozponcho.com.au\/","name":"Poncho OZ","description":"","potentialAction":[{"@type":"SearchAction","target":{"@type":"EntryPoint","urlTemplate":"https:\/\/ozponcho.com.au\/?s={search_term_string}"},"query-input":{"@type":"PropertyValueSpecification","valueRequired":true,"valueName":"search_term_string"}}],"inLanguage":"pl-PL"}]}},"_links":{"self":[{"href":"https:\/\/ozponcho.com.au\/pl\/wp-json\/wp\/v2\/product\/17445","targetHints":{"allow":["GET"]}}],"collection":[{"href":"https:\/\/ozponcho.com.au\/pl\/wp-json\/wp\/v2\/product"}],"about":[{"href":"https:\/\/ozponcho.com.au\/pl\/wp-json\/wp\/v2\/types\/product"}],"wp:featuredmedia":[{"embeddable":true,"href":"https:\/\/ozponcho.com.au\/pl\/wp-json\/wp\/v2\/media\/17453"}],"wp:attachment":[{"href":"https:\/\/ozponcho.com.au\/pl\/wp-json\/wp\/v2\/media?parent=17445"}],"wp:term":[{"taxonomy":"product_brand","embeddable":true,"href":"https:\/\/ozponcho.com.au\/pl\/wp-json\/wp\/v2\/product_brand?post=17445"},{"taxonomy":"product_cat","embeddable":true,"href":"https:\/\/ozponcho.com.au\/pl\/wp-json\/wp\/v2\/product_cat?post=17445"},{"taxonomy":"product_tag","embeddable":true,"href":"https:\/\/ozponcho.com.au\/pl\/wp-json\/wp\/v2\/product_tag?post=17445"}],"curies":[{"name":"wp","href":"https:\/\/api.w.org\/{rel}","templated":true}]}}