{"id":16916,"date":"2023-12-30T23:24:13","date_gmt":"2023-12-30T12:24:13","guid":{"rendered":"https:\/\/ozponcho.com.au\/?post_type=product&#038;p=16916"},"modified":"2024-03-08T16:25:55","modified_gmt":"2024-03-08T05:25:55","slug":"childrens-beach-bath-cape","status":"publish","type":"product","link":"https:\/\/ozponcho.com.au\/pl\/p\/dziecieca-peleryna-plazowa\/","title":{"rendered":"Dzieci\u0119ce ponczo z kapturem"},"content":{"rendered":"<p>Otul swoje male\u0144stwo komfortem dzi\u0119ki temu niezwykle mi\u0119kkiemu i ch\u0142onnemu poncho z kapturem z mikrofibry. Ozdobione \u017cywymi i zabawnymi wzorami z kresk\u00f3wek, nasze poncho mo\u017ce s\u0142u\u017cy\u0107 jako r\u0119cznik i stylowy str\u00f3j pla\u017cowy. Idealny do szybkiego osuszania po k\u0105pieli lub p\u0142ywaniu, jest delikatny dla sk\u00f3ry, idealny dla wra\u017cliwej sk\u00f3ry dzieci. Wygodny kaptur zapewnia dodatkowe ciep\u0142o i ochron\u0119 przed s\u0142o\u0144cem, dzi\u0119ki czemu jest niezb\u0119dny podczas wypad\u00f3w na pla\u017c\u0119 i zabawy przy basenie. Jest nie tylko praktyczna; to przytulna, zabawna peleryna, kt\u00f3r\u0105 dzieci uwielbiaj\u0105 nosi\u0107!<\/p>\n<h2>SPECYFIKACJA<\/h2>\n<div>\n<div>Wymiar: 60x120cm<\/div>\n<div>Materia\u0142y: Bawe\u0142na czesana i mikrofibra<\/div>\n<\/div>\n<div><img decoding=\"async\" class=\"alignnone size-full wp-image-17310\" src=\"https:\/\/ozponcho.com.au\/wp-content\/uploads\/2023\/12\/kid-surf-poncho-fabric.jpg\" alt=\"\" width=\"917\" height=\"540\" srcset=\"https:\/\/ozponcho.com.au\/wp-content\/uploads\/2023\/12\/kid-surf-poncho-fabric.jpg 917w, https:\/\/ozponcho.com.au\/wp-content\/uploads\/2023\/12\/kid-surf-poncho-fabric-300x177.jpg 300w, https:\/\/ozponcho.com.au\/wp-content\/uploads\/2023\/12\/kid-surf-poncho-fabric-768x452.jpg 768w, https:\/\/ozponcho.com.au\/wp-content\/uploads\/2023\/12\/kid-surf-poncho-fabric-510x300.jpg 510w\" sizes=\"(max-width: 917px) 100vw, 917px\" \/><img decoding=\"async\" class=\"alignnone size-full wp-image-17311\" src=\"https:\/\/ozponcho.com.au\/wp-content\/uploads\/2023\/12\/towel-water-absorb.jpg\" alt=\"\" width=\"802\" height=\"618\" srcset=\"https:\/\/ozponcho.com.au\/wp-content\/uploads\/2023\/12\/towel-water-absorb.jpg 802w, https:\/\/ozponcho.com.au\/wp-content\/uploads\/2023\/12\/towel-water-absorb-300x231.jpg 300w, https:\/\/ozponcho.com.au\/wp-content\/uploads\/2023\/12\/towel-water-absorb-768x592.jpg 768w, https:\/\/ozponcho.com.au\/wp-content\/uploads\/2023\/12\/towel-water-absorb-510x393.jpg 510w\" sizes=\"(max-width: 802px) 100vw, 802px\" \/><\/div>","protected":false},"excerpt":{"rendered":"<p>Wrap your little one in comfort with this ultra-soft and absorbent microfiber hooded poncho. Adorned with vibrant and playful cartoon designs, our poncho doubles up as a towel and a stylish beachwear. Perfect for quick drying after a bath or swim, it&#8217;s gentle on the skin, ideal for kids&#8217; sensitive skin. The handy hood provides [&#8230;]","protected":false},"featured_media":16915,"template":"","meta":[],"product_brand":[],"product_cat":[223,15,212,208,224],"product_tag":[],"class_list":{"0":"post-16916","1":"product","2":"type-product","3":"status-publish","4":"has-post-thumbnail","6":"product_cat-blue-poncho","7":"product_cat-main-category","8":"product_cat-poncho-kid","9":"product_cat-surf-poncho","10":"product_cat-yellow-poncho","12":"first","13":"instock","14":"shipping-taxable","15":"purchasable","16":"product-type-variable"},"yoast_head":"<!-- This site is optimized with the Yoast SEO plugin v25.9 - https:\/\/yoast.com\/wordpress\/plugins\/seo\/ -->\n<title>Kids Cartoon Hooded Poncho | Polska #1 Poncho Shop<\/title>\n<meta name=\"description\" content=\"Looking for a Kids Cartoon Hooded Poncho ? You&#039;ve come to the right place \ud83d\ude04 We offers a wide selection of Kids Cartoon Hooded Poncho, perfect for you.\" \/>\n<meta name=\"robots\" content=\"index, follow, max-snippet:-1, max-image-preview:large, max-video-preview:-1\" \/>\n<link rel=\"canonical\" href=\"https:\/\/ozponcho.com.au\/pl\/p\/dziecieca-peleryna-plazowa\/\" \/>\n<meta property=\"og:locale\" content=\"pl_PL\" \/>\n<meta property=\"og:type\" content=\"article\" \/>\n<meta property=\"og:title\" content=\"Kids Cartoon Hooded Poncho | Polska #1 Poncho Shop\" \/>\n<meta property=\"og:description\" content=\"Looking for a Kids Cartoon Hooded Poncho ? You&#039;ve come to the right place \ud83d\ude04 We offers a wide selection of Kids Cartoon Hooded Poncho, perfect for you.\" \/>\n<meta property=\"og:url\" content=\"https:\/\/ozponcho.com.au\/pl\/p\/dziecieca-peleryna-plazowa\/\" \/>\n<meta property=\"og:site_name\" content=\"OZ Poncho\" \/>\n<meta property=\"article:modified_time\" content=\"2024-03-08T05:25:55+00:00\" \/>\n<meta property=\"og:image\" content=\"https:\/\/ozponcho.com.au\/wp-content\/uploads\/2023\/12\/Sccc9c0fccd0a446e90daf45f04d18930m-4.webp\" \/>\n\t<meta property=\"og:image:width\" content=\"800\" \/>\n\t<meta property=\"og:image:height\" content=\"800\" \/>\n\t<meta property=\"og:image:type\" content=\"image\/webp\" \/>\n<meta name=\"twitter:card\" content=\"summary_large_image\" \/>\n<meta name=\"twitter:label1\" content=\"Szacowany czas czytania\" \/>\n\t<meta name=\"twitter:data1\" content=\"2 minuty\" \/>\n<script type=\"application\/ld+json\" class=\"yoast-schema-graph\">{\"@context\":\"https:\/\/schema.org\",\"@graph\":[{\"@type\":\"WebPage\",\"@id\":\"https:\/\/ozponcho.com.au\/p\/childrens-beach-bath-cape\/\",\"url\":\"https:\/\/ozponcho.com.au\/p\/childrens-beach-bath-cape\/\",\"name\":\"Kids Cartoon Hooded Poncho | Polska #1 Poncho Shop\",\"isPartOf\":{\"@id\":\"https:\/\/ozponcho.com.au\/#website\"},\"primaryImageOfPage\":{\"@id\":\"https:\/\/ozponcho.com.au\/p\/childrens-beach-bath-cape\/#primaryimage\"},\"image\":{\"@id\":\"https:\/\/ozponcho.com.au\/p\/childrens-beach-bath-cape\/#primaryimage\"},\"thumbnailUrl\":\"https:\/\/ozponcho.com.au\/wp-content\/uploads\/2023\/12\/Sccc9c0fccd0a446e90daf45f04d18930m-4.webp\",\"datePublished\":\"2023-12-30T12:24:13+00:00\",\"dateModified\":\"2024-03-08T05:25:55+00:00\",\"description\":\"Looking for a Kids Cartoon Hooded Poncho ? You've come to the right place \ud83d\ude04 We offers a wide selection of Kids Cartoon Hooded Poncho, perfect for you.\",\"breadcrumb\":{\"@id\":\"https:\/\/ozponcho.com.au\/p\/childrens-beach-bath-cape\/#breadcrumb\"},\"inLanguage\":\"pl-PL\",\"potentialAction\":[{\"@type\":\"ReadAction\",\"target\":[\"https:\/\/ozponcho.com.au\/p\/childrens-beach-bath-cape\/\"]}]},{\"@type\":\"ImageObject\",\"inLanguage\":\"pl-PL\",\"@id\":\"https:\/\/ozponcho.com.au\/p\/childrens-beach-bath-cape\/#primaryimage\",\"url\":\"https:\/\/ozponcho.com.au\/wp-content\/uploads\/2023\/12\/Sccc9c0fccd0a446e90daf45f04d18930m-4.webp\",\"contentUrl\":\"https:\/\/ozponcho.com.au\/wp-content\/uploads\/2023\/12\/Sccc9c0fccd0a446e90daf45f04d18930m-4.webp\",\"width\":800,\"height\":800,\"caption\":\"Kids Cartoon Hooded Poncho\"},{\"@type\":\"BreadcrumbList\",\"@id\":\"https:\/\/ozponcho.com.au\/p\/childrens-beach-bath-cape\/#breadcrumb\",\"itemListElement\":[{\"@type\":\"ListItem\",\"position\":1,\"name\":\"Home\",\"item\":\"https:\/\/ozponcho.com.au\/\"},{\"@type\":\"ListItem\",\"position\":2,\"name\":\"Shop\",\"item\":\"https:\/\/ozponcho.com.au\/shop\/\"},{\"@type\":\"ListItem\",\"position\":3,\"name\":\"Kids Cartoon Hooded Poncho\"}]},{\"@type\":\"WebSite\",\"@id\":\"https:\/\/ozponcho.com.au\/#website\",\"url\":\"https:\/\/ozponcho.com.au\/\",\"name\":\"OZ Poncho\",\"description\":\"\",\"potentialAction\":[{\"@type\":\"SearchAction\",\"target\":{\"@type\":\"EntryPoint\",\"urlTemplate\":\"https:\/\/ozponcho.com.au\/?s={search_term_string}\"},\"query-input\":{\"@type\":\"PropertyValueSpecification\",\"valueRequired\":true,\"valueName\":\"search_term_string\"}}],\"inLanguage\":\"pl-PL\"}]}<\/script>\n<!-- \/ Yoast SEO plugin. -->","yoast_head_json":{"title":"Ponczo z kapturem dla dzieci | Polska #1 Poncho Shop","description":"Szukasz Ponczo z kapturem dla dzieci? Jeste\u015b we w\u0142a\u015bciwym miejscu \ud83d\ude04 Oferujemy szeroki wyb\u00f3r Ponczo z kapturem Kids Cartoon, idealnych dla Ciebie.","robots":{"index":"index","follow":"follow","max-snippet":"max-snippet:-1","max-image-preview":"max-image-preview:large","max-video-preview":"max-video-preview:-1"},"canonical":"https:\/\/ozponcho.com.au\/pl\/p\/dziecieca-peleryna-plazowa\/","og_locale":"pl_PL","og_type":"article","og_title":"Kids Cartoon Hooded Poncho | Polska #1 Poncho Shop","og_description":"Looking for a Kids Cartoon Hooded Poncho ? You've come to the right place \ud83d\ude04 We offers a wide selection of Kids Cartoon Hooded Poncho, perfect for you.","og_url":"https:\/\/ozponcho.com.au\/pl\/p\/dziecieca-peleryna-plazowa\/","og_site_name":"OZ Poncho","article_modified_time":"2024-03-08T05:25:55+00:00","og_image":[{"width":800,"height":800,"url":"https:\/\/ozponcho.com.au\/wp-content\/uploads\/2023\/12\/Sccc9c0fccd0a446e90daf45f04d18930m-4.webp","type":"image\/webp"}],"twitter_card":"summary_large_image","twitter_misc":{"Szacowany czas czytania":"2 minuty"},"schema":{"@context":"https:\/\/schema.org","@graph":[{"@type":"WebPage","@id":"https:\/\/ozponcho.com.au\/p\/childrens-beach-bath-cape\/","url":"https:\/\/ozponcho.com.au\/p\/childrens-beach-bath-cape\/","name":"Ponczo z kapturem dla dzieci | Polska #1 Poncho Shop","isPartOf":{"@id":"https:\/\/ozponcho.com.au\/#website"},"primaryImageOfPage":{"@id":"https:\/\/ozponcho.com.au\/p\/childrens-beach-bath-cape\/#primaryimage"},"image":{"@id":"https:\/\/ozponcho.com.au\/p\/childrens-beach-bath-cape\/#primaryimage"},"thumbnailUrl":"https:\/\/ozponcho.com.au\/wp-content\/uploads\/2023\/12\/Sccc9c0fccd0a446e90daf45f04d18930m-4.webp","datePublished":"2023-12-30T12:24:13+00:00","dateModified":"2024-03-08T05:25:55+00:00","description":"Szukasz Ponczo z kapturem dla dzieci? Jeste\u015b we w\u0142a\u015bciwym miejscu \ud83d\ude04 Oferujemy szeroki wyb\u00f3r Ponczo z kapturem Kids Cartoon, idealnych dla Ciebie.","breadcrumb":{"@id":"https:\/\/ozponcho.com.au\/p\/childrens-beach-bath-cape\/#breadcrumb"},"inLanguage":"pl-PL","potentialAction":[{"@type":"ReadAction","target":["https:\/\/ozponcho.com.au\/p\/childrens-beach-bath-cape\/"]}]},{"@type":"ImageObject","inLanguage":"pl-PL","@id":"https:\/\/ozponcho.com.au\/p\/childrens-beach-bath-cape\/#primaryimage","url":"https:\/\/ozponcho.com.au\/wp-content\/uploads\/2023\/12\/Sccc9c0fccd0a446e90daf45f04d18930m-4.webp","contentUrl":"https:\/\/ozponcho.com.au\/wp-content\/uploads\/2023\/12\/Sccc9c0fccd0a446e90daf45f04d18930m-4.webp","width":800,"height":800,"caption":"Kids Cartoon Hooded Poncho"},{"@type":"BreadcrumbList","@id":"https:\/\/ozponcho.com.au\/p\/childrens-beach-bath-cape\/#breadcrumb","itemListElement":[{"@type":"ListItem","position":1,"name":"Home","item":"https:\/\/ozponcho.com.au\/"},{"@type":"ListItem","position":2,"name":"Shop","item":"https:\/\/ozponcho.com.au\/shop\/"},{"@type":"ListItem","position":3,"name":"Kids Cartoon Hooded Poncho"}]},{"@type":"WebSite","@id":"https:\/\/ozponcho.com.au\/#website","url":"https:\/\/ozponcho.com.au\/","name":"Poncho OZ","description":"","potentialAction":[{"@type":"SearchAction","target":{"@type":"EntryPoint","urlTemplate":"https:\/\/ozponcho.com.au\/?s={search_term_string}"},"query-input":{"@type":"PropertyValueSpecification","valueRequired":true,"valueName":"search_term_string"}}],"inLanguage":"pl-PL"}]}},"_links":{"self":[{"href":"https:\/\/ozponcho.com.au\/pl\/wp-json\/wp\/v2\/product\/16916","targetHints":{"allow":["GET"]}}],"collection":[{"href":"https:\/\/ozponcho.com.au\/pl\/wp-json\/wp\/v2\/product"}],"about":[{"href":"https:\/\/ozponcho.com.au\/pl\/wp-json\/wp\/v2\/types\/product"}],"wp:featuredmedia":[{"embeddable":true,"href":"https:\/\/ozponcho.com.au\/pl\/wp-json\/wp\/v2\/media\/16915"}],"wp:attachment":[{"href":"https:\/\/ozponcho.com.au\/pl\/wp-json\/wp\/v2\/media?parent=16916"}],"wp:term":[{"taxonomy":"product_brand","embeddable":true,"href":"https:\/\/ozponcho.com.au\/pl\/wp-json\/wp\/v2\/product_brand?post=16916"},{"taxonomy":"product_cat","embeddable":true,"href":"https:\/\/ozponcho.com.au\/pl\/wp-json\/wp\/v2\/product_cat?post=16916"},{"taxonomy":"product_tag","embeddable":true,"href":"https:\/\/ozponcho.com.au\/pl\/wp-json\/wp\/v2\/product_tag?post=16916"}],"curies":[{"name":"wp","href":"https:\/\/api.w.org\/{rel}","templated":true}]}}