{"id":16161,"date":"2023-12-30T22:39:23","date_gmt":"2023-12-30T11:39:23","guid":{"rendered":"https:\/\/ozponcho.com.au\/?post_type=product&#038;p=16161"},"modified":"2025-07-30T18:06:41","modified_gmt":"2025-07-30T07:06:41","slug":"tribal-style-womens-shawl","status":"publish","type":"product","link":"https:\/\/ozponcho.com.au\/pl\/p\/damski-szal-w-stylu-plemiennym\/","title":{"rendered":"Ponczo z fr\u0119dzlami Bohemian"},"content":{"rendered":"<p>Odkryj najlepsze zimowe akcesorium dzi\u0119ki naszemu poncho Bohemian Fringe, zaprojektowanemu specjalnie dla modnych kobiet. Unikalna mieszanka poliestru i akrylu zapewnia niezr\u00f3wnane ciep\u0142o bez po\u015bwi\u0119cania stylu. \u017bywe plemienne wzory i detale z fr\u0119dzlami podkre\u015bl\u0105 ka\u017cdy str\u00f3j, czyni\u0105c to poncho wszechstronnym elementem garderoby. Niezale\u017cnie od tego, czy jeste\u015b na zakupach, czy na wieczornym spacerze, nasze \u0142atwe w noszeniu poncho zapewni Ci przytulno\u015b\u0107 i przyci\u0105gnie wzrok. Przygotuj si\u0119 na otulenie si\u0119 komfortem i szykown\u0105 elegancj\u0105 dzi\u0119ki temu obowi\u0105zkowemu sezonowemu elementowi.<\/p>\n<h2>SPECYFIKACJA<\/h2>\n<p>Nazwa marki: WINEBAMBOU<\/p>\n<p>Obowi\u0105zuj\u0105cy sezon: Zima<\/p>\n<p>Materia\u0142: Akryl<\/p>\n<p>Materia\u0142: Poliester<\/p>\n<p>P\u0142e\u0107: KOBIETA<\/p>\n<p>Funkcja: Dekoracja&nbsp;<\/p>\n<p>Nazwa dzia\u0142u: Doro\u015bli<\/p>\n<p>Odpowiednia scena: Zakupy<\/p>\n<p>Styl: Moda<\/p>\n<p>Typ wzoru: Geometryczny<\/p>\n<p>D\u0142ugo\u015b\u0107 szalika: 135cm-175cm<\/p>\n<p>Pochodzenie: Chiny kontynentalne<\/p>\n<p>CN: Zhejiang<\/p>\n<p>Data premiery: Zima 2022 r.<\/p>\n<p>Rodzaj szalika: Pashmina<\/p>\n<p>Numer modelu: YG085<\/p>\n<p>Rodzaj przedmiotu: Szaliki<\/p>\n<p>Miejsce pochodzenia: Chiny (kontynentalne)<\/p>\n<div>\n<div>\n<p>Do moich przyjaci\u00f3\u0142, kt\u00f3rzy odwiedzaj\u0105 m\u00f3j sklep:<\/p>\n<p><strong>Nazwa stylu:&nbsp;<\/strong>Du\u017cy szalik zimowy szalik kaszmirowy poncho damskie Szale czeskie Plemienne fr\u0119dzle Bluzy koce Peleryna szal Poncza i peleryny YG085<\/p>\n<p><strong>Rozmiar:&nbsp;<\/strong>130*150 cm (zakres b\u0142\u0119du 1-3 cm)<\/p>\n<p><strong>Waga:<\/strong>&nbsp;oko\u0142o 500 g (waga r\u00f3\u017cni si\u0119 od wagi na rynku)<\/p>\n<p><strong>Materia\u0142:&nbsp;<\/strong>50% poliester+50% akryl<\/p>\n<p>Mam nadziej\u0119, \u017ce podr\u00f3\u017c b\u0119dzie udana<\/p>\n<p><img decoding=\"async\" src=\"https:\/\/ozponcho.com.au\/wp-content\/uploads\/2024\/03\/S516ded10f7904b1aa99eba335d916157m.webp\" \/><img decoding=\"async\" src=\"https:\/\/ozponcho.com.au\/wp-content\/uploads\/2024\/03\/S07efe052607b4dda82b38cf92dd87cc95.webp\" \/><img decoding=\"async\" src=\"https:\/\/ozponcho.com.au\/wp-content\/uploads\/2024\/03\/S653fe5329bdc44a980bc84cc2364e12f9.webp\" \/><img decoding=\"async\" src=\"https:\/\/ozponcho.com.au\/wp-content\/uploads\/2024\/03\/S1ff9e50b91214e7fa973cfbe7b4df6213.webp\" \/><img decoding=\"async\" src=\"https:\/\/ozponcho.com.au\/wp-content\/uploads\/2024\/03\/Sf2facdc4988a42289f2ce37832db9682V.webp\" \/><img decoding=\"async\" src=\"https:\/\/ozponcho.com.au\/wp-content\/uploads\/2024\/03\/S8922db4198e64db290235ec3861740a4c.webp\" \/><img decoding=\"async\" src=\"https:\/\/ozponcho.com.au\/wp-content\/uploads\/2024\/03\/Sc1ed1bf897404d2daba9378ba038ead7r.webp\" \/><img decoding=\"async\" src=\"https:\/\/ozponcho.com.au\/wp-content\/uploads\/2024\/03\/Sd4f897279ba94daba5c57ca9be544213J.webp\" \/><\/p>\n<\/p><\/div>\n<\/p><\/div>","protected":false},"excerpt":{"rendered":"<p>Discover the ultimate winter accessory with our Bohemian Fringe Poncho, designed especially for fashion-forward women. Its unique blend of polyester and acrylic provides unmatched warmth without sacrificing style. The vibrant tribal patterns and fringe detailing will elevate any outfit, making this poncho a versatile staple for your wardrobe. Whether you&#8217;re out shopping or enjoying an [&#8230;]","protected":false},"featured_media":16151,"template":"","meta":[],"product_brand":[],"product_cat":[219,229,226,15,210,215],"product_tag":[],"class_list":{"0":"post-16161","1":"product","2":"type-product","3":"status-publish","4":"has-post-thumbnail","6":"product_cat-black-poncho","7":"product_cat-blanket-poncho","8":"product_cat-brown-poncho","9":"product_cat-main-category","10":"product_cat-poncho-women","11":"product_cat-wool-poncho","13":"first","14":"instock","15":"shipping-taxable","16":"purchasable","17":"product-type-variable"},"yoast_head":"<!-- This site is optimized with the Yoast SEO plugin v25.9 - https:\/\/yoast.com\/wordpress\/plugins\/seo\/ -->\n<title>Bohemian Fringe Poncho | Polska #1 Poncho Shop<\/title>\n<meta name=\"description\" content=\"Looking for a Bohemian Fringe Poncho ? You&#039;ve come to the right place \ud83d\ude04 We offers a wide selection of Bohemian Fringe Poncho, perfect for you.\" \/>\n<meta name=\"robots\" content=\"index, follow, max-snippet:-1, max-image-preview:large, max-video-preview:-1\" \/>\n<link rel=\"canonical\" href=\"https:\/\/ozponcho.com.au\/pl\/p\/damski-szal-w-stylu-plemiennym\/\" \/>\n<meta property=\"og:locale\" content=\"pl_PL\" \/>\n<meta property=\"og:type\" content=\"article\" \/>\n<meta property=\"og:title\" content=\"Bohemian Fringe Poncho | Polska #1 Poncho Shop\" \/>\n<meta property=\"og:description\" content=\"Looking for a Bohemian Fringe Poncho ? You&#039;ve come to the right place \ud83d\ude04 We offers a wide selection of Bohemian Fringe Poncho, perfect for you.\" \/>\n<meta property=\"og:url\" content=\"https:\/\/ozponcho.com.au\/pl\/p\/damski-szal-w-stylu-plemiennym\/\" \/>\n<meta property=\"og:site_name\" content=\"OZ Poncho\" \/>\n<meta property=\"article:modified_time\" content=\"2025-07-30T07:06:41+00:00\" \/>\n<meta property=\"og:image\" content=\"https:\/\/ozponcho.com.au\/wp-content\/uploads\/2023\/12\/HTB1NCXwQVXXXXXqXXXXq6xXFXXXs-1.webp\" \/>\n\t<meta property=\"og:image:width\" content=\"800\" \/>\n\t<meta property=\"og:image:height\" content=\"800\" \/>\n\t<meta property=\"og:image:type\" content=\"image\/webp\" \/>\n<meta name=\"twitter:card\" content=\"summary_large_image\" \/>\n<meta name=\"twitter:label1\" content=\"Szacowany czas czytania\" \/>\n\t<meta name=\"twitter:data1\" content=\"1 minuta\" \/>\n<script type=\"application\/ld+json\" class=\"yoast-schema-graph\">{\"@context\":\"https:\/\/schema.org\",\"@graph\":[{\"@type\":\"WebPage\",\"@id\":\"https:\/\/ozponcho.com.au\/p\/tribal-style-womens-shawl\/\",\"url\":\"https:\/\/ozponcho.com.au\/p\/tribal-style-womens-shawl\/\",\"name\":\"Bohemian Fringe Poncho | Polska #1 Poncho Shop\",\"isPartOf\":{\"@id\":\"https:\/\/ozponcho.com.au\/#website\"},\"primaryImageOfPage\":{\"@id\":\"https:\/\/ozponcho.com.au\/p\/tribal-style-womens-shawl\/#primaryimage\"},\"image\":{\"@id\":\"https:\/\/ozponcho.com.au\/p\/tribal-style-womens-shawl\/#primaryimage\"},\"thumbnailUrl\":\"https:\/\/ozponcho.com.au\/wp-content\/uploads\/2023\/12\/HTB1NCXwQVXXXXXqXXXXq6xXFXXXs-1.webp\",\"datePublished\":\"2023-12-30T11:39:23+00:00\",\"dateModified\":\"2025-07-30T07:06:41+00:00\",\"description\":\"Looking for a Bohemian Fringe Poncho ? You've come to the right place \ud83d\ude04 We offers a wide selection of Bohemian Fringe Poncho, perfect for you.\",\"breadcrumb\":{\"@id\":\"https:\/\/ozponcho.com.au\/p\/tribal-style-womens-shawl\/#breadcrumb\"},\"inLanguage\":\"pl-PL\",\"potentialAction\":[{\"@type\":\"ReadAction\",\"target\":[\"https:\/\/ozponcho.com.au\/p\/tribal-style-womens-shawl\/\"]}]},{\"@type\":\"ImageObject\",\"inLanguage\":\"pl-PL\",\"@id\":\"https:\/\/ozponcho.com.au\/p\/tribal-style-womens-shawl\/#primaryimage\",\"url\":\"https:\/\/ozponcho.com.au\/wp-content\/uploads\/2023\/12\/HTB1NCXwQVXXXXXqXXXXq6xXFXXXs-1.webp\",\"contentUrl\":\"https:\/\/ozponcho.com.au\/wp-content\/uploads\/2023\/12\/HTB1NCXwQVXXXXXqXXXXq6xXFXXXs-1.webp\",\"width\":800,\"height\":800,\"caption\":\"Bohemian Fringe Poncho\"},{\"@type\":\"BreadcrumbList\",\"@id\":\"https:\/\/ozponcho.com.au\/p\/tribal-style-womens-shawl\/#breadcrumb\",\"itemListElement\":[{\"@type\":\"ListItem\",\"position\":1,\"name\":\"Home\",\"item\":\"https:\/\/ozponcho.com.au\/\"},{\"@type\":\"ListItem\",\"position\":2,\"name\":\"Shop\",\"item\":\"https:\/\/ozponcho.com.au\/shop\/\"},{\"@type\":\"ListItem\",\"position\":3,\"name\":\"Bohemian Fringe Poncho\"}]},{\"@type\":\"WebSite\",\"@id\":\"https:\/\/ozponcho.com.au\/#website\",\"url\":\"https:\/\/ozponcho.com.au\/\",\"name\":\"OZ Poncho\",\"description\":\"\",\"potentialAction\":[{\"@type\":\"SearchAction\",\"target\":{\"@type\":\"EntryPoint\",\"urlTemplate\":\"https:\/\/ozponcho.com.au\/?s={search_term_string}\"},\"query-input\":{\"@type\":\"PropertyValueSpecification\",\"valueRequired\":true,\"valueName\":\"search_term_string\"}}],\"inLanguage\":\"pl-PL\"}]}<\/script>\n<!-- \/ Yoast SEO plugin. -->","yoast_head_json":{"title":"Bohemian Fringe Poncho | Polska #1 Poncho Shop","description":"Szukasz Ponczo z fr\u0119dzlami Bohemian? Jeste\u015b we w\u0142a\u015bciwym miejscu \ud83d\ude04 Oferujemy szeroki wyb\u00f3r Ponczo z fr\u0119dzlami Bohemian, idealnych dla Ciebie.","robots":{"index":"index","follow":"follow","max-snippet":"max-snippet:-1","max-image-preview":"max-image-preview:large","max-video-preview":"max-video-preview:-1"},"canonical":"https:\/\/ozponcho.com.au\/pl\/p\/damski-szal-w-stylu-plemiennym\/","og_locale":"pl_PL","og_type":"article","og_title":"Bohemian Fringe Poncho | Polska #1 Poncho Shop","og_description":"Looking for a Bohemian Fringe Poncho ? You've come to the right place \ud83d\ude04 We offers a wide selection of Bohemian Fringe Poncho, perfect for you.","og_url":"https:\/\/ozponcho.com.au\/pl\/p\/damski-szal-w-stylu-plemiennym\/","og_site_name":"OZ Poncho","article_modified_time":"2025-07-30T07:06:41+00:00","og_image":[{"width":800,"height":800,"url":"https:\/\/ozponcho.com.au\/wp-content\/uploads\/2023\/12\/HTB1NCXwQVXXXXXqXXXXq6xXFXXXs-1.webp","type":"image\/webp"}],"twitter_card":"summary_large_image","twitter_misc":{"Szacowany czas czytania":"1 minuta"},"schema":{"@context":"https:\/\/schema.org","@graph":[{"@type":"WebPage","@id":"https:\/\/ozponcho.com.au\/p\/tribal-style-womens-shawl\/","url":"https:\/\/ozponcho.com.au\/p\/tribal-style-womens-shawl\/","name":"Bohemian Fringe Poncho | Polska #1 Poncho Shop","isPartOf":{"@id":"https:\/\/ozponcho.com.au\/#website"},"primaryImageOfPage":{"@id":"https:\/\/ozponcho.com.au\/p\/tribal-style-womens-shawl\/#primaryimage"},"image":{"@id":"https:\/\/ozponcho.com.au\/p\/tribal-style-womens-shawl\/#primaryimage"},"thumbnailUrl":"https:\/\/ozponcho.com.au\/wp-content\/uploads\/2023\/12\/HTB1NCXwQVXXXXXqXXXXq6xXFXXXs-1.webp","datePublished":"2023-12-30T11:39:23+00:00","dateModified":"2025-07-30T07:06:41+00:00","description":"Szukasz Ponczo z fr\u0119dzlami Bohemian? Jeste\u015b we w\u0142a\u015bciwym miejscu \ud83d\ude04 Oferujemy szeroki wyb\u00f3r Ponczo z fr\u0119dzlami Bohemian, idealnych dla Ciebie.","breadcrumb":{"@id":"https:\/\/ozponcho.com.au\/p\/tribal-style-womens-shawl\/#breadcrumb"},"inLanguage":"pl-PL","potentialAction":[{"@type":"ReadAction","target":["https:\/\/ozponcho.com.au\/p\/tribal-style-womens-shawl\/"]}]},{"@type":"ImageObject","inLanguage":"pl-PL","@id":"https:\/\/ozponcho.com.au\/p\/tribal-style-womens-shawl\/#primaryimage","url":"https:\/\/ozponcho.com.au\/wp-content\/uploads\/2023\/12\/HTB1NCXwQVXXXXXqXXXXq6xXFXXXs-1.webp","contentUrl":"https:\/\/ozponcho.com.au\/wp-content\/uploads\/2023\/12\/HTB1NCXwQVXXXXXqXXXXq6xXFXXXs-1.webp","width":800,"height":800,"caption":"Bohemian Fringe Poncho"},{"@type":"BreadcrumbList","@id":"https:\/\/ozponcho.com.au\/p\/tribal-style-womens-shawl\/#breadcrumb","itemListElement":[{"@type":"ListItem","position":1,"name":"Home","item":"https:\/\/ozponcho.com.au\/"},{"@type":"ListItem","position":2,"name":"Shop","item":"https:\/\/ozponcho.com.au\/shop\/"},{"@type":"ListItem","position":3,"name":"Bohemian Fringe Poncho"}]},{"@type":"WebSite","@id":"https:\/\/ozponcho.com.au\/#website","url":"https:\/\/ozponcho.com.au\/","name":"Poncho OZ","description":"","potentialAction":[{"@type":"SearchAction","target":{"@type":"EntryPoint","urlTemplate":"https:\/\/ozponcho.com.au\/?s={search_term_string}"},"query-input":{"@type":"PropertyValueSpecification","valueRequired":true,"valueName":"search_term_string"}}],"inLanguage":"pl-PL"}]}},"_links":{"self":[{"href":"https:\/\/ozponcho.com.au\/pl\/wp-json\/wp\/v2\/product\/16161","targetHints":{"allow":["GET"]}}],"collection":[{"href":"https:\/\/ozponcho.com.au\/pl\/wp-json\/wp\/v2\/product"}],"about":[{"href":"https:\/\/ozponcho.com.au\/pl\/wp-json\/wp\/v2\/types\/product"}],"wp:featuredmedia":[{"embeddable":true,"href":"https:\/\/ozponcho.com.au\/pl\/wp-json\/wp\/v2\/media\/16151"}],"wp:attachment":[{"href":"https:\/\/ozponcho.com.au\/pl\/wp-json\/wp\/v2\/media?parent=16161"}],"wp:term":[{"taxonomy":"product_brand","embeddable":true,"href":"https:\/\/ozponcho.com.au\/pl\/wp-json\/wp\/v2\/product_brand?post=16161"},{"taxonomy":"product_cat","embeddable":true,"href":"https:\/\/ozponcho.com.au\/pl\/wp-json\/wp\/v2\/product_cat?post=16161"},{"taxonomy":"product_tag","embeddable":true,"href":"https:\/\/ozponcho.com.au\/pl\/wp-json\/wp\/v2\/product_tag?post=16161"}],"curies":[{"name":"wp","href":"https:\/\/api.w.org\/{rel}","templated":true}]}}