{"id":15032,"date":"2023-12-30T22:19:28","date_gmt":"2023-12-30T11:19:28","guid":{"rendered":"https:\/\/ozponcho.com.au\/?post_type=product&#038;p=15032"},"modified":"2024-03-08T16:26:49","modified_gmt":"2024-03-08T05:26:49","slug":"child-winter-cozy-cape","status":"publish","type":"product","link":"https:\/\/ozponcho.com.au\/pl\/p\/dziecieca-zimowa-przytulna-peleryna\/","title":{"rendered":"Dzieci\u0119ce r\u00f3\u017cowe ponczo z kapturem"},"content":{"rendered":"<p>Otul swoje male\u0144stwo naszym pastelowym r\u00f3\u017cowym poncho z kapturem. Zaprojektowany z mi\u0142o\u015bci\u0105 dla przedzia\u0142u wiekowego 0-4T, ten pluszowy, poliestrowy p\u0142aszcz zapewnia dziecku ciep\u0142o podczas ch\u0142odu zimy. Urocze zwierz\u0119ce uszy na kapturze dodaj\u0105 odrobiny kaprysu, a konstrukcja bez r\u0119kaw\u00f3w zapewnia wygod\u0119 i swobod\u0119 ruch\u00f3w dla aktywnych maluch\u00f3w. Bezpieczne zapi\u0119cie na guziki przy szyi utrzymuje p\u0142aszcz na miejscu. Idealne na zimowe spacery lub przygody na placu zabaw, to poncho jest niezb\u0119dnym dodatkiem do garderoby Twojego dziecka, kt\u00f3ry \u0142\u0105czy przytulno\u015b\u0107 ze stylem.<\/p>\n<h2>SPECYFIKACJA<\/h2>\n<p>Nazwa marki: DIANRUO<\/p>\n<p>Styl: England Style<\/p>\n<p>Pochodzenie: Chiny kontynentalne<\/p>\n<p>CN: Guangdong<\/p>\n<p>Materia\u0142: Poliester<\/p>\n<p>Przedzia\u0142 wiekowy: 0-6m<\/p>\n<p>Przedzia\u0142 wiekowy: 7-12m<\/p>\n<p>Przedzia\u0142 wiekowy: 13-24m<\/p>\n<p>Przedzia\u0142 wiekowy: 25-36 m<\/p>\n<p>Przedzia\u0142 wiekowy: 4-6y<\/p>\n<p>P\u0142e\u0107: dziecko unisex<\/p>\n<p>Nazwa dzia\u0142u: Dziecko<\/p>\n<p>Ko\u0142nierz: z kapturem<\/p>\n<p>Styl r\u0119kaw\u00f3w: Regularny<\/p>\n<p>Numer modelu: PDD<\/p>\n<p>Rodzaj tkaniny: Frotte<\/p>\n<p>Typ wzoru: Jednolity<\/p>\n<p>D\u0142ugo\u015b\u0107 r\u0119kawa (cm): Kr\u00f3tki<\/p>\n<p>Dopasowanie: Pasuje do rozmiaru<\/p>","protected":false},"excerpt":{"rendered":"<p>Wrap your little one in the embrace of our pastel pink, hooded baby poncho. Designed with love for the 0-4T age range, this plush, polyester coat ensures your child stays warm during the chill of winter. Adorable animal ears on the hood add a touch of whimsy, while the sleeveless design offers comfort and freedom [&#8230;]","protected":false},"featured_media":15023,"template":"","meta":[],"product_brand":[],"product_cat":[15,222,213],"product_tag":[],"class_list":{"0":"post-15032","1":"product","2":"type-product","3":"status-publish","4":"has-post-thumbnail","6":"product_cat-main-category","7":"product_cat-pink-poncho","8":"product_cat-poncho-baby","10":"first","11":"instock","12":"shipping-taxable","13":"purchasable","14":"product-type-variable"},"yoast_head":"<!-- This site is optimized with the Yoast SEO plugin v25.9 - https:\/\/yoast.com\/wordpress\/plugins\/seo\/ -->\n<title>Baby Pink Hooded Poncho | Polska #1 Poncho Shop<\/title>\n<meta name=\"description\" content=\"Looking for a Baby Pink Hooded Poncho ? You&#039;ve come to the right place \ud83d\ude04 We offers a wide selection of Baby Pink Hooded Poncho, perfect for you.\" \/>\n<meta name=\"robots\" content=\"index, follow, max-snippet:-1, max-image-preview:large, max-video-preview:-1\" \/>\n<link rel=\"canonical\" href=\"https:\/\/ozponcho.com.au\/pl\/p\/dziecieca-zimowa-przytulna-peleryna\/\" \/>\n<meta property=\"og:locale\" content=\"pl_PL\" \/>\n<meta property=\"og:type\" content=\"article\" \/>\n<meta property=\"og:title\" content=\"Baby Pink Hooded Poncho | Polska #1 Poncho Shop\" \/>\n<meta property=\"og:description\" content=\"Looking for a Baby Pink Hooded Poncho ? You&#039;ve come to the right place \ud83d\ude04 We offers a wide selection of Baby Pink Hooded Poncho, perfect for you.\" \/>\n<meta property=\"og:url\" content=\"https:\/\/ozponcho.com.au\/pl\/p\/dziecieca-zimowa-przytulna-peleryna\/\" \/>\n<meta property=\"og:site_name\" content=\"OZ Poncho\" \/>\n<meta property=\"article:modified_time\" content=\"2024-03-08T05:26:49+00:00\" \/>\n<meta property=\"og:image\" content=\"https:\/\/ozponcho.com.au\/wp-content\/uploads\/2023\/12\/S94a0c377fa1845c39736d2281834383aq.webp\" \/>\n\t<meta property=\"og:image:width\" content=\"1375\" \/>\n\t<meta property=\"og:image:height\" content=\"1375\" \/>\n\t<meta property=\"og:image:type\" content=\"image\/webp\" \/>\n<meta name=\"twitter:card\" content=\"summary_large_image\" \/>\n<meta name=\"twitter:label1\" content=\"Szacowany czas czytania\" \/>\n\t<meta name=\"twitter:data1\" content=\"1 minuta\" \/>\n<script type=\"application\/ld+json\" class=\"yoast-schema-graph\">{\"@context\":\"https:\/\/schema.org\",\"@graph\":[{\"@type\":\"WebPage\",\"@id\":\"https:\/\/ozponcho.com.au\/p\/child-winter-cozy-cape\/\",\"url\":\"https:\/\/ozponcho.com.au\/p\/child-winter-cozy-cape\/\",\"name\":\"Baby Pink Hooded Poncho | Polska #1 Poncho Shop\",\"isPartOf\":{\"@id\":\"https:\/\/ozponcho.com.au\/#website\"},\"primaryImageOfPage\":{\"@id\":\"https:\/\/ozponcho.com.au\/p\/child-winter-cozy-cape\/#primaryimage\"},\"image\":{\"@id\":\"https:\/\/ozponcho.com.au\/p\/child-winter-cozy-cape\/#primaryimage\"},\"thumbnailUrl\":\"https:\/\/ozponcho.com.au\/wp-content\/uploads\/2023\/12\/S94a0c377fa1845c39736d2281834383aq.webp\",\"datePublished\":\"2023-12-30T11:19:28+00:00\",\"dateModified\":\"2024-03-08T05:26:49+00:00\",\"description\":\"Looking for a Baby Pink Hooded Poncho ? You've come to the right place \ud83d\ude04 We offers a wide selection of Baby Pink Hooded Poncho, perfect for you.\",\"breadcrumb\":{\"@id\":\"https:\/\/ozponcho.com.au\/p\/child-winter-cozy-cape\/#breadcrumb\"},\"inLanguage\":\"pl-PL\",\"potentialAction\":[{\"@type\":\"ReadAction\",\"target\":[\"https:\/\/ozponcho.com.au\/p\/child-winter-cozy-cape\/\"]}]},{\"@type\":\"ImageObject\",\"inLanguage\":\"pl-PL\",\"@id\":\"https:\/\/ozponcho.com.au\/p\/child-winter-cozy-cape\/#primaryimage\",\"url\":\"https:\/\/ozponcho.com.au\/wp-content\/uploads\/2023\/12\/S94a0c377fa1845c39736d2281834383aq.webp\",\"contentUrl\":\"https:\/\/ozponcho.com.au\/wp-content\/uploads\/2023\/12\/S94a0c377fa1845c39736d2281834383aq.webp\",\"width\":1375,\"height\":1375,\"caption\":\"Baby Pink Hooded Poncho\"},{\"@type\":\"BreadcrumbList\",\"@id\":\"https:\/\/ozponcho.com.au\/p\/child-winter-cozy-cape\/#breadcrumb\",\"itemListElement\":[{\"@type\":\"ListItem\",\"position\":1,\"name\":\"Home\",\"item\":\"https:\/\/ozponcho.com.au\/\"},{\"@type\":\"ListItem\",\"position\":2,\"name\":\"Shop\",\"item\":\"https:\/\/ozponcho.com.au\/shop\/\"},{\"@type\":\"ListItem\",\"position\":3,\"name\":\"Baby Pink Hooded Poncho\"}]},{\"@type\":\"WebSite\",\"@id\":\"https:\/\/ozponcho.com.au\/#website\",\"url\":\"https:\/\/ozponcho.com.au\/\",\"name\":\"OZ Poncho\",\"description\":\"\",\"potentialAction\":[{\"@type\":\"SearchAction\",\"target\":{\"@type\":\"EntryPoint\",\"urlTemplate\":\"https:\/\/ozponcho.com.au\/?s={search_term_string}\"},\"query-input\":{\"@type\":\"PropertyValueSpecification\",\"valueRequired\":true,\"valueName\":\"search_term_string\"}}],\"inLanguage\":\"pl-PL\"}]}<\/script>\n<!-- \/ Yoast SEO plugin. -->","yoast_head_json":{"title":"Dzieci\u0119ce r\u00f3\u017cowe poncho z kapturem | Polska #1 Poncho Shop","description":"Szukasz Ponczo dzieci\u0119ce r\u00f3\u017cowe z kapturem? Jeste\u015b we w\u0142a\u015bciwym miejscu \ud83d\ude04 Oferujemy szeroki wyb\u00f3r Ponczo z kapturem Baby Pink, idealnych dla Ciebie.","robots":{"index":"index","follow":"follow","max-snippet":"max-snippet:-1","max-image-preview":"max-image-preview:large","max-video-preview":"max-video-preview:-1"},"canonical":"https:\/\/ozponcho.com.au\/pl\/p\/dziecieca-zimowa-przytulna-peleryna\/","og_locale":"pl_PL","og_type":"article","og_title":"Baby Pink Hooded Poncho | Polska #1 Poncho Shop","og_description":"Looking for a Baby Pink Hooded Poncho ? You've come to the right place \ud83d\ude04 We offers a wide selection of Baby Pink Hooded Poncho, perfect for you.","og_url":"https:\/\/ozponcho.com.au\/pl\/p\/dziecieca-zimowa-przytulna-peleryna\/","og_site_name":"OZ Poncho","article_modified_time":"2024-03-08T05:26:49+00:00","og_image":[{"width":1375,"height":1375,"url":"https:\/\/ozponcho.com.au\/wp-content\/uploads\/2023\/12\/S94a0c377fa1845c39736d2281834383aq.webp","type":"image\/webp"}],"twitter_card":"summary_large_image","twitter_misc":{"Szacowany czas czytania":"1 minuta"},"schema":{"@context":"https:\/\/schema.org","@graph":[{"@type":"WebPage","@id":"https:\/\/ozponcho.com.au\/p\/child-winter-cozy-cape\/","url":"https:\/\/ozponcho.com.au\/p\/child-winter-cozy-cape\/","name":"Dzieci\u0119ce r\u00f3\u017cowe poncho z kapturem | Polska #1 Poncho Shop","isPartOf":{"@id":"https:\/\/ozponcho.com.au\/#website"},"primaryImageOfPage":{"@id":"https:\/\/ozponcho.com.au\/p\/child-winter-cozy-cape\/#primaryimage"},"image":{"@id":"https:\/\/ozponcho.com.au\/p\/child-winter-cozy-cape\/#primaryimage"},"thumbnailUrl":"https:\/\/ozponcho.com.au\/wp-content\/uploads\/2023\/12\/S94a0c377fa1845c39736d2281834383aq.webp","datePublished":"2023-12-30T11:19:28+00:00","dateModified":"2024-03-08T05:26:49+00:00","description":"Szukasz Ponczo dzieci\u0119ce r\u00f3\u017cowe z kapturem? Jeste\u015b we w\u0142a\u015bciwym miejscu \ud83d\ude04 Oferujemy szeroki wyb\u00f3r Ponczo z kapturem Baby Pink, idealnych dla Ciebie.","breadcrumb":{"@id":"https:\/\/ozponcho.com.au\/p\/child-winter-cozy-cape\/#breadcrumb"},"inLanguage":"pl-PL","potentialAction":[{"@type":"ReadAction","target":["https:\/\/ozponcho.com.au\/p\/child-winter-cozy-cape\/"]}]},{"@type":"ImageObject","inLanguage":"pl-PL","@id":"https:\/\/ozponcho.com.au\/p\/child-winter-cozy-cape\/#primaryimage","url":"https:\/\/ozponcho.com.au\/wp-content\/uploads\/2023\/12\/S94a0c377fa1845c39736d2281834383aq.webp","contentUrl":"https:\/\/ozponcho.com.au\/wp-content\/uploads\/2023\/12\/S94a0c377fa1845c39736d2281834383aq.webp","width":1375,"height":1375,"caption":"Baby Pink Hooded Poncho"},{"@type":"BreadcrumbList","@id":"https:\/\/ozponcho.com.au\/p\/child-winter-cozy-cape\/#breadcrumb","itemListElement":[{"@type":"ListItem","position":1,"name":"Home","item":"https:\/\/ozponcho.com.au\/"},{"@type":"ListItem","position":2,"name":"Shop","item":"https:\/\/ozponcho.com.au\/shop\/"},{"@type":"ListItem","position":3,"name":"Baby Pink Hooded Poncho"}]},{"@type":"WebSite","@id":"https:\/\/ozponcho.com.au\/#website","url":"https:\/\/ozponcho.com.au\/","name":"Poncho OZ","description":"","potentialAction":[{"@type":"SearchAction","target":{"@type":"EntryPoint","urlTemplate":"https:\/\/ozponcho.com.au\/?s={search_term_string}"},"query-input":{"@type":"PropertyValueSpecification","valueRequired":true,"valueName":"search_term_string"}}],"inLanguage":"pl-PL"}]}},"_links":{"self":[{"href":"https:\/\/ozponcho.com.au\/pl\/wp-json\/wp\/v2\/product\/15032","targetHints":{"allow":["GET"]}}],"collection":[{"href":"https:\/\/ozponcho.com.au\/pl\/wp-json\/wp\/v2\/product"}],"about":[{"href":"https:\/\/ozponcho.com.au\/pl\/wp-json\/wp\/v2\/types\/product"}],"wp:featuredmedia":[{"embeddable":true,"href":"https:\/\/ozponcho.com.au\/pl\/wp-json\/wp\/v2\/media\/15023"}],"wp:attachment":[{"href":"https:\/\/ozponcho.com.au\/pl\/wp-json\/wp\/v2\/media?parent=15032"}],"wp:term":[{"taxonomy":"product_brand","embeddable":true,"href":"https:\/\/ozponcho.com.au\/pl\/wp-json\/wp\/v2\/product_brand?post=15032"},{"taxonomy":"product_cat","embeddable":true,"href":"https:\/\/ozponcho.com.au\/pl\/wp-json\/wp\/v2\/product_cat?post=15032"},{"taxonomy":"product_tag","embeddable":true,"href":"https:\/\/ozponcho.com.au\/pl\/wp-json\/wp\/v2\/product_tag?post=15032"}],"curies":[{"name":"wp","href":"https:\/\/api.w.org\/{rel}","templated":true}]}}