{"id":15005,"date":"2023-12-30T22:19:05","date_gmt":"2023-12-30T11:19:05","guid":{"rendered":"https:\/\/ozponcho.com.au\/?post_type=product&#038;p=15005"},"modified":"2024-03-08T16:26:49","modified_gmt":"2024-03-08T05:26:49","slug":"cozy-childrens-beach-poncho","status":"publish","type":"product","link":"https:\/\/ozponcho.com.au\/pl\/p\/cozy-childrens-beach-poncho\/","title":{"rendered":"Mi\u0119kki r\u0119cznik dzieci\u0119cy Poncho z kapturem"},"content":{"rendered":"<p>Wrap your little one in comfort with this plush hooded kids&#8217; poncho towel. Perfect for post-bath coziness, beach outings, or poolside fun, it&#8217;s crafted from ultra-soft microfiber fabric to gently dry delicate skin. The adorable, vibrant designs\u00e2\u20ac\u201dfrom unicorns to sea creatures\u00e2\u20ac\u201dspark children&#8217;s imagination, making bathtime or swim time an adventure. Easy to wear and quick-drying, it&#8217;s the perfect addition to your child&#8217;s daily routine, offering a combination of warmth, comfort, and playful style that both kids and parents will love.<\/p>\n<h2>SPECYFIKACJA<\/h2>\n<p>Brand Name: NoEnName_Null<\/p>\n<p>Technika: Bawe\u0142na czesana<\/p>\n<p>Pochodzenie: Chiny kontynentalne<\/p>\n<p>CN: Sichuan<\/p>\n<p>Materia\u0142: Tkanina z mikrofibry<\/p>","protected":false},"excerpt":{"rendered":"<p>Wrap your little one in comfort with this plush hooded kids&#8217; poncho towel. Perfect for post-bath coziness, beach outings, or poolside fun, it&#8217;s crafted from ultra-soft microfiber fabric to gently dry delicate skin. The adorable, vibrant designs\u00e2\u20ac\u201dfrom unicorns to sea creatures\u00e2\u20ac\u201dspark children&#8217;s imagination, making bathtime or swim time an adventure. Easy to wear and quick-drying, [&#8230;]","protected":false},"featured_media":15004,"template":"","meta":[],"product_brand":[],"product_cat":[15,222,213,212,208],"product_tag":[],"class_list":{"0":"post-15005","1":"product","2":"type-product","3":"status-publish","4":"has-post-thumbnail","6":"product_cat-main-category","7":"product_cat-pink-poncho","8":"product_cat-poncho-baby","9":"product_cat-poncho-kid","10":"product_cat-surf-poncho","12":"first","13":"instock","14":"shipping-taxable","15":"purchasable","16":"product-type-variable"},"yoast_head":"<!-- This site is optimized with the Yoast SEO plugin v25.9 - https:\/\/yoast.com\/wordpress\/plugins\/seo\/ -->\n<title>Soft Hooded Kids Poncho Towel | Polska #1 Poncho Shop<\/title>\n<meta name=\"description\" content=\"Looking for a Soft Hooded Kids Poncho Towel ? You&#039;ve come to the right place \ud83d\ude04 We offers a wide selection of Soft Hooded Kids Poncho Towel, perfect for you.\" \/>\n<meta name=\"robots\" content=\"index, follow, max-snippet:-1, max-image-preview:large, max-video-preview:-1\" \/>\n<link rel=\"canonical\" href=\"https:\/\/ozponcho.com.au\/pl\/p\/cozy-childrens-beach-poncho\/\" \/>\n<meta property=\"og:locale\" content=\"pl_PL\" \/>\n<meta property=\"og:type\" content=\"article\" \/>\n<meta property=\"og:title\" content=\"Soft Hooded Kids Poncho Towel | Polska #1 Poncho Shop\" \/>\n<meta property=\"og:description\" content=\"Looking for a Soft Hooded Kids Poncho Towel ? You&#039;ve come to the right place \ud83d\ude04 We offers a wide selection of Soft Hooded Kids Poncho Towel, perfect for you.\" \/>\n<meta property=\"og:url\" content=\"https:\/\/ozponcho.com.au\/pl\/p\/cozy-childrens-beach-poncho\/\" \/>\n<meta property=\"og:site_name\" content=\"OZ Poncho\" \/>\n<meta property=\"article:modified_time\" content=\"2024-03-08T05:26:49+00:00\" \/>\n<meta property=\"og:image\" content=\"https:\/\/ozponcho.com.au\/wp-content\/uploads\/2023\/12\/S222e3c20a20e472daa9f487a743f8133p.webp\" \/>\n\t<meta property=\"og:image:width\" content=\"800\" \/>\n\t<meta property=\"og:image:height\" content=\"800\" \/>\n\t<meta property=\"og:image:type\" content=\"image\/webp\" \/>\n<meta name=\"twitter:card\" content=\"summary_large_image\" \/>\n<meta name=\"twitter:label1\" content=\"Szacowany czas czytania\" \/>\n\t<meta name=\"twitter:data1\" content=\"1 minuta\" \/>\n<script type=\"application\/ld+json\" class=\"yoast-schema-graph\">{\"@context\":\"https:\/\/schema.org\",\"@graph\":[{\"@type\":\"WebPage\",\"@id\":\"https:\/\/ozponcho.com.au\/p\/cozy-childrens-beach-poncho\/\",\"url\":\"https:\/\/ozponcho.com.au\/p\/cozy-childrens-beach-poncho\/\",\"name\":\"Soft Hooded Kids Poncho Towel | Polska #1 Poncho Shop\",\"isPartOf\":{\"@id\":\"https:\/\/ozponcho.com.au\/#website\"},\"primaryImageOfPage\":{\"@id\":\"https:\/\/ozponcho.com.au\/p\/cozy-childrens-beach-poncho\/#primaryimage\"},\"image\":{\"@id\":\"https:\/\/ozponcho.com.au\/p\/cozy-childrens-beach-poncho\/#primaryimage\"},\"thumbnailUrl\":\"https:\/\/ozponcho.com.au\/wp-content\/uploads\/2023\/12\/S222e3c20a20e472daa9f487a743f8133p.webp\",\"datePublished\":\"2023-12-30T11:19:05+00:00\",\"dateModified\":\"2024-03-08T05:26:49+00:00\",\"description\":\"Looking for a Soft Hooded Kids Poncho Towel ? You've come to the right place \ud83d\ude04 We offers a wide selection of Soft Hooded Kids Poncho Towel, perfect for you.\",\"breadcrumb\":{\"@id\":\"https:\/\/ozponcho.com.au\/p\/cozy-childrens-beach-poncho\/#breadcrumb\"},\"inLanguage\":\"pl-PL\",\"potentialAction\":[{\"@type\":\"ReadAction\",\"target\":[\"https:\/\/ozponcho.com.au\/p\/cozy-childrens-beach-poncho\/\"]}]},{\"@type\":\"ImageObject\",\"inLanguage\":\"pl-PL\",\"@id\":\"https:\/\/ozponcho.com.au\/p\/cozy-childrens-beach-poncho\/#primaryimage\",\"url\":\"https:\/\/ozponcho.com.au\/wp-content\/uploads\/2023\/12\/S222e3c20a20e472daa9f487a743f8133p.webp\",\"contentUrl\":\"https:\/\/ozponcho.com.au\/wp-content\/uploads\/2023\/12\/S222e3c20a20e472daa9f487a743f8133p.webp\",\"width\":800,\"height\":800,\"caption\":\"Soft Hooded Kids Poncho Towel\"},{\"@type\":\"BreadcrumbList\",\"@id\":\"https:\/\/ozponcho.com.au\/p\/cozy-childrens-beach-poncho\/#breadcrumb\",\"itemListElement\":[{\"@type\":\"ListItem\",\"position\":1,\"name\":\"Home\",\"item\":\"https:\/\/ozponcho.com.au\/\"},{\"@type\":\"ListItem\",\"position\":2,\"name\":\"Shop\",\"item\":\"https:\/\/ozponcho.com.au\/shop\/\"},{\"@type\":\"ListItem\",\"position\":3,\"name\":\"Soft Hooded Kids Poncho Towel\"}]},{\"@type\":\"WebSite\",\"@id\":\"https:\/\/ozponcho.com.au\/#website\",\"url\":\"https:\/\/ozponcho.com.au\/\",\"name\":\"OZ Poncho\",\"description\":\"\",\"potentialAction\":[{\"@type\":\"SearchAction\",\"target\":{\"@type\":\"EntryPoint\",\"urlTemplate\":\"https:\/\/ozponcho.com.au\/?s={search_term_string}\"},\"query-input\":{\"@type\":\"PropertyValueSpecification\",\"valueRequired\":true,\"valueName\":\"search_term_string\"}}],\"inLanguage\":\"pl-PL\"}]}<\/script>\n<!-- \/ Yoast SEO plugin. -->","yoast_head_json":{"title":"Soft Hooded Kids Poncho Towel | Polska #1 Poncho Shop","description":"Looking for a Soft Hooded Kids Poncho Towel ? You've come to the right place \ud83d\ude04 We offers a wide selection of Soft Hooded Kids Poncho Towel, perfect for you.","robots":{"index":"index","follow":"follow","max-snippet":"max-snippet:-1","max-image-preview":"max-image-preview:large","max-video-preview":"max-video-preview:-1"},"canonical":"https:\/\/ozponcho.com.au\/pl\/p\/cozy-childrens-beach-poncho\/","og_locale":"pl_PL","og_type":"article","og_title":"Soft Hooded Kids Poncho Towel | Polska #1 Poncho Shop","og_description":"Looking for a Soft Hooded Kids Poncho Towel ? You've come to the right place \ud83d\ude04 We offers a wide selection of Soft Hooded Kids Poncho Towel, perfect for you.","og_url":"https:\/\/ozponcho.com.au\/pl\/p\/cozy-childrens-beach-poncho\/","og_site_name":"OZ Poncho","article_modified_time":"2024-03-08T05:26:49+00:00","og_image":[{"width":800,"height":800,"url":"https:\/\/ozponcho.com.au\/wp-content\/uploads\/2023\/12\/S222e3c20a20e472daa9f487a743f8133p.webp","type":"image\/webp"}],"twitter_card":"summary_large_image","twitter_misc":{"Szacowany czas czytania":"1 minuta"},"schema":{"@context":"https:\/\/schema.org","@graph":[{"@type":"WebPage","@id":"https:\/\/ozponcho.com.au\/p\/cozy-childrens-beach-poncho\/","url":"https:\/\/ozponcho.com.au\/p\/cozy-childrens-beach-poncho\/","name":"Soft Hooded Kids Poncho Towel | Polska #1 Poncho Shop","isPartOf":{"@id":"https:\/\/ozponcho.com.au\/#website"},"primaryImageOfPage":{"@id":"https:\/\/ozponcho.com.au\/p\/cozy-childrens-beach-poncho\/#primaryimage"},"image":{"@id":"https:\/\/ozponcho.com.au\/p\/cozy-childrens-beach-poncho\/#primaryimage"},"thumbnailUrl":"https:\/\/ozponcho.com.au\/wp-content\/uploads\/2023\/12\/S222e3c20a20e472daa9f487a743f8133p.webp","datePublished":"2023-12-30T11:19:05+00:00","dateModified":"2024-03-08T05:26:49+00:00","description":"Looking for a Soft Hooded Kids Poncho Towel ? You've come to the right place \ud83d\ude04 We offers a wide selection of Soft Hooded Kids Poncho Towel, perfect for you.","breadcrumb":{"@id":"https:\/\/ozponcho.com.au\/p\/cozy-childrens-beach-poncho\/#breadcrumb"},"inLanguage":"pl-PL","potentialAction":[{"@type":"ReadAction","target":["https:\/\/ozponcho.com.au\/p\/cozy-childrens-beach-poncho\/"]}]},{"@type":"ImageObject","inLanguage":"pl-PL","@id":"https:\/\/ozponcho.com.au\/p\/cozy-childrens-beach-poncho\/#primaryimage","url":"https:\/\/ozponcho.com.au\/wp-content\/uploads\/2023\/12\/S222e3c20a20e472daa9f487a743f8133p.webp","contentUrl":"https:\/\/ozponcho.com.au\/wp-content\/uploads\/2023\/12\/S222e3c20a20e472daa9f487a743f8133p.webp","width":800,"height":800,"caption":"Soft Hooded Kids Poncho Towel"},{"@type":"BreadcrumbList","@id":"https:\/\/ozponcho.com.au\/p\/cozy-childrens-beach-poncho\/#breadcrumb","itemListElement":[{"@type":"ListItem","position":1,"name":"Home","item":"https:\/\/ozponcho.com.au\/"},{"@type":"ListItem","position":2,"name":"Shop","item":"https:\/\/ozponcho.com.au\/shop\/"},{"@type":"ListItem","position":3,"name":"Soft Hooded Kids Poncho Towel"}]},{"@type":"WebSite","@id":"https:\/\/ozponcho.com.au\/#website","url":"https:\/\/ozponcho.com.au\/","name":"Poncho OZ","description":"","potentialAction":[{"@type":"SearchAction","target":{"@type":"EntryPoint","urlTemplate":"https:\/\/ozponcho.com.au\/?s={search_term_string}"},"query-input":{"@type":"PropertyValueSpecification","valueRequired":true,"valueName":"search_term_string"}}],"inLanguage":"pl-PL"}]}},"_links":{"self":[{"href":"https:\/\/ozponcho.com.au\/pl\/wp-json\/wp\/v2\/product\/15005","targetHints":{"allow":["GET"]}}],"collection":[{"href":"https:\/\/ozponcho.com.au\/pl\/wp-json\/wp\/v2\/product"}],"about":[{"href":"https:\/\/ozponcho.com.au\/pl\/wp-json\/wp\/v2\/types\/product"}],"wp:featuredmedia":[{"embeddable":true,"href":"https:\/\/ozponcho.com.au\/pl\/wp-json\/wp\/v2\/media\/15004"}],"wp:attachment":[{"href":"https:\/\/ozponcho.com.au\/pl\/wp-json\/wp\/v2\/media?parent=15005"}],"wp:term":[{"taxonomy":"product_brand","embeddable":true,"href":"https:\/\/ozponcho.com.au\/pl\/wp-json\/wp\/v2\/product_brand?post=15005"},{"taxonomy":"product_cat","embeddable":true,"href":"https:\/\/ozponcho.com.au\/pl\/wp-json\/wp\/v2\/product_cat?post=15005"},{"taxonomy":"product_tag","embeddable":true,"href":"https:\/\/ozponcho.com.au\/pl\/wp-json\/wp\/v2\/product_tag?post=15005"}],"curies":[{"name":"wp","href":"https:\/\/api.w.org\/{rel}","templated":true}]}}