{"id":14918,"date":"2023-12-30T22:17:53","date_gmt":"2023-12-30T11:17:53","guid":{"rendered":"https:\/\/ozponcho.com.au\/?post_type=product&#038;p=14918"},"modified":"2024-03-08T16:26:52","modified_gmt":"2024-03-08T05:26:52","slug":"children-beach-towel-cape-4","status":"publish","type":"product","link":"https:\/\/ozponcho.com.au\/pl\/p\/recznik-plazowy-dla-dzieci-peleryna-4\/","title":{"rendered":"Dzieci\u0119ce ponczo z kapturem"},"content":{"rendered":"<p>Otul swojego malucha naszym dzieci\u0119cym poncho z kapturem po zabawnym dniu na pla\u017cy lub przytulnej k\u0105pieli. Wykonany z mi\u0119kkiej mikrofibry r\u0119cznik pe\u0142ni r\u00f3wnie\u017c funkcj\u0119 poncho, a na jego powierzchni znajduje si\u0119 szereg zachwycaj\u0105cych wzor\u00f3w, od dinozaur\u00f3w po jednoro\u017cce. Szybkoschn\u0105cy materia\u0142 zapewnia ciep\u0142o i przytulno\u015b\u0107, a kaptur zapewnia dodatkow\u0105 ochron\u0119 przed s\u0142o\u0144cem. \u0141atwe w noszeniu i pe\u0142ne zabawnych wzor\u00f3w, nasze poncza uszcz\u0119\u015bliwiaj\u0105 zar\u00f3wno dzieci, jak i rodzic\u00f3w, zapewniaj\u0105c bezproblemowy spos\u00f3b na osuszenie si\u0119 i kontynuowanie przygody.<\/p>\n<h2>SPECYFIKACJA<\/h2>\n<p>Technika: Bawe\u0142na czesana<\/p>\n<p>Pochodzenie: Chiny kontynentalne<\/p>","protected":false},"excerpt":{"rendered":"<p>Wrap your little one in the comfort of our Kids&#8217; Hooded Cartoon Poncho after a fun day at the beach or a cuddly bath time. Made with soft microfiber fabric, this towel doubles as a poncho, featuring an array of delightful patterns from dinosaurs to unicorns. Its quick-drying material offers warmth and coziness, while the [&#8230;]","protected":false},"featured_media":14917,"template":"","meta":[],"product_brand":[],"product_cat":[15,212,208],"product_tag":[],"class_list":{"0":"post-14918","1":"product","2":"type-product","3":"status-publish","4":"has-post-thumbnail","6":"product_cat-main-category","7":"product_cat-poncho-kid","8":"product_cat-surf-poncho","10":"first","11":"instock","12":"shipping-taxable","13":"purchasable","14":"product-type-variable"},"yoast_head":"<!-- This site is optimized with the Yoast SEO plugin v25.9 - https:\/\/yoast.com\/wordpress\/plugins\/seo\/ -->\n<title>Kids&#039; Hooded Cartoon Poncho | Polska #1 Poncho Shop<\/title>\n<meta name=\"description\" content=\"Looking for a Kids&#039; Hooded Cartoon Poncho ? You&#039;ve come to the right place \ud83d\ude04 We offers a wide selection of Kids&#039; Hooded Cartoon Poncho, perfect for you.\" \/>\n<meta name=\"robots\" content=\"index, follow, max-snippet:-1, max-image-preview:large, max-video-preview:-1\" \/>\n<link rel=\"canonical\" href=\"https:\/\/ozponcho.com.au\/pl\/p\/recznik-plazowy-dla-dzieci-peleryna-4\/\" \/>\n<meta property=\"og:locale\" content=\"pl_PL\" \/>\n<meta property=\"og:type\" content=\"article\" \/>\n<meta property=\"og:title\" content=\"Kids&#039; Hooded Cartoon Poncho | Polska #1 Poncho Shop\" \/>\n<meta property=\"og:description\" content=\"Looking for a Kids&#039; Hooded Cartoon Poncho ? You&#039;ve come to the right place \ud83d\ude04 We offers a wide selection of Kids&#039; Hooded Cartoon Poncho, perfect for you.\" \/>\n<meta property=\"og:url\" content=\"https:\/\/ozponcho.com.au\/pl\/p\/recznik-plazowy-dla-dzieci-peleryna-4\/\" \/>\n<meta property=\"og:site_name\" content=\"OZ Poncho\" \/>\n<meta property=\"article:modified_time\" content=\"2024-03-08T05:26:52+00:00\" \/>\n<meta property=\"og:image\" content=\"https:\/\/ozponcho.com.au\/wp-content\/uploads\/2023\/12\/Sb0406afc310c4b30bbdbd45a7368ef85p.webp\" \/>\n\t<meta property=\"og:image:width\" content=\"800\" \/>\n\t<meta property=\"og:image:height\" content=\"800\" \/>\n\t<meta property=\"og:image:type\" content=\"image\/webp\" \/>\n<meta name=\"twitter:card\" content=\"summary_large_image\" \/>\n<meta name=\"twitter:label1\" content=\"Szacowany czas czytania\" \/>\n\t<meta name=\"twitter:data1\" content=\"1 minuta\" \/>\n<script type=\"application\/ld+json\" class=\"yoast-schema-graph\">{\"@context\":\"https:\/\/schema.org\",\"@graph\":[{\"@type\":\"WebPage\",\"@id\":\"https:\/\/ozponcho.com.au\/p\/children-beach-towel-cape-4\/\",\"url\":\"https:\/\/ozponcho.com.au\/p\/children-beach-towel-cape-4\/\",\"name\":\"Kids' Hooded Cartoon Poncho | Polska #1 Poncho Shop\",\"isPartOf\":{\"@id\":\"https:\/\/ozponcho.com.au\/#website\"},\"primaryImageOfPage\":{\"@id\":\"https:\/\/ozponcho.com.au\/p\/children-beach-towel-cape-4\/#primaryimage\"},\"image\":{\"@id\":\"https:\/\/ozponcho.com.au\/p\/children-beach-towel-cape-4\/#primaryimage\"},\"thumbnailUrl\":\"https:\/\/ozponcho.com.au\/wp-content\/uploads\/2023\/12\/Sb0406afc310c4b30bbdbd45a7368ef85p.webp\",\"datePublished\":\"2023-12-30T11:17:53+00:00\",\"dateModified\":\"2024-03-08T05:26:52+00:00\",\"description\":\"Looking for a Kids' Hooded Cartoon Poncho ? You've come to the right place \ud83d\ude04 We offers a wide selection of Kids' Hooded Cartoon Poncho, perfect for you.\",\"breadcrumb\":{\"@id\":\"https:\/\/ozponcho.com.au\/p\/children-beach-towel-cape-4\/#breadcrumb\"},\"inLanguage\":\"pl-PL\",\"potentialAction\":[{\"@type\":\"ReadAction\",\"target\":[\"https:\/\/ozponcho.com.au\/p\/children-beach-towel-cape-4\/\"]}]},{\"@type\":\"ImageObject\",\"inLanguage\":\"pl-PL\",\"@id\":\"https:\/\/ozponcho.com.au\/p\/children-beach-towel-cape-4\/#primaryimage\",\"url\":\"https:\/\/ozponcho.com.au\/wp-content\/uploads\/2023\/12\/Sb0406afc310c4b30bbdbd45a7368ef85p.webp\",\"contentUrl\":\"https:\/\/ozponcho.com.au\/wp-content\/uploads\/2023\/12\/Sb0406afc310c4b30bbdbd45a7368ef85p.webp\",\"width\":800,\"height\":800,\"caption\":\"Kids' Hooded Cartoon Poncho\"},{\"@type\":\"BreadcrumbList\",\"@id\":\"https:\/\/ozponcho.com.au\/p\/children-beach-towel-cape-4\/#breadcrumb\",\"itemListElement\":[{\"@type\":\"ListItem\",\"position\":1,\"name\":\"Home\",\"item\":\"https:\/\/ozponcho.com.au\/\"},{\"@type\":\"ListItem\",\"position\":2,\"name\":\"Shop\",\"item\":\"https:\/\/ozponcho.com.au\/shop\/\"},{\"@type\":\"ListItem\",\"position\":3,\"name\":\"Kids&#8217; Hooded Cartoon Poncho\"}]},{\"@type\":\"WebSite\",\"@id\":\"https:\/\/ozponcho.com.au\/#website\",\"url\":\"https:\/\/ozponcho.com.au\/\",\"name\":\"OZ Poncho\",\"description\":\"\",\"potentialAction\":[{\"@type\":\"SearchAction\",\"target\":{\"@type\":\"EntryPoint\",\"urlTemplate\":\"https:\/\/ozponcho.com.au\/?s={search_term_string}\"},\"query-input\":{\"@type\":\"PropertyValueSpecification\",\"valueRequired\":true,\"valueName\":\"search_term_string\"}}],\"inLanguage\":\"pl-PL\"}]}<\/script>\n<!-- \/ Yoast SEO plugin. -->","yoast_head_json":{"title":"Ponczo dzieci\u0119ce z kapturem | Polska #1 Poncho Shop","description":"Szukasz dzieci\u0119cego poncho z kapturem z kresk\u00f3wek? Jeste\u015b we w\u0142a\u015bciwym miejscu \ud83d\ude04 Oferujemy szeroki wyb\u00f3r Ponczo z kapturem dla dzieci, idealnych dla Ciebie.","robots":{"index":"index","follow":"follow","max-snippet":"max-snippet:-1","max-image-preview":"max-image-preview:large","max-video-preview":"max-video-preview:-1"},"canonical":"https:\/\/ozponcho.com.au\/pl\/p\/recznik-plazowy-dla-dzieci-peleryna-4\/","og_locale":"pl_PL","og_type":"article","og_title":"Kids' Hooded Cartoon Poncho | Polska #1 Poncho Shop","og_description":"Looking for a Kids' Hooded Cartoon Poncho ? You've come to the right place \ud83d\ude04 We offers a wide selection of Kids' Hooded Cartoon Poncho, perfect for you.","og_url":"https:\/\/ozponcho.com.au\/pl\/p\/recznik-plazowy-dla-dzieci-peleryna-4\/","og_site_name":"OZ Poncho","article_modified_time":"2024-03-08T05:26:52+00:00","og_image":[{"width":800,"height":800,"url":"https:\/\/ozponcho.com.au\/wp-content\/uploads\/2023\/12\/Sb0406afc310c4b30bbdbd45a7368ef85p.webp","type":"image\/webp"}],"twitter_card":"summary_large_image","twitter_misc":{"Szacowany czas czytania":"1 minuta"},"schema":{"@context":"https:\/\/schema.org","@graph":[{"@type":"WebPage","@id":"https:\/\/ozponcho.com.au\/p\/children-beach-towel-cape-4\/","url":"https:\/\/ozponcho.com.au\/p\/children-beach-towel-cape-4\/","name":"Ponczo dzieci\u0119ce z kapturem | Polska #1 Poncho Shop","isPartOf":{"@id":"https:\/\/ozponcho.com.au\/#website"},"primaryImageOfPage":{"@id":"https:\/\/ozponcho.com.au\/p\/children-beach-towel-cape-4\/#primaryimage"},"image":{"@id":"https:\/\/ozponcho.com.au\/p\/children-beach-towel-cape-4\/#primaryimage"},"thumbnailUrl":"https:\/\/ozponcho.com.au\/wp-content\/uploads\/2023\/12\/Sb0406afc310c4b30bbdbd45a7368ef85p.webp","datePublished":"2023-12-30T11:17:53+00:00","dateModified":"2024-03-08T05:26:52+00:00","description":"Szukasz dzieci\u0119cego poncho z kapturem z kresk\u00f3wek? Jeste\u015b we w\u0142a\u015bciwym miejscu \ud83d\ude04 Oferujemy szeroki wyb\u00f3r Ponczo z kapturem dla dzieci, idealnych dla Ciebie.","breadcrumb":{"@id":"https:\/\/ozponcho.com.au\/p\/children-beach-towel-cape-4\/#breadcrumb"},"inLanguage":"pl-PL","potentialAction":[{"@type":"ReadAction","target":["https:\/\/ozponcho.com.au\/p\/children-beach-towel-cape-4\/"]}]},{"@type":"ImageObject","inLanguage":"pl-PL","@id":"https:\/\/ozponcho.com.au\/p\/children-beach-towel-cape-4\/#primaryimage","url":"https:\/\/ozponcho.com.au\/wp-content\/uploads\/2023\/12\/Sb0406afc310c4b30bbdbd45a7368ef85p.webp","contentUrl":"https:\/\/ozponcho.com.au\/wp-content\/uploads\/2023\/12\/Sb0406afc310c4b30bbdbd45a7368ef85p.webp","width":800,"height":800,"caption":"Kids' Hooded Cartoon Poncho"},{"@type":"BreadcrumbList","@id":"https:\/\/ozponcho.com.au\/p\/children-beach-towel-cape-4\/#breadcrumb","itemListElement":[{"@type":"ListItem","position":1,"name":"Home","item":"https:\/\/ozponcho.com.au\/"},{"@type":"ListItem","position":2,"name":"Shop","item":"https:\/\/ozponcho.com.au\/shop\/"},{"@type":"ListItem","position":3,"name":"Kids&#8217; Hooded Cartoon Poncho"}]},{"@type":"WebSite","@id":"https:\/\/ozponcho.com.au\/#website","url":"https:\/\/ozponcho.com.au\/","name":"Poncho OZ","description":"","potentialAction":[{"@type":"SearchAction","target":{"@type":"EntryPoint","urlTemplate":"https:\/\/ozponcho.com.au\/?s={search_term_string}"},"query-input":{"@type":"PropertyValueSpecification","valueRequired":true,"valueName":"search_term_string"}}],"inLanguage":"pl-PL"}]}},"_links":{"self":[{"href":"https:\/\/ozponcho.com.au\/pl\/wp-json\/wp\/v2\/product\/14918","targetHints":{"allow":["GET"]}}],"collection":[{"href":"https:\/\/ozponcho.com.au\/pl\/wp-json\/wp\/v2\/product"}],"about":[{"href":"https:\/\/ozponcho.com.au\/pl\/wp-json\/wp\/v2\/types\/product"}],"wp:featuredmedia":[{"embeddable":true,"href":"https:\/\/ozponcho.com.au\/pl\/wp-json\/wp\/v2\/media\/14917"}],"wp:attachment":[{"href":"https:\/\/ozponcho.com.au\/pl\/wp-json\/wp\/v2\/media?parent=14918"}],"wp:term":[{"taxonomy":"product_brand","embeddable":true,"href":"https:\/\/ozponcho.com.au\/pl\/wp-json\/wp\/v2\/product_brand?post=14918"},{"taxonomy":"product_cat","embeddable":true,"href":"https:\/\/ozponcho.com.au\/pl\/wp-json\/wp\/v2\/product_cat?post=14918"},{"taxonomy":"product_tag","embeddable":true,"href":"https:\/\/ozponcho.com.au\/pl\/wp-json\/wp\/v2\/product_tag?post=14918"}],"curies":[{"name":"wp","href":"https:\/\/api.w.org\/{rel}","templated":true}]}}