{"id":14274,"date":"2023-12-13T18:43:55","date_gmt":"2023-12-13T07:43:55","guid":{"rendered":"https:\/\/ozponcho.com.au\/p\/autumn-winter-irregular-asymmetric-turtleneck-plaid-cape-sweater-for-women\/"},"modified":"2024-04-19T19:22:21","modified_gmt":"2024-04-19T08:22:21","slug":"women-asymmetric-cape-sweater","status":"publish","type":"product","link":"https:\/\/ozponcho.com.au\/pl\/p\/asymetryczny-sweter-damski-z-peleryna\/","title":{"rendered":"Sweter ponczo z golfem w krat\u0119"},"content":{"rendered":"<p>Przytul si\u0119 w eleganckim stylu dzi\u0119ki jesienno-zimowemu swetrowi z golfem w krat\u0119. Jego ciep\u0142y wielb\u0142\u0105dzi odcie\u0144, przeplatany klasyczn\u0105 czarno-czerwon\u0105 kratk\u0105, definiuje sezonow\u0105 mod\u0119. Wykonane z mi\u0119kkiego d\u017cerseju i zaprojektowane z asymetrycznym do\u0142em, to damskie ponczo \u0142\u0105czy wygod\u0119 z casualowym, ale wyrafinowanym stylem. Drapowany golf i d\u0142ugie r\u0119kawy zapewniaj\u0105 ciep\u0142o w ch\u0142odne dni, dzi\u0119ki czemu jest to niezb\u0119dny dodatek do garderoby. Idealny do nak\u0142adania warstw, ten wszechstronny element bez wysi\u0142ku przechodzi od domowego wylegiwania si\u0119 do elegancji na \u015bwie\u017cym powietrzu. Podnie\u015b sw\u00f3j jesienny i zimowy wygl\u0105d dzi\u0119ki temu obowi\u0105zkowemu poncho.<\/p>\n<div>Styl: Casual<\/div>\n<div>Dopasowanie: Lu\u017any<\/div>\n<div>Materia\u0142: Jersey<\/div>\n<div>Wz\u00f3r: Kratka<\/div>\n<div>Element: Nie<\/div>\n<div>G\u00f3rna d\u0142ugo\u015b\u0107: Regularna<\/div>\n<div>Dekolt: \u017b\u00f3\u0142w\/Wysoki dekolt<\/div>\n<div>Rodzaj r\u0119kawa: Regularny<\/div>\n<div>D\u0142ugo\u015b\u0107 r\u0119kawa: D\u0142ugi r\u0119kaw<\/div>\n<div>G\u0142\u00f3wny sk\u0142ad: Poliester<\/div>\n<div>Sezon: Jesie\u0144\/Zima<\/div>\n<p><img decoding=\"async\" src=\"https:\/\/ozponcho.com.au\/wp-content\/uploads\/2024\/03\/1178997431866490880.png\" \/><img decoding=\"async\" src=\"https:\/\/ozponcho.com.au\/wp-content\/uploads\/2024\/03\/O1CN01lgiwes1HIfsU26wqn_2331630735-0-cib.jpg\" \/><\/p>","protected":false},"excerpt":{"rendered":"<p>Cozy up in elegant style with the Autumn-Winter Plaid Turtleneck Poncho Sweater. Its warm camel hue, interwoven with classic black and red checks, defines seasonal fashion. Crafted from soft jersey and designed with an asymmetric hem, this women&#8217;s poncho combines comfort with a casual yet sophisticated flair. The draped turtleneck and long sleeves ensure warmth [&#8230;]","protected":false},"featured_media":14253,"template":"","meta":[],"product_brand":[],"product_cat":[219,229,226,15,230,228,210,221,224],"product_tag":[],"class_list":{"0":"post-14274","1":"product","2":"type-product","3":"status-publish","4":"has-post-thumbnail","6":"product_cat-black-poncho","7":"product_cat-blanket-poncho","8":"product_cat-brown-poncho","9":"product_cat-main-category","10":"product_cat-poncho-dress","11":"product_cat-poncho-sweater","12":"product_cat-poncho-women","13":"product_cat-red-poncho","14":"product_cat-yellow-poncho","16":"first","17":"outofstock","18":"shipping-taxable","19":"purchasable","20":"product-type-variable"},"yoast_head":"<!-- This site is optimized with the Yoast SEO plugin v25.9 - https:\/\/yoast.com\/wordpress\/plugins\/seo\/ -->\n<title>Turtleneck Plaid Poncho Sweater | Polska #1 Poncho Shop<\/title>\n<meta name=\"description\" content=\"Looking for a Turtleneck Plaid Poncho Sweater ? You&#039;ve come to the right place \ud83d\ude04 We offers a wide selection of Turtleneck Plaid Poncho Sweater, perfect for you.\" \/>\n<meta name=\"robots\" content=\"index, follow, max-snippet:-1, max-image-preview:large, max-video-preview:-1\" \/>\n<link rel=\"canonical\" href=\"https:\/\/ozponcho.com.au\/pl\/p\/asymetryczny-sweter-damski-z-peleryna\/\" \/>\n<meta property=\"og:locale\" content=\"pl_PL\" \/>\n<meta property=\"og:type\" content=\"article\" \/>\n<meta property=\"og:title\" content=\"Turtleneck Plaid Poncho Sweater | Polska #1 Poncho Shop\" \/>\n<meta property=\"og:description\" content=\"Looking for a Turtleneck Plaid Poncho Sweater ? You&#039;ve come to the right place \ud83d\ude04 We offers a wide selection of Turtleneck Plaid Poncho Sweater, perfect for you.\" \/>\n<meta property=\"og:url\" content=\"https:\/\/ozponcho.com.au\/pl\/p\/asymetryczny-sweter-damski-z-peleryna\/\" \/>\n<meta property=\"og:site_name\" content=\"OZ Poncho\" \/>\n<meta property=\"article:modified_time\" content=\"2024-04-19T08:22:21+00:00\" \/>\n<meta property=\"og:image\" content=\"https:\/\/ozponcho.com.au\/wp-content\/uploads\/2023\/12\/O1CN01XozCOb1HIfsWtfvBP_2331630735-0-cib.jpg\" \/>\n\t<meta property=\"og:image:width\" content=\"1340\" \/>\n\t<meta property=\"og:image:height\" content=\"1785\" \/>\n\t<meta property=\"og:image:type\" content=\"image\/jpeg\" \/>\n<meta name=\"twitter:card\" content=\"summary_large_image\" \/>\n<meta name=\"twitter:label1\" content=\"Szacowany czas czytania\" \/>\n\t<meta name=\"twitter:data1\" content=\"1 minuta\" \/>\n<script type=\"application\/ld+json\" class=\"yoast-schema-graph\">{\"@context\":\"https:\/\/schema.org\",\"@graph\":[{\"@type\":\"WebPage\",\"@id\":\"https:\/\/ozponcho.com.au\/p\/women-asymmetric-cape-sweater\/\",\"url\":\"https:\/\/ozponcho.com.au\/p\/women-asymmetric-cape-sweater\/\",\"name\":\"Turtleneck Plaid Poncho Sweater | Polska #1 Poncho Shop\",\"isPartOf\":{\"@id\":\"https:\/\/ozponcho.com.au\/#website\"},\"primaryImageOfPage\":{\"@id\":\"https:\/\/ozponcho.com.au\/p\/women-asymmetric-cape-sweater\/#primaryimage\"},\"image\":{\"@id\":\"https:\/\/ozponcho.com.au\/p\/women-asymmetric-cape-sweater\/#primaryimage\"},\"thumbnailUrl\":\"https:\/\/ozponcho.com.au\/wp-content\/uploads\/2023\/12\/O1CN01XozCOb1HIfsWtfvBP_2331630735-0-cib.jpg\",\"datePublished\":\"2023-12-13T07:43:55+00:00\",\"dateModified\":\"2024-04-19T08:22:21+00:00\",\"description\":\"Looking for a Turtleneck Plaid Poncho Sweater ? You've come to the right place \ud83d\ude04 We offers a wide selection of Turtleneck Plaid Poncho Sweater, perfect for you.\",\"breadcrumb\":{\"@id\":\"https:\/\/ozponcho.com.au\/p\/women-asymmetric-cape-sweater\/#breadcrumb\"},\"inLanguage\":\"pl-PL\",\"potentialAction\":[{\"@type\":\"ReadAction\",\"target\":[\"https:\/\/ozponcho.com.au\/p\/women-asymmetric-cape-sweater\/\"]}]},{\"@type\":\"ImageObject\",\"inLanguage\":\"pl-PL\",\"@id\":\"https:\/\/ozponcho.com.au\/p\/women-asymmetric-cape-sweater\/#primaryimage\",\"url\":\"https:\/\/ozponcho.com.au\/wp-content\/uploads\/2023\/12\/O1CN01XozCOb1HIfsWtfvBP_2331630735-0-cib.jpg\",\"contentUrl\":\"https:\/\/ozponcho.com.au\/wp-content\/uploads\/2023\/12\/O1CN01XozCOb1HIfsWtfvBP_2331630735-0-cib.jpg\",\"width\":1340,\"height\":1785,\"caption\":\"Turtleneck Plaid Poncho Sweater\"},{\"@type\":\"BreadcrumbList\",\"@id\":\"https:\/\/ozponcho.com.au\/p\/women-asymmetric-cape-sweater\/#breadcrumb\",\"itemListElement\":[{\"@type\":\"ListItem\",\"position\":1,\"name\":\"Home\",\"item\":\"https:\/\/ozponcho.com.au\/\"},{\"@type\":\"ListItem\",\"position\":2,\"name\":\"Shop\",\"item\":\"https:\/\/ozponcho.com.au\/shop\/\"},{\"@type\":\"ListItem\",\"position\":3,\"name\":\"Turtleneck Plaid Poncho Sweater\"}]},{\"@type\":\"WebSite\",\"@id\":\"https:\/\/ozponcho.com.au\/#website\",\"url\":\"https:\/\/ozponcho.com.au\/\",\"name\":\"OZ Poncho\",\"description\":\"\",\"potentialAction\":[{\"@type\":\"SearchAction\",\"target\":{\"@type\":\"EntryPoint\",\"urlTemplate\":\"https:\/\/ozponcho.com.au\/?s={search_term_string}\"},\"query-input\":{\"@type\":\"PropertyValueSpecification\",\"valueRequired\":true,\"valueName\":\"search_term_string\"}}],\"inLanguage\":\"pl-PL\"}]}<\/script>\n<!-- \/ Yoast SEO plugin. -->","yoast_head_json":{"title":"Sweter z golfem w krat\u0119 Poncho | Polska #1 Poncho Shop","description":"Szukasz Sweter z golfem w krat\u0119 Ponczo? Jeste\u015b we w\u0142a\u015bciwym miejscu \ud83d\ude04 W naszej ofercie posiadamy szeroki wyb\u00f3r Sweter Ponczo z golfem w krat\u0119, idealnych dla Ciebie.","robots":{"index":"index","follow":"follow","max-snippet":"max-snippet:-1","max-image-preview":"max-image-preview:large","max-video-preview":"max-video-preview:-1"},"canonical":"https:\/\/ozponcho.com.au\/pl\/p\/asymetryczny-sweter-damski-z-peleryna\/","og_locale":"pl_PL","og_type":"article","og_title":"Turtleneck Plaid Poncho Sweater | Polska #1 Poncho Shop","og_description":"Looking for a Turtleneck Plaid Poncho Sweater ? You've come to the right place \ud83d\ude04 We offers a wide selection of Turtleneck Plaid Poncho Sweater, perfect for you.","og_url":"https:\/\/ozponcho.com.au\/pl\/p\/asymetryczny-sweter-damski-z-peleryna\/","og_site_name":"OZ Poncho","article_modified_time":"2024-04-19T08:22:21+00:00","og_image":[{"width":1340,"height":1785,"url":"https:\/\/ozponcho.com.au\/wp-content\/uploads\/2023\/12\/O1CN01XozCOb1HIfsWtfvBP_2331630735-0-cib.jpg","type":"image\/jpeg"}],"twitter_card":"summary_large_image","twitter_misc":{"Szacowany czas czytania":"1 minuta"},"schema":{"@context":"https:\/\/schema.org","@graph":[{"@type":"WebPage","@id":"https:\/\/ozponcho.com.au\/p\/women-asymmetric-cape-sweater\/","url":"https:\/\/ozponcho.com.au\/p\/women-asymmetric-cape-sweater\/","name":"Sweter z golfem w krat\u0119 Poncho | Polska #1 Poncho Shop","isPartOf":{"@id":"https:\/\/ozponcho.com.au\/#website"},"primaryImageOfPage":{"@id":"https:\/\/ozponcho.com.au\/p\/women-asymmetric-cape-sweater\/#primaryimage"},"image":{"@id":"https:\/\/ozponcho.com.au\/p\/women-asymmetric-cape-sweater\/#primaryimage"},"thumbnailUrl":"https:\/\/ozponcho.com.au\/wp-content\/uploads\/2023\/12\/O1CN01XozCOb1HIfsWtfvBP_2331630735-0-cib.jpg","datePublished":"2023-12-13T07:43:55+00:00","dateModified":"2024-04-19T08:22:21+00:00","description":"Szukasz Sweter z golfem w krat\u0119 Ponczo? Jeste\u015b we w\u0142a\u015bciwym miejscu \ud83d\ude04 W naszej ofercie posiadamy szeroki wyb\u00f3r Sweter Ponczo z golfem w krat\u0119, idealnych dla Ciebie.","breadcrumb":{"@id":"https:\/\/ozponcho.com.au\/p\/women-asymmetric-cape-sweater\/#breadcrumb"},"inLanguage":"pl-PL","potentialAction":[{"@type":"ReadAction","target":["https:\/\/ozponcho.com.au\/p\/women-asymmetric-cape-sweater\/"]}]},{"@type":"ImageObject","inLanguage":"pl-PL","@id":"https:\/\/ozponcho.com.au\/p\/women-asymmetric-cape-sweater\/#primaryimage","url":"https:\/\/ozponcho.com.au\/wp-content\/uploads\/2023\/12\/O1CN01XozCOb1HIfsWtfvBP_2331630735-0-cib.jpg","contentUrl":"https:\/\/ozponcho.com.au\/wp-content\/uploads\/2023\/12\/O1CN01XozCOb1HIfsWtfvBP_2331630735-0-cib.jpg","width":1340,"height":1785,"caption":"Turtleneck Plaid Poncho Sweater"},{"@type":"BreadcrumbList","@id":"https:\/\/ozponcho.com.au\/p\/women-asymmetric-cape-sweater\/#breadcrumb","itemListElement":[{"@type":"ListItem","position":1,"name":"Home","item":"https:\/\/ozponcho.com.au\/"},{"@type":"ListItem","position":2,"name":"Shop","item":"https:\/\/ozponcho.com.au\/shop\/"},{"@type":"ListItem","position":3,"name":"Turtleneck Plaid Poncho Sweater"}]},{"@type":"WebSite","@id":"https:\/\/ozponcho.com.au\/#website","url":"https:\/\/ozponcho.com.au\/","name":"Poncho OZ","description":"","potentialAction":[{"@type":"SearchAction","target":{"@type":"EntryPoint","urlTemplate":"https:\/\/ozponcho.com.au\/?s={search_term_string}"},"query-input":{"@type":"PropertyValueSpecification","valueRequired":true,"valueName":"search_term_string"}}],"inLanguage":"pl-PL"}]}},"_links":{"self":[{"href":"https:\/\/ozponcho.com.au\/pl\/wp-json\/wp\/v2\/product\/14274","targetHints":{"allow":["GET"]}}],"collection":[{"href":"https:\/\/ozponcho.com.au\/pl\/wp-json\/wp\/v2\/product"}],"about":[{"href":"https:\/\/ozponcho.com.au\/pl\/wp-json\/wp\/v2\/types\/product"}],"wp:featuredmedia":[{"embeddable":true,"href":"https:\/\/ozponcho.com.au\/pl\/wp-json\/wp\/v2\/media\/14253"}],"wp:attachment":[{"href":"https:\/\/ozponcho.com.au\/pl\/wp-json\/wp\/v2\/media?parent=14274"}],"wp:term":[{"taxonomy":"product_brand","embeddable":true,"href":"https:\/\/ozponcho.com.au\/pl\/wp-json\/wp\/v2\/product_brand?post=14274"},{"taxonomy":"product_cat","embeddable":true,"href":"https:\/\/ozponcho.com.au\/pl\/wp-json\/wp\/v2\/product_cat?post=14274"},{"taxonomy":"product_tag","embeddable":true,"href":"https:\/\/ozponcho.com.au\/pl\/wp-json\/wp\/v2\/product_tag?post=14274"}],"curies":[{"name":"wp","href":"https:\/\/api.w.org\/{rel}","templated":true}]}}