{"id":14223,"date":"2023-12-13T18:43:44","date_gmt":"2023-12-13T07:43:44","guid":{"rendered":"https:\/\/ozponcho.com.au\/p\/autumn-winter-irregular-asymmetric-tassel-lace-sweater-shawl-women\/"},"modified":"2024-04-19T19:22:02","modified_gmt":"2024-04-19T08:22:02","slug":"fringed-boho-poncho-top","status":"publish","type":"product","link":"https:\/\/ozponcho.com.au\/pl\/p\/top-boho-poncho-z-fredzlami\/","title":{"rendered":"Asymetryczny szal ponczo z fr\u0119dzlami"},"content":{"rendered":"<p>Wejd\u017a w sezon z elegancj\u0105 i ciep\u0142em dzi\u0119ki jesienno-zimowemu nieregularnemu asymetrycznemu koronkowemu poncho z fr\u0119dzlami. Zaprojektowane z my\u015bl\u0105 o wyrafinowanej kobiecie, kt\u00f3ra ceni styl i wygod\u0119, to luksusowe ponczo ma swobodny lu\u017any kr\u00f3j, przytulne d\u0142ugie r\u0119kawy typu dolman i pochlebny dekolt w kszta\u0142cie litery V. A\u017curowa tkanina d\u017cersejowa jest podkre\u015blona zabawnymi elementami z fr\u0119dzlami, zapewniaj\u0105c nieodparty klimat bohemy. Wszechstronno\u015b\u0107 tego d\u0142ugiego, akrylowego szala w jednolitym kolorze doskonale uzupe\u0142ni ka\u017cdy zestaw. Niezale\u017cnie od tego, czy jest to rze\u015bki jesienny dzie\u0144, czy ch\u0142odny zimowy wiecz\u00f3r, spraw, by ten kusz\u0105cy, bia\u0142awy szal swetrowy sta\u0142 si\u0119 warstw\u0105, kt\u00f3ra zapewni szykowny, swobodny wygl\u0105d.<\/p>\n<div>Styl: Casual<\/div>\n<div>Dopasowanie: Lu\u017any<\/div>\n<div>Materia\u0142: Jersey<\/div>\n<div>Wz\u00f3r: Jednolity<\/div>\n<div>Element: Grzywka<\/div>\n<div>G\u00f3rna d\u0142ugo\u015b\u0107: D\u0142ugi<\/div>\n<div>Dekolt: Dekolt w serek<\/div>\n<div>Rodzaj r\u0119kawa: R\u0119kaw Dolman<\/div>\n<div>D\u0142ugo\u015b\u0107 r\u0119kawa: D\u0142ugi r\u0119kaw<\/div>\n<div>G\u0142\u00f3wny sk\u0142ad: Akryl<\/div>\n<div>Sezon: Jesie\u0144\/Zima<\/div>\n<p><img decoding=\"async\" src=\"https:\/\/ozponcho.com.au\/wp-content\/uploads\/2024\/03\/1166749176843730944.png\" \/><img decoding=\"async\" src=\"https:\/\/ozponcho.com.au\/wp-content\/uploads\/2024\/03\/O1CN01OqIUS01HIfse0Vpu0_2331630735-0-cib.jpg\" \/><img decoding=\"async\" src=\"https:\/\/ozponcho.com.au\/wp-content\/uploads\/2024\/03\/O1CN01JzltGN1HIfsksKn1O_2331630735-0-cib.jpg\" \/><img decoding=\"async\" src=\"https:\/\/ozponcho.com.au\/wp-content\/uploads\/2024\/03\/O1CN01lNgSVN1HIfsntswn7_2331630735-0-cib.jpg\" \/><img decoding=\"async\" src=\"https:\/\/ozponcho.com.au\/wp-content\/uploads\/2024\/03\/O1CN01cuq8WQ1HIfsfTw3jd_2331630735-0-cib.jpg\" \/><img decoding=\"async\" src=\"https:\/\/ozponcho.com.au\/wp-content\/uploads\/2024\/03\/O1CN01uhy6f81HIfsfTtNKR_2331630735-0-cib.jpg\" \/><img decoding=\"async\" src=\"https:\/\/ozponcho.com.au\/wp-content\/uploads\/2024\/03\/O1CN01rZiYHO1HIfse0ZvlF_2331630735-0-cib.jpg\" \/><img decoding=\"async\" src=\"https:\/\/ozponcho.com.au\/wp-content\/uploads\/2024\/03\/O1CN01AS0mFK1HIfsZAHcIk_2331630735-0-cib.jpg\" \/><img decoding=\"async\" src=\"https:\/\/ozponcho.com.au\/wp-content\/uploads\/2024\/03\/O1CN01DsHmdt1HIfsp2XCP3_2331630735-0-cib.jpg\" \/><img decoding=\"async\" src=\"https:\/\/ozponcho.com.au\/wp-content\/uploads\/2024\/03\/O1CN01I3scmU1HIfsksLroL_2331630735-0-cib.jpg\" \/><img decoding=\"async\" src=\"https:\/\/ozponcho.com.au\/wp-content\/uploads\/2024\/03\/O1CN01CeKQMt1HIfsm9lVLK_2331630735-0-cib.jpg\" \/><img decoding=\"async\" src=\"https:\/\/ozponcho.com.au\/wp-content\/uploads\/2024\/03\/O1CN01pVCNxe1HIfsksLrmm_2331630735-0-cib.jpg\" \/><img decoding=\"async\" src=\"https:\/\/ozponcho.com.au\/wp-content\/uploads\/2024\/03\/O1CN019eQ7Sb1HIfsrtMBm7_2331630735-0-cib.jpg\" \/><img decoding=\"async\" src=\"https:\/\/ozponcho.com.au\/wp-content\/uploads\/2024\/03\/O1CN01pAghbp1HIfsp2TqN0_2331630735-0-cib.jpg\" \/><img decoding=\"async\" src=\"https:\/\/ozponcho.com.au\/wp-content\/uploads\/2024\/03\/O1CN01oCJQnc1HIfsjKjQ99_2331630735-0-cib.jpg\" \/><\/p>","protected":false},"excerpt":{"rendered":"<p>Step into the season with elegance and warmth with this Autumn Winter Irregular Asymmetric Tassel Lace Poncho. Designed for the sophisticated woman who values style and comfort, this luxurious poncho features a casual loose fit, cozy long dolman sleeves, and a flattering V-neckline. The openwork jersey fabric is accentuated with playful fringe elements, delivering an [&#8230;]","protected":false},"featured_media":14078,"template":"","meta":[],"product_brand":[],"product_cat":[15,228,214,210],"product_tag":[],"class_list":{"0":"post-14223","1":"product","2":"type-product","3":"status-publish","4":"has-post-thumbnail","6":"product_cat-main-category","7":"product_cat-poncho-sweater","8":"product_cat-knitted-crochet-poncho","9":"product_cat-poncho-women","11":"first","12":"outofstock","13":"shipping-taxable","14":"purchasable","15":"product-type-variable"},"yoast_head":"<!-- This site is optimized with the Yoast SEO plugin v25.9 - https:\/\/yoast.com\/wordpress\/plugins\/seo\/ -->\n<title>Asymmetric Tassel Poncho Shawl | Polska #1 Poncho Shop<\/title>\n<meta name=\"description\" content=\"Looking for a Asymmetric Tassel Poncho Shawl ? You&#039;ve come to the right place \ud83d\ude04 We offers a wide selection of Asymmetric Tassel Poncho Shawl, perfect for you.\" \/>\n<meta name=\"robots\" content=\"index, follow, max-snippet:-1, max-image-preview:large, max-video-preview:-1\" \/>\n<link rel=\"canonical\" href=\"https:\/\/ozponcho.com.au\/pl\/p\/top-boho-poncho-z-fredzlami\/\" \/>\n<meta property=\"og:locale\" content=\"pl_PL\" \/>\n<meta property=\"og:type\" content=\"article\" \/>\n<meta property=\"og:title\" content=\"Asymmetric Tassel Poncho Shawl | Polska #1 Poncho Shop\" \/>\n<meta property=\"og:description\" content=\"Looking for a Asymmetric Tassel Poncho Shawl ? You&#039;ve come to the right place \ud83d\ude04 We offers a wide selection of Asymmetric Tassel Poncho Shawl, perfect for you.\" \/>\n<meta property=\"og:url\" content=\"https:\/\/ozponcho.com.au\/pl\/p\/top-boho-poncho-z-fredzlami\/\" \/>\n<meta property=\"og:site_name\" content=\"OZ Poncho\" \/>\n<meta property=\"article:modified_time\" content=\"2024-04-19T08:22:02+00:00\" \/>\n<meta property=\"og:image\" content=\"https:\/\/ozponcho.com.au\/wp-content\/uploads\/2023\/12\/O1CN01LBTfed1HIfsgGU2Jo_2331630735-0-cib.jpg\" \/>\n\t<meta property=\"og:image:width\" content=\"1200\" \/>\n\t<meta property=\"og:image:height\" content=\"1200\" \/>\n\t<meta property=\"og:image:type\" content=\"image\/jpeg\" \/>\n<meta name=\"twitter:card\" content=\"summary_large_image\" \/>\n<meta name=\"twitter:label1\" content=\"Szacowany czas czytania\" \/>\n\t<meta name=\"twitter:data1\" content=\"4 minuty\" \/>\n<script type=\"application\/ld+json\" class=\"yoast-schema-graph\">{\"@context\":\"https:\/\/schema.org\",\"@graph\":[{\"@type\":\"WebPage\",\"@id\":\"https:\/\/ozponcho.com.au\/p\/fringed-boho-poncho-top\/\",\"url\":\"https:\/\/ozponcho.com.au\/p\/fringed-boho-poncho-top\/\",\"name\":\"Asymmetric Tassel Poncho Shawl | Polska #1 Poncho Shop\",\"isPartOf\":{\"@id\":\"https:\/\/ozponcho.com.au\/#website\"},\"primaryImageOfPage\":{\"@id\":\"https:\/\/ozponcho.com.au\/p\/fringed-boho-poncho-top\/#primaryimage\"},\"image\":{\"@id\":\"https:\/\/ozponcho.com.au\/p\/fringed-boho-poncho-top\/#primaryimage\"},\"thumbnailUrl\":\"https:\/\/ozponcho.com.au\/wp-content\/uploads\/2023\/12\/O1CN01LBTfed1HIfsgGU2Jo_2331630735-0-cib.jpg\",\"datePublished\":\"2023-12-13T07:43:44+00:00\",\"dateModified\":\"2024-04-19T08:22:02+00:00\",\"description\":\"Looking for a Asymmetric Tassel Poncho Shawl ? You've come to the right place \ud83d\ude04 We offers a wide selection of Asymmetric Tassel Poncho Shawl, perfect for you.\",\"breadcrumb\":{\"@id\":\"https:\/\/ozponcho.com.au\/p\/fringed-boho-poncho-top\/#breadcrumb\"},\"inLanguage\":\"pl-PL\",\"potentialAction\":[{\"@type\":\"ReadAction\",\"target\":[\"https:\/\/ozponcho.com.au\/p\/fringed-boho-poncho-top\/\"]}]},{\"@type\":\"ImageObject\",\"inLanguage\":\"pl-PL\",\"@id\":\"https:\/\/ozponcho.com.au\/p\/fringed-boho-poncho-top\/#primaryimage\",\"url\":\"https:\/\/ozponcho.com.au\/wp-content\/uploads\/2023\/12\/O1CN01LBTfed1HIfsgGU2Jo_2331630735-0-cib.jpg\",\"contentUrl\":\"https:\/\/ozponcho.com.au\/wp-content\/uploads\/2023\/12\/O1CN01LBTfed1HIfsgGU2Jo_2331630735-0-cib.jpg\",\"width\":1200,\"height\":1200,\"caption\":\"Asymmetric Tassel Poncho Shawl\"},{\"@type\":\"BreadcrumbList\",\"@id\":\"https:\/\/ozponcho.com.au\/p\/fringed-boho-poncho-top\/#breadcrumb\",\"itemListElement\":[{\"@type\":\"ListItem\",\"position\":1,\"name\":\"Home\",\"item\":\"https:\/\/ozponcho.com.au\/\"},{\"@type\":\"ListItem\",\"position\":2,\"name\":\"Shop\",\"item\":\"https:\/\/ozponcho.com.au\/shop\/\"},{\"@type\":\"ListItem\",\"position\":3,\"name\":\"Asymmetric Tassel Poncho Shawl\"}]},{\"@type\":\"WebSite\",\"@id\":\"https:\/\/ozponcho.com.au\/#website\",\"url\":\"https:\/\/ozponcho.com.au\/\",\"name\":\"OZ Poncho\",\"description\":\"\",\"potentialAction\":[{\"@type\":\"SearchAction\",\"target\":{\"@type\":\"EntryPoint\",\"urlTemplate\":\"https:\/\/ozponcho.com.au\/?s={search_term_string}\"},\"query-input\":{\"@type\":\"PropertyValueSpecification\",\"valueRequired\":true,\"valueName\":\"search_term_string\"}}],\"inLanguage\":\"pl-PL\"}]}<\/script>\n<!-- \/ Yoast SEO plugin. -->","yoast_head_json":{"title":"Asymetryczne poncho z fr\u0119dzlami | Polska #1 Poncho Shop","description":"Szukasz Asymetryczny Szal Ponczo z Fr\u0119dzlami? Jeste\u015b we w\u0142a\u015bciwym miejscu \ud83d\ude04 Oferujemy szeroki wyb\u00f3r Asymetryczny Szal Ponczo z Fr\u0119dzlami, idealnych dla Ciebie.","robots":{"index":"index","follow":"follow","max-snippet":"max-snippet:-1","max-image-preview":"max-image-preview:large","max-video-preview":"max-video-preview:-1"},"canonical":"https:\/\/ozponcho.com.au\/pl\/p\/top-boho-poncho-z-fredzlami\/","og_locale":"pl_PL","og_type":"article","og_title":"Asymmetric Tassel Poncho Shawl | Polska #1 Poncho Shop","og_description":"Looking for a Asymmetric Tassel Poncho Shawl ? You've come to the right place \ud83d\ude04 We offers a wide selection of Asymmetric Tassel Poncho Shawl, perfect for you.","og_url":"https:\/\/ozponcho.com.au\/pl\/p\/top-boho-poncho-z-fredzlami\/","og_site_name":"OZ Poncho","article_modified_time":"2024-04-19T08:22:02+00:00","og_image":[{"width":1200,"height":1200,"url":"https:\/\/ozponcho.com.au\/wp-content\/uploads\/2023\/12\/O1CN01LBTfed1HIfsgGU2Jo_2331630735-0-cib.jpg","type":"image\/jpeg"}],"twitter_card":"summary_large_image","twitter_misc":{"Szacowany czas czytania":"4 minuty"},"schema":{"@context":"https:\/\/schema.org","@graph":[{"@type":"WebPage","@id":"https:\/\/ozponcho.com.au\/p\/fringed-boho-poncho-top\/","url":"https:\/\/ozponcho.com.au\/p\/fringed-boho-poncho-top\/","name":"Asymetryczne poncho z fr\u0119dzlami | Polska #1 Poncho Shop","isPartOf":{"@id":"https:\/\/ozponcho.com.au\/#website"},"primaryImageOfPage":{"@id":"https:\/\/ozponcho.com.au\/p\/fringed-boho-poncho-top\/#primaryimage"},"image":{"@id":"https:\/\/ozponcho.com.au\/p\/fringed-boho-poncho-top\/#primaryimage"},"thumbnailUrl":"https:\/\/ozponcho.com.au\/wp-content\/uploads\/2023\/12\/O1CN01LBTfed1HIfsgGU2Jo_2331630735-0-cib.jpg","datePublished":"2023-12-13T07:43:44+00:00","dateModified":"2024-04-19T08:22:02+00:00","description":"Szukasz Asymetryczny Szal Ponczo z Fr\u0119dzlami? Jeste\u015b we w\u0142a\u015bciwym miejscu \ud83d\ude04 Oferujemy szeroki wyb\u00f3r Asymetryczny Szal Ponczo z Fr\u0119dzlami, idealnych dla Ciebie.","breadcrumb":{"@id":"https:\/\/ozponcho.com.au\/p\/fringed-boho-poncho-top\/#breadcrumb"},"inLanguage":"pl-PL","potentialAction":[{"@type":"ReadAction","target":["https:\/\/ozponcho.com.au\/p\/fringed-boho-poncho-top\/"]}]},{"@type":"ImageObject","inLanguage":"pl-PL","@id":"https:\/\/ozponcho.com.au\/p\/fringed-boho-poncho-top\/#primaryimage","url":"https:\/\/ozponcho.com.au\/wp-content\/uploads\/2023\/12\/O1CN01LBTfed1HIfsgGU2Jo_2331630735-0-cib.jpg","contentUrl":"https:\/\/ozponcho.com.au\/wp-content\/uploads\/2023\/12\/O1CN01LBTfed1HIfsgGU2Jo_2331630735-0-cib.jpg","width":1200,"height":1200,"caption":"Asymmetric Tassel Poncho Shawl"},{"@type":"BreadcrumbList","@id":"https:\/\/ozponcho.com.au\/p\/fringed-boho-poncho-top\/#breadcrumb","itemListElement":[{"@type":"ListItem","position":1,"name":"Home","item":"https:\/\/ozponcho.com.au\/"},{"@type":"ListItem","position":2,"name":"Shop","item":"https:\/\/ozponcho.com.au\/shop\/"},{"@type":"ListItem","position":3,"name":"Asymmetric Tassel Poncho Shawl"}]},{"@type":"WebSite","@id":"https:\/\/ozponcho.com.au\/#website","url":"https:\/\/ozponcho.com.au\/","name":"Poncho OZ","description":"","potentialAction":[{"@type":"SearchAction","target":{"@type":"EntryPoint","urlTemplate":"https:\/\/ozponcho.com.au\/?s={search_term_string}"},"query-input":{"@type":"PropertyValueSpecification","valueRequired":true,"valueName":"search_term_string"}}],"inLanguage":"pl-PL"}]}},"_links":{"self":[{"href":"https:\/\/ozponcho.com.au\/pl\/wp-json\/wp\/v2\/product\/14223","targetHints":{"allow":["GET"]}}],"collection":[{"href":"https:\/\/ozponcho.com.au\/pl\/wp-json\/wp\/v2\/product"}],"about":[{"href":"https:\/\/ozponcho.com.au\/pl\/wp-json\/wp\/v2\/types\/product"}],"wp:featuredmedia":[{"embeddable":true,"href":"https:\/\/ozponcho.com.au\/pl\/wp-json\/wp\/v2\/media\/14078"}],"wp:attachment":[{"href":"https:\/\/ozponcho.com.au\/pl\/wp-json\/wp\/v2\/media?parent=14223"}],"wp:term":[{"taxonomy":"product_brand","embeddable":true,"href":"https:\/\/ozponcho.com.au\/pl\/wp-json\/wp\/v2\/product_brand?post=14223"},{"taxonomy":"product_cat","embeddable":true,"href":"https:\/\/ozponcho.com.au\/pl\/wp-json\/wp\/v2\/product_cat?post=14223"},{"taxonomy":"product_tag","embeddable":true,"href":"https:\/\/ozponcho.com.au\/pl\/wp-json\/wp\/v2\/product_tag?post=14223"}],"curies":[{"name":"wp","href":"https:\/\/api.w.org\/{rel}","templated":true}]}}