{"id":13976,"date":"2023-12-13T18:42:23","date_gmt":"2023-12-13T07:42:23","guid":{"rendered":"https:\/\/ozponcho.com.au\/p\/autumn-winter-gold-silk-multicolored-tassel-shawl-sweater\/"},"modified":"2024-04-19T18:42:28","modified_gmt":"2024-04-19T07:42:28","slug":"fringed-autumn-shawl-sweater","status":"publish","type":"product","link":"https:\/\/ozponcho.com.au\/pl\/p\/jesienny-sweter-z-fredzlami\/","title":{"rendered":"Wielokolorowy sweter ponczo z fr\u0119dzlami"},"content":{"rendered":"<p>Elegancki, jesienno-zimowy sweter Poncho pozwoli Ci cieszy\u0107 si\u0119 zmieniaj\u0105cymi si\u0119 porami roku. Wykonane z mi\u0119kkiego jerseyu ze z\u0142otym jedwabnym po\u0142yskiem, to wielokolorowe poncho z fr\u0119dzlami jest idealnym towarzyszem na ch\u0142odniejsze dni. Sweter ma lu\u017any kr\u00f3j i swobodny styl oraz urocze fr\u0119dzle, kt\u00f3re ta\u0144cz\u0105 przy ka\u017cdym kroku. D\u0142ugie r\u0119kawy i okr\u0105g\u0142y dekolt zapewniaj\u0105 ciep\u0142o i wygod\u0119, dzi\u0119ki czemu jest to luksusowy dodatek do garderoby. Ten wszechstronny model jest idealnym wyborem dla os\u00f3b poszukuj\u0105cych r\u00f3wnowagi mi\u0119dzy mod\u0105 a funkcjonalno\u015bci\u0105.<\/p>\n<div>Styl: Casual<\/div>\n<div>Dopasowanie: Lu\u017any<\/div>\n<div>Materia\u0142: Jersey<\/div>\n<div>Wz\u00f3r: Nadruk<\/div>\n<div>Element: Grzywka<\/div>\n<div>G\u00f3rna d\u0142ugo\u015b\u0107: D\u0142ugi<\/div>\n<div>Dekolt: Dekolt w szpic<\/div>\n<div>Typ r\u0119kawa: Inne<\/div>\n<div>D\u0142ugo\u015b\u0107 r\u0119kawa: D\u0142ugi r\u0119kaw<\/div>\n<div>G\u0142\u00f3wny sk\u0142ad: Poliester<\/div>\n<div>Sezon: Jesie\u0144\/Zima<\/div>\n<p><img decoding=\"async\" src=\"https:\/\/ozponcho.com.au\/wp-content\/uploads\/2024\/03\/1007679065915654144.png\" \/><img decoding=\"async\" src=\"https:\/\/ozponcho.com.au\/wp-content\/uploads\/2024\/03\/O1CN01ZRz91i1HIfpNCyMCf_2331630735-0-cib.jpg\" \/><img decoding=\"async\" src=\"https:\/\/ozponcho.com.au\/wp-content\/uploads\/2024\/03\/O1CN01p6U2RT1HIfpIo2B8z_2331630735-0-cib.jpg\" \/><img decoding=\"async\" src=\"https:\/\/ozponcho.com.au\/wp-content\/uploads\/2024\/03\/O1CN01J32jbl1HIfpMCLhpt_2331630735-0-cib.jpg\" \/><img decoding=\"async\" src=\"https:\/\/ozponcho.com.au\/wp-content\/uploads\/2024\/03\/O1CN01AloMnq1HIfpJoKQMX_2331630735-0-cib.jpg\" \/><\/p>","protected":false},"excerpt":{"rendered":"<p>Embrace the changing seasons with elegance in this Autumn Winter Poncho Sweater. Crafted from soft Jersey fabric with a golden silk luster, this multicolored, tasseled poncho is your perfect companion for cooler days. Offering a loose fit and casual style, it features a charming fringe element that dances with every step. The long sleeves and [&#8230;]","protected":false},"featured_media":13936,"template":"","meta":[],"product_brand":[],"product_cat":[225,15,228,214,210],"product_tag":[],"class_list":{"0":"post-13976","1":"product","2":"type-product","3":"status-publish","4":"has-post-thumbnail","6":"product_cat-grey-poncho","7":"product_cat-main-category","8":"product_cat-poncho-sweater","9":"product_cat-knitted-crochet-poncho","10":"product_cat-poncho-women","12":"first","13":"outofstock","14":"shipping-taxable","15":"purchasable","16":"product-type-variable"},"yoast_head":"<!-- This site is optimized with the Yoast SEO plugin v25.9 - https:\/\/yoast.com\/wordpress\/plugins\/seo\/ -->\n<title>Multicolored Tassel Poncho Sweater | Polska #1 Poncho Shop<\/title>\n<meta name=\"description\" content=\"Looking for a Multicolored Tassel Poncho Sweater ? You&#039;ve come to the right place \ud83d\ude04 We offers a wide selection of Multicolored Tassel Poncho Sweater, perfect for you.\" \/>\n<meta name=\"robots\" content=\"index, follow, max-snippet:-1, max-image-preview:large, max-video-preview:-1\" \/>\n<link rel=\"canonical\" href=\"https:\/\/ozponcho.com.au\/pl\/p\/jesienny-sweter-z-fredzlami\/\" \/>\n<meta property=\"og:locale\" content=\"pl_PL\" \/>\n<meta property=\"og:type\" content=\"article\" \/>\n<meta property=\"og:title\" content=\"Multicolored Tassel Poncho Sweater | Polska #1 Poncho Shop\" \/>\n<meta property=\"og:description\" content=\"Looking for a Multicolored Tassel Poncho Sweater ? You&#039;ve come to the right place \ud83d\ude04 We offers a wide selection of Multicolored Tassel Poncho Sweater, perfect for you.\" \/>\n<meta property=\"og:url\" content=\"https:\/\/ozponcho.com.au\/pl\/p\/jesienny-sweter-z-fredzlami\/\" \/>\n<meta property=\"og:site_name\" content=\"OZ Poncho\" \/>\n<meta property=\"article:modified_time\" content=\"2024-04-19T07:42:28+00:00\" \/>\n<meta property=\"og:image\" content=\"https:\/\/ozponcho.com.au\/wp-content\/uploads\/2023\/12\/O1CN01AGyWy71HIfpNCzEJx_2331630735-0-cib.jpg\" \/>\n\t<meta property=\"og:image:width\" content=\"1340\" \/>\n\t<meta property=\"og:image:height\" content=\"1785\" \/>\n\t<meta property=\"og:image:type\" content=\"image\/jpeg\" \/>\n<meta name=\"twitter:card\" content=\"summary_large_image\" \/>\n<meta name=\"twitter:label1\" content=\"Szacowany czas czytania\" \/>\n\t<meta name=\"twitter:data1\" content=\"2 minuty\" \/>\n<script type=\"application\/ld+json\" class=\"yoast-schema-graph\">{\"@context\":\"https:\/\/schema.org\",\"@graph\":[{\"@type\":\"WebPage\",\"@id\":\"https:\/\/ozponcho.com.au\/p\/fringed-autumn-shawl-sweater\/\",\"url\":\"https:\/\/ozponcho.com.au\/p\/fringed-autumn-shawl-sweater\/\",\"name\":\"Multicolored Tassel Poncho Sweater | Polska #1 Poncho Shop\",\"isPartOf\":{\"@id\":\"https:\/\/ozponcho.com.au\/#website\"},\"primaryImageOfPage\":{\"@id\":\"https:\/\/ozponcho.com.au\/p\/fringed-autumn-shawl-sweater\/#primaryimage\"},\"image\":{\"@id\":\"https:\/\/ozponcho.com.au\/p\/fringed-autumn-shawl-sweater\/#primaryimage\"},\"thumbnailUrl\":\"https:\/\/ozponcho.com.au\/wp-content\/uploads\/2023\/12\/O1CN01AGyWy71HIfpNCzEJx_2331630735-0-cib.jpg\",\"datePublished\":\"2023-12-13T07:42:23+00:00\",\"dateModified\":\"2024-04-19T07:42:28+00:00\",\"description\":\"Looking for a Multicolored Tassel Poncho Sweater ? You've come to the right place \ud83d\ude04 We offers a wide selection of Multicolored Tassel Poncho Sweater, perfect for you.\",\"breadcrumb\":{\"@id\":\"https:\/\/ozponcho.com.au\/p\/fringed-autumn-shawl-sweater\/#breadcrumb\"},\"inLanguage\":\"pl-PL\",\"potentialAction\":[{\"@type\":\"ReadAction\",\"target\":[\"https:\/\/ozponcho.com.au\/p\/fringed-autumn-shawl-sweater\/\"]}]},{\"@type\":\"ImageObject\",\"inLanguage\":\"pl-PL\",\"@id\":\"https:\/\/ozponcho.com.au\/p\/fringed-autumn-shawl-sweater\/#primaryimage\",\"url\":\"https:\/\/ozponcho.com.au\/wp-content\/uploads\/2023\/12\/O1CN01AGyWy71HIfpNCzEJx_2331630735-0-cib.jpg\",\"contentUrl\":\"https:\/\/ozponcho.com.au\/wp-content\/uploads\/2023\/12\/O1CN01AGyWy71HIfpNCzEJx_2331630735-0-cib.jpg\",\"width\":1340,\"height\":1785,\"caption\":\"Multicolored Tassel Poncho Sweater\"},{\"@type\":\"BreadcrumbList\",\"@id\":\"https:\/\/ozponcho.com.au\/p\/fringed-autumn-shawl-sweater\/#breadcrumb\",\"itemListElement\":[{\"@type\":\"ListItem\",\"position\":1,\"name\":\"Home\",\"item\":\"https:\/\/ozponcho.com.au\/\"},{\"@type\":\"ListItem\",\"position\":2,\"name\":\"Shop\",\"item\":\"https:\/\/ozponcho.com.au\/shop\/\"},{\"@type\":\"ListItem\",\"position\":3,\"name\":\"Multicolored Tassel Poncho Sweater\"}]},{\"@type\":\"WebSite\",\"@id\":\"https:\/\/ozponcho.com.au\/#website\",\"url\":\"https:\/\/ozponcho.com.au\/\",\"name\":\"OZ Poncho\",\"description\":\"\",\"potentialAction\":[{\"@type\":\"SearchAction\",\"target\":{\"@type\":\"EntryPoint\",\"urlTemplate\":\"https:\/\/ozponcho.com.au\/?s={search_term_string}\"},\"query-input\":{\"@type\":\"PropertyValueSpecification\",\"valueRequired\":true,\"valueName\":\"search_term_string\"}}],\"inLanguage\":\"pl-PL\"}]}<\/script>\n<!-- \/ Yoast SEO plugin. -->","yoast_head_json":{"title":"Wielokolorowy sweter z fr\u0119dzlami Poncho | Polska #1 Poncho Shop","description":"Szukasz Wielokolorowy Sweter Ponczo z Fr\u0119dzlami? Jeste\u015b we w\u0142a\u015bciwym miejscu \ud83d\ude04 W naszej ofercie posiadamy szeroki wyb\u00f3r Sweter Ponczo z Fr\u0119dzlami Wielokolorowy, idealnych dla Ciebie.","robots":{"index":"index","follow":"follow","max-snippet":"max-snippet:-1","max-image-preview":"max-image-preview:large","max-video-preview":"max-video-preview:-1"},"canonical":"https:\/\/ozponcho.com.au\/pl\/p\/jesienny-sweter-z-fredzlami\/","og_locale":"pl_PL","og_type":"article","og_title":"Multicolored Tassel Poncho Sweater | Polska #1 Poncho Shop","og_description":"Looking for a Multicolored Tassel Poncho Sweater ? You've come to the right place \ud83d\ude04 We offers a wide selection of Multicolored Tassel Poncho Sweater, perfect for you.","og_url":"https:\/\/ozponcho.com.au\/pl\/p\/jesienny-sweter-z-fredzlami\/","og_site_name":"OZ Poncho","article_modified_time":"2024-04-19T07:42:28+00:00","og_image":[{"width":1340,"height":1785,"url":"https:\/\/ozponcho.com.au\/wp-content\/uploads\/2023\/12\/O1CN01AGyWy71HIfpNCzEJx_2331630735-0-cib.jpg","type":"image\/jpeg"}],"twitter_card":"summary_large_image","twitter_misc":{"Szacowany czas czytania":"2 minuty"},"schema":{"@context":"https:\/\/schema.org","@graph":[{"@type":"WebPage","@id":"https:\/\/ozponcho.com.au\/p\/fringed-autumn-shawl-sweater\/","url":"https:\/\/ozponcho.com.au\/p\/fringed-autumn-shawl-sweater\/","name":"Wielokolorowy sweter z fr\u0119dzlami Poncho | Polska #1 Poncho Shop","isPartOf":{"@id":"https:\/\/ozponcho.com.au\/#website"},"primaryImageOfPage":{"@id":"https:\/\/ozponcho.com.au\/p\/fringed-autumn-shawl-sweater\/#primaryimage"},"image":{"@id":"https:\/\/ozponcho.com.au\/p\/fringed-autumn-shawl-sweater\/#primaryimage"},"thumbnailUrl":"https:\/\/ozponcho.com.au\/wp-content\/uploads\/2023\/12\/O1CN01AGyWy71HIfpNCzEJx_2331630735-0-cib.jpg","datePublished":"2023-12-13T07:42:23+00:00","dateModified":"2024-04-19T07:42:28+00:00","description":"Szukasz Wielokolorowy Sweter Ponczo z Fr\u0119dzlami? Jeste\u015b we w\u0142a\u015bciwym miejscu \ud83d\ude04 W naszej ofercie posiadamy szeroki wyb\u00f3r Sweter Ponczo z Fr\u0119dzlami Wielokolorowy, idealnych dla Ciebie.","breadcrumb":{"@id":"https:\/\/ozponcho.com.au\/p\/fringed-autumn-shawl-sweater\/#breadcrumb"},"inLanguage":"pl-PL","potentialAction":[{"@type":"ReadAction","target":["https:\/\/ozponcho.com.au\/p\/fringed-autumn-shawl-sweater\/"]}]},{"@type":"ImageObject","inLanguage":"pl-PL","@id":"https:\/\/ozponcho.com.au\/p\/fringed-autumn-shawl-sweater\/#primaryimage","url":"https:\/\/ozponcho.com.au\/wp-content\/uploads\/2023\/12\/O1CN01AGyWy71HIfpNCzEJx_2331630735-0-cib.jpg","contentUrl":"https:\/\/ozponcho.com.au\/wp-content\/uploads\/2023\/12\/O1CN01AGyWy71HIfpNCzEJx_2331630735-0-cib.jpg","width":1340,"height":1785,"caption":"Multicolored Tassel Poncho Sweater"},{"@type":"BreadcrumbList","@id":"https:\/\/ozponcho.com.au\/p\/fringed-autumn-shawl-sweater\/#breadcrumb","itemListElement":[{"@type":"ListItem","position":1,"name":"Home","item":"https:\/\/ozponcho.com.au\/"},{"@type":"ListItem","position":2,"name":"Shop","item":"https:\/\/ozponcho.com.au\/shop\/"},{"@type":"ListItem","position":3,"name":"Multicolored Tassel Poncho Sweater"}]},{"@type":"WebSite","@id":"https:\/\/ozponcho.com.au\/#website","url":"https:\/\/ozponcho.com.au\/","name":"Poncho OZ","description":"","potentialAction":[{"@type":"SearchAction","target":{"@type":"EntryPoint","urlTemplate":"https:\/\/ozponcho.com.au\/?s={search_term_string}"},"query-input":{"@type":"PropertyValueSpecification","valueRequired":true,"valueName":"search_term_string"}}],"inLanguage":"pl-PL"}]}},"_links":{"self":[{"href":"https:\/\/ozponcho.com.au\/pl\/wp-json\/wp\/v2\/product\/13976","targetHints":{"allow":["GET"]}}],"collection":[{"href":"https:\/\/ozponcho.com.au\/pl\/wp-json\/wp\/v2\/product"}],"about":[{"href":"https:\/\/ozponcho.com.au\/pl\/wp-json\/wp\/v2\/types\/product"}],"wp:featuredmedia":[{"embeddable":true,"href":"https:\/\/ozponcho.com.au\/pl\/wp-json\/wp\/v2\/media\/13936"}],"wp:attachment":[{"href":"https:\/\/ozponcho.com.au\/pl\/wp-json\/wp\/v2\/media?parent=13976"}],"wp:term":[{"taxonomy":"product_brand","embeddable":true,"href":"https:\/\/ozponcho.com.au\/pl\/wp-json\/wp\/v2\/product_brand?post=13976"},{"taxonomy":"product_cat","embeddable":true,"href":"https:\/\/ozponcho.com.au\/pl\/wp-json\/wp\/v2\/product_cat?post=13976"},{"taxonomy":"product_tag","embeddable":true,"href":"https:\/\/ozponcho.com.au\/pl\/wp-json\/wp\/v2\/product_tag?post=13976"}],"curies":[{"name":"wp","href":"https:\/\/api.w.org\/{rel}","templated":true}]}}