{"id":13949,"date":"2023-12-13T18:42:09","date_gmt":"2023-12-13T07:42:09","guid":{"rendered":"https:\/\/ozponcho.com.au\/p\/autumn-winter-sweater-irregular-asymmetric-beaded-tassel-shawl-women\/"},"modified":"2024-04-19T18:40:34","modified_gmt":"2024-04-19T07:40:34","slug":"asymmetric-fringe-women-poncho","status":"publish","type":"product","link":"https:\/\/ozponcho.com.au\/pl\/p\/asymetryczne-poncho-damskie-z-fredzlami\/","title":{"rendered":"Sweter ponczo z fr\u0119dzlami i koralikami"},"content":{"rendered":"<p>Eleganckie jesienno-zimowe ponczo Sweater Poncho to idealne rozwi\u0105zanie dla tych, kt\u00f3rzy chc\u0105 zachowa\u0107 przytulno\u015b\u0107, a jednocze\u015bnie emanowa\u0107 stylem. Ponczo z dzianiny jersey posiada pi\u0119kne akcenty z koralik\u00f3w i fr\u0119dzli, dodaj\u0105c odrobin\u0119 wyrafinowania do ka\u017cdego stroju. Ponczo jest na tyle uniwersalne, \u017ce mo\u017cna je za\u0142o\u017cy\u0107 do d\u017cins\u00f3w, aby uzyska\u0107 swobodny wygl\u0105d, lub na\u0142o\u017cy\u0107 na sukienk\u0119, aby uzyska\u0107 wieczorowe ciep\u0142o. Lu\u017any kr\u00f3j zapewnia wygod\u0119, a d\u0142ugie r\u0119kawy i okr\u0105g\u0142y dekolt zapewniaj\u0105 os\u0142on\u0119 na ch\u0142odniejsze dni. Ciesz si\u0119 ch\u0142odniejszymi miesi\u0105cami z tym eleganckim, asymetrycznie zaprojektowanym poncho - stylowym rozwi\u0105zaniem na jesie\u0144 i zim\u0119.<\/p>\n<div>Styl: Casual<\/div>\n<div>Dopasowanie: Lu\u017any<\/div>\n<div>Materia\u0142: Jersey<\/div>\n<div>Wz\u00f3r: Jednolity<\/div>\n<div>Element: Koraliki<\/div>","protected":false},"excerpt":{"rendered":"<p>Drape yourself in elegance with this Autumn Winter Sweater Poncho, perfect for those wanting to stay cozy while exuding style. The jersey-knit poncho boasts beautiful beaded accents and fringe tassels, adding a touch of sophistication to any outfit. It&#8217;s versatile enough to pair with jeans for a casual look or to layer over a dress [&#8230;]","protected":false},"featured_media":13866,"template":"","meta":[],"product_brand":[],"product_cat":[226,15,228,214,210,221],"product_tag":[],"class_list":{"0":"post-13949","1":"product","2":"type-product","3":"status-publish","4":"has-post-thumbnail","6":"product_cat-brown-poncho","7":"product_cat-main-category","8":"product_cat-poncho-sweater","9":"product_cat-knitted-crochet-poncho","10":"product_cat-poncho-women","11":"product_cat-red-poncho","13":"first","14":"outofstock","15":"shipping-taxable","16":"purchasable","17":"product-type-variable"},"yoast_head":"<!-- This site is optimized with the Yoast SEO plugin v25.9 - https:\/\/yoast.com\/wordpress\/plugins\/seo\/ -->\n<title>Beaded Tassel Poncho Sweater | Polska #1 Poncho Shop<\/title>\n<meta name=\"description\" content=\"Looking for a Beaded Tassel Poncho Sweater ? You&#039;ve come to the right place \ud83d\ude04 We offers a wide selection of Beaded Tassel Poncho Sweater, perfect for you.\" \/>\n<meta name=\"robots\" content=\"index, follow, max-snippet:-1, max-image-preview:large, max-video-preview:-1\" \/>\n<link rel=\"canonical\" href=\"https:\/\/ozponcho.com.au\/pl\/p\/asymetryczne-poncho-damskie-z-fredzlami\/\" \/>\n<meta property=\"og:locale\" content=\"pl_PL\" \/>\n<meta property=\"og:type\" content=\"article\" \/>\n<meta property=\"og:title\" content=\"Beaded Tassel Poncho Sweater | Polska #1 Poncho Shop\" \/>\n<meta property=\"og:description\" content=\"Looking for a Beaded Tassel Poncho Sweater ? You&#039;ve come to the right place \ud83d\ude04 We offers a wide selection of Beaded Tassel Poncho Sweater, perfect for you.\" \/>\n<meta property=\"og:url\" content=\"https:\/\/ozponcho.com.au\/pl\/p\/asymetryczne-poncho-damskie-z-fredzlami\/\" \/>\n<meta property=\"og:site_name\" content=\"OZ Poncho\" \/>\n<meta property=\"article:modified_time\" content=\"2024-04-19T07:40:34+00:00\" \/>\n<meta property=\"og:image\" content=\"https:\/\/ozponcho.com.au\/wp-content\/uploads\/2023\/12\/O1CN01jBNynO1HIfspld0r8_2331630735-0-cib.jpg\" \/>\n\t<meta property=\"og:image:width\" content=\"1340\" \/>\n\t<meta property=\"og:image:height\" content=\"1785\" \/>\n\t<meta property=\"og:image:type\" content=\"image\/jpeg\" \/>\n<meta name=\"twitter:card\" content=\"summary_large_image\" \/>\n<meta name=\"twitter:label1\" content=\"Szacowany czas czytania\" \/>\n\t<meta name=\"twitter:data1\" content=\"1 minuta\" \/>\n<script type=\"application\/ld+json\" class=\"yoast-schema-graph\">{\"@context\":\"https:\/\/schema.org\",\"@graph\":[{\"@type\":\"WebPage\",\"@id\":\"https:\/\/ozponcho.com.au\/p\/asymmetric-fringe-women-poncho\/\",\"url\":\"https:\/\/ozponcho.com.au\/p\/asymmetric-fringe-women-poncho\/\",\"name\":\"Beaded Tassel Poncho Sweater | Polska #1 Poncho Shop\",\"isPartOf\":{\"@id\":\"https:\/\/ozponcho.com.au\/#website\"},\"primaryImageOfPage\":{\"@id\":\"https:\/\/ozponcho.com.au\/p\/asymmetric-fringe-women-poncho\/#primaryimage\"},\"image\":{\"@id\":\"https:\/\/ozponcho.com.au\/p\/asymmetric-fringe-women-poncho\/#primaryimage\"},\"thumbnailUrl\":\"https:\/\/ozponcho.com.au\/wp-content\/uploads\/2023\/12\/O1CN01jBNynO1HIfspld0r8_2331630735-0-cib.jpg\",\"datePublished\":\"2023-12-13T07:42:09+00:00\",\"dateModified\":\"2024-04-19T07:40:34+00:00\",\"description\":\"Looking for a Beaded Tassel Poncho Sweater ? You've come to the right place \ud83d\ude04 We offers a wide selection of Beaded Tassel Poncho Sweater, perfect for you.\",\"breadcrumb\":{\"@id\":\"https:\/\/ozponcho.com.au\/p\/asymmetric-fringe-women-poncho\/#breadcrumb\"},\"inLanguage\":\"pl-PL\",\"potentialAction\":[{\"@type\":\"ReadAction\",\"target\":[\"https:\/\/ozponcho.com.au\/p\/asymmetric-fringe-women-poncho\/\"]}]},{\"@type\":\"ImageObject\",\"inLanguage\":\"pl-PL\",\"@id\":\"https:\/\/ozponcho.com.au\/p\/asymmetric-fringe-women-poncho\/#primaryimage\",\"url\":\"https:\/\/ozponcho.com.au\/wp-content\/uploads\/2023\/12\/O1CN01jBNynO1HIfspld0r8_2331630735-0-cib.jpg\",\"contentUrl\":\"https:\/\/ozponcho.com.au\/wp-content\/uploads\/2023\/12\/O1CN01jBNynO1HIfspld0r8_2331630735-0-cib.jpg\",\"width\":1340,\"height\":1785,\"caption\":\"Beaded Tassel Poncho Sweater\"},{\"@type\":\"BreadcrumbList\",\"@id\":\"https:\/\/ozponcho.com.au\/p\/asymmetric-fringe-women-poncho\/#breadcrumb\",\"itemListElement\":[{\"@type\":\"ListItem\",\"position\":1,\"name\":\"Home\",\"item\":\"https:\/\/ozponcho.com.au\/\"},{\"@type\":\"ListItem\",\"position\":2,\"name\":\"Shop\",\"item\":\"https:\/\/ozponcho.com.au\/shop\/\"},{\"@type\":\"ListItem\",\"position\":3,\"name\":\"Beaded Tassel Poncho Sweater\"}]},{\"@type\":\"WebSite\",\"@id\":\"https:\/\/ozponcho.com.au\/#website\",\"url\":\"https:\/\/ozponcho.com.au\/\",\"name\":\"OZ Poncho\",\"description\":\"\",\"potentialAction\":[{\"@type\":\"SearchAction\",\"target\":{\"@type\":\"EntryPoint\",\"urlTemplate\":\"https:\/\/ozponcho.com.au\/?s={search_term_string}\"},\"query-input\":{\"@type\":\"PropertyValueSpecification\",\"valueRequired\":true,\"valueName\":\"search_term_string\"}}],\"inLanguage\":\"pl-PL\"}]}<\/script>\n<!-- \/ Yoast SEO plugin. -->","yoast_head_json":{"title":"Sweter z fr\u0119dzlami z koralikami Poncho | Polska #1 Poncho Shop","description":"Szukasz Beaded Tassel Poncho Sweater? Jeste\u015b we w\u0142a\u015bciwym miejscu \ud83d\ude04 W naszej ofercie posiadamy szeroki wyb\u00f3r Sweter Ponczo z Fr\u0119dzlami z Koralikami, idealnych dla Ciebie.","robots":{"index":"index","follow":"follow","max-snippet":"max-snippet:-1","max-image-preview":"max-image-preview:large","max-video-preview":"max-video-preview:-1"},"canonical":"https:\/\/ozponcho.com.au\/pl\/p\/asymetryczne-poncho-damskie-z-fredzlami\/","og_locale":"pl_PL","og_type":"article","og_title":"Beaded Tassel Poncho Sweater | Polska #1 Poncho Shop","og_description":"Looking for a Beaded Tassel Poncho Sweater ? You've come to the right place \ud83d\ude04 We offers a wide selection of Beaded Tassel Poncho Sweater, perfect for you.","og_url":"https:\/\/ozponcho.com.au\/pl\/p\/asymetryczne-poncho-damskie-z-fredzlami\/","og_site_name":"OZ Poncho","article_modified_time":"2024-04-19T07:40:34+00:00","og_image":[{"width":1340,"height":1785,"url":"https:\/\/ozponcho.com.au\/wp-content\/uploads\/2023\/12\/O1CN01jBNynO1HIfspld0r8_2331630735-0-cib.jpg","type":"image\/jpeg"}],"twitter_card":"summary_large_image","twitter_misc":{"Szacowany czas czytania":"1 minuta"},"schema":{"@context":"https:\/\/schema.org","@graph":[{"@type":"WebPage","@id":"https:\/\/ozponcho.com.au\/p\/asymmetric-fringe-women-poncho\/","url":"https:\/\/ozponcho.com.au\/p\/asymmetric-fringe-women-poncho\/","name":"Sweter z fr\u0119dzlami z koralikami Poncho | Polska #1 Poncho Shop","isPartOf":{"@id":"https:\/\/ozponcho.com.au\/#website"},"primaryImageOfPage":{"@id":"https:\/\/ozponcho.com.au\/p\/asymmetric-fringe-women-poncho\/#primaryimage"},"image":{"@id":"https:\/\/ozponcho.com.au\/p\/asymmetric-fringe-women-poncho\/#primaryimage"},"thumbnailUrl":"https:\/\/ozponcho.com.au\/wp-content\/uploads\/2023\/12\/O1CN01jBNynO1HIfspld0r8_2331630735-0-cib.jpg","datePublished":"2023-12-13T07:42:09+00:00","dateModified":"2024-04-19T07:40:34+00:00","description":"Szukasz Beaded Tassel Poncho Sweater? Jeste\u015b we w\u0142a\u015bciwym miejscu \ud83d\ude04 W naszej ofercie posiadamy szeroki wyb\u00f3r Sweter Ponczo z Fr\u0119dzlami z Koralikami, idealnych dla Ciebie.","breadcrumb":{"@id":"https:\/\/ozponcho.com.au\/p\/asymmetric-fringe-women-poncho\/#breadcrumb"},"inLanguage":"pl-PL","potentialAction":[{"@type":"ReadAction","target":["https:\/\/ozponcho.com.au\/p\/asymmetric-fringe-women-poncho\/"]}]},{"@type":"ImageObject","inLanguage":"pl-PL","@id":"https:\/\/ozponcho.com.au\/p\/asymmetric-fringe-women-poncho\/#primaryimage","url":"https:\/\/ozponcho.com.au\/wp-content\/uploads\/2023\/12\/O1CN01jBNynO1HIfspld0r8_2331630735-0-cib.jpg","contentUrl":"https:\/\/ozponcho.com.au\/wp-content\/uploads\/2023\/12\/O1CN01jBNynO1HIfspld0r8_2331630735-0-cib.jpg","width":1340,"height":1785,"caption":"Beaded Tassel Poncho Sweater"},{"@type":"BreadcrumbList","@id":"https:\/\/ozponcho.com.au\/p\/asymmetric-fringe-women-poncho\/#breadcrumb","itemListElement":[{"@type":"ListItem","position":1,"name":"Home","item":"https:\/\/ozponcho.com.au\/"},{"@type":"ListItem","position":2,"name":"Shop","item":"https:\/\/ozponcho.com.au\/shop\/"},{"@type":"ListItem","position":3,"name":"Beaded Tassel Poncho Sweater"}]},{"@type":"WebSite","@id":"https:\/\/ozponcho.com.au\/#website","url":"https:\/\/ozponcho.com.au\/","name":"Poncho OZ","description":"","potentialAction":[{"@type":"SearchAction","target":{"@type":"EntryPoint","urlTemplate":"https:\/\/ozponcho.com.au\/?s={search_term_string}"},"query-input":{"@type":"PropertyValueSpecification","valueRequired":true,"valueName":"search_term_string"}}],"inLanguage":"pl-PL"}]}},"_links":{"self":[{"href":"https:\/\/ozponcho.com.au\/pl\/wp-json\/wp\/v2\/product\/13949","targetHints":{"allow":["GET"]}}],"collection":[{"href":"https:\/\/ozponcho.com.au\/pl\/wp-json\/wp\/v2\/product"}],"about":[{"href":"https:\/\/ozponcho.com.au\/pl\/wp-json\/wp\/v2\/types\/product"}],"wp:featuredmedia":[{"embeddable":true,"href":"https:\/\/ozponcho.com.au\/pl\/wp-json\/wp\/v2\/media\/13866"}],"wp:attachment":[{"href":"https:\/\/ozponcho.com.au\/pl\/wp-json\/wp\/v2\/media?parent=13949"}],"wp:term":[{"taxonomy":"product_brand","embeddable":true,"href":"https:\/\/ozponcho.com.au\/pl\/wp-json\/wp\/v2\/product_brand?post=13949"},{"taxonomy":"product_cat","embeddable":true,"href":"https:\/\/ozponcho.com.au\/pl\/wp-json\/wp\/v2\/product_cat?post=13949"},{"taxonomy":"product_tag","embeddable":true,"href":"https:\/\/ozponcho.com.au\/pl\/wp-json\/wp\/v2\/product_tag?post=13949"}],"curies":[{"name":"wp","href":"https:\/\/api.w.org\/{rel}","templated":true}]}}