{"id":13908,"date":"2023-12-13T18:41:50","date_gmt":"2023-12-13T07:41:50","guid":{"rendered":"https:\/\/ozponcho.com.au\/p\/autumn-winter-mid-length-hairy-ball-tassel-shawl-sweater\/"},"modified":"2024-04-19T18:39:49","modified_gmt":"2024-04-19T07:39:49","slug":"casual-mid-length-poncho-shawl","status":"publish","type":"product","link":"https:\/\/ozponcho.com.au\/pl\/p\/swobodny-szal-poncho-sredniej-dlugosci\/","title":{"rendered":"Czerwone ponczo z fr\u0119dzlami"},"content":{"rendered":"<p>Ciesz si\u0119 ch\u0142odn\u0105 pogod\u0105 w wielkim stylu dzi\u0119ki temu jesienno-zimowemu ponczu z szalowym swetrem z fr\u0119dzlami o \u015bredniej d\u0142ugo\u015bci w \u017cywym czerwonym kolorze. Wykonane z dba\u0142o\u015bci\u0105 z mi\u0119kkiego akrylowego d\u017cerseju, to ponczo zapewnia wspania\u0142y dotyk na sk\u00f3rze. Lu\u017ana sylwetka, uzupe\u0142niona zabawnymi fr\u0119dzlami i fr\u0119dzlami, emanuje swobodn\u0105 elegancj\u0105. Niezale\u017cnie od tego, czy na\u0142o\u017cysz je na ulubiony jesienny str\u00f3j, czy te\u017c dodasz odrobin\u0119 koloru do zimowego stroju, to ponczo z dekoltem w szpic zapewnia ciep\u0142o i odrobin\u0119 kaprysu. Stw\u00f3rz odwa\u017cn\u0105 modow\u0105 deklaracj\u0119 z tym niezb\u0119dnym dodatkiem na ch\u0142odniejsze pory roku.<\/p>\n<div>Styl: Casual<\/div>\n<div>Dopasowanie: Lu\u017any<\/div>\n<div>Materia\u0142: Jersey<\/div>\n<div>Wz\u00f3r: Jednolity<\/div>\n<div>Element: Grzywka<\/div>\n<div>G\u00f3rna d\u0142ugo\u015b\u0107: D\u0142ugi<\/div>\n<div>Dekolt: Dekolt w serek<\/div>\n<div>Typ r\u0119kawa: Inne<\/div>\n<div>D\u0142ugo\u015b\u0107 r\u0119kawa: D\u0142ugi r\u0119kaw<\/div>\n<div>G\u0142\u00f3wny sk\u0142ad: Akryl<\/div>\n<div>Sezon: Wiosna\/Jesie\u0144<\/div>\n<p><img decoding=\"async\" src=\"https:\/\/ozponcho.com.au\/wp-content\/uploads\/2024\/03\/991787375266889728.png\" \/><img decoding=\"async\" src=\"https:\/\/ozponcho.com.au\/wp-content\/uploads\/2024\/03\/O1CN01EzGT391HIfpDXYjuf_2331630735-0-cib.jpg\" \/><img decoding=\"async\" src=\"https:\/\/ozponcho.com.au\/wp-content\/uploads\/2024\/03\/O1CN0195AtHc1HIfpNtRuQd_2331630735-0-cib.jpg\" \/><img decoding=\"async\" src=\"https:\/\/ozponcho.com.au\/wp-content\/uploads\/2024\/03\/O1CN017jiZQJ1HIfpGJszAk_2331630735-0-cib.jpg\" \/><img decoding=\"async\" src=\"https:\/\/ozponcho.com.au\/wp-content\/uploads\/2024\/03\/O1CN01qPbFJZ1HIfpDXYXTm_2331630735-0-cib.jpg\" \/><img decoding=\"async\" src=\"https:\/\/ozponcho.com.au\/wp-content\/uploads\/2024\/03\/O1CN01VeOHxg1HIfpBNyUym_2331630735-0-cib.jpg\" \/><img decoding=\"async\" src=\"https:\/\/ozponcho.com.au\/wp-content\/uploads\/2024\/03\/O1CN01mRksEi1HIfpDXY07L_2331630735-0-cib.jpg\" \/><img decoding=\"async\" src=\"https:\/\/ozponcho.com.au\/wp-content\/uploads\/2024\/03\/O1CN01j2hcvH1HIfroopfdR_2331630735-0-cib.jpg\" \/><img decoding=\"async\" src=\"https:\/\/ozponcho.com.au\/wp-content\/uploads\/2024\/03\/O1CN01ZJZINI1HIfpBNxMDN_2331630735-0-cib.jpg\" \/><img decoding=\"async\" src=\"https:\/\/ozponcho.com.au\/wp-content\/uploads\/2024\/03\/O1CN01y2EtwR1HIfpFind1q_2331630735-0-cib.jpg\" \/><img decoding=\"async\" src=\"https:\/\/ozponcho.com.au\/wp-content\/uploads\/2024\/03\/O1CN01EnbapL1HIfpNtOkmr_2331630735-0-cib.jpg\" \/><img decoding=\"async\" src=\"https:\/\/ozponcho.com.au\/wp-content\/uploads\/2024\/03\/O1CN01gl0vTZ1HIfpLPz4xZ_2331630735-0-cib.jpg\" \/><img decoding=\"async\" src=\"https:\/\/ozponcho.com.au\/wp-content\/uploads\/2024\/03\/O1CN01qcoff71HIfpGJs6w1_2331630735-0-cib.jpg\" \/><img decoding=\"async\" src=\"https:\/\/ozponcho.com.au\/wp-content\/uploads\/2024\/03\/O1CN01z5QpEW1HIfpJmxdEQ_2331630735-0-cib.jpg\" \/><img decoding=\"async\" src=\"https:\/\/ozponcho.com.au\/wp-content\/uploads\/2024\/03\/O1CN01cSht3m1HIfriYfJhc_2331630735-0-cib.jpg\" \/><img decoding=\"async\" src=\"https:\/\/ozponcho.com.au\/wp-content\/uploads\/2024\/03\/O1CN01d5JD4d1HIfpCvCMmR_2331630735-0-cib.jpg\" \/><img decoding=\"async\" src=\"https:\/\/ozponcho.com.au\/wp-content\/uploads\/2024\/03\/O1CN01ERvgga1HIfpJmvkmf_2331630735-0-cib.jpg\" \/><img decoding=\"async\" src=\"https:\/\/ozponcho.com.au\/wp-content\/uploads\/2024\/03\/O1CN01TjtI6f1HIfpFfVKvo_2331630735-0-cib.jpg\" \/><img decoding=\"async\" src=\"https:\/\/ozponcho.com.au\/wp-content\/uploads\/2024\/03\/O1CN016gVDyf1HIfpHHXHq7_2331630735-0-cib.jpg\" \/><img decoding=\"async\" src=\"https:\/\/ozponcho.com.au\/wp-content\/uploads\/2024\/03\/O1CN01K8MpKv1HIfpHb3WMo_2331630735-0-cib.jpg\" \/><img decoding=\"async\" src=\"https:\/\/ozponcho.com.au\/wp-content\/uploads\/2024\/03\/O1CN01EvNY8f1HIfpMAuouN_2331630735-0-cib.jpg\" \/><img decoding=\"async\" src=\"https:\/\/ozponcho.com.au\/wp-content\/uploads\/2024\/03\/O1CN011fikvK1HIfpFfXLcg_2331630735-0-cib.jpg\" \/><img decoding=\"async\" src=\"https:\/\/ozponcho.com.au\/wp-content\/uploads\/2024\/03\/O1CN01WuTeYK1HIfpNBYcC3_2331630735-0-cib.jpg\" \/><img decoding=\"async\" src=\"https:\/\/ozponcho.com.au\/wp-content\/uploads\/2024\/03\/O1CN01wSPuvY1HIfpFfb2Va_2331630735-0-cib.jpg\" \/><img decoding=\"async\" src=\"https:\/\/ozponcho.com.au\/wp-content\/uploads\/2024\/03\/O1CN01eV8q621HIfpHHYxr4_2331630735-0-cib.jpg\" \/><img decoding=\"async\" src=\"https:\/\/ozponcho.com.au\/wp-content\/uploads\/2024\/03\/O1CN01Ly3spw1HIfpImcATT_2331630735-0-cib.jpg\" \/><img decoding=\"async\" src=\"https:\/\/ozponcho.com.au\/wp-content\/uploads\/2024\/03\/O1CN01X7XOfd1HIfpJmyIxJ_2331630735-0-cib.jpg\" \/><img decoding=\"async\" src=\"https:\/\/ozponcho.com.au\/wp-content\/uploads\/2024\/03\/O1CN01ZTyVvf1HIfpLQ32NA_2331630735-0-cib.jpg\" \/><img decoding=\"async\" src=\"https:\/\/ozponcho.com.au\/wp-content\/uploads\/2024\/03\/O1CN0192SBTV1HIfpFfYl5l_2331630735-0-cib.jpg\" \/><img decoding=\"async\" src=\"https:\/\/ozponcho.com.au\/wp-content\/uploads\/2024\/03\/O1CN012tcgHK1HIfpNBbIYT_2331630735-0-cib.jpg\" \/><img decoding=\"async\" src=\"https:\/\/ozponcho.com.au\/wp-content\/uploads\/2024\/03\/O1CN01IanRat1HIfpLQ2lst_2331630735-0-cib.jpg\" \/><img decoding=\"async\" src=\"https:\/\/ozponcho.com.au\/wp-content\/uploads\/2024\/03\/O1CN01jkeh8k1HIfpNBa1ae_2331630735-0-cib.jpg\" \/><img decoding=\"async\" src=\"https:\/\/ozponcho.com.au\/wp-content\/uploads\/2024\/03\/O1CN01LCrtLY1HIfpFfZdIL_2331630735-0-cib.jpg\" \/><img decoding=\"async\" src=\"https:\/\/ozponcho.com.au\/wp-content\/uploads\/2024\/03\/O1CN01orocD71HIfpBO0RdG_2331630735-0-cib.jpg\" \/><img decoding=\"async\" src=\"https:\/\/ozponcho.com.au\/wp-content\/uploads\/2024\/03\/O1CN01T9eW4q1HIfpImeqrn_2331630735-0-cib.jpg\" \/><\/p>","protected":false},"excerpt":{"rendered":"<p>Embrace the chilly weather in style with this fetching Autumn Winter Mid-Length Hairy Ball Tassel Shawl Sweater Poncho in a vibrant red hue. Crafted with care from soft, acrylic jersey fabric, this poncho offers a sumptuous feel against the skin. The loose-fitting silhouette, complemented by the playful fringe and tassel details, exudes casual elegance. Whether [&#8230;]","protected":false},"featured_media":13850,"template":"","meta":[],"product_brand":[],"product_cat":[15,228,214,210,221],"product_tag":[],"class_list":{"0":"post-13908","1":"product","2":"type-product","3":"status-publish","4":"has-post-thumbnail","6":"product_cat-main-category","7":"product_cat-poncho-sweater","8":"product_cat-knitted-crochet-poncho","9":"product_cat-poncho-women","10":"product_cat-red-poncho","12":"first","13":"outofstock","14":"shipping-taxable","15":"purchasable","16":"product-type-variable"},"yoast_head":"<!-- This site is optimized with the Yoast SEO plugin v25.9 - https:\/\/yoast.com\/wordpress\/plugins\/seo\/ -->\n<title>Red Tassel Fringe Poncho | Polska #1 Poncho Shop<\/title>\n<meta name=\"description\" content=\"Looking for a Red Tassel Fringe Poncho ? You&#039;ve come to the right place \ud83d\ude04 We offers a wide selection of Red Tassel Fringe Poncho, perfect for you.\" \/>\n<meta name=\"robots\" content=\"index, follow, max-snippet:-1, max-image-preview:large, max-video-preview:-1\" \/>\n<link rel=\"canonical\" href=\"https:\/\/ozponcho.com.au\/pl\/p\/swobodny-szal-poncho-sredniej-dlugosci\/\" \/>\n<meta property=\"og:locale\" content=\"pl_PL\" \/>\n<meta property=\"og:type\" content=\"article\" \/>\n<meta property=\"og:title\" content=\"Red Tassel Fringe Poncho | Polska #1 Poncho Shop\" \/>\n<meta property=\"og:description\" content=\"Looking for a Red Tassel Fringe Poncho ? You&#039;ve come to the right place \ud83d\ude04 We offers a wide selection of Red Tassel Fringe Poncho, perfect for you.\" \/>\n<meta property=\"og:url\" content=\"https:\/\/ozponcho.com.au\/pl\/p\/swobodny-szal-poncho-sredniej-dlugosci\/\" \/>\n<meta property=\"og:site_name\" content=\"OZ Poncho\" \/>\n<meta property=\"article:modified_time\" content=\"2024-04-19T07:39:49+00:00\" \/>\n<meta property=\"og:image\" content=\"https:\/\/ozponcho.com.au\/wp-content\/uploads\/2023\/12\/O1CN01cSht3m1HIfriYfJhc_2331630735-0-cib.jpg\" \/>\n\t<meta property=\"og:image:width\" content=\"1340\" \/>\n\t<meta property=\"og:image:height\" content=\"1785\" \/>\n\t<meta property=\"og:image:type\" content=\"image\/jpeg\" \/>\n<meta name=\"twitter:card\" content=\"summary_large_image\" \/>\n<meta name=\"twitter:label1\" content=\"Szacowany czas czytania\" \/>\n\t<meta name=\"twitter:data1\" content=\"1 minuta\" \/>\n<script type=\"application\/ld+json\" class=\"yoast-schema-graph\">{\"@context\":\"https:\/\/schema.org\",\"@graph\":[{\"@type\":\"WebPage\",\"@id\":\"https:\/\/ozponcho.com.au\/p\/casual-mid-length-poncho-shawl\/\",\"url\":\"https:\/\/ozponcho.com.au\/p\/casual-mid-length-poncho-shawl\/\",\"name\":\"Red Tassel Fringe Poncho | Polska #1 Poncho Shop\",\"isPartOf\":{\"@id\":\"https:\/\/ozponcho.com.au\/#website\"},\"primaryImageOfPage\":{\"@id\":\"https:\/\/ozponcho.com.au\/p\/casual-mid-length-poncho-shawl\/#primaryimage\"},\"image\":{\"@id\":\"https:\/\/ozponcho.com.au\/p\/casual-mid-length-poncho-shawl\/#primaryimage\"},\"thumbnailUrl\":\"https:\/\/ozponcho.com.au\/wp-content\/uploads\/2023\/12\/O1CN01cSht3m1HIfriYfJhc_2331630735-0-cib.jpg\",\"datePublished\":\"2023-12-13T07:41:50+00:00\",\"dateModified\":\"2024-04-19T07:39:49+00:00\",\"description\":\"Looking for a Red Tassel Fringe Poncho ? You've come to the right place \ud83d\ude04 We offers a wide selection of Red Tassel Fringe Poncho, perfect for you.\",\"breadcrumb\":{\"@id\":\"https:\/\/ozponcho.com.au\/p\/casual-mid-length-poncho-shawl\/#breadcrumb\"},\"inLanguage\":\"pl-PL\",\"potentialAction\":[{\"@type\":\"ReadAction\",\"target\":[\"https:\/\/ozponcho.com.au\/p\/casual-mid-length-poncho-shawl\/\"]}]},{\"@type\":\"ImageObject\",\"inLanguage\":\"pl-PL\",\"@id\":\"https:\/\/ozponcho.com.au\/p\/casual-mid-length-poncho-shawl\/#primaryimage\",\"url\":\"https:\/\/ozponcho.com.au\/wp-content\/uploads\/2023\/12\/O1CN01cSht3m1HIfriYfJhc_2331630735-0-cib.jpg\",\"contentUrl\":\"https:\/\/ozponcho.com.au\/wp-content\/uploads\/2023\/12\/O1CN01cSht3m1HIfriYfJhc_2331630735-0-cib.jpg\",\"width\":1340,\"height\":1785,\"caption\":\"Red Tassel Fringe Poncho\"},{\"@type\":\"BreadcrumbList\",\"@id\":\"https:\/\/ozponcho.com.au\/p\/casual-mid-length-poncho-shawl\/#breadcrumb\",\"itemListElement\":[{\"@type\":\"ListItem\",\"position\":1,\"name\":\"Home\",\"item\":\"https:\/\/ozponcho.com.au\/\"},{\"@type\":\"ListItem\",\"position\":2,\"name\":\"Shop\",\"item\":\"https:\/\/ozponcho.com.au\/shop\/\"},{\"@type\":\"ListItem\",\"position\":3,\"name\":\"Red Tassel Fringe Poncho\"}]},{\"@type\":\"WebSite\",\"@id\":\"https:\/\/ozponcho.com.au\/#website\",\"url\":\"https:\/\/ozponcho.com.au\/\",\"name\":\"OZ Poncho\",\"description\":\"\",\"potentialAction\":[{\"@type\":\"SearchAction\",\"target\":{\"@type\":\"EntryPoint\",\"urlTemplate\":\"https:\/\/ozponcho.com.au\/?s={search_term_string}\"},\"query-input\":{\"@type\":\"PropertyValueSpecification\",\"valueRequired\":true,\"valueName\":\"search_term_string\"}}],\"inLanguage\":\"pl-PL\"}]}<\/script>\n<!-- \/ Yoast SEO plugin. -->","yoast_head_json":{"title":"Czerwone ponczo z fr\u0119dzlami | Polska #1 Poncho Shop","description":"Szukasz Ponczo z fr\u0119dzlami w kolorze czerwonym? Jeste\u015b we w\u0142a\u015bciwym miejscu \ud83d\ude04 Oferujemy szeroki wyb\u00f3r Ponczo z fr\u0119dzlami w kolorze czerwonym, idealnych dla Ciebie.","robots":{"index":"index","follow":"follow","max-snippet":"max-snippet:-1","max-image-preview":"max-image-preview:large","max-video-preview":"max-video-preview:-1"},"canonical":"https:\/\/ozponcho.com.au\/pl\/p\/swobodny-szal-poncho-sredniej-dlugosci\/","og_locale":"pl_PL","og_type":"article","og_title":"Red Tassel Fringe Poncho | Polska #1 Poncho Shop","og_description":"Looking for a Red Tassel Fringe Poncho ? You've come to the right place \ud83d\ude04 We offers a wide selection of Red Tassel Fringe Poncho, perfect for you.","og_url":"https:\/\/ozponcho.com.au\/pl\/p\/swobodny-szal-poncho-sredniej-dlugosci\/","og_site_name":"OZ Poncho","article_modified_time":"2024-04-19T07:39:49+00:00","og_image":[{"width":1340,"height":1785,"url":"https:\/\/ozponcho.com.au\/wp-content\/uploads\/2023\/12\/O1CN01cSht3m1HIfriYfJhc_2331630735-0-cib.jpg","type":"image\/jpeg"}],"twitter_card":"summary_large_image","twitter_misc":{"Szacowany czas czytania":"1 minuta"},"schema":{"@context":"https:\/\/schema.org","@graph":[{"@type":"WebPage","@id":"https:\/\/ozponcho.com.au\/p\/casual-mid-length-poncho-shawl\/","url":"https:\/\/ozponcho.com.au\/p\/casual-mid-length-poncho-shawl\/","name":"Czerwone ponczo z fr\u0119dzlami | Polska #1 Poncho Shop","isPartOf":{"@id":"https:\/\/ozponcho.com.au\/#website"},"primaryImageOfPage":{"@id":"https:\/\/ozponcho.com.au\/p\/casual-mid-length-poncho-shawl\/#primaryimage"},"image":{"@id":"https:\/\/ozponcho.com.au\/p\/casual-mid-length-poncho-shawl\/#primaryimage"},"thumbnailUrl":"https:\/\/ozponcho.com.au\/wp-content\/uploads\/2023\/12\/O1CN01cSht3m1HIfriYfJhc_2331630735-0-cib.jpg","datePublished":"2023-12-13T07:41:50+00:00","dateModified":"2024-04-19T07:39:49+00:00","description":"Szukasz Ponczo z fr\u0119dzlami w kolorze czerwonym? Jeste\u015b we w\u0142a\u015bciwym miejscu \ud83d\ude04 Oferujemy szeroki wyb\u00f3r Ponczo z fr\u0119dzlami w kolorze czerwonym, idealnych dla Ciebie.","breadcrumb":{"@id":"https:\/\/ozponcho.com.au\/p\/casual-mid-length-poncho-shawl\/#breadcrumb"},"inLanguage":"pl-PL","potentialAction":[{"@type":"ReadAction","target":["https:\/\/ozponcho.com.au\/p\/casual-mid-length-poncho-shawl\/"]}]},{"@type":"ImageObject","inLanguage":"pl-PL","@id":"https:\/\/ozponcho.com.au\/p\/casual-mid-length-poncho-shawl\/#primaryimage","url":"https:\/\/ozponcho.com.au\/wp-content\/uploads\/2023\/12\/O1CN01cSht3m1HIfriYfJhc_2331630735-0-cib.jpg","contentUrl":"https:\/\/ozponcho.com.au\/wp-content\/uploads\/2023\/12\/O1CN01cSht3m1HIfriYfJhc_2331630735-0-cib.jpg","width":1340,"height":1785,"caption":"Red Tassel Fringe Poncho"},{"@type":"BreadcrumbList","@id":"https:\/\/ozponcho.com.au\/p\/casual-mid-length-poncho-shawl\/#breadcrumb","itemListElement":[{"@type":"ListItem","position":1,"name":"Home","item":"https:\/\/ozponcho.com.au\/"},{"@type":"ListItem","position":2,"name":"Shop","item":"https:\/\/ozponcho.com.au\/shop\/"},{"@type":"ListItem","position":3,"name":"Red Tassel Fringe Poncho"}]},{"@type":"WebSite","@id":"https:\/\/ozponcho.com.au\/#website","url":"https:\/\/ozponcho.com.au\/","name":"Poncho OZ","description":"","potentialAction":[{"@type":"SearchAction","target":{"@type":"EntryPoint","urlTemplate":"https:\/\/ozponcho.com.au\/?s={search_term_string}"},"query-input":{"@type":"PropertyValueSpecification","valueRequired":true,"valueName":"search_term_string"}}],"inLanguage":"pl-PL"}]}},"_links":{"self":[{"href":"https:\/\/ozponcho.com.au\/pl\/wp-json\/wp\/v2\/product\/13908","targetHints":{"allow":["GET"]}}],"collection":[{"href":"https:\/\/ozponcho.com.au\/pl\/wp-json\/wp\/v2\/product"}],"about":[{"href":"https:\/\/ozponcho.com.au\/pl\/wp-json\/wp\/v2\/types\/product"}],"wp:featuredmedia":[{"embeddable":true,"href":"https:\/\/ozponcho.com.au\/pl\/wp-json\/wp\/v2\/media\/13850"}],"wp:attachment":[{"href":"https:\/\/ozponcho.com.au\/pl\/wp-json\/wp\/v2\/media?parent=13908"}],"wp:term":[{"taxonomy":"product_brand","embeddable":true,"href":"https:\/\/ozponcho.com.au\/pl\/wp-json\/wp\/v2\/product_brand?post=13908"},{"taxonomy":"product_cat","embeddable":true,"href":"https:\/\/ozponcho.com.au\/pl\/wp-json\/wp\/v2\/product_cat?post=13908"},{"taxonomy":"product_tag","embeddable":true,"href":"https:\/\/ozponcho.com.au\/pl\/wp-json\/wp\/v2\/product_tag?post=13908"}],"curies":[{"name":"wp","href":"https:\/\/api.w.org\/{rel}","templated":true}]}}