{"id":13662,"date":"2023-12-13T18:40:24","date_gmt":"2023-12-13T07:40:24","guid":{"rendered":"https:\/\/ozponcho.com.au\/p\/autumn-winter-v-neck-advanced-simple-color-matching-tassel-cape-shawl-coat\/"},"modified":"2024-04-19T19:22:05","modified_gmt":"2024-04-19T08:22:05","slug":"tassel-shawl-autumn-cozy","status":"publish","type":"product","link":"https:\/\/ozponcho.com.au\/pl\/p\/jesienny-przytulny-szal-z-fredzlami\/","title":{"rendered":"Ponczo z fr\u0119dzlami pod szyj\u0105"},"content":{"rendered":"<p>Wejd\u017a w sezon z nasz\u0105 jesienno-zimow\u0105 peleryn\u0105 ponczo z dekoltem w serek - modowym must-have, kt\u00f3ry zapewnia zar\u00f3wno styl, jak i wygod\u0119. Wykonane z mi\u0119kkiego d\u017cerseju, to lu\u017ane ponczo z d\u0142ugim r\u0119kawem uk\u0142ada si\u0119 bez wysi\u0142ku, oferuj\u0105c eleganck\u0105 opcj\u0119 warstwow\u0105 na ch\u0142odniejsze dni. Bogate odcienie nacaratu i zabawne fr\u0119dzle dodaj\u0105 elegancji ka\u017cdej swobodnej stylizacji. Niezale\u017cnie od tego, czy wybierasz si\u0119 na spacer, czy na wieczorne wyj\u015bcie, nasz szalowy p\u0142aszcz w kolorowe paski zapewni Ci ciep\u0142o, a jednocze\u015bnie b\u0119dzie wyrazem odwa\u017cnego stylu. Otul si\u0119 luksusem i pozw\u00f3l temu wyrazistemu elementowi urozmaici\u0107 swoj\u0105 jesienn\u0105 i zimow\u0105 garderob\u0119.<\/p>\n<div>Styl: Casual<\/div>\n<div>Dopasowanie: Lu\u017any<\/div>\n<div>Materia\u0142: Jersey<\/div>\n<div>Wz\u00f3r: Blok kolor\u00f3w<\/div>\n<div>Element: Grzywka<\/div>\n<div>G\u00f3rna d\u0142ugo\u015b\u0107: D\u0142ugi<\/div>\n<div>Dekolt: Dekolt w serek<\/div>\n<div>Rodzaj r\u0119kawa: Regularny<\/div>\n<div>D\u0142ugo\u015b\u0107 r\u0119kawa: D\u0142ugi r\u0119kaw<\/div>\n<div>G\u0142\u00f3wny sk\u0142ad: Akryl<\/div>\n<div>Sezon: Jesie\u0144\/Zima<\/div>\n<p><img decoding=\"async\" src=\"https:\/\/ozponcho.com.au\/wp-content\/uploads\/2024\/03\/1148987930086211584.png\" \/><img decoding=\"async\" src=\"https:\/\/ozponcho.com.au\/wp-content\/uploads\/2024\/03\/O1CN01Acrnsr1HIfz0PzpgN_2331630735-0-cib.jpg\" \/><img decoding=\"async\" src=\"https:\/\/ozponcho.com.au\/wp-content\/uploads\/2024\/03\/O1CN01KwtOet1HIfys1IflX_2331630735-0-cib.jpg\" \/><img decoding=\"async\" src=\"https:\/\/ozponcho.com.au\/wp-content\/uploads\/2024\/03\/O1CN01SPAXcY1HIfyzXR3pK_2331630735-0-cib.jpg\" \/><img decoding=\"async\" src=\"https:\/\/ozponcho.com.au\/wp-content\/uploads\/2024\/03\/O1CN01qcCtWe1HIfyqpffWI_2331630735-0-cib.jpg\" \/><\/p>","protected":false},"excerpt":{"rendered":"<p>Step into the season with our Autumn Winter V-Neck Poncho Cape\u00e2\u20ac\u201da fashion must-have that promises both style and comfort. Crafted from soft jersey fabric, this loose-fit, long-sleeved poncho drapes effortlessly, offering a chic layering option for those cooler days. The rich nacarat hues and playful fringe add a touch of elegance to any casual look. [&#8230;]","protected":false},"featured_media":13622,"template":"","meta":[],"product_brand":[],"product_cat":[15,222,228,210,221],"product_tag":[],"class_list":{"0":"post-13662","1":"product","2":"type-product","3":"status-publish","4":"has-post-thumbnail","6":"product_cat-main-category","7":"product_cat-pink-poncho","8":"product_cat-poncho-sweater","9":"product_cat-poncho-women","10":"product_cat-red-poncho","12":"first","13":"outofstock","14":"shipping-taxable","15":"purchasable","16":"product-type-variable"},"yoast_head":"<!-- This site is optimized with the Yoast SEO plugin v25.9 - https:\/\/yoast.com\/wordpress\/plugins\/seo\/ -->\n<title>V-Neck Fringe Poncho Cape | Polska #1 Poncho Shop<\/title>\n<meta name=\"description\" content=\"Looking for a V-Neck Fringe Poncho Cape ? You&#039;ve come to the right place \ud83d\ude04 We offers a wide selection of V-Neck Fringe Poncho Cape, perfect for you.\" \/>\n<meta name=\"robots\" content=\"index, follow, max-snippet:-1, max-image-preview:large, max-video-preview:-1\" \/>\n<link rel=\"canonical\" href=\"https:\/\/ozponcho.com.au\/pl\/p\/jesienny-przytulny-szal-z-fredzlami\/\" \/>\n<meta property=\"og:locale\" content=\"pl_PL\" \/>\n<meta property=\"og:type\" content=\"article\" \/>\n<meta property=\"og:title\" content=\"V-Neck Fringe Poncho Cape | Polska #1 Poncho Shop\" \/>\n<meta property=\"og:description\" content=\"Looking for a V-Neck Fringe Poncho Cape ? You&#039;ve come to the right place \ud83d\ude04 We offers a wide selection of V-Neck Fringe Poncho Cape, perfect for you.\" \/>\n<meta property=\"og:url\" content=\"https:\/\/ozponcho.com.au\/pl\/p\/jesienny-przytulny-szal-z-fredzlami\/\" \/>\n<meta property=\"og:site_name\" content=\"OZ Poncho\" \/>\n<meta property=\"article:modified_time\" content=\"2024-04-19T08:22:05+00:00\" \/>\n<meta property=\"og:image\" content=\"https:\/\/ozponcho.com.au\/wp-content\/uploads\/2023\/12\/O1CN01koYzGx1HIfyvos2wd_2331630735-0-cib.jpg\" \/>\n\t<meta property=\"og:image:width\" content=\"1340\" \/>\n\t<meta property=\"og:image:height\" content=\"1785\" \/>\n\t<meta property=\"og:image:type\" content=\"image\/jpeg\" \/>\n<meta name=\"twitter:card\" content=\"summary_large_image\" \/>\n<meta name=\"twitter:label1\" content=\"Szacowany czas czytania\" \/>\n\t<meta name=\"twitter:data1\" content=\"2 minuty\" \/>\n<script type=\"application\/ld+json\" class=\"yoast-schema-graph\">{\"@context\":\"https:\/\/schema.org\",\"@graph\":[{\"@type\":\"WebPage\",\"@id\":\"https:\/\/ozponcho.com.au\/p\/tassel-shawl-autumn-cozy\/\",\"url\":\"https:\/\/ozponcho.com.au\/p\/tassel-shawl-autumn-cozy\/\",\"name\":\"V-Neck Fringe Poncho Cape | Polska #1 Poncho Shop\",\"isPartOf\":{\"@id\":\"https:\/\/ozponcho.com.au\/#website\"},\"primaryImageOfPage\":{\"@id\":\"https:\/\/ozponcho.com.au\/p\/tassel-shawl-autumn-cozy\/#primaryimage\"},\"image\":{\"@id\":\"https:\/\/ozponcho.com.au\/p\/tassel-shawl-autumn-cozy\/#primaryimage\"},\"thumbnailUrl\":\"https:\/\/ozponcho.com.au\/wp-content\/uploads\/2023\/12\/O1CN01koYzGx1HIfyvos2wd_2331630735-0-cib.jpg\",\"datePublished\":\"2023-12-13T07:40:24+00:00\",\"dateModified\":\"2024-04-19T08:22:05+00:00\",\"description\":\"Looking for a V-Neck Fringe Poncho Cape ? You've come to the right place \ud83d\ude04 We offers a wide selection of V-Neck Fringe Poncho Cape, perfect for you.\",\"breadcrumb\":{\"@id\":\"https:\/\/ozponcho.com.au\/p\/tassel-shawl-autumn-cozy\/#breadcrumb\"},\"inLanguage\":\"pl-PL\",\"potentialAction\":[{\"@type\":\"ReadAction\",\"target\":[\"https:\/\/ozponcho.com.au\/p\/tassel-shawl-autumn-cozy\/\"]}]},{\"@type\":\"ImageObject\",\"inLanguage\":\"pl-PL\",\"@id\":\"https:\/\/ozponcho.com.au\/p\/tassel-shawl-autumn-cozy\/#primaryimage\",\"url\":\"https:\/\/ozponcho.com.au\/wp-content\/uploads\/2023\/12\/O1CN01koYzGx1HIfyvos2wd_2331630735-0-cib.jpg\",\"contentUrl\":\"https:\/\/ozponcho.com.au\/wp-content\/uploads\/2023\/12\/O1CN01koYzGx1HIfyvos2wd_2331630735-0-cib.jpg\",\"width\":1340,\"height\":1785,\"caption\":\"V-Neck Fringe Poncho Cape\"},{\"@type\":\"BreadcrumbList\",\"@id\":\"https:\/\/ozponcho.com.au\/p\/tassel-shawl-autumn-cozy\/#breadcrumb\",\"itemListElement\":[{\"@type\":\"ListItem\",\"position\":1,\"name\":\"Home\",\"item\":\"https:\/\/ozponcho.com.au\/\"},{\"@type\":\"ListItem\",\"position\":2,\"name\":\"Shop\",\"item\":\"https:\/\/ozponcho.com.au\/shop\/\"},{\"@type\":\"ListItem\",\"position\":3,\"name\":\"V-Neck Fringe Poncho Cape\"}]},{\"@type\":\"WebSite\",\"@id\":\"https:\/\/ozponcho.com.au\/#website\",\"url\":\"https:\/\/ozponcho.com.au\/\",\"name\":\"OZ Poncho\",\"description\":\"\",\"potentialAction\":[{\"@type\":\"SearchAction\",\"target\":{\"@type\":\"EntryPoint\",\"urlTemplate\":\"https:\/\/ozponcho.com.au\/?s={search_term_string}\"},\"query-input\":{\"@type\":\"PropertyValueSpecification\",\"valueRequired\":true,\"valueName\":\"search_term_string\"}}],\"inLanguage\":\"pl-PL\"}]}<\/script>\n<!-- \/ Yoast SEO plugin. -->","yoast_head_json":{"title":"Ponczo z fr\u0119dzlami pod szyj\u0105 | Polska #1 Poncho Shop","description":"Szukasz peleryny z fr\u0119dzlami V-Neck Poncho Cape? Jeste\u015b we w\u0142a\u015bciwym miejscu \ud83d\ude04 Oferujemy szeroki wyb\u00f3r Poncho Cape z fr\u0119dzlami pod szyj\u0105, idealnych dla Ciebie.","robots":{"index":"index","follow":"follow","max-snippet":"max-snippet:-1","max-image-preview":"max-image-preview:large","max-video-preview":"max-video-preview:-1"},"canonical":"https:\/\/ozponcho.com.au\/pl\/p\/jesienny-przytulny-szal-z-fredzlami\/","og_locale":"pl_PL","og_type":"article","og_title":"V-Neck Fringe Poncho Cape | Polska #1 Poncho Shop","og_description":"Looking for a V-Neck Fringe Poncho Cape ? You've come to the right place \ud83d\ude04 We offers a wide selection of V-Neck Fringe Poncho Cape, perfect for you.","og_url":"https:\/\/ozponcho.com.au\/pl\/p\/jesienny-przytulny-szal-z-fredzlami\/","og_site_name":"OZ Poncho","article_modified_time":"2024-04-19T08:22:05+00:00","og_image":[{"width":1340,"height":1785,"url":"https:\/\/ozponcho.com.au\/wp-content\/uploads\/2023\/12\/O1CN01koYzGx1HIfyvos2wd_2331630735-0-cib.jpg","type":"image\/jpeg"}],"twitter_card":"summary_large_image","twitter_misc":{"Szacowany czas czytania":"2 minuty"},"schema":{"@context":"https:\/\/schema.org","@graph":[{"@type":"WebPage","@id":"https:\/\/ozponcho.com.au\/p\/tassel-shawl-autumn-cozy\/","url":"https:\/\/ozponcho.com.au\/p\/tassel-shawl-autumn-cozy\/","name":"Ponczo z fr\u0119dzlami pod szyj\u0105 | Polska #1 Poncho Shop","isPartOf":{"@id":"https:\/\/ozponcho.com.au\/#website"},"primaryImageOfPage":{"@id":"https:\/\/ozponcho.com.au\/p\/tassel-shawl-autumn-cozy\/#primaryimage"},"image":{"@id":"https:\/\/ozponcho.com.au\/p\/tassel-shawl-autumn-cozy\/#primaryimage"},"thumbnailUrl":"https:\/\/ozponcho.com.au\/wp-content\/uploads\/2023\/12\/O1CN01koYzGx1HIfyvos2wd_2331630735-0-cib.jpg","datePublished":"2023-12-13T07:40:24+00:00","dateModified":"2024-04-19T08:22:05+00:00","description":"Szukasz peleryny z fr\u0119dzlami V-Neck Poncho Cape? Jeste\u015b we w\u0142a\u015bciwym miejscu \ud83d\ude04 Oferujemy szeroki wyb\u00f3r Poncho Cape z fr\u0119dzlami pod szyj\u0105, idealnych dla Ciebie.","breadcrumb":{"@id":"https:\/\/ozponcho.com.au\/p\/tassel-shawl-autumn-cozy\/#breadcrumb"},"inLanguage":"pl-PL","potentialAction":[{"@type":"ReadAction","target":["https:\/\/ozponcho.com.au\/p\/tassel-shawl-autumn-cozy\/"]}]},{"@type":"ImageObject","inLanguage":"pl-PL","@id":"https:\/\/ozponcho.com.au\/p\/tassel-shawl-autumn-cozy\/#primaryimage","url":"https:\/\/ozponcho.com.au\/wp-content\/uploads\/2023\/12\/O1CN01koYzGx1HIfyvos2wd_2331630735-0-cib.jpg","contentUrl":"https:\/\/ozponcho.com.au\/wp-content\/uploads\/2023\/12\/O1CN01koYzGx1HIfyvos2wd_2331630735-0-cib.jpg","width":1340,"height":1785,"caption":"V-Neck Fringe Poncho Cape"},{"@type":"BreadcrumbList","@id":"https:\/\/ozponcho.com.au\/p\/tassel-shawl-autumn-cozy\/#breadcrumb","itemListElement":[{"@type":"ListItem","position":1,"name":"Home","item":"https:\/\/ozponcho.com.au\/"},{"@type":"ListItem","position":2,"name":"Shop","item":"https:\/\/ozponcho.com.au\/shop\/"},{"@type":"ListItem","position":3,"name":"V-Neck Fringe Poncho Cape"}]},{"@type":"WebSite","@id":"https:\/\/ozponcho.com.au\/#website","url":"https:\/\/ozponcho.com.au\/","name":"Poncho OZ","description":"","potentialAction":[{"@type":"SearchAction","target":{"@type":"EntryPoint","urlTemplate":"https:\/\/ozponcho.com.au\/?s={search_term_string}"},"query-input":{"@type":"PropertyValueSpecification","valueRequired":true,"valueName":"search_term_string"}}],"inLanguage":"pl-PL"}]}},"_links":{"self":[{"href":"https:\/\/ozponcho.com.au\/pl\/wp-json\/wp\/v2\/product\/13662","targetHints":{"allow":["GET"]}}],"collection":[{"href":"https:\/\/ozponcho.com.au\/pl\/wp-json\/wp\/v2\/product"}],"about":[{"href":"https:\/\/ozponcho.com.au\/pl\/wp-json\/wp\/v2\/types\/product"}],"wp:featuredmedia":[{"embeddable":true,"href":"https:\/\/ozponcho.com.au\/pl\/wp-json\/wp\/v2\/media\/13622"}],"wp:attachment":[{"href":"https:\/\/ozponcho.com.au\/pl\/wp-json\/wp\/v2\/media?parent=13662"}],"wp:term":[{"taxonomy":"product_brand","embeddable":true,"href":"https:\/\/ozponcho.com.au\/pl\/wp-json\/wp\/v2\/product_brand?post=13662"},{"taxonomy":"product_cat","embeddable":true,"href":"https:\/\/ozponcho.com.au\/pl\/wp-json\/wp\/v2\/product_cat?post=13662"},{"taxonomy":"product_tag","embeddable":true,"href":"https:\/\/ozponcho.com.au\/pl\/wp-json\/wp\/v2\/product_tag?post=13662"}],"curies":[{"name":"wp","href":"https:\/\/api.w.org\/{rel}","templated":true}]}}