{"id":13644,"date":"2023-12-13T18:40:19","date_gmt":"2023-12-13T07:40:19","guid":{"rendered":"https:\/\/ozponcho.com.au\/p\/knitted-tassel-cloak-women-autumn-winter-solid-color-pullover-loose-inverness\/"},"modified":"2026-02-11T22:02:57","modified_gmt":"2026-02-11T11:02:57","slug":"elegant-fringe-poncho-knit","status":"publish","type":"product","link":"https:\/\/ozponcho.com.au\/pl\/p\/elegant-fringe-poncho-knit\/","title":{"rendered":"Elegancki sweter ponczo z fr\u0119dzlami"},"content":{"rendered":"<p>Experience the perfect blend of style and comfort with our Chic Tassel Poncho Sweater. Designed to provide coziness during the crisp autumn and winter months, this poncho&#8217;s jersey fabric draped in a solid color and enhanced with fringe detailing exudes elegance and versatile sophistication. Whether paired with leggings for a casual outing or over a dress for an evening event, its loose fit and long dolman sleeves promise a flattering silhouette for any body type. Don&#8217;t let the cold dampen your style; wrap yourself in our poncho for a statement piece that keeps you warm and chic.<\/p>\n<div>Styl: Elegancki<\/div>\n<div>Dopasowanie: Lu\u017any<\/div>\n<div>Materia\u0142: Jersey<\/div>\n<div>Wz\u00f3r: Jednolity<\/div>\n<div>Element: Grzywka<\/div>\n<div>G\u00f3rna d\u0142ugo\u015b\u0107: D\u0142ugi<\/div>\n<div>Dekolt: Dekolt w szpic<\/div>\n<div>Rodzaj r\u0119kawa: R\u0119kaw Dolman<\/div>\n<div>D\u0142ugo\u015b\u0107 r\u0119kawa: D\u0142ugi r\u0119kaw<\/div>\n<div>G\u0142\u00f3wny sk\u0142ad: Poliester<\/div>\n<div>Sezon: Jesie\u0144\/Zima<\/div>\n<p><img decoding=\"async\" src=\"https:\/\/ozponcho.com.au\/wp-content\/uploads\/2024\/03\/1129365639459241984.png\" \/><img decoding=\"async\" src=\"https:\/\/ozponcho.com.au\/wp-content\/uploads\/2024\/03\/O1CN01h6ITkn1QYYEk7Cd02_2505411988-0-cib.jpg\" \/><img decoding=\"async\" src=\"https:\/\/ozponcho.com.au\/wp-content\/uploads\/2024\/03\/O1CN01trrXiJ1QYYEn8X9mQ_2505411988-0-cib.jpg\" \/><img decoding=\"async\" src=\"https:\/\/ozponcho.com.au\/wp-content\/uploads\/2024\/03\/O1CN01iGHEOO1QYYEq9IFA5_2505411988-0-cib.jpg\" \/><img decoding=\"async\" src=\"https:\/\/ozponcho.com.au\/wp-content\/uploads\/2024\/03\/O1CN01Yjd7cp1QYYEp7qpyw_2505411988-0-cib.jpg\" \/><img decoding=\"async\" src=\"https:\/\/ozponcho.com.au\/wp-content\/uploads\/2024\/03\/O1CN01HQ7SXv1QYYEqxA3Lq_2505411988-0-cib.jpg\" \/><img decoding=\"async\" src=\"https:\/\/ozponcho.com.au\/wp-content\/uploads\/2024\/03\/O1CN01bPQzgA1QYYEmTqutc_2505411988-0-cib.jpg\" \/><img decoding=\"async\" src=\"https:\/\/ozponcho.com.au\/wp-content\/uploads\/2024\/03\/O1CN01FPyVN51QYYEq9HRFN_2505411988-0-cib.jpg\" \/><\/p>","protected":false},"excerpt":{"rendered":"<p>Experience the perfect blend of style and comfort with our Chic Tassel Poncho Sweater. Designed to provide coziness during the crisp autumn and winter months, this poncho&#8217;s jersey fabric draped in a solid color and enhanced with fringe detailing exudes elegance and versatile sophistication. Whether paired with leggings for a casual outing or over a [&#8230;]","protected":false},"featured_media":13610,"template":"","meta":[],"product_brand":[],"product_cat":[229,216,15,230,228,214,210,221],"product_tag":[],"class_list":{"0":"post-13644","1":"product","2":"type-product","3":"status-publish","4":"has-post-thumbnail","6":"product_cat-blanket-poncho","7":"product_cat-cashmere-poncho","8":"product_cat-main-category","9":"product_cat-poncho-dress","10":"product_cat-poncho-sweater","11":"product_cat-knitted-crochet-poncho","12":"product_cat-poncho-women","13":"product_cat-red-poncho","15":"first","16":"instock","17":"shipping-taxable","18":"purchasable","19":"product-type-variable"},"yoast_head":"<!-- This site is optimized with the Yoast SEO plugin v25.9 - https:\/\/yoast.com\/wordpress\/plugins\/seo\/ -->\n<title>Chic Tassel Poncho Sweater | Polska #1 Poncho Shop<\/title>\n<meta name=\"description\" content=\"Looking for a Chic Tassel Poncho Sweater ? You&#039;ve come to the right place \ud83d\ude04 We offers a wide selection of Chic Tassel Poncho Sweater, perfect for you.\" \/>\n<meta name=\"robots\" content=\"index, follow, max-snippet:-1, max-image-preview:large, max-video-preview:-1\" \/>\n<link rel=\"canonical\" href=\"https:\/\/ozponcho.com.au\/pl\/p\/elegant-fringe-poncho-knit\/\" \/>\n<meta property=\"og:locale\" content=\"pl_PL\" \/>\n<meta property=\"og:type\" content=\"article\" \/>\n<meta property=\"og:title\" content=\"Chic Tassel Poncho Sweater | Polska #1 Poncho Shop\" \/>\n<meta property=\"og:description\" content=\"Looking for a Chic Tassel Poncho Sweater ? You&#039;ve come to the right place \ud83d\ude04 We offers a wide selection of Chic Tassel Poncho Sweater, perfect for you.\" \/>\n<meta property=\"og:url\" content=\"https:\/\/ozponcho.com.au\/pl\/p\/elegant-fringe-poncho-knit\/\" \/>\n<meta property=\"og:site_name\" content=\"OZ Poncho\" \/>\n<meta property=\"article:modified_time\" content=\"2026-02-11T11:02:57+00:00\" \/>\n<meta property=\"og:image\" content=\"https:\/\/ozponcho.com.au\/wp-content\/uploads\/2023\/12\/O1CN01iWxrAK1QYYEhrLP7Q_2505411988-0-cib-1.jpg\" \/>\n\t<meta property=\"og:image:width\" content=\"800\" \/>\n\t<meta property=\"og:image:height\" content=\"800\" \/>\n\t<meta property=\"og:image:type\" content=\"image\/jpeg\" \/>\n<meta name=\"twitter:card\" content=\"summary_large_image\" \/>\n<meta name=\"twitter:label1\" content=\"Szacowany czas czytania\" \/>\n\t<meta name=\"twitter:data1\" content=\"3 minuty\" \/>\n<script type=\"application\/ld+json\" class=\"yoast-schema-graph\">{\"@context\":\"https:\/\/schema.org\",\"@graph\":[{\"@type\":\"WebPage\",\"@id\":\"https:\/\/ozponcho.com.au\/p\/elegant-fringe-poncho-knit\/\",\"url\":\"https:\/\/ozponcho.com.au\/p\/elegant-fringe-poncho-knit\/\",\"name\":\"Chic Tassel Poncho Sweater | Polska #1 Poncho Shop\",\"isPartOf\":{\"@id\":\"https:\/\/ozponcho.com.au\/#website\"},\"primaryImageOfPage\":{\"@id\":\"https:\/\/ozponcho.com.au\/p\/elegant-fringe-poncho-knit\/#primaryimage\"},\"image\":{\"@id\":\"https:\/\/ozponcho.com.au\/p\/elegant-fringe-poncho-knit\/#primaryimage\"},\"thumbnailUrl\":\"https:\/\/ozponcho.com.au\/wp-content\/uploads\/2023\/12\/O1CN01iWxrAK1QYYEhrLP7Q_2505411988-0-cib-1.jpg\",\"datePublished\":\"2023-12-13T07:40:19+00:00\",\"dateModified\":\"2026-02-11T11:02:57+00:00\",\"description\":\"Looking for a Chic Tassel Poncho Sweater ? You've come to the right place \ud83d\ude04 We offers a wide selection of Chic Tassel Poncho Sweater, perfect for you.\",\"breadcrumb\":{\"@id\":\"https:\/\/ozponcho.com.au\/p\/elegant-fringe-poncho-knit\/#breadcrumb\"},\"inLanguage\":\"pl-PL\",\"potentialAction\":[{\"@type\":\"ReadAction\",\"target\":[\"https:\/\/ozponcho.com.au\/p\/elegant-fringe-poncho-knit\/\"]}]},{\"@type\":\"ImageObject\",\"inLanguage\":\"pl-PL\",\"@id\":\"https:\/\/ozponcho.com.au\/p\/elegant-fringe-poncho-knit\/#primaryimage\",\"url\":\"https:\/\/ozponcho.com.au\/wp-content\/uploads\/2023\/12\/O1CN01iWxrAK1QYYEhrLP7Q_2505411988-0-cib-1.jpg\",\"contentUrl\":\"https:\/\/ozponcho.com.au\/wp-content\/uploads\/2023\/12\/O1CN01iWxrAK1QYYEhrLP7Q_2505411988-0-cib-1.jpg\",\"width\":800,\"height\":800,\"caption\":\"Chic Tassel Poncho Sweater\"},{\"@type\":\"BreadcrumbList\",\"@id\":\"https:\/\/ozponcho.com.au\/p\/elegant-fringe-poncho-knit\/#breadcrumb\",\"itemListElement\":[{\"@type\":\"ListItem\",\"position\":1,\"name\":\"Home\",\"item\":\"https:\/\/ozponcho.com.au\/\"},{\"@type\":\"ListItem\",\"position\":2,\"name\":\"Shop\",\"item\":\"https:\/\/ozponcho.com.au\/shop\/\"},{\"@type\":\"ListItem\",\"position\":3,\"name\":\"Chic Tassel Poncho Sweater\"}]},{\"@type\":\"WebSite\",\"@id\":\"https:\/\/ozponcho.com.au\/#website\",\"url\":\"https:\/\/ozponcho.com.au\/\",\"name\":\"OZ Poncho\",\"description\":\"\",\"potentialAction\":[{\"@type\":\"SearchAction\",\"target\":{\"@type\":\"EntryPoint\",\"urlTemplate\":\"https:\/\/ozponcho.com.au\/?s={search_term_string}\"},\"query-input\":{\"@type\":\"PropertyValueSpecification\",\"valueRequired\":true,\"valueName\":\"search_term_string\"}}],\"inLanguage\":\"pl-PL\"}]}<\/script>\n<!-- \/ Yoast SEO plugin. -->","yoast_head_json":{"title":"Chic Tassel Poncho Sweater | Polska #1 Poncho Shop","description":"Looking for a Chic Tassel Poncho Sweater ? You've come to the right place \ud83d\ude04 We offers a wide selection of Chic Tassel Poncho Sweater, perfect for you.","robots":{"index":"index","follow":"follow","max-snippet":"max-snippet:-1","max-image-preview":"max-image-preview:large","max-video-preview":"max-video-preview:-1"},"canonical":"https:\/\/ozponcho.com.au\/pl\/p\/elegant-fringe-poncho-knit\/","og_locale":"pl_PL","og_type":"article","og_title":"Chic Tassel Poncho Sweater | Polska #1 Poncho Shop","og_description":"Looking for a Chic Tassel Poncho Sweater ? You've come to the right place \ud83d\ude04 We offers a wide selection of Chic Tassel Poncho Sweater, perfect for you.","og_url":"https:\/\/ozponcho.com.au\/pl\/p\/elegant-fringe-poncho-knit\/","og_site_name":"OZ Poncho","article_modified_time":"2026-02-11T11:02:57+00:00","og_image":[{"width":800,"height":800,"url":"https:\/\/ozponcho.com.au\/wp-content\/uploads\/2023\/12\/O1CN01iWxrAK1QYYEhrLP7Q_2505411988-0-cib-1.jpg","type":"image\/jpeg"}],"twitter_card":"summary_large_image","twitter_misc":{"Szacowany czas czytania":"3 minuty"},"schema":{"@context":"https:\/\/schema.org","@graph":[{"@type":"WebPage","@id":"https:\/\/ozponcho.com.au\/p\/elegant-fringe-poncho-knit\/","url":"https:\/\/ozponcho.com.au\/p\/elegant-fringe-poncho-knit\/","name":"Chic Tassel Poncho Sweater | Polska #1 Poncho Shop","isPartOf":{"@id":"https:\/\/ozponcho.com.au\/#website"},"primaryImageOfPage":{"@id":"https:\/\/ozponcho.com.au\/p\/elegant-fringe-poncho-knit\/#primaryimage"},"image":{"@id":"https:\/\/ozponcho.com.au\/p\/elegant-fringe-poncho-knit\/#primaryimage"},"thumbnailUrl":"https:\/\/ozponcho.com.au\/wp-content\/uploads\/2023\/12\/O1CN01iWxrAK1QYYEhrLP7Q_2505411988-0-cib-1.jpg","datePublished":"2023-12-13T07:40:19+00:00","dateModified":"2026-02-11T11:02:57+00:00","description":"Looking for a Chic Tassel Poncho Sweater ? You've come to the right place \ud83d\ude04 We offers a wide selection of Chic Tassel Poncho Sweater, perfect for you.","breadcrumb":{"@id":"https:\/\/ozponcho.com.au\/p\/elegant-fringe-poncho-knit\/#breadcrumb"},"inLanguage":"pl-PL","potentialAction":[{"@type":"ReadAction","target":["https:\/\/ozponcho.com.au\/p\/elegant-fringe-poncho-knit\/"]}]},{"@type":"ImageObject","inLanguage":"pl-PL","@id":"https:\/\/ozponcho.com.au\/p\/elegant-fringe-poncho-knit\/#primaryimage","url":"https:\/\/ozponcho.com.au\/wp-content\/uploads\/2023\/12\/O1CN01iWxrAK1QYYEhrLP7Q_2505411988-0-cib-1.jpg","contentUrl":"https:\/\/ozponcho.com.au\/wp-content\/uploads\/2023\/12\/O1CN01iWxrAK1QYYEhrLP7Q_2505411988-0-cib-1.jpg","width":800,"height":800,"caption":"Chic Tassel Poncho Sweater"},{"@type":"BreadcrumbList","@id":"https:\/\/ozponcho.com.au\/p\/elegant-fringe-poncho-knit\/#breadcrumb","itemListElement":[{"@type":"ListItem","position":1,"name":"Home","item":"https:\/\/ozponcho.com.au\/"},{"@type":"ListItem","position":2,"name":"Shop","item":"https:\/\/ozponcho.com.au\/shop\/"},{"@type":"ListItem","position":3,"name":"Chic Tassel Poncho Sweater"}]},{"@type":"WebSite","@id":"https:\/\/ozponcho.com.au\/#website","url":"https:\/\/ozponcho.com.au\/","name":"Poncho OZ","description":"","potentialAction":[{"@type":"SearchAction","target":{"@type":"EntryPoint","urlTemplate":"https:\/\/ozponcho.com.au\/?s={search_term_string}"},"query-input":{"@type":"PropertyValueSpecification","valueRequired":true,"valueName":"search_term_string"}}],"inLanguage":"pl-PL"}]}},"_links":{"self":[{"href":"https:\/\/ozponcho.com.au\/pl\/wp-json\/wp\/v2\/product\/13644","targetHints":{"allow":["GET"]}}],"collection":[{"href":"https:\/\/ozponcho.com.au\/pl\/wp-json\/wp\/v2\/product"}],"about":[{"href":"https:\/\/ozponcho.com.au\/pl\/wp-json\/wp\/v2\/types\/product"}],"wp:featuredmedia":[{"embeddable":true,"href":"https:\/\/ozponcho.com.au\/pl\/wp-json\/wp\/v2\/media\/13610"}],"wp:attachment":[{"href":"https:\/\/ozponcho.com.au\/pl\/wp-json\/wp\/v2\/media?parent=13644"}],"wp:term":[{"taxonomy":"product_brand","embeddable":true,"href":"https:\/\/ozponcho.com.au\/pl\/wp-json\/wp\/v2\/product_brand?post=13644"},{"taxonomy":"product_cat","embeddable":true,"href":"https:\/\/ozponcho.com.au\/pl\/wp-json\/wp\/v2\/product_cat?post=13644"},{"taxonomy":"product_tag","embeddable":true,"href":"https:\/\/ozponcho.com.au\/pl\/wp-json\/wp\/v2\/product_tag?post=13644"}],"curies":[{"name":"wp","href":"https:\/\/api.w.org\/{rel}","templated":true}]}}