{"id":13561,"date":"2023-12-13T18:39:53","date_gmt":"2023-12-13T07:39:53","guid":{"rendered":"https:\/\/ozponcho.com.au\/p\/autumn-winter-contrast-color-striped-ethnic-tassel-pullover-cloak-shawl-women\/"},"modified":"2024-07-26T12:27:56","modified_gmt":"2024-07-26T01:27:56","slug":"chic-fringe-striped-cloak","status":"publish","type":"product","link":"https:\/\/ozponcho.com.au\/pl\/p\/elegancki-plaszcz-w-paski-z-fredzlami\/","title":{"rendered":"Niebieskie ponczo z fr\u0119dzlami Bohemian"},"content":{"rendered":"<p>Wciel si\u0119 w eleganck\u0105 jesie\u0144 i zim\u0119 dzi\u0119ki naszemu poncho Bohemian Tassel Blue. To osza\u0142amiaj\u0105ce ponczo wyr\u00f3\u017cnia si\u0119 wspania\u0142\u0105 mieszank\u0105 niebieskich, szarych i czarnych pask\u00f3w, ozdobionych be\u017cowymi szyde\u0142kowanymi kraw\u0119dziami dla unikalnego etnicznego akcentu. Fr\u0119dzle ta\u0144cz\u0105 wzd\u0142u\u017c r\u0105bka, wzmacniaj\u0105c swobodny klimat. Wykonany z mi\u0119kkiego poliestru, jest idealnym elementem warstwowym dla tych, kt\u00f3rzy pragn\u0105 komfortu bez uszczerbku dla stylu. Niezale\u017cnie od tego, czy wybierasz si\u0119 na niezobowi\u0105zuj\u0105ce spotkanie, czy na przytuln\u0105 noc, to wszechstronne ponczo jest luksusowym dodatkiem, na kt\u00f3ry zas\u0142uguje Twoja garderoba.<\/p>\n<div>Styl: Elegancki<\/div>\n<div>Dopasowanie: Lu\u017any<\/div>\n<div>Materia\u0142: Poliester<\/div>\n<div>Wz\u00f3r: Nadruk<\/div>\n<div>Element: Grzywka<\/div>\n<div>G\u00f3rna d\u0142ugo\u015b\u0107: D\u0142ugi<\/div>\n<div>Dekolt: Dekolt w serek<\/div>\n<div>Typ r\u0119kawa: Inne<\/div>\n<div>D\u0142ugo\u015b\u0107 r\u0119kawa: D\u0142ugi r\u0119kaw<\/div>\n<div>G\u0142\u00f3wny sk\u0142ad: Poliester<\/div>\n<div>Sezon: Jesie\u0144\/Zima<\/div>\n<p><img decoding=\"async\" src=\"https:\/\/ozponcho.com.au\/wp-content\/uploads\/2024\/03\/1012416583441580032.png\" \/><img decoding=\"async\" src=\"https:\/\/ozponcho.com.au\/wp-content\/uploads\/2024\/03\/O1CN01rXgfTl1QYY9ZUwCje_2505411988-0-cib.jpg\" \/><img decoding=\"async\" src=\"https:\/\/ozponcho.com.au\/wp-content\/uploads\/2024\/03\/O1CN017qeomD1QYY9fqhqma_2505411988-0-cib.jpg\" \/><img decoding=\"async\" src=\"https:\/\/ozponcho.com.au\/wp-content\/uploads\/2024\/03\/O1CN01NN0FLs1QYY9cyoKZD_2505411988-0-cib.jpg\" \/><img decoding=\"async\" src=\"https:\/\/ozponcho.com.au\/wp-content\/uploads\/2024\/03\/O1CN01y1KNP81QYY9bCDYSt_2505411988-0-cib.jpg\" \/><img decoding=\"async\" src=\"https:\/\/ozponcho.com.au\/wp-content\/uploads\/2024\/03\/O1CN01AKnISQ1QYY9X6Repg_2505411988-0-cib.jpg\" \/><img decoding=\"async\" src=\"https:\/\/ozponcho.com.au\/wp-content\/uploads\/2024\/03\/O1CN01BTMwF41QYY9WLUZbO_2505411988-0-cib.jpg\" \/><\/p>","protected":false},"excerpt":{"rendered":"<p>Embrace the elegance of autumn and winter with our Bohemian Tassel Blue Poncho. This stunning poncho boasts an exquisite blend of blue, gray, and black stripes, adorned with beige crocheted edges for a unique ethnic touch. Fringes dance along the hem, enhancing the free-spirited vibe. Crafted from soft polyester, it&#8217;s the perfect layering piece for [&#8230;]","protected":false},"featured_media":13519,"template":"","meta":[],"product_brand":[],"product_cat":[229,223,15,230,228,214,210],"product_tag":[],"class_list":{"0":"post-13561","1":"product","2":"type-product","3":"status-publish","4":"has-post-thumbnail","6":"product_cat-blanket-poncho","7":"product_cat-blue-poncho","8":"product_cat-main-category","9":"product_cat-poncho-dress","10":"product_cat-poncho-sweater","11":"product_cat-knitted-crochet-poncho","12":"product_cat-poncho-women","14":"first","15":"outofstock","16":"shipping-taxable","17":"purchasable","18":"product-type-variable"},"yoast_head":"<!-- This site is optimized with the Yoast SEO plugin v25.9 - https:\/\/yoast.com\/wordpress\/plugins\/seo\/ -->\n<title>Bohemian Tassel Blue Poncho | Polska #1 Poncho Shop<\/title>\n<meta name=\"description\" content=\"Looking for a Bohemian Tassel Blue Poncho ? You&#039;ve come to the right place \ud83d\ude04 We offers a wide selection of Bohemian Tassel Blue Poncho, perfect for you.\" \/>\n<meta name=\"robots\" content=\"index, follow, max-snippet:-1, max-image-preview:large, max-video-preview:-1\" \/>\n<link rel=\"canonical\" href=\"https:\/\/ozponcho.com.au\/pl\/p\/elegancki-plaszcz-w-paski-z-fredzlami\/\" \/>\n<meta property=\"og:locale\" content=\"pl_PL\" \/>\n<meta property=\"og:type\" content=\"article\" \/>\n<meta property=\"og:title\" content=\"Bohemian Tassel Blue Poncho | Polska #1 Poncho Shop\" \/>\n<meta property=\"og:description\" content=\"Looking for a Bohemian Tassel Blue Poncho ? You&#039;ve come to the right place \ud83d\ude04 We offers a wide selection of Bohemian Tassel Blue Poncho, perfect for you.\" \/>\n<meta property=\"og:url\" content=\"https:\/\/ozponcho.com.au\/pl\/p\/elegancki-plaszcz-w-paski-z-fredzlami\/\" \/>\n<meta property=\"og:site_name\" content=\"OZ Poncho\" \/>\n<meta property=\"article:modified_time\" content=\"2024-07-26T01:27:56+00:00\" \/>\n<meta property=\"og:image\" content=\"https:\/\/ozponcho.com.au\/wp-content\/uploads\/2023\/12\/O1CN01lSeGTY1QYY9ZUEUzg_2505411988-0-cib.jpg\" \/>\n\t<meta property=\"og:image:width\" content=\"800\" \/>\n\t<meta property=\"og:image:height\" content=\"800\" \/>\n\t<meta property=\"og:image:type\" content=\"image\/jpeg\" \/>\n<meta name=\"twitter:card\" content=\"summary_large_image\" \/>\n<meta name=\"twitter:label1\" content=\"Szacowany czas czytania\" \/>\n\t<meta name=\"twitter:data1\" content=\"3 minuty\" \/>\n<script type=\"application\/ld+json\" class=\"yoast-schema-graph\">{\"@context\":\"https:\/\/schema.org\",\"@graph\":[{\"@type\":\"WebPage\",\"@id\":\"https:\/\/ozponcho.com.au\/p\/chic-fringe-striped-cloak\/\",\"url\":\"https:\/\/ozponcho.com.au\/p\/chic-fringe-striped-cloak\/\",\"name\":\"Bohemian Tassel Blue Poncho | Polska #1 Poncho Shop\",\"isPartOf\":{\"@id\":\"https:\/\/ozponcho.com.au\/#website\"},\"primaryImageOfPage\":{\"@id\":\"https:\/\/ozponcho.com.au\/p\/chic-fringe-striped-cloak\/#primaryimage\"},\"image\":{\"@id\":\"https:\/\/ozponcho.com.au\/p\/chic-fringe-striped-cloak\/#primaryimage\"},\"thumbnailUrl\":\"https:\/\/ozponcho.com.au\/wp-content\/uploads\/2023\/12\/O1CN01lSeGTY1QYY9ZUEUzg_2505411988-0-cib.jpg\",\"datePublished\":\"2023-12-13T07:39:53+00:00\",\"dateModified\":\"2024-07-26T01:27:56+00:00\",\"description\":\"Looking for a Bohemian Tassel Blue Poncho ? You've come to the right place \ud83d\ude04 We offers a wide selection of Bohemian Tassel Blue Poncho, perfect for you.\",\"breadcrumb\":{\"@id\":\"https:\/\/ozponcho.com.au\/p\/chic-fringe-striped-cloak\/#breadcrumb\"},\"inLanguage\":\"pl-PL\",\"potentialAction\":[{\"@type\":\"ReadAction\",\"target\":[\"https:\/\/ozponcho.com.au\/p\/chic-fringe-striped-cloak\/\"]}]},{\"@type\":\"ImageObject\",\"inLanguage\":\"pl-PL\",\"@id\":\"https:\/\/ozponcho.com.au\/p\/chic-fringe-striped-cloak\/#primaryimage\",\"url\":\"https:\/\/ozponcho.com.au\/wp-content\/uploads\/2023\/12\/O1CN01lSeGTY1QYY9ZUEUzg_2505411988-0-cib.jpg\",\"contentUrl\":\"https:\/\/ozponcho.com.au\/wp-content\/uploads\/2023\/12\/O1CN01lSeGTY1QYY9ZUEUzg_2505411988-0-cib.jpg\",\"width\":800,\"height\":800,\"caption\":\"Bohemian Tassel Blue Poncho\"},{\"@type\":\"BreadcrumbList\",\"@id\":\"https:\/\/ozponcho.com.au\/p\/chic-fringe-striped-cloak\/#breadcrumb\",\"itemListElement\":[{\"@type\":\"ListItem\",\"position\":1,\"name\":\"Home\",\"item\":\"https:\/\/ozponcho.com.au\/\"},{\"@type\":\"ListItem\",\"position\":2,\"name\":\"Shop\",\"item\":\"https:\/\/ozponcho.com.au\/shop\/\"},{\"@type\":\"ListItem\",\"position\":3,\"name\":\"Bohemian Tassel Blue Poncho\"}]},{\"@type\":\"WebSite\",\"@id\":\"https:\/\/ozponcho.com.au\/#website\",\"url\":\"https:\/\/ozponcho.com.au\/\",\"name\":\"OZ Poncho\",\"description\":\"\",\"potentialAction\":[{\"@type\":\"SearchAction\",\"target\":{\"@type\":\"EntryPoint\",\"urlTemplate\":\"https:\/\/ozponcho.com.au\/?s={search_term_string}\"},\"query-input\":{\"@type\":\"PropertyValueSpecification\",\"valueRequired\":true,\"valueName\":\"search_term_string\"}}],\"inLanguage\":\"pl-PL\"}]}<\/script>\n<!-- \/ Yoast SEO plugin. -->","yoast_head_json":{"title":"Niebieskie ponczo z fr\u0119dzlami w stylu boho | Polska #1 Poncho Shop","description":"Szukasz niebieskiego poncza z fr\u0119dzlami Bohemian? Jeste\u015b we w\u0142a\u015bciwym miejscu \ud83d\ude04 Oferujemy szeroki wyb\u00f3r Ponczo Bohemian Tassel Blue, idealnych dla Ciebie.","robots":{"index":"index","follow":"follow","max-snippet":"max-snippet:-1","max-image-preview":"max-image-preview:large","max-video-preview":"max-video-preview:-1"},"canonical":"https:\/\/ozponcho.com.au\/pl\/p\/elegancki-plaszcz-w-paski-z-fredzlami\/","og_locale":"pl_PL","og_type":"article","og_title":"Bohemian Tassel Blue Poncho | Polska #1 Poncho Shop","og_description":"Looking for a Bohemian Tassel Blue Poncho ? You've come to the right place \ud83d\ude04 We offers a wide selection of Bohemian Tassel Blue Poncho, perfect for you.","og_url":"https:\/\/ozponcho.com.au\/pl\/p\/elegancki-plaszcz-w-paski-z-fredzlami\/","og_site_name":"OZ Poncho","article_modified_time":"2024-07-26T01:27:56+00:00","og_image":[{"width":800,"height":800,"url":"https:\/\/ozponcho.com.au\/wp-content\/uploads\/2023\/12\/O1CN01lSeGTY1QYY9ZUEUzg_2505411988-0-cib.jpg","type":"image\/jpeg"}],"twitter_card":"summary_large_image","twitter_misc":{"Szacowany czas czytania":"3 minuty"},"schema":{"@context":"https:\/\/schema.org","@graph":[{"@type":"WebPage","@id":"https:\/\/ozponcho.com.au\/p\/chic-fringe-striped-cloak\/","url":"https:\/\/ozponcho.com.au\/p\/chic-fringe-striped-cloak\/","name":"Niebieskie ponczo z fr\u0119dzlami w stylu boho | Polska #1 Poncho Shop","isPartOf":{"@id":"https:\/\/ozponcho.com.au\/#website"},"primaryImageOfPage":{"@id":"https:\/\/ozponcho.com.au\/p\/chic-fringe-striped-cloak\/#primaryimage"},"image":{"@id":"https:\/\/ozponcho.com.au\/p\/chic-fringe-striped-cloak\/#primaryimage"},"thumbnailUrl":"https:\/\/ozponcho.com.au\/wp-content\/uploads\/2023\/12\/O1CN01lSeGTY1QYY9ZUEUzg_2505411988-0-cib.jpg","datePublished":"2023-12-13T07:39:53+00:00","dateModified":"2024-07-26T01:27:56+00:00","description":"Szukasz niebieskiego poncza z fr\u0119dzlami Bohemian? Jeste\u015b we w\u0142a\u015bciwym miejscu \ud83d\ude04 Oferujemy szeroki wyb\u00f3r Ponczo Bohemian Tassel Blue, idealnych dla Ciebie.","breadcrumb":{"@id":"https:\/\/ozponcho.com.au\/p\/chic-fringe-striped-cloak\/#breadcrumb"},"inLanguage":"pl-PL","potentialAction":[{"@type":"ReadAction","target":["https:\/\/ozponcho.com.au\/p\/chic-fringe-striped-cloak\/"]}]},{"@type":"ImageObject","inLanguage":"pl-PL","@id":"https:\/\/ozponcho.com.au\/p\/chic-fringe-striped-cloak\/#primaryimage","url":"https:\/\/ozponcho.com.au\/wp-content\/uploads\/2023\/12\/O1CN01lSeGTY1QYY9ZUEUzg_2505411988-0-cib.jpg","contentUrl":"https:\/\/ozponcho.com.au\/wp-content\/uploads\/2023\/12\/O1CN01lSeGTY1QYY9ZUEUzg_2505411988-0-cib.jpg","width":800,"height":800,"caption":"Bohemian Tassel Blue Poncho"},{"@type":"BreadcrumbList","@id":"https:\/\/ozponcho.com.au\/p\/chic-fringe-striped-cloak\/#breadcrumb","itemListElement":[{"@type":"ListItem","position":1,"name":"Home","item":"https:\/\/ozponcho.com.au\/"},{"@type":"ListItem","position":2,"name":"Shop","item":"https:\/\/ozponcho.com.au\/shop\/"},{"@type":"ListItem","position":3,"name":"Bohemian Tassel Blue Poncho"}]},{"@type":"WebSite","@id":"https:\/\/ozponcho.com.au\/#website","url":"https:\/\/ozponcho.com.au\/","name":"Poncho OZ","description":"","potentialAction":[{"@type":"SearchAction","target":{"@type":"EntryPoint","urlTemplate":"https:\/\/ozponcho.com.au\/?s={search_term_string}"},"query-input":{"@type":"PropertyValueSpecification","valueRequired":true,"valueName":"search_term_string"}}],"inLanguage":"pl-PL"}]}},"_links":{"self":[{"href":"https:\/\/ozponcho.com.au\/pl\/wp-json\/wp\/v2\/product\/13561","targetHints":{"allow":["GET"]}}],"collection":[{"href":"https:\/\/ozponcho.com.au\/pl\/wp-json\/wp\/v2\/product"}],"about":[{"href":"https:\/\/ozponcho.com.au\/pl\/wp-json\/wp\/v2\/types\/product"}],"wp:featuredmedia":[{"embeddable":true,"href":"https:\/\/ozponcho.com.au\/pl\/wp-json\/wp\/v2\/media\/13519"}],"wp:attachment":[{"href":"https:\/\/ozponcho.com.au\/pl\/wp-json\/wp\/v2\/media?parent=13561"}],"wp:term":[{"taxonomy":"product_brand","embeddable":true,"href":"https:\/\/ozponcho.com.au\/pl\/wp-json\/wp\/v2\/product_brand?post=13561"},{"taxonomy":"product_cat","embeddable":true,"href":"https:\/\/ozponcho.com.au\/pl\/wp-json\/wp\/v2\/product_cat?post=13561"},{"taxonomy":"product_tag","embeddable":true,"href":"https:\/\/ozponcho.com.au\/pl\/wp-json\/wp\/v2\/product_tag?post=13561"}],"curies":[{"name":"wp","href":"https:\/\/api.w.org\/{rel}","templated":true}]}}