{"id":13508,"date":"2023-12-13T18:39:39","date_gmt":"2023-12-13T07:39:39","guid":{"rendered":"https:\/\/ozponcho.com.au\/p\/off-neck-tassel-shawl-women-autumn-contrast-color-striped-cape-coat\/"},"modified":"2026-02-08T14:50:56","modified_gmt":"2026-02-08T03:50:56","slug":"striped-tassel-cape-women","status":"publish","type":"product","link":"https:\/\/ozponcho.com.au\/pl\/p\/damska-peleryna-z-fredzlami-w-paski\/","title":{"rendered":"Szal ponczo z fr\u0119dzlami w paski"},"content":{"rendered":"<p>Otul si\u0119 eleganckim szalem Poncho z fr\u0119dzlami w paski, idealnym dla modnej kobiety. Lekki d\u017cersejowy materia\u0142 i kontrastowe paski zapewniaj\u0105 po\u0142\u0105czenie wygody i stylu, dzi\u0119ki czemu jest to jesienny niezb\u0119dnik. Ozdobiony zabawnymi fr\u0119dzlami i zaprojektowany z my\u015bl\u0105 o lu\u017anym kroju, wnosi odrobin\u0119 swobodnego wyrafinowania do ka\u017cdego stroju. Podnie\u015b swoj\u0105 sezonow\u0105 garderob\u0119 dzi\u0119ki temu wszechstronnemu elementowi, kt\u00f3ry zapewni Ci przytulno\u015b\u0107 i styl przez ca\u0142\u0105 jesie\u0144 i zim\u0119. Ciesz si\u0119 ch\u0142odniejszymi miesi\u0105cami w dobrym stylu!<\/p>\n<div>Styl: Casual<\/div>\n<div>Dopasowanie: Lu\u017any<\/div>\n<div>Materia\u0142: Jersey<\/div>\n<div>Wz\u00f3r: Pasek<\/div>\n<div>Element: Grzywka<\/div>\n<div>G\u00f3rna d\u0142ugo\u015b\u0107: Regularna<\/div>\n<div>Dekolt: Dekolt w szpic<\/div>\n<div>Typ r\u0119kawa: Inne<\/div>\n<div>D\u0142ugo\u015b\u0107 r\u0119kawa: 1\/2 r\u0119kawa<\/div>\n<div>G\u0142\u00f3wny sk\u0142ad: Poliester<\/div>\n<div>Sezon: Jesie\u0144\/Zima<\/div>\n<p><img decoding=\"async\" src=\"https:\/\/ozponcho.com.au\/wp-content\/uploads\/2024\/03\/1134443189571158016.png\" \/><img decoding=\"async\" src=\"https:\/\/ozponcho.com.au\/wp-content\/uploads\/2024\/03\/O1CN01le6G7V1QYYF1L1j10_2505411988-0-cib.jpg\" \/><img decoding=\"async\" src=\"https:\/\/ozponcho.com.au\/wp-content\/uploads\/2024\/03\/O1CN017EPakL1QYYF6DsdN7_2505411988-0-cib.jpg\" \/><img decoding=\"async\" src=\"https:\/\/ozponcho.com.au\/wp-content\/uploads\/2024\/03\/O1CN01tdbfzu1QYYF5D7SD8_2505411988-0-cib.jpg\" \/><img decoding=\"async\" src=\"https:\/\/ozponcho.com.au\/wp-content\/uploads\/2024\/03\/O1CN01x4heea1QYYF70DJgB_2505411988-0-cib.jpg\" \/><img decoding=\"async\" src=\"https:\/\/ozponcho.com.au\/wp-content\/uploads\/2024\/03\/O1CN01RccZsm1QYYF5D4Mw7_2505411988-0-cib.jpg\" \/><\/p>","protected":false},"excerpt":{"rendered":"<p>Wrap yourself in elegance with this chic Striped Fringe Poncho Shawl, perfect for the fashion-forward woman. Its lightweight jersey fabric and contrasting stripes offer a blend of comfort and style, making it an autumn essential. Adorned with playful fringes and designed for a loose fit, it brings a touch of casual sophistication to any outfit. [&#8230;]","protected":false},"featured_media":13474,"template":"","meta":[],"product_brand":[],"product_cat":[226,15,228,210],"product_tag":[],"class_list":{"0":"post-13508","1":"product","2":"type-product","3":"status-publish","4":"has-post-thumbnail","6":"product_cat-brown-poncho","7":"product_cat-main-category","8":"product_cat-poncho-sweater","9":"product_cat-poncho-women","11":"first","12":"instock","13":"shipping-taxable","14":"purchasable","15":"product-type-variable"},"yoast_head":"<!-- This site is optimized with the Yoast SEO plugin v25.9 - https:\/\/yoast.com\/wordpress\/plugins\/seo\/ -->\n<title>Striped Fringe Poncho Shawl | Polska #1 Poncho Shop<\/title>\n<meta name=\"description\" content=\"Looking for a Striped Fringe Poncho Shawl ? You&#039;ve come to the right place \ud83d\ude04 We offers a wide selection of Striped Fringe Poncho Shawl, perfect for you.\" \/>\n<meta name=\"robots\" content=\"index, follow, max-snippet:-1, max-image-preview:large, max-video-preview:-1\" \/>\n<link rel=\"canonical\" href=\"https:\/\/ozponcho.com.au\/pl\/p\/damska-peleryna-z-fredzlami-w-paski\/\" \/>\n<meta property=\"og:locale\" content=\"pl_PL\" \/>\n<meta property=\"og:type\" content=\"article\" \/>\n<meta property=\"og:title\" content=\"Striped Fringe Poncho Shawl | Polska #1 Poncho Shop\" \/>\n<meta property=\"og:description\" content=\"Looking for a Striped Fringe Poncho Shawl ? You&#039;ve come to the right place \ud83d\ude04 We offers a wide selection of Striped Fringe Poncho Shawl, perfect for you.\" \/>\n<meta property=\"og:url\" content=\"https:\/\/ozponcho.com.au\/pl\/p\/damska-peleryna-z-fredzlami-w-paski\/\" \/>\n<meta property=\"og:site_name\" content=\"OZ Poncho\" \/>\n<meta property=\"article:modified_time\" content=\"2026-02-08T03:50:56+00:00\" \/>\n<meta property=\"og:image\" content=\"https:\/\/ozponcho.com.au\/wp-content\/uploads\/2023\/12\/O1CN01G0UpDu1QYYExOZr21_2505411988-0-cib.jpg\" \/>\n\t<meta property=\"og:image:width\" content=\"800\" \/>\n\t<meta property=\"og:image:height\" content=\"800\" \/>\n\t<meta property=\"og:image:type\" content=\"image\/jpeg\" \/>\n<meta name=\"twitter:card\" content=\"summary_large_image\" \/>\n<meta name=\"twitter:label1\" content=\"Szacowany czas czytania\" \/>\n\t<meta name=\"twitter:data1\" content=\"2 minuty\" \/>\n<script type=\"application\/ld+json\" class=\"yoast-schema-graph\">{\"@context\":\"https:\/\/schema.org\",\"@graph\":[{\"@type\":\"WebPage\",\"@id\":\"https:\/\/ozponcho.com.au\/p\/striped-tassel-cape-women\/\",\"url\":\"https:\/\/ozponcho.com.au\/p\/striped-tassel-cape-women\/\",\"name\":\"Striped Fringe Poncho Shawl | Polska #1 Poncho Shop\",\"isPartOf\":{\"@id\":\"https:\/\/ozponcho.com.au\/#website\"},\"primaryImageOfPage\":{\"@id\":\"https:\/\/ozponcho.com.au\/p\/striped-tassel-cape-women\/#primaryimage\"},\"image\":{\"@id\":\"https:\/\/ozponcho.com.au\/p\/striped-tassel-cape-women\/#primaryimage\"},\"thumbnailUrl\":\"https:\/\/ozponcho.com.au\/wp-content\/uploads\/2023\/12\/O1CN01G0UpDu1QYYExOZr21_2505411988-0-cib.jpg\",\"datePublished\":\"2023-12-13T07:39:39+00:00\",\"dateModified\":\"2026-02-08T03:50:56+00:00\",\"description\":\"Looking for a Striped Fringe Poncho Shawl ? You've come to the right place \ud83d\ude04 We offers a wide selection of Striped Fringe Poncho Shawl, perfect for you.\",\"breadcrumb\":{\"@id\":\"https:\/\/ozponcho.com.au\/p\/striped-tassel-cape-women\/#breadcrumb\"},\"inLanguage\":\"pl-PL\",\"potentialAction\":[{\"@type\":\"ReadAction\",\"target\":[\"https:\/\/ozponcho.com.au\/p\/striped-tassel-cape-women\/\"]}]},{\"@type\":\"ImageObject\",\"inLanguage\":\"pl-PL\",\"@id\":\"https:\/\/ozponcho.com.au\/p\/striped-tassel-cape-women\/#primaryimage\",\"url\":\"https:\/\/ozponcho.com.au\/wp-content\/uploads\/2023\/12\/O1CN01G0UpDu1QYYExOZr21_2505411988-0-cib.jpg\",\"contentUrl\":\"https:\/\/ozponcho.com.au\/wp-content\/uploads\/2023\/12\/O1CN01G0UpDu1QYYExOZr21_2505411988-0-cib.jpg\",\"width\":800,\"height\":800,\"caption\":\"Striped Fringe Poncho Shawl\"},{\"@type\":\"BreadcrumbList\",\"@id\":\"https:\/\/ozponcho.com.au\/p\/striped-tassel-cape-women\/#breadcrumb\",\"itemListElement\":[{\"@type\":\"ListItem\",\"position\":1,\"name\":\"Home\",\"item\":\"https:\/\/ozponcho.com.au\/\"},{\"@type\":\"ListItem\",\"position\":2,\"name\":\"Shop\",\"item\":\"https:\/\/ozponcho.com.au\/shop\/\"},{\"@type\":\"ListItem\",\"position\":3,\"name\":\"Striped Fringe Poncho Shawl\"}]},{\"@type\":\"WebSite\",\"@id\":\"https:\/\/ozponcho.com.au\/#website\",\"url\":\"https:\/\/ozponcho.com.au\/\",\"name\":\"OZ Poncho\",\"description\":\"\",\"potentialAction\":[{\"@type\":\"SearchAction\",\"target\":{\"@type\":\"EntryPoint\",\"urlTemplate\":\"https:\/\/ozponcho.com.au\/?s={search_term_string}\"},\"query-input\":{\"@type\":\"PropertyValueSpecification\",\"valueRequired\":true,\"valueName\":\"search_term_string\"}}],\"inLanguage\":\"pl-PL\"}]}<\/script>\n<!-- \/ Yoast SEO plugin. -->","yoast_head_json":{"title":"Ponczo szal z fr\u0119dzlami w paski | Polska #1 Poncho Shop","description":"Szukasz Ponczo Szal z Fr\u0119dzlami w Paski? Jeste\u015b we w\u0142a\u015bciwym miejscu \ud83d\ude04 Oferujemy szeroki wyb\u00f3r Szal Ponczo z Fr\u0119dzlami w Paski, idealnych dla Ciebie.","robots":{"index":"index","follow":"follow","max-snippet":"max-snippet:-1","max-image-preview":"max-image-preview:large","max-video-preview":"max-video-preview:-1"},"canonical":"https:\/\/ozponcho.com.au\/pl\/p\/damska-peleryna-z-fredzlami-w-paski\/","og_locale":"pl_PL","og_type":"article","og_title":"Striped Fringe Poncho Shawl | Polska #1 Poncho Shop","og_description":"Looking for a Striped Fringe Poncho Shawl ? You've come to the right place \ud83d\ude04 We offers a wide selection of Striped Fringe Poncho Shawl, perfect for you.","og_url":"https:\/\/ozponcho.com.au\/pl\/p\/damska-peleryna-z-fredzlami-w-paski\/","og_site_name":"OZ Poncho","article_modified_time":"2026-02-08T03:50:56+00:00","og_image":[{"width":800,"height":800,"url":"https:\/\/ozponcho.com.au\/wp-content\/uploads\/2023\/12\/O1CN01G0UpDu1QYYExOZr21_2505411988-0-cib.jpg","type":"image\/jpeg"}],"twitter_card":"summary_large_image","twitter_misc":{"Szacowany czas czytania":"2 minuty"},"schema":{"@context":"https:\/\/schema.org","@graph":[{"@type":"WebPage","@id":"https:\/\/ozponcho.com.au\/p\/striped-tassel-cape-women\/","url":"https:\/\/ozponcho.com.au\/p\/striped-tassel-cape-women\/","name":"Ponczo szal z fr\u0119dzlami w paski | Polska #1 Poncho Shop","isPartOf":{"@id":"https:\/\/ozponcho.com.au\/#website"},"primaryImageOfPage":{"@id":"https:\/\/ozponcho.com.au\/p\/striped-tassel-cape-women\/#primaryimage"},"image":{"@id":"https:\/\/ozponcho.com.au\/p\/striped-tassel-cape-women\/#primaryimage"},"thumbnailUrl":"https:\/\/ozponcho.com.au\/wp-content\/uploads\/2023\/12\/O1CN01G0UpDu1QYYExOZr21_2505411988-0-cib.jpg","datePublished":"2023-12-13T07:39:39+00:00","dateModified":"2026-02-08T03:50:56+00:00","description":"Szukasz Ponczo Szal z Fr\u0119dzlami w Paski? Jeste\u015b we w\u0142a\u015bciwym miejscu \ud83d\ude04 Oferujemy szeroki wyb\u00f3r Szal Ponczo z Fr\u0119dzlami w Paski, idealnych dla Ciebie.","breadcrumb":{"@id":"https:\/\/ozponcho.com.au\/p\/striped-tassel-cape-women\/#breadcrumb"},"inLanguage":"pl-PL","potentialAction":[{"@type":"ReadAction","target":["https:\/\/ozponcho.com.au\/p\/striped-tassel-cape-women\/"]}]},{"@type":"ImageObject","inLanguage":"pl-PL","@id":"https:\/\/ozponcho.com.au\/p\/striped-tassel-cape-women\/#primaryimage","url":"https:\/\/ozponcho.com.au\/wp-content\/uploads\/2023\/12\/O1CN01G0UpDu1QYYExOZr21_2505411988-0-cib.jpg","contentUrl":"https:\/\/ozponcho.com.au\/wp-content\/uploads\/2023\/12\/O1CN01G0UpDu1QYYExOZr21_2505411988-0-cib.jpg","width":800,"height":800,"caption":"Striped Fringe Poncho Shawl"},{"@type":"BreadcrumbList","@id":"https:\/\/ozponcho.com.au\/p\/striped-tassel-cape-women\/#breadcrumb","itemListElement":[{"@type":"ListItem","position":1,"name":"Home","item":"https:\/\/ozponcho.com.au\/"},{"@type":"ListItem","position":2,"name":"Shop","item":"https:\/\/ozponcho.com.au\/shop\/"},{"@type":"ListItem","position":3,"name":"Striped Fringe Poncho Shawl"}]},{"@type":"WebSite","@id":"https:\/\/ozponcho.com.au\/#website","url":"https:\/\/ozponcho.com.au\/","name":"Poncho OZ","description":"","potentialAction":[{"@type":"SearchAction","target":{"@type":"EntryPoint","urlTemplate":"https:\/\/ozponcho.com.au\/?s={search_term_string}"},"query-input":{"@type":"PropertyValueSpecification","valueRequired":true,"valueName":"search_term_string"}}],"inLanguage":"pl-PL"}]}},"_links":{"self":[{"href":"https:\/\/ozponcho.com.au\/pl\/wp-json\/wp\/v2\/product\/13508","targetHints":{"allow":["GET"]}}],"collection":[{"href":"https:\/\/ozponcho.com.au\/pl\/wp-json\/wp\/v2\/product"}],"about":[{"href":"https:\/\/ozponcho.com.au\/pl\/wp-json\/wp\/v2\/types\/product"}],"wp:featuredmedia":[{"embeddable":true,"href":"https:\/\/ozponcho.com.au\/pl\/wp-json\/wp\/v2\/media\/13474"}],"wp:attachment":[{"href":"https:\/\/ozponcho.com.au\/pl\/wp-json\/wp\/v2\/media?parent=13508"}],"wp:term":[{"taxonomy":"product_brand","embeddable":true,"href":"https:\/\/ozponcho.com.au\/pl\/wp-json\/wp\/v2\/product_brand?post=13508"},{"taxonomy":"product_cat","embeddable":true,"href":"https:\/\/ozponcho.com.au\/pl\/wp-json\/wp\/v2\/product_cat?post=13508"},{"taxonomy":"product_tag","embeddable":true,"href":"https:\/\/ozponcho.com.au\/pl\/wp-json\/wp\/v2\/product_tag?post=13508"}],"curies":[{"name":"wp","href":"https:\/\/api.w.org\/{rel}","templated":true}]}}