{"id":13177,"date":"2023-12-13T18:38:40","date_gmt":"2023-12-13T07:38:40","guid":{"rendered":"https:\/\/ozponcho.com.au\/p\/fur-collar-pullover-tassel-knitted-cape-for-women-autumn-winter-stripe-warm-shawl\/"},"modified":"2025-09-26T12:56:09","modified_gmt":"2025-09-26T01:56:09","slug":"elegant-women-fur-trim-cape","status":"publish","type":"product","link":"https:\/\/ozponcho.com.au\/pl\/p\/elegancka-damska-peleryna-z-futrzanym-wykonczeniem\/","title":{"rendered":"Bordowe ponczo z fr\u0119dzlami"},"content":{"rendered":"<p>Otul si\u0119 luksusem dzi\u0119ki naszemu bordowemu poncho z fr\u0119dzlami. To eleganckie poncho w stylu peleryny, zaprojektowane z my\u015bl\u0105 o modnych kobietach, emanuje wyrafinowaniem. Bogaty burgundowy odcie\u0144 ozdobiony jest ciemnor\u00f3\u017cowymi paskami, dzi\u0119ki czemu stanowi \u017cywy dodatek do ka\u017cdej jesiennej lub zimowej garderoby. Ponczo zosta\u0142o wykonane z mi\u0119kkiego d\u017cerseju, kt\u00f3ry jest przyjemny w dotyku. Ko\u0142nierz ze sztucznego futra dodaje odrobin\u0119 blasku, a fr\u0119dzle zapewniaj\u0105 figlarny ruch. Idealne na ch\u0142odniejsze dni, to ponczo zapewnia ciep\u0142o bez po\u015bwi\u0119cania stylu. To wyj\u0105tkowy element, kt\u00f3ry bezb\u0142\u0119dnie \u0142\u0105czy mod\u0119 i wygod\u0119.<\/p>\n<div>Styl: Elegancki<\/div>\n<div>Dopasowanie: Lu\u017any<\/div>\n<div>Materia\u0142: Jersey<\/div>\n<div>Wz\u00f3r: Pasek<\/div>\n<div>Element: Grzywka<\/div>\n<div>G\u00f3rna d\u0142ugo\u015b\u0107: D\u0142ugi<\/div>\n<div>Dekolt: Dekolt w szpic<\/div>\n<div>Rodzaj r\u0119kawa: R\u0119kaw Dolman<\/div>\n<div>D\u0142ugo\u015b\u0107 r\u0119kawa: D\u0142ugi r\u0119kaw<\/div>\n<div>G\u0142\u00f3wny sk\u0142ad: Poliester<\/div>\n<div>Sezon: Jesie\u0144\/Zima<\/div>\n<p><img decoding=\"async\" src=\"https:\/\/ozponcho.com.au\/wp-content\/uploads\/2024\/03\/1131168835802497024.png\" \/><img decoding=\"async\" src=\"https:\/\/ozponcho.com.au\/wp-content\/uploads\/2024\/03\/O1CN01WgxhTd1QYYEj25Thh_2505411988-0-cib.jpg\" \/><img decoding=\"async\" src=\"https:\/\/ozponcho.com.au\/wp-content\/uploads\/2024\/03\/O1CN01GjeIZ71QYYExnJSBA_2505411988-0-cib.jpg\" \/><img decoding=\"async\" src=\"https:\/\/ozponcho.com.au\/wp-content\/uploads\/2024\/03\/O1CN01rlZm1k1QYYEunzOLj_2505411988-0-cib.jpg\" \/><img decoding=\"async\" src=\"https:\/\/ozponcho.com.au\/wp-content\/uploads\/2024\/03\/O1CN01mV4WBc1QYYEt1diWW_2505411988-0-cib.jpg\" \/><img decoding=\"async\" src=\"https:\/\/ozponcho.com.au\/wp-content\/uploads\/2024\/03\/O1CN01gMUiSd1QYYErdKM6V_2505411988-0-cib.jpg\" \/><img decoding=\"async\" src=\"https:\/\/ozponcho.com.au\/wp-content\/uploads\/2024\/03\/O1CN01GMAYpS1QYYEniGYVS_2505411988-0-cib.jpg\" \/><img decoding=\"async\" src=\"https:\/\/ozponcho.com.au\/wp-content\/uploads\/2024\/03\/O1CN01Gmo0X01QYYErcG1hB_2505411988-0-cib.jpg\" \/><\/p>","protected":false},"excerpt":{"rendered":"<p>Envelop yourself in luxury with our Burgundy Fringed Poncho. Designed for the fashion-forward woman, this elegant cape-style poncho exudes sophistication. The rich burgundy shade is adorned with dark pink stripes, making for a vibrant addition to any autumn or winter wardrobe. It\u00e2\u20ac\u2122s crafted with a soft jersey fabric that feels delightful against the skin. The [&#8230;]","protected":false},"featured_media":13147,"template":"","meta":[],"product_brand":[],"product_cat":[229,218,15,222,228,214,210,221],"product_tag":[],"class_list":{"0":"post-13177","1":"product","2":"type-product","3":"status-publish","4":"has-post-thumbnail","6":"product_cat-blanket-poncho","7":"product_cat-fur-poncho","8":"product_cat-main-category","9":"product_cat-pink-poncho","10":"product_cat-poncho-sweater","11":"product_cat-knitted-crochet-poncho","12":"product_cat-poncho-women","13":"product_cat-red-poncho","15":"first","16":"outofstock","17":"shipping-taxable","18":"purchasable","19":"product-type-variable"},"yoast_head":"<!-- This site is optimized with the Yoast SEO plugin v25.9 - https:\/\/yoast.com\/wordpress\/plugins\/seo\/ -->\n<title>Burgundy Fringed Poncho | Polska #1 Poncho Shop<\/title>\n<meta name=\"description\" content=\"Looking for a Burgundy Fringed Poncho ? You&#039;ve come to the right place \ud83d\ude04 We offers a wide selection of Burgundy Fringed Poncho, perfect for you.\" \/>\n<meta name=\"robots\" content=\"index, follow, max-snippet:-1, max-image-preview:large, max-video-preview:-1\" \/>\n<link rel=\"canonical\" href=\"https:\/\/ozponcho.com.au\/pl\/p\/elegancka-damska-peleryna-z-futrzanym-wykonczeniem\/\" \/>\n<meta property=\"og:locale\" content=\"pl_PL\" \/>\n<meta property=\"og:type\" content=\"article\" \/>\n<meta property=\"og:title\" content=\"Burgundy Fringed Poncho | Polska #1 Poncho Shop\" \/>\n<meta property=\"og:description\" content=\"Looking for a Burgundy Fringed Poncho ? You&#039;ve come to the right place \ud83d\ude04 We offers a wide selection of Burgundy Fringed Poncho, perfect for you.\" \/>\n<meta property=\"og:url\" content=\"https:\/\/ozponcho.com.au\/pl\/p\/elegancka-damska-peleryna-z-futrzanym-wykonczeniem\/\" \/>\n<meta property=\"og:site_name\" content=\"OZ Poncho\" \/>\n<meta property=\"article:modified_time\" content=\"2025-09-26T01:56:09+00:00\" \/>\n<meta property=\"og:image\" content=\"https:\/\/ozponcho.com.au\/wp-content\/uploads\/2023\/12\/O1CN01WQMJX41QYYEspn3t6_2505411988-0-cib.jpg\" \/>\n\t<meta property=\"og:image:width\" content=\"800\" \/>\n\t<meta property=\"og:image:height\" content=\"800\" \/>\n\t<meta property=\"og:image:type\" content=\"image\/jpeg\" \/>\n<meta name=\"twitter:card\" content=\"summary_large_image\" \/>\n<meta name=\"twitter:label1\" content=\"Szacowany czas czytania\" \/>\n\t<meta name=\"twitter:data1\" content=\"3 minuty\" \/>\n<script type=\"application\/ld+json\" class=\"yoast-schema-graph\">{\"@context\":\"https:\/\/schema.org\",\"@graph\":[{\"@type\":\"WebPage\",\"@id\":\"https:\/\/ozponcho.com.au\/p\/elegant-women-fur-trim-cape\/\",\"url\":\"https:\/\/ozponcho.com.au\/p\/elegant-women-fur-trim-cape\/\",\"name\":\"Burgundy Fringed Poncho | Polska #1 Poncho Shop\",\"isPartOf\":{\"@id\":\"https:\/\/ozponcho.com.au\/#website\"},\"primaryImageOfPage\":{\"@id\":\"https:\/\/ozponcho.com.au\/p\/elegant-women-fur-trim-cape\/#primaryimage\"},\"image\":{\"@id\":\"https:\/\/ozponcho.com.au\/p\/elegant-women-fur-trim-cape\/#primaryimage\"},\"thumbnailUrl\":\"https:\/\/ozponcho.com.au\/wp-content\/uploads\/2023\/12\/O1CN01WQMJX41QYYEspn3t6_2505411988-0-cib.jpg\",\"datePublished\":\"2023-12-13T07:38:40+00:00\",\"dateModified\":\"2025-09-26T01:56:09+00:00\",\"description\":\"Looking for a Burgundy Fringed Poncho ? You've come to the right place \ud83d\ude04 We offers a wide selection of Burgundy Fringed Poncho, perfect for you.\",\"breadcrumb\":{\"@id\":\"https:\/\/ozponcho.com.au\/p\/elegant-women-fur-trim-cape\/#breadcrumb\"},\"inLanguage\":\"pl-PL\",\"potentialAction\":[{\"@type\":\"ReadAction\",\"target\":[\"https:\/\/ozponcho.com.au\/p\/elegant-women-fur-trim-cape\/\"]}]},{\"@type\":\"ImageObject\",\"inLanguage\":\"pl-PL\",\"@id\":\"https:\/\/ozponcho.com.au\/p\/elegant-women-fur-trim-cape\/#primaryimage\",\"url\":\"https:\/\/ozponcho.com.au\/wp-content\/uploads\/2023\/12\/O1CN01WQMJX41QYYEspn3t6_2505411988-0-cib.jpg\",\"contentUrl\":\"https:\/\/ozponcho.com.au\/wp-content\/uploads\/2023\/12\/O1CN01WQMJX41QYYEspn3t6_2505411988-0-cib.jpg\",\"width\":800,\"height\":800,\"caption\":\"Burgundy Fringed Poncho\"},{\"@type\":\"BreadcrumbList\",\"@id\":\"https:\/\/ozponcho.com.au\/p\/elegant-women-fur-trim-cape\/#breadcrumb\",\"itemListElement\":[{\"@type\":\"ListItem\",\"position\":1,\"name\":\"Home\",\"item\":\"https:\/\/ozponcho.com.au\/\"},{\"@type\":\"ListItem\",\"position\":2,\"name\":\"Shop\",\"item\":\"https:\/\/ozponcho.com.au\/shop\/\"},{\"@type\":\"ListItem\",\"position\":3,\"name\":\"Burgundy Fringed Poncho\"}]},{\"@type\":\"WebSite\",\"@id\":\"https:\/\/ozponcho.com.au\/#website\",\"url\":\"https:\/\/ozponcho.com.au\/\",\"name\":\"OZ Poncho\",\"description\":\"\",\"potentialAction\":[{\"@type\":\"SearchAction\",\"target\":{\"@type\":\"EntryPoint\",\"urlTemplate\":\"https:\/\/ozponcho.com.au\/?s={search_term_string}\"},\"query-input\":{\"@type\":\"PropertyValueSpecification\",\"valueRequired\":true,\"valueName\":\"search_term_string\"}}],\"inLanguage\":\"pl-PL\"}]}<\/script>\n<!-- \/ Yoast SEO plugin. -->","yoast_head_json":{"title":"Bordowe ponczo z fr\u0119dzlami | Polska #1 Poncho Shop","description":"Szukasz bordowego poncza z fr\u0119dzlami? Jeste\u015b we w\u0142a\u015bciwym miejscu \ud83d\ude04 Oferujemy szeroki wyb\u00f3r Ponczo z fr\u0119dzlami w kolorze bordowym, idealnych dla Ciebie.","robots":{"index":"index","follow":"follow","max-snippet":"max-snippet:-1","max-image-preview":"max-image-preview:large","max-video-preview":"max-video-preview:-1"},"canonical":"https:\/\/ozponcho.com.au\/pl\/p\/elegancka-damska-peleryna-z-futrzanym-wykonczeniem\/","og_locale":"pl_PL","og_type":"article","og_title":"Burgundy Fringed Poncho | Polska #1 Poncho Shop","og_description":"Looking for a Burgundy Fringed Poncho ? You've come to the right place \ud83d\ude04 We offers a wide selection of Burgundy Fringed Poncho, perfect for you.","og_url":"https:\/\/ozponcho.com.au\/pl\/p\/elegancka-damska-peleryna-z-futrzanym-wykonczeniem\/","og_site_name":"OZ Poncho","article_modified_time":"2025-09-26T01:56:09+00:00","og_image":[{"width":800,"height":800,"url":"https:\/\/ozponcho.com.au\/wp-content\/uploads\/2023\/12\/O1CN01WQMJX41QYYEspn3t6_2505411988-0-cib.jpg","type":"image\/jpeg"}],"twitter_card":"summary_large_image","twitter_misc":{"Szacowany czas czytania":"3 minuty"},"schema":{"@context":"https:\/\/schema.org","@graph":[{"@type":"WebPage","@id":"https:\/\/ozponcho.com.au\/p\/elegant-women-fur-trim-cape\/","url":"https:\/\/ozponcho.com.au\/p\/elegant-women-fur-trim-cape\/","name":"Bordowe ponczo z fr\u0119dzlami | Polska #1 Poncho Shop","isPartOf":{"@id":"https:\/\/ozponcho.com.au\/#website"},"primaryImageOfPage":{"@id":"https:\/\/ozponcho.com.au\/p\/elegant-women-fur-trim-cape\/#primaryimage"},"image":{"@id":"https:\/\/ozponcho.com.au\/p\/elegant-women-fur-trim-cape\/#primaryimage"},"thumbnailUrl":"https:\/\/ozponcho.com.au\/wp-content\/uploads\/2023\/12\/O1CN01WQMJX41QYYEspn3t6_2505411988-0-cib.jpg","datePublished":"2023-12-13T07:38:40+00:00","dateModified":"2025-09-26T01:56:09+00:00","description":"Szukasz bordowego poncza z fr\u0119dzlami? Jeste\u015b we w\u0142a\u015bciwym miejscu \ud83d\ude04 Oferujemy szeroki wyb\u00f3r Ponczo z fr\u0119dzlami w kolorze bordowym, idealnych dla Ciebie.","breadcrumb":{"@id":"https:\/\/ozponcho.com.au\/p\/elegant-women-fur-trim-cape\/#breadcrumb"},"inLanguage":"pl-PL","potentialAction":[{"@type":"ReadAction","target":["https:\/\/ozponcho.com.au\/p\/elegant-women-fur-trim-cape\/"]}]},{"@type":"ImageObject","inLanguage":"pl-PL","@id":"https:\/\/ozponcho.com.au\/p\/elegant-women-fur-trim-cape\/#primaryimage","url":"https:\/\/ozponcho.com.au\/wp-content\/uploads\/2023\/12\/O1CN01WQMJX41QYYEspn3t6_2505411988-0-cib.jpg","contentUrl":"https:\/\/ozponcho.com.au\/wp-content\/uploads\/2023\/12\/O1CN01WQMJX41QYYEspn3t6_2505411988-0-cib.jpg","width":800,"height":800,"caption":"Burgundy Fringed Poncho"},{"@type":"BreadcrumbList","@id":"https:\/\/ozponcho.com.au\/p\/elegant-women-fur-trim-cape\/#breadcrumb","itemListElement":[{"@type":"ListItem","position":1,"name":"Home","item":"https:\/\/ozponcho.com.au\/"},{"@type":"ListItem","position":2,"name":"Shop","item":"https:\/\/ozponcho.com.au\/shop\/"},{"@type":"ListItem","position":3,"name":"Burgundy Fringed Poncho"}]},{"@type":"WebSite","@id":"https:\/\/ozponcho.com.au\/#website","url":"https:\/\/ozponcho.com.au\/","name":"Poncho OZ","description":"","potentialAction":[{"@type":"SearchAction","target":{"@type":"EntryPoint","urlTemplate":"https:\/\/ozponcho.com.au\/?s={search_term_string}"},"query-input":{"@type":"PropertyValueSpecification","valueRequired":true,"valueName":"search_term_string"}}],"inLanguage":"pl-PL"}]}},"_links":{"self":[{"href":"https:\/\/ozponcho.com.au\/pl\/wp-json\/wp\/v2\/product\/13177","targetHints":{"allow":["GET"]}}],"collection":[{"href":"https:\/\/ozponcho.com.au\/pl\/wp-json\/wp\/v2\/product"}],"about":[{"href":"https:\/\/ozponcho.com.au\/pl\/wp-json\/wp\/v2\/types\/product"}],"wp:featuredmedia":[{"embeddable":true,"href":"https:\/\/ozponcho.com.au\/pl\/wp-json\/wp\/v2\/media\/13147"}],"wp:attachment":[{"href":"https:\/\/ozponcho.com.au\/pl\/wp-json\/wp\/v2\/media?parent=13177"}],"wp:term":[{"taxonomy":"product_brand","embeddable":true,"href":"https:\/\/ozponcho.com.au\/pl\/wp-json\/wp\/v2\/product_brand?post=13177"},{"taxonomy":"product_cat","embeddable":true,"href":"https:\/\/ozponcho.com.au\/pl\/wp-json\/wp\/v2\/product_cat?post=13177"},{"taxonomy":"product_tag","embeddable":true,"href":"https:\/\/ozponcho.com.au\/pl\/wp-json\/wp\/v2\/product_tag?post=13177"}],"curies":[{"name":"wp","href":"https:\/\/api.w.org\/{rel}","templated":true}]}}