{"id":13047,"date":"2023-12-13T18:37:54","date_gmt":"2023-12-13T07:37:54","guid":{"rendered":"https:\/\/ozponcho.com.au\/p\/contrast-color-plaid-ladies-tassel-cape-scarf-autumn-winter-knitted-shawl-for-women\/"},"modified":"2024-03-08T16:27:57","modified_gmt":"2024-03-08T05:27:57","slug":"tassel-cape-scarf-shawl","status":"publish","type":"product","link":"https:\/\/ozponcho.com.au\/pl\/p\/szalik-z-fredzlami-pelerynka\/","title":{"rendered":"Eleganckie ponczo z fr\u0119dzlami"},"content":{"rendered":"<p>Podnie\u015b swoj\u0105 jesienn\u0105 i zimow\u0105 garderob\u0119 dzi\u0119ki temu stylowemu poncho, idealnemu dla eleganckiej, nowoczesnej kobiety. Przytulna dzianina z d\u017cerseju jest ozdobiona efektownym wzorem w kolorach czarnym, bia\u0142ym i bordowym, zapewniaj\u0105c wyr\u00f3\u017cniaj\u0105cy si\u0119 wygl\u0105d i ciep\u0142o. Szczeg\u00f3\u0142owo wyko\u0144czone kraw\u0119dzie z fr\u0119dzlami dodaj\u0105 artystycznego charakteru tej eleganckiej pelerynie, czyni\u0105c j\u0105 wszechstronnym dodatkiem do ka\u017cdego stroju. Narzu\u0107 go na ramiona, aby uzyska\u0107 elegancki str\u00f3j wieczorowy lub po\u0142\u0105cz go z ulubionymi d\u017cinsami, aby uzyska\u0107 wyrafinowany, swobodny styl. Ciesz si\u0119 ch\u0142odniejszymi porami roku w komforcie i stylu dzi\u0119ki temu niezb\u0119dnemu akcesorium.<\/p>\n<div>Styl: Elegancki<\/div>\n<div>Dopasowanie: Lu\u017any<\/div>\n<div>Materia\u0142: Jersey<\/div>\n<div>Wz\u00f3r: Blok kolor\u00f3w<\/div>\n<div>Element: Grzywka<\/div>\n<div>G\u00f3rna d\u0142ugo\u015b\u0107: Regularna<\/div>\n<div>Typ r\u0119kawa: Inne<\/div>\n<div>D\u0142ugo\u015b\u0107 r\u0119kawa: r\u0119kaw 3\/4<\/div>\n<div>Typ zamkni\u0119cia: Inne<\/div>\n<div>G\u0142\u00f3wny sk\u0142ad: Poliester<\/div>\n<div>Sezon: Jesie\u0144\/Zima<\/div>\n<p><img decoding=\"async\" src=\"https:\/\/ozponcho.com.au\/wp-content\/uploads\/2024\/03\/1015286619504115712.png\" \/><img decoding=\"async\" src=\"https:\/\/ozponcho.com.au\/wp-content\/uploads\/2024\/03\/O1CN015iIutx1QYY9jsN0Ps_2505411988-0-cib.jpg\" \/><img decoding=\"async\" src=\"https:\/\/ozponcho.com.au\/wp-content\/uploads\/2024\/03\/O1CN01t8XBHX1QYY9mjNTPW_2505411988-0-cib.jpg\" \/><img decoding=\"async\" src=\"https:\/\/ozponcho.com.au\/wp-content\/uploads\/2024\/03\/O1CN01s0pe341QYY9gKJwRt_2505411988-0-cib.jpg\" \/><img decoding=\"async\" src=\"https:\/\/ozponcho.com.au\/wp-content\/uploads\/2024\/03\/O1CN01ik9pZE1QYY9e3MaL2_2505411988-0-cib.jpg\" \/><img decoding=\"async\" src=\"https:\/\/ozponcho.com.au\/wp-content\/uploads\/2024\/03\/O1CN01fGSjdC1QYY9h6xpK2_2505411988-0-cib.jpg\" \/><\/p>","protected":false},"excerpt":{"rendered":"<p>Elevate your autumn and winter wardrobe with this effortlessly stylish poncho, perfect for the chic modern woman. The cozy jersey knit is adorned with a striking black, white, and burgundy color block pattern, giving you a standout look while keeping you warm. Detailed fringe edges add a bohemian touch to this elegant cape scarf, making [&#8230;]","protected":false},"featured_media":13026,"template":"","meta":[],"product_brand":[],"product_cat":[219,229,223,15,228,214,210,221],"product_tag":[],"class_list":{"0":"post-13047","1":"product","2":"type-product","3":"status-publish","4":"has-post-thumbnail","6":"product_cat-black-poncho","7":"product_cat-blanket-poncho","8":"product_cat-blue-poncho","9":"product_cat-main-category","10":"product_cat-poncho-sweater","11":"product_cat-knitted-crochet-poncho","12":"product_cat-poncho-women","13":"product_cat-red-poncho","15":"first","16":"outofstock","17":"shipping-taxable","18":"purchasable","19":"product-type-variable"},"yoast_head":"<!-- This site is optimized with the Yoast SEO plugin v25.9 - https:\/\/yoast.com\/wordpress\/plugins\/seo\/ -->\n<title>Elegant Fringe Knitted Poncho | Polska #1 Poncho Shop<\/title>\n<meta name=\"description\" content=\"Looking for a Elegant Fringe Knitted Poncho ? You&#039;ve come to the right place \ud83d\ude04 We offers a wide selection of Elegant Fringe Knitted Poncho, perfect for you.\" \/>\n<meta name=\"robots\" content=\"index, follow, max-snippet:-1, max-image-preview:large, max-video-preview:-1\" \/>\n<link rel=\"canonical\" href=\"https:\/\/ozponcho.com.au\/pl\/p\/szalik-z-fredzlami-pelerynka\/\" \/>\n<meta property=\"og:locale\" content=\"pl_PL\" \/>\n<meta property=\"og:type\" content=\"article\" \/>\n<meta property=\"og:title\" content=\"Elegant Fringe Knitted Poncho | Polska #1 Poncho Shop\" \/>\n<meta property=\"og:description\" content=\"Looking for a Elegant Fringe Knitted Poncho ? You&#039;ve come to the right place \ud83d\ude04 We offers a wide selection of Elegant Fringe Knitted Poncho, perfect for you.\" \/>\n<meta property=\"og:url\" content=\"https:\/\/ozponcho.com.au\/pl\/p\/szalik-z-fredzlami-pelerynka\/\" \/>\n<meta property=\"og:site_name\" content=\"OZ Poncho\" \/>\n<meta property=\"article:modified_time\" content=\"2024-03-08T05:27:57+00:00\" \/>\n<meta property=\"og:image\" content=\"https:\/\/ozponcho.com.au\/wp-content\/uploads\/2023\/12\/O1CN01OzK2Ey1QYY9kmxrER_2505411988-0-cib.jpg\" \/>\n\t<meta property=\"og:image:width\" content=\"800\" \/>\n\t<meta property=\"og:image:height\" content=\"800\" \/>\n\t<meta property=\"og:image:type\" content=\"image\/jpeg\" \/>\n<meta name=\"twitter:card\" content=\"summary_large_image\" \/>\n<meta name=\"twitter:label1\" content=\"Szacowany czas czytania\" \/>\n\t<meta name=\"twitter:data1\" content=\"2 minuty\" \/>\n<script type=\"application\/ld+json\" class=\"yoast-schema-graph\">{\"@context\":\"https:\/\/schema.org\",\"@graph\":[{\"@type\":\"WebPage\",\"@id\":\"https:\/\/ozponcho.com.au\/p\/tassel-cape-scarf-shawl\/\",\"url\":\"https:\/\/ozponcho.com.au\/p\/tassel-cape-scarf-shawl\/\",\"name\":\"Elegant Fringe Knitted Poncho | Polska #1 Poncho Shop\",\"isPartOf\":{\"@id\":\"https:\/\/ozponcho.com.au\/#website\"},\"primaryImageOfPage\":{\"@id\":\"https:\/\/ozponcho.com.au\/p\/tassel-cape-scarf-shawl\/#primaryimage\"},\"image\":{\"@id\":\"https:\/\/ozponcho.com.au\/p\/tassel-cape-scarf-shawl\/#primaryimage\"},\"thumbnailUrl\":\"https:\/\/ozponcho.com.au\/wp-content\/uploads\/2023\/12\/O1CN01OzK2Ey1QYY9kmxrER_2505411988-0-cib.jpg\",\"datePublished\":\"2023-12-13T07:37:54+00:00\",\"dateModified\":\"2024-03-08T05:27:57+00:00\",\"description\":\"Looking for a Elegant Fringe Knitted Poncho ? You've come to the right place \ud83d\ude04 We offers a wide selection of Elegant Fringe Knitted Poncho, perfect for you.\",\"breadcrumb\":{\"@id\":\"https:\/\/ozponcho.com.au\/p\/tassel-cape-scarf-shawl\/#breadcrumb\"},\"inLanguage\":\"pl-PL\",\"potentialAction\":[{\"@type\":\"ReadAction\",\"target\":[\"https:\/\/ozponcho.com.au\/p\/tassel-cape-scarf-shawl\/\"]}]},{\"@type\":\"ImageObject\",\"inLanguage\":\"pl-PL\",\"@id\":\"https:\/\/ozponcho.com.au\/p\/tassel-cape-scarf-shawl\/#primaryimage\",\"url\":\"https:\/\/ozponcho.com.au\/wp-content\/uploads\/2023\/12\/O1CN01OzK2Ey1QYY9kmxrER_2505411988-0-cib.jpg\",\"contentUrl\":\"https:\/\/ozponcho.com.au\/wp-content\/uploads\/2023\/12\/O1CN01OzK2Ey1QYY9kmxrER_2505411988-0-cib.jpg\",\"width\":800,\"height\":800,\"caption\":\"Elegant Fringe Knitted Poncho\"},{\"@type\":\"BreadcrumbList\",\"@id\":\"https:\/\/ozponcho.com.au\/p\/tassel-cape-scarf-shawl\/#breadcrumb\",\"itemListElement\":[{\"@type\":\"ListItem\",\"position\":1,\"name\":\"Home\",\"item\":\"https:\/\/ozponcho.com.au\/\"},{\"@type\":\"ListItem\",\"position\":2,\"name\":\"Shop\",\"item\":\"https:\/\/ozponcho.com.au\/shop\/\"},{\"@type\":\"ListItem\",\"position\":3,\"name\":\"Elegant Fringe Knitted Poncho\"}]},{\"@type\":\"WebSite\",\"@id\":\"https:\/\/ozponcho.com.au\/#website\",\"url\":\"https:\/\/ozponcho.com.au\/\",\"name\":\"OZ Poncho\",\"description\":\"\",\"potentialAction\":[{\"@type\":\"SearchAction\",\"target\":{\"@type\":\"EntryPoint\",\"urlTemplate\":\"https:\/\/ozponcho.com.au\/?s={search_term_string}\"},\"query-input\":{\"@type\":\"PropertyValueSpecification\",\"valueRequired\":true,\"valueName\":\"search_term_string\"}}],\"inLanguage\":\"pl-PL\"}]}<\/script>\n<!-- \/ Yoast SEO plugin. -->","yoast_head_json":{"title":"Eleganckie ponczo z fr\u0119dzlami | Polska #1 Poncho Shop","description":"Szukasz eleganckiego poncza z fr\u0119dzlami? Jeste\u015b we w\u0142a\u015bciwym miejscu \ud83d\ude04 Oferujemy szeroki wyb\u00f3r Eleganckie Ponczo z Fr\u0119dzlami, idealnych dla Ciebie.","robots":{"index":"index","follow":"follow","max-snippet":"max-snippet:-1","max-image-preview":"max-image-preview:large","max-video-preview":"max-video-preview:-1"},"canonical":"https:\/\/ozponcho.com.au\/pl\/p\/szalik-z-fredzlami-pelerynka\/","og_locale":"pl_PL","og_type":"article","og_title":"Elegant Fringe Knitted Poncho | Polska #1 Poncho Shop","og_description":"Looking for a Elegant Fringe Knitted Poncho ? You've come to the right place \ud83d\ude04 We offers a wide selection of Elegant Fringe Knitted Poncho, perfect for you.","og_url":"https:\/\/ozponcho.com.au\/pl\/p\/szalik-z-fredzlami-pelerynka\/","og_site_name":"OZ Poncho","article_modified_time":"2024-03-08T05:27:57+00:00","og_image":[{"width":800,"height":800,"url":"https:\/\/ozponcho.com.au\/wp-content\/uploads\/2023\/12\/O1CN01OzK2Ey1QYY9kmxrER_2505411988-0-cib.jpg","type":"image\/jpeg"}],"twitter_card":"summary_large_image","twitter_misc":{"Szacowany czas czytania":"2 minuty"},"schema":{"@context":"https:\/\/schema.org","@graph":[{"@type":"WebPage","@id":"https:\/\/ozponcho.com.au\/p\/tassel-cape-scarf-shawl\/","url":"https:\/\/ozponcho.com.au\/p\/tassel-cape-scarf-shawl\/","name":"Eleganckie ponczo z fr\u0119dzlami | Polska #1 Poncho Shop","isPartOf":{"@id":"https:\/\/ozponcho.com.au\/#website"},"primaryImageOfPage":{"@id":"https:\/\/ozponcho.com.au\/p\/tassel-cape-scarf-shawl\/#primaryimage"},"image":{"@id":"https:\/\/ozponcho.com.au\/p\/tassel-cape-scarf-shawl\/#primaryimage"},"thumbnailUrl":"https:\/\/ozponcho.com.au\/wp-content\/uploads\/2023\/12\/O1CN01OzK2Ey1QYY9kmxrER_2505411988-0-cib.jpg","datePublished":"2023-12-13T07:37:54+00:00","dateModified":"2024-03-08T05:27:57+00:00","description":"Szukasz eleganckiego poncza z fr\u0119dzlami? Jeste\u015b we w\u0142a\u015bciwym miejscu \ud83d\ude04 Oferujemy szeroki wyb\u00f3r Eleganckie Ponczo z Fr\u0119dzlami, idealnych dla Ciebie.","breadcrumb":{"@id":"https:\/\/ozponcho.com.au\/p\/tassel-cape-scarf-shawl\/#breadcrumb"},"inLanguage":"pl-PL","potentialAction":[{"@type":"ReadAction","target":["https:\/\/ozponcho.com.au\/p\/tassel-cape-scarf-shawl\/"]}]},{"@type":"ImageObject","inLanguage":"pl-PL","@id":"https:\/\/ozponcho.com.au\/p\/tassel-cape-scarf-shawl\/#primaryimage","url":"https:\/\/ozponcho.com.au\/wp-content\/uploads\/2023\/12\/O1CN01OzK2Ey1QYY9kmxrER_2505411988-0-cib.jpg","contentUrl":"https:\/\/ozponcho.com.au\/wp-content\/uploads\/2023\/12\/O1CN01OzK2Ey1QYY9kmxrER_2505411988-0-cib.jpg","width":800,"height":800,"caption":"Elegant Fringe Knitted Poncho"},{"@type":"BreadcrumbList","@id":"https:\/\/ozponcho.com.au\/p\/tassel-cape-scarf-shawl\/#breadcrumb","itemListElement":[{"@type":"ListItem","position":1,"name":"Home","item":"https:\/\/ozponcho.com.au\/"},{"@type":"ListItem","position":2,"name":"Shop","item":"https:\/\/ozponcho.com.au\/shop\/"},{"@type":"ListItem","position":3,"name":"Elegant Fringe Knitted Poncho"}]},{"@type":"WebSite","@id":"https:\/\/ozponcho.com.au\/#website","url":"https:\/\/ozponcho.com.au\/","name":"Poncho OZ","description":"","potentialAction":[{"@type":"SearchAction","target":{"@type":"EntryPoint","urlTemplate":"https:\/\/ozponcho.com.au\/?s={search_term_string}"},"query-input":{"@type":"PropertyValueSpecification","valueRequired":true,"valueName":"search_term_string"}}],"inLanguage":"pl-PL"}]}},"_links":{"self":[{"href":"https:\/\/ozponcho.com.au\/pl\/wp-json\/wp\/v2\/product\/13047","targetHints":{"allow":["GET"]}}],"collection":[{"href":"https:\/\/ozponcho.com.au\/pl\/wp-json\/wp\/v2\/product"}],"about":[{"href":"https:\/\/ozponcho.com.au\/pl\/wp-json\/wp\/v2\/types\/product"}],"wp:featuredmedia":[{"embeddable":true,"href":"https:\/\/ozponcho.com.au\/pl\/wp-json\/wp\/v2\/media\/13026"}],"wp:attachment":[{"href":"https:\/\/ozponcho.com.au\/pl\/wp-json\/wp\/v2\/media?parent=13047"}],"wp:term":[{"taxonomy":"product_brand","embeddable":true,"href":"https:\/\/ozponcho.com.au\/pl\/wp-json\/wp\/v2\/product_brand?post=13047"},{"taxonomy":"product_cat","embeddable":true,"href":"https:\/\/ozponcho.com.au\/pl\/wp-json\/wp\/v2\/product_cat?post=13047"},{"taxonomy":"product_tag","embeddable":true,"href":"https:\/\/ozponcho.com.au\/pl\/wp-json\/wp\/v2\/product_tag?post=13047"}],"curies":[{"name":"wp","href":"https:\/\/api.w.org\/{rel}","templated":true}]}}