{"id":12819,"date":"2023-12-13T18:37:05","date_gmt":"2023-12-13T07:37:05","guid":{"rendered":"https:\/\/ozponcho.com.au\/p\/tassel-cloak-autumn-winter-contrast-color-houndstooth-fur-collar-inverness-women\/"},"modified":"2026-01-06T20:08:06","modified_gmt":"2026-01-06T09:08:06","slug":"chic-fur-trim-poncho","status":"publish","type":"product","link":"https:\/\/ozponcho.com.au\/pl\/p\/chic-fur-trim-poncho\/","title":{"rendered":"Eleganckie ponczo z fr\u0119dzlami w pepitk\u0119"},"content":{"rendered":"<p>Embrace the elegance of the season with this Autumn Winter Contrast Color Houndstooth Poncho. The luxurious faux fur collar adds a touch of extravagance to your ensemble, while the fringe detail offers vintage charm. Perfect for chillier days, this jersey fabric poncho ensures warmth without compromising on style. Its generous dolman sleeves and loose fit provide both comfort and a flattering silhouette. Whether you&#8217;re looking to elevate your daytime attire or add sophistication to your evening look, this poncho is a versatile investment for your wardrobe.<\/p>\n<div>Styl: Elegancki<\/div>\n<div>Dopasowanie: Lu\u017any<\/div>\n<div>Materia\u0142: Jersey<\/div>\n<div>Wz\u00f3r: Kratka<\/div>\n<div>Element: Grzywka<\/div>\n<div>G\u00f3rna d\u0142ugo\u015b\u0107: D\u0142ugi<\/div>\n<div>Rodzaj r\u0119kawa: R\u0119kaw Dolman<\/div>\n<div>D\u0142ugo\u015b\u0107 r\u0119kawa: D\u0142ugi r\u0119kaw<\/div>\n<div>Typ zamkni\u0119cia: Inne<\/div>\n<div>G\u0142\u00f3wny sk\u0142ad: Poliester<\/div>\n<div>Sezon: Jesie\u0144\/Zima<\/div>\n<p><img decoding=\"async\" src=\"https:\/\/ozponcho.com.au\/wp-content\/uploads\/2024\/03\/1011603987973013504.png\" \/><img decoding=\"async\" src=\"https:\/\/ozponcho.com.au\/wp-content\/uploads\/2024\/03\/O1CN013iZKRG1QYY9ZzgtE5_2505411988-0-cib.jpg\" \/><img decoding=\"async\" src=\"https:\/\/ozponcho.com.au\/wp-content\/uploads\/2024\/03\/O1CN019gv3221QYY9ZDZpkW_2505411988-0-cib.jpg\" \/><img decoding=\"async\" src=\"https:\/\/ozponcho.com.au\/wp-content\/uploads\/2024\/03\/O1CN018n7YoH1QYY9ff8ibl_2505411988-0-cib.jpg\" \/><img decoding=\"async\" src=\"https:\/\/ozponcho.com.au\/wp-content\/uploads\/2024\/03\/O1CN01txqgKS1QYY9Zzg1EP_2505411988-0-cib.jpg\" \/><img decoding=\"async\" src=\"https:\/\/ozponcho.com.au\/wp-content\/uploads\/2024\/03\/O1CN01EVMy7U1QYY9dinGLo_2505411988-0-cib.jpg\" \/><img decoding=\"async\" src=\"https:\/\/ozponcho.com.au\/wp-content\/uploads\/2024\/03\/O1CN01Llx6zV1QYY9dilmty_2505411988-0-cib.jpg\" \/><\/p>","protected":false},"excerpt":{"rendered":"<p>Embrace the elegance of the season with this Autumn Winter Contrast Color Houndstooth Poncho. The luxurious faux fur collar adds a touch of extravagance to your ensemble, while the fringe detail offers vintage charm. Perfect for chillier days, this jersey fabric poncho ensures warmth without compromising on style. Its generous dolman sleeves and loose fit [&#8230;]","protected":false},"featured_media":12792,"template":"","meta":[],"product_brand":[],"product_cat":[229,226,218,15,228,210],"product_tag":[],"class_list":{"0":"post-12819","1":"product","2":"type-product","3":"status-publish","4":"has-post-thumbnail","6":"product_cat-blanket-poncho","7":"product_cat-brown-poncho","8":"product_cat-fur-poncho","9":"product_cat-main-category","10":"product_cat-poncho-sweater","11":"product_cat-poncho-women","13":"first","14":"instock","15":"shipping-taxable","16":"purchasable","17":"product-type-variable"},"yoast_head":"<!-- This site is optimized with the Yoast SEO plugin v25.9 - https:\/\/yoast.com\/wordpress\/plugins\/seo\/ -->\n<title>Elegant Houndstooth Fringe Poncho | Polska #1 Poncho Shop<\/title>\n<meta name=\"description\" content=\"Looking for a Elegant Houndstooth Fringe Poncho ? You&#039;ve come to the right place \ud83d\ude04 We offers a wide selection of Elegant Houndstooth Fringe Poncho, perfect for you.\" \/>\n<meta name=\"robots\" content=\"index, follow, max-snippet:-1, max-image-preview:large, max-video-preview:-1\" \/>\n<link rel=\"canonical\" href=\"https:\/\/ozponcho.com.au\/pl\/p\/chic-fur-trim-poncho\/\" \/>\n<meta property=\"og:locale\" content=\"pl_PL\" \/>\n<meta property=\"og:type\" content=\"article\" \/>\n<meta property=\"og:title\" content=\"Elegant Houndstooth Fringe Poncho | Polska #1 Poncho Shop\" \/>\n<meta property=\"og:description\" content=\"Looking for a Elegant Houndstooth Fringe Poncho ? You&#039;ve come to the right place \ud83d\ude04 We offers a wide selection of Elegant Houndstooth Fringe Poncho, perfect for you.\" \/>\n<meta property=\"og:url\" content=\"https:\/\/ozponcho.com.au\/pl\/p\/chic-fur-trim-poncho\/\" \/>\n<meta property=\"og:site_name\" content=\"OZ Poncho\" \/>\n<meta property=\"article:modified_time\" content=\"2026-01-06T09:08:06+00:00\" \/>\n<meta property=\"og:image\" content=\"https:\/\/ozponcho.com.au\/wp-content\/uploads\/2023\/12\/O1CN01BGPOcT1QYY9cmOhSH_2505411988-0-cib.jpg\" \/>\n\t<meta property=\"og:image:width\" content=\"800\" \/>\n\t<meta property=\"og:image:height\" content=\"800\" \/>\n\t<meta property=\"og:image:type\" content=\"image\/jpeg\" \/>\n<meta name=\"twitter:card\" content=\"summary_large_image\" \/>\n<meta name=\"twitter:label1\" content=\"Szacowany czas czytania\" \/>\n\t<meta name=\"twitter:data1\" content=\"1 minuta\" \/>\n<script type=\"application\/ld+json\" class=\"yoast-schema-graph\">{\"@context\":\"https:\/\/schema.org\",\"@graph\":[{\"@type\":\"WebPage\",\"@id\":\"https:\/\/ozponcho.com.au\/p\/chic-fur-trim-poncho\/\",\"url\":\"https:\/\/ozponcho.com.au\/p\/chic-fur-trim-poncho\/\",\"name\":\"Elegant Houndstooth Fringe Poncho | Polska #1 Poncho Shop\",\"isPartOf\":{\"@id\":\"https:\/\/ozponcho.com.au\/#website\"},\"primaryImageOfPage\":{\"@id\":\"https:\/\/ozponcho.com.au\/p\/chic-fur-trim-poncho\/#primaryimage\"},\"image\":{\"@id\":\"https:\/\/ozponcho.com.au\/p\/chic-fur-trim-poncho\/#primaryimage\"},\"thumbnailUrl\":\"https:\/\/ozponcho.com.au\/wp-content\/uploads\/2023\/12\/O1CN01BGPOcT1QYY9cmOhSH_2505411988-0-cib.jpg\",\"datePublished\":\"2023-12-13T07:37:05+00:00\",\"dateModified\":\"2026-01-06T09:08:06+00:00\",\"description\":\"Looking for a Elegant Houndstooth Fringe Poncho ? You've come to the right place \ud83d\ude04 We offers a wide selection of Elegant Houndstooth Fringe Poncho, perfect for you.\",\"breadcrumb\":{\"@id\":\"https:\/\/ozponcho.com.au\/p\/chic-fur-trim-poncho\/#breadcrumb\"},\"inLanguage\":\"pl-PL\",\"potentialAction\":[{\"@type\":\"ReadAction\",\"target\":[\"https:\/\/ozponcho.com.au\/p\/chic-fur-trim-poncho\/\"]}]},{\"@type\":\"ImageObject\",\"inLanguage\":\"pl-PL\",\"@id\":\"https:\/\/ozponcho.com.au\/p\/chic-fur-trim-poncho\/#primaryimage\",\"url\":\"https:\/\/ozponcho.com.au\/wp-content\/uploads\/2023\/12\/O1CN01BGPOcT1QYY9cmOhSH_2505411988-0-cib.jpg\",\"contentUrl\":\"https:\/\/ozponcho.com.au\/wp-content\/uploads\/2023\/12\/O1CN01BGPOcT1QYY9cmOhSH_2505411988-0-cib.jpg\",\"width\":800,\"height\":800,\"caption\":\"Elegant Houndstooth Fringe Poncho\"},{\"@type\":\"BreadcrumbList\",\"@id\":\"https:\/\/ozponcho.com.au\/p\/chic-fur-trim-poncho\/#breadcrumb\",\"itemListElement\":[{\"@type\":\"ListItem\",\"position\":1,\"name\":\"Home\",\"item\":\"https:\/\/ozponcho.com.au\/\"},{\"@type\":\"ListItem\",\"position\":2,\"name\":\"Shop\",\"item\":\"https:\/\/ozponcho.com.au\/shop\/\"},{\"@type\":\"ListItem\",\"position\":3,\"name\":\"Elegant Houndstooth Fringe Poncho\"}]},{\"@type\":\"WebSite\",\"@id\":\"https:\/\/ozponcho.com.au\/#website\",\"url\":\"https:\/\/ozponcho.com.au\/\",\"name\":\"OZ Poncho\",\"description\":\"\",\"potentialAction\":[{\"@type\":\"SearchAction\",\"target\":{\"@type\":\"EntryPoint\",\"urlTemplate\":\"https:\/\/ozponcho.com.au\/?s={search_term_string}\"},\"query-input\":{\"@type\":\"PropertyValueSpecification\",\"valueRequired\":true,\"valueName\":\"search_term_string\"}}],\"inLanguage\":\"pl-PL\"}]}<\/script>\n<!-- \/ Yoast SEO plugin. -->","yoast_head_json":{"title":"Elegant Houndstooth Fringe Poncho | Polska #1 Poncho Shop","description":"Looking for a Elegant Houndstooth Fringe Poncho ? You've come to the right place \ud83d\ude04 We offers a wide selection of Elegant Houndstooth Fringe Poncho, perfect for you.","robots":{"index":"index","follow":"follow","max-snippet":"max-snippet:-1","max-image-preview":"max-image-preview:large","max-video-preview":"max-video-preview:-1"},"canonical":"https:\/\/ozponcho.com.au\/pl\/p\/chic-fur-trim-poncho\/","og_locale":"pl_PL","og_type":"article","og_title":"Elegant Houndstooth Fringe Poncho | Polska #1 Poncho Shop","og_description":"Looking for a Elegant Houndstooth Fringe Poncho ? You've come to the right place \ud83d\ude04 We offers a wide selection of Elegant Houndstooth Fringe Poncho, perfect for you.","og_url":"https:\/\/ozponcho.com.au\/pl\/p\/chic-fur-trim-poncho\/","og_site_name":"OZ Poncho","article_modified_time":"2026-01-06T09:08:06+00:00","og_image":[{"width":800,"height":800,"url":"https:\/\/ozponcho.com.au\/wp-content\/uploads\/2023\/12\/O1CN01BGPOcT1QYY9cmOhSH_2505411988-0-cib.jpg","type":"image\/jpeg"}],"twitter_card":"summary_large_image","twitter_misc":{"Szacowany czas czytania":"1 minuta"},"schema":{"@context":"https:\/\/schema.org","@graph":[{"@type":"WebPage","@id":"https:\/\/ozponcho.com.au\/p\/chic-fur-trim-poncho\/","url":"https:\/\/ozponcho.com.au\/p\/chic-fur-trim-poncho\/","name":"Elegant Houndstooth Fringe Poncho | Polska #1 Poncho Shop","isPartOf":{"@id":"https:\/\/ozponcho.com.au\/#website"},"primaryImageOfPage":{"@id":"https:\/\/ozponcho.com.au\/p\/chic-fur-trim-poncho\/#primaryimage"},"image":{"@id":"https:\/\/ozponcho.com.au\/p\/chic-fur-trim-poncho\/#primaryimage"},"thumbnailUrl":"https:\/\/ozponcho.com.au\/wp-content\/uploads\/2023\/12\/O1CN01BGPOcT1QYY9cmOhSH_2505411988-0-cib.jpg","datePublished":"2023-12-13T07:37:05+00:00","dateModified":"2026-01-06T09:08:06+00:00","description":"Looking for a Elegant Houndstooth Fringe Poncho ? You've come to the right place \ud83d\ude04 We offers a wide selection of Elegant Houndstooth Fringe Poncho, perfect for you.","breadcrumb":{"@id":"https:\/\/ozponcho.com.au\/p\/chic-fur-trim-poncho\/#breadcrumb"},"inLanguage":"pl-PL","potentialAction":[{"@type":"ReadAction","target":["https:\/\/ozponcho.com.au\/p\/chic-fur-trim-poncho\/"]}]},{"@type":"ImageObject","inLanguage":"pl-PL","@id":"https:\/\/ozponcho.com.au\/p\/chic-fur-trim-poncho\/#primaryimage","url":"https:\/\/ozponcho.com.au\/wp-content\/uploads\/2023\/12\/O1CN01BGPOcT1QYY9cmOhSH_2505411988-0-cib.jpg","contentUrl":"https:\/\/ozponcho.com.au\/wp-content\/uploads\/2023\/12\/O1CN01BGPOcT1QYY9cmOhSH_2505411988-0-cib.jpg","width":800,"height":800,"caption":"Elegant Houndstooth Fringe Poncho"},{"@type":"BreadcrumbList","@id":"https:\/\/ozponcho.com.au\/p\/chic-fur-trim-poncho\/#breadcrumb","itemListElement":[{"@type":"ListItem","position":1,"name":"Home","item":"https:\/\/ozponcho.com.au\/"},{"@type":"ListItem","position":2,"name":"Shop","item":"https:\/\/ozponcho.com.au\/shop\/"},{"@type":"ListItem","position":3,"name":"Elegant Houndstooth Fringe Poncho"}]},{"@type":"WebSite","@id":"https:\/\/ozponcho.com.au\/#website","url":"https:\/\/ozponcho.com.au\/","name":"Poncho OZ","description":"","potentialAction":[{"@type":"SearchAction","target":{"@type":"EntryPoint","urlTemplate":"https:\/\/ozponcho.com.au\/?s={search_term_string}"},"query-input":{"@type":"PropertyValueSpecification","valueRequired":true,"valueName":"search_term_string"}}],"inLanguage":"pl-PL"}]}},"_links":{"self":[{"href":"https:\/\/ozponcho.com.au\/pl\/wp-json\/wp\/v2\/product\/12819","targetHints":{"allow":["GET"]}}],"collection":[{"href":"https:\/\/ozponcho.com.au\/pl\/wp-json\/wp\/v2\/product"}],"about":[{"href":"https:\/\/ozponcho.com.au\/pl\/wp-json\/wp\/v2\/types\/product"}],"wp:featuredmedia":[{"embeddable":true,"href":"https:\/\/ozponcho.com.au\/pl\/wp-json\/wp\/v2\/media\/12792"}],"wp:attachment":[{"href":"https:\/\/ozponcho.com.au\/pl\/wp-json\/wp\/v2\/media?parent=12819"}],"wp:term":[{"taxonomy":"product_brand","embeddable":true,"href":"https:\/\/ozponcho.com.au\/pl\/wp-json\/wp\/v2\/product_brand?post=12819"},{"taxonomy":"product_cat","embeddable":true,"href":"https:\/\/ozponcho.com.au\/pl\/wp-json\/wp\/v2\/product_cat?post=12819"},{"taxonomy":"product_tag","embeddable":true,"href":"https:\/\/ozponcho.com.au\/pl\/wp-json\/wp\/v2\/product_tag?post=12819"}],"curies":[{"name":"wp","href":"https:\/\/api.w.org\/{rel}","templated":true}]}}