{"id":12763,"date":"2023-12-13T18:36:43","date_gmt":"2023-12-13T07:36:43","guid":{"rendered":"https:\/\/ozponcho.com.au\/p\/women-autumn-winter-fur-collar-cape-shawl-women-loose-knitted-cardigan-oversized-woolen-coat\/"},"modified":"2025-05-30T15:15:21","modified_gmt":"2025-05-30T04:15:21","slug":"elegant-grey-women-wrap-poncho","status":"publish","type":"product","link":"https:\/\/ozponcho.com.au\/pl\/p\/elegant-grey-women-wrap-poncho\/","title":{"rendered":"Szykowne we\u0142niane ponczo z futrzanym ko\u0142nierzem"},"content":{"rendered":"<p>Step into the cooler seasons with style and warmth in our luxurious poncho. Perfect for women who cherish elegance and comfort, this poncho features a sumptuous faux fur collar that adds a touch of sophistication to any autumn or winter ensemble. The loose, draping silhouette and long dolman sleeves provide ample movement and a cozy, relaxed fit. Crafted from soft, wool-like polyester, this poncho is a versatile addition to your wardrobe, ensuring you stay chic and snug during the crisper days.<\/p>\n<div>Styl: Casual<\/div>\n<div>Dopasowanie: Lu\u017any<\/div>\n<div>Materia\u0142: Poliester<\/div>\n<div>Wz\u00f3r: Jednolity<\/div>\n<div>Element: Nie<\/div>\n<div>G\u00f3rna d\u0142ugo\u015b\u0107: Regularna<\/div>\n<div>Rodzaj r\u0119kawa: R\u0119kaw Dolman<\/div>\n<div>D\u0142ugo\u015b\u0107 r\u0119kawa: D\u0142ugi r\u0119kaw<\/div>\n<div>Typ zamkni\u0119cia: Inne<\/div>\n<div>G\u0142\u00f3wny sk\u0142ad: Poliester<\/div>\n<div>Sezon: Wiosna\/Jesie\u0144<\/div>\n<p><img decoding=\"async\" src=\"https:\/\/ozponcho.com.au\/wp-content\/uploads\/2024\/03\/1171835537611292672.jpg\" \/><img decoding=\"async\" src=\"https:\/\/ozponcho.com.au\/wp-content\/uploads\/2024\/03\/O1CN01xDFwM21wQMtbqfzBh_2455536302-0-cib.jpg\" \/><img decoding=\"async\" src=\"https:\/\/ozponcho.com.au\/wp-content\/uploads\/2024\/03\/O1CN01qeIbs61wQMtcPfdlk_2455536302-0-cib.jpg\" \/><img decoding=\"async\" src=\"https:\/\/ozponcho.com.au\/wp-content\/uploads\/2024\/03\/O1CN01fusg0X1wQMtiWMVsQ_2455536302-0-cib.jpg\" \/><img decoding=\"async\" src=\"https:\/\/ozponcho.com.au\/wp-content\/uploads\/2024\/03\/O1CN01kRRAnc1wQMtkWTKoc_2455536302-0-cib.jpg\" \/><img decoding=\"async\" src=\"https:\/\/ozponcho.com.au\/wp-content\/uploads\/2024\/03\/O1CN01j87oRP1wQMtiWLm8p_2455536302-0-cib.jpg\" \/><img decoding=\"async\" src=\"https:\/\/ozponcho.com.au\/wp-content\/uploads\/2024\/03\/O1CN015sWhgT1wQMtgY5xFa_2455536302-0-cib.jpg\" \/><img decoding=\"async\" src=\"https:\/\/ozponcho.com.au\/wp-content\/uploads\/2024\/03\/O1CN01ZP9SZN1wQMtjjYwGV_2455536302-0-cib.jpg\" \/><img decoding=\"async\" src=\"https:\/\/ozponcho.com.au\/wp-content\/uploads\/2024\/03\/O1CN01ClOcdH1wQMtbqjc1f_2455536302-0-cib.jpg\" \/><img decoding=\"async\" src=\"https:\/\/ozponcho.com.au\/wp-content\/uploads\/2024\/03\/O1CN01EyGYMo1wQMteO0LiF_2455536302-0-cib.jpg\" \/><img decoding=\"async\" src=\"https:\/\/ozponcho.com.au\/wp-content\/uploads\/2024\/03\/O1CN01eBiVdX1wQMtitVW61_2455536302-0-cib.jpg\" \/><img decoding=\"async\" src=\"https:\/\/ozponcho.com.au\/wp-content\/uploads\/2024\/03\/O1CN01hrZMgt1wQMtW3vl23_2455536302-0-cib.jpg\" \/><img decoding=\"async\" src=\"https:\/\/ozponcho.com.au\/wp-content\/uploads\/2024\/03\/O1CN01v54Ff81wQMtfQMhKb_2455536302-0-cib.jpg\" \/><img decoding=\"async\" src=\"https:\/\/ozponcho.com.au\/wp-content\/uploads\/2024\/03\/O1CN01tPS4Ah1wQMtiWLm5w_2455536302-0-cib.jpg\" \/><img decoding=\"async\" src=\"https:\/\/ozponcho.com.au\/wp-content\/uploads\/2024\/03\/O1CN01kgEW6V1wQMtfRad4r_2455536302-0-cib.jpg\" \/><img decoding=\"async\" src=\"https:\/\/ozponcho.com.au\/wp-content\/uploads\/2024\/03\/O1CN01LSQI8a1wQMtcPYK8a_2455536302-0-cib.jpg\" \/><img decoding=\"async\" src=\"https:\/\/ozponcho.com.au\/wp-content\/uploads\/2024\/03\/O1CN01PgAb8M1wQMth8bGF9_2455536302-0-cib.jpg\" \/><img decoding=\"async\" src=\"https:\/\/ozponcho.com.au\/wp-content\/uploads\/2024\/03\/O1CN01A9ppEy1wQMtkWLHAZ_2455536302-0-cib.jpg\" \/><img decoding=\"async\" src=\"https:\/\/ozponcho.com.au\/wp-content\/uploads\/2024\/03\/O1CN01NN8Ypo1wQMtiWR98w_2455536302-0-cib.jpg\" \/><img decoding=\"async\" src=\"https:\/\/ozponcho.com.au\/wp-content\/uploads\/2024\/03\/O1CN01aWdJGc1wQMtjjZ0Kj_2455536302-0-cib.jpg\" \/><img decoding=\"async\" src=\"https:\/\/ozponcho.com.au\/wp-content\/uploads\/2024\/03\/O1CN01tskED81wQMtfQXInq_2455536302-0-cib.jpg\" \/><img decoding=\"async\" src=\"https:\/\/ozponcho.com.au\/wp-content\/uploads\/2024\/03\/O1CN01BxW6NP1wQMtitdIoa_2455536302-0-cib.jpg\" \/><\/p>","protected":false},"excerpt":{"rendered":"<p>Step into the cooler seasons with style and warmth in our luxurious poncho. Perfect for women who cherish elegance and comfort, this poncho features a sumptuous faux fur collar that adds a touch of sophistication to any autumn or winter ensemble. The loose, draping silhouette and long dolman sleeves provide ample movement and a cozy, [&#8230;]","protected":false},"featured_media":12655,"template":"","meta":[],"product_brand":[],"product_cat":[229,223,216,218,225,15,228,210,215],"product_tag":[],"class_list":{"0":"post-12763","1":"product","2":"type-product","3":"status-publish","4":"has-post-thumbnail","6":"product_cat-blanket-poncho","7":"product_cat-blue-poncho","8":"product_cat-cashmere-poncho","9":"product_cat-fur-poncho","10":"product_cat-grey-poncho","11":"product_cat-main-category","12":"product_cat-poncho-sweater","13":"product_cat-poncho-women","14":"product_cat-wool-poncho","16":"first","17":"instock","18":"shipping-taxable","19":"purchasable","20":"product-type-variable","21":"has-default-attributes"},"yoast_head":"<!-- This site is optimized with the Yoast SEO plugin v25.9 - https:\/\/yoast.com\/wordpress\/plugins\/seo\/ -->\n<title>Chic Fur-Collar Wool-Like Poncho | Polska #1 Poncho Shop<\/title>\n<meta name=\"description\" content=\"Looking for a Chic Fur-Collar Wool-Like Poncho ? You&#039;ve come to the right place \ud83d\ude04 We offers a wide selection of Chic Fur-Collar Wool-Like Poncho, perfect for you.\" \/>\n<meta name=\"robots\" content=\"index, follow, max-snippet:-1, max-image-preview:large, max-video-preview:-1\" \/>\n<link rel=\"canonical\" href=\"https:\/\/ozponcho.com.au\/pl\/p\/elegant-grey-women-wrap-poncho\/\" \/>\n<meta property=\"og:locale\" content=\"pl_PL\" \/>\n<meta property=\"og:type\" content=\"article\" \/>\n<meta property=\"og:title\" content=\"Chic Fur-Collar Wool-Like Poncho | Polska #1 Poncho Shop\" \/>\n<meta property=\"og:description\" content=\"Looking for a Chic Fur-Collar Wool-Like Poncho ? You&#039;ve come to the right place \ud83d\ude04 We offers a wide selection of Chic Fur-Collar Wool-Like Poncho, perfect for you.\" \/>\n<meta property=\"og:url\" content=\"https:\/\/ozponcho.com.au\/pl\/p\/elegant-grey-women-wrap-poncho\/\" \/>\n<meta property=\"og:site_name\" content=\"OZ Poncho\" \/>\n<meta property=\"article:modified_time\" content=\"2025-05-30T04:15:21+00:00\" \/>\n<meta property=\"og:image\" content=\"https:\/\/ozponcho.com.au\/wp-content\/uploads\/2023\/12\/O1CN01xDFwM21wQMtbqfzBh_2455536302-0-cib.jpg\" \/>\n\t<meta property=\"og:image:width\" content=\"1800\" \/>\n\t<meta property=\"og:image:height\" content=\"1800\" \/>\n\t<meta property=\"og:image:type\" content=\"image\/jpeg\" \/>\n<meta name=\"twitter:card\" content=\"summary_large_image\" \/>\n<meta name=\"twitter:label1\" content=\"Szacowany czas czytania\" \/>\n\t<meta name=\"twitter:data1\" content=\"6 minut\" \/>\n<script type=\"application\/ld+json\" class=\"yoast-schema-graph\">{\"@context\":\"https:\/\/schema.org\",\"@graph\":[{\"@type\":\"WebPage\",\"@id\":\"https:\/\/ozponcho.com.au\/p\/elegant-grey-women-wrap-poncho\/\",\"url\":\"https:\/\/ozponcho.com.au\/p\/elegant-grey-women-wrap-poncho\/\",\"name\":\"Chic Fur-Collar Wool-Like Poncho | Polska #1 Poncho Shop\",\"isPartOf\":{\"@id\":\"https:\/\/ozponcho.com.au\/#website\"},\"primaryImageOfPage\":{\"@id\":\"https:\/\/ozponcho.com.au\/p\/elegant-grey-women-wrap-poncho\/#primaryimage\"},\"image\":{\"@id\":\"https:\/\/ozponcho.com.au\/p\/elegant-grey-women-wrap-poncho\/#primaryimage\"},\"thumbnailUrl\":\"https:\/\/ozponcho.com.au\/wp-content\/uploads\/2023\/12\/O1CN01xDFwM21wQMtbqfzBh_2455536302-0-cib.jpg\",\"datePublished\":\"2023-12-13T07:36:43+00:00\",\"dateModified\":\"2025-05-30T04:15:21+00:00\",\"description\":\"Looking for a Chic Fur-Collar Wool-Like Poncho ? You've come to the right place \ud83d\ude04 We offers a wide selection of Chic Fur-Collar Wool-Like Poncho, perfect for you.\",\"breadcrumb\":{\"@id\":\"https:\/\/ozponcho.com.au\/p\/elegant-grey-women-wrap-poncho\/#breadcrumb\"},\"inLanguage\":\"pl-PL\",\"potentialAction\":[{\"@type\":\"ReadAction\",\"target\":[\"https:\/\/ozponcho.com.au\/p\/elegant-grey-women-wrap-poncho\/\"]}]},{\"@type\":\"ImageObject\",\"inLanguage\":\"pl-PL\",\"@id\":\"https:\/\/ozponcho.com.au\/p\/elegant-grey-women-wrap-poncho\/#primaryimage\",\"url\":\"https:\/\/ozponcho.com.au\/wp-content\/uploads\/2023\/12\/O1CN01xDFwM21wQMtbqfzBh_2455536302-0-cib.jpg\",\"contentUrl\":\"https:\/\/ozponcho.com.au\/wp-content\/uploads\/2023\/12\/O1CN01xDFwM21wQMtbqfzBh_2455536302-0-cib.jpg\",\"width\":1800,\"height\":1800,\"caption\":\"Chic Fur-Collar Wool-Like Poncho\"},{\"@type\":\"BreadcrumbList\",\"@id\":\"https:\/\/ozponcho.com.au\/p\/elegant-grey-women-wrap-poncho\/#breadcrumb\",\"itemListElement\":[{\"@type\":\"ListItem\",\"position\":1,\"name\":\"Home\",\"item\":\"https:\/\/ozponcho.com.au\/\"},{\"@type\":\"ListItem\",\"position\":2,\"name\":\"Shop\",\"item\":\"https:\/\/ozponcho.com.au\/shop\/\"},{\"@type\":\"ListItem\",\"position\":3,\"name\":\"Chic Fur-Collar Wool-Like Poncho\"}]},{\"@type\":\"WebSite\",\"@id\":\"https:\/\/ozponcho.com.au\/#website\",\"url\":\"https:\/\/ozponcho.com.au\/\",\"name\":\"OZ Poncho\",\"description\":\"\",\"potentialAction\":[{\"@type\":\"SearchAction\",\"target\":{\"@type\":\"EntryPoint\",\"urlTemplate\":\"https:\/\/ozponcho.com.au\/?s={search_term_string}\"},\"query-input\":{\"@type\":\"PropertyValueSpecification\",\"valueRequired\":true,\"valueName\":\"search_term_string\"}}],\"inLanguage\":\"pl-PL\"}]}<\/script>\n<!-- \/ Yoast SEO plugin. -->","yoast_head_json":{"title":"Chic Fur-Collar Wool-Like Poncho | Polska #1 Poncho Shop","description":"Looking for a Chic Fur-Collar Wool-Like Poncho ? You've come to the right place \ud83d\ude04 We offers a wide selection of Chic Fur-Collar Wool-Like Poncho, perfect for you.","robots":{"index":"index","follow":"follow","max-snippet":"max-snippet:-1","max-image-preview":"max-image-preview:large","max-video-preview":"max-video-preview:-1"},"canonical":"https:\/\/ozponcho.com.au\/pl\/p\/elegant-grey-women-wrap-poncho\/","og_locale":"pl_PL","og_type":"article","og_title":"Chic Fur-Collar Wool-Like Poncho | Polska #1 Poncho Shop","og_description":"Looking for a Chic Fur-Collar Wool-Like Poncho ? You've come to the right place \ud83d\ude04 We offers a wide selection of Chic Fur-Collar Wool-Like Poncho, perfect for you.","og_url":"https:\/\/ozponcho.com.au\/pl\/p\/elegant-grey-women-wrap-poncho\/","og_site_name":"OZ Poncho","article_modified_time":"2025-05-30T04:15:21+00:00","og_image":[{"width":1800,"height":1800,"url":"https:\/\/ozponcho.com.au\/wp-content\/uploads\/2023\/12\/O1CN01xDFwM21wQMtbqfzBh_2455536302-0-cib.jpg","type":"image\/jpeg"}],"twitter_card":"summary_large_image","twitter_misc":{"Szacowany czas czytania":"6 minut"},"schema":{"@context":"https:\/\/schema.org","@graph":[{"@type":"WebPage","@id":"https:\/\/ozponcho.com.au\/p\/elegant-grey-women-wrap-poncho\/","url":"https:\/\/ozponcho.com.au\/p\/elegant-grey-women-wrap-poncho\/","name":"Chic Fur-Collar Wool-Like Poncho | Polska #1 Poncho Shop","isPartOf":{"@id":"https:\/\/ozponcho.com.au\/#website"},"primaryImageOfPage":{"@id":"https:\/\/ozponcho.com.au\/p\/elegant-grey-women-wrap-poncho\/#primaryimage"},"image":{"@id":"https:\/\/ozponcho.com.au\/p\/elegant-grey-women-wrap-poncho\/#primaryimage"},"thumbnailUrl":"https:\/\/ozponcho.com.au\/wp-content\/uploads\/2023\/12\/O1CN01xDFwM21wQMtbqfzBh_2455536302-0-cib.jpg","datePublished":"2023-12-13T07:36:43+00:00","dateModified":"2025-05-30T04:15:21+00:00","description":"Looking for a Chic Fur-Collar Wool-Like Poncho ? You've come to the right place \ud83d\ude04 We offers a wide selection of Chic Fur-Collar Wool-Like Poncho, perfect for you.","breadcrumb":{"@id":"https:\/\/ozponcho.com.au\/p\/elegant-grey-women-wrap-poncho\/#breadcrumb"},"inLanguage":"pl-PL","potentialAction":[{"@type":"ReadAction","target":["https:\/\/ozponcho.com.au\/p\/elegant-grey-women-wrap-poncho\/"]}]},{"@type":"ImageObject","inLanguage":"pl-PL","@id":"https:\/\/ozponcho.com.au\/p\/elegant-grey-women-wrap-poncho\/#primaryimage","url":"https:\/\/ozponcho.com.au\/wp-content\/uploads\/2023\/12\/O1CN01xDFwM21wQMtbqfzBh_2455536302-0-cib.jpg","contentUrl":"https:\/\/ozponcho.com.au\/wp-content\/uploads\/2023\/12\/O1CN01xDFwM21wQMtbqfzBh_2455536302-0-cib.jpg","width":1800,"height":1800,"caption":"Chic Fur-Collar Wool-Like Poncho"},{"@type":"BreadcrumbList","@id":"https:\/\/ozponcho.com.au\/p\/elegant-grey-women-wrap-poncho\/#breadcrumb","itemListElement":[{"@type":"ListItem","position":1,"name":"Home","item":"https:\/\/ozponcho.com.au\/"},{"@type":"ListItem","position":2,"name":"Shop","item":"https:\/\/ozponcho.com.au\/shop\/"},{"@type":"ListItem","position":3,"name":"Chic Fur-Collar Wool-Like Poncho"}]},{"@type":"WebSite","@id":"https:\/\/ozponcho.com.au\/#website","url":"https:\/\/ozponcho.com.au\/","name":"Poncho OZ","description":"","potentialAction":[{"@type":"SearchAction","target":{"@type":"EntryPoint","urlTemplate":"https:\/\/ozponcho.com.au\/?s={search_term_string}"},"query-input":{"@type":"PropertyValueSpecification","valueRequired":true,"valueName":"search_term_string"}}],"inLanguage":"pl-PL"}]}},"_links":{"self":[{"href":"https:\/\/ozponcho.com.au\/pl\/wp-json\/wp\/v2\/product\/12763","targetHints":{"allow":["GET"]}}],"collection":[{"href":"https:\/\/ozponcho.com.au\/pl\/wp-json\/wp\/v2\/product"}],"about":[{"href":"https:\/\/ozponcho.com.au\/pl\/wp-json\/wp\/v2\/types\/product"}],"wp:featuredmedia":[{"embeddable":true,"href":"https:\/\/ozponcho.com.au\/pl\/wp-json\/wp\/v2\/media\/12655"}],"wp:attachment":[{"href":"https:\/\/ozponcho.com.au\/pl\/wp-json\/wp\/v2\/media?parent=12763"}],"wp:term":[{"taxonomy":"product_brand","embeddable":true,"href":"https:\/\/ozponcho.com.au\/pl\/wp-json\/wp\/v2\/product_brand?post=12763"},{"taxonomy":"product_cat","embeddable":true,"href":"https:\/\/ozponcho.com.au\/pl\/wp-json\/wp\/v2\/product_cat?post=12763"},{"taxonomy":"product_tag","embeddable":true,"href":"https:\/\/ozponcho.com.au\/pl\/wp-json\/wp\/v2\/product_tag?post=12763"}],"curies":[{"name":"wp","href":"https:\/\/api.w.org\/{rel}","templated":true}]}}