{"id":12680,"date":"2023-12-13T18:36:16","date_gmt":"2023-12-13T07:36:16","guid":{"rendered":"https:\/\/ozponcho.com.au\/p\/autumn-winter-v-neck-advanced-color-matching-contrast-color-tassel-cape-shawl-cardigan\/"},"modified":"2024-04-19T19:21:32","modified_gmt":"2024-04-19T08:21:32","slug":"vibrant-zigzag-cape-shawl","status":"publish","type":"product","link":"https:\/\/ozponcho.com.au\/pl\/p\/wibrujacy-zygzakowaty-szal-z-peleryna\/","title":{"rendered":"Bohemian Poncho Cardigan z fr\u0119dzlami"},"content":{"rendered":"<p>Otul si\u0119 stylem i wygod\u0105 dzi\u0119ki naszemu kardiganowi Bohemian Tassel Poncho. Ten przyci\u0105gaj\u0105cy wzrok jesienno-zimowy dodatek jest idealny dla tych, kt\u00f3rzy lubi\u0105 si\u0119 wyr\u00f3\u017cnia\u0107 - ma hipnotyzuj\u0105cy zygzakowaty wz\u00f3r w mieszance odcieni czerwieni, b\u0142\u0119kitu, fioletu i be\u017cu. Idealnie pasuje do d\u017cins\u00f3w lub leggins\u00f3w, a jej lu\u017any kr\u00f3j i r\u0119kawy typu dolman zapewniaj\u0105 swobodn\u0105, ale szykown\u0105 sylwetk\u0119. Wykonane z mi\u0119kkiego, ciep\u0142ego akrylu, wyko\u0144czone zabawnymi fr\u0119dzlami, to ponczo jest niezb\u0119dnym dodatkiem do garderoby, kt\u00f3ry zapewni ci przytulno\u015b\u0107 i mod\u0119 podczas ch\u0142odniejszych miesi\u0119cy. Podnie\u015b sw\u00f3j str\u00f3j dzi\u0119ki temu obowi\u0105zkowemu szalowemu kardiganowi z peleryn\u0105.<\/p>\n<div>Styl: Casual<\/div>\n<div>Dopasowanie: Lu\u017any<\/div>\n<div>Materia\u0142: Jersey<\/div>\n<div>Wz\u00f3r: Blok kolor\u00f3w<\/div>","protected":false},"excerpt":{"rendered":"<p>Wrap yourself in style and comfort with our Bohemian Tassel Poncho Cardigan. This eye-catching autumn\/winter accessory is perfect for those who love to stand out \u00e2\u20ac\u201d featuring a mesmerizing zigzag pattern in a blend of red, blue, purple, and beige hues. Perfectly paired with jeans or leggings, its loose fit and dolman sleeves provide a [&#8230;]","protected":false},"featured_media":12645,"template":"","meta":[],"product_brand":[],"product_cat":[229,223,15,209,228,214,210,221],"product_tag":[],"class_list":{"0":"post-12680","1":"product","2":"type-product","3":"status-publish","4":"has-post-thumbnail","6":"product_cat-blanket-poncho","7":"product_cat-blue-poncho","8":"product_cat-main-category","9":"product_cat-mexican-poncho","10":"product_cat-poncho-sweater","11":"product_cat-knitted-crochet-poncho","12":"product_cat-poncho-women","13":"product_cat-red-poncho","15":"first","16":"outofstock","17":"shipping-taxable","18":"purchasable","19":"product-type-variable"},"yoast_head":"<!-- This site is optimized with the Yoast SEO plugin v25.9 - https:\/\/yoast.com\/wordpress\/plugins\/seo\/ -->\n<title>Bohemian Tassel Poncho Cardigan | Polska #1 Poncho Shop<\/title>\n<meta name=\"description\" content=\"Looking for a Bohemian Tassel Poncho Cardigan ? You&#039;ve come to the right place \ud83d\ude04 We offers a wide selection of Bohemian Tassel Poncho Cardigan, perfect for you.\" \/>\n<meta name=\"robots\" content=\"index, follow, max-snippet:-1, max-image-preview:large, max-video-preview:-1\" \/>\n<link rel=\"canonical\" href=\"https:\/\/ozponcho.com.au\/pl\/p\/wibrujacy-zygzakowaty-szal-z-peleryna\/\" \/>\n<meta property=\"og:locale\" content=\"pl_PL\" \/>\n<meta property=\"og:type\" content=\"article\" \/>\n<meta property=\"og:title\" content=\"Bohemian Tassel Poncho Cardigan | Polska #1 Poncho Shop\" \/>\n<meta property=\"og:description\" content=\"Looking for a Bohemian Tassel Poncho Cardigan ? You&#039;ve come to the right place \ud83d\ude04 We offers a wide selection of Bohemian Tassel Poncho Cardigan, perfect for you.\" \/>\n<meta property=\"og:url\" content=\"https:\/\/ozponcho.com.au\/pl\/p\/wibrujacy-zygzakowaty-szal-z-peleryna\/\" \/>\n<meta property=\"og:site_name\" content=\"OZ Poncho\" \/>\n<meta property=\"article:modified_time\" content=\"2024-04-19T08:21:32+00:00\" \/>\n<meta property=\"og:image\" content=\"https:\/\/ozponcho.com.au\/wp-content\/uploads\/2023\/12\/O1CN01ktUl181HIfyDoW086_2331630735-0-cib.jpg\" \/>\n\t<meta property=\"og:image:width\" content=\"1340\" \/>\n\t<meta property=\"og:image:height\" content=\"1785\" \/>\n\t<meta property=\"og:image:type\" content=\"image\/jpeg\" \/>\n<meta name=\"twitter:card\" content=\"summary_large_image\" \/>\n<meta name=\"twitter:label1\" content=\"Szacowany czas czytania\" \/>\n\t<meta name=\"twitter:data1\" content=\"1 minuta\" \/>\n<script type=\"application\/ld+json\" class=\"yoast-schema-graph\">{\"@context\":\"https:\/\/schema.org\",\"@graph\":[{\"@type\":\"WebPage\",\"@id\":\"https:\/\/ozponcho.com.au\/p\/vibrant-zigzag-cape-shawl\/\",\"url\":\"https:\/\/ozponcho.com.au\/p\/vibrant-zigzag-cape-shawl\/\",\"name\":\"Bohemian Tassel Poncho Cardigan | Polska #1 Poncho Shop\",\"isPartOf\":{\"@id\":\"https:\/\/ozponcho.com.au\/#website\"},\"primaryImageOfPage\":{\"@id\":\"https:\/\/ozponcho.com.au\/p\/vibrant-zigzag-cape-shawl\/#primaryimage\"},\"image\":{\"@id\":\"https:\/\/ozponcho.com.au\/p\/vibrant-zigzag-cape-shawl\/#primaryimage\"},\"thumbnailUrl\":\"https:\/\/ozponcho.com.au\/wp-content\/uploads\/2023\/12\/O1CN01ktUl181HIfyDoW086_2331630735-0-cib.jpg\",\"datePublished\":\"2023-12-13T07:36:16+00:00\",\"dateModified\":\"2024-04-19T08:21:32+00:00\",\"description\":\"Looking for a Bohemian Tassel Poncho Cardigan ? You've come to the right place \ud83d\ude04 We offers a wide selection of Bohemian Tassel Poncho Cardigan, perfect for you.\",\"breadcrumb\":{\"@id\":\"https:\/\/ozponcho.com.au\/p\/vibrant-zigzag-cape-shawl\/#breadcrumb\"},\"inLanguage\":\"pl-PL\",\"potentialAction\":[{\"@type\":\"ReadAction\",\"target\":[\"https:\/\/ozponcho.com.au\/p\/vibrant-zigzag-cape-shawl\/\"]}]},{\"@type\":\"ImageObject\",\"inLanguage\":\"pl-PL\",\"@id\":\"https:\/\/ozponcho.com.au\/p\/vibrant-zigzag-cape-shawl\/#primaryimage\",\"url\":\"https:\/\/ozponcho.com.au\/wp-content\/uploads\/2023\/12\/O1CN01ktUl181HIfyDoW086_2331630735-0-cib.jpg\",\"contentUrl\":\"https:\/\/ozponcho.com.au\/wp-content\/uploads\/2023\/12\/O1CN01ktUl181HIfyDoW086_2331630735-0-cib.jpg\",\"width\":1340,\"height\":1785,\"caption\":\"Bohemian Tassel Poncho Cardigan\"},{\"@type\":\"BreadcrumbList\",\"@id\":\"https:\/\/ozponcho.com.au\/p\/vibrant-zigzag-cape-shawl\/#breadcrumb\",\"itemListElement\":[{\"@type\":\"ListItem\",\"position\":1,\"name\":\"Home\",\"item\":\"https:\/\/ozponcho.com.au\/\"},{\"@type\":\"ListItem\",\"position\":2,\"name\":\"Shop\",\"item\":\"https:\/\/ozponcho.com.au\/shop\/\"},{\"@type\":\"ListItem\",\"position\":3,\"name\":\"Bohemian Tassel Poncho Cardigan\"}]},{\"@type\":\"WebSite\",\"@id\":\"https:\/\/ozponcho.com.au\/#website\",\"url\":\"https:\/\/ozponcho.com.au\/\",\"name\":\"OZ Poncho\",\"description\":\"\",\"potentialAction\":[{\"@type\":\"SearchAction\",\"target\":{\"@type\":\"EntryPoint\",\"urlTemplate\":\"https:\/\/ozponcho.com.au\/?s={search_term_string}\"},\"query-input\":{\"@type\":\"PropertyValueSpecification\",\"valueRequired\":true,\"valueName\":\"search_term_string\"}}],\"inLanguage\":\"pl-PL\"}]}<\/script>\n<!-- \/ Yoast SEO plugin. -->","yoast_head_json":{"title":"Bohemian Tassel Poncho Cardigan | Polska #1 Poncho Shop","description":"Szukasz Bohemian Tassel Poncho Cardigan? Jeste\u015b we w\u0142a\u015bciwym miejscu \ud83d\ude04 Oferujemy szeroki wyb\u00f3r Bohemian Tassel Poncho Cardigan, idealnych dla Ciebie.","robots":{"index":"index","follow":"follow","max-snippet":"max-snippet:-1","max-image-preview":"max-image-preview:large","max-video-preview":"max-video-preview:-1"},"canonical":"https:\/\/ozponcho.com.au\/pl\/p\/wibrujacy-zygzakowaty-szal-z-peleryna\/","og_locale":"pl_PL","og_type":"article","og_title":"Bohemian Tassel Poncho Cardigan | Polska #1 Poncho Shop","og_description":"Looking for a Bohemian Tassel Poncho Cardigan ? You've come to the right place \ud83d\ude04 We offers a wide selection of Bohemian Tassel Poncho Cardigan, perfect for you.","og_url":"https:\/\/ozponcho.com.au\/pl\/p\/wibrujacy-zygzakowaty-szal-z-peleryna\/","og_site_name":"OZ Poncho","article_modified_time":"2024-04-19T08:21:32+00:00","og_image":[{"width":1340,"height":1785,"url":"https:\/\/ozponcho.com.au\/wp-content\/uploads\/2023\/12\/O1CN01ktUl181HIfyDoW086_2331630735-0-cib.jpg","type":"image\/jpeg"}],"twitter_card":"summary_large_image","twitter_misc":{"Szacowany czas czytania":"1 minuta"},"schema":{"@context":"https:\/\/schema.org","@graph":[{"@type":"WebPage","@id":"https:\/\/ozponcho.com.au\/p\/vibrant-zigzag-cape-shawl\/","url":"https:\/\/ozponcho.com.au\/p\/vibrant-zigzag-cape-shawl\/","name":"Bohemian Tassel Poncho Cardigan | Polska #1 Poncho Shop","isPartOf":{"@id":"https:\/\/ozponcho.com.au\/#website"},"primaryImageOfPage":{"@id":"https:\/\/ozponcho.com.au\/p\/vibrant-zigzag-cape-shawl\/#primaryimage"},"image":{"@id":"https:\/\/ozponcho.com.au\/p\/vibrant-zigzag-cape-shawl\/#primaryimage"},"thumbnailUrl":"https:\/\/ozponcho.com.au\/wp-content\/uploads\/2023\/12\/O1CN01ktUl181HIfyDoW086_2331630735-0-cib.jpg","datePublished":"2023-12-13T07:36:16+00:00","dateModified":"2024-04-19T08:21:32+00:00","description":"Szukasz Bohemian Tassel Poncho Cardigan? Jeste\u015b we w\u0142a\u015bciwym miejscu \ud83d\ude04 Oferujemy szeroki wyb\u00f3r Bohemian Tassel Poncho Cardigan, idealnych dla Ciebie.","breadcrumb":{"@id":"https:\/\/ozponcho.com.au\/p\/vibrant-zigzag-cape-shawl\/#breadcrumb"},"inLanguage":"pl-PL","potentialAction":[{"@type":"ReadAction","target":["https:\/\/ozponcho.com.au\/p\/vibrant-zigzag-cape-shawl\/"]}]},{"@type":"ImageObject","inLanguage":"pl-PL","@id":"https:\/\/ozponcho.com.au\/p\/vibrant-zigzag-cape-shawl\/#primaryimage","url":"https:\/\/ozponcho.com.au\/wp-content\/uploads\/2023\/12\/O1CN01ktUl181HIfyDoW086_2331630735-0-cib.jpg","contentUrl":"https:\/\/ozponcho.com.au\/wp-content\/uploads\/2023\/12\/O1CN01ktUl181HIfyDoW086_2331630735-0-cib.jpg","width":1340,"height":1785,"caption":"Bohemian Tassel Poncho Cardigan"},{"@type":"BreadcrumbList","@id":"https:\/\/ozponcho.com.au\/p\/vibrant-zigzag-cape-shawl\/#breadcrumb","itemListElement":[{"@type":"ListItem","position":1,"name":"Home","item":"https:\/\/ozponcho.com.au\/"},{"@type":"ListItem","position":2,"name":"Shop","item":"https:\/\/ozponcho.com.au\/shop\/"},{"@type":"ListItem","position":3,"name":"Bohemian Tassel Poncho Cardigan"}]},{"@type":"WebSite","@id":"https:\/\/ozponcho.com.au\/#website","url":"https:\/\/ozponcho.com.au\/","name":"Poncho OZ","description":"","potentialAction":[{"@type":"SearchAction","target":{"@type":"EntryPoint","urlTemplate":"https:\/\/ozponcho.com.au\/?s={search_term_string}"},"query-input":{"@type":"PropertyValueSpecification","valueRequired":true,"valueName":"search_term_string"}}],"inLanguage":"pl-PL"}]}},"_links":{"self":[{"href":"https:\/\/ozponcho.com.au\/pl\/wp-json\/wp\/v2\/product\/12680","targetHints":{"allow":["GET"]}}],"collection":[{"href":"https:\/\/ozponcho.com.au\/pl\/wp-json\/wp\/v2\/product"}],"about":[{"href":"https:\/\/ozponcho.com.au\/pl\/wp-json\/wp\/v2\/types\/product"}],"wp:featuredmedia":[{"embeddable":true,"href":"https:\/\/ozponcho.com.au\/pl\/wp-json\/wp\/v2\/media\/12645"}],"wp:attachment":[{"href":"https:\/\/ozponcho.com.au\/pl\/wp-json\/wp\/v2\/media?parent=12680"}],"wp:term":[{"taxonomy":"product_brand","embeddable":true,"href":"https:\/\/ozponcho.com.au\/pl\/wp-json\/wp\/v2\/product_brand?post=12680"},{"taxonomy":"product_cat","embeddable":true,"href":"https:\/\/ozponcho.com.au\/pl\/wp-json\/wp\/v2\/product_cat?post=12680"},{"taxonomy":"product_tag","embeddable":true,"href":"https:\/\/ozponcho.com.au\/pl\/wp-json\/wp\/v2\/product_tag?post=12680"}],"curies":[{"name":"wp","href":"https:\/\/api.w.org\/{rel}","templated":true}]}}