{"id":12397,"date":"2023-12-13T18:35:17","date_gmt":"2023-12-13T07:35:17","guid":{"rendered":"https:\/\/ozponcho.com.au\/p\/plaid-jacquard-cape-women-mid-length-turtleneck-batwing-sleeve-loose-autumn-winter-women-clothing-sweater\/"},"modified":"2024-09-24T12:41:27","modified_gmt":"2024-09-24T01:41:27","slug":"chic-turtleneck-checkered-cape","status":"publish","type":"product","link":"https:\/\/ozponcho.com.au\/pl\/p\/szykowna-peleryna-z-golfem-w-krate\/","title":{"rendered":"Eleganckie ponczo w krat\u0119 \u015bredniej d\u0142ugo\u015bci"},"content":{"rendered":"<p>Otul si\u0119 elegancj\u0105 i ciep\u0142em dzi\u0119ki temu poncho w krat\u0119 o \u015bredniej d\u0142ugo\u015bci, kt\u00f3re jest idealnym dodatkiem do jesiennej i zimowej garderoby. Dekolt z golfem emanuje wyrafinowaniem, a nietoperzowe r\u0119kawy oferuj\u0105 nowoczesny, lu\u017any kr\u00f3j, zapewniaj\u0105c komfort przez ca\u0142y dzie\u0144. Klasyczny wz\u00f3r w czarno-bia\u0142\u0105 krat\u0119, podkre\u015blony nut\u0105 musztardowej \u017c\u00f3\u0142ci, tworzy ponadczasowy wygl\u0105d, kt\u00f3ry bez wysi\u0142ku \u0142\u0105czy si\u0119 z ka\u017cdym strojem. Wykonane z mi\u0119kkiego, d\u017cersejowego materia\u0142u akrylowego, to ponczo zapewnia zar\u00f3wno styl, jak i przytulno\u015b\u0107 w ch\u0142odniejsze miesi\u0105ce.<\/p>\n<div>Styl: Elegancki<\/div>\n<div>Dopasowanie: Lu\u017any<\/div>\n<div>Materia\u0142: Jersey<\/div>\n<div>Wz\u00f3r: Kratka<\/div>\n<div>Element: Nie<\/div>\n<div>G\u00f3rna d\u0142ugo\u015b\u0107: D\u0142ugi<\/div>\n<div>Dekolt: \u017b\u00f3\u0142w\/Wysoki dekolt<\/div>\n<div>Rodzaj r\u0119kawa: R\u0119kaw Dolman<\/div>\n<div>D\u0142ugo\u015b\u0107 r\u0119kawa: D\u0142ugi r\u0119kaw<\/div>\n<div>G\u0142\u00f3wny sk\u0142ad: Akryl<\/div>\n<div>Sezon: Jesie\u0144\/Zima<\/div>\n<p><img decoding=\"async\" src=\"https:\/\/ozponcho.com.au\/wp-content\/uploads\/2024\/03\/1020442373672402944.png\" \/><img decoding=\"async\" src=\"https:\/\/ozponcho.com.au\/wp-content\/uploads\/2024\/03\/O1CN01eLuwG91k48AGaIj8Q_2212546284629-0-cib.jpg\" \/><img decoding=\"async\" src=\"https:\/\/ozponcho.com.au\/wp-content\/uploads\/2024\/03\/O1CN01EfLcu11k48AQL99ZI_2212546284629-0-cib.jpg\" \/><img decoding=\"async\" src=\"https:\/\/ozponcho.com.au\/wp-content\/uploads\/2024\/03\/O1CN015OsgmC1k48AInuyY1_2212546284629-0-cib.jpg\" \/><img decoding=\"async\" src=\"https:\/\/ozponcho.com.au\/wp-content\/uploads\/2024\/03\/O1CN01DgS2II1k48AI2msci_2212546284629-0-cib.jpg\" \/><img decoding=\"async\" src=\"https:\/\/ozponcho.com.au\/wp-content\/uploads\/2024\/03\/O1CN01BQl3JU1k48AMpSulZ_2212546284629-0-cib.jpg\" \/><img decoding=\"async\" src=\"https:\/\/ozponcho.com.au\/wp-content\/uploads\/2024\/03\/O1CN01T4nVEk1k48ARRlvsi_2212546284629-0-cib.jpg\" \/><img decoding=\"async\" src=\"https:\/\/ozponcho.com.au\/wp-content\/uploads\/2024\/03\/O1CN01J583x71k48AI2kfIy_2212546284629-0-cib.jpg\" \/><\/p>","protected":false},"excerpt":{"rendered":"<p>Wrap yourself in elegance and warmth with this mid-length plaid poncho, a perfect addition to your autumn and winter wardrobe. The turtleneck design exudes sophistication, while the batwing sleeves offer a modern, loose fit, ensuring comfort all day long. The classic black and white check pattern, highlighted with a hint of mustard yellow, creates a [&#8230;]","protected":false},"featured_media":12331,"template":"","meta":[],"product_brand":[],"product_cat":[219,229,15,230,228,210,224],"product_tag":[],"class_list":{"0":"post-12397","1":"product","2":"type-product","3":"status-publish","4":"has-post-thumbnail","6":"product_cat-black-poncho","7":"product_cat-blanket-poncho","8":"product_cat-main-category","9":"product_cat-poncho-dress","10":"product_cat-poncho-sweater","11":"product_cat-poncho-women","12":"product_cat-yellow-poncho","14":"first","15":"instock","16":"shipping-taxable","17":"purchasable","18":"product-type-variable"},"yoast_head":"<!-- This site is optimized with the Yoast SEO plugin v25.9 - https:\/\/yoast.com\/wordpress\/plugins\/seo\/ -->\n<title>Elegant Mid-Length Plaid Poncho | Polska #1 Poncho Shop<\/title>\n<meta name=\"description\" content=\"Looking for a Elegant Mid-Length Plaid Poncho ? You&#039;ve come to the right place \ud83d\ude04 We offers a wide selection of Elegant Mid-Length Plaid Poncho, perfect for you.\" \/>\n<meta name=\"robots\" content=\"index, follow, max-snippet:-1, max-image-preview:large, max-video-preview:-1\" \/>\n<link rel=\"canonical\" href=\"https:\/\/ozponcho.com.au\/pl\/p\/szykowna-peleryna-z-golfem-w-krate\/\" \/>\n<meta property=\"og:locale\" content=\"pl_PL\" \/>\n<meta property=\"og:type\" content=\"article\" \/>\n<meta property=\"og:title\" content=\"Elegant Mid-Length Plaid Poncho | Polska #1 Poncho Shop\" \/>\n<meta property=\"og:description\" content=\"Looking for a Elegant Mid-Length Plaid Poncho ? You&#039;ve come to the right place \ud83d\ude04 We offers a wide selection of Elegant Mid-Length Plaid Poncho, perfect for you.\" \/>\n<meta property=\"og:url\" content=\"https:\/\/ozponcho.com.au\/pl\/p\/szykowna-peleryna-z-golfem-w-krate\/\" \/>\n<meta property=\"og:site_name\" content=\"OZ Poncho\" \/>\n<meta property=\"article:modified_time\" content=\"2024-09-24T01:41:27+00:00\" \/>\n<meta property=\"og:image\" content=\"https:\/\/ozponcho.com.au\/wp-content\/uploads\/2023\/12\/O1CN01xPajuy1k48AInuEoo_2212546284629-0-cib.jpg\" \/>\n\t<meta property=\"og:image:width\" content=\"1920\" \/>\n\t<meta property=\"og:image:height\" content=\"1920\" \/>\n\t<meta property=\"og:image:type\" content=\"image\/jpeg\" \/>\n<meta name=\"twitter:card\" content=\"summary_large_image\" \/>\n<meta name=\"twitter:label1\" content=\"Szacowany czas czytania\" \/>\n\t<meta name=\"twitter:data1\" content=\"1 minuta\" \/>\n<script type=\"application\/ld+json\" class=\"yoast-schema-graph\">{\"@context\":\"https:\/\/schema.org\",\"@graph\":[{\"@type\":\"WebPage\",\"@id\":\"https:\/\/ozponcho.com.au\/p\/chic-turtleneck-checkered-cape\/\",\"url\":\"https:\/\/ozponcho.com.au\/p\/chic-turtleneck-checkered-cape\/\",\"name\":\"Elegant Mid-Length Plaid Poncho | Polska #1 Poncho Shop\",\"isPartOf\":{\"@id\":\"https:\/\/ozponcho.com.au\/#website\"},\"primaryImageOfPage\":{\"@id\":\"https:\/\/ozponcho.com.au\/p\/chic-turtleneck-checkered-cape\/#primaryimage\"},\"image\":{\"@id\":\"https:\/\/ozponcho.com.au\/p\/chic-turtleneck-checkered-cape\/#primaryimage\"},\"thumbnailUrl\":\"https:\/\/ozponcho.com.au\/wp-content\/uploads\/2023\/12\/O1CN01xPajuy1k48AInuEoo_2212546284629-0-cib.jpg\",\"datePublished\":\"2023-12-13T07:35:17+00:00\",\"dateModified\":\"2024-09-24T01:41:27+00:00\",\"description\":\"Looking for a Elegant Mid-Length Plaid Poncho ? You've come to the right place \ud83d\ude04 We offers a wide selection of Elegant Mid-Length Plaid Poncho, perfect for you.\",\"breadcrumb\":{\"@id\":\"https:\/\/ozponcho.com.au\/p\/chic-turtleneck-checkered-cape\/#breadcrumb\"},\"inLanguage\":\"pl-PL\",\"potentialAction\":[{\"@type\":\"ReadAction\",\"target\":[\"https:\/\/ozponcho.com.au\/p\/chic-turtleneck-checkered-cape\/\"]}]},{\"@type\":\"ImageObject\",\"inLanguage\":\"pl-PL\",\"@id\":\"https:\/\/ozponcho.com.au\/p\/chic-turtleneck-checkered-cape\/#primaryimage\",\"url\":\"https:\/\/ozponcho.com.au\/wp-content\/uploads\/2023\/12\/O1CN01xPajuy1k48AInuEoo_2212546284629-0-cib.jpg\",\"contentUrl\":\"https:\/\/ozponcho.com.au\/wp-content\/uploads\/2023\/12\/O1CN01xPajuy1k48AInuEoo_2212546284629-0-cib.jpg\",\"width\":1920,\"height\":1920,\"caption\":\"Elegant Mid-Length Plaid Poncho\"},{\"@type\":\"BreadcrumbList\",\"@id\":\"https:\/\/ozponcho.com.au\/p\/chic-turtleneck-checkered-cape\/#breadcrumb\",\"itemListElement\":[{\"@type\":\"ListItem\",\"position\":1,\"name\":\"Home\",\"item\":\"https:\/\/ozponcho.com.au\/\"},{\"@type\":\"ListItem\",\"position\":2,\"name\":\"Shop\",\"item\":\"https:\/\/ozponcho.com.au\/shop\/\"},{\"@type\":\"ListItem\",\"position\":3,\"name\":\"Elegant Mid-Length Plaid Poncho\"}]},{\"@type\":\"WebSite\",\"@id\":\"https:\/\/ozponcho.com.au\/#website\",\"url\":\"https:\/\/ozponcho.com.au\/\",\"name\":\"OZ Poncho\",\"description\":\"\",\"potentialAction\":[{\"@type\":\"SearchAction\",\"target\":{\"@type\":\"EntryPoint\",\"urlTemplate\":\"https:\/\/ozponcho.com.au\/?s={search_term_string}\"},\"query-input\":{\"@type\":\"PropertyValueSpecification\",\"valueRequired\":true,\"valueName\":\"search_term_string\"}}],\"inLanguage\":\"pl-PL\"}]}<\/script>\n<!-- \/ Yoast SEO plugin. -->","yoast_head_json":{"title":"Eleganckie ponczo w krat\u0119 \u015bredniej d\u0142ugo\u015bci | Polska #1 Poncho Shop","description":"Szukasz Eleganckie ponczo w krat\u0119 \u015bredniej d\u0142ugo\u015bci? Jeste\u015b we w\u0142a\u015bciwym miejscu \ud83d\ude04 Oferujemy szeroki wyb\u00f3r eleganckich poncho w krat\u0119 \u015bredniej d\u0142ugo\u015bci, idealnych dla Ciebie.","robots":{"index":"index","follow":"follow","max-snippet":"max-snippet:-1","max-image-preview":"max-image-preview:large","max-video-preview":"max-video-preview:-1"},"canonical":"https:\/\/ozponcho.com.au\/pl\/p\/szykowna-peleryna-z-golfem-w-krate\/","og_locale":"pl_PL","og_type":"article","og_title":"Elegant Mid-Length Plaid Poncho | Polska #1 Poncho Shop","og_description":"Looking for a Elegant Mid-Length Plaid Poncho ? You've come to the right place \ud83d\ude04 We offers a wide selection of Elegant Mid-Length Plaid Poncho, perfect for you.","og_url":"https:\/\/ozponcho.com.au\/pl\/p\/szykowna-peleryna-z-golfem-w-krate\/","og_site_name":"OZ Poncho","article_modified_time":"2024-09-24T01:41:27+00:00","og_image":[{"width":1920,"height":1920,"url":"https:\/\/ozponcho.com.au\/wp-content\/uploads\/2023\/12\/O1CN01xPajuy1k48AInuEoo_2212546284629-0-cib.jpg","type":"image\/jpeg"}],"twitter_card":"summary_large_image","twitter_misc":{"Szacowany czas czytania":"1 minuta"},"schema":{"@context":"https:\/\/schema.org","@graph":[{"@type":"WebPage","@id":"https:\/\/ozponcho.com.au\/p\/chic-turtleneck-checkered-cape\/","url":"https:\/\/ozponcho.com.au\/p\/chic-turtleneck-checkered-cape\/","name":"Eleganckie ponczo w krat\u0119 \u015bredniej d\u0142ugo\u015bci | Polska #1 Poncho Shop","isPartOf":{"@id":"https:\/\/ozponcho.com.au\/#website"},"primaryImageOfPage":{"@id":"https:\/\/ozponcho.com.au\/p\/chic-turtleneck-checkered-cape\/#primaryimage"},"image":{"@id":"https:\/\/ozponcho.com.au\/p\/chic-turtleneck-checkered-cape\/#primaryimage"},"thumbnailUrl":"https:\/\/ozponcho.com.au\/wp-content\/uploads\/2023\/12\/O1CN01xPajuy1k48AInuEoo_2212546284629-0-cib.jpg","datePublished":"2023-12-13T07:35:17+00:00","dateModified":"2024-09-24T01:41:27+00:00","description":"Szukasz Eleganckie ponczo w krat\u0119 \u015bredniej d\u0142ugo\u015bci? Jeste\u015b we w\u0142a\u015bciwym miejscu \ud83d\ude04 Oferujemy szeroki wyb\u00f3r eleganckich poncho w krat\u0119 \u015bredniej d\u0142ugo\u015bci, idealnych dla Ciebie.","breadcrumb":{"@id":"https:\/\/ozponcho.com.au\/p\/chic-turtleneck-checkered-cape\/#breadcrumb"},"inLanguage":"pl-PL","potentialAction":[{"@type":"ReadAction","target":["https:\/\/ozponcho.com.au\/p\/chic-turtleneck-checkered-cape\/"]}]},{"@type":"ImageObject","inLanguage":"pl-PL","@id":"https:\/\/ozponcho.com.au\/p\/chic-turtleneck-checkered-cape\/#primaryimage","url":"https:\/\/ozponcho.com.au\/wp-content\/uploads\/2023\/12\/O1CN01xPajuy1k48AInuEoo_2212546284629-0-cib.jpg","contentUrl":"https:\/\/ozponcho.com.au\/wp-content\/uploads\/2023\/12\/O1CN01xPajuy1k48AInuEoo_2212546284629-0-cib.jpg","width":1920,"height":1920,"caption":"Elegant Mid-Length Plaid Poncho"},{"@type":"BreadcrumbList","@id":"https:\/\/ozponcho.com.au\/p\/chic-turtleneck-checkered-cape\/#breadcrumb","itemListElement":[{"@type":"ListItem","position":1,"name":"Home","item":"https:\/\/ozponcho.com.au\/"},{"@type":"ListItem","position":2,"name":"Shop","item":"https:\/\/ozponcho.com.au\/shop\/"},{"@type":"ListItem","position":3,"name":"Elegant Mid-Length Plaid Poncho"}]},{"@type":"WebSite","@id":"https:\/\/ozponcho.com.au\/#website","url":"https:\/\/ozponcho.com.au\/","name":"Poncho OZ","description":"","potentialAction":[{"@type":"SearchAction","target":{"@type":"EntryPoint","urlTemplate":"https:\/\/ozponcho.com.au\/?s={search_term_string}"},"query-input":{"@type":"PropertyValueSpecification","valueRequired":true,"valueName":"search_term_string"}}],"inLanguage":"pl-PL"}]}},"_links":{"self":[{"href":"https:\/\/ozponcho.com.au\/pl\/wp-json\/wp\/v2\/product\/12397","targetHints":{"allow":["GET"]}}],"collection":[{"href":"https:\/\/ozponcho.com.au\/pl\/wp-json\/wp\/v2\/product"}],"about":[{"href":"https:\/\/ozponcho.com.au\/pl\/wp-json\/wp\/v2\/types\/product"}],"wp:featuredmedia":[{"embeddable":true,"href":"https:\/\/ozponcho.com.au\/pl\/wp-json\/wp\/v2\/media\/12331"}],"wp:attachment":[{"href":"https:\/\/ozponcho.com.au\/pl\/wp-json\/wp\/v2\/media?parent=12397"}],"wp:term":[{"taxonomy":"product_brand","embeddable":true,"href":"https:\/\/ozponcho.com.au\/pl\/wp-json\/wp\/v2\/product_brand?post=12397"},{"taxonomy":"product_cat","embeddable":true,"href":"https:\/\/ozponcho.com.au\/pl\/wp-json\/wp\/v2\/product_cat?post=12397"},{"taxonomy":"product_tag","embeddable":true,"href":"https:\/\/ozponcho.com.au\/pl\/wp-json\/wp\/v2\/product_tag?post=12397"}],"curies":[{"name":"wp","href":"https:\/\/api.w.org\/{rel}","templated":true}]}}