{"id":12359,"date":"2023-12-13T18:35:07","date_gmt":"2023-12-13T07:35:07","guid":{"rendered":"https:\/\/ozponcho.com.au\/p\/vacation-hand-crocheting-tassel-shawl-cardigan-bikini-sexy-size-floral-block-cloak\/"},"modified":"2025-04-07T12:46:26","modified_gmt":"2025-04-07T01:46:26","slug":"casual-fringe-floral-shawl","status":"publish","type":"product","link":"https:\/\/ozponcho.com.au\/pl\/p\/swobodny-szal-w-kwiaty-z-fredzlami\/","title":{"rendered":"Ponczo z fr\u0119dzlami w stylu boho"},"content":{"rendered":"<p>Otul si\u0119 urokiem bohemy dzi\u0119ki temu eleganckiemu szaremu poncho, idealnemu do dodania odrobiny swobodnego wyrafinowania do swojej garderoby. Dzi\u0119ki pi\u0119knym niebieskim kwiatowym aplikacjom i zabawnym fr\u0119dzlom, ten wszechstronny element mo\u017ce s\u0142u\u017cy\u0107 jako szalowy kardigan, dzi\u0119ki czemu jest idealnym towarzyszem na wiosenne i jesienne wyj\u015bcia. Wykonany z mi\u0119kkiej mieszanki akrylu i bawe\u0142ny, lu\u017any kr\u00f3j z r\u0119kawem 3\/4 zapewnia wygod\u0119 i swobod\u0119 ruch\u00f3w. Niezale\u017cnie od tego, czy wylegujesz si\u0119 na pla\u017cy, czy cieszysz si\u0119 wakacyjn\u0105 ucieczk\u0105, to kusz\u0105ce ponczo z pewno\u015bci\u0105 podkre\u015bli Tw\u00f3j styl dzi\u0119ki wyj\u0105tkowemu, r\u0119cznie szyde\u0142kowanemu urokowi.<\/p>\n<div>Styl: Casual<\/div>\n<div>Dopasowanie: Lu\u017any<\/div>\n<div>Materia\u0142: Mieszanka bawe\u0142ny<\/div>\n<div>Wz\u00f3r: Nadruk<\/div>\n<div>Element: Grzywka<\/div>\n<div>G\u00f3rna d\u0142ugo\u015b\u0107: D\u0142ugi<\/div>\n<div>Typ r\u0119kawa: Inne<\/div>\n<div>D\u0142ugo\u015b\u0107 r\u0119kawa: r\u0119kaw 3\/4<\/div>\n<div>Typ zamkni\u0119cia: Inne<\/div>\n<div>G\u0142\u00f3wny sk\u0142ad: Akryl<\/div>\n<div>Sezon: Wiosna\/Jesie\u0144<\/div>\n<p><img decoding=\"async\" src=\"https:\/\/ozponcho.com.au\/wp-content\/uploads\/2024\/03\/981873554716884992.png\" \/><img decoding=\"async\" src=\"https:\/\/ozponcho.com.au\/wp-content\/uploads\/2024\/03\/O1CN01oKwhKC1K28OJmOIY0_3521621105-0-cib.jpg\" \/><img decoding=\"async\" src=\"https:\/\/ozponcho.com.au\/wp-content\/uploads\/2024\/03\/O1CN01kjlWmS1K28OJmOQpV_3521621105-0-cib.jpg\" \/><img decoding=\"async\" src=\"https:\/\/ozponcho.com.au\/wp-content\/uploads\/2024\/03\/O1CN01eFX64C1K28OJmQVkX_3521621105-0-cib.jpg\" \/><img decoding=\"async\" src=\"https:\/\/ozponcho.com.au\/wp-content\/uploads\/2024\/03\/O1CN0182Fau61K28OJmOIX9_3521621105-0-cib.jpg\" \/><img decoding=\"async\" src=\"https:\/\/ozponcho.com.au\/wp-content\/uploads\/2024\/03\/O1CN01wlYeCZ1K28OBigxR0_3521621105-0-cib.jpg\" \/><img decoding=\"async\" src=\"https:\/\/ozponcho.com.au\/wp-content\/uploads\/2024\/03\/O1CN017FSFba1K28OCfmU4H_3521621105-0-cib.jpg\" \/><\/p>","protected":false},"excerpt":{"rendered":"<p>Wrap yourself in bohemian charm with this elegant grey poncho, perfect for adding a touch of casual sophistication to your wardrobe. Featuring beautiful blue floral appliqu\u00c3\u00a9s and playful fringe tassels, this versatile piece doubles as a shawl cardigan, making it an ideal companion for spring and fall outings. Composed of soft acrylic cotton blends, its [&#8230;]","protected":false},"featured_media":12315,"template":"","meta":[],"product_brand":[],"product_cat":[225,15,228,214,210],"product_tag":[],"class_list":{"0":"post-12359","1":"product","2":"type-product","3":"status-publish","4":"has-post-thumbnail","6":"product_cat-grey-poncho","7":"product_cat-main-category","8":"product_cat-poncho-sweater","9":"product_cat-knitted-crochet-poncho","10":"product_cat-poncho-women","12":"first","13":"outofstock","14":"shipping-taxable","15":"purchasable","16":"product-type-variable"},"yoast_head":"<!-- This site is optimized with the Yoast SEO plugin v25.9 - https:\/\/yoast.com\/wordpress\/plugins\/seo\/ -->\n<title>Bohemian Floral Tassel Poncho | Polska #1 Poncho Shop<\/title>\n<meta name=\"description\" content=\"Looking for a Bohemian Floral Tassel Poncho ? You&#039;ve come to the right place \ud83d\ude04 We offers a wide selection of Bohemian Floral Tassel Poncho, perfect for you.\" \/>\n<meta name=\"robots\" content=\"index, follow, max-snippet:-1, max-image-preview:large, max-video-preview:-1\" \/>\n<link rel=\"canonical\" href=\"https:\/\/ozponcho.com.au\/pl\/p\/swobodny-szal-w-kwiaty-z-fredzlami\/\" \/>\n<meta property=\"og:locale\" content=\"pl_PL\" \/>\n<meta property=\"og:type\" content=\"article\" \/>\n<meta property=\"og:title\" content=\"Bohemian Floral Tassel Poncho | Polska #1 Poncho Shop\" \/>\n<meta property=\"og:description\" content=\"Looking for a Bohemian Floral Tassel Poncho ? You&#039;ve come to the right place \ud83d\ude04 We offers a wide selection of Bohemian Floral Tassel Poncho, perfect for you.\" \/>\n<meta property=\"og:url\" content=\"https:\/\/ozponcho.com.au\/pl\/p\/swobodny-szal-w-kwiaty-z-fredzlami\/\" \/>\n<meta property=\"og:site_name\" content=\"OZ Poncho\" \/>\n<meta property=\"article:modified_time\" content=\"2025-04-07T01:46:26+00:00\" \/>\n<meta property=\"og:image\" content=\"https:\/\/ozponcho.com.au\/wp-content\/uploads\/2023\/12\/O1CN01bJBqRL1K28OG04wFW_3521621105-0-cib.jpg\" \/>\n\t<meta property=\"og:image:width\" content=\"1000\" \/>\n\t<meta property=\"og:image:height\" content=\"1000\" \/>\n\t<meta property=\"og:image:type\" content=\"image\/jpeg\" \/>\n<meta name=\"twitter:card\" content=\"summary_large_image\" \/>\n<meta name=\"twitter:label1\" content=\"Szacowany czas czytania\" \/>\n\t<meta name=\"twitter:data1\" content=\"1 minuta\" \/>\n<script type=\"application\/ld+json\" class=\"yoast-schema-graph\">{\"@context\":\"https:\/\/schema.org\",\"@graph\":[{\"@type\":\"WebPage\",\"@id\":\"https:\/\/ozponcho.com.au\/p\/casual-fringe-floral-shawl\/\",\"url\":\"https:\/\/ozponcho.com.au\/p\/casual-fringe-floral-shawl\/\",\"name\":\"Bohemian Floral Tassel Poncho | Polska #1 Poncho Shop\",\"isPartOf\":{\"@id\":\"https:\/\/ozponcho.com.au\/#website\"},\"primaryImageOfPage\":{\"@id\":\"https:\/\/ozponcho.com.au\/p\/casual-fringe-floral-shawl\/#primaryimage\"},\"image\":{\"@id\":\"https:\/\/ozponcho.com.au\/p\/casual-fringe-floral-shawl\/#primaryimage\"},\"thumbnailUrl\":\"https:\/\/ozponcho.com.au\/wp-content\/uploads\/2023\/12\/O1CN01bJBqRL1K28OG04wFW_3521621105-0-cib.jpg\",\"datePublished\":\"2023-12-13T07:35:07+00:00\",\"dateModified\":\"2025-04-07T01:46:26+00:00\",\"description\":\"Looking for a Bohemian Floral Tassel Poncho ? You've come to the right place \ud83d\ude04 We offers a wide selection of Bohemian Floral Tassel Poncho, perfect for you.\",\"breadcrumb\":{\"@id\":\"https:\/\/ozponcho.com.au\/p\/casual-fringe-floral-shawl\/#breadcrumb\"},\"inLanguage\":\"pl-PL\",\"potentialAction\":[{\"@type\":\"ReadAction\",\"target\":[\"https:\/\/ozponcho.com.au\/p\/casual-fringe-floral-shawl\/\"]}]},{\"@type\":\"ImageObject\",\"inLanguage\":\"pl-PL\",\"@id\":\"https:\/\/ozponcho.com.au\/p\/casual-fringe-floral-shawl\/#primaryimage\",\"url\":\"https:\/\/ozponcho.com.au\/wp-content\/uploads\/2023\/12\/O1CN01bJBqRL1K28OG04wFW_3521621105-0-cib.jpg\",\"contentUrl\":\"https:\/\/ozponcho.com.au\/wp-content\/uploads\/2023\/12\/O1CN01bJBqRL1K28OG04wFW_3521621105-0-cib.jpg\",\"width\":1000,\"height\":1000,\"caption\":\"Bohemian Floral Tassel Poncho\"},{\"@type\":\"BreadcrumbList\",\"@id\":\"https:\/\/ozponcho.com.au\/p\/casual-fringe-floral-shawl\/#breadcrumb\",\"itemListElement\":[{\"@type\":\"ListItem\",\"position\":1,\"name\":\"Home\",\"item\":\"https:\/\/ozponcho.com.au\/\"},{\"@type\":\"ListItem\",\"position\":2,\"name\":\"Shop\",\"item\":\"https:\/\/ozponcho.com.au\/shop\/\"},{\"@type\":\"ListItem\",\"position\":3,\"name\":\"Bohemian Floral Tassel Poncho\"}]},{\"@type\":\"WebSite\",\"@id\":\"https:\/\/ozponcho.com.au\/#website\",\"url\":\"https:\/\/ozponcho.com.au\/\",\"name\":\"OZ Poncho\",\"description\":\"\",\"potentialAction\":[{\"@type\":\"SearchAction\",\"target\":{\"@type\":\"EntryPoint\",\"urlTemplate\":\"https:\/\/ozponcho.com.au\/?s={search_term_string}\"},\"query-input\":{\"@type\":\"PropertyValueSpecification\",\"valueRequired\":true,\"valueName\":\"search_term_string\"}}],\"inLanguage\":\"pl-PL\"}]}<\/script>\n<!-- \/ Yoast SEO plugin. -->","yoast_head_json":{"title":"Bohemian Floral Tassel Poncho | Polska #1 Poncho Shop","description":"Szukasz Bohemian Floral Tassel Poncho? Jeste\u015b we w\u0142a\u015bciwym miejscu \ud83d\ude04 Oferujemy szeroki wyb\u00f3r Ponczo Bohemian Floral Tassel, idealnych dla Ciebie.","robots":{"index":"index","follow":"follow","max-snippet":"max-snippet:-1","max-image-preview":"max-image-preview:large","max-video-preview":"max-video-preview:-1"},"canonical":"https:\/\/ozponcho.com.au\/pl\/p\/swobodny-szal-w-kwiaty-z-fredzlami\/","og_locale":"pl_PL","og_type":"article","og_title":"Bohemian Floral Tassel Poncho | Polska #1 Poncho Shop","og_description":"Looking for a Bohemian Floral Tassel Poncho ? You've come to the right place \ud83d\ude04 We offers a wide selection of Bohemian Floral Tassel Poncho, perfect for you.","og_url":"https:\/\/ozponcho.com.au\/pl\/p\/swobodny-szal-w-kwiaty-z-fredzlami\/","og_site_name":"OZ Poncho","article_modified_time":"2025-04-07T01:46:26+00:00","og_image":[{"width":1000,"height":1000,"url":"https:\/\/ozponcho.com.au\/wp-content\/uploads\/2023\/12\/O1CN01bJBqRL1K28OG04wFW_3521621105-0-cib.jpg","type":"image\/jpeg"}],"twitter_card":"summary_large_image","twitter_misc":{"Szacowany czas czytania":"1 minuta"},"schema":{"@context":"https:\/\/schema.org","@graph":[{"@type":"WebPage","@id":"https:\/\/ozponcho.com.au\/p\/casual-fringe-floral-shawl\/","url":"https:\/\/ozponcho.com.au\/p\/casual-fringe-floral-shawl\/","name":"Bohemian Floral Tassel Poncho | Polska #1 Poncho Shop","isPartOf":{"@id":"https:\/\/ozponcho.com.au\/#website"},"primaryImageOfPage":{"@id":"https:\/\/ozponcho.com.au\/p\/casual-fringe-floral-shawl\/#primaryimage"},"image":{"@id":"https:\/\/ozponcho.com.au\/p\/casual-fringe-floral-shawl\/#primaryimage"},"thumbnailUrl":"https:\/\/ozponcho.com.au\/wp-content\/uploads\/2023\/12\/O1CN01bJBqRL1K28OG04wFW_3521621105-0-cib.jpg","datePublished":"2023-12-13T07:35:07+00:00","dateModified":"2025-04-07T01:46:26+00:00","description":"Szukasz Bohemian Floral Tassel Poncho? Jeste\u015b we w\u0142a\u015bciwym miejscu \ud83d\ude04 Oferujemy szeroki wyb\u00f3r Ponczo Bohemian Floral Tassel, idealnych dla Ciebie.","breadcrumb":{"@id":"https:\/\/ozponcho.com.au\/p\/casual-fringe-floral-shawl\/#breadcrumb"},"inLanguage":"pl-PL","potentialAction":[{"@type":"ReadAction","target":["https:\/\/ozponcho.com.au\/p\/casual-fringe-floral-shawl\/"]}]},{"@type":"ImageObject","inLanguage":"pl-PL","@id":"https:\/\/ozponcho.com.au\/p\/casual-fringe-floral-shawl\/#primaryimage","url":"https:\/\/ozponcho.com.au\/wp-content\/uploads\/2023\/12\/O1CN01bJBqRL1K28OG04wFW_3521621105-0-cib.jpg","contentUrl":"https:\/\/ozponcho.com.au\/wp-content\/uploads\/2023\/12\/O1CN01bJBqRL1K28OG04wFW_3521621105-0-cib.jpg","width":1000,"height":1000,"caption":"Bohemian Floral Tassel Poncho"},{"@type":"BreadcrumbList","@id":"https:\/\/ozponcho.com.au\/p\/casual-fringe-floral-shawl\/#breadcrumb","itemListElement":[{"@type":"ListItem","position":1,"name":"Home","item":"https:\/\/ozponcho.com.au\/"},{"@type":"ListItem","position":2,"name":"Shop","item":"https:\/\/ozponcho.com.au\/shop\/"},{"@type":"ListItem","position":3,"name":"Bohemian Floral Tassel Poncho"}]},{"@type":"WebSite","@id":"https:\/\/ozponcho.com.au\/#website","url":"https:\/\/ozponcho.com.au\/","name":"Poncho OZ","description":"","potentialAction":[{"@type":"SearchAction","target":{"@type":"EntryPoint","urlTemplate":"https:\/\/ozponcho.com.au\/?s={search_term_string}"},"query-input":{"@type":"PropertyValueSpecification","valueRequired":true,"valueName":"search_term_string"}}],"inLanguage":"pl-PL"}]}},"_links":{"self":[{"href":"https:\/\/ozponcho.com.au\/pl\/wp-json\/wp\/v2\/product\/12359","targetHints":{"allow":["GET"]}}],"collection":[{"href":"https:\/\/ozponcho.com.au\/pl\/wp-json\/wp\/v2\/product"}],"about":[{"href":"https:\/\/ozponcho.com.au\/pl\/wp-json\/wp\/v2\/types\/product"}],"wp:featuredmedia":[{"embeddable":true,"href":"https:\/\/ozponcho.com.au\/pl\/wp-json\/wp\/v2\/media\/12315"}],"wp:attachment":[{"href":"https:\/\/ozponcho.com.au\/pl\/wp-json\/wp\/v2\/media?parent=12359"}],"wp:term":[{"taxonomy":"product_brand","embeddable":true,"href":"https:\/\/ozponcho.com.au\/pl\/wp-json\/wp\/v2\/product_brand?post=12359"},{"taxonomy":"product_cat","embeddable":true,"href":"https:\/\/ozponcho.com.au\/pl\/wp-json\/wp\/v2\/product_cat?post=12359"},{"taxonomy":"product_tag","embeddable":true,"href":"https:\/\/ozponcho.com.au\/pl\/wp-json\/wp\/v2\/product_tag?post=12359"}],"curies":[{"name":"wp","href":"https:\/\/api.w.org\/{rel}","templated":true}]}}