{"id":12355,"date":"2023-12-13T18:35:07","date_gmt":"2023-12-13T07:35:07","guid":{"rendered":"https:\/\/ozponcho.com.au\/p\/autumn-winter-light-luxury-fur-collar-tassel-shawl-sweater-coat\/"},"modified":"2024-04-19T18:39:14","modified_gmt":"2024-04-19T07:39:14","slug":"luxury-tassel-pink-shawl-coat","status":"publish","type":"product","link":"https:\/\/ozponcho.com.au\/pl\/p\/luksusowy-rozowy-szal-z-fredzlami\/","title":{"rendered":"R\u00f3\u017cowe ponczo z futrzanym ko\u0142nierzem i fr\u0119dzlami"},"content":{"rendered":"<p>Otul si\u0119 elegancj\u0105 z tym jesienno-zimowym lekkim luksusowym poncho, wykwintnym dodatkiem do garderoby, kt\u00f3ry \u0142\u0105czy swobodny komfort z szykownym stylem. Pastelowy odcie\u0144 r\u00f3\u017cu emanuje kobieco\u015bci\u0105, a okaza\u0142y ko\u0142nierz ze sztucznego futra dodaje odrobiny blasku. Wykonany z przytulnego d\u017cersejowego materia\u0142u, oferuje lu\u017any kr\u00f3j, idealny do nak\u0142adania warstw w przej\u015bciowych sezonach wiosennych i jesiennych. Stylowe fr\u0119dzle nadaj\u0105 jej stylu boho, co czyni j\u0105 idealnym wyborem dla os\u00f3b zorientowanych na mod\u0119, poszukuj\u0105cych po\u0142\u0105czenia luksusu i wyluzowanego uroku. Rozkoszuj si\u0119 tym swetrowym p\u0142aszczem z d\u0142ugim r\u0119kawem i odmie\u0144 sw\u00f3j zimowy wygl\u0105d dzi\u0119ki jego niezaprzeczalnemu urokowi.<\/p>\n<div>Styl: Casual<\/div>\n<div>Dopasowanie: Lu\u017any<\/div>\n<div>Materia\u0142: Jersey<\/div>\n<div>Wz\u00f3r: Jednolity<\/div>\n<div>Element: Grzywka<\/div>\n<div>G\u00f3rna d\u0142ugo\u015b\u0107: D\u0142ugi<\/div>\n<div>Rodzaj r\u0119kawa: Regularny<\/div>\n<div>D\u0142ugo\u015b\u0107 r\u0119kawa: D\u0142ugi r\u0119kaw<\/div>\n<div>Typ zamkni\u0119cia: Inne<\/div>\n<div>G\u0142\u00f3wny sk\u0142ad: Akryl<\/div>\n<div>Sezon: Wiosna\/Jesie\u0144<\/div>\n<p><img decoding=\"async\" src=\"https:\/\/ozponcho.com.au\/wp-content\/uploads\/2024\/03\/978391699053084672.png\" \/><img decoding=\"async\" src=\"https:\/\/ozponcho.com.au\/wp-content\/uploads\/2024\/03\/O1CN01nfF4zf1HIfpFgcYHj_2331630735-0-cib.jpg\" \/><img decoding=\"async\" src=\"https:\/\/ozponcho.com.au\/wp-content\/uploads\/2024\/03\/O1CN014lrPfP1HIfpNCa7eX_2331630735-0-cib.jpg\" \/><img decoding=\"async\" src=\"https:\/\/ozponcho.com.au\/wp-content\/uploads\/2024\/03\/O1CN010QZ2AU1HIfpHIYjBK_2331630735-0-cib.jpg\" \/><img decoding=\"async\" src=\"https:\/\/ozponcho.com.au\/wp-content\/uploads\/2024\/03\/O1CN01hGNPNw1HIfpJo11NO_2331630735-0-cib.jpg\" \/><img decoding=\"async\" src=\"https:\/\/ozponcho.com.au\/wp-content\/uploads\/2024\/03\/O1CN01bhgF9x1HIfpFge1iz_2331630735-0-cib.jpg\" \/><img decoding=\"async\" src=\"https:\/\/ozponcho.com.au\/wp-content\/uploads\/2024\/03\/O1CN01Rcdcn91HIfpNCbC8h_2331630735-0-cib.jpg\" \/><\/p>","protected":false},"excerpt":{"rendered":"<p>Wrap yourself in elegance with this Autumn Winter Light Luxury Poncho, an exquisite addition to your wardrobe that marries casual comfort with chic style. The pastel pink hue exudes femininity, while the sumptuous faux fur collar adds a touch of glamour. Crafted from cozy jersey fabric, it offers a generous loose fit, perfect for layering [&#8230;]","protected":false},"featured_media":12292,"template":"","meta":[],"product_brand":[],"product_cat":[218,15,222,228,214,210],"product_tag":[],"class_list":{"0":"post-12355","1":"product","2":"type-product","3":"status-publish","4":"has-post-thumbnail","6":"product_cat-fur-poncho","7":"product_cat-main-category","8":"product_cat-pink-poncho","9":"product_cat-poncho-sweater","10":"product_cat-knitted-crochet-poncho","11":"product_cat-poncho-women","13":"first","14":"outofstock","15":"shipping-taxable","16":"purchasable","17":"product-type-variable"},"yoast_head":"<!-- This site is optimized with the Yoast SEO plugin v25.9 - https:\/\/yoast.com\/wordpress\/plugins\/seo\/ -->\n<title>Pink Fur-Collar Fringe Poncho | Polska #1 Poncho Shop<\/title>\n<meta name=\"description\" content=\"Looking for a Pink Fur-Collar Fringe Poncho ? You&#039;ve come to the right place \ud83d\ude04 We offers a wide selection of Pink Fur-Collar Fringe Poncho, perfect for you.\" \/>\n<meta name=\"robots\" content=\"index, follow, max-snippet:-1, max-image-preview:large, max-video-preview:-1\" \/>\n<link rel=\"canonical\" href=\"https:\/\/ozponcho.com.au\/pl\/p\/luksusowy-rozowy-szal-z-fredzlami\/\" \/>\n<meta property=\"og:locale\" content=\"pl_PL\" \/>\n<meta property=\"og:type\" content=\"article\" \/>\n<meta property=\"og:title\" content=\"Pink Fur-Collar Fringe Poncho | Polska #1 Poncho Shop\" \/>\n<meta property=\"og:description\" content=\"Looking for a Pink Fur-Collar Fringe Poncho ? You&#039;ve come to the right place \ud83d\ude04 We offers a wide selection of Pink Fur-Collar Fringe Poncho, perfect for you.\" \/>\n<meta property=\"og:url\" content=\"https:\/\/ozponcho.com.au\/pl\/p\/luksusowy-rozowy-szal-z-fredzlami\/\" \/>\n<meta property=\"og:site_name\" content=\"OZ Poncho\" \/>\n<meta property=\"article:modified_time\" content=\"2024-04-19T07:39:14+00:00\" \/>\n<meta property=\"og:image\" content=\"https:\/\/ozponcho.com.au\/wp-content\/uploads\/2023\/12\/O1CN01SE2Eg01HIfpNCanHU_2331630735-0-cib.jpg\" \/>\n\t<meta property=\"og:image:width\" content=\"1340\" \/>\n\t<meta property=\"og:image:height\" content=\"1785\" \/>\n\t<meta property=\"og:image:type\" content=\"image\/jpeg\" \/>\n<meta name=\"twitter:card\" content=\"summary_large_image\" \/>\n<meta name=\"twitter:label1\" content=\"Szacowany czas czytania\" \/>\n\t<meta name=\"twitter:data1\" content=\"3 minuty\" \/>\n<script type=\"application\/ld+json\" class=\"yoast-schema-graph\">{\"@context\":\"https:\/\/schema.org\",\"@graph\":[{\"@type\":\"WebPage\",\"@id\":\"https:\/\/ozponcho.com.au\/p\/luxury-tassel-pink-shawl-coat\/\",\"url\":\"https:\/\/ozponcho.com.au\/p\/luxury-tassel-pink-shawl-coat\/\",\"name\":\"Pink Fur-Collar Fringe Poncho | Polska #1 Poncho Shop\",\"isPartOf\":{\"@id\":\"https:\/\/ozponcho.com.au\/#website\"},\"primaryImageOfPage\":{\"@id\":\"https:\/\/ozponcho.com.au\/p\/luxury-tassel-pink-shawl-coat\/#primaryimage\"},\"image\":{\"@id\":\"https:\/\/ozponcho.com.au\/p\/luxury-tassel-pink-shawl-coat\/#primaryimage\"},\"thumbnailUrl\":\"https:\/\/ozponcho.com.au\/wp-content\/uploads\/2023\/12\/O1CN01SE2Eg01HIfpNCanHU_2331630735-0-cib.jpg\",\"datePublished\":\"2023-12-13T07:35:07+00:00\",\"dateModified\":\"2024-04-19T07:39:14+00:00\",\"description\":\"Looking for a Pink Fur-Collar Fringe Poncho ? You've come to the right place \ud83d\ude04 We offers a wide selection of Pink Fur-Collar Fringe Poncho, perfect for you.\",\"breadcrumb\":{\"@id\":\"https:\/\/ozponcho.com.au\/p\/luxury-tassel-pink-shawl-coat\/#breadcrumb\"},\"inLanguage\":\"pl-PL\",\"potentialAction\":[{\"@type\":\"ReadAction\",\"target\":[\"https:\/\/ozponcho.com.au\/p\/luxury-tassel-pink-shawl-coat\/\"]}]},{\"@type\":\"ImageObject\",\"inLanguage\":\"pl-PL\",\"@id\":\"https:\/\/ozponcho.com.au\/p\/luxury-tassel-pink-shawl-coat\/#primaryimage\",\"url\":\"https:\/\/ozponcho.com.au\/wp-content\/uploads\/2023\/12\/O1CN01SE2Eg01HIfpNCanHU_2331630735-0-cib.jpg\",\"contentUrl\":\"https:\/\/ozponcho.com.au\/wp-content\/uploads\/2023\/12\/O1CN01SE2Eg01HIfpNCanHU_2331630735-0-cib.jpg\",\"width\":1340,\"height\":1785,\"caption\":\"Pink Fur-Collar Fringe Poncho\"},{\"@type\":\"BreadcrumbList\",\"@id\":\"https:\/\/ozponcho.com.au\/p\/luxury-tassel-pink-shawl-coat\/#breadcrumb\",\"itemListElement\":[{\"@type\":\"ListItem\",\"position\":1,\"name\":\"Home\",\"item\":\"https:\/\/ozponcho.com.au\/\"},{\"@type\":\"ListItem\",\"position\":2,\"name\":\"Shop\",\"item\":\"https:\/\/ozponcho.com.au\/shop\/\"},{\"@type\":\"ListItem\",\"position\":3,\"name\":\"Pink Fur-Collar Fringe Poncho\"}]},{\"@type\":\"WebSite\",\"@id\":\"https:\/\/ozponcho.com.au\/#website\",\"url\":\"https:\/\/ozponcho.com.au\/\",\"name\":\"OZ Poncho\",\"description\":\"\",\"potentialAction\":[{\"@type\":\"SearchAction\",\"target\":{\"@type\":\"EntryPoint\",\"urlTemplate\":\"https:\/\/ozponcho.com.au\/?s={search_term_string}\"},\"query-input\":{\"@type\":\"PropertyValueSpecification\",\"valueRequired\":true,\"valueName\":\"search_term_string\"}}],\"inLanguage\":\"pl-PL\"}]}<\/script>\n<!-- \/ Yoast SEO plugin. -->","yoast_head_json":{"title":"R\u00f3\u017cowe ponczo z futrzanym ko\u0142nierzem i fr\u0119dzlami | Polska #1 Poncho Shop","description":"Szukasz R\u00f3\u017cowe Ponczo z Futrzanym Ko\u0142nierzem i Fr\u0119dzlami? Jeste\u015b we w\u0142a\u015bciwym miejscu \ud83d\ude04 Oferujemy szeroki wyb\u00f3r Ponczo z R\u00f3\u017cowym Futrzanym Ko\u0142nierzem i Fr\u0119dzlami, idealnych dla Ciebie.","robots":{"index":"index","follow":"follow","max-snippet":"max-snippet:-1","max-image-preview":"max-image-preview:large","max-video-preview":"max-video-preview:-1"},"canonical":"https:\/\/ozponcho.com.au\/pl\/p\/luksusowy-rozowy-szal-z-fredzlami\/","og_locale":"pl_PL","og_type":"article","og_title":"Pink Fur-Collar Fringe Poncho | Polska #1 Poncho Shop","og_description":"Looking for a Pink Fur-Collar Fringe Poncho ? You've come to the right place \ud83d\ude04 We offers a wide selection of Pink Fur-Collar Fringe Poncho, perfect for you.","og_url":"https:\/\/ozponcho.com.au\/pl\/p\/luksusowy-rozowy-szal-z-fredzlami\/","og_site_name":"OZ Poncho","article_modified_time":"2024-04-19T07:39:14+00:00","og_image":[{"width":1340,"height":1785,"url":"https:\/\/ozponcho.com.au\/wp-content\/uploads\/2023\/12\/O1CN01SE2Eg01HIfpNCanHU_2331630735-0-cib.jpg","type":"image\/jpeg"}],"twitter_card":"summary_large_image","twitter_misc":{"Szacowany czas czytania":"3 minuty"},"schema":{"@context":"https:\/\/schema.org","@graph":[{"@type":"WebPage","@id":"https:\/\/ozponcho.com.au\/p\/luxury-tassel-pink-shawl-coat\/","url":"https:\/\/ozponcho.com.au\/p\/luxury-tassel-pink-shawl-coat\/","name":"R\u00f3\u017cowe ponczo z futrzanym ko\u0142nierzem i fr\u0119dzlami | Polska #1 Poncho Shop","isPartOf":{"@id":"https:\/\/ozponcho.com.au\/#website"},"primaryImageOfPage":{"@id":"https:\/\/ozponcho.com.au\/p\/luxury-tassel-pink-shawl-coat\/#primaryimage"},"image":{"@id":"https:\/\/ozponcho.com.au\/p\/luxury-tassel-pink-shawl-coat\/#primaryimage"},"thumbnailUrl":"https:\/\/ozponcho.com.au\/wp-content\/uploads\/2023\/12\/O1CN01SE2Eg01HIfpNCanHU_2331630735-0-cib.jpg","datePublished":"2023-12-13T07:35:07+00:00","dateModified":"2024-04-19T07:39:14+00:00","description":"Szukasz R\u00f3\u017cowe Ponczo z Futrzanym Ko\u0142nierzem i Fr\u0119dzlami? Jeste\u015b we w\u0142a\u015bciwym miejscu \ud83d\ude04 Oferujemy szeroki wyb\u00f3r Ponczo z R\u00f3\u017cowym Futrzanym Ko\u0142nierzem i Fr\u0119dzlami, idealnych dla Ciebie.","breadcrumb":{"@id":"https:\/\/ozponcho.com.au\/p\/luxury-tassel-pink-shawl-coat\/#breadcrumb"},"inLanguage":"pl-PL","potentialAction":[{"@type":"ReadAction","target":["https:\/\/ozponcho.com.au\/p\/luxury-tassel-pink-shawl-coat\/"]}]},{"@type":"ImageObject","inLanguage":"pl-PL","@id":"https:\/\/ozponcho.com.au\/p\/luxury-tassel-pink-shawl-coat\/#primaryimage","url":"https:\/\/ozponcho.com.au\/wp-content\/uploads\/2023\/12\/O1CN01SE2Eg01HIfpNCanHU_2331630735-0-cib.jpg","contentUrl":"https:\/\/ozponcho.com.au\/wp-content\/uploads\/2023\/12\/O1CN01SE2Eg01HIfpNCanHU_2331630735-0-cib.jpg","width":1340,"height":1785,"caption":"Pink Fur-Collar Fringe Poncho"},{"@type":"BreadcrumbList","@id":"https:\/\/ozponcho.com.au\/p\/luxury-tassel-pink-shawl-coat\/#breadcrumb","itemListElement":[{"@type":"ListItem","position":1,"name":"Home","item":"https:\/\/ozponcho.com.au\/"},{"@type":"ListItem","position":2,"name":"Shop","item":"https:\/\/ozponcho.com.au\/shop\/"},{"@type":"ListItem","position":3,"name":"Pink Fur-Collar Fringe Poncho"}]},{"@type":"WebSite","@id":"https:\/\/ozponcho.com.au\/#website","url":"https:\/\/ozponcho.com.au\/","name":"Poncho OZ","description":"","potentialAction":[{"@type":"SearchAction","target":{"@type":"EntryPoint","urlTemplate":"https:\/\/ozponcho.com.au\/?s={search_term_string}"},"query-input":{"@type":"PropertyValueSpecification","valueRequired":true,"valueName":"search_term_string"}}],"inLanguage":"pl-PL"}]}},"_links":{"self":[{"href":"https:\/\/ozponcho.com.au\/pl\/wp-json\/wp\/v2\/product\/12355","targetHints":{"allow":["GET"]}}],"collection":[{"href":"https:\/\/ozponcho.com.au\/pl\/wp-json\/wp\/v2\/product"}],"about":[{"href":"https:\/\/ozponcho.com.au\/pl\/wp-json\/wp\/v2\/types\/product"}],"wp:featuredmedia":[{"embeddable":true,"href":"https:\/\/ozponcho.com.au\/pl\/wp-json\/wp\/v2\/media\/12292"}],"wp:attachment":[{"href":"https:\/\/ozponcho.com.au\/pl\/wp-json\/wp\/v2\/media?parent=12355"}],"wp:term":[{"taxonomy":"product_brand","embeddable":true,"href":"https:\/\/ozponcho.com.au\/pl\/wp-json\/wp\/v2\/product_brand?post=12355"},{"taxonomy":"product_cat","embeddable":true,"href":"https:\/\/ozponcho.com.au\/pl\/wp-json\/wp\/v2\/product_cat?post=12355"},{"taxonomy":"product_tag","embeddable":true,"href":"https:\/\/ozponcho.com.au\/pl\/wp-json\/wp\/v2\/product_tag?post=12355"}],"curies":[{"name":"wp","href":"https:\/\/api.w.org\/{rel}","templated":true}]}}