{"id":12248,"date":"2023-12-13T18:34:13","date_gmt":"2023-12-13T07:34:13","guid":{"rendered":"https:\/\/ozponcho.com.au\/p\/autumn-winter-positioning-geometric-abstract-knitted-hand-crochet-tassel-coat-cardigan-cape\/"},"modified":"2026-04-21T12:49:05","modified_gmt":"2026-04-21T01:49:05","slug":"abstract-pattern-fringe-cape","status":"publish","type":"product","link":"https:\/\/ozponcho.com.au\/pl\/p\/peleryna-z-fredzlami-w-abstrakcyjny-wzor\/","title":{"rendered":"Geometryczny kardigan z fr\u0119dzlami"},"content":{"rendered":"<p>Podnie\u015b sw\u00f3j jesienny i zimowy styl dzi\u0119ki temu przyci\u0105gaj\u0105cemu wzrok Geometric Tassel Poncho Cardigan. Kolorowe szewronowe paski i zabawne detale z fr\u0119dzlami sprawiaj\u0105, \u017ce jest to wyr\u00f3\u017cniaj\u0105cy si\u0119 element, kt\u00f3ry idealnie nadaje si\u0119 do nak\u0142adania warstw. Wykonany z mi\u0119kkiego, przytulnego poliestru, ten kardigan z d\u0142ugim r\u0119kawem oferuje zar\u00f3wno ciep\u0142o, jak i swobodny kr\u00f3j. Jest idealny do dodania odrobiny koloru do codziennej garderoby, a jego wszechstronny design bez wysi\u0142ku przechodzi od rze\u015bkiego jesiennego dnia do ch\u0142odnego wieczoru. Nie przegap okazji, by otuli\u0107 si\u0119 komfortem i szykownym, abstrakcyjnym designem!<\/p>\n<p>Styl: Casual<\/p>\n<p>Dopasowanie: Lu\u017any<\/p>\n<p>Materia\u0142: Poliester<\/p>\n<p>Wz\u00f3r: Szewron<\/p>\n<p>Element: Grzywka<\/p>\n<p>G\u00f3rna d\u0142ugo\u015b\u0107: D\u0142ugi<\/p>\n<p>Typ r\u0119kawa: Inne<\/p>\n<p>D\u0142ugo\u015b\u0107 r\u0119kawa: D\u0142ugi r\u0119kaw<\/p>\n<p>Typ zamkni\u0119cia: Inne<\/p>\n<p>G\u0142\u00f3wny sk\u0142ad: Poliester<\/p>\n<p>Sezon: Wiosna\/Jesie\u0144<\/p>\n<p><img decoding=\"async\" src=\"https:\/\/ozponcho.com.au\/wp-content\/uploads\/2024\/03\/1171409690685341696.png\" \/><img decoding=\"async\" src=\"https:\/\/ozponcho.com.au\/wp-content\/uploads\/2024\/03\/O1CN01RtsxBx21K1UAXYB4f_2599976965-0-cib.jpg\" \/><img decoding=\"async\" src=\"https:\/\/ozponcho.com.au\/wp-content\/uploads\/2024\/03\/O1CN014szQfg21K1U3l5Oi2_2599976965-0-cib.jpg\" \/><img decoding=\"async\" src=\"https:\/\/ozponcho.com.au\/wp-content\/uploads\/2024\/03\/O1CN01vLmihf21K1U2i5eBL_2599976965-0-cib.jpg\" \/><img decoding=\"async\" src=\"https:\/\/ozponcho.com.au\/wp-content\/uploads\/2024\/03\/O1CN016guFsv21K1U2njPMc_2599976965-0-cib.jpg\" \/><img decoding=\"async\" src=\"https:\/\/ozponcho.com.au\/wp-content\/uploads\/2024\/03\/O1CN01ZIWyhK21K1Tz4nBFs_2599976965-0-cib.jpg\" \/><img decoding=\"async\" src=\"https:\/\/ozponcho.com.au\/wp-content\/uploads\/2024\/03\/O1CN01LHs18121K1U8IESSM_2599976965-0-cib.jpg\" \/><img decoding=\"async\" src=\"https:\/\/ozponcho.com.au\/wp-content\/uploads\/2024\/03\/O1CN011P1Fia21K1U3tBcrO_2599976965-0-cib.jpg\" \/><img decoding=\"async\" src=\"https:\/\/ozponcho.com.au\/wp-content\/uploads\/2024\/03\/O1CN01Pw8tSx21K1U2sFV9Q_2599976965-0-cib.jpg\" \/><img decoding=\"async\" src=\"https:\/\/ozponcho.com.au\/wp-content\/uploads\/2024\/03\/O1CN01mutXsh21K1U3vGnVG_2599976965-0-cib.jpg\" \/><img decoding=\"async\" src=\"https:\/\/ozponcho.com.au\/wp-content\/uploads\/2024\/03\/O1CN013L2BHP21K1U3tChOM_2599976965-0-cib.jpg\" \/><img decoding=\"async\" src=\"https:\/\/ozponcho.com.au\/wp-content\/uploads\/2024\/03\/O1CN014YeLOB21K1U5eaYmz_2599976965-0-cib.jpg\" \/><img decoding=\"async\" src=\"https:\/\/ozponcho.com.au\/wp-content\/uploads\/2024\/03\/O1CN01wxNl4G21K1U72cf31_2599976965-0-cib.jpg\" \/><img decoding=\"async\" src=\"https:\/\/ozponcho.com.au\/wp-content\/uploads\/2024\/03\/O1CN0150tkRV21K1U5eb61z_2599976965-0-cib.jpg\" \/><img decoding=\"async\" src=\"https:\/\/ozponcho.com.au\/wp-content\/uploads\/2024\/03\/O1CN01ZutDWe21K1Tz4sx9W_2599976965-0-cib.jpg\" \/><img decoding=\"async\" src=\"https:\/\/ozponcho.com.au\/wp-content\/uploads\/2024\/03\/O1CN01Ic8VIJ21K1U5ebprE_2599976965-0-cib.jpg\" \/><\/p>","protected":false},"excerpt":{"rendered":"<p>Elevate your autumn and winter style with this eye-catching Geometric Tassel Poncho Cardigan. Its colorful chevron stripes and playful fringe details make it a standout piece that&#8217;s perfect for layering. Crafted from soft, cozy polyester, this long-sleeve cardigan offers both warmth and a relaxed fit. It&#8217;s ideal for adding a splash of color to your [&#8230;]","protected":false},"featured_media":12220,"template":"","meta":[],"product_brand":[],"product_cat":[15,228,210],"product_tag":[],"class_list":{"0":"post-12248","1":"product","2":"type-product","3":"status-publish","4":"has-post-thumbnail","6":"product_cat-main-category","7":"product_cat-poncho-sweater","8":"product_cat-poncho-women","10":"first","11":"outofstock","12":"shipping-taxable","13":"purchasable","14":"product-type-variable"},"yoast_head":"<!-- This site is optimized with the Yoast SEO plugin v25.9 - https:\/\/yoast.com\/wordpress\/plugins\/seo\/ -->\n<title>Geometric Tassel Poncho Cardigan | Polska #1 Poncho Shop<\/title>\n<meta name=\"description\" content=\"Looking for a Geometric Tassel Poncho Cardigan ? You&#039;ve come to the right place \ud83d\ude04 We offers a wide selection of Geometric Tassel Poncho Cardigan, perfect for you.\" \/>\n<meta name=\"robots\" content=\"index, follow, max-snippet:-1, max-image-preview:large, max-video-preview:-1\" \/>\n<link rel=\"canonical\" href=\"https:\/\/ozponcho.com.au\/pl\/p\/peleryna-z-fredzlami-w-abstrakcyjny-wzor\/\" \/>\n<meta property=\"og:locale\" content=\"pl_PL\" \/>\n<meta property=\"og:type\" content=\"article\" \/>\n<meta property=\"og:title\" content=\"Geometric Tassel Poncho Cardigan | Polska #1 Poncho Shop\" \/>\n<meta property=\"og:description\" content=\"Looking for a Geometric Tassel Poncho Cardigan ? You&#039;ve come to the right place \ud83d\ude04 We offers a wide selection of Geometric Tassel Poncho Cardigan, perfect for you.\" \/>\n<meta property=\"og:url\" content=\"https:\/\/ozponcho.com.au\/pl\/p\/peleryna-z-fredzlami-w-abstrakcyjny-wzor\/\" \/>\n<meta property=\"og:site_name\" content=\"OZ Poncho\" \/>\n<meta property=\"article:modified_time\" content=\"2026-04-21T01:49:05+00:00\" \/>\n<meta property=\"og:image\" content=\"https:\/\/ozponcho.com.au\/wp-content\/uploads\/2023\/12\/1171410055266828288.jpg\" \/>\n\t<meta property=\"og:image:width\" content=\"1361\" \/>\n\t<meta property=\"og:image:height\" content=\"1920\" \/>\n\t<meta property=\"og:image:type\" content=\"image\/jpeg\" \/>\n<meta name=\"twitter:card\" content=\"summary_large_image\" \/>\n<meta name=\"twitter:label1\" content=\"Szacowany czas czytania\" \/>\n\t<meta name=\"twitter:data1\" content=\"4 minuty\" \/>\n<script type=\"application\/ld+json\" class=\"yoast-schema-graph\">{\"@context\":\"https:\/\/schema.org\",\"@graph\":[{\"@type\":\"WebPage\",\"@id\":\"https:\/\/ozponcho.com.au\/p\/abstract-pattern-fringe-cape\/\",\"url\":\"https:\/\/ozponcho.com.au\/p\/abstract-pattern-fringe-cape\/\",\"name\":\"Geometric Tassel Poncho Cardigan | Polska #1 Poncho Shop\",\"isPartOf\":{\"@id\":\"https:\/\/ozponcho.com.au\/#website\"},\"primaryImageOfPage\":{\"@id\":\"https:\/\/ozponcho.com.au\/p\/abstract-pattern-fringe-cape\/#primaryimage\"},\"image\":{\"@id\":\"https:\/\/ozponcho.com.au\/p\/abstract-pattern-fringe-cape\/#primaryimage\"},\"thumbnailUrl\":\"https:\/\/ozponcho.com.au\/wp-content\/uploads\/2023\/12\/1171410055266828288.jpg\",\"datePublished\":\"2023-12-13T07:34:13+00:00\",\"dateModified\":\"2026-04-21T01:49:05+00:00\",\"description\":\"Looking for a Geometric Tassel Poncho Cardigan ? You've come to the right place \ud83d\ude04 We offers a wide selection of Geometric Tassel Poncho Cardigan, perfect for you.\",\"breadcrumb\":{\"@id\":\"https:\/\/ozponcho.com.au\/p\/abstract-pattern-fringe-cape\/#breadcrumb\"},\"inLanguage\":\"pl-PL\",\"potentialAction\":[{\"@type\":\"ReadAction\",\"target\":[\"https:\/\/ozponcho.com.au\/p\/abstract-pattern-fringe-cape\/\"]}]},{\"@type\":\"ImageObject\",\"inLanguage\":\"pl-PL\",\"@id\":\"https:\/\/ozponcho.com.au\/p\/abstract-pattern-fringe-cape\/#primaryimage\",\"url\":\"https:\/\/ozponcho.com.au\/wp-content\/uploads\/2023\/12\/1171410055266828288.jpg\",\"contentUrl\":\"https:\/\/ozponcho.com.au\/wp-content\/uploads\/2023\/12\/1171410055266828288.jpg\",\"width\":1361,\"height\":1920,\"caption\":\"Geometric Tassel Poncho Cardigan\"},{\"@type\":\"BreadcrumbList\",\"@id\":\"https:\/\/ozponcho.com.au\/p\/abstract-pattern-fringe-cape\/#breadcrumb\",\"itemListElement\":[{\"@type\":\"ListItem\",\"position\":1,\"name\":\"Home\",\"item\":\"https:\/\/ozponcho.com.au\/\"},{\"@type\":\"ListItem\",\"position\":2,\"name\":\"Shop\",\"item\":\"https:\/\/ozponcho.com.au\/shop\/\"},{\"@type\":\"ListItem\",\"position\":3,\"name\":\"Geometric Tassel Poncho Cardigan\"}]},{\"@type\":\"WebSite\",\"@id\":\"https:\/\/ozponcho.com.au\/#website\",\"url\":\"https:\/\/ozponcho.com.au\/\",\"name\":\"OZ Poncho\",\"description\":\"\",\"potentialAction\":[{\"@type\":\"SearchAction\",\"target\":{\"@type\":\"EntryPoint\",\"urlTemplate\":\"https:\/\/ozponcho.com.au\/?s={search_term_string}\"},\"query-input\":{\"@type\":\"PropertyValueSpecification\",\"valueRequired\":true,\"valueName\":\"search_term_string\"}}],\"inLanguage\":\"pl-PL\"}]}<\/script>\n<!-- \/ Yoast SEO plugin. -->","yoast_head_json":{"title":"Geometryczne ponczo kardigan z fr\u0119dzlami | Polska #1 Poncho Shop","description":"Szukasz Geometric Tassel Poncho Cardigan ? Jeste\u015b we w\u0142a\u015bciwym miejscu \ud83d\ude04 W naszej ofercie posiadamy szeroki wyb\u00f3r Geometric Tassel Poncho Cardigan, idealnych dla Ciebie.","robots":{"index":"index","follow":"follow","max-snippet":"max-snippet:-1","max-image-preview":"max-image-preview:large","max-video-preview":"max-video-preview:-1"},"canonical":"https:\/\/ozponcho.com.au\/pl\/p\/peleryna-z-fredzlami-w-abstrakcyjny-wzor\/","og_locale":"pl_PL","og_type":"article","og_title":"Geometric Tassel Poncho Cardigan | Polska #1 Poncho Shop","og_description":"Looking for a Geometric Tassel Poncho Cardigan ? You've come to the right place \ud83d\ude04 We offers a wide selection of Geometric Tassel Poncho Cardigan, perfect for you.","og_url":"https:\/\/ozponcho.com.au\/pl\/p\/peleryna-z-fredzlami-w-abstrakcyjny-wzor\/","og_site_name":"OZ Poncho","article_modified_time":"2026-04-21T01:49:05+00:00","og_image":[{"width":1361,"height":1920,"url":"https:\/\/ozponcho.com.au\/wp-content\/uploads\/2023\/12\/1171410055266828288.jpg","type":"image\/jpeg"}],"twitter_card":"summary_large_image","twitter_misc":{"Szacowany czas czytania":"4 minuty"},"schema":{"@context":"https:\/\/schema.org","@graph":[{"@type":"WebPage","@id":"https:\/\/ozponcho.com.au\/p\/abstract-pattern-fringe-cape\/","url":"https:\/\/ozponcho.com.au\/p\/abstract-pattern-fringe-cape\/","name":"Geometryczne ponczo kardigan z fr\u0119dzlami | Polska #1 Poncho Shop","isPartOf":{"@id":"https:\/\/ozponcho.com.au\/#website"},"primaryImageOfPage":{"@id":"https:\/\/ozponcho.com.au\/p\/abstract-pattern-fringe-cape\/#primaryimage"},"image":{"@id":"https:\/\/ozponcho.com.au\/p\/abstract-pattern-fringe-cape\/#primaryimage"},"thumbnailUrl":"https:\/\/ozponcho.com.au\/wp-content\/uploads\/2023\/12\/1171410055266828288.jpg","datePublished":"2023-12-13T07:34:13+00:00","dateModified":"2026-04-21T01:49:05+00:00","description":"Szukasz Geometric Tassel Poncho Cardigan ? Jeste\u015b we w\u0142a\u015bciwym miejscu \ud83d\ude04 W naszej ofercie posiadamy szeroki wyb\u00f3r Geometric Tassel Poncho Cardigan, idealnych dla Ciebie.","breadcrumb":{"@id":"https:\/\/ozponcho.com.au\/p\/abstract-pattern-fringe-cape\/#breadcrumb"},"inLanguage":"pl-PL","potentialAction":[{"@type":"ReadAction","target":["https:\/\/ozponcho.com.au\/p\/abstract-pattern-fringe-cape\/"]}]},{"@type":"ImageObject","inLanguage":"pl-PL","@id":"https:\/\/ozponcho.com.au\/p\/abstract-pattern-fringe-cape\/#primaryimage","url":"https:\/\/ozponcho.com.au\/wp-content\/uploads\/2023\/12\/1171410055266828288.jpg","contentUrl":"https:\/\/ozponcho.com.au\/wp-content\/uploads\/2023\/12\/1171410055266828288.jpg","width":1361,"height":1920,"caption":"Geometric Tassel Poncho Cardigan"},{"@type":"BreadcrumbList","@id":"https:\/\/ozponcho.com.au\/p\/abstract-pattern-fringe-cape\/#breadcrumb","itemListElement":[{"@type":"ListItem","position":1,"name":"Home","item":"https:\/\/ozponcho.com.au\/"},{"@type":"ListItem","position":2,"name":"Shop","item":"https:\/\/ozponcho.com.au\/shop\/"},{"@type":"ListItem","position":3,"name":"Geometric Tassel Poncho Cardigan"}]},{"@type":"WebSite","@id":"https:\/\/ozponcho.com.au\/#website","url":"https:\/\/ozponcho.com.au\/","name":"Poncho OZ","description":"","potentialAction":[{"@type":"SearchAction","target":{"@type":"EntryPoint","urlTemplate":"https:\/\/ozponcho.com.au\/?s={search_term_string}"},"query-input":{"@type":"PropertyValueSpecification","valueRequired":true,"valueName":"search_term_string"}}],"inLanguage":"pl-PL"}]}},"_links":{"self":[{"href":"https:\/\/ozponcho.com.au\/pl\/wp-json\/wp\/v2\/product\/12248","targetHints":{"allow":["GET"]}}],"collection":[{"href":"https:\/\/ozponcho.com.au\/pl\/wp-json\/wp\/v2\/product"}],"about":[{"href":"https:\/\/ozponcho.com.au\/pl\/wp-json\/wp\/v2\/types\/product"}],"wp:featuredmedia":[{"embeddable":true,"href":"https:\/\/ozponcho.com.au\/pl\/wp-json\/wp\/v2\/media\/12220"}],"wp:attachment":[{"href":"https:\/\/ozponcho.com.au\/pl\/wp-json\/wp\/v2\/media?parent=12248"}],"wp:term":[{"taxonomy":"product_brand","embeddable":true,"href":"https:\/\/ozponcho.com.au\/pl\/wp-json\/wp\/v2\/product_brand?post=12248"},{"taxonomy":"product_cat","embeddable":true,"href":"https:\/\/ozponcho.com.au\/pl\/wp-json\/wp\/v2\/product_cat?post=12248"},{"taxonomy":"product_tag","embeddable":true,"href":"https:\/\/ozponcho.com.au\/pl\/wp-json\/wp\/v2\/product_tag?post=12248"}],"curies":[{"name":"wp","href":"https:\/\/api.w.org\/{rel}","templated":true}]}}