{"id":32,"date":"2022-11-26T15:54:13","date_gmt":"2022-11-26T04:54:13","guid":{"rendered":"https:\/\/ozponcho.com.au\/?page_id=32"},"modified":"2024-03-08T14:21:44","modified_gmt":"2024-03-08T03:21:44","slug":"about-us","status":"publish","type":"page","link":"https:\/\/ozponcho.com.au\/pl\/o-nas\/","title":{"rendered":"O nas"},"content":{"rendered":"<h2>Kim jeste\u015bmy<\/h2>\n<p>Witamy w Oz Poncho! Jeste\u015bmy rodzinn\u0105 firm\u0105 z siedzib\u0105 w Polsce, kt\u00f3ra jest pasjonatem poncho i wszystkiego, co z nim zwi\u0105zane.<\/p>\n<p>Od pocz\u0105tku naszej skromnej dzia\u0142alno\u015bci jeste\u015bmy zaanga\u017cowani w dostarczanie wysokiej jako\u015bci poncho w przyst\u0119pnych cenach dla klient\u00f3w w ca\u0142ym kraju. Nasza kolekcja stylowych, ale wygodnych poncho obejmuje zar\u00f3wno klasyczne wzory, jak i odwa\u017cne stylizacje - idealne na ka\u017cd\u0105 okazj\u0119 i por\u0119 roku. Niezale\u017cnie od tego, czy chcesz czego\u015b tradycyjnego, nowoczesnego czy wyj\u0105tkowego; mamy to!<\/p>\n<p>Rozumiemy, jak wa\u017cny mo\u017ce by\u0107 komfort podczas noszenia takich element\u00f3w odzie\u017cy, wi\u0119c ka\u017cdy element zosta\u0142 zaprojektowany z my\u015bl\u0105 o Twoich potrzebach - nie ma nic gorszego ni\u017c niewygodny str\u00f3j rujnuj\u0105cy Tw\u00f3j dzie\u0144! Dlatego wszystko tutaj jest wykonane ze starannie dobranych materia\u0142\u00f3w, takich jak mi\u0119kkie mieszanki we\u0142ny i dzianiny bawe\u0142niane, kt\u00f3re zapewni\u0105 ciep\u0142o bez uczucia zbytniego obci\u0105\u017cenia w ch\u0142odniejsze dni. Ponadto mo\u017cna je pra\u0107 w pralce, dzi\u0119ki czemu s\u0105 \u0142atwe w utrzymaniu przez d\u0142ugi czas (tylko nie zapomnij nie umieszcza\u0107 ich w pobli\u017cu ciep\u0142a!).<\/p>\n<p>W Oz Poncho obs\u0142uga klienta jest najwa\u017cniejsza: ka\u017cde zam\u00f3wienie obejmuje bezp\u0142atn\u0105 wysy\u0142k\u0119 na terenie Polski oraz spersonalizowane porady w razie potrzeby, wi\u0119c upewnij si\u0119, \u017ce otrzymasz to, co najlepiej pasuje do Twojej sylwetki i preferencji stylistycznych przed zako\u0144czeniem procesu p\u0142atno\u015bci \ud83d\ude09 Nie ma znaczenia, kto nosi to ubranie, ka\u017cdy zas\u0142uguje na to, aby czu\u0107 si\u0119 dobrze we w\u0142asnej sk\u00f3rze, a my jeste\u015bmy tutaj, aby pom\u00f3c to osi\u0105gn\u0105\u0107.<\/p>\n<p>Wi\u0119c \u015bmia\u0142o, odkryj nasz\u0105 kolekcj\u0119 poncho ju\u017c dzi\u015b!<\/p>\n<h2>Nasze podstawowe warto\u015bci<\/h2>\n<p>W Oz Poncho jeste\u015bmy zaanga\u017cowani w dostarczanie wysokiej jako\u015bci odzie\u017cy w przyst\u0119pnej cenie. D\u0105\u017cymy do doskona\u0142o\u015bci w obs\u0142udze klienta i wierzymy, \u017ce ka\u017cdy powinien by\u0107 w stanie czu\u0107 si\u0119 dobrze w tym, co nosi, bez rozbijania banku. Dlatego nasze podstawowe warto\u015bci obejmuj\u0105:<\/p>\n<ul>\n<li>Jako\u015b\u0107 - nasze poncza s\u0105 wykonane ze starannie dobranych materia\u0142\u00f3w, takich jak mi\u0119kkie mieszanki we\u0142ny i dzianiny bawe\u0142nianej, kt\u00f3re zapewni\u0105 ciep\u0142o bez uczucia zbytniego obci\u0105\u017cenia w ch\u0142odniejsze dni. Ponadto mo\u017cna je pra\u0107 w pralce, dzi\u0119ki czemu s\u0105 \u0142atwe w utrzymaniu przez d\u0142ugi czas!<\/li>\n<li>Komfort i styl - ka\u017cdy element zosta\u0142 zaprojektowany z my\u015bl\u0105 o Twoich potrzebach, wi\u0119c niezale\u017cnie od tego, czy chcesz czego\u015b tradycyjnego, nowoczesnego czy wyj\u0105tkowego; mamy to wszystko tutaj, czekaj\u0105c na Ciebie \ud83d\ude09<\/li>\n<li>Przyst\u0119pne ceny - Nikt nie lubi wydawa\u0107 fortuny podczas zakup\u00f3w, ale nikt te\u017c nie chce tanich przedmiot\u00f3w; dlatego wszystko tutaj jest w rozs\u0105dnych cenach, dzi\u0119ki czemu klienci w ca\u0142ej Polsce maj\u0105 dost\u0119p do \u015bwietnego wygl\u0105du za mniej pieni\u0119dzy ni\u017c kiedykolwiek wcze\u015bniej!<\/li>\n<li>Obs\u0142uga klienta jest najwa\u017cniejsza - ka\u017cde zam\u00f3wienie obejmuje bezp\u0142atn\u0105 wysy\u0142k\u0119 na terenie Polski oraz spersonalizowane porady, dzi\u0119ki kt\u00f3rym ka\u017cda osoba otrzyma dok\u0142adnie to, co najlepiej pasuje do jej kszta\u0142tu cia\u0142a i preferencji stylistycznych \ud83d\ude42<\/li>\n<\/ul>\n<p>Do\u0142\u0105cz do nas ju\u017c dzi\u015b i odkryj ten ekscytuj\u0105cy \u015bwiat modnych i wygodnych poncho!<\/p>","protected":false},"excerpt":{"rendered":"<p>Who We Are Welcome to Oz Poncho! We are a family-owned business based in that is passionate about ponchos and all things related. Since our humble beginnings, we have been committed to providing high-quality ponchos at affordable prices for customers across the country. Our collection of stylish yet comfortable pieces range from classic designs to [&#8230;]","protected":false},"author":1,"featured_media":0,"parent":0,"menu_order":0,"comment_status":"closed","ping_status":"closed","template":"page-blank-title-center.php","meta":{"footnotes":""},"class_list":["post-32","page","type-page","status-publish","hentry"],"yoast_head":"<!-- This site is optimized with the Yoast SEO plugin v25.9 - https:\/\/yoast.com\/wordpress\/plugins\/seo\/ -->\n<title>About us | OZ Poncho<\/title>\n<meta name=\"robots\" content=\"index, follow, max-snippet:-1, max-image-preview:large, max-video-preview:-1\" \/>\n<link rel=\"canonical\" href=\"https:\/\/ozponcho.com.au\/pl\/o-nas\/\" \/>\n<meta property=\"og:locale\" content=\"pl_PL\" \/>\n<meta property=\"og:type\" content=\"article\" \/>\n<meta property=\"og:title\" content=\"About us | OZ Poncho\" \/>\n<meta property=\"og:description\" content=\"Who We Are Welcome to Oz Poncho! We are a family-owned business based in that is passionate about ponchos and all things related. Since our humble beginnings, we have been committed to providing high-quality ponchos at affordable prices for customers across the country. Our collection of stylish yet comfortable pieces range from classic designs to [...]\" \/>\n<meta property=\"og:url\" content=\"https:\/\/ozponcho.com.au\/pl\/o-nas\/\" \/>\n<meta property=\"og:site_name\" content=\"OZ Poncho\" \/>\n<meta property=\"article:modified_time\" content=\"2024-03-08T03:21:44+00:00\" \/>\n<meta name=\"twitter:card\" content=\"summary_large_image\" \/>\n<meta name=\"twitter:label1\" content=\"Szacowany czas czytania\" \/>\n\t<meta name=\"twitter:data1\" content=\"2 minuty\" \/>\n<script type=\"application\/ld+json\" class=\"yoast-schema-graph\">{\"@context\":\"https:\/\/schema.org\",\"@graph\":[{\"@type\":\"WebPage\",\"@id\":\"https:\/\/ozponcho.com.au\/about-us\/\",\"url\":\"https:\/\/ozponcho.com.au\/about-us\/\",\"name\":\"About us | OZ Poncho\",\"isPartOf\":{\"@id\":\"https:\/\/ozponcho.com.au\/#website\"},\"datePublished\":\"2022-11-26T04:54:13+00:00\",\"dateModified\":\"2024-03-08T03:21:44+00:00\",\"breadcrumb\":{\"@id\":\"https:\/\/ozponcho.com.au\/about-us\/#breadcrumb\"},\"inLanguage\":\"pl-PL\",\"potentialAction\":[{\"@type\":\"ReadAction\",\"target\":[\"https:\/\/ozponcho.com.au\/about-us\/\"]}]},{\"@type\":\"BreadcrumbList\",\"@id\":\"https:\/\/ozponcho.com.au\/about-us\/#breadcrumb\",\"itemListElement\":[{\"@type\":\"ListItem\",\"position\":1,\"name\":\"Home\",\"item\":\"https:\/\/ozponcho.com.au\/\"},{\"@type\":\"ListItem\",\"position\":2,\"name\":\"About us\"}]},{\"@type\":\"WebSite\",\"@id\":\"https:\/\/ozponcho.com.au\/#website\",\"url\":\"https:\/\/ozponcho.com.au\/\",\"name\":\"OZ Poncho\",\"description\":\"\",\"potentialAction\":[{\"@type\":\"SearchAction\",\"target\":{\"@type\":\"EntryPoint\",\"urlTemplate\":\"https:\/\/ozponcho.com.au\/?s={search_term_string}\"},\"query-input\":{\"@type\":\"PropertyValueSpecification\",\"valueRequired\":true,\"valueName\":\"search_term_string\"}}],\"inLanguage\":\"pl-PL\"}]}<\/script>\n<!-- \/ Yoast SEO plugin. -->","yoast_head_json":{"title":"O nas | OZ Poncho","robots":{"index":"index","follow":"follow","max-snippet":"max-snippet:-1","max-image-preview":"max-image-preview:large","max-video-preview":"max-video-preview:-1"},"canonical":"https:\/\/ozponcho.com.au\/pl\/o-nas\/","og_locale":"pl_PL","og_type":"article","og_title":"About us | OZ Poncho","og_description":"Who We Are Welcome to Oz Poncho! We are a family-owned business based in that is passionate about ponchos and all things related. Since our humble beginnings, we have been committed to providing high-quality ponchos at affordable prices for customers across the country. Our collection of stylish yet comfortable pieces range from classic designs to [...]","og_url":"https:\/\/ozponcho.com.au\/pl\/o-nas\/","og_site_name":"OZ Poncho","article_modified_time":"2024-03-08T03:21:44+00:00","twitter_card":"summary_large_image","twitter_misc":{"Szacowany czas czytania":"2 minuty"},"schema":{"@context":"https:\/\/schema.org","@graph":[{"@type":"WebPage","@id":"https:\/\/ozponcho.com.au\/about-us\/","url":"https:\/\/ozponcho.com.au\/about-us\/","name":"O nas | OZ Poncho","isPartOf":{"@id":"https:\/\/ozponcho.com.au\/#website"},"datePublished":"2022-11-26T04:54:13+00:00","dateModified":"2024-03-08T03:21:44+00:00","breadcrumb":{"@id":"https:\/\/ozponcho.com.au\/about-us\/#breadcrumb"},"inLanguage":"pl-PL","potentialAction":[{"@type":"ReadAction","target":["https:\/\/ozponcho.com.au\/about-us\/"]}]},{"@type":"BreadcrumbList","@id":"https:\/\/ozponcho.com.au\/about-us\/#breadcrumb","itemListElement":[{"@type":"ListItem","position":1,"name":"Home","item":"https:\/\/ozponcho.com.au\/"},{"@type":"ListItem","position":2,"name":"About us"}]},{"@type":"WebSite","@id":"https:\/\/ozponcho.com.au\/#website","url":"https:\/\/ozponcho.com.au\/","name":"Poncho OZ","description":"","potentialAction":[{"@type":"SearchAction","target":{"@type":"EntryPoint","urlTemplate":"https:\/\/ozponcho.com.au\/?s={search_term_string}"},"query-input":{"@type":"PropertyValueSpecification","valueRequired":true,"valueName":"search_term_string"}}],"inLanguage":"pl-PL"}]}},"_links":{"self":[{"href":"https:\/\/ozponcho.com.au\/pl\/wp-json\/wp\/v2\/pages\/32","targetHints":{"allow":["GET"]}}],"collection":[{"href":"https:\/\/ozponcho.com.au\/pl\/wp-json\/wp\/v2\/pages"}],"about":[{"href":"https:\/\/ozponcho.com.au\/pl\/wp-json\/wp\/v2\/types\/page"}],"author":[{"embeddable":true,"href":"https:\/\/ozponcho.com.au\/pl\/wp-json\/wp\/v2\/users\/1"}],"replies":[{"embeddable":true,"href":"https:\/\/ozponcho.com.au\/pl\/wp-json\/wp\/v2\/comments?post=32"}],"version-history":[{"count":0,"href":"https:\/\/ozponcho.com.au\/pl\/wp-json\/wp\/v2\/pages\/32\/revisions"}],"wp:attachment":[{"href":"https:\/\/ozponcho.com.au\/pl\/wp-json\/wp\/v2\/media?parent=32"}],"curies":[{"name":"wp","href":"https:\/\/api.w.org\/{rel}","templated":true}]}}