{"id":28,"date":"2022-11-26T15:52:19","date_gmt":"2022-11-26T04:52:19","guid":{"rendered":"https:\/\/ozponcho.com.au\/?page_id=28"},"modified":"2022-11-26T16:21:02","modified_gmt":"2022-11-26T05:21:02","slug":"refund-and-returns-policy","status":"publish","type":"page","link":"https:\/\/ozponcho.com.au\/pl\/polityka-zwrotow-i-refundacji\/","title":{"rendered":"Polityka zwrot\u00f3w i refundacji"},"content":{"rendered":"<h2>Chcia\u0142bym <strong>powr\u00f3t<\/strong> lub <strong>wymiana*<\/strong> przedmiot, kt\u00f3ry mi nie odpowiada.<\/h2>\n<p><strong>Krok 1:<\/strong> Je\u015bli chcesz <strong>powr\u00f3t<\/strong> lub <strong>wymiana<\/strong> (aby uzyska\u0107 inny rozmiar lub kolor), upewnij si\u0119, \u017ce spe\u0142niasz nast\u0119puj\u0105ce warunki:<\/p>\n<ul>\n<li>Na zwrot paczki masz 14 dni od jej otrzymania.<\/li>\n<li>Etykiety musz\u0105 by\u0107 przymocowane do przedmiotu w taki sam spos\u00f3b, w jaki zosta\u0142y odebrane.<\/li>\n<li>Przedmiot musi znajdowa\u0107 si\u0119 w oryginalnym opakowaniu.<\/li>\n<\/ul>\n<p><strong>Krok 2:<\/strong> Contact us by email at contact@ozponcho.com.au or directly via our contact.<\/p>\n<p>Upewnij si\u0119, \u017ce w wiadomo\u015bci e-mail znajduj\u0105 si\u0119 nast\u0119puj\u0105ce informacje\u00a0<strong>numer zam\u00f3wienia<\/strong>, <strong>nazwy zwr\u00f3conych przedmiot\u00f3w<\/strong>jak r\u00f3wnie\u017c <strong>co chcesz uzyska\u0107 w ramach zwrotu<\/strong> (zwrot pieni\u0119dzy, voucher lub wymiana na inny rozmiar\/kolor).<\/p>\n<p><strong>Krok 3:<\/strong>\u00a0Odpowiemy w ci\u0105gu 48 godzin, podaj\u0105c adres pocztowy, na kt\u00f3ry nale\u017cy zwr\u00f3ci\u0107 towar.<\/p>\n<p>Nale\u017cy poinformowa\u0107, \u017ce\u00a0<strong>Koszty wysy\u0142ki zwrotnej pozostaj\u0105 na koszt u\u017cytkownika<\/strong>.<\/p>\n<p><em>Produkty musz\u0105 by\u0107 zwr\u00f3cone w oryginalnym stanie. Wszelkie przedmioty, kt\u00f3re by\u0142y prane lub noszone (bez metki), nie mog\u0105 zosta\u0107 zwr\u00f3cone ani zrefundowane.<\/em><\/p>\n<p><strong>Krok 4<\/strong>: Potwierd\u017a nam e-mailem, \u017ce Tw\u00f3j produkt zosta\u0142 wys\u0142any i podaj nam jego adres e-mail.\u00a0<strong>numer przesy\u0142ki paczki<\/strong>.<\/p>\n<p>Pozwoli nam to ui\u015bci\u0107 ewentualne op\u0142aty celne.\u00a0<strong>Je\u015bli nie b\u0119dziemy posiada\u0107 tych informacji, nie b\u0119dziemy w stanie ui\u015bci\u0107 op\u0142at celnych, a przesy\u0142ka zostanie automatycznie zwr\u00f3cona do u\u017cytkownika<\/strong>.<\/p>\n<p><strong>Krok 5:<\/strong> Jak tylko otrzymamy przedmioty, zostan\u0105 one sprawdzone i zgodnie z twoj\u0105 pro\u015bb\u0105:<\/p>\n<ul>\n<li>Zwrot \u015brodk\u00f3w: otrzymasz wiadomo\u015b\u0107 e-mail z potwierdzeniem zwrotu \u015brodk\u00f3w za zam\u00f3wienie.<\/li>\n<li>Wymiana produkt\u00f3w: Przedmioty zostan\u0105 wymienione przez osoby wskazane w formularzu zwrotu, otrzymasz wiadomo\u015b\u0107 e-mail potwierdzaj\u0105c\u0105 wymian\u0119, a tak\u017ce nowy numer zam\u00f3wienia.<\/li>\n<\/ul>\nOZ Poncho reserves the right to refuse returns sent or communicated after the delay of return, or articles which are not in the same condition as when they were received. Once the return is approved, you will be refunded through the <strong>ta sama metoda p\u0142atno\u015bci, kt\u00f3ra zosta\u0142a u\u017cyta do dokonania zakupu<\/strong>. Maksymalne op\u00f3\u017anienie zwrotu wynosi 10 dni. Nale\u017cy pami\u0119ta\u0107, \u017ce op\u00f3\u017anienie zwrotu \u015brodk\u00f3w na konto bankowe zawsze zale\u017cy od banku.<\/p>","protected":false},"excerpt":{"rendered":"<p>I would like to return or exchange* an item that does not suit me. Step 1: If you would like to return or exchange your item (to get a different size or color), please make sure that you meet the following conditions: You have 14 days following the reception of your package to return it [&#8230;]","protected":false},"author":1,"featured_media":0,"parent":0,"menu_order":0,"comment_status":"closed","ping_status":"closed","template":"page-blank-title-center.php","meta":{"footnotes":""},"class_list":["post-28","page","type-page","status-publish","hentry"],"yoast_head":"<!-- This site is optimized with the Yoast SEO plugin v25.9 - https:\/\/yoast.com\/wordpress\/plugins\/seo\/ -->\n<title>Refund and Returns Policy | OZ Poncho<\/title>\n<meta name=\"robots\" content=\"noindex, follow\" \/>\n<meta property=\"og:locale\" content=\"pl_PL\" \/>\n<meta property=\"og:type\" content=\"article\" \/>\n<meta property=\"og:title\" content=\"Refund and Returns Policy | OZ Poncho\" \/>\n<meta property=\"og:description\" content=\"I would like to return or exchange* an item that does not suit me. Step 1: If you would like to return or exchange your item (to get a different size or color), please make sure that you meet the following conditions: You have 14 days following the reception of your package to return it [...]\" \/>\n<meta property=\"og:url\" content=\"https:\/\/ozponcho.com.au\/pl\/polityka-zwrotow-i-refundacji\/\" \/>\n<meta property=\"og:site_name\" content=\"OZ Poncho\" \/>\n<meta property=\"article:modified_time\" content=\"2022-11-26T05:21:02+00:00\" \/>\n<meta name=\"twitter:card\" content=\"summary_large_image\" \/>\n<meta name=\"twitter:label1\" content=\"Szacowany czas czytania\" \/>\n\t<meta name=\"twitter:data1\" content=\"2 minuty\" \/>\n<script type=\"application\/ld+json\" class=\"yoast-schema-graph\">{\"@context\":\"https:\/\/schema.org\",\"@graph\":[{\"@type\":\"WebPage\",\"@id\":\"https:\/\/ozponcho.com.au\/refund-and-returns-policy\/\",\"url\":\"https:\/\/ozponcho.com.au\/refund-and-returns-policy\/\",\"name\":\"Refund and Returns Policy | OZ Poncho\",\"isPartOf\":{\"@id\":\"https:\/\/ozponcho.com.au\/#website\"},\"datePublished\":\"2022-11-26T04:52:19+00:00\",\"dateModified\":\"2022-11-26T05:21:02+00:00\",\"breadcrumb\":{\"@id\":\"https:\/\/ozponcho.com.au\/refund-and-returns-policy\/#breadcrumb\"},\"inLanguage\":\"pl-PL\",\"potentialAction\":[{\"@type\":\"ReadAction\",\"target\":[\"https:\/\/ozponcho.com.au\/refund-and-returns-policy\/\"]}]},{\"@type\":\"BreadcrumbList\",\"@id\":\"https:\/\/ozponcho.com.au\/refund-and-returns-policy\/#breadcrumb\",\"itemListElement\":[{\"@type\":\"ListItem\",\"position\":1,\"name\":\"Home\",\"item\":\"https:\/\/ozponcho.com.au\/\"},{\"@type\":\"ListItem\",\"position\":2,\"name\":\"Refund and Returns Policy\"}]},{\"@type\":\"WebSite\",\"@id\":\"https:\/\/ozponcho.com.au\/#website\",\"url\":\"https:\/\/ozponcho.com.au\/\",\"name\":\"OZ Poncho\",\"description\":\"\",\"potentialAction\":[{\"@type\":\"SearchAction\",\"target\":{\"@type\":\"EntryPoint\",\"urlTemplate\":\"https:\/\/ozponcho.com.au\/?s={search_term_string}\"},\"query-input\":{\"@type\":\"PropertyValueSpecification\",\"valueRequired\":true,\"valueName\":\"search_term_string\"}}],\"inLanguage\":\"pl-PL\"}]}<\/script>\n<!-- \/ Yoast SEO plugin. -->","yoast_head_json":{"title":"Polityka zwrot\u00f3w | OZ Poncho","robots":{"index":"noindex","follow":"follow"},"og_locale":"pl_PL","og_type":"article","og_title":"Refund and Returns Policy | OZ Poncho","og_description":"I would like to return or exchange* an item that does not suit me. Step 1: If you would like to return or exchange your item (to get a different size or color), please make sure that you meet the following conditions: You have 14 days following the reception of your package to return it [...]","og_url":"https:\/\/ozponcho.com.au\/pl\/polityka-zwrotow-i-refundacji\/","og_site_name":"OZ Poncho","article_modified_time":"2022-11-26T05:21:02+00:00","twitter_card":"summary_large_image","twitter_misc":{"Szacowany czas czytania":"2 minuty"},"schema":{"@context":"https:\/\/schema.org","@graph":[{"@type":"WebPage","@id":"https:\/\/ozponcho.com.au\/refund-and-returns-policy\/","url":"https:\/\/ozponcho.com.au\/refund-and-returns-policy\/","name":"Polityka zwrot\u00f3w | OZ Poncho","isPartOf":{"@id":"https:\/\/ozponcho.com.au\/#website"},"datePublished":"2022-11-26T04:52:19+00:00","dateModified":"2022-11-26T05:21:02+00:00","breadcrumb":{"@id":"https:\/\/ozponcho.com.au\/refund-and-returns-policy\/#breadcrumb"},"inLanguage":"pl-PL","potentialAction":[{"@type":"ReadAction","target":["https:\/\/ozponcho.com.au\/refund-and-returns-policy\/"]}]},{"@type":"BreadcrumbList","@id":"https:\/\/ozponcho.com.au\/refund-and-returns-policy\/#breadcrumb","itemListElement":[{"@type":"ListItem","position":1,"name":"Home","item":"https:\/\/ozponcho.com.au\/"},{"@type":"ListItem","position":2,"name":"Refund and Returns Policy"}]},{"@type":"WebSite","@id":"https:\/\/ozponcho.com.au\/#website","url":"https:\/\/ozponcho.com.au\/","name":"Poncho OZ","description":"","potentialAction":[{"@type":"SearchAction","target":{"@type":"EntryPoint","urlTemplate":"https:\/\/ozponcho.com.au\/?s={search_term_string}"},"query-input":{"@type":"PropertyValueSpecification","valueRequired":true,"valueName":"search_term_string"}}],"inLanguage":"pl-PL"}]}},"_links":{"self":[{"href":"https:\/\/ozponcho.com.au\/pl\/wp-json\/wp\/v2\/pages\/28","targetHints":{"allow":["GET"]}}],"collection":[{"href":"https:\/\/ozponcho.com.au\/pl\/wp-json\/wp\/v2\/pages"}],"about":[{"href":"https:\/\/ozponcho.com.au\/pl\/wp-json\/wp\/v2\/types\/page"}],"author":[{"embeddable":true,"href":"https:\/\/ozponcho.com.au\/pl\/wp-json\/wp\/v2\/users\/1"}],"replies":[{"embeddable":true,"href":"https:\/\/ozponcho.com.au\/pl\/wp-json\/wp\/v2\/comments?post=28"}],"version-history":[{"count":0,"href":"https:\/\/ozponcho.com.au\/pl\/wp-json\/wp\/v2\/pages\/28\/revisions"}],"wp:attachment":[{"href":"https:\/\/ozponcho.com.au\/pl\/wp-json\/wp\/v2\/media?parent=28"}],"curies":[{"name":"wp","href":"https:\/\/api.w.org\/{rel}","templated":true}]}}