{"id":23,"date":"2022-11-26T15:51:17","date_gmt":"2022-11-26T04:51:17","guid":{"rendered":"https:\/\/ozponcho.com.au\/?page_id=23"},"modified":"2023-11-08T21:11:28","modified_gmt":"2023-11-08T10:11:28","slug":"privacy-policy","status":"publish","type":"page","link":"https:\/\/ozponcho.com.au\/pl\/polityka-prywatnosci\/","title":{"rendered":"Polityka prywatno\u015bci"},"content":{"rendered":"<p>This Privacy Policy describes how your personal information is collected, used,and shared when you visit or make a purchase from ozponcho.com.au (the \u201cSite\u201d).<\/p>\n<h2>GROMADZONE PRZEZ NAS DANE OSOBOWE<\/h2>\n<p>Gdy u\u017cytkownik odwiedza Witryn\u0119, automatycznie gromadzimy pewne informacje o jego urz\u0105dzeniu, w tym informacje o przegl\u0105darce internetowej, adresie IP, strefie czasowej i niekt\u00f3rych plikach cookie zainstalowanych na urz\u0105dzeniu. Ponadto, podczas przegl\u0105dania Witryny, gromadzimy informacje o poszczeg\u00f3lnych stronach internetowych lub produktach, kt\u00f3re u\u017cytkownik przegl\u0105da, jakie strony internetowe lub wyszukiwane has\u0142a skierowa\u0142y u\u017cytkownika do Witryny oraz informacje o tym, w jaki spos\u00f3b u\u017cytkownik wchodzi w interakcj\u0119 z Witryn\u0105. Te automatycznie zbierane informacje okre\u015blamy mianem \"Informacji o urz\u0105dzeniu\".<\/p>\n<p>Zbieramy informacje o urz\u0105dzeniach przy u\u017cyciu nast\u0119puj\u0105cych technologii:<\/p>\n<ul>\n<li>\"Pliki cookie\" to pliki danych, kt\u00f3re s\u0105 umieszczane na urz\u0105dzeniu lub komputerze u\u017cytkownika i cz\u0119sto zawieraj\u0105 anonimowy, niepowtarzalny identyfikator. Wi\u0119cej informacji na temat plik\u00f3w cookie i sposobu ich wy\u0142\u0105czania mo\u017cna znale\u017a\u0107 na stronie http:\/\/www.allaboutcookies.org.<\/li>\n<li>\"Pliki dziennika\" \u015bledz\u0105 dzia\u0142ania wyst\u0119puj\u0105ce w Witrynie i gromadz\u0105 dane, w tym adres IP u\u017cytkownika, typ przegl\u0105darki, dostawc\u0119 us\u0142ug internetowych, strony odsy\u0142aj\u0105ce\/wyj\u015bciowe oraz znaczniki daty\/godziny.<\/li>\n<li>\"Sygna\u0142y nawigacyjne w sieci Web\", \"znaczniki\" i \"piksele\" to pliki elektroniczne u\u017cywane do rejestrowania informacji o sposobie przegl\u0105dania Witryny przez u\u017cytkownika.<\/li>\n<\/ul>\n<p>Ponadto, gdy u\u017cytkownik dokonuje zakupu lub pr\u00f3buje dokona\u0107 zakupu za po\u015brednictwem Witryny, zbieramy od niego okre\u015blone informacje, w tym imi\u0119 i nazwisko, adres rozliczeniowy, adres wysy\u0142ki, informacje dotycz\u0105ce p\u0142atno\u015bci (w tym numery kart kredytowych).\n<p>M\u00f3wi\u0105c o \"Danych osobowych\" w niniejszej Polityce prywatno\u015bci, mamy na my\u015bli zar\u00f3wno Informacje o urz\u0105dzeniu, jak i Informacje o zam\u00f3wieniu.<\/p>\n<h2>JAK WYKORZYSTUJEMY DANE OSOBOWE U\u017bYTKOWNIKA?<\/h2>\n<p>Informacje o zam\u00f3wieniach, kt\u00f3re zbieramy, wykorzystujemy zasadniczo do realizacji wszelkich zam\u00f3wie\u0144 z\u0142o\u017conych za po\u015brednictwem Witryny (w tym przetwarzania informacji o p\u0142atno\u015bciach, organizowania wysy\u0142ki oraz dostarczania faktur i\/lub potwierdze\u0144 zam\u00f3wie\u0144). Ponadto wykorzystujemy te Informacje o zam\u00f3wieniach do:<\/p>\n<ul>\n<li>Komunikacja z u\u017cytkownikiem;<\/li>\n<li>sprawdzanie naszych zam\u00f3wie\u0144 pod k\u0105tem potencjalnego ryzyka lub oszustwa; oraz<\/li>\n<li>Je\u015bli jest to zgodne z preferencjami udost\u0119pnionymi nam przez u\u017cytkownika, dostarczanie mu informacji lub reklam zwi\u0105zanych z naszymi produktami lub us\u0142ugami.<\/li>\n<\/ul>\n<p>Wykorzystujemy gromadzone przez nas Informacje o urz\u0105dzeniu, aby pom\u00f3c nam w monitorowaniu potencjalnego ryzyka i oszustw (w szczeg\u00f3lno\u015bci adresu IP u\u017cytkownika), a bardziej og\u00f3lnie w celu ulepszenia i optymalizacji naszej Witryny (na przyk\u0142ad poprzez generowanie analiz dotycz\u0105cych sposobu przegl\u0105dania i interakcji naszych klient\u00f3w z Witryn\u0105 oraz w celu oceny sukcesu naszych kampanii marketingowych i reklamowych).<\/p>\n<h2>UDOST\u0118PNIANIE DANYCH OSOBOWYCH<\/h2>\n<p>Udost\u0119pniamy Dane osobowe u\u017cytkownika podmiotom zewn\u0119trznym, aby pom\u00f3c nam w korzystaniu z Danych osobowych u\u017cytkownika w spos\u00f3b opisany powy\u017cej. Na przyk\u0142ad korzystamy z Shopify do obs\u0142ugi naszego sklepu internetowego - wi\u0119cej informacji o tym, jak Shopify wykorzystuje Dane osobowe u\u017cytkownika, mo\u017cna znale\u017a\u0107 tutaj: https:\/\/www.shopify.com\/legal\/privacy. Korzystamy r\u00f3wnie\u017c z Google Analytics, aby pom\u00f3c nam zrozumie\u0107, w jaki spos\u00f3b nasi klienci korzystaj\u0105 z Witryny - wi\u0119cej informacji o tym, jak Google wykorzystuje Dane osobowe u\u017cytkownika, mo\u017cna znale\u017a\u0107 tutaj: https:\/\/www.google.com\/intl\/en\/policies\/privacy\/. U\u017cytkownik mo\u017ce r\u00f3wnie\u017c zrezygnowa\u0107 z Google Analytics tutaj: https:\/\/tools.google.com\/dlpage\/gaoptout.<\/p>\n<p>Wreszcie, mo\u017cemy r\u00f3wnie\u017c udost\u0119pnia\u0107 dane osobowe u\u017cytkownika w celu zachowania zgodno\u015bci z obowi\u0105zuj\u0105cymi przepisami prawa i regulacjami, w odpowiedzi na wezwanie do s\u0105du, nakaz przeszukania lub inne zgodne z prawem \u017c\u0105danie dotycz\u0105ce otrzymanych przez nas informacji lub w celu ochrony naszych praw w inny spos\u00f3b.<\/p>\n<h2>REKLAMA BEHAWIORALNA<\/h2>\n<p>Jak opisano powy\u017cej, wykorzystujemy dane osobowe u\u017cytkownika w celu dostarczania mu ukierunkowanych reklam lub komunikat\u00f3w marketingowych, kt\u00f3re naszym zdaniem mog\u0105 by\u0107 dla niego interesuj\u0105ce. Wi\u0119cej informacji na temat dzia\u0142ania reklam ukierunkowanych mo\u017cna znale\u017a\u0107 na stronie edukacyjnej Network Advertising Initiative (\"NAI\") pod adresem http:\/\/www.networkadvertising.org\/understanding-online-advertising\/how-does-it-work.<\/p>\n<p>Ponadto mo\u017cna zrezygnowa\u0107 z niekt\u00f3rych z tych us\u0142ug, odwiedzaj\u0105c portal rezygnacji Digital Advertising Alliance pod adresem: http:\/\/optout.aboutads.info\/.<\/p>\n<h2>NIE \u015aLED\u0179<\/h2>\n<p>Nale\u017cy pami\u0119ta\u0107, \u017ce nie zmieniamy praktyk gromadzenia i wykorzystywania danych w naszej Witrynie, gdy widzimy sygna\u0142 Do Not Track z przegl\u0105darki u\u017cytkownika.<\/p>\n<h2>TWOJE PRAWA<\/h2>\n<p>Je\u015bli u\u017cytkownik jest mieszka\u0144cem Europy, ma prawo dost\u0119pu do przechowywanych przez nas jego danych osobowych oraz \u017c\u0105dania ich poprawienia, aktualizacji lub usuni\u0119cia. Je\u015bli chcesz skorzysta\u0107 z tego prawa, skontaktuj si\u0119 z nami za po\u015brednictwem poni\u017cszych danych kontaktowych.<\/p>\n<p>Ponadto, je\u015bli u\u017cytkownik jest mieszka\u0144cem Europy, zwracamy uwag\u0119, \u017ce przetwarzamy jego dane w celu realizacji um\u00f3w, kt\u00f3re mo\u017cemy z nim zawrze\u0107 (na przyk\u0142ad w przypadku z\u0142o\u017cenia zam\u00f3wienia za po\u015brednictwem Witryny) lub w inny spos\u00f3b w celu realizacji naszych uzasadnionych interes\u00f3w biznesowych wymienionych powy\u017cej. Ponadto nale\u017cy pami\u0119ta\u0107, \u017ce dane u\u017cytkownika b\u0119d\u0105 przekazywane poza Europ\u0119, w tym do Kanady i Stan\u00f3w Zjednoczonych.<\/p>\n<h2>PRZECHOWYWANIE DANYCH<\/h2>\n<p>Gdy u\u017cytkownik z\u0142o\u017cy zam\u00f3wienie za po\u015brednictwem Witryny, zachowamy jego Informacje o zam\u00f3wieniu w naszych rejestrach, chyba \u017ce u\u017cytkownik poprosi nas o usuni\u0119cie tych informacji.<\/p>\n<h2>ZMIANY<\/h2>\n<p>Od czasu do czasu mo\u017cemy aktualizowa\u0107 niniejsz\u0105 polityk\u0119 prywatno\u015bci, aby odzwierciedli\u0107 na przyk\u0142ad zmiany w naszych praktykach lub z innych powod\u00f3w operacyjnych, prawnych lub regulacyjnych.<\/p>\n<h2>KONTAKT<\/h2>\n<p>For more information about our privacy practices, if you have questions, or if you would like to make a complaint, please contact us by e-mail at contact@ozponcho.com.au or by mail using the details provided below:<\/p>\nOZ Poncho\n36 Hurtle Square<br \/>\nAdelaide SA 5000<br \/>\nAustralia<\/p>","protected":false},"excerpt":{"rendered":"<p>This Privacy Policy describes how your personal information is collected, used,and shared when you visit or make a purchase from (the \u201cSite\u201d). PERSONAL INFORMATION WE COLLECT When you visit the Site, we automatically collect certain information about your device, including information about your web browser, IP address, time zone, and some of the cookies that [&#8230;]","protected":false},"author":1,"featured_media":0,"parent":0,"menu_order":0,"comment_status":"closed","ping_status":"closed","template":"page-blank-title-center.php","meta":{"footnotes":""},"class_list":["post-23","page","type-page","status-publish","hentry"],"yoast_head":"<!-- This site is optimized with the Yoast SEO plugin v25.9 - https:\/\/yoast.com\/wordpress\/plugins\/seo\/ -->\n<title>Privacy Policy | OZ Poncho<\/title>\n<meta name=\"robots\" content=\"noindex, follow\" \/>\n<meta property=\"og:locale\" content=\"pl_PL\" \/>\n<meta property=\"og:type\" content=\"article\" \/>\n<meta property=\"og:title\" content=\"Privacy Policy | OZ Poncho\" \/>\n<meta property=\"og:description\" content=\"This Privacy Policy describes how your personal information is collected, used,and shared when you visit or make a purchase from (the \u201cSite\u201d). PERSONAL INFORMATION WE COLLECT When you visit the Site, we automatically collect certain information about your device, including information about your web browser, IP address, time zone, and some of the cookies that [...]\" \/>\n<meta property=\"og:url\" content=\"https:\/\/ozponcho.com.au\/pl\/polityka-prywatnosci\/\" \/>\n<meta property=\"og:site_name\" content=\"OZ Poncho\" \/>\n<meta property=\"article:modified_time\" content=\"2023-11-08T10:11:28+00:00\" \/>\n<meta name=\"twitter:card\" content=\"summary_large_image\" \/>\n<meta name=\"twitter:label1\" content=\"Szacowany czas czytania\" \/>\n\t<meta name=\"twitter:data1\" content=\"4 minuty\" \/>\n<script type=\"application\/ld+json\" class=\"yoast-schema-graph\">{\"@context\":\"https:\/\/schema.org\",\"@graph\":[{\"@type\":\"WebPage\",\"@id\":\"https:\/\/ozponcho.com.au\/privacy-policy\/\",\"url\":\"https:\/\/ozponcho.com.au\/privacy-policy\/\",\"name\":\"Privacy Policy | OZ Poncho\",\"isPartOf\":{\"@id\":\"https:\/\/ozponcho.com.au\/#website\"},\"datePublished\":\"2022-11-26T04:51:17+00:00\",\"dateModified\":\"2023-11-08T10:11:28+00:00\",\"breadcrumb\":{\"@id\":\"https:\/\/ozponcho.com.au\/privacy-policy\/#breadcrumb\"},\"inLanguage\":\"pl-PL\",\"potentialAction\":[{\"@type\":\"ReadAction\",\"target\":[\"https:\/\/ozponcho.com.au\/privacy-policy\/\"]}]},{\"@type\":\"BreadcrumbList\",\"@id\":\"https:\/\/ozponcho.com.au\/privacy-policy\/#breadcrumb\",\"itemListElement\":[{\"@type\":\"ListItem\",\"position\":1,\"name\":\"Home\",\"item\":\"https:\/\/ozponcho.com.au\/\"},{\"@type\":\"ListItem\",\"position\":2,\"name\":\"Privacy Policy\"}]},{\"@type\":\"WebSite\",\"@id\":\"https:\/\/ozponcho.com.au\/#website\",\"url\":\"https:\/\/ozponcho.com.au\/\",\"name\":\"OZ Poncho\",\"description\":\"\",\"potentialAction\":[{\"@type\":\"SearchAction\",\"target\":{\"@type\":\"EntryPoint\",\"urlTemplate\":\"https:\/\/ozponcho.com.au\/?s={search_term_string}\"},\"query-input\":{\"@type\":\"PropertyValueSpecification\",\"valueRequired\":true,\"valueName\":\"search_term_string\"}}],\"inLanguage\":\"pl-PL\"}]}<\/script>\n<!-- \/ Yoast SEO plugin. -->","yoast_head_json":{"title":"Polityka prywatno\u015bci | OZ Poncho","robots":{"index":"noindex","follow":"follow"},"og_locale":"pl_PL","og_type":"article","og_title":"Privacy Policy | OZ Poncho","og_description":"This Privacy Policy describes how your personal information is collected, used,and shared when you visit or make a purchase from (the \u201cSite\u201d). PERSONAL INFORMATION WE COLLECT When you visit the Site, we automatically collect certain information about your device, including information about your web browser, IP address, time zone, and some of the cookies that [...]","og_url":"https:\/\/ozponcho.com.au\/pl\/polityka-prywatnosci\/","og_site_name":"OZ Poncho","article_modified_time":"2023-11-08T10:11:28+00:00","twitter_card":"summary_large_image","twitter_misc":{"Szacowany czas czytania":"4 minuty"},"schema":{"@context":"https:\/\/schema.org","@graph":[{"@type":"WebPage","@id":"https:\/\/ozponcho.com.au\/privacy-policy\/","url":"https:\/\/ozponcho.com.au\/privacy-policy\/","name":"Polityka prywatno\u015bci | OZ Poncho","isPartOf":{"@id":"https:\/\/ozponcho.com.au\/#website"},"datePublished":"2022-11-26T04:51:17+00:00","dateModified":"2023-11-08T10:11:28+00:00","breadcrumb":{"@id":"https:\/\/ozponcho.com.au\/privacy-policy\/#breadcrumb"},"inLanguage":"pl-PL","potentialAction":[{"@type":"ReadAction","target":["https:\/\/ozponcho.com.au\/privacy-policy\/"]}]},{"@type":"BreadcrumbList","@id":"https:\/\/ozponcho.com.au\/privacy-policy\/#breadcrumb","itemListElement":[{"@type":"ListItem","position":1,"name":"Home","item":"https:\/\/ozponcho.com.au\/"},{"@type":"ListItem","position":2,"name":"Privacy Policy"}]},{"@type":"WebSite","@id":"https:\/\/ozponcho.com.au\/#website","url":"https:\/\/ozponcho.com.au\/","name":"Poncho OZ","description":"","potentialAction":[{"@type":"SearchAction","target":{"@type":"EntryPoint","urlTemplate":"https:\/\/ozponcho.com.au\/?s={search_term_string}"},"query-input":{"@type":"PropertyValueSpecification","valueRequired":true,"valueName":"search_term_string"}}],"inLanguage":"pl-PL"}]}},"_links":{"self":[{"href":"https:\/\/ozponcho.com.au\/pl\/wp-json\/wp\/v2\/pages\/23","targetHints":{"allow":["GET"]}}],"collection":[{"href":"https:\/\/ozponcho.com.au\/pl\/wp-json\/wp\/v2\/pages"}],"about":[{"href":"https:\/\/ozponcho.com.au\/pl\/wp-json\/wp\/v2\/types\/page"}],"author":[{"embeddable":true,"href":"https:\/\/ozponcho.com.au\/pl\/wp-json\/wp\/v2\/users\/1"}],"replies":[{"embeddable":true,"href":"https:\/\/ozponcho.com.au\/pl\/wp-json\/wp\/v2\/comments?post=23"}],"version-history":[{"count":0,"href":"https:\/\/ozponcho.com.au\/pl\/wp-json\/wp\/v2\/pages\/23\/revisions"}],"wp:attachment":[{"href":"https:\/\/ozponcho.com.au\/pl\/wp-json\/wp\/v2\/media?parent=23"}],"curies":[{"name":"wp","href":"https:\/\/api.w.org\/{rel}","templated":true}]}}