{"id":21,"date":"2022-11-26T14:06:36","date_gmt":"2022-11-26T03:06:36","guid":{"rendered":"https:\/\/ozponcho.com.au\/?page_id=21"},"modified":"2023-01-29T03:41:47","modified_gmt":"2023-01-28T16:41:47","slug":"customer-reviews","status":"publish","type":"page","link":"https:\/\/ozponcho.com.au\/pl\/opinie-klientow\/","title":{"rendered":"Opinie klient\u00f3w"},"content":{"rendered":"<p>Witamy na stronie z opiniami klient\u00f3w Oz Poncho Clothing! Tutaj mo\u017cesz przeczyta\u0107, co nasi niesamowici klienci maj\u0105 do powiedzenia na temat naszych poncho i innych produkt\u00f3w.<\/p>\n<h2>Nasze zaanga\u017cowanie w zadowolenie klient\u00f3w<\/h2>\n<p>W Poncho Clothing staramy si\u0119 zapewni\u0107 naszym klientom jak najlepsze do\u015bwiadczenia podczas zakup\u00f3w u nas. Jeste\u015bmy dumni z naszych poncho i innych produkt\u00f3w i chcemy, aby nasi klienci r\u00f3wnie\u017c byli z nich dumni. Dlatego powa\u017cnie traktujemy obs\u0142ug\u0119 klienta i jego zadowolenie. Szybko odpowiadamy na zapytania klient\u00f3w i zawsze ch\u0119tnie wsp\u00f3\u0142pracujemy z klientami, aby upewni\u0107 si\u0119, \u017ce s\u0105 zadowoleni z zakupu. Oferujemy r\u00f3wnie\u017c 30-dniow\u0105 gwarancj\u0119 satysfakcji, dzi\u0119ki czemu klienci mog\u0105 robi\u0107 zakupy bez obaw, wiedz\u0105c, \u017ce mog\u0105 zwr\u00f3ci\u0107 produkt, je\u015bli nie spe\u0142nia ich oczekiwa\u0144.<\/p>\n<h2>Ostatnie opinie klient\u00f3w<\/h2>\n<p>Z dum\u0105 dzielimy si\u0119 niesamowitymi recenzjami, kt\u00f3re otrzymali\u015bmy od naszych klient\u00f3w, kt\u00f3rzy kupili nasze poncza i ciesz\u0105 si\u0119 nimi! Czytaj dalej, aby dowiedzie\u0107 si\u0119, dlaczego tak bardzo je kochaj\u0105.<\/p>\n<p>\"Absolutnie uwielbiam moje ponczo Poncho Clothing. Jest bardzo wygodne i \u015bwietnie wygl\u0105da! To idealne po\u0142\u0105czenie stylu i praktyczno\u015bci\". - Jane<\/p>\n<p>\"Kupi\u0142am poncho Poncho Clothing dla mojej c\u00f3rki i ona je uwielbia. Pasuje jej idealnie i nosi je ca\u0142y czas. Jako\u015b\u0107 materia\u0142u te\u017c jest \u015bwietna.\" - Michael<\/p>\n<p>\"Uwielbiam moje poncho Poncho Clothing! Jest takie przytulne i stylowe. Otrzymuj\u0119 komplementy za ka\u017cdym razem, gdy je nosz\u0119. Gor\u0105co polecam ten produkt ka\u017cdemu, kto szuka \u015bwietnego poncho\". - Abigail, Teksas<\/p>\n<p>Cieszymy si\u0119, \u017ce nasi klienci uwielbiaj\u0105 poncza Poncho Clothing! Jeste\u015bmy bardzo wdzi\u0119czni za ich wsparcie i z niecierpliwo\u015bci\u0105 czekamy na dalsze dostarczanie im najlepszych poncho na rynku.<\/p>\n<p>Dzi\u0119kujemy za odwiedzenie strony z opiniami klient\u00f3w. Mamy nadziej\u0119, \u017ce podoba\u0142a Ci si\u0119 lektura tych recenzji i \u017ce rozwa\u017cysz zakup jednego z naszych poncho dla siebie. Jeste\u015bmy pewni, \u017ce pokochasz je tak samo jak nasi klienci!<\/p>","protected":false},"excerpt":{"rendered":"<p>Welcome to the Customer Reviews page of Oz Poncho Clothing! Here, you can read what our amazing customers have to say about our ponchos and other products. Our commitment to customer satisfaction At Poncho Clothing, we strive to provide our customers with the best possible experience when shopping with us. We are proud of our [&#8230;]","protected":false},"author":1,"featured_media":0,"parent":0,"menu_order":0,"comment_status":"closed","ping_status":"closed","template":"page-blank-title-center.php","meta":{"footnotes":""},"class_list":["post-21","page","type-page","status-publish","hentry"],"yoast_head":"<!-- This site is optimized with the Yoast SEO plugin v25.9 - https:\/\/yoast.com\/wordpress\/plugins\/seo\/ -->\n<title>Customer Reviews | OZ Poncho<\/title>\n<meta name=\"robots\" content=\"index, follow, max-snippet:-1, max-image-preview:large, max-video-preview:-1\" \/>\n<link rel=\"canonical\" href=\"https:\/\/ozponcho.com.au\/pl\/opinie-klientow\/\" \/>\n<meta property=\"og:locale\" content=\"pl_PL\" \/>\n<meta property=\"og:type\" content=\"article\" \/>\n<meta property=\"og:title\" content=\"Customer Reviews | OZ Poncho\" \/>\n<meta property=\"og:description\" content=\"Welcome to the Customer Reviews page of Oz Poncho Clothing! Here, you can read what our amazing customers have to say about our ponchos and other products. Our commitment to customer satisfaction At Poncho Clothing, we strive to provide our customers with the best possible experience when shopping with us. We are proud of our [...]\" \/>\n<meta property=\"og:url\" content=\"https:\/\/ozponcho.com.au\/pl\/opinie-klientow\/\" \/>\n<meta property=\"og:site_name\" content=\"OZ Poncho\" \/>\n<meta property=\"article:modified_time\" content=\"2023-01-28T16:41:47+00:00\" \/>\n<meta name=\"twitter:card\" content=\"summary_large_image\" \/>\n<meta name=\"twitter:label1\" content=\"Szacowany czas czytania\" \/>\n\t<meta name=\"twitter:data1\" content=\"2 minuty\" \/>\n<script type=\"application\/ld+json\" class=\"yoast-schema-graph\">{\"@context\":\"https:\/\/schema.org\",\"@graph\":[{\"@type\":\"WebPage\",\"@id\":\"https:\/\/ozponcho.com.au\/customer-reviews\/\",\"url\":\"https:\/\/ozponcho.com.au\/customer-reviews\/\",\"name\":\"Customer Reviews | OZ Poncho\",\"isPartOf\":{\"@id\":\"https:\/\/ozponcho.com.au\/#website\"},\"datePublished\":\"2022-11-26T03:06:36+00:00\",\"dateModified\":\"2023-01-28T16:41:47+00:00\",\"breadcrumb\":{\"@id\":\"https:\/\/ozponcho.com.au\/customer-reviews\/#breadcrumb\"},\"inLanguage\":\"pl-PL\",\"potentialAction\":[{\"@type\":\"ReadAction\",\"target\":[\"https:\/\/ozponcho.com.au\/customer-reviews\/\"]}]},{\"@type\":\"BreadcrumbList\",\"@id\":\"https:\/\/ozponcho.com.au\/customer-reviews\/#breadcrumb\",\"itemListElement\":[{\"@type\":\"ListItem\",\"position\":1,\"name\":\"Home\",\"item\":\"https:\/\/ozponcho.com.au\/\"},{\"@type\":\"ListItem\",\"position\":2,\"name\":\"Customer Reviews\"}]},{\"@type\":\"WebSite\",\"@id\":\"https:\/\/ozponcho.com.au\/#website\",\"url\":\"https:\/\/ozponcho.com.au\/\",\"name\":\"OZ Poncho\",\"description\":\"\",\"potentialAction\":[{\"@type\":\"SearchAction\",\"target\":{\"@type\":\"EntryPoint\",\"urlTemplate\":\"https:\/\/ozponcho.com.au\/?s={search_term_string}\"},\"query-input\":{\"@type\":\"PropertyValueSpecification\",\"valueRequired\":true,\"valueName\":\"search_term_string\"}}],\"inLanguage\":\"pl-PL\"}]}<\/script>\n<!-- \/ Yoast SEO plugin. -->","yoast_head_json":{"title":"Opinie klient\u00f3w | OZ Poncho","robots":{"index":"index","follow":"follow","max-snippet":"max-snippet:-1","max-image-preview":"max-image-preview:large","max-video-preview":"max-video-preview:-1"},"canonical":"https:\/\/ozponcho.com.au\/pl\/opinie-klientow\/","og_locale":"pl_PL","og_type":"article","og_title":"Customer Reviews | OZ Poncho","og_description":"Welcome to the Customer Reviews page of Oz Poncho Clothing! Here, you can read what our amazing customers have to say about our ponchos and other products. Our commitment to customer satisfaction At Poncho Clothing, we strive to provide our customers with the best possible experience when shopping with us. We are proud of our [...]","og_url":"https:\/\/ozponcho.com.au\/pl\/opinie-klientow\/","og_site_name":"OZ Poncho","article_modified_time":"2023-01-28T16:41:47+00:00","twitter_card":"summary_large_image","twitter_misc":{"Szacowany czas czytania":"2 minuty"},"schema":{"@context":"https:\/\/schema.org","@graph":[{"@type":"WebPage","@id":"https:\/\/ozponcho.com.au\/customer-reviews\/","url":"https:\/\/ozponcho.com.au\/customer-reviews\/","name":"Opinie klient\u00f3w | OZ Poncho","isPartOf":{"@id":"https:\/\/ozponcho.com.au\/#website"},"datePublished":"2022-11-26T03:06:36+00:00","dateModified":"2023-01-28T16:41:47+00:00","breadcrumb":{"@id":"https:\/\/ozponcho.com.au\/customer-reviews\/#breadcrumb"},"inLanguage":"pl-PL","potentialAction":[{"@type":"ReadAction","target":["https:\/\/ozponcho.com.au\/customer-reviews\/"]}]},{"@type":"BreadcrumbList","@id":"https:\/\/ozponcho.com.au\/customer-reviews\/#breadcrumb","itemListElement":[{"@type":"ListItem","position":1,"name":"Home","item":"https:\/\/ozponcho.com.au\/"},{"@type":"ListItem","position":2,"name":"Customer Reviews"}]},{"@type":"WebSite","@id":"https:\/\/ozponcho.com.au\/#website","url":"https:\/\/ozponcho.com.au\/","name":"Poncho OZ","description":"","potentialAction":[{"@type":"SearchAction","target":{"@type":"EntryPoint","urlTemplate":"https:\/\/ozponcho.com.au\/?s={search_term_string}"},"query-input":{"@type":"PropertyValueSpecification","valueRequired":true,"valueName":"search_term_string"}}],"inLanguage":"pl-PL"}]}},"_links":{"self":[{"href":"https:\/\/ozponcho.com.au\/pl\/wp-json\/wp\/v2\/pages\/21","targetHints":{"allow":["GET"]}}],"collection":[{"href":"https:\/\/ozponcho.com.au\/pl\/wp-json\/wp\/v2\/pages"}],"about":[{"href":"https:\/\/ozponcho.com.au\/pl\/wp-json\/wp\/v2\/types\/page"}],"author":[{"embeddable":true,"href":"https:\/\/ozponcho.com.au\/pl\/wp-json\/wp\/v2\/users\/1"}],"replies":[{"embeddable":true,"href":"https:\/\/ozponcho.com.au\/pl\/wp-json\/wp\/v2\/comments?post=21"}],"version-history":[{"count":0,"href":"https:\/\/ozponcho.com.au\/pl\/wp-json\/wp\/v2\/pages\/21\/revisions"}],"wp:attachment":[{"href":"https:\/\/ozponcho.com.au\/pl\/wp-json\/wp\/v2\/media?parent=21"}],"curies":[{"name":"wp","href":"https:\/\/api.w.org\/{rel}","templated":true}]}}