{"id":17587,"date":"2024-01-21T19:44:37","date_gmt":"2024-01-21T08:44:37","guid":{"rendered":"https:\/\/ozponcho.com.au\/?post_type=product&#038;p=17587"},"modified":"2025-12-01T05:20:50","modified_gmt":"2025-11-30T18:20:50","slug":"men-tribal-hooded-poncho","status":"publish","type":"product","link":"https:\/\/ozponcho.com.au\/nb\/p\/poncho-med-hette-for-menn\/","title":{"rendered":"Tribal Poncho hettekappe med hette"},"content":{"rendered":"<p>Pakk deg inn i den tidl\u00f8se stilen og varmen fra v\u00e5r poncho med hette, designet for den moderne mannen med et nikk til stammeestetikk. Denne ponchoen er laget av en fyldig blanding av polyester- og akrylfibre og er b\u00e5de komfortabel og slitesterk. Det i\u00f8ynefallende geometriske m\u00f8nsteret i svart og hvitt utstr\u00e5ler en s\u00f8rvestlig sjarm som er perfekt for friske h\u00f8stdager eller kj\u00f8lige v\u00e5rkvelder. Ponchoen har en hette som gir ekstra beskyttelse og bekvemmelighet, og den er dessuten maskinstrikket, noe som gj\u00f8r den til et must i garderoben din. G\u00e5 ut med selvtillit og kulturell stil i dette allsidige plagget.<\/p>\n<h2>SPESIFIKASJONER<\/h2>\n<p>\u00c2<\/p>\n<p>Merkenavn: moringcute<\/p>\n<p>Materiale: Polyester<\/p>\n<p>Materiale: Akryl<\/p>\n<p>Tykkelse: STANDARD<\/p>\n<p>Stil: Avslappet<\/p>\n<p>Opprinnelse: KINA<\/p>\n<p>CN: Guangdong<\/p>\n<p>Gjeldende scene: Daglig<\/p>\n<p>Gjeldende sesong: V\u00e5r og h\u00f8st<\/p>\n<p>Varetype: Pullovere<\/p>\n<p>Med hette: Ja<\/p>\n<p>Kj\u00f8nn: MENN<\/p>\n<p>M\u00f8nstertype: Trykk<\/p>\n<p>Teknikk: Datastrikket<\/p>\n<p>\u00c2<\/p>\n<div>\n<div>\n<div>Herrekl\u00e6r 2022 V\u00e5r H\u00f8st Menn Poncho Sjal Jakker Retro Nasjonalt M\u00f8nster Trykt Strikking Hettek\u00e5per Kappe Kappe Outwear<br \/>\n1.kvalitet og service: den f\u00f8rste (den viktigste)<br \/>\n2.prisen: best<br \/>\n3.Wholesale og Drop Shipping: velkommen<br \/>\n4. E-post: velkommen til \u00e5 kontakte oss<\/div>\n<\/div>\n<\/div>","protected":false},"excerpt":{"rendered":"<p>Wrap yourself in the timeless style and warmth of our hooded poncho, designed for the modern man with a nod to tribal aesthetics. Crafted from a rich blend of polyester and acrylic fibers, this poncho offers both comfort and durability. Its striking black and white geometric pattern exudes a Southwestern charm, perfect for those crisp [&#8230;]","protected":false},"featured_media":17590,"template":"","meta":[],"product_brand":[],"product_cat":[219,227,15,228,211],"product_tag":[],"class_list":{"0":"post-17587","1":"product","2":"type-product","3":"status-publish","4":"has-post-thumbnail","6":"product_cat-black-poncho","7":"product_cat-hooded-poncho","8":"product_cat-main-category","9":"product_cat-poncho-sweater","10":"product_cat-poncho-men","12":"first","13":"instock","14":"shipping-taxable","15":"purchasable","16":"product-type-variable"},"yoast_head":"<!-- This site is optimized with the Yoast SEO plugin v25.9 - https:\/\/yoast.com\/wordpress\/plugins\/seo\/ -->\n<title>Tribal Poncho Hooded Cape | Australia #1 Poncho Shop<\/title>\n<meta name=\"description\" content=\"Looking for a Tribal Poncho Hooded Cape ? You&#039;ve come to the right place \ud83d\ude04 We offers a wide selection of Tribal Poncho Hooded Cape, perfect for you.\" \/>\n<meta name=\"robots\" content=\"index, follow, max-snippet:-1, max-image-preview:large, max-video-preview:-1\" \/>\n<link rel=\"canonical\" href=\"https:\/\/ozponcho.com.au\/nb\/p\/poncho-med-hette-for-menn\/\" \/>\n<meta property=\"og:locale\" content=\"nb_NO\" \/>\n<meta property=\"og:type\" content=\"article\" \/>\n<meta property=\"og:title\" content=\"Tribal Poncho Hooded Cape | Australia #1 Poncho Shop\" \/>\n<meta property=\"og:description\" content=\"Looking for a Tribal Poncho Hooded Cape ? You&#039;ve come to the right place \ud83d\ude04 We offers a wide selection of Tribal Poncho Hooded Cape, perfect for you.\" \/>\n<meta property=\"og:url\" content=\"https:\/\/ozponcho.com.au\/nb\/p\/poncho-med-hette-for-menn\/\" \/>\n<meta property=\"og:site_name\" content=\"OZ Poncho\" \/>\n<meta property=\"article:modified_time\" content=\"2025-11-30T18:20:50+00:00\" \/>\n<meta property=\"og:image\" content=\"https:\/\/ozponcho.com.au\/wp-content\/uploads\/2024\/01\/Sf9547fa8d970490e834b8aca704450c3S-3.webp\" \/>\n\t<meta property=\"og:image:width\" content=\"800\" \/>\n\t<meta property=\"og:image:height\" content=\"800\" \/>\n\t<meta property=\"og:image:type\" content=\"image\/webp\" \/>\n<meta name=\"twitter:card\" content=\"summary_large_image\" \/>\n<meta name=\"twitter:label1\" content=\"Ansl. lesetid\" \/>\n\t<meta name=\"twitter:data1\" content=\"1 minutt\" \/>\n<script type=\"application\/ld+json\" class=\"yoast-schema-graph\">{\"@context\":\"https:\/\/schema.org\",\"@graph\":[{\"@type\":\"WebPage\",\"@id\":\"https:\/\/ozponcho.com.au\/p\/men-tribal-hooded-poncho\/\",\"url\":\"https:\/\/ozponcho.com.au\/p\/men-tribal-hooded-poncho\/\",\"name\":\"Tribal Poncho Hooded Cape | Australia #1 Poncho Shop\",\"isPartOf\":{\"@id\":\"https:\/\/ozponcho.com.au\/#website\"},\"primaryImageOfPage\":{\"@id\":\"https:\/\/ozponcho.com.au\/p\/men-tribal-hooded-poncho\/#primaryimage\"},\"image\":{\"@id\":\"https:\/\/ozponcho.com.au\/p\/men-tribal-hooded-poncho\/#primaryimage\"},\"thumbnailUrl\":\"https:\/\/ozponcho.com.au\/wp-content\/uploads\/2024\/01\/Sf9547fa8d970490e834b8aca704450c3S-3.webp\",\"datePublished\":\"2024-01-21T08:44:37+00:00\",\"dateModified\":\"2025-11-30T18:20:50+00:00\",\"description\":\"Looking for a Tribal Poncho Hooded Cape ? You've come to the right place \ud83d\ude04 We offers a wide selection of Tribal Poncho Hooded Cape, perfect for you.\",\"breadcrumb\":{\"@id\":\"https:\/\/ozponcho.com.au\/p\/men-tribal-hooded-poncho\/#breadcrumb\"},\"inLanguage\":\"nb-NO\",\"potentialAction\":[{\"@type\":\"ReadAction\",\"target\":[\"https:\/\/ozponcho.com.au\/p\/men-tribal-hooded-poncho\/\"]}]},{\"@type\":\"ImageObject\",\"inLanguage\":\"nb-NO\",\"@id\":\"https:\/\/ozponcho.com.au\/p\/men-tribal-hooded-poncho\/#primaryimage\",\"url\":\"https:\/\/ozponcho.com.au\/wp-content\/uploads\/2024\/01\/Sf9547fa8d970490e834b8aca704450c3S-3.webp\",\"contentUrl\":\"https:\/\/ozponcho.com.au\/wp-content\/uploads\/2024\/01\/Sf9547fa8d970490e834b8aca704450c3S-3.webp\",\"width\":800,\"height\":800,\"caption\":\"Tribal Poncho Hooded Cape\"},{\"@type\":\"BreadcrumbList\",\"@id\":\"https:\/\/ozponcho.com.au\/p\/men-tribal-hooded-poncho\/#breadcrumb\",\"itemListElement\":[{\"@type\":\"ListItem\",\"position\":1,\"name\":\"Home\",\"item\":\"https:\/\/ozponcho.com.au\/\"},{\"@type\":\"ListItem\",\"position\":2,\"name\":\"Shop\",\"item\":\"https:\/\/ozponcho.com.au\/shop\/\"},{\"@type\":\"ListItem\",\"position\":3,\"name\":\"Tribal Poncho Hooded Cape\"}]},{\"@type\":\"WebSite\",\"@id\":\"https:\/\/ozponcho.com.au\/#website\",\"url\":\"https:\/\/ozponcho.com.au\/\",\"name\":\"OZ Poncho\",\"description\":\"\",\"potentialAction\":[{\"@type\":\"SearchAction\",\"target\":{\"@type\":\"EntryPoint\",\"urlTemplate\":\"https:\/\/ozponcho.com.au\/?s={search_term_string}\"},\"query-input\":{\"@type\":\"PropertyValueSpecification\",\"valueRequired\":true,\"valueName\":\"search_term_string\"}}],\"inLanguage\":\"nb-NO\"}]}<\/script>\n<!-- \/ Yoast SEO plugin. -->","yoast_head_json":{"title":"Tribal Poncho Kappe med hette | Australia #1 Poncho Shop","description":"Leter du etter en Tribal Poncho Hooded Cape? Du har kommet til rett sted \ud83d\ude04 Vi tilbyr et bredt utvalg av Tribal Poncho Hooded Cape, perfekt for deg.","robots":{"index":"index","follow":"follow","max-snippet":"max-snippet:-1","max-image-preview":"max-image-preview:large","max-video-preview":"max-video-preview:-1"},"canonical":"https:\/\/ozponcho.com.au\/nb\/p\/poncho-med-hette-for-menn\/","og_locale":"nb_NO","og_type":"article","og_title":"Tribal Poncho Hooded Cape | Australia #1 Poncho Shop","og_description":"Looking for a Tribal Poncho Hooded Cape ? You've come to the right place \ud83d\ude04 We offers a wide selection of Tribal Poncho Hooded Cape, perfect for you.","og_url":"https:\/\/ozponcho.com.au\/nb\/p\/poncho-med-hette-for-menn\/","og_site_name":"OZ Poncho","article_modified_time":"2025-11-30T18:20:50+00:00","og_image":[{"width":800,"height":800,"url":"https:\/\/ozponcho.com.au\/wp-content\/uploads\/2024\/01\/Sf9547fa8d970490e834b8aca704450c3S-3.webp","type":"image\/webp"}],"twitter_card":"summary_large_image","twitter_misc":{"Ansl. lesetid":"1 minutt"},"schema":{"@context":"https:\/\/schema.org","@graph":[{"@type":"WebPage","@id":"https:\/\/ozponcho.com.au\/p\/men-tribal-hooded-poncho\/","url":"https:\/\/ozponcho.com.au\/p\/men-tribal-hooded-poncho\/","name":"Tribal Poncho Kappe med hette | Australia #1 Poncho Shop","isPartOf":{"@id":"https:\/\/ozponcho.com.au\/#website"},"primaryImageOfPage":{"@id":"https:\/\/ozponcho.com.au\/p\/men-tribal-hooded-poncho\/#primaryimage"},"image":{"@id":"https:\/\/ozponcho.com.au\/p\/men-tribal-hooded-poncho\/#primaryimage"},"thumbnailUrl":"https:\/\/ozponcho.com.au\/wp-content\/uploads\/2024\/01\/Sf9547fa8d970490e834b8aca704450c3S-3.webp","datePublished":"2024-01-21T08:44:37+00:00","dateModified":"2025-11-30T18:20:50+00:00","description":"Leter du etter en Tribal Poncho Hooded Cape? Du har kommet til rett sted \ud83d\ude04 Vi tilbyr et bredt utvalg av Tribal Poncho Hooded Cape, perfekt for deg.","breadcrumb":{"@id":"https:\/\/ozponcho.com.au\/p\/men-tribal-hooded-poncho\/#breadcrumb"},"inLanguage":"nb-NO","potentialAction":[{"@type":"ReadAction","target":["https:\/\/ozponcho.com.au\/p\/men-tribal-hooded-poncho\/"]}]},{"@type":"ImageObject","inLanguage":"nb-NO","@id":"https:\/\/ozponcho.com.au\/p\/men-tribal-hooded-poncho\/#primaryimage","url":"https:\/\/ozponcho.com.au\/wp-content\/uploads\/2024\/01\/Sf9547fa8d970490e834b8aca704450c3S-3.webp","contentUrl":"https:\/\/ozponcho.com.au\/wp-content\/uploads\/2024\/01\/Sf9547fa8d970490e834b8aca704450c3S-3.webp","width":800,"height":800,"caption":"Tribal Poncho Hooded Cape"},{"@type":"BreadcrumbList","@id":"https:\/\/ozponcho.com.au\/p\/men-tribal-hooded-poncho\/#breadcrumb","itemListElement":[{"@type":"ListItem","position":1,"name":"Home","item":"https:\/\/ozponcho.com.au\/"},{"@type":"ListItem","position":2,"name":"Shop","item":"https:\/\/ozponcho.com.au\/shop\/"},{"@type":"ListItem","position":3,"name":"Tribal Poncho Hooded Cape"}]},{"@type":"WebSite","@id":"https:\/\/ozponcho.com.au\/#website","url":"https:\/\/ozponcho.com.au\/","name":"OZ Poncho","description":"","potentialAction":[{"@type":"SearchAction","target":{"@type":"EntryPoint","urlTemplate":"https:\/\/ozponcho.com.au\/?s={search_term_string}"},"query-input":{"@type":"PropertyValueSpecification","valueRequired":true,"valueName":"search_term_string"}}],"inLanguage":"nb-NO"}]}},"_links":{"self":[{"href":"https:\/\/ozponcho.com.au\/nb\/wp-json\/wp\/v2\/product\/17587","targetHints":{"allow":["GET"]}}],"collection":[{"href":"https:\/\/ozponcho.com.au\/nb\/wp-json\/wp\/v2\/product"}],"about":[{"href":"https:\/\/ozponcho.com.au\/nb\/wp-json\/wp\/v2\/types\/product"}],"wp:featuredmedia":[{"embeddable":true,"href":"https:\/\/ozponcho.com.au\/nb\/wp-json\/wp\/v2\/media\/17590"}],"wp:attachment":[{"href":"https:\/\/ozponcho.com.au\/nb\/wp-json\/wp\/v2\/media?parent=17587"}],"wp:term":[{"taxonomy":"product_brand","embeddable":true,"href":"https:\/\/ozponcho.com.au\/nb\/wp-json\/wp\/v2\/product_brand?post=17587"},{"taxonomy":"product_cat","embeddable":true,"href":"https:\/\/ozponcho.com.au\/nb\/wp-json\/wp\/v2\/product_cat?post=17587"},{"taxonomy":"product_tag","embeddable":true,"href":"https:\/\/ozponcho.com.au\/nb\/wp-json\/wp\/v2\/product_tag?post=17587"}],"curies":[{"name":"wp","href":"https:\/\/api.w.org\/{rel}","templated":true}]}}