{"id":17573,"date":"2024-01-21T19:44:27","date_gmt":"2024-01-21T08:44:27","guid":{"rendered":"https:\/\/ozponcho.com.au\/?post_type=product&#038;p=17573"},"modified":"2024-12-16T15:51:56","modified_gmt":"2024-12-16T04:51:56","slug":"mens-elegant-black-cloak","status":"publish","type":"product","link":"https:\/\/ozponcho.com.au\/nb\/p\/elegant-svart-kappe-for-menn\/","title":{"rendered":"Svart poncho for menn"},"content":{"rendered":"<p>Gi garderoben din et l\u00f8ft med v\u00e5r elegante svarte poncho for menn. Denne stilige og moderne asymmetriske kappen er laget av glatt polyesterstoff av h\u00f8y kvalitet, noe som gir den et sofistikert og moderne uttrykk. Ponchoen er perfekt for b\u00e5de v\u00e5r- og h\u00f8stsesongen, og den er lett og komfortabel, noe som gj\u00f8r den til et utmerket supplement til enhver casual- eller streetwear-look. Det vintageinspirerte designet med lommer og skjerfkrage gir en unik blanding av tidl\u00f8s eleganse og moderne funksjonalitet. G\u00e5 selvsikkert ut med denne allsidige, x-lange trenchcoaten som garantert vil vekke oppsikt.<\/p>\n<h2>SPESIFIKASJONER<\/h2>\n<p>\u00c2\u00a0<\/p>\n<p>Merkenavn: ICCLEK<\/p>\n<p>Gjeldende sesong: V\u00e5r og h\u00f8st<\/p>\n<p>Tykkelse: Tynn (sommer)<\/p>\n<p>F\u00f4rmateriale: Polyester<\/p>\n<p>Materiale: Polyester<\/p>\n<p>Stil: Koreansk<\/p>\n<p>Opprinnelse: Fastlands-Kina<\/p>\n<p>CN: Guangdong<\/p>\n<p>Bruksomr\u00e5de: Avslappet<\/p>\n<p>Mansjett-stil: Konvensjonell<\/p>\n<p>Type: L\u00d8S<\/p>\n<p>Lengde p\u00e5 kl\u00e6rne: X-Long<\/p>\n<p>Opprinnelsessted: Kina (fastlandet)<\/p>\n<p>Avtakbar del: INGEN<\/p>\n<p>Krage: Krage med nedslag<\/p>\n<p>Type lukking: \u00c5pen s\u00f8m<\/p>\n<p>Ermestil: Vanlig<\/p>\n<p>Med hette: Nei<\/p>\n<p>Type stoff: Kordfl\u00f8yel<\/p>\n<p>Ermelengde (cm): Hel<\/p>\n<p>Dekorasjon: Lommer<\/p>\n<p>Kj\u00f8nn: MENN<\/p>\n<p>Yttert\u00f8y Type: Trench<\/p>\n<p>\u00c2\u00a0<\/p>\n<div>\n<div>\u00c2\u00a0<\/div>\n<div>\u00c2\u00a0<\/div>\n<div>\n<div>\u00c2\u00a0<\/div>\n<div>\u00c2\u00a0<\/div>\n<\/p><\/div>","protected":false},"excerpt":{"rendered":"<p>Elevate your wardrobe with our sleek Black Poncho for Men. This stylish and modern asymmetrical cloak is crafted with high-quality, smooth polyester fabric, lending itself to an air of sophistication and contemporary charm. Perfect for both the Spring and Autumn seasons, it&#8217;s lightweight and comfortable, making it an excellent addition for any casual or streetwear [&#8230;]","protected":false},"featured_media":17572,"template":"","meta":[],"product_brand":[],"product_cat":[219,15,228,211],"product_tag":[],"class_list":{"0":"post-17573","1":"product","2":"type-product","3":"status-publish","4":"has-post-thumbnail","6":"product_cat-black-poncho","7":"product_cat-main-category","8":"product_cat-poncho-sweater","9":"product_cat-poncho-men","11":"first","12":"instock","13":"shipping-taxable","14":"purchasable","15":"product-type-variable"},"yoast_head":"<!-- This site is optimized with the Yoast SEO plugin v25.9 - https:\/\/yoast.com\/wordpress\/plugins\/seo\/ -->\n<title>Black Men&#039;s Poncho | Australia #1 Poncho Shop<\/title>\n<meta name=\"description\" content=\"Looking for a Black Men&#039;s Poncho ? You&#039;ve come to the right place \ud83d\ude04 We offers a wide selection of Black Men&#039;s Poncho, perfect for you.\" \/>\n<meta name=\"robots\" content=\"index, follow, max-snippet:-1, max-image-preview:large, max-video-preview:-1\" \/>\n<link rel=\"canonical\" href=\"https:\/\/ozponcho.com.au\/nb\/p\/elegant-svart-kappe-for-menn\/\" \/>\n<meta property=\"og:locale\" content=\"nb_NO\" \/>\n<meta property=\"og:type\" content=\"article\" \/>\n<meta property=\"og:title\" content=\"Black Men&#039;s Poncho | Australia #1 Poncho Shop\" \/>\n<meta property=\"og:description\" content=\"Looking for a Black Men&#039;s Poncho ? You&#039;ve come to the right place \ud83d\ude04 We offers a wide selection of Black Men&#039;s Poncho, perfect for you.\" \/>\n<meta property=\"og:url\" content=\"https:\/\/ozponcho.com.au\/nb\/p\/elegant-svart-kappe-for-menn\/\" \/>\n<meta property=\"og:site_name\" content=\"OZ Poncho\" \/>\n<meta property=\"article:modified_time\" content=\"2024-12-16T04:51:56+00:00\" \/>\n<meta property=\"og:image\" content=\"https:\/\/ozponcho.com.au\/wp-content\/uploads\/2024\/01\/S6e98f66073044c5ba6b561fc178d5852I.webp\" \/>\n\t<meta property=\"og:image:width\" content=\"1000\" \/>\n\t<meta property=\"og:image:height\" content=\"1000\" \/>\n\t<meta property=\"og:image:type\" content=\"image\/webp\" \/>\n<meta name=\"twitter:card\" content=\"summary_large_image\" \/>\n<meta name=\"twitter:label1\" content=\"Ansl. lesetid\" \/>\n\t<meta name=\"twitter:data1\" content=\"1 minutt\" \/>\n<script type=\"application\/ld+json\" class=\"yoast-schema-graph\">{\"@context\":\"https:\/\/schema.org\",\"@graph\":[{\"@type\":\"WebPage\",\"@id\":\"https:\/\/ozponcho.com.au\/p\/mens-elegant-black-cloak\/\",\"url\":\"https:\/\/ozponcho.com.au\/p\/mens-elegant-black-cloak\/\",\"name\":\"Black Men's Poncho | Australia #1 Poncho Shop\",\"isPartOf\":{\"@id\":\"https:\/\/ozponcho.com.au\/#website\"},\"primaryImageOfPage\":{\"@id\":\"https:\/\/ozponcho.com.au\/p\/mens-elegant-black-cloak\/#primaryimage\"},\"image\":{\"@id\":\"https:\/\/ozponcho.com.au\/p\/mens-elegant-black-cloak\/#primaryimage\"},\"thumbnailUrl\":\"https:\/\/ozponcho.com.au\/wp-content\/uploads\/2024\/01\/S6e98f66073044c5ba6b561fc178d5852I.webp\",\"datePublished\":\"2024-01-21T08:44:27+00:00\",\"dateModified\":\"2024-12-16T04:51:56+00:00\",\"description\":\"Looking for a Black Men's Poncho ? You've come to the right place \ud83d\ude04 We offers a wide selection of Black Men's Poncho, perfect for you.\",\"breadcrumb\":{\"@id\":\"https:\/\/ozponcho.com.au\/p\/mens-elegant-black-cloak\/#breadcrumb\"},\"inLanguage\":\"nb-NO\",\"potentialAction\":[{\"@type\":\"ReadAction\",\"target\":[\"https:\/\/ozponcho.com.au\/p\/mens-elegant-black-cloak\/\"]}]},{\"@type\":\"ImageObject\",\"inLanguage\":\"nb-NO\",\"@id\":\"https:\/\/ozponcho.com.au\/p\/mens-elegant-black-cloak\/#primaryimage\",\"url\":\"https:\/\/ozponcho.com.au\/wp-content\/uploads\/2024\/01\/S6e98f66073044c5ba6b561fc178d5852I.webp\",\"contentUrl\":\"https:\/\/ozponcho.com.au\/wp-content\/uploads\/2024\/01\/S6e98f66073044c5ba6b561fc178d5852I.webp\",\"width\":1000,\"height\":1000,\"caption\":\"Black Men's Poncho\"},{\"@type\":\"BreadcrumbList\",\"@id\":\"https:\/\/ozponcho.com.au\/p\/mens-elegant-black-cloak\/#breadcrumb\",\"itemListElement\":[{\"@type\":\"ListItem\",\"position\":1,\"name\":\"Home\",\"item\":\"https:\/\/ozponcho.com.au\/\"},{\"@type\":\"ListItem\",\"position\":2,\"name\":\"Shop\",\"item\":\"https:\/\/ozponcho.com.au\/shop\/\"},{\"@type\":\"ListItem\",\"position\":3,\"name\":\"Black Men&#8217;s Poncho\"}]},{\"@type\":\"WebSite\",\"@id\":\"https:\/\/ozponcho.com.au\/#website\",\"url\":\"https:\/\/ozponcho.com.au\/\",\"name\":\"OZ Poncho\",\"description\":\"\",\"potentialAction\":[{\"@type\":\"SearchAction\",\"target\":{\"@type\":\"EntryPoint\",\"urlTemplate\":\"https:\/\/ozponcho.com.au\/?s={search_term_string}\"},\"query-input\":{\"@type\":\"PropertyValueSpecification\",\"valueRequired\":true,\"valueName\":\"search_term_string\"}}],\"inLanguage\":\"nb-NO\"}]}<\/script>\n<!-- \/ Yoast SEO plugin. -->","yoast_head_json":{"title":"Svart Poncho for menn | Australia #1 Poncho Shop","description":"Leter du etter en svart poncho for menn? Du har kommet til rett sted \ud83d\ude04 Vi tilbyr et bredt utvalg av svarte ponchoer for menn, perfekt for deg.","robots":{"index":"index","follow":"follow","max-snippet":"max-snippet:-1","max-image-preview":"max-image-preview:large","max-video-preview":"max-video-preview:-1"},"canonical":"https:\/\/ozponcho.com.au\/nb\/p\/elegant-svart-kappe-for-menn\/","og_locale":"nb_NO","og_type":"article","og_title":"Black Men's Poncho | Australia #1 Poncho Shop","og_description":"Looking for a Black Men's Poncho ? You've come to the right place \ud83d\ude04 We offers a wide selection of Black Men's Poncho, perfect for you.","og_url":"https:\/\/ozponcho.com.au\/nb\/p\/elegant-svart-kappe-for-menn\/","og_site_name":"OZ Poncho","article_modified_time":"2024-12-16T04:51:56+00:00","og_image":[{"width":1000,"height":1000,"url":"https:\/\/ozponcho.com.au\/wp-content\/uploads\/2024\/01\/S6e98f66073044c5ba6b561fc178d5852I.webp","type":"image\/webp"}],"twitter_card":"summary_large_image","twitter_misc":{"Ansl. lesetid":"1 minutt"},"schema":{"@context":"https:\/\/schema.org","@graph":[{"@type":"WebPage","@id":"https:\/\/ozponcho.com.au\/p\/mens-elegant-black-cloak\/","url":"https:\/\/ozponcho.com.au\/p\/mens-elegant-black-cloak\/","name":"Svart Poncho for menn | Australia #1 Poncho Shop","isPartOf":{"@id":"https:\/\/ozponcho.com.au\/#website"},"primaryImageOfPage":{"@id":"https:\/\/ozponcho.com.au\/p\/mens-elegant-black-cloak\/#primaryimage"},"image":{"@id":"https:\/\/ozponcho.com.au\/p\/mens-elegant-black-cloak\/#primaryimage"},"thumbnailUrl":"https:\/\/ozponcho.com.au\/wp-content\/uploads\/2024\/01\/S6e98f66073044c5ba6b561fc178d5852I.webp","datePublished":"2024-01-21T08:44:27+00:00","dateModified":"2024-12-16T04:51:56+00:00","description":"Leter du etter en svart poncho for menn? Du har kommet til rett sted \ud83d\ude04 Vi tilbyr et bredt utvalg av svarte ponchoer for menn, perfekt for deg.","breadcrumb":{"@id":"https:\/\/ozponcho.com.au\/p\/mens-elegant-black-cloak\/#breadcrumb"},"inLanguage":"nb-NO","potentialAction":[{"@type":"ReadAction","target":["https:\/\/ozponcho.com.au\/p\/mens-elegant-black-cloak\/"]}]},{"@type":"ImageObject","inLanguage":"nb-NO","@id":"https:\/\/ozponcho.com.au\/p\/mens-elegant-black-cloak\/#primaryimage","url":"https:\/\/ozponcho.com.au\/wp-content\/uploads\/2024\/01\/S6e98f66073044c5ba6b561fc178d5852I.webp","contentUrl":"https:\/\/ozponcho.com.au\/wp-content\/uploads\/2024\/01\/S6e98f66073044c5ba6b561fc178d5852I.webp","width":1000,"height":1000,"caption":"Black Men's Poncho"},{"@type":"BreadcrumbList","@id":"https:\/\/ozponcho.com.au\/p\/mens-elegant-black-cloak\/#breadcrumb","itemListElement":[{"@type":"ListItem","position":1,"name":"Home","item":"https:\/\/ozponcho.com.au\/"},{"@type":"ListItem","position":2,"name":"Shop","item":"https:\/\/ozponcho.com.au\/shop\/"},{"@type":"ListItem","position":3,"name":"Black Men&#8217;s Poncho"}]},{"@type":"WebSite","@id":"https:\/\/ozponcho.com.au\/#website","url":"https:\/\/ozponcho.com.au\/","name":"OZ Poncho","description":"","potentialAction":[{"@type":"SearchAction","target":{"@type":"EntryPoint","urlTemplate":"https:\/\/ozponcho.com.au\/?s={search_term_string}"},"query-input":{"@type":"PropertyValueSpecification","valueRequired":true,"valueName":"search_term_string"}}],"inLanguage":"nb-NO"}]}},"_links":{"self":[{"href":"https:\/\/ozponcho.com.au\/nb\/wp-json\/wp\/v2\/product\/17573","targetHints":{"allow":["GET"]}}],"collection":[{"href":"https:\/\/ozponcho.com.au\/nb\/wp-json\/wp\/v2\/product"}],"about":[{"href":"https:\/\/ozponcho.com.au\/nb\/wp-json\/wp\/v2\/types\/product"}],"wp:featuredmedia":[{"embeddable":true,"href":"https:\/\/ozponcho.com.au\/nb\/wp-json\/wp\/v2\/media\/17572"}],"wp:attachment":[{"href":"https:\/\/ozponcho.com.au\/nb\/wp-json\/wp\/v2\/media?parent=17573"}],"wp:term":[{"taxonomy":"product_brand","embeddable":true,"href":"https:\/\/ozponcho.com.au\/nb\/wp-json\/wp\/v2\/product_brand?post=17573"},{"taxonomy":"product_cat","embeddable":true,"href":"https:\/\/ozponcho.com.au\/nb\/wp-json\/wp\/v2\/product_cat?post=17573"},{"taxonomy":"product_tag","embeddable":true,"href":"https:\/\/ozponcho.com.au\/nb\/wp-json\/wp\/v2\/product_tag?post=17573"}],"curies":[{"name":"wp","href":"https:\/\/api.w.org\/{rel}","templated":true}]}}