{"id":15374,"date":"2023-12-30T22:24:14","date_gmt":"2023-12-30T11:24:14","guid":{"rendered":"https:\/\/ozponcho.com.au\/?post_type=product&#038;p=15374"},"modified":"2024-03-08T16:26:32","modified_gmt":"2024-03-08T05:26:32","slug":"childrens-beach-hooded-cape","status":"publish","type":"product","link":"https:\/\/ozponcho.com.au\/nb\/p\/strandkappe-med-hette-for-barn\/","title":{"rendered":"Badeponcho med hette for barn"},"content":{"rendered":"<p>Pakk barnet ditt inn i den herlige komforten i v\u00e5r badeponcho med hette! Ponchoen er laget av ultramyk og absorberende mikrofiber, og er perfekt for kosen etter badet eller solfylte stranddager. Det hurtigt\u00f8rkende stoffet gir varme og komfort, mens hetten gir ekstra beskyttelse mot solen. Ponchoen f\u00e5s med s\u00f8te tegneseriemotiver og vil garantert bli en hit hos b\u00e5de barn og foreldre. Med denne koselige og fargerike ponchoen for barn blir det enkelt og morsomt \u00e5 bade og bade p\u00e5 stranden!<\/p>\n<h2>SPESIFIKASJONER<\/h2>\n<p>Stoff: Kjemmet bomull<\/p>\n<p>Materiale: Mikrofiberstoff<\/p>","protected":false},"excerpt":{"rendered":"<p>Wrap your child in the delightful comfort of our Hooded Kids&#8217; Bath Poncho! Made with ultra-soft and absorbent microfiber, it&#8217;s perfect for post-bath cuddles or sunny beach days. The quick-drying fabric offers warmth and convenience, while the hood provides extra protection against the sun. Available in adorable cartoon prints, this poncho is sure to be [&#8230;]","protected":false},"featured_media":15371,"template":"","meta":[],"product_brand":[],"product_cat":[223,15,212,208],"product_tag":[],"class_list":{"0":"post-15374","1":"product","2":"type-product","3":"status-publish","4":"has-post-thumbnail","6":"product_cat-blue-poncho","7":"product_cat-main-category","8":"product_cat-poncho-kid","9":"product_cat-surf-poncho","11":"first","12":"instock","13":"shipping-taxable","14":"purchasable","15":"product-type-variable"},"yoast_head":"<!-- This site is optimized with the Yoast SEO plugin v25.9 - https:\/\/yoast.com\/wordpress\/plugins\/seo\/ -->\n<title>Hooded Kids&#039; Bath Poncho | Australia #1 Poncho Shop<\/title>\n<meta name=\"description\" content=\"Looking for a Hooded Kids&#039; Bath Poncho ? You&#039;ve come to the right place \ud83d\ude04 We offers a wide selection of Hooded Kids&#039; Bath Poncho, perfect for you.\" \/>\n<meta name=\"robots\" content=\"index, follow, max-snippet:-1, max-image-preview:large, max-video-preview:-1\" \/>\n<link rel=\"canonical\" href=\"https:\/\/ozponcho.com.au\/nb\/p\/strandkappe-med-hette-for-barn\/\" \/>\n<meta property=\"og:locale\" content=\"nb_NO\" \/>\n<meta property=\"og:type\" content=\"article\" \/>\n<meta property=\"og:title\" content=\"Hooded Kids&#039; Bath Poncho | Australia #1 Poncho Shop\" \/>\n<meta property=\"og:description\" content=\"Looking for a Hooded Kids&#039; Bath Poncho ? You&#039;ve come to the right place \ud83d\ude04 We offers a wide selection of Hooded Kids&#039; Bath Poncho, perfect for you.\" \/>\n<meta property=\"og:url\" content=\"https:\/\/ozponcho.com.au\/nb\/p\/strandkappe-med-hette-for-barn\/\" \/>\n<meta property=\"og:site_name\" content=\"OZ Poncho\" \/>\n<meta property=\"article:modified_time\" content=\"2024-03-08T05:26:32+00:00\" \/>\n<meta property=\"og:image\" content=\"https:\/\/ozponcho.com.au\/wp-content\/uploads\/2023\/12\/S031fbe0f98704ce7bf770c24ef1fb8d02-22.webp\" \/>\n\t<meta property=\"og:image:width\" content=\"800\" \/>\n\t<meta property=\"og:image:height\" content=\"800\" \/>\n\t<meta property=\"og:image:type\" content=\"image\/webp\" \/>\n<meta name=\"twitter:card\" content=\"summary_large_image\" \/>\n<meta name=\"twitter:label1\" content=\"Ansl. lesetid\" \/>\n\t<meta name=\"twitter:data1\" content=\"1 minutt\" \/>\n<script type=\"application\/ld+json\" class=\"yoast-schema-graph\">{\"@context\":\"https:\/\/schema.org\",\"@graph\":[{\"@type\":\"WebPage\",\"@id\":\"https:\/\/ozponcho.com.au\/p\/childrens-beach-hooded-cape\/\",\"url\":\"https:\/\/ozponcho.com.au\/p\/childrens-beach-hooded-cape\/\",\"name\":\"Hooded Kids' Bath Poncho | Australia #1 Poncho Shop\",\"isPartOf\":{\"@id\":\"https:\/\/ozponcho.com.au\/#website\"},\"primaryImageOfPage\":{\"@id\":\"https:\/\/ozponcho.com.au\/p\/childrens-beach-hooded-cape\/#primaryimage\"},\"image\":{\"@id\":\"https:\/\/ozponcho.com.au\/p\/childrens-beach-hooded-cape\/#primaryimage\"},\"thumbnailUrl\":\"https:\/\/ozponcho.com.au\/wp-content\/uploads\/2023\/12\/S031fbe0f98704ce7bf770c24ef1fb8d02-22.webp\",\"datePublished\":\"2023-12-30T11:24:14+00:00\",\"dateModified\":\"2024-03-08T05:26:32+00:00\",\"description\":\"Looking for a Hooded Kids' Bath Poncho ? You've come to the right place \ud83d\ude04 We offers a wide selection of Hooded Kids' Bath Poncho, perfect for you.\",\"breadcrumb\":{\"@id\":\"https:\/\/ozponcho.com.au\/p\/childrens-beach-hooded-cape\/#breadcrumb\"},\"inLanguage\":\"nb-NO\",\"potentialAction\":[{\"@type\":\"ReadAction\",\"target\":[\"https:\/\/ozponcho.com.au\/p\/childrens-beach-hooded-cape\/\"]}]},{\"@type\":\"ImageObject\",\"inLanguage\":\"nb-NO\",\"@id\":\"https:\/\/ozponcho.com.au\/p\/childrens-beach-hooded-cape\/#primaryimage\",\"url\":\"https:\/\/ozponcho.com.au\/wp-content\/uploads\/2023\/12\/S031fbe0f98704ce7bf770c24ef1fb8d02-22.webp\",\"contentUrl\":\"https:\/\/ozponcho.com.au\/wp-content\/uploads\/2023\/12\/S031fbe0f98704ce7bf770c24ef1fb8d02-22.webp\",\"width\":800,\"height\":800,\"caption\":\"Hooded Kids' Bath Poncho\"},{\"@type\":\"BreadcrumbList\",\"@id\":\"https:\/\/ozponcho.com.au\/p\/childrens-beach-hooded-cape\/#breadcrumb\",\"itemListElement\":[{\"@type\":\"ListItem\",\"position\":1,\"name\":\"Home\",\"item\":\"https:\/\/ozponcho.com.au\/\"},{\"@type\":\"ListItem\",\"position\":2,\"name\":\"Shop\",\"item\":\"https:\/\/ozponcho.com.au\/shop\/\"},{\"@type\":\"ListItem\",\"position\":3,\"name\":\"Hooded Kids&#8217; Bath Poncho\"}]},{\"@type\":\"WebSite\",\"@id\":\"https:\/\/ozponcho.com.au\/#website\",\"url\":\"https:\/\/ozponcho.com.au\/\",\"name\":\"OZ Poncho\",\"description\":\"\",\"potentialAction\":[{\"@type\":\"SearchAction\",\"target\":{\"@type\":\"EntryPoint\",\"urlTemplate\":\"https:\/\/ozponcho.com.au\/?s={search_term_string}\"},\"query-input\":{\"@type\":\"PropertyValueSpecification\",\"valueRequired\":true,\"valueName\":\"search_term_string\"}}],\"inLanguage\":\"nb-NO\"}]}<\/script>\n<!-- \/ Yoast SEO plugin. -->","yoast_head_json":{"title":"Badeponcho med hette for barn | Australia #1 Poncho Shop","description":"Leter du etter en badeponcho med hette til barn? Du har kommet til rett sted \ud83d\ude04 Vi tilbyr et bredt utvalg av badeponcho med hette, perfekt for deg.","robots":{"index":"index","follow":"follow","max-snippet":"max-snippet:-1","max-image-preview":"max-image-preview:large","max-video-preview":"max-video-preview:-1"},"canonical":"https:\/\/ozponcho.com.au\/nb\/p\/strandkappe-med-hette-for-barn\/","og_locale":"nb_NO","og_type":"article","og_title":"Hooded Kids' Bath Poncho | Australia #1 Poncho Shop","og_description":"Looking for a Hooded Kids' Bath Poncho ? You've come to the right place \ud83d\ude04 We offers a wide selection of Hooded Kids' Bath Poncho, perfect for you.","og_url":"https:\/\/ozponcho.com.au\/nb\/p\/strandkappe-med-hette-for-barn\/","og_site_name":"OZ Poncho","article_modified_time":"2024-03-08T05:26:32+00:00","og_image":[{"width":800,"height":800,"url":"https:\/\/ozponcho.com.au\/wp-content\/uploads\/2023\/12\/S031fbe0f98704ce7bf770c24ef1fb8d02-22.webp","type":"image\/webp"}],"twitter_card":"summary_large_image","twitter_misc":{"Ansl. lesetid":"1 minutt"},"schema":{"@context":"https:\/\/schema.org","@graph":[{"@type":"WebPage","@id":"https:\/\/ozponcho.com.au\/p\/childrens-beach-hooded-cape\/","url":"https:\/\/ozponcho.com.au\/p\/childrens-beach-hooded-cape\/","name":"Badeponcho med hette for barn | Australia #1 Poncho Shop","isPartOf":{"@id":"https:\/\/ozponcho.com.au\/#website"},"primaryImageOfPage":{"@id":"https:\/\/ozponcho.com.au\/p\/childrens-beach-hooded-cape\/#primaryimage"},"image":{"@id":"https:\/\/ozponcho.com.au\/p\/childrens-beach-hooded-cape\/#primaryimage"},"thumbnailUrl":"https:\/\/ozponcho.com.au\/wp-content\/uploads\/2023\/12\/S031fbe0f98704ce7bf770c24ef1fb8d02-22.webp","datePublished":"2023-12-30T11:24:14+00:00","dateModified":"2024-03-08T05:26:32+00:00","description":"Leter du etter en badeponcho med hette til barn? Du har kommet til rett sted \ud83d\ude04 Vi tilbyr et bredt utvalg av badeponcho med hette, perfekt for deg.","breadcrumb":{"@id":"https:\/\/ozponcho.com.au\/p\/childrens-beach-hooded-cape\/#breadcrumb"},"inLanguage":"nb-NO","potentialAction":[{"@type":"ReadAction","target":["https:\/\/ozponcho.com.au\/p\/childrens-beach-hooded-cape\/"]}]},{"@type":"ImageObject","inLanguage":"nb-NO","@id":"https:\/\/ozponcho.com.au\/p\/childrens-beach-hooded-cape\/#primaryimage","url":"https:\/\/ozponcho.com.au\/wp-content\/uploads\/2023\/12\/S031fbe0f98704ce7bf770c24ef1fb8d02-22.webp","contentUrl":"https:\/\/ozponcho.com.au\/wp-content\/uploads\/2023\/12\/S031fbe0f98704ce7bf770c24ef1fb8d02-22.webp","width":800,"height":800,"caption":"Hooded Kids' Bath Poncho"},{"@type":"BreadcrumbList","@id":"https:\/\/ozponcho.com.au\/p\/childrens-beach-hooded-cape\/#breadcrumb","itemListElement":[{"@type":"ListItem","position":1,"name":"Home","item":"https:\/\/ozponcho.com.au\/"},{"@type":"ListItem","position":2,"name":"Shop","item":"https:\/\/ozponcho.com.au\/shop\/"},{"@type":"ListItem","position":3,"name":"Hooded Kids&#8217; Bath Poncho"}]},{"@type":"WebSite","@id":"https:\/\/ozponcho.com.au\/#website","url":"https:\/\/ozponcho.com.au\/","name":"OZ Poncho","description":"","potentialAction":[{"@type":"SearchAction","target":{"@type":"EntryPoint","urlTemplate":"https:\/\/ozponcho.com.au\/?s={search_term_string}"},"query-input":{"@type":"PropertyValueSpecification","valueRequired":true,"valueName":"search_term_string"}}],"inLanguage":"nb-NO"}]}},"_links":{"self":[{"href":"https:\/\/ozponcho.com.au\/nb\/wp-json\/wp\/v2\/product\/15374","targetHints":{"allow":["GET"]}}],"collection":[{"href":"https:\/\/ozponcho.com.au\/nb\/wp-json\/wp\/v2\/product"}],"about":[{"href":"https:\/\/ozponcho.com.au\/nb\/wp-json\/wp\/v2\/types\/product"}],"wp:featuredmedia":[{"embeddable":true,"href":"https:\/\/ozponcho.com.au\/nb\/wp-json\/wp\/v2\/media\/15371"}],"wp:attachment":[{"href":"https:\/\/ozponcho.com.au\/nb\/wp-json\/wp\/v2\/media?parent=15374"}],"wp:term":[{"taxonomy":"product_brand","embeddable":true,"href":"https:\/\/ozponcho.com.au\/nb\/wp-json\/wp\/v2\/product_brand?post=15374"},{"taxonomy":"product_cat","embeddable":true,"href":"https:\/\/ozponcho.com.au\/nb\/wp-json\/wp\/v2\/product_cat?post=15374"},{"taxonomy":"product_tag","embeddable":true,"href":"https:\/\/ozponcho.com.au\/nb\/wp-json\/wp\/v2\/product_tag?post=15374"}],"curies":[{"name":"wp","href":"https:\/\/api.w.org\/{rel}","templated":true}]}}