{"id":14995,"date":"2023-12-30T22:18:58","date_gmt":"2023-12-30T11:18:58","guid":{"rendered":"https:\/\/ozponcho.com.au\/?post_type=product&#038;p=14995"},"modified":"2025-12-27T21:17:32","modified_gmt":"2025-12-27T10:17:32","slug":"children-rain-poncho-coat-3","status":"publish","type":"product","link":"https:\/\/ozponcho.com.au\/nb\/p\/regnponcho-for-barn-3\/","title":{"rendered":"Vanntett ponchojakke for barn"},"content":{"rendered":"<p>Gled deg over fargeklatten selv p\u00e5 gr\u00e5 regnv\u00e6rsdager med v\u00e5r livlige, vanntette ponchojakke for barn! Denne lette ponchoen i plast for gutter og jenter er designet for komfort og brukervennlighet, og har stil uten at det g\u00e5r p\u00e5 bekostning av det praktiske. Designet med hette og lekne m\u00f8nstre - fra livlige prikker til dristige geometriske m\u00f8nstre - appellerer til alle barns fantasi. Denne slitesterke regnponchoen er ideell for turer eller skoleveien, og lover \u00e5 holde de sm\u00e5 t\u00f8rre og glade. Oppmuntre til utelek, selv i regnv\u00e6r, med dette g\u00f8yale regnt\u00f8yet!<\/p>\n<h2>SPESIFIKASJONER<\/h2>\n<p>Materiale: Plast<\/p>\n<p>Aldersgruppe: Barn<\/p>\n<p>Kj\u00f8nn: Gutter og jenter<\/p>\n<p>Type: Regnfrakk<\/p>\n<p><img decoding=\"async\" class=\"alignnone size-full wp-image-17234\" src=\"https:\/\/ozponcho.com.au\/wp-content\/uploads\/2023\/12\/Screenshot-2024-01-17-at-17.12.02.png\" alt=\"St\u00f8rrelsestabell for barnekl\u00e6r\" width=\"1524\" height=\"408\" srcset=\"https:\/\/ozponcho.com.au\/wp-content\/uploads\/2023\/12\/Screenshot-2024-01-17-at-17.12.02.png 1524w, https:\/\/ozponcho.com.au\/wp-content\/uploads\/2023\/12\/Screenshot-2024-01-17-at-17.12.02-1020x273.png 1020w, https:\/\/ozponcho.com.au\/wp-content\/uploads\/2023\/12\/Screenshot-2024-01-17-at-17.12.02-300x80.png 300w, https:\/\/ozponcho.com.au\/wp-content\/uploads\/2023\/12\/Screenshot-2024-01-17-at-17.12.02-1024x274.png 1024w, https:\/\/ozponcho.com.au\/wp-content\/uploads\/2023\/12\/Screenshot-2024-01-17-at-17.12.02-768x206.png 768w\" sizes=\"(max-width: 1524px) 100vw, 1524px\" \/><\/p>\n<p><img decoding=\"async\" class=\"alignnone size-full wp-image-16947\" src=\"https:\/\/ozponcho.com.au\/wp-content\/uploads\/2023\/12\/S8d969f6d0b7a42f5beb2a4fdb06efb7f9-47.webp\" alt=\"S\u00f8t regnfrakk for barn\" width=\"800\" height=\"800\" srcset=\"https:\/\/ozponcho.com.au\/wp-content\/uploads\/2023\/12\/S8d969f6d0b7a42f5beb2a4fdb06efb7f9-47.webp 800w, https:\/\/ozponcho.com.au\/wp-content\/uploads\/2023\/12\/S8d969f6d0b7a42f5beb2a4fdb06efb7f9-47-100x100.webp 100w, https:\/\/ozponcho.com.au\/wp-content\/uploads\/2023\/12\/S8d969f6d0b7a42f5beb2a4fdb06efb7f9-47-300x300.webp 300w, https:\/\/ozponcho.com.au\/wp-content\/uploads\/2023\/12\/S8d969f6d0b7a42f5beb2a4fdb06efb7f9-47-150x150.webp 150w, https:\/\/ozponcho.com.au\/wp-content\/uploads\/2023\/12\/S8d969f6d0b7a42f5beb2a4fdb06efb7f9-47-768x768.webp 768w, https:\/\/ozponcho.com.au\/wp-content\/uploads\/2023\/12\/S8d969f6d0b7a42f5beb2a4fdb06efb7f9-47-510x510.webp 510w\" sizes=\"(max-width: 800px) 100vw, 800px\" \/><\/p>","protected":false},"excerpt":{"rendered":"<p>Delight in the splash of color even on grey rainy days with our vibrant Waterproof Kids Poncho Jacket! Designed for comfort and ease, this lightweight, plastic poncho for boys and girls offers style without sacrificing practicality. Its hooded design and playful patterns\u00e2\u20ac\u201cfrom lively polka dots to bold geometrics\u00e2\u20ac\u201cappeal to any child&#8217;s imagination. Ideal for hiking [&#8230;]","protected":false},"featured_media":14994,"template":"","meta":[],"product_brand":[],"product_cat":[227,15,222,217,212,205,221],"product_tag":[],"class_list":{"0":"post-14995","1":"product","2":"type-product","3":"status-publish","4":"has-post-thumbnail","6":"product_cat-hooded-poncho","7":"product_cat-main-category","8":"product_cat-pink-poncho","9":"product_cat-plastic-poncho","10":"product_cat-poncho-kid","11":"product_cat-rain-poncho","12":"product_cat-red-poncho","14":"first","15":"instock","16":"shipping-taxable","17":"purchasable","18":"product-type-variable"},"yoast_head":"<!-- This site is optimized with the Yoast SEO plugin v25.9 - https:\/\/yoast.com\/wordpress\/plugins\/seo\/ -->\n<title>Waterproof Kids Poncho Jacket | Australia #1 Poncho Shop<\/title>\n<meta name=\"description\" content=\"Looking for a Waterproof Kids Poncho Jacket ? You&#039;ve come to the right place \ud83d\ude04 We offers a wide selection of Waterproof Kids Poncho Jacket, perfect for you.\" \/>\n<meta name=\"robots\" content=\"index, follow, max-snippet:-1, max-image-preview:large, max-video-preview:-1\" \/>\n<link rel=\"canonical\" href=\"https:\/\/ozponcho.com.au\/nb\/p\/regnponcho-for-barn-3\/\" \/>\n<meta property=\"og:locale\" content=\"nb_NO\" \/>\n<meta property=\"og:type\" content=\"article\" \/>\n<meta property=\"og:title\" content=\"Waterproof Kids Poncho Jacket | Australia #1 Poncho Shop\" \/>\n<meta property=\"og:description\" content=\"Looking for a Waterproof Kids Poncho Jacket ? You&#039;ve come to the right place \ud83d\ude04 We offers a wide selection of Waterproof Kids Poncho Jacket, perfect for you.\" \/>\n<meta property=\"og:url\" content=\"https:\/\/ozponcho.com.au\/nb\/p\/regnponcho-for-barn-3\/\" \/>\n<meta property=\"og:site_name\" content=\"OZ Poncho\" \/>\n<meta property=\"article:modified_time\" content=\"2025-12-27T10:17:32+00:00\" \/>\n<meta property=\"og:image\" content=\"https:\/\/ozponcho.com.au\/wp-content\/uploads\/2023\/12\/S7f4a2d0e3452409191aafdcf2c5bec9bA.webp\" \/>\n\t<meta property=\"og:image:width\" content=\"1920\" \/>\n\t<meta property=\"og:image:height\" content=\"1920\" \/>\n\t<meta property=\"og:image:type\" content=\"image\/webp\" \/>\n<meta name=\"twitter:card\" content=\"summary_large_image\" \/>\n<meta name=\"twitter:label1\" content=\"Ansl. lesetid\" \/>\n\t<meta name=\"twitter:data1\" content=\"2 minutter\" \/>\n<script type=\"application\/ld+json\" class=\"yoast-schema-graph\">{\"@context\":\"https:\/\/schema.org\",\"@graph\":[{\"@type\":\"WebPage\",\"@id\":\"https:\/\/ozponcho.com.au\/p\/children-rain-poncho-coat-3\/\",\"url\":\"https:\/\/ozponcho.com.au\/p\/children-rain-poncho-coat-3\/\",\"name\":\"Waterproof Kids Poncho Jacket | Australia #1 Poncho Shop\",\"isPartOf\":{\"@id\":\"https:\/\/ozponcho.com.au\/#website\"},\"primaryImageOfPage\":{\"@id\":\"https:\/\/ozponcho.com.au\/p\/children-rain-poncho-coat-3\/#primaryimage\"},\"image\":{\"@id\":\"https:\/\/ozponcho.com.au\/p\/children-rain-poncho-coat-3\/#primaryimage\"},\"thumbnailUrl\":\"https:\/\/ozponcho.com.au\/wp-content\/uploads\/2023\/12\/S7f4a2d0e3452409191aafdcf2c5bec9bA.webp\",\"datePublished\":\"2023-12-30T11:18:58+00:00\",\"dateModified\":\"2025-12-27T10:17:32+00:00\",\"description\":\"Looking for a Waterproof Kids Poncho Jacket ? You've come to the right place \ud83d\ude04 We offers a wide selection of Waterproof Kids Poncho Jacket, perfect for you.\",\"breadcrumb\":{\"@id\":\"https:\/\/ozponcho.com.au\/p\/children-rain-poncho-coat-3\/#breadcrumb\"},\"inLanguage\":\"nb-NO\",\"potentialAction\":[{\"@type\":\"ReadAction\",\"target\":[\"https:\/\/ozponcho.com.au\/p\/children-rain-poncho-coat-3\/\"]}]},{\"@type\":\"ImageObject\",\"inLanguage\":\"nb-NO\",\"@id\":\"https:\/\/ozponcho.com.au\/p\/children-rain-poncho-coat-3\/#primaryimage\",\"url\":\"https:\/\/ozponcho.com.au\/wp-content\/uploads\/2023\/12\/S7f4a2d0e3452409191aafdcf2c5bec9bA.webp\",\"contentUrl\":\"https:\/\/ozponcho.com.au\/wp-content\/uploads\/2023\/12\/S7f4a2d0e3452409191aafdcf2c5bec9bA.webp\",\"width\":1920,\"height\":1920,\"caption\":\"Waterproof Kids Poncho Jacket\"},{\"@type\":\"BreadcrumbList\",\"@id\":\"https:\/\/ozponcho.com.au\/p\/children-rain-poncho-coat-3\/#breadcrumb\",\"itemListElement\":[{\"@type\":\"ListItem\",\"position\":1,\"name\":\"Home\",\"item\":\"https:\/\/ozponcho.com.au\/\"},{\"@type\":\"ListItem\",\"position\":2,\"name\":\"Shop\",\"item\":\"https:\/\/ozponcho.com.au\/shop\/\"},{\"@type\":\"ListItem\",\"position\":3,\"name\":\"Waterproof Kids Poncho Jacket\"}]},{\"@type\":\"WebSite\",\"@id\":\"https:\/\/ozponcho.com.au\/#website\",\"url\":\"https:\/\/ozponcho.com.au\/\",\"name\":\"OZ Poncho\",\"description\":\"\",\"potentialAction\":[{\"@type\":\"SearchAction\",\"target\":{\"@type\":\"EntryPoint\",\"urlTemplate\":\"https:\/\/ozponcho.com.au\/?s={search_term_string}\"},\"query-input\":{\"@type\":\"PropertyValueSpecification\",\"valueRequired\":true,\"valueName\":\"search_term_string\"}}],\"inLanguage\":\"nb-NO\"}]}<\/script>\n<!-- \/ Yoast SEO plugin. -->","yoast_head_json":{"title":"Vanntett ponchojakke for barn | Australia #1 Poncho Shop","description":"Leter du etter en vanntett ponchojakke for barn? Da har du kommet til rett sted \ud83d\ude04 Vi tilbyr et bredt utvalg av vanntette ponchojakker for barn, perfekt for deg.","robots":{"index":"index","follow":"follow","max-snippet":"max-snippet:-1","max-image-preview":"max-image-preview:large","max-video-preview":"max-video-preview:-1"},"canonical":"https:\/\/ozponcho.com.au\/nb\/p\/regnponcho-for-barn-3\/","og_locale":"nb_NO","og_type":"article","og_title":"Waterproof Kids Poncho Jacket | Australia #1 Poncho Shop","og_description":"Looking for a Waterproof Kids Poncho Jacket ? You've come to the right place \ud83d\ude04 We offers a wide selection of Waterproof Kids Poncho Jacket, perfect for you.","og_url":"https:\/\/ozponcho.com.au\/nb\/p\/regnponcho-for-barn-3\/","og_site_name":"OZ Poncho","article_modified_time":"2025-12-27T10:17:32+00:00","og_image":[{"width":1920,"height":1920,"url":"https:\/\/ozponcho.com.au\/wp-content\/uploads\/2023\/12\/S7f4a2d0e3452409191aafdcf2c5bec9bA.webp","type":"image\/webp"}],"twitter_card":"summary_large_image","twitter_misc":{"Ansl. lesetid":"2 minutter"},"schema":{"@context":"https:\/\/schema.org","@graph":[{"@type":"WebPage","@id":"https:\/\/ozponcho.com.au\/p\/children-rain-poncho-coat-3\/","url":"https:\/\/ozponcho.com.au\/p\/children-rain-poncho-coat-3\/","name":"Vanntett ponchojakke for barn | Australia #1 Poncho Shop","isPartOf":{"@id":"https:\/\/ozponcho.com.au\/#website"},"primaryImageOfPage":{"@id":"https:\/\/ozponcho.com.au\/p\/children-rain-poncho-coat-3\/#primaryimage"},"image":{"@id":"https:\/\/ozponcho.com.au\/p\/children-rain-poncho-coat-3\/#primaryimage"},"thumbnailUrl":"https:\/\/ozponcho.com.au\/wp-content\/uploads\/2023\/12\/S7f4a2d0e3452409191aafdcf2c5bec9bA.webp","datePublished":"2023-12-30T11:18:58+00:00","dateModified":"2025-12-27T10:17:32+00:00","description":"Leter du etter en vanntett ponchojakke for barn? Da har du kommet til rett sted \ud83d\ude04 Vi tilbyr et bredt utvalg av vanntette ponchojakker for barn, perfekt for deg.","breadcrumb":{"@id":"https:\/\/ozponcho.com.au\/p\/children-rain-poncho-coat-3\/#breadcrumb"},"inLanguage":"nb-NO","potentialAction":[{"@type":"ReadAction","target":["https:\/\/ozponcho.com.au\/p\/children-rain-poncho-coat-3\/"]}]},{"@type":"ImageObject","inLanguage":"nb-NO","@id":"https:\/\/ozponcho.com.au\/p\/children-rain-poncho-coat-3\/#primaryimage","url":"https:\/\/ozponcho.com.au\/wp-content\/uploads\/2023\/12\/S7f4a2d0e3452409191aafdcf2c5bec9bA.webp","contentUrl":"https:\/\/ozponcho.com.au\/wp-content\/uploads\/2023\/12\/S7f4a2d0e3452409191aafdcf2c5bec9bA.webp","width":1920,"height":1920,"caption":"Waterproof Kids Poncho Jacket"},{"@type":"BreadcrumbList","@id":"https:\/\/ozponcho.com.au\/p\/children-rain-poncho-coat-3\/#breadcrumb","itemListElement":[{"@type":"ListItem","position":1,"name":"Home","item":"https:\/\/ozponcho.com.au\/"},{"@type":"ListItem","position":2,"name":"Shop","item":"https:\/\/ozponcho.com.au\/shop\/"},{"@type":"ListItem","position":3,"name":"Waterproof Kids Poncho Jacket"}]},{"@type":"WebSite","@id":"https:\/\/ozponcho.com.au\/#website","url":"https:\/\/ozponcho.com.au\/","name":"OZ Poncho","description":"","potentialAction":[{"@type":"SearchAction","target":{"@type":"EntryPoint","urlTemplate":"https:\/\/ozponcho.com.au\/?s={search_term_string}"},"query-input":{"@type":"PropertyValueSpecification","valueRequired":true,"valueName":"search_term_string"}}],"inLanguage":"nb-NO"}]}},"_links":{"self":[{"href":"https:\/\/ozponcho.com.au\/nb\/wp-json\/wp\/v2\/product\/14995","targetHints":{"allow":["GET"]}}],"collection":[{"href":"https:\/\/ozponcho.com.au\/nb\/wp-json\/wp\/v2\/product"}],"about":[{"href":"https:\/\/ozponcho.com.au\/nb\/wp-json\/wp\/v2\/types\/product"}],"wp:featuredmedia":[{"embeddable":true,"href":"https:\/\/ozponcho.com.au\/nb\/wp-json\/wp\/v2\/media\/14994"}],"wp:attachment":[{"href":"https:\/\/ozponcho.com.au\/nb\/wp-json\/wp\/v2\/media?parent=14995"}],"wp:term":[{"taxonomy":"product_brand","embeddable":true,"href":"https:\/\/ozponcho.com.au\/nb\/wp-json\/wp\/v2\/product_brand?post=14995"},{"taxonomy":"product_cat","embeddable":true,"href":"https:\/\/ozponcho.com.au\/nb\/wp-json\/wp\/v2\/product_cat?post=14995"},{"taxonomy":"product_tag","embeddable":true,"href":"https:\/\/ozponcho.com.au\/nb\/wp-json\/wp\/v2\/product_tag?post=14995"}],"curies":[{"name":"wp","href":"https:\/\/api.w.org\/{rel}","templated":true}]}}