{"id":14807,"date":"2023-12-30T22:16:35","date_gmt":"2023-12-30T11:16:35","guid":{"rendered":"https:\/\/ozponcho.com.au\/?post_type=product&#038;p=14807"},"modified":"2024-03-08T16:26:54","modified_gmt":"2024-03-08T05:26:54","slug":"soft-hooded-kids-bath-cape","status":"publish","type":"product","link":"https:\/\/ozponcho.com.au\/nb\/p\/myk-badekappe-med-hette-for-barn\/","title":{"rendered":"Poncho-h\u00e5ndkle for barn"},"content":{"rendered":"<p>Pakk den lille inn i koselig komfort med v\u00e5rt ponchoh\u00e5ndkle for barn! Dette vidunderet med hette gir en herlig og varm omfavnelse etter bading eller sv\u00f8mmetur. Det er laget av ultramyk mikrofiber som er sk\u00e5nsomt mot huden, sv\u00e6rt absorberende og t\u00f8rker raskt. De s\u00f8te tegneseriedesignene gj\u00f8r badetiden morsom, og ponchoen er enkel \u00e5 ha p\u00e5, slik at barna kan bevege seg fritt. En perfekt kombinasjon av s\u00f8thet, komfort og bekvemmelighet for barn opp til 130 cm.<\/p>\n<h2>SPESIFIKASJONER<\/h2>\n<p>Teknikk: Kjemmet bomull<\/p>\n<p>Opprinnelse: Fastlands-Kina<\/p>","protected":false},"excerpt":{"rendered":"<p>Wrap your little one in cozy comfort with our Kids Bath Poncho Towel! This hooded marvel provides a delightful and warm embrace after baths or swims. Made from ultra-soft microfiber, it&#8217;s gentle on the skin, highly absorbent, and quick to dry. Adorable cartoon designs make bath time fun, while the easy-to-wear poncho style lets kids [&#8230;]","protected":false},"featured_media":14806,"template":"","meta":[],"product_brand":[],"product_cat":[15,222,212,208],"product_tag":[],"class_list":{"0":"post-14807","1":"product","2":"type-product","3":"status-publish","4":"has-post-thumbnail","6":"product_cat-main-category","7":"product_cat-pink-poncho","8":"product_cat-poncho-kid","9":"product_cat-surf-poncho","11":"first","12":"instock","13":"shipping-taxable","14":"purchasable","15":"product-type-variable"},"yoast_head":"<!-- This site is optimized with the Yoast SEO plugin v25.9 - https:\/\/yoast.com\/wordpress\/plugins\/seo\/ -->\n<title>Kids Bath Poncho Towel | Australia #1 Poncho Shop<\/title>\n<meta name=\"description\" content=\"Looking for a Kids Bath Poncho Towel ? You&#039;ve come to the right place \ud83d\ude04 We offers a wide selection of Kids Bath Poncho Towel, perfect for you.\" \/>\n<meta name=\"robots\" content=\"index, follow, max-snippet:-1, max-image-preview:large, max-video-preview:-1\" \/>\n<link rel=\"canonical\" href=\"https:\/\/ozponcho.com.au\/nb\/p\/myk-badekappe-med-hette-for-barn\/\" \/>\n<meta property=\"og:locale\" content=\"nb_NO\" \/>\n<meta property=\"og:type\" content=\"article\" \/>\n<meta property=\"og:title\" content=\"Kids Bath Poncho Towel | Australia #1 Poncho Shop\" \/>\n<meta property=\"og:description\" content=\"Looking for a Kids Bath Poncho Towel ? You&#039;ve come to the right place \ud83d\ude04 We offers a wide selection of Kids Bath Poncho Towel, perfect for you.\" \/>\n<meta property=\"og:url\" content=\"https:\/\/ozponcho.com.au\/nb\/p\/myk-badekappe-med-hette-for-barn\/\" \/>\n<meta property=\"og:site_name\" content=\"OZ Poncho\" \/>\n<meta property=\"article:modified_time\" content=\"2024-03-08T05:26:54+00:00\" \/>\n<meta property=\"og:image\" content=\"https:\/\/ozponcho.com.au\/wp-content\/uploads\/2023\/12\/S61507787e3dc468a8bdb8a8af9a03c4eb-8.webp\" \/>\n\t<meta property=\"og:image:width\" content=\"800\" \/>\n\t<meta property=\"og:image:height\" content=\"800\" \/>\n\t<meta property=\"og:image:type\" content=\"image\/webp\" \/>\n<meta name=\"twitter:card\" content=\"summary_large_image\" \/>\n<meta name=\"twitter:label1\" content=\"Ansl. lesetid\" \/>\n\t<meta name=\"twitter:data1\" content=\"1 minutt\" \/>\n<script type=\"application\/ld+json\" class=\"yoast-schema-graph\">{\"@context\":\"https:\/\/schema.org\",\"@graph\":[{\"@type\":\"WebPage\",\"@id\":\"https:\/\/ozponcho.com.au\/p\/soft-hooded-kids-bath-cape\/\",\"url\":\"https:\/\/ozponcho.com.au\/p\/soft-hooded-kids-bath-cape\/\",\"name\":\"Kids Bath Poncho Towel | Australia #1 Poncho Shop\",\"isPartOf\":{\"@id\":\"https:\/\/ozponcho.com.au\/#website\"},\"primaryImageOfPage\":{\"@id\":\"https:\/\/ozponcho.com.au\/p\/soft-hooded-kids-bath-cape\/#primaryimage\"},\"image\":{\"@id\":\"https:\/\/ozponcho.com.au\/p\/soft-hooded-kids-bath-cape\/#primaryimage\"},\"thumbnailUrl\":\"https:\/\/ozponcho.com.au\/wp-content\/uploads\/2023\/12\/S61507787e3dc468a8bdb8a8af9a03c4eb-8.webp\",\"datePublished\":\"2023-12-30T11:16:35+00:00\",\"dateModified\":\"2024-03-08T05:26:54+00:00\",\"description\":\"Looking for a Kids Bath Poncho Towel ? You've come to the right place \ud83d\ude04 We offers a wide selection of Kids Bath Poncho Towel, perfect for you.\",\"breadcrumb\":{\"@id\":\"https:\/\/ozponcho.com.au\/p\/soft-hooded-kids-bath-cape\/#breadcrumb\"},\"inLanguage\":\"nb-NO\",\"potentialAction\":[{\"@type\":\"ReadAction\",\"target\":[\"https:\/\/ozponcho.com.au\/p\/soft-hooded-kids-bath-cape\/\"]}]},{\"@type\":\"ImageObject\",\"inLanguage\":\"nb-NO\",\"@id\":\"https:\/\/ozponcho.com.au\/p\/soft-hooded-kids-bath-cape\/#primaryimage\",\"url\":\"https:\/\/ozponcho.com.au\/wp-content\/uploads\/2023\/12\/S61507787e3dc468a8bdb8a8af9a03c4eb-8.webp\",\"contentUrl\":\"https:\/\/ozponcho.com.au\/wp-content\/uploads\/2023\/12\/S61507787e3dc468a8bdb8a8af9a03c4eb-8.webp\",\"width\":800,\"height\":800,\"caption\":\"Kids Bath Poncho Towel\"},{\"@type\":\"BreadcrumbList\",\"@id\":\"https:\/\/ozponcho.com.au\/p\/soft-hooded-kids-bath-cape\/#breadcrumb\",\"itemListElement\":[{\"@type\":\"ListItem\",\"position\":1,\"name\":\"Home\",\"item\":\"https:\/\/ozponcho.com.au\/\"},{\"@type\":\"ListItem\",\"position\":2,\"name\":\"Shop\",\"item\":\"https:\/\/ozponcho.com.au\/shop\/\"},{\"@type\":\"ListItem\",\"position\":3,\"name\":\"Kids Bath Poncho Towel\"}]},{\"@type\":\"WebSite\",\"@id\":\"https:\/\/ozponcho.com.au\/#website\",\"url\":\"https:\/\/ozponcho.com.au\/\",\"name\":\"OZ Poncho\",\"description\":\"\",\"potentialAction\":[{\"@type\":\"SearchAction\",\"target\":{\"@type\":\"EntryPoint\",\"urlTemplate\":\"https:\/\/ozponcho.com.au\/?s={search_term_string}\"},\"query-input\":{\"@type\":\"PropertyValueSpecification\",\"valueRequired\":true,\"valueName\":\"search_term_string\"}}],\"inLanguage\":\"nb-NO\"}]}<\/script>\n<!-- \/ Yoast SEO plugin. -->","yoast_head_json":{"title":"Ponchoh\u00e5ndkle for barn | Australia #1 Ponchobutikk","description":"Leter du etter et Poncho-h\u00e5ndkle for barn? Du har kommet til rett sted \ud83d\ude04 Vi tilbyr et bredt utvalg av Ponchoh\u00e5ndkle for barn, perfekt for deg.","robots":{"index":"index","follow":"follow","max-snippet":"max-snippet:-1","max-image-preview":"max-image-preview:large","max-video-preview":"max-video-preview:-1"},"canonical":"https:\/\/ozponcho.com.au\/nb\/p\/myk-badekappe-med-hette-for-barn\/","og_locale":"nb_NO","og_type":"article","og_title":"Kids Bath Poncho Towel | Australia #1 Poncho Shop","og_description":"Looking for a Kids Bath Poncho Towel ? You've come to the right place \ud83d\ude04 We offers a wide selection of Kids Bath Poncho Towel, perfect for you.","og_url":"https:\/\/ozponcho.com.au\/nb\/p\/myk-badekappe-med-hette-for-barn\/","og_site_name":"OZ Poncho","article_modified_time":"2024-03-08T05:26:54+00:00","og_image":[{"width":800,"height":800,"url":"https:\/\/ozponcho.com.au\/wp-content\/uploads\/2023\/12\/S61507787e3dc468a8bdb8a8af9a03c4eb-8.webp","type":"image\/webp"}],"twitter_card":"summary_large_image","twitter_misc":{"Ansl. lesetid":"1 minutt"},"schema":{"@context":"https:\/\/schema.org","@graph":[{"@type":"WebPage","@id":"https:\/\/ozponcho.com.au\/p\/soft-hooded-kids-bath-cape\/","url":"https:\/\/ozponcho.com.au\/p\/soft-hooded-kids-bath-cape\/","name":"Ponchoh\u00e5ndkle for barn | Australia #1 Ponchobutikk","isPartOf":{"@id":"https:\/\/ozponcho.com.au\/#website"},"primaryImageOfPage":{"@id":"https:\/\/ozponcho.com.au\/p\/soft-hooded-kids-bath-cape\/#primaryimage"},"image":{"@id":"https:\/\/ozponcho.com.au\/p\/soft-hooded-kids-bath-cape\/#primaryimage"},"thumbnailUrl":"https:\/\/ozponcho.com.au\/wp-content\/uploads\/2023\/12\/S61507787e3dc468a8bdb8a8af9a03c4eb-8.webp","datePublished":"2023-12-30T11:16:35+00:00","dateModified":"2024-03-08T05:26:54+00:00","description":"Leter du etter et Poncho-h\u00e5ndkle for barn? Du har kommet til rett sted \ud83d\ude04 Vi tilbyr et bredt utvalg av Ponchoh\u00e5ndkle for barn, perfekt for deg.","breadcrumb":{"@id":"https:\/\/ozponcho.com.au\/p\/soft-hooded-kids-bath-cape\/#breadcrumb"},"inLanguage":"nb-NO","potentialAction":[{"@type":"ReadAction","target":["https:\/\/ozponcho.com.au\/p\/soft-hooded-kids-bath-cape\/"]}]},{"@type":"ImageObject","inLanguage":"nb-NO","@id":"https:\/\/ozponcho.com.au\/p\/soft-hooded-kids-bath-cape\/#primaryimage","url":"https:\/\/ozponcho.com.au\/wp-content\/uploads\/2023\/12\/S61507787e3dc468a8bdb8a8af9a03c4eb-8.webp","contentUrl":"https:\/\/ozponcho.com.au\/wp-content\/uploads\/2023\/12\/S61507787e3dc468a8bdb8a8af9a03c4eb-8.webp","width":800,"height":800,"caption":"Kids Bath Poncho Towel"},{"@type":"BreadcrumbList","@id":"https:\/\/ozponcho.com.au\/p\/soft-hooded-kids-bath-cape\/#breadcrumb","itemListElement":[{"@type":"ListItem","position":1,"name":"Home","item":"https:\/\/ozponcho.com.au\/"},{"@type":"ListItem","position":2,"name":"Shop","item":"https:\/\/ozponcho.com.au\/shop\/"},{"@type":"ListItem","position":3,"name":"Kids Bath Poncho Towel"}]},{"@type":"WebSite","@id":"https:\/\/ozponcho.com.au\/#website","url":"https:\/\/ozponcho.com.au\/","name":"OZ Poncho","description":"","potentialAction":[{"@type":"SearchAction","target":{"@type":"EntryPoint","urlTemplate":"https:\/\/ozponcho.com.au\/?s={search_term_string}"},"query-input":{"@type":"PropertyValueSpecification","valueRequired":true,"valueName":"search_term_string"}}],"inLanguage":"nb-NO"}]}},"_links":{"self":[{"href":"https:\/\/ozponcho.com.au\/nb\/wp-json\/wp\/v2\/product\/14807","targetHints":{"allow":["GET"]}}],"collection":[{"href":"https:\/\/ozponcho.com.au\/nb\/wp-json\/wp\/v2\/product"}],"about":[{"href":"https:\/\/ozponcho.com.au\/nb\/wp-json\/wp\/v2\/types\/product"}],"wp:featuredmedia":[{"embeddable":true,"href":"https:\/\/ozponcho.com.au\/nb\/wp-json\/wp\/v2\/media\/14806"}],"wp:attachment":[{"href":"https:\/\/ozponcho.com.au\/nb\/wp-json\/wp\/v2\/media?parent=14807"}],"wp:term":[{"taxonomy":"product_brand","embeddable":true,"href":"https:\/\/ozponcho.com.au\/nb\/wp-json\/wp\/v2\/product_brand?post=14807"},{"taxonomy":"product_cat","embeddable":true,"href":"https:\/\/ozponcho.com.au\/nb\/wp-json\/wp\/v2\/product_cat?post=14807"},{"taxonomy":"product_tag","embeddable":true,"href":"https:\/\/ozponcho.com.au\/nb\/wp-json\/wp\/v2\/product_tag?post=14807"}],"curies":[{"name":"wp","href":"https:\/\/api.w.org\/{rel}","templated":true}]}}