{"id":14542,"date":"2023-12-30T22:12:55","date_gmt":"2023-12-30T11:12:55","guid":{"rendered":"https:\/\/ozponcho.com.au\/?post_type=product&#038;p=14542"},"modified":"2024-03-08T16:26:58","modified_gmt":"2024-03-08T05:26:58","slug":"cute-bear-cartoon-kid-cape","status":"publish","type":"product","link":"https:\/\/ozponcho.com.au\/nb\/p\/sot-bjorn-tegneserie-barn-cape\/","title":{"rendered":"Baby Bear Poncho med hette"},"content":{"rendered":"<p>Vugg den lille i den koseligste omfavnelse med Baby Bear Hooded Poncho. Denne s\u00f8te kappen er perfekt for kj\u00f8lige utflukter, og er laget av myk bomull og kashmir som er sk\u00e5nsom mot babyhuden. Den sjarmerende bj\u00f8rnehetten med sm\u00e5 \u00f8rer er et lekent innslag i babyens vintergarderobe. Sikre knapper og tettsittende ermer s\u00f8rger for at babyen holder seg varm. Velg sjalet v\u00e5rt som en unik og praktisk gave som lover b\u00e5de stil og komfort for sm\u00e5 eventyrere i alderen 0-4 \u00e5r.<\/p>\n<h2>SPESIFIKASJONER<\/h2>\n<p>Stoff: Bomull og kashmir<\/p>\n<p>Aldersgruppe: 0-3 \u00e5r<\/p>\n<p>Krage: Med hette<\/p>\n<p>Ermestil: Vanlig<\/p>","protected":false},"excerpt":{"rendered":"<p>Cradle your little one in the coziest embrace with our Baby Bear Hooded Poncho. Perfect for chilly outings, this adorable cloak is made with soft cotton and cashmere that&#8217;s gentle on baby skin. Its charming bear hood with tiny ears adds a playful touch to your baby&#8217;s winter wardrobe. Secure buttons and snug full sleeves [&#8230;]","protected":false},"featured_media":14535,"template":"","meta":[],"product_brand":[],"product_cat":[226,15,213],"product_tag":[],"class_list":{"0":"post-14542","1":"product","2":"type-product","3":"status-publish","4":"has-post-thumbnail","6":"product_cat-brown-poncho","7":"product_cat-main-category","8":"product_cat-poncho-baby","10":"first","11":"instock","12":"shipping-taxable","13":"purchasable","14":"product-type-variable"},"yoast_head":"<!-- This site is optimized with the Yoast SEO plugin v25.9 - https:\/\/yoast.com\/wordpress\/plugins\/seo\/ -->\n<title>Baby Bear Hooded Poncho | Australia #1 Poncho Shop<\/title>\n<meta name=\"description\" content=\"Looking for a Baby Bear Hooded Poncho ? You&#039;ve come to the right place \ud83d\ude04 We offers a wide selection of Baby Bear Hooded Poncho, perfect for you.\" \/>\n<meta name=\"robots\" content=\"index, follow, max-snippet:-1, max-image-preview:large, max-video-preview:-1\" \/>\n<link rel=\"canonical\" href=\"https:\/\/ozponcho.com.au\/nb\/p\/sot-bjorn-tegneserie-barn-cape\/\" \/>\n<meta property=\"og:locale\" content=\"nb_NO\" \/>\n<meta property=\"og:type\" content=\"article\" \/>\n<meta property=\"og:title\" content=\"Baby Bear Hooded Poncho | Australia #1 Poncho Shop\" \/>\n<meta property=\"og:description\" content=\"Looking for a Baby Bear Hooded Poncho ? You&#039;ve come to the right place \ud83d\ude04 We offers a wide selection of Baby Bear Hooded Poncho, perfect for you.\" \/>\n<meta property=\"og:url\" content=\"https:\/\/ozponcho.com.au\/nb\/p\/sot-bjorn-tegneserie-barn-cape\/\" \/>\n<meta property=\"og:site_name\" content=\"OZ Poncho\" \/>\n<meta property=\"article:modified_time\" content=\"2024-03-08T05:26:58+00:00\" \/>\n<meta property=\"og:image\" content=\"https:\/\/ozponcho.com.au\/wp-content\/uploads\/2023\/12\/Hcc2dee1a56014ea8b81a39ab3dda858b5.webp\" \/>\n\t<meta property=\"og:image:width\" content=\"800\" \/>\n\t<meta property=\"og:image:height\" content=\"800\" \/>\n\t<meta property=\"og:image:type\" content=\"image\/webp\" \/>\n<meta name=\"twitter:card\" content=\"summary_large_image\" \/>\n<meta name=\"twitter:label1\" content=\"Ansl. lesetid\" \/>\n\t<meta name=\"twitter:data1\" content=\"1 minutt\" \/>\n<script type=\"application\/ld+json\" class=\"yoast-schema-graph\">{\"@context\":\"https:\/\/schema.org\",\"@graph\":[{\"@type\":\"WebPage\",\"@id\":\"https:\/\/ozponcho.com.au\/p\/cute-bear-cartoon-kid-cape\/\",\"url\":\"https:\/\/ozponcho.com.au\/p\/cute-bear-cartoon-kid-cape\/\",\"name\":\"Baby Bear Hooded Poncho | Australia #1 Poncho Shop\",\"isPartOf\":{\"@id\":\"https:\/\/ozponcho.com.au\/#website\"},\"primaryImageOfPage\":{\"@id\":\"https:\/\/ozponcho.com.au\/p\/cute-bear-cartoon-kid-cape\/#primaryimage\"},\"image\":{\"@id\":\"https:\/\/ozponcho.com.au\/p\/cute-bear-cartoon-kid-cape\/#primaryimage\"},\"thumbnailUrl\":\"https:\/\/ozponcho.com.au\/wp-content\/uploads\/2023\/12\/Hcc2dee1a56014ea8b81a39ab3dda858b5.webp\",\"datePublished\":\"2023-12-30T11:12:55+00:00\",\"dateModified\":\"2024-03-08T05:26:58+00:00\",\"description\":\"Looking for a Baby Bear Hooded Poncho ? You've come to the right place \ud83d\ude04 We offers a wide selection of Baby Bear Hooded Poncho, perfect for you.\",\"breadcrumb\":{\"@id\":\"https:\/\/ozponcho.com.au\/p\/cute-bear-cartoon-kid-cape\/#breadcrumb\"},\"inLanguage\":\"nb-NO\",\"potentialAction\":[{\"@type\":\"ReadAction\",\"target\":[\"https:\/\/ozponcho.com.au\/p\/cute-bear-cartoon-kid-cape\/\"]}]},{\"@type\":\"ImageObject\",\"inLanguage\":\"nb-NO\",\"@id\":\"https:\/\/ozponcho.com.au\/p\/cute-bear-cartoon-kid-cape\/#primaryimage\",\"url\":\"https:\/\/ozponcho.com.au\/wp-content\/uploads\/2023\/12\/Hcc2dee1a56014ea8b81a39ab3dda858b5.webp\",\"contentUrl\":\"https:\/\/ozponcho.com.au\/wp-content\/uploads\/2023\/12\/Hcc2dee1a56014ea8b81a39ab3dda858b5.webp\",\"width\":800,\"height\":800,\"caption\":\"Baby Bear Hooded Poncho\"},{\"@type\":\"BreadcrumbList\",\"@id\":\"https:\/\/ozponcho.com.au\/p\/cute-bear-cartoon-kid-cape\/#breadcrumb\",\"itemListElement\":[{\"@type\":\"ListItem\",\"position\":1,\"name\":\"Home\",\"item\":\"https:\/\/ozponcho.com.au\/\"},{\"@type\":\"ListItem\",\"position\":2,\"name\":\"Shop\",\"item\":\"https:\/\/ozponcho.com.au\/shop\/\"},{\"@type\":\"ListItem\",\"position\":3,\"name\":\"Baby Bear Hooded Poncho\"}]},{\"@type\":\"WebSite\",\"@id\":\"https:\/\/ozponcho.com.au\/#website\",\"url\":\"https:\/\/ozponcho.com.au\/\",\"name\":\"OZ Poncho\",\"description\":\"\",\"potentialAction\":[{\"@type\":\"SearchAction\",\"target\":{\"@type\":\"EntryPoint\",\"urlTemplate\":\"https:\/\/ozponcho.com.au\/?s={search_term_string}\"},\"query-input\":{\"@type\":\"PropertyValueSpecification\",\"valueRequired\":true,\"valueName\":\"search_term_string\"}}],\"inLanguage\":\"nb-NO\"}]}<\/script>\n<!-- \/ Yoast SEO plugin. -->","yoast_head_json":{"title":"Baby Bear poncho med hette | Australia #1 Poncho Shop","description":"Leter du etter en Baby Bear Poncho med hette? Du har kommet til rett sted \ud83d\ude04 Vi tilbyr et bredt utvalg av Baby Bear Hooded Poncho, perfekt for deg.","robots":{"index":"index","follow":"follow","max-snippet":"max-snippet:-1","max-image-preview":"max-image-preview:large","max-video-preview":"max-video-preview:-1"},"canonical":"https:\/\/ozponcho.com.au\/nb\/p\/sot-bjorn-tegneserie-barn-cape\/","og_locale":"nb_NO","og_type":"article","og_title":"Baby Bear Hooded Poncho | Australia #1 Poncho Shop","og_description":"Looking for a Baby Bear Hooded Poncho ? You've come to the right place \ud83d\ude04 We offers a wide selection of Baby Bear Hooded Poncho, perfect for you.","og_url":"https:\/\/ozponcho.com.au\/nb\/p\/sot-bjorn-tegneserie-barn-cape\/","og_site_name":"OZ Poncho","article_modified_time":"2024-03-08T05:26:58+00:00","og_image":[{"width":800,"height":800,"url":"https:\/\/ozponcho.com.au\/wp-content\/uploads\/2023\/12\/Hcc2dee1a56014ea8b81a39ab3dda858b5.webp","type":"image\/webp"}],"twitter_card":"summary_large_image","twitter_misc":{"Ansl. lesetid":"1 minutt"},"schema":{"@context":"https:\/\/schema.org","@graph":[{"@type":"WebPage","@id":"https:\/\/ozponcho.com.au\/p\/cute-bear-cartoon-kid-cape\/","url":"https:\/\/ozponcho.com.au\/p\/cute-bear-cartoon-kid-cape\/","name":"Baby Bear poncho med hette | Australia #1 Poncho Shop","isPartOf":{"@id":"https:\/\/ozponcho.com.au\/#website"},"primaryImageOfPage":{"@id":"https:\/\/ozponcho.com.au\/p\/cute-bear-cartoon-kid-cape\/#primaryimage"},"image":{"@id":"https:\/\/ozponcho.com.au\/p\/cute-bear-cartoon-kid-cape\/#primaryimage"},"thumbnailUrl":"https:\/\/ozponcho.com.au\/wp-content\/uploads\/2023\/12\/Hcc2dee1a56014ea8b81a39ab3dda858b5.webp","datePublished":"2023-12-30T11:12:55+00:00","dateModified":"2024-03-08T05:26:58+00:00","description":"Leter du etter en Baby Bear Poncho med hette? Du har kommet til rett sted \ud83d\ude04 Vi tilbyr et bredt utvalg av Baby Bear Hooded Poncho, perfekt for deg.","breadcrumb":{"@id":"https:\/\/ozponcho.com.au\/p\/cute-bear-cartoon-kid-cape\/#breadcrumb"},"inLanguage":"nb-NO","potentialAction":[{"@type":"ReadAction","target":["https:\/\/ozponcho.com.au\/p\/cute-bear-cartoon-kid-cape\/"]}]},{"@type":"ImageObject","inLanguage":"nb-NO","@id":"https:\/\/ozponcho.com.au\/p\/cute-bear-cartoon-kid-cape\/#primaryimage","url":"https:\/\/ozponcho.com.au\/wp-content\/uploads\/2023\/12\/Hcc2dee1a56014ea8b81a39ab3dda858b5.webp","contentUrl":"https:\/\/ozponcho.com.au\/wp-content\/uploads\/2023\/12\/Hcc2dee1a56014ea8b81a39ab3dda858b5.webp","width":800,"height":800,"caption":"Baby Bear Hooded Poncho"},{"@type":"BreadcrumbList","@id":"https:\/\/ozponcho.com.au\/p\/cute-bear-cartoon-kid-cape\/#breadcrumb","itemListElement":[{"@type":"ListItem","position":1,"name":"Home","item":"https:\/\/ozponcho.com.au\/"},{"@type":"ListItem","position":2,"name":"Shop","item":"https:\/\/ozponcho.com.au\/shop\/"},{"@type":"ListItem","position":3,"name":"Baby Bear Hooded Poncho"}]},{"@type":"WebSite","@id":"https:\/\/ozponcho.com.au\/#website","url":"https:\/\/ozponcho.com.au\/","name":"OZ Poncho","description":"","potentialAction":[{"@type":"SearchAction","target":{"@type":"EntryPoint","urlTemplate":"https:\/\/ozponcho.com.au\/?s={search_term_string}"},"query-input":{"@type":"PropertyValueSpecification","valueRequired":true,"valueName":"search_term_string"}}],"inLanguage":"nb-NO"}]}},"_links":{"self":[{"href":"https:\/\/ozponcho.com.au\/nb\/wp-json\/wp\/v2\/product\/14542","targetHints":{"allow":["GET"]}}],"collection":[{"href":"https:\/\/ozponcho.com.au\/nb\/wp-json\/wp\/v2\/product"}],"about":[{"href":"https:\/\/ozponcho.com.au\/nb\/wp-json\/wp\/v2\/types\/product"}],"wp:featuredmedia":[{"embeddable":true,"href":"https:\/\/ozponcho.com.au\/nb\/wp-json\/wp\/v2\/media\/14535"}],"wp:attachment":[{"href":"https:\/\/ozponcho.com.au\/nb\/wp-json\/wp\/v2\/media?parent=14542"}],"wp:term":[{"taxonomy":"product_brand","embeddable":true,"href":"https:\/\/ozponcho.com.au\/nb\/wp-json\/wp\/v2\/product_brand?post=14542"},{"taxonomy":"product_cat","embeddable":true,"href":"https:\/\/ozponcho.com.au\/nb\/wp-json\/wp\/v2\/product_cat?post=14542"},{"taxonomy":"product_tag","embeddable":true,"href":"https:\/\/ozponcho.com.au\/nb\/wp-json\/wp\/v2\/product_tag?post=14542"}],"curies":[{"name":"wp","href":"https:\/\/api.w.org\/{rel}","templated":true}]}}