{"id":14274,"date":"2023-12-13T18:43:55","date_gmt":"2023-12-13T07:43:55","guid":{"rendered":"https:\/\/ozponcho.com.au\/p\/autumn-winter-irregular-asymmetric-turtleneck-plaid-cape-sweater-for-women\/"},"modified":"2024-04-19T19:22:21","modified_gmt":"2024-04-19T08:22:21","slug":"women-asymmetric-cape-sweater","status":"publish","type":"product","link":"https:\/\/ozponcho.com.au\/nb\/p\/asymmetrisk-kappegenser-for-kvinner\/","title":{"rendered":"Genser med turtleneck og rutete poncho"},"content":{"rendered":"<p>Kose deg i elegant stil med denne h\u00f8st-vinter-genseren med rutete turtleneck-poncho. Den varme kamelfargen, flettet sammen med klassiske svarte og r\u00f8de ruter, definerer sesongens mote. Ponchoen er laget av myk jersey og har en asymmetrisk kant, og kombinerer komfort med en uformell, men sofistikert stil. Den draperte rullekragen og de lange ermene holder deg varm p\u00e5 kj\u00f8lige dager, og gj\u00f8r ponchoen til et uunnv\u00e6rlig tillegg i garderoben. Dette allsidige plagget er perfekt som lag-p\u00e5-lag-plagg, og kan uten problemer brukes b\u00e5de hjemme og ute. Gi h\u00f8st- og vinterlooken din et l\u00f8ft med denne uunnv\u00e6rlige ponchoen.<\/p>\n<div>Stil: Avslappet<\/div>\n<div>Passform: L\u00f8s<\/div>\n<div>Stoff: Jersey<\/div>\n<div>M\u00f8nster: Rutete<\/div>\n<div>Element: Ikke<\/div>\n<div>Topp lengde: Vanlig<\/div>\n<div>Utringning: Skilpadde\/h\u00f8y hals<\/div>\n<div>Ermetype: Vanlig<\/div>\n<div>Ermelengde: Lang erme<\/div>\n<div>Hovedkomposisjon: Polyester<\/div>\n<div>Sesong: H\u00f8st\/vinter<\/div>\n<p><img decoding=\"async\" src=\"https:\/\/ozponcho.com.au\/wp-content\/uploads\/2024\/03\/1178997431866490880.png\" \/><img decoding=\"async\" src=\"https:\/\/ozponcho.com.au\/wp-content\/uploads\/2024\/03\/O1CN01lgiwes1HIfsU26wqn_2331630735-0-cib.jpg\" \/><\/p>","protected":false},"excerpt":{"rendered":"<p>Cozy up in elegant style with the Autumn-Winter Plaid Turtleneck Poncho Sweater. Its warm camel hue, interwoven with classic black and red checks, defines seasonal fashion. Crafted from soft jersey and designed with an asymmetric hem, this women&#8217;s poncho combines comfort with a casual yet sophisticated flair. The draped turtleneck and long sleeves ensure warmth [&#8230;]","protected":false},"featured_media":14253,"template":"","meta":[],"product_brand":[],"product_cat":[219,229,226,15,230,228,210,221,224],"product_tag":[],"class_list":{"0":"post-14274","1":"product","2":"type-product","3":"status-publish","4":"has-post-thumbnail","6":"product_cat-black-poncho","7":"product_cat-blanket-poncho","8":"product_cat-brown-poncho","9":"product_cat-main-category","10":"product_cat-poncho-dress","11":"product_cat-poncho-sweater","12":"product_cat-poncho-women","13":"product_cat-red-poncho","14":"product_cat-yellow-poncho","16":"first","17":"outofstock","18":"shipping-taxable","19":"purchasable","20":"product-type-variable"},"yoast_head":"<!-- This site is optimized with the Yoast SEO plugin v25.9 - https:\/\/yoast.com\/wordpress\/plugins\/seo\/ -->\n<title>Turtleneck Plaid Poncho Sweater | Australia #1 Poncho Shop<\/title>\n<meta name=\"description\" content=\"Looking for a Turtleneck Plaid Poncho Sweater ? You&#039;ve come to the right place \ud83d\ude04 We offers a wide selection of Turtleneck Plaid Poncho Sweater, perfect for you.\" \/>\n<meta name=\"robots\" content=\"index, follow, max-snippet:-1, max-image-preview:large, max-video-preview:-1\" \/>\n<link rel=\"canonical\" href=\"https:\/\/ozponcho.com.au\/nb\/p\/asymmetrisk-kappegenser-for-kvinner\/\" \/>\n<meta property=\"og:locale\" content=\"nb_NO\" \/>\n<meta property=\"og:type\" content=\"article\" \/>\n<meta property=\"og:title\" content=\"Turtleneck Plaid Poncho Sweater | Australia #1 Poncho Shop\" \/>\n<meta property=\"og:description\" content=\"Looking for a Turtleneck Plaid Poncho Sweater ? You&#039;ve come to the right place \ud83d\ude04 We offers a wide selection of Turtleneck Plaid Poncho Sweater, perfect for you.\" \/>\n<meta property=\"og:url\" content=\"https:\/\/ozponcho.com.au\/nb\/p\/asymmetrisk-kappegenser-for-kvinner\/\" \/>\n<meta property=\"og:site_name\" content=\"OZ Poncho\" \/>\n<meta property=\"article:modified_time\" content=\"2024-04-19T08:22:21+00:00\" \/>\n<meta property=\"og:image\" content=\"https:\/\/ozponcho.com.au\/wp-content\/uploads\/2023\/12\/O1CN01XozCOb1HIfsWtfvBP_2331630735-0-cib.jpg\" \/>\n\t<meta property=\"og:image:width\" content=\"1340\" \/>\n\t<meta property=\"og:image:height\" content=\"1785\" \/>\n\t<meta property=\"og:image:type\" content=\"image\/jpeg\" \/>\n<meta name=\"twitter:card\" content=\"summary_large_image\" \/>\n<meta name=\"twitter:label1\" content=\"Ansl. lesetid\" \/>\n\t<meta name=\"twitter:data1\" content=\"1 minutt\" \/>\n<script type=\"application\/ld+json\" class=\"yoast-schema-graph\">{\"@context\":\"https:\/\/schema.org\",\"@graph\":[{\"@type\":\"WebPage\",\"@id\":\"https:\/\/ozponcho.com.au\/p\/women-asymmetric-cape-sweater\/\",\"url\":\"https:\/\/ozponcho.com.au\/p\/women-asymmetric-cape-sweater\/\",\"name\":\"Turtleneck Plaid Poncho Sweater | Australia #1 Poncho Shop\",\"isPartOf\":{\"@id\":\"https:\/\/ozponcho.com.au\/#website\"},\"primaryImageOfPage\":{\"@id\":\"https:\/\/ozponcho.com.au\/p\/women-asymmetric-cape-sweater\/#primaryimage\"},\"image\":{\"@id\":\"https:\/\/ozponcho.com.au\/p\/women-asymmetric-cape-sweater\/#primaryimage\"},\"thumbnailUrl\":\"https:\/\/ozponcho.com.au\/wp-content\/uploads\/2023\/12\/O1CN01XozCOb1HIfsWtfvBP_2331630735-0-cib.jpg\",\"datePublished\":\"2023-12-13T07:43:55+00:00\",\"dateModified\":\"2024-04-19T08:22:21+00:00\",\"description\":\"Looking for a Turtleneck Plaid Poncho Sweater ? You've come to the right place \ud83d\ude04 We offers a wide selection of Turtleneck Plaid Poncho Sweater, perfect for you.\",\"breadcrumb\":{\"@id\":\"https:\/\/ozponcho.com.au\/p\/women-asymmetric-cape-sweater\/#breadcrumb\"},\"inLanguage\":\"nb-NO\",\"potentialAction\":[{\"@type\":\"ReadAction\",\"target\":[\"https:\/\/ozponcho.com.au\/p\/women-asymmetric-cape-sweater\/\"]}]},{\"@type\":\"ImageObject\",\"inLanguage\":\"nb-NO\",\"@id\":\"https:\/\/ozponcho.com.au\/p\/women-asymmetric-cape-sweater\/#primaryimage\",\"url\":\"https:\/\/ozponcho.com.au\/wp-content\/uploads\/2023\/12\/O1CN01XozCOb1HIfsWtfvBP_2331630735-0-cib.jpg\",\"contentUrl\":\"https:\/\/ozponcho.com.au\/wp-content\/uploads\/2023\/12\/O1CN01XozCOb1HIfsWtfvBP_2331630735-0-cib.jpg\",\"width\":1340,\"height\":1785,\"caption\":\"Turtleneck Plaid Poncho Sweater\"},{\"@type\":\"BreadcrumbList\",\"@id\":\"https:\/\/ozponcho.com.au\/p\/women-asymmetric-cape-sweater\/#breadcrumb\",\"itemListElement\":[{\"@type\":\"ListItem\",\"position\":1,\"name\":\"Home\",\"item\":\"https:\/\/ozponcho.com.au\/\"},{\"@type\":\"ListItem\",\"position\":2,\"name\":\"Shop\",\"item\":\"https:\/\/ozponcho.com.au\/shop\/\"},{\"@type\":\"ListItem\",\"position\":3,\"name\":\"Turtleneck Plaid Poncho Sweater\"}]},{\"@type\":\"WebSite\",\"@id\":\"https:\/\/ozponcho.com.au\/#website\",\"url\":\"https:\/\/ozponcho.com.au\/\",\"name\":\"OZ Poncho\",\"description\":\"\",\"potentialAction\":[{\"@type\":\"SearchAction\",\"target\":{\"@type\":\"EntryPoint\",\"urlTemplate\":\"https:\/\/ozponcho.com.au\/?s={search_term_string}\"},\"query-input\":{\"@type\":\"PropertyValueSpecification\",\"valueRequired\":true,\"valueName\":\"search_term_string\"}}],\"inLanguage\":\"nb-NO\"}]}<\/script>\n<!-- \/ Yoast SEO plugin. -->","yoast_head_json":{"title":"Turtleneck Plaid Poncho Genser | Australia #1 Poncho Shop","description":"Leter du etter en Turtleneck Plaid Poncho Genser? Du har kommet til rett sted \ud83d\ude04 Vi tilbyr et bredt utvalg av Turtleneck Plaid Poncho Sweater, perfekt for deg.","robots":{"index":"index","follow":"follow","max-snippet":"max-snippet:-1","max-image-preview":"max-image-preview:large","max-video-preview":"max-video-preview:-1"},"canonical":"https:\/\/ozponcho.com.au\/nb\/p\/asymmetrisk-kappegenser-for-kvinner\/","og_locale":"nb_NO","og_type":"article","og_title":"Turtleneck Plaid Poncho Sweater | Australia #1 Poncho Shop","og_description":"Looking for a Turtleneck Plaid Poncho Sweater ? You've come to the right place \ud83d\ude04 We offers a wide selection of Turtleneck Plaid Poncho Sweater, perfect for you.","og_url":"https:\/\/ozponcho.com.au\/nb\/p\/asymmetrisk-kappegenser-for-kvinner\/","og_site_name":"OZ Poncho","article_modified_time":"2024-04-19T08:22:21+00:00","og_image":[{"width":1340,"height":1785,"url":"https:\/\/ozponcho.com.au\/wp-content\/uploads\/2023\/12\/O1CN01XozCOb1HIfsWtfvBP_2331630735-0-cib.jpg","type":"image\/jpeg"}],"twitter_card":"summary_large_image","twitter_misc":{"Ansl. lesetid":"1 minutt"},"schema":{"@context":"https:\/\/schema.org","@graph":[{"@type":"WebPage","@id":"https:\/\/ozponcho.com.au\/p\/women-asymmetric-cape-sweater\/","url":"https:\/\/ozponcho.com.au\/p\/women-asymmetric-cape-sweater\/","name":"Turtleneck Plaid Poncho Genser | Australia #1 Poncho Shop","isPartOf":{"@id":"https:\/\/ozponcho.com.au\/#website"},"primaryImageOfPage":{"@id":"https:\/\/ozponcho.com.au\/p\/women-asymmetric-cape-sweater\/#primaryimage"},"image":{"@id":"https:\/\/ozponcho.com.au\/p\/women-asymmetric-cape-sweater\/#primaryimage"},"thumbnailUrl":"https:\/\/ozponcho.com.au\/wp-content\/uploads\/2023\/12\/O1CN01XozCOb1HIfsWtfvBP_2331630735-0-cib.jpg","datePublished":"2023-12-13T07:43:55+00:00","dateModified":"2024-04-19T08:22:21+00:00","description":"Leter du etter en Turtleneck Plaid Poncho Genser? Du har kommet til rett sted \ud83d\ude04 Vi tilbyr et bredt utvalg av Turtleneck Plaid Poncho Sweater, perfekt for deg.","breadcrumb":{"@id":"https:\/\/ozponcho.com.au\/p\/women-asymmetric-cape-sweater\/#breadcrumb"},"inLanguage":"nb-NO","potentialAction":[{"@type":"ReadAction","target":["https:\/\/ozponcho.com.au\/p\/women-asymmetric-cape-sweater\/"]}]},{"@type":"ImageObject","inLanguage":"nb-NO","@id":"https:\/\/ozponcho.com.au\/p\/women-asymmetric-cape-sweater\/#primaryimage","url":"https:\/\/ozponcho.com.au\/wp-content\/uploads\/2023\/12\/O1CN01XozCOb1HIfsWtfvBP_2331630735-0-cib.jpg","contentUrl":"https:\/\/ozponcho.com.au\/wp-content\/uploads\/2023\/12\/O1CN01XozCOb1HIfsWtfvBP_2331630735-0-cib.jpg","width":1340,"height":1785,"caption":"Turtleneck Plaid Poncho Sweater"},{"@type":"BreadcrumbList","@id":"https:\/\/ozponcho.com.au\/p\/women-asymmetric-cape-sweater\/#breadcrumb","itemListElement":[{"@type":"ListItem","position":1,"name":"Home","item":"https:\/\/ozponcho.com.au\/"},{"@type":"ListItem","position":2,"name":"Shop","item":"https:\/\/ozponcho.com.au\/shop\/"},{"@type":"ListItem","position":3,"name":"Turtleneck Plaid Poncho Sweater"}]},{"@type":"WebSite","@id":"https:\/\/ozponcho.com.au\/#website","url":"https:\/\/ozponcho.com.au\/","name":"OZ Poncho","description":"","potentialAction":[{"@type":"SearchAction","target":{"@type":"EntryPoint","urlTemplate":"https:\/\/ozponcho.com.au\/?s={search_term_string}"},"query-input":{"@type":"PropertyValueSpecification","valueRequired":true,"valueName":"search_term_string"}}],"inLanguage":"nb-NO"}]}},"_links":{"self":[{"href":"https:\/\/ozponcho.com.au\/nb\/wp-json\/wp\/v2\/product\/14274","targetHints":{"allow":["GET"]}}],"collection":[{"href":"https:\/\/ozponcho.com.au\/nb\/wp-json\/wp\/v2\/product"}],"about":[{"href":"https:\/\/ozponcho.com.au\/nb\/wp-json\/wp\/v2\/types\/product"}],"wp:featuredmedia":[{"embeddable":true,"href":"https:\/\/ozponcho.com.au\/nb\/wp-json\/wp\/v2\/media\/14253"}],"wp:attachment":[{"href":"https:\/\/ozponcho.com.au\/nb\/wp-json\/wp\/v2\/media?parent=14274"}],"wp:term":[{"taxonomy":"product_brand","embeddable":true,"href":"https:\/\/ozponcho.com.au\/nb\/wp-json\/wp\/v2\/product_brand?post=14274"},{"taxonomy":"product_cat","embeddable":true,"href":"https:\/\/ozponcho.com.au\/nb\/wp-json\/wp\/v2\/product_cat?post=14274"},{"taxonomy":"product_tag","embeddable":true,"href":"https:\/\/ozponcho.com.au\/nb\/wp-json\/wp\/v2\/product_tag?post=14274"}],"curies":[{"name":"wp","href":"https:\/\/api.w.org\/{rel}","templated":true}]}}