{"id":14223,"date":"2023-12-13T18:43:44","date_gmt":"2023-12-13T07:43:44","guid":{"rendered":"https:\/\/ozponcho.com.au\/p\/autumn-winter-irregular-asymmetric-tassel-lace-sweater-shawl-women\/"},"modified":"2024-04-19T19:22:02","modified_gmt":"2024-04-19T08:22:02","slug":"fringed-boho-poncho-top","status":"publish","type":"product","link":"https:\/\/ozponcho.com.au\/nb\/p\/boho-poncho-med-frynser\/","title":{"rendered":"Asymmetrisk poncho-sjal med dusk og dusker"},"content":{"rendered":"<p>G\u00e5 inn i sesongen med eleganse og varme med denne Autumn Winter Irregular Asymmetric Tassel Lace Poncho. Denne luksuri\u00f8se ponchoen er designet for den sofistikerte kvinnen som setter pris p\u00e5 stil og komfort, og har en avslappet, l\u00f8s passform, lange dolman-ermer og en smigrende V-utringning. Det gjennombrutte jerseystoffet er fremhevet med lekne frynseelementer som gir en uimotst\u00e5elig bohemstil. Omfavn allsidigheten med dette lange, ensfargede sjalet i akryl som passer perfekt til ethvert antrekk. Enten det er en frisk h\u00f8stdag eller en kj\u00f8lig vinterkveld, kan du bruke dette forlokkende, offwhite gensersjalet som et elegant og avslappet plagg.<\/p>\n<div>Stil: Avslappet<\/div>\n<div>Passform: L\u00f8s<\/div>\n<div>Stoff: Jersey<\/div>\n<div>M\u00f8nster: Ensfarget<\/div>\n<div>Element: Frynser<\/div>\n<div>Lengde p\u00e5 toppen: Lang<\/div>\n<div>Utringning: V-hals<\/div>\n<div>Type erme: Dolman-erme<\/div>\n<div>Ermelengde: Lang erme<\/div>\n<div>Hovedkomposisjon: Akryl<\/div>\n<div>Sesong: H\u00f8st\/vinter<\/div>\n<p><img decoding=\"async\" src=\"https:\/\/ozponcho.com.au\/wp-content\/uploads\/2024\/03\/1166749176843730944.png\" \/><img decoding=\"async\" src=\"https:\/\/ozponcho.com.au\/wp-content\/uploads\/2024\/03\/O1CN01OqIUS01HIfse0Vpu0_2331630735-0-cib.jpg\" \/><img decoding=\"async\" src=\"https:\/\/ozponcho.com.au\/wp-content\/uploads\/2024\/03\/O1CN01JzltGN1HIfsksKn1O_2331630735-0-cib.jpg\" \/><img decoding=\"async\" src=\"https:\/\/ozponcho.com.au\/wp-content\/uploads\/2024\/03\/O1CN01lNgSVN1HIfsntswn7_2331630735-0-cib.jpg\" \/><img decoding=\"async\" src=\"https:\/\/ozponcho.com.au\/wp-content\/uploads\/2024\/03\/O1CN01cuq8WQ1HIfsfTw3jd_2331630735-0-cib.jpg\" \/><img decoding=\"async\" src=\"https:\/\/ozponcho.com.au\/wp-content\/uploads\/2024\/03\/O1CN01uhy6f81HIfsfTtNKR_2331630735-0-cib.jpg\" \/><img decoding=\"async\" src=\"https:\/\/ozponcho.com.au\/wp-content\/uploads\/2024\/03\/O1CN01rZiYHO1HIfse0ZvlF_2331630735-0-cib.jpg\" \/><img decoding=\"async\" src=\"https:\/\/ozponcho.com.au\/wp-content\/uploads\/2024\/03\/O1CN01AS0mFK1HIfsZAHcIk_2331630735-0-cib.jpg\" \/><img decoding=\"async\" src=\"https:\/\/ozponcho.com.au\/wp-content\/uploads\/2024\/03\/O1CN01DsHmdt1HIfsp2XCP3_2331630735-0-cib.jpg\" \/><img decoding=\"async\" src=\"https:\/\/ozponcho.com.au\/wp-content\/uploads\/2024\/03\/O1CN01I3scmU1HIfsksLroL_2331630735-0-cib.jpg\" \/><img decoding=\"async\" src=\"https:\/\/ozponcho.com.au\/wp-content\/uploads\/2024\/03\/O1CN01CeKQMt1HIfsm9lVLK_2331630735-0-cib.jpg\" \/><img decoding=\"async\" src=\"https:\/\/ozponcho.com.au\/wp-content\/uploads\/2024\/03\/O1CN01pVCNxe1HIfsksLrmm_2331630735-0-cib.jpg\" \/><img decoding=\"async\" src=\"https:\/\/ozponcho.com.au\/wp-content\/uploads\/2024\/03\/O1CN019eQ7Sb1HIfsrtMBm7_2331630735-0-cib.jpg\" \/><img decoding=\"async\" src=\"https:\/\/ozponcho.com.au\/wp-content\/uploads\/2024\/03\/O1CN01pAghbp1HIfsp2TqN0_2331630735-0-cib.jpg\" \/><img decoding=\"async\" src=\"https:\/\/ozponcho.com.au\/wp-content\/uploads\/2024\/03\/O1CN01oCJQnc1HIfsjKjQ99_2331630735-0-cib.jpg\" \/><\/p>","protected":false},"excerpt":{"rendered":"<p>Step into the season with elegance and warmth with this Autumn Winter Irregular Asymmetric Tassel Lace Poncho. Designed for the sophisticated woman who values style and comfort, this luxurious poncho features a casual loose fit, cozy long dolman sleeves, and a flattering V-neckline. The openwork jersey fabric is accentuated with playful fringe elements, delivering an [&#8230;]","protected":false},"featured_media":14078,"template":"","meta":[],"product_brand":[],"product_cat":[15,228,214,210],"product_tag":[],"class_list":{"0":"post-14223","1":"product","2":"type-product","3":"status-publish","4":"has-post-thumbnail","6":"product_cat-main-category","7":"product_cat-poncho-sweater","8":"product_cat-knitted-crochet-poncho","9":"product_cat-poncho-women","11":"first","12":"outofstock","13":"shipping-taxable","14":"purchasable","15":"product-type-variable"},"yoast_head":"<!-- This site is optimized with the Yoast SEO plugin v25.9 - https:\/\/yoast.com\/wordpress\/plugins\/seo\/ -->\n<title>Asymmetric Tassel Poncho Shawl | Australia #1 Poncho Shop<\/title>\n<meta name=\"description\" content=\"Looking for a Asymmetric Tassel Poncho Shawl ? You&#039;ve come to the right place \ud83d\ude04 We offers a wide selection of Asymmetric Tassel Poncho Shawl, perfect for you.\" \/>\n<meta name=\"robots\" content=\"index, follow, max-snippet:-1, max-image-preview:large, max-video-preview:-1\" \/>\n<link rel=\"canonical\" href=\"https:\/\/ozponcho.com.au\/nb\/p\/boho-poncho-med-frynser\/\" \/>\n<meta property=\"og:locale\" content=\"nb_NO\" \/>\n<meta property=\"og:type\" content=\"article\" \/>\n<meta property=\"og:title\" content=\"Asymmetric Tassel Poncho Shawl | Australia #1 Poncho Shop\" \/>\n<meta property=\"og:description\" content=\"Looking for a Asymmetric Tassel Poncho Shawl ? You&#039;ve come to the right place \ud83d\ude04 We offers a wide selection of Asymmetric Tassel Poncho Shawl, perfect for you.\" \/>\n<meta property=\"og:url\" content=\"https:\/\/ozponcho.com.au\/nb\/p\/boho-poncho-med-frynser\/\" \/>\n<meta property=\"og:site_name\" content=\"OZ Poncho\" \/>\n<meta property=\"article:modified_time\" content=\"2024-04-19T08:22:02+00:00\" \/>\n<meta property=\"og:image\" content=\"https:\/\/ozponcho.com.au\/wp-content\/uploads\/2023\/12\/O1CN01LBTfed1HIfsgGU2Jo_2331630735-0-cib.jpg\" \/>\n\t<meta property=\"og:image:width\" content=\"1200\" \/>\n\t<meta property=\"og:image:height\" content=\"1200\" \/>\n\t<meta property=\"og:image:type\" content=\"image\/jpeg\" \/>\n<meta name=\"twitter:card\" content=\"summary_large_image\" \/>\n<meta name=\"twitter:label1\" content=\"Ansl. lesetid\" \/>\n\t<meta name=\"twitter:data1\" content=\"4 minutter\" \/>\n<script type=\"application\/ld+json\" class=\"yoast-schema-graph\">{\"@context\":\"https:\/\/schema.org\",\"@graph\":[{\"@type\":\"WebPage\",\"@id\":\"https:\/\/ozponcho.com.au\/p\/fringed-boho-poncho-top\/\",\"url\":\"https:\/\/ozponcho.com.au\/p\/fringed-boho-poncho-top\/\",\"name\":\"Asymmetric Tassel Poncho Shawl | Australia #1 Poncho Shop\",\"isPartOf\":{\"@id\":\"https:\/\/ozponcho.com.au\/#website\"},\"primaryImageOfPage\":{\"@id\":\"https:\/\/ozponcho.com.au\/p\/fringed-boho-poncho-top\/#primaryimage\"},\"image\":{\"@id\":\"https:\/\/ozponcho.com.au\/p\/fringed-boho-poncho-top\/#primaryimage\"},\"thumbnailUrl\":\"https:\/\/ozponcho.com.au\/wp-content\/uploads\/2023\/12\/O1CN01LBTfed1HIfsgGU2Jo_2331630735-0-cib.jpg\",\"datePublished\":\"2023-12-13T07:43:44+00:00\",\"dateModified\":\"2024-04-19T08:22:02+00:00\",\"description\":\"Looking for a Asymmetric Tassel Poncho Shawl ? You've come to the right place \ud83d\ude04 We offers a wide selection of Asymmetric Tassel Poncho Shawl, perfect for you.\",\"breadcrumb\":{\"@id\":\"https:\/\/ozponcho.com.au\/p\/fringed-boho-poncho-top\/#breadcrumb\"},\"inLanguage\":\"nb-NO\",\"potentialAction\":[{\"@type\":\"ReadAction\",\"target\":[\"https:\/\/ozponcho.com.au\/p\/fringed-boho-poncho-top\/\"]}]},{\"@type\":\"ImageObject\",\"inLanguage\":\"nb-NO\",\"@id\":\"https:\/\/ozponcho.com.au\/p\/fringed-boho-poncho-top\/#primaryimage\",\"url\":\"https:\/\/ozponcho.com.au\/wp-content\/uploads\/2023\/12\/O1CN01LBTfed1HIfsgGU2Jo_2331630735-0-cib.jpg\",\"contentUrl\":\"https:\/\/ozponcho.com.au\/wp-content\/uploads\/2023\/12\/O1CN01LBTfed1HIfsgGU2Jo_2331630735-0-cib.jpg\",\"width\":1200,\"height\":1200,\"caption\":\"Asymmetric Tassel Poncho Shawl\"},{\"@type\":\"BreadcrumbList\",\"@id\":\"https:\/\/ozponcho.com.au\/p\/fringed-boho-poncho-top\/#breadcrumb\",\"itemListElement\":[{\"@type\":\"ListItem\",\"position\":1,\"name\":\"Home\",\"item\":\"https:\/\/ozponcho.com.au\/\"},{\"@type\":\"ListItem\",\"position\":2,\"name\":\"Shop\",\"item\":\"https:\/\/ozponcho.com.au\/shop\/\"},{\"@type\":\"ListItem\",\"position\":3,\"name\":\"Asymmetric Tassel Poncho Shawl\"}]},{\"@type\":\"WebSite\",\"@id\":\"https:\/\/ozponcho.com.au\/#website\",\"url\":\"https:\/\/ozponcho.com.au\/\",\"name\":\"OZ Poncho\",\"description\":\"\",\"potentialAction\":[{\"@type\":\"SearchAction\",\"target\":{\"@type\":\"EntryPoint\",\"urlTemplate\":\"https:\/\/ozponcho.com.au\/?s={search_term_string}\"},\"query-input\":{\"@type\":\"PropertyValueSpecification\",\"valueRequired\":true,\"valueName\":\"search_term_string\"}}],\"inLanguage\":\"nb-NO\"}]}<\/script>\n<!-- \/ Yoast SEO plugin. -->","yoast_head_json":{"title":"Asymmetrisk ponchosjal med dusk | Australia #1 Poncho Shop","description":"Leter du etter en Asymmetrisk Tassel Poncho Sjal? Du har kommet til rett sted \ud83d\ude04 Vi tilbyr et bredt utvalg av Asymmetrisk Tassel Poncho Sjal, perfekt for deg.","robots":{"index":"index","follow":"follow","max-snippet":"max-snippet:-1","max-image-preview":"max-image-preview:large","max-video-preview":"max-video-preview:-1"},"canonical":"https:\/\/ozponcho.com.au\/nb\/p\/boho-poncho-med-frynser\/","og_locale":"nb_NO","og_type":"article","og_title":"Asymmetric Tassel Poncho Shawl | Australia #1 Poncho Shop","og_description":"Looking for a Asymmetric Tassel Poncho Shawl ? You've come to the right place \ud83d\ude04 We offers a wide selection of Asymmetric Tassel Poncho Shawl, perfect for you.","og_url":"https:\/\/ozponcho.com.au\/nb\/p\/boho-poncho-med-frynser\/","og_site_name":"OZ Poncho","article_modified_time":"2024-04-19T08:22:02+00:00","og_image":[{"width":1200,"height":1200,"url":"https:\/\/ozponcho.com.au\/wp-content\/uploads\/2023\/12\/O1CN01LBTfed1HIfsgGU2Jo_2331630735-0-cib.jpg","type":"image\/jpeg"}],"twitter_card":"summary_large_image","twitter_misc":{"Ansl. lesetid":"4 minutter"},"schema":{"@context":"https:\/\/schema.org","@graph":[{"@type":"WebPage","@id":"https:\/\/ozponcho.com.au\/p\/fringed-boho-poncho-top\/","url":"https:\/\/ozponcho.com.au\/p\/fringed-boho-poncho-top\/","name":"Asymmetrisk ponchosjal med dusk | Australia #1 Poncho Shop","isPartOf":{"@id":"https:\/\/ozponcho.com.au\/#website"},"primaryImageOfPage":{"@id":"https:\/\/ozponcho.com.au\/p\/fringed-boho-poncho-top\/#primaryimage"},"image":{"@id":"https:\/\/ozponcho.com.au\/p\/fringed-boho-poncho-top\/#primaryimage"},"thumbnailUrl":"https:\/\/ozponcho.com.au\/wp-content\/uploads\/2023\/12\/O1CN01LBTfed1HIfsgGU2Jo_2331630735-0-cib.jpg","datePublished":"2023-12-13T07:43:44+00:00","dateModified":"2024-04-19T08:22:02+00:00","description":"Leter du etter en Asymmetrisk Tassel Poncho Sjal? Du har kommet til rett sted \ud83d\ude04 Vi tilbyr et bredt utvalg av Asymmetrisk Tassel Poncho Sjal, perfekt for deg.","breadcrumb":{"@id":"https:\/\/ozponcho.com.au\/p\/fringed-boho-poncho-top\/#breadcrumb"},"inLanguage":"nb-NO","potentialAction":[{"@type":"ReadAction","target":["https:\/\/ozponcho.com.au\/p\/fringed-boho-poncho-top\/"]}]},{"@type":"ImageObject","inLanguage":"nb-NO","@id":"https:\/\/ozponcho.com.au\/p\/fringed-boho-poncho-top\/#primaryimage","url":"https:\/\/ozponcho.com.au\/wp-content\/uploads\/2023\/12\/O1CN01LBTfed1HIfsgGU2Jo_2331630735-0-cib.jpg","contentUrl":"https:\/\/ozponcho.com.au\/wp-content\/uploads\/2023\/12\/O1CN01LBTfed1HIfsgGU2Jo_2331630735-0-cib.jpg","width":1200,"height":1200,"caption":"Asymmetric Tassel Poncho Shawl"},{"@type":"BreadcrumbList","@id":"https:\/\/ozponcho.com.au\/p\/fringed-boho-poncho-top\/#breadcrumb","itemListElement":[{"@type":"ListItem","position":1,"name":"Home","item":"https:\/\/ozponcho.com.au\/"},{"@type":"ListItem","position":2,"name":"Shop","item":"https:\/\/ozponcho.com.au\/shop\/"},{"@type":"ListItem","position":3,"name":"Asymmetric Tassel Poncho Shawl"}]},{"@type":"WebSite","@id":"https:\/\/ozponcho.com.au\/#website","url":"https:\/\/ozponcho.com.au\/","name":"OZ Poncho","description":"","potentialAction":[{"@type":"SearchAction","target":{"@type":"EntryPoint","urlTemplate":"https:\/\/ozponcho.com.au\/?s={search_term_string}"},"query-input":{"@type":"PropertyValueSpecification","valueRequired":true,"valueName":"search_term_string"}}],"inLanguage":"nb-NO"}]}},"_links":{"self":[{"href":"https:\/\/ozponcho.com.au\/nb\/wp-json\/wp\/v2\/product\/14223","targetHints":{"allow":["GET"]}}],"collection":[{"href":"https:\/\/ozponcho.com.au\/nb\/wp-json\/wp\/v2\/product"}],"about":[{"href":"https:\/\/ozponcho.com.au\/nb\/wp-json\/wp\/v2\/types\/product"}],"wp:featuredmedia":[{"embeddable":true,"href":"https:\/\/ozponcho.com.au\/nb\/wp-json\/wp\/v2\/media\/14078"}],"wp:attachment":[{"href":"https:\/\/ozponcho.com.au\/nb\/wp-json\/wp\/v2\/media?parent=14223"}],"wp:term":[{"taxonomy":"product_brand","embeddable":true,"href":"https:\/\/ozponcho.com.au\/nb\/wp-json\/wp\/v2\/product_brand?post=14223"},{"taxonomy":"product_cat","embeddable":true,"href":"https:\/\/ozponcho.com.au\/nb\/wp-json\/wp\/v2\/product_cat?post=14223"},{"taxonomy":"product_tag","embeddable":true,"href":"https:\/\/ozponcho.com.au\/nb\/wp-json\/wp\/v2\/product_tag?post=14223"}],"curies":[{"name":"wp","href":"https:\/\/api.w.org\/{rel}","templated":true}]}}