{"id":13884,"date":"2023-12-13T18:41:35","date_gmt":"2023-12-13T07:41:35","guid":{"rendered":"https:\/\/ozponcho.com.au\/p\/autumn-winter-fur-collar-pullover-tassel-shawl-sweater-cloak\/"},"modified":"2024-04-19T18:39:17","modified_gmt":"2024-04-19T07:39:17","slug":"fringe-acrylic-shawl-cloak","status":"publish","type":"product","link":"https:\/\/ozponcho.com.au\/nb\/p\/sjal-i-akryl-med-frynser\/","title":{"rendered":"H\u00f8stens poncho med duskpels"},"content":{"rendered":"<p>Omfavn innbegrepet av h\u00f8stens eleganse med v\u00e5r koselige taupefargede poncho, innrammet av en luksuri\u00f8s krage i fuskepels. Ponchoen er laget av deilig myk akryl og prydet med m\u00f8rke virvelm\u00f8nstre som gir den et uformelt, men elegant uttrykk. Ponchoen har en leken frynsekant og en behagelig, l\u00f8s passform som gj\u00f8r den perfekt som lag-p\u00e5-lag-plagg p\u00e5 kj\u00f8lige v\u00e5r- og h\u00f8stdager. Piff opp garderoben din med dette allsidige og stilige plagget som holder deg varm og samtidig s\u00f8rger for at du holder deg i forkant av moten.<\/p>\n<div>Stil: Avslappet<\/div>\n<div>Passform: L\u00f8s<\/div>\n<div>Stoff: Akryl<\/div>\n<div>M\u00f8nster: Trykt<\/div>\n<div>Element: Frynser<\/div>\n<div>Lengde p\u00e5 toppen: Lang<\/div>\n<div>Utringning: Andre<\/div>\n<div>Type erme: Dolman-erme<\/div>\n<div>Ermelengde: Lang erme<\/div>\n<div>Hovedkomposisjon: Akryl<\/div>\n<div>Sesong: V\u00e5r\/h\u00f8st<\/div>\n<p><img decoding=\"async\" src=\"https:\/\/ozponcho.com.au\/wp-content\/uploads\/2024\/03\/978333003841273856.png\" \/><img decoding=\"async\" src=\"https:\/\/ozponcho.com.au\/wp-content\/uploads\/2024\/03\/O1CN01TdIpGd1HIfp6n2t9a_2331630735-0-cib.jpg\" \/><img decoding=\"async\" src=\"https:\/\/ozponcho.com.au\/wp-content\/uploads\/2024\/03\/O1CN019qymZf1HIfpGTFEAa_2331630735-0-cib.jpg\" \/><img decoding=\"async\" src=\"https:\/\/ozponcho.com.au\/wp-content\/uploads\/2024\/03\/O1CN01Asghpz1HIfpKQIxtc_2331630735-0-cib.jpg\" \/><img decoding=\"async\" src=\"https:\/\/ozponcho.com.au\/wp-content\/uploads\/2024\/03\/O1CN01q7XNIL1HIfpFp9VJM_2331630735-0-cib.jpg\" \/><img decoding=\"async\" src=\"https:\/\/ozponcho.com.au\/wp-content\/uploads\/2024\/03\/O1CN01RHWpQl1HIfpMKWR3m_2331630735-0-cib.jpg\" \/><img decoding=\"async\" src=\"https:\/\/ozponcho.com.au\/wp-content\/uploads\/2024\/03\/O1CN016XEQ8v1HIfpLZQDdB_2331630735-0-cib.jpg\" \/><\/p>","protected":false},"excerpt":{"rendered":"<p>Embrace the epitome of autumn elegance with our cozy taupe poncho, framed by a luxurious faux fur collar. Crafted from sumptuously soft acrylic, this poncho is adorned with dark swirl patterns that elevate its casual yet chic appeal. Complete with a playful fringed hem and a comfortable loose fit, it&#8217;s perfect for layering during those [&#8230;]","protected":false},"featured_media":13843,"template":"","meta":[],"product_brand":[],"product_cat":[226,216,218,225,15,230,228,210],"product_tag":[],"class_list":{"0":"post-13884","1":"product","2":"type-product","3":"status-publish","4":"has-post-thumbnail","6":"product_cat-brown-poncho","7":"product_cat-cashmere-poncho","8":"product_cat-fur-poncho","9":"product_cat-grey-poncho","10":"product_cat-main-category","11":"product_cat-poncho-dress","12":"product_cat-poncho-sweater","13":"product_cat-poncho-women","15":"first","16":"outofstock","17":"shipping-taxable","18":"purchasable","19":"product-type-variable"},"yoast_head":"<!-- This site is optimized with the Yoast SEO plugin v25.9 - https:\/\/yoast.com\/wordpress\/plugins\/seo\/ -->\n<title>Autumn Tassel Fur Poncho | Australia #1 Poncho Shop<\/title>\n<meta name=\"description\" content=\"Looking for a Autumn Tassel Fur Poncho ? You&#039;ve come to the right place \ud83d\ude04 We offers a wide selection of Autumn Tassel Fur Poncho, perfect for you.\" \/>\n<meta name=\"robots\" content=\"index, follow, max-snippet:-1, max-image-preview:large, max-video-preview:-1\" \/>\n<link rel=\"canonical\" href=\"https:\/\/ozponcho.com.au\/nb\/p\/sjal-i-akryl-med-frynser\/\" \/>\n<meta property=\"og:locale\" content=\"nb_NO\" \/>\n<meta property=\"og:type\" content=\"article\" \/>\n<meta property=\"og:title\" content=\"Autumn Tassel Fur Poncho | Australia #1 Poncho Shop\" \/>\n<meta property=\"og:description\" content=\"Looking for a Autumn Tassel Fur Poncho ? You&#039;ve come to the right place \ud83d\ude04 We offers a wide selection of Autumn Tassel Fur Poncho, perfect for you.\" \/>\n<meta property=\"og:url\" content=\"https:\/\/ozponcho.com.au\/nb\/p\/sjal-i-akryl-med-frynser\/\" \/>\n<meta property=\"og:site_name\" content=\"OZ Poncho\" \/>\n<meta property=\"article:modified_time\" content=\"2024-04-19T07:39:17+00:00\" \/>\n<meta property=\"og:image\" content=\"https:\/\/ozponcho.com.au\/wp-content\/uploads\/2023\/12\/O1CN012JH03V1HIfpMKWEcT_2331630735-0-cib.jpg\" \/>\n\t<meta property=\"og:image:width\" content=\"1340\" \/>\n\t<meta property=\"og:image:height\" content=\"1785\" \/>\n\t<meta property=\"og:image:type\" content=\"image\/jpeg\" \/>\n<meta name=\"twitter:card\" content=\"summary_large_image\" \/>\n<meta name=\"twitter:label1\" content=\"Ansl. lesetid\" \/>\n\t<meta name=\"twitter:data1\" content=\"3 minutter\" \/>\n<script type=\"application\/ld+json\" class=\"yoast-schema-graph\">{\"@context\":\"https:\/\/schema.org\",\"@graph\":[{\"@type\":\"WebPage\",\"@id\":\"https:\/\/ozponcho.com.au\/p\/fringe-acrylic-shawl-cloak\/\",\"url\":\"https:\/\/ozponcho.com.au\/p\/fringe-acrylic-shawl-cloak\/\",\"name\":\"Autumn Tassel Fur Poncho | Australia #1 Poncho Shop\",\"isPartOf\":{\"@id\":\"https:\/\/ozponcho.com.au\/#website\"},\"primaryImageOfPage\":{\"@id\":\"https:\/\/ozponcho.com.au\/p\/fringe-acrylic-shawl-cloak\/#primaryimage\"},\"image\":{\"@id\":\"https:\/\/ozponcho.com.au\/p\/fringe-acrylic-shawl-cloak\/#primaryimage\"},\"thumbnailUrl\":\"https:\/\/ozponcho.com.au\/wp-content\/uploads\/2023\/12\/O1CN012JH03V1HIfpMKWEcT_2331630735-0-cib.jpg\",\"datePublished\":\"2023-12-13T07:41:35+00:00\",\"dateModified\":\"2024-04-19T07:39:17+00:00\",\"description\":\"Looking for a Autumn Tassel Fur Poncho ? You've come to the right place \ud83d\ude04 We offers a wide selection of Autumn Tassel Fur Poncho, perfect for you.\",\"breadcrumb\":{\"@id\":\"https:\/\/ozponcho.com.au\/p\/fringe-acrylic-shawl-cloak\/#breadcrumb\"},\"inLanguage\":\"nb-NO\",\"potentialAction\":[{\"@type\":\"ReadAction\",\"target\":[\"https:\/\/ozponcho.com.au\/p\/fringe-acrylic-shawl-cloak\/\"]}]},{\"@type\":\"ImageObject\",\"inLanguage\":\"nb-NO\",\"@id\":\"https:\/\/ozponcho.com.au\/p\/fringe-acrylic-shawl-cloak\/#primaryimage\",\"url\":\"https:\/\/ozponcho.com.au\/wp-content\/uploads\/2023\/12\/O1CN012JH03V1HIfpMKWEcT_2331630735-0-cib.jpg\",\"contentUrl\":\"https:\/\/ozponcho.com.au\/wp-content\/uploads\/2023\/12\/O1CN012JH03V1HIfpMKWEcT_2331630735-0-cib.jpg\",\"width\":1340,\"height\":1785,\"caption\":\"Autumn Tassel Fur Poncho\"},{\"@type\":\"BreadcrumbList\",\"@id\":\"https:\/\/ozponcho.com.au\/p\/fringe-acrylic-shawl-cloak\/#breadcrumb\",\"itemListElement\":[{\"@type\":\"ListItem\",\"position\":1,\"name\":\"Home\",\"item\":\"https:\/\/ozponcho.com.au\/\"},{\"@type\":\"ListItem\",\"position\":2,\"name\":\"Shop\",\"item\":\"https:\/\/ozponcho.com.au\/shop\/\"},{\"@type\":\"ListItem\",\"position\":3,\"name\":\"Autumn Tassel Fur Poncho\"}]},{\"@type\":\"WebSite\",\"@id\":\"https:\/\/ozponcho.com.au\/#website\",\"url\":\"https:\/\/ozponcho.com.au\/\",\"name\":\"OZ Poncho\",\"description\":\"\",\"potentialAction\":[{\"@type\":\"SearchAction\",\"target\":{\"@type\":\"EntryPoint\",\"urlTemplate\":\"https:\/\/ozponcho.com.au\/?s={search_term_string}\"},\"query-input\":{\"@type\":\"PropertyValueSpecification\",\"valueRequired\":true,\"valueName\":\"search_term_string\"}}],\"inLanguage\":\"nb-NO\"}]}<\/script>\n<!-- \/ Yoast SEO plugin. -->","yoast_head_json":{"title":"H\u00f8st Poncho med duskpels | Australia #1 Poncho Shop","description":"Leter du etter en Autumn Tassel Fur Poncho? Du har kommet til rett sted \ud83d\ude04 Vi tilbyr et bredt utvalg av Autumn Tassel Fur Poncho, perfekt for deg.","robots":{"index":"index","follow":"follow","max-snippet":"max-snippet:-1","max-image-preview":"max-image-preview:large","max-video-preview":"max-video-preview:-1"},"canonical":"https:\/\/ozponcho.com.au\/nb\/p\/sjal-i-akryl-med-frynser\/","og_locale":"nb_NO","og_type":"article","og_title":"Autumn Tassel Fur Poncho | Australia #1 Poncho Shop","og_description":"Looking for a Autumn Tassel Fur Poncho ? You've come to the right place \ud83d\ude04 We offers a wide selection of Autumn Tassel Fur Poncho, perfect for you.","og_url":"https:\/\/ozponcho.com.au\/nb\/p\/sjal-i-akryl-med-frynser\/","og_site_name":"OZ Poncho","article_modified_time":"2024-04-19T07:39:17+00:00","og_image":[{"width":1340,"height":1785,"url":"https:\/\/ozponcho.com.au\/wp-content\/uploads\/2023\/12\/O1CN012JH03V1HIfpMKWEcT_2331630735-0-cib.jpg","type":"image\/jpeg"}],"twitter_card":"summary_large_image","twitter_misc":{"Ansl. lesetid":"3 minutter"},"schema":{"@context":"https:\/\/schema.org","@graph":[{"@type":"WebPage","@id":"https:\/\/ozponcho.com.au\/p\/fringe-acrylic-shawl-cloak\/","url":"https:\/\/ozponcho.com.au\/p\/fringe-acrylic-shawl-cloak\/","name":"H\u00f8st Poncho med duskpels | Australia #1 Poncho Shop","isPartOf":{"@id":"https:\/\/ozponcho.com.au\/#website"},"primaryImageOfPage":{"@id":"https:\/\/ozponcho.com.au\/p\/fringe-acrylic-shawl-cloak\/#primaryimage"},"image":{"@id":"https:\/\/ozponcho.com.au\/p\/fringe-acrylic-shawl-cloak\/#primaryimage"},"thumbnailUrl":"https:\/\/ozponcho.com.au\/wp-content\/uploads\/2023\/12\/O1CN012JH03V1HIfpMKWEcT_2331630735-0-cib.jpg","datePublished":"2023-12-13T07:41:35+00:00","dateModified":"2024-04-19T07:39:17+00:00","description":"Leter du etter en Autumn Tassel Fur Poncho? Du har kommet til rett sted \ud83d\ude04 Vi tilbyr et bredt utvalg av Autumn Tassel Fur Poncho, perfekt for deg.","breadcrumb":{"@id":"https:\/\/ozponcho.com.au\/p\/fringe-acrylic-shawl-cloak\/#breadcrumb"},"inLanguage":"nb-NO","potentialAction":[{"@type":"ReadAction","target":["https:\/\/ozponcho.com.au\/p\/fringe-acrylic-shawl-cloak\/"]}]},{"@type":"ImageObject","inLanguage":"nb-NO","@id":"https:\/\/ozponcho.com.au\/p\/fringe-acrylic-shawl-cloak\/#primaryimage","url":"https:\/\/ozponcho.com.au\/wp-content\/uploads\/2023\/12\/O1CN012JH03V1HIfpMKWEcT_2331630735-0-cib.jpg","contentUrl":"https:\/\/ozponcho.com.au\/wp-content\/uploads\/2023\/12\/O1CN012JH03V1HIfpMKWEcT_2331630735-0-cib.jpg","width":1340,"height":1785,"caption":"Autumn Tassel Fur Poncho"},{"@type":"BreadcrumbList","@id":"https:\/\/ozponcho.com.au\/p\/fringe-acrylic-shawl-cloak\/#breadcrumb","itemListElement":[{"@type":"ListItem","position":1,"name":"Home","item":"https:\/\/ozponcho.com.au\/"},{"@type":"ListItem","position":2,"name":"Shop","item":"https:\/\/ozponcho.com.au\/shop\/"},{"@type":"ListItem","position":3,"name":"Autumn Tassel Fur Poncho"}]},{"@type":"WebSite","@id":"https:\/\/ozponcho.com.au\/#website","url":"https:\/\/ozponcho.com.au\/","name":"OZ Poncho","description":"","potentialAction":[{"@type":"SearchAction","target":{"@type":"EntryPoint","urlTemplate":"https:\/\/ozponcho.com.au\/?s={search_term_string}"},"query-input":{"@type":"PropertyValueSpecification","valueRequired":true,"valueName":"search_term_string"}}],"inLanguage":"nb-NO"}]}},"_links":{"self":[{"href":"https:\/\/ozponcho.com.au\/nb\/wp-json\/wp\/v2\/product\/13884","targetHints":{"allow":["GET"]}}],"collection":[{"href":"https:\/\/ozponcho.com.au\/nb\/wp-json\/wp\/v2\/product"}],"about":[{"href":"https:\/\/ozponcho.com.au\/nb\/wp-json\/wp\/v2\/types\/product"}],"wp:featuredmedia":[{"embeddable":true,"href":"https:\/\/ozponcho.com.au\/nb\/wp-json\/wp\/v2\/media\/13843"}],"wp:attachment":[{"href":"https:\/\/ozponcho.com.au\/nb\/wp-json\/wp\/v2\/media?parent=13884"}],"wp:term":[{"taxonomy":"product_brand","embeddable":true,"href":"https:\/\/ozponcho.com.au\/nb\/wp-json\/wp\/v2\/product_brand?post=13884"},{"taxonomy":"product_cat","embeddable":true,"href":"https:\/\/ozponcho.com.au\/nb\/wp-json\/wp\/v2\/product_cat?post=13884"},{"taxonomy":"product_tag","embeddable":true,"href":"https:\/\/ozponcho.com.au\/nb\/wp-json\/wp\/v2\/product_tag?post=13884"}],"curies":[{"name":"wp","href":"https:\/\/api.w.org\/{rel}","templated":true}]}}