{"id":13860,"date":"2023-12-13T18:41:22","date_gmt":"2023-12-13T07:41:22","guid":{"rendered":"https:\/\/ozponcho.com.au\/p\/autumn-winter-high-neck-plaid-tassel-shawl-sweater\/"},"modified":"2024-11-24T17:43:35","modified_gmt":"2024-11-24T06:43:35","slug":"fringed-autumn-poncho-shawl","status":"publish","type":"product","link":"https:\/\/ozponcho.com.au\/nb\/p\/poncho-sjal-med-frynser-om-hosten\/","title":{"rendered":"Poncho-genser med rutete dusker"},"content":{"rendered":"<p>Pakk deg inn i stil og komfort med v\u00e5r Autumn Winter High Neck Plaid Tassel Shawl Sweater. Dette trendy plagget er ikke bare en poncho, men et statement av eleganse og komfort. Den er laget av mykt jerseymateriale med et unikt rutete m\u00f8nster og lekne frynsedetaljer, og er perfekt for deg som \u00f8nsker \u00e5 tilf\u00f8re et sofistikert preg til garderoben i det kalde v\u00e6ret. Den l\u00f8se passformen gir god komfort, mens den h\u00f8ye halsen holder deg varm. Den er tilgjengelig i en allsidig khakifarge og passer perfekt til ethvert antrekk, fra uformelle dager ute til stilige kvelder hjemme.<\/p>\n<div>Stil: Avslappet<\/div>\n<div>Passform: L\u00f8s<\/div>\n<div>Stoff: Jersey<\/div>\n<div>M\u00f8nster: Stripe<\/div>\n<div>Element: Frynser<\/div>\n<div>Lengde p\u00e5 toppen: Lang<\/div>\n<div>Utringning: Skilpadde\/h\u00f8y hals<\/div>\n<div>Type erme: Dolman-erme<\/div>\n<div>Ermelengde: Lang erme<\/div>\n<div>Hovedkomposisjon: Akryl<\/div>\n<div>Sesong: V\u00e5r\/h\u00f8st<\/div>\n<p><img decoding=\"async\" src=\"https:\/\/ozponcho.com.au\/wp-content\/uploads\/2024\/03\/978339983469314048.png\" \/><img decoding=\"async\" src=\"https:\/\/ozponcho.com.au\/wp-content\/uploads\/2024\/03\/O1CN01Kupkoq1HIfpIoPLD7_2331630735-0-cib.jpg\" \/><img decoding=\"async\" src=\"https:\/\/ozponcho.com.au\/wp-content\/uploads\/2024\/03\/O1CN01e7vUq31HIfpJoge6S_2331630735-0-cib.jpg\" \/><img decoding=\"async\" src=\"https:\/\/ozponcho.com.au\/wp-content\/uploads\/2024\/03\/O1CN01RvrgFI1HIfpLRjhYt_2331630735-0-cib.jpg\" \/><img decoding=\"async\" src=\"https:\/\/ozponcho.com.au\/wp-content\/uploads\/2024\/03\/O1CN01kBLCAJ1HIfpFkZWkh_2331630735-0-cib.jpg\" \/><img decoding=\"async\" src=\"https:\/\/ozponcho.com.au\/wp-content\/uploads\/2024\/03\/O1CN010YlaUY1HIfpDZIUXn_2331630735-0-cib.jpg\" \/><img decoding=\"async\" src=\"https:\/\/ozponcho.com.au\/wp-content\/uploads\/2024\/03\/O1CN01spDpZu1HIfpKIYHfk_2331630735-0-cib.jpg\" \/><img decoding=\"async\" src=\"https:\/\/ozponcho.com.au\/wp-content\/uploads\/2024\/03\/O1CN01IAW6d11HIfpJoi3Rd_2331630735-0-cib.jpg\" \/><img decoding=\"async\" src=\"https:\/\/ozponcho.com.au\/wp-content\/uploads\/2024\/03\/O1CN01brBclu1HIfpGLdbhS_2331630735-0-cib.jpg\" \/><img decoding=\"async\" src=\"https:\/\/ozponcho.com.au\/wp-content\/uploads\/2024\/03\/O1CN010Jxk1b1HIfpMCmHvq_2331630735-0-cib.jpg\" \/><img decoding=\"async\" src=\"https:\/\/ozponcho.com.au\/wp-content\/uploads\/2024\/03\/O1CN01pmEDVe1HIfpIoQcGy_2331630735-0-cib.jpg\" \/><img decoding=\"async\" src=\"https:\/\/ozponcho.com.au\/wp-content\/uploads\/2024\/03\/O1CN01brBclu1HIfpGLdbhS_2331630735-0-cib.jpg\" \/><img decoding=\"async\" src=\"https:\/\/ozponcho.com.au\/wp-content\/uploads\/2024\/03\/O1CN01cuLcKo1HIfp6fRL5g_2331630735-0-cib.jpg\" \/><img decoding=\"async\" src=\"https:\/\/ozponcho.com.au\/wp-content\/uploads\/2024\/03\/O1CN01tnOyvW1HIfpHJLo26_2331630735-0-cib.jpg\" \/><img decoding=\"async\" src=\"https:\/\/ozponcho.com.au\/wp-content\/uploads\/2024\/03\/O1CN01mi7jHv1HIfpFhSe82_2331630735-0-cib.jpg\" \/><img decoding=\"async\" src=\"https:\/\/ozponcho.com.au\/wp-content\/uploads\/2024\/03\/O1CN01Yoi3YN1HIfpBPlwOk_2331630735-0-cib.jpg\" \/><img decoding=\"async\" src=\"https:\/\/ozponcho.com.au\/wp-content\/uploads\/2024\/03\/O1CN01U1biSl1HIfpBPlCfl_2331630735-0-cib.jpg\" \/><img decoding=\"async\" src=\"https:\/\/ozponcho.com.au\/wp-content\/uploads\/2024\/03\/O1CN018zzSHk1HIfpCx3hjE_2331630735-0-cib.jpg\" \/><img decoding=\"async\" src=\"https:\/\/ozponcho.com.au\/wp-content\/uploads\/2024\/03\/O1CN01nNLiuv1HIfpLRmFdG_2331630735-0-cib.jpg\" \/><img decoding=\"async\" src=\"https:\/\/ozponcho.com.au\/wp-content\/uploads\/2024\/03\/O1CN01437p9y1HIfpDZNJzK_2331630735-0-cib.jpg\" \/><\/p>","protected":false},"excerpt":{"rendered":"<p>Wrap yourself in style and comfort with our Autumn Winter High Neck Plaid Tassel Shawl Sweater. This trendy piece is not just a poncho; it&#8217;s a statement of elegance and coziness. Crafted from soft jersey fabric with a unique plaid pattern and playful fringe detail, it&#8217;s perfect for those looking to add a touch of [&#8230;]","protected":false},"featured_media":13751,"template":"","meta":[],"product_brand":[],"product_cat":[219,229,216,225,15,228,210],"product_tag":[],"class_list":{"0":"post-13860","1":"product","2":"type-product","3":"status-publish","4":"has-post-thumbnail","6":"product_cat-black-poncho","7":"product_cat-blanket-poncho","8":"product_cat-cashmere-poncho","9":"product_cat-grey-poncho","10":"product_cat-main-category","11":"product_cat-poncho-sweater","12":"product_cat-poncho-women","14":"first","15":"outofstock","16":"shipping-taxable","17":"purchasable","18":"product-type-variable"},"yoast_head":"<!-- This site is optimized with the Yoast SEO plugin v25.9 - https:\/\/yoast.com\/wordpress\/plugins\/seo\/ -->\n<title>Plaid Tassel Poncho Sweater | Australia #1 Poncho Shop<\/title>\n<meta name=\"description\" content=\"Looking for a Plaid Tassel Poncho Sweater ? You&#039;ve come to the right place \ud83d\ude04 We offers a wide selection of Plaid Tassel Poncho Sweater, perfect for you.\" \/>\n<meta name=\"robots\" content=\"index, follow, max-snippet:-1, max-image-preview:large, max-video-preview:-1\" \/>\n<link rel=\"canonical\" href=\"https:\/\/ozponcho.com.au\/nb\/p\/poncho-sjal-med-frynser-om-hosten\/\" \/>\n<meta property=\"og:locale\" content=\"nb_NO\" \/>\n<meta property=\"og:type\" content=\"article\" \/>\n<meta property=\"og:title\" content=\"Plaid Tassel Poncho Sweater | Australia #1 Poncho Shop\" \/>\n<meta property=\"og:description\" content=\"Looking for a Plaid Tassel Poncho Sweater ? You&#039;ve come to the right place \ud83d\ude04 We offers a wide selection of Plaid Tassel Poncho Sweater, perfect for you.\" \/>\n<meta property=\"og:url\" content=\"https:\/\/ozponcho.com.au\/nb\/p\/poncho-sjal-med-frynser-om-hosten\/\" \/>\n<meta property=\"og:site_name\" content=\"OZ Poncho\" \/>\n<meta property=\"article:modified_time\" content=\"2024-11-24T06:43:35+00:00\" \/>\n<meta property=\"og:image\" content=\"https:\/\/ozponcho.com.au\/wp-content\/uploads\/2023\/12\/O1CN01jjhmLB1HIfpNDLS4P_2331630735-0-cib.jpg\" \/>\n\t<meta property=\"og:image:width\" content=\"1340\" \/>\n\t<meta property=\"og:image:height\" content=\"1785\" \/>\n\t<meta property=\"og:image:type\" content=\"image\/jpeg\" \/>\n<meta name=\"twitter:card\" content=\"summary_large_image\" \/>\n<meta name=\"twitter:label1\" content=\"Ansl. lesetid\" \/>\n\t<meta name=\"twitter:data1\" content=\"5 minutter\" \/>\n<script type=\"application\/ld+json\" class=\"yoast-schema-graph\">{\"@context\":\"https:\/\/schema.org\",\"@graph\":[{\"@type\":\"WebPage\",\"@id\":\"https:\/\/ozponcho.com.au\/p\/fringed-autumn-poncho-shawl\/\",\"url\":\"https:\/\/ozponcho.com.au\/p\/fringed-autumn-poncho-shawl\/\",\"name\":\"Plaid Tassel Poncho Sweater | Australia #1 Poncho Shop\",\"isPartOf\":{\"@id\":\"https:\/\/ozponcho.com.au\/#website\"},\"primaryImageOfPage\":{\"@id\":\"https:\/\/ozponcho.com.au\/p\/fringed-autumn-poncho-shawl\/#primaryimage\"},\"image\":{\"@id\":\"https:\/\/ozponcho.com.au\/p\/fringed-autumn-poncho-shawl\/#primaryimage\"},\"thumbnailUrl\":\"https:\/\/ozponcho.com.au\/wp-content\/uploads\/2023\/12\/O1CN01jjhmLB1HIfpNDLS4P_2331630735-0-cib.jpg\",\"datePublished\":\"2023-12-13T07:41:22+00:00\",\"dateModified\":\"2024-11-24T06:43:35+00:00\",\"description\":\"Looking for a Plaid Tassel Poncho Sweater ? You've come to the right place \ud83d\ude04 We offers a wide selection of Plaid Tassel Poncho Sweater, perfect for you.\",\"breadcrumb\":{\"@id\":\"https:\/\/ozponcho.com.au\/p\/fringed-autumn-poncho-shawl\/#breadcrumb\"},\"inLanguage\":\"nb-NO\",\"potentialAction\":[{\"@type\":\"ReadAction\",\"target\":[\"https:\/\/ozponcho.com.au\/p\/fringed-autumn-poncho-shawl\/\"]}]},{\"@type\":\"ImageObject\",\"inLanguage\":\"nb-NO\",\"@id\":\"https:\/\/ozponcho.com.au\/p\/fringed-autumn-poncho-shawl\/#primaryimage\",\"url\":\"https:\/\/ozponcho.com.au\/wp-content\/uploads\/2023\/12\/O1CN01jjhmLB1HIfpNDLS4P_2331630735-0-cib.jpg\",\"contentUrl\":\"https:\/\/ozponcho.com.au\/wp-content\/uploads\/2023\/12\/O1CN01jjhmLB1HIfpNDLS4P_2331630735-0-cib.jpg\",\"width\":1340,\"height\":1785,\"caption\":\"Plaid Tassel Poncho Sweater\"},{\"@type\":\"BreadcrumbList\",\"@id\":\"https:\/\/ozponcho.com.au\/p\/fringed-autumn-poncho-shawl\/#breadcrumb\",\"itemListElement\":[{\"@type\":\"ListItem\",\"position\":1,\"name\":\"Home\",\"item\":\"https:\/\/ozponcho.com.au\/\"},{\"@type\":\"ListItem\",\"position\":2,\"name\":\"Shop\",\"item\":\"https:\/\/ozponcho.com.au\/shop\/\"},{\"@type\":\"ListItem\",\"position\":3,\"name\":\"Plaid Tassel Poncho Sweater\"}]},{\"@type\":\"WebSite\",\"@id\":\"https:\/\/ozponcho.com.au\/#website\",\"url\":\"https:\/\/ozponcho.com.au\/\",\"name\":\"OZ Poncho\",\"description\":\"\",\"potentialAction\":[{\"@type\":\"SearchAction\",\"target\":{\"@type\":\"EntryPoint\",\"urlTemplate\":\"https:\/\/ozponcho.com.au\/?s={search_term_string}\"},\"query-input\":{\"@type\":\"PropertyValueSpecification\",\"valueRequired\":true,\"valueName\":\"search_term_string\"}}],\"inLanguage\":\"nb-NO\"}]}<\/script>\n<!-- \/ Yoast SEO plugin. -->","yoast_head_json":{"title":"Rutem\u00f8nstret ponchogenser med dusk | Australia #1 Poncho Shop","description":"Leter du etter en Plaid Tassel Poncho Genser? Du har kommet til rett sted \ud83d\ude04 Vi tilbyr et bredt utvalg av Plaid Tassel Poncho Genser, perfekt for deg.","robots":{"index":"index","follow":"follow","max-snippet":"max-snippet:-1","max-image-preview":"max-image-preview:large","max-video-preview":"max-video-preview:-1"},"canonical":"https:\/\/ozponcho.com.au\/nb\/p\/poncho-sjal-med-frynser-om-hosten\/","og_locale":"nb_NO","og_type":"article","og_title":"Plaid Tassel Poncho Sweater | Australia #1 Poncho Shop","og_description":"Looking for a Plaid Tassel Poncho Sweater ? You've come to the right place \ud83d\ude04 We offers a wide selection of Plaid Tassel Poncho Sweater, perfect for you.","og_url":"https:\/\/ozponcho.com.au\/nb\/p\/poncho-sjal-med-frynser-om-hosten\/","og_site_name":"OZ Poncho","article_modified_time":"2024-11-24T06:43:35+00:00","og_image":[{"width":1340,"height":1785,"url":"https:\/\/ozponcho.com.au\/wp-content\/uploads\/2023\/12\/O1CN01jjhmLB1HIfpNDLS4P_2331630735-0-cib.jpg","type":"image\/jpeg"}],"twitter_card":"summary_large_image","twitter_misc":{"Ansl. lesetid":"5 minutter"},"schema":{"@context":"https:\/\/schema.org","@graph":[{"@type":"WebPage","@id":"https:\/\/ozponcho.com.au\/p\/fringed-autumn-poncho-shawl\/","url":"https:\/\/ozponcho.com.au\/p\/fringed-autumn-poncho-shawl\/","name":"Rutem\u00f8nstret ponchogenser med dusk | Australia #1 Poncho Shop","isPartOf":{"@id":"https:\/\/ozponcho.com.au\/#website"},"primaryImageOfPage":{"@id":"https:\/\/ozponcho.com.au\/p\/fringed-autumn-poncho-shawl\/#primaryimage"},"image":{"@id":"https:\/\/ozponcho.com.au\/p\/fringed-autumn-poncho-shawl\/#primaryimage"},"thumbnailUrl":"https:\/\/ozponcho.com.au\/wp-content\/uploads\/2023\/12\/O1CN01jjhmLB1HIfpNDLS4P_2331630735-0-cib.jpg","datePublished":"2023-12-13T07:41:22+00:00","dateModified":"2024-11-24T06:43:35+00:00","description":"Leter du etter en Plaid Tassel Poncho Genser? Du har kommet til rett sted \ud83d\ude04 Vi tilbyr et bredt utvalg av Plaid Tassel Poncho Genser, perfekt for deg.","breadcrumb":{"@id":"https:\/\/ozponcho.com.au\/p\/fringed-autumn-poncho-shawl\/#breadcrumb"},"inLanguage":"nb-NO","potentialAction":[{"@type":"ReadAction","target":["https:\/\/ozponcho.com.au\/p\/fringed-autumn-poncho-shawl\/"]}]},{"@type":"ImageObject","inLanguage":"nb-NO","@id":"https:\/\/ozponcho.com.au\/p\/fringed-autumn-poncho-shawl\/#primaryimage","url":"https:\/\/ozponcho.com.au\/wp-content\/uploads\/2023\/12\/O1CN01jjhmLB1HIfpNDLS4P_2331630735-0-cib.jpg","contentUrl":"https:\/\/ozponcho.com.au\/wp-content\/uploads\/2023\/12\/O1CN01jjhmLB1HIfpNDLS4P_2331630735-0-cib.jpg","width":1340,"height":1785,"caption":"Plaid Tassel Poncho Sweater"},{"@type":"BreadcrumbList","@id":"https:\/\/ozponcho.com.au\/p\/fringed-autumn-poncho-shawl\/#breadcrumb","itemListElement":[{"@type":"ListItem","position":1,"name":"Home","item":"https:\/\/ozponcho.com.au\/"},{"@type":"ListItem","position":2,"name":"Shop","item":"https:\/\/ozponcho.com.au\/shop\/"},{"@type":"ListItem","position":3,"name":"Plaid Tassel Poncho Sweater"}]},{"@type":"WebSite","@id":"https:\/\/ozponcho.com.au\/#website","url":"https:\/\/ozponcho.com.au\/","name":"OZ Poncho","description":"","potentialAction":[{"@type":"SearchAction","target":{"@type":"EntryPoint","urlTemplate":"https:\/\/ozponcho.com.au\/?s={search_term_string}"},"query-input":{"@type":"PropertyValueSpecification","valueRequired":true,"valueName":"search_term_string"}}],"inLanguage":"nb-NO"}]}},"_links":{"self":[{"href":"https:\/\/ozponcho.com.au\/nb\/wp-json\/wp\/v2\/product\/13860","targetHints":{"allow":["GET"]}}],"collection":[{"href":"https:\/\/ozponcho.com.au\/nb\/wp-json\/wp\/v2\/product"}],"about":[{"href":"https:\/\/ozponcho.com.au\/nb\/wp-json\/wp\/v2\/types\/product"}],"wp:featuredmedia":[{"embeddable":true,"href":"https:\/\/ozponcho.com.au\/nb\/wp-json\/wp\/v2\/media\/13751"}],"wp:attachment":[{"href":"https:\/\/ozponcho.com.au\/nb\/wp-json\/wp\/v2\/media?parent=13860"}],"wp:term":[{"taxonomy":"product_brand","embeddable":true,"href":"https:\/\/ozponcho.com.au\/nb\/wp-json\/wp\/v2\/product_brand?post=13860"},{"taxonomy":"product_cat","embeddable":true,"href":"https:\/\/ozponcho.com.au\/nb\/wp-json\/wp\/v2\/product_cat?post=13860"},{"taxonomy":"product_tag","embeddable":true,"href":"https:\/\/ozponcho.com.au\/nb\/wp-json\/wp\/v2\/product_tag?post=13860"}],"curies":[{"name":"wp","href":"https:\/\/api.w.org\/{rel}","templated":true}]}}