{"id":13496,"date":"2023-12-13T18:39:37","date_gmt":"2023-12-13T07:39:37","guid":{"rendered":"https:\/\/ozponcho.com.au\/p\/hooded-striped-tassel-cape-shawl-women-autumn-winter-women-outer-scarf\/"},"modified":"2026-01-06T20:10:41","modified_gmt":"2026-01-06T09:10:41","slug":"hooded-tassel-cape-shawl","status":"publish","type":"product","link":"https:\/\/ozponcho.com.au\/nb\/p\/sjal-med-hette-og-dusk-i-kappe\/","title":{"rendered":"Poncho med frynser og stripete hette"},"content":{"rendered":"<p>Denne elegante Ponchoen med hette og striper med dusk og dusk gir et ekstra l\u00f8ft til garderoben din i det kj\u00f8lige v\u00e6ret. Denne kappen i jerseystoff er innbegrepet av koselig eleganse, og gir et b\u00e5de sofistikert og avslappet uttrykk. De lekne frynsene gir bevegelse, mens hetten gir ekstra varme og gj\u00f8r den til et perfekt h\u00f8st- og vinterplagg. Det stilige stripem\u00f8nsteret og den l\u00f8se passformen s\u00f8rger for at du ikke ofrer komfort for mote. Pakk deg inn i dette allsidige sjalet og g\u00e5 ut med selvtillit!<\/p>\n<div>Stil: Avslappet<\/div>\n<div>Passform: L\u00f8s<\/div>\n<div>Stoff: Jersey<\/div>\n<div>M\u00f8nster: Stripe<\/div>\n<div>Element: Frynser<\/div>\n<div>Lengde p\u00e5 toppen: Lang<\/div>\n<div>Utringning: Med hette<\/div>\n<div>Hylsetype: Andre<\/div>\n<div>Ermelengde: 3\/4 erme<\/div>\n<div>Hovedkomposisjon: Polyester<\/div>\n<div>Sesong: H\u00f8st\/vinter<\/div>\n<p><img decoding=\"async\" src=\"https:\/\/ozponcho.com.au\/wp-content\/uploads\/2024\/03\/1134443718221234176.png\" \/><img decoding=\"async\" src=\"https:\/\/ozponcho.com.au\/wp-content\/uploads\/2024\/03\/O1CN01qVbFc61QYYF8EREw2_2505411988-0-cib.jpg\" \/><img decoding=\"async\" src=\"https:\/\/ozponcho.com.au\/wp-content\/uploads\/2024\/03\/O1CN01vXhkOY1QYYF5zz1Uk_2505411988-0-cib.jpg\" \/><img decoding=\"async\" src=\"https:\/\/ozponcho.com.au\/wp-content\/uploads\/2024\/03\/O1CN01p4mfKi1QYYF2h2Pyc_2505411988-0-cib.jpg\" \/><img decoding=\"async\" src=\"https:\/\/ozponcho.com.au\/wp-content\/uploads\/2024\/03\/O1CN01LfbtIe1QYYF1LpKYo_2505411988-0-cib.jpg\" \/><img decoding=\"async\" src=\"https:\/\/ozponcho.com.au\/wp-content\/uploads\/2024\/03\/O1CN01MA6ZKm1QYYF2ZROry_2505411988-0-cib.jpg\" \/><\/p>","protected":false},"excerpt":{"rendered":"<p>Elevate your chilly weather wardrobe with this chic Hooded Striped Tassel Poncho. An epitome of cozy elegance, this jersey fabric cape drapes effortlessly for a look that&#8217;s both sophisticated and laid-back. The playful fringe adds movement, while the hood provides extra warmth, making it a perfect autumn\/winter layering piece. The stylish stripe pattern and its [&#8230;]","protected":false},"featured_media":13455,"template":"","meta":[],"product_brand":[],"product_cat":[226,15,230,228,210],"product_tag":[],"class_list":{"0":"post-13496","1":"product","2":"type-product","3":"status-publish","4":"has-post-thumbnail","6":"product_cat-brown-poncho","7":"product_cat-main-category","8":"product_cat-poncho-dress","9":"product_cat-poncho-sweater","10":"product_cat-poncho-women","12":"first","13":"instock","14":"shipping-taxable","15":"purchasable","16":"product-type-variable"},"yoast_head":"<!-- This site is optimized with the Yoast SEO plugin v25.9 - https:\/\/yoast.com\/wordpress\/plugins\/seo\/ -->\n<title>Striped Hooded Fringe Poncho | Australia #1 Poncho Shop<\/title>\n<meta name=\"description\" content=\"Looking for a Striped Hooded Fringe Poncho ? You&#039;ve come to the right place \ud83d\ude04 We offers a wide selection of Striped Hooded Fringe Poncho, perfect for you.\" \/>\n<meta name=\"robots\" content=\"index, follow, max-snippet:-1, max-image-preview:large, max-video-preview:-1\" \/>\n<link rel=\"canonical\" href=\"https:\/\/ozponcho.com.au\/nb\/p\/sjal-med-hette-og-dusk-i-kappe\/\" \/>\n<meta property=\"og:locale\" content=\"nb_NO\" \/>\n<meta property=\"og:type\" content=\"article\" \/>\n<meta property=\"og:title\" content=\"Striped Hooded Fringe Poncho | Australia #1 Poncho Shop\" \/>\n<meta property=\"og:description\" content=\"Looking for a Striped Hooded Fringe Poncho ? You&#039;ve come to the right place \ud83d\ude04 We offers a wide selection of Striped Hooded Fringe Poncho, perfect for you.\" \/>\n<meta property=\"og:url\" content=\"https:\/\/ozponcho.com.au\/nb\/p\/sjal-med-hette-og-dusk-i-kappe\/\" \/>\n<meta property=\"og:site_name\" content=\"OZ Poncho\" \/>\n<meta property=\"article:modified_time\" content=\"2026-01-06T09:10:41+00:00\" \/>\n<meta property=\"og:image\" content=\"https:\/\/ozponcho.com.au\/wp-content\/uploads\/2023\/12\/O1CN01vbkKN61QYYF1LCzka_2505411988-0-cib.jpg\" \/>\n\t<meta property=\"og:image:width\" content=\"800\" \/>\n\t<meta property=\"og:image:height\" content=\"800\" \/>\n\t<meta property=\"og:image:type\" content=\"image\/jpeg\" \/>\n<meta name=\"twitter:card\" content=\"summary_large_image\" \/>\n<meta name=\"twitter:label1\" content=\"Ansl. lesetid\" \/>\n\t<meta name=\"twitter:data1\" content=\"2 minutter\" \/>\n<script type=\"application\/ld+json\" class=\"yoast-schema-graph\">{\"@context\":\"https:\/\/schema.org\",\"@graph\":[{\"@type\":\"WebPage\",\"@id\":\"https:\/\/ozponcho.com.au\/p\/hooded-tassel-cape-shawl\/\",\"url\":\"https:\/\/ozponcho.com.au\/p\/hooded-tassel-cape-shawl\/\",\"name\":\"Striped Hooded Fringe Poncho | Australia #1 Poncho Shop\",\"isPartOf\":{\"@id\":\"https:\/\/ozponcho.com.au\/#website\"},\"primaryImageOfPage\":{\"@id\":\"https:\/\/ozponcho.com.au\/p\/hooded-tassel-cape-shawl\/#primaryimage\"},\"image\":{\"@id\":\"https:\/\/ozponcho.com.au\/p\/hooded-tassel-cape-shawl\/#primaryimage\"},\"thumbnailUrl\":\"https:\/\/ozponcho.com.au\/wp-content\/uploads\/2023\/12\/O1CN01vbkKN61QYYF1LCzka_2505411988-0-cib.jpg\",\"datePublished\":\"2023-12-13T07:39:37+00:00\",\"dateModified\":\"2026-01-06T09:10:41+00:00\",\"description\":\"Looking for a Striped Hooded Fringe Poncho ? You've come to the right place \ud83d\ude04 We offers a wide selection of Striped Hooded Fringe Poncho, perfect for you.\",\"breadcrumb\":{\"@id\":\"https:\/\/ozponcho.com.au\/p\/hooded-tassel-cape-shawl\/#breadcrumb\"},\"inLanguage\":\"nb-NO\",\"potentialAction\":[{\"@type\":\"ReadAction\",\"target\":[\"https:\/\/ozponcho.com.au\/p\/hooded-tassel-cape-shawl\/\"]}]},{\"@type\":\"ImageObject\",\"inLanguage\":\"nb-NO\",\"@id\":\"https:\/\/ozponcho.com.au\/p\/hooded-tassel-cape-shawl\/#primaryimage\",\"url\":\"https:\/\/ozponcho.com.au\/wp-content\/uploads\/2023\/12\/O1CN01vbkKN61QYYF1LCzka_2505411988-0-cib.jpg\",\"contentUrl\":\"https:\/\/ozponcho.com.au\/wp-content\/uploads\/2023\/12\/O1CN01vbkKN61QYYF1LCzka_2505411988-0-cib.jpg\",\"width\":800,\"height\":800,\"caption\":\"Striped Hooded Fringe Poncho\"},{\"@type\":\"BreadcrumbList\",\"@id\":\"https:\/\/ozponcho.com.au\/p\/hooded-tassel-cape-shawl\/#breadcrumb\",\"itemListElement\":[{\"@type\":\"ListItem\",\"position\":1,\"name\":\"Home\",\"item\":\"https:\/\/ozponcho.com.au\/\"},{\"@type\":\"ListItem\",\"position\":2,\"name\":\"Shop\",\"item\":\"https:\/\/ozponcho.com.au\/shop\/\"},{\"@type\":\"ListItem\",\"position\":3,\"name\":\"Striped Hooded Fringe Poncho\"}]},{\"@type\":\"WebSite\",\"@id\":\"https:\/\/ozponcho.com.au\/#website\",\"url\":\"https:\/\/ozponcho.com.au\/\",\"name\":\"OZ Poncho\",\"description\":\"\",\"potentialAction\":[{\"@type\":\"SearchAction\",\"target\":{\"@type\":\"EntryPoint\",\"urlTemplate\":\"https:\/\/ozponcho.com.au\/?s={search_term_string}\"},\"query-input\":{\"@type\":\"PropertyValueSpecification\",\"valueRequired\":true,\"valueName\":\"search_term_string\"}}],\"inLanguage\":\"nb-NO\"}]}<\/script>\n<!-- \/ Yoast SEO plugin. -->","yoast_head_json":{"title":"Stripete Poncho med hette og frynser | Australia #1 Poncho Shop","description":"Leter du etter en Striped Hooded Fringe Poncho? Du har kommet til rett sted \ud83d\ude04 Vi tilbyr et bredt utvalg av Striped Hooded Fringe Poncho, perfekt for deg.","robots":{"index":"index","follow":"follow","max-snippet":"max-snippet:-1","max-image-preview":"max-image-preview:large","max-video-preview":"max-video-preview:-1"},"canonical":"https:\/\/ozponcho.com.au\/nb\/p\/sjal-med-hette-og-dusk-i-kappe\/","og_locale":"nb_NO","og_type":"article","og_title":"Striped Hooded Fringe Poncho | Australia #1 Poncho Shop","og_description":"Looking for a Striped Hooded Fringe Poncho ? You've come to the right place \ud83d\ude04 We offers a wide selection of Striped Hooded Fringe Poncho, perfect for you.","og_url":"https:\/\/ozponcho.com.au\/nb\/p\/sjal-med-hette-og-dusk-i-kappe\/","og_site_name":"OZ Poncho","article_modified_time":"2026-01-06T09:10:41+00:00","og_image":[{"width":800,"height":800,"url":"https:\/\/ozponcho.com.au\/wp-content\/uploads\/2023\/12\/O1CN01vbkKN61QYYF1LCzka_2505411988-0-cib.jpg","type":"image\/jpeg"}],"twitter_card":"summary_large_image","twitter_misc":{"Ansl. lesetid":"2 minutter"},"schema":{"@context":"https:\/\/schema.org","@graph":[{"@type":"WebPage","@id":"https:\/\/ozponcho.com.au\/p\/hooded-tassel-cape-shawl\/","url":"https:\/\/ozponcho.com.au\/p\/hooded-tassel-cape-shawl\/","name":"Stripete Poncho med hette og frynser | Australia #1 Poncho Shop","isPartOf":{"@id":"https:\/\/ozponcho.com.au\/#website"},"primaryImageOfPage":{"@id":"https:\/\/ozponcho.com.au\/p\/hooded-tassel-cape-shawl\/#primaryimage"},"image":{"@id":"https:\/\/ozponcho.com.au\/p\/hooded-tassel-cape-shawl\/#primaryimage"},"thumbnailUrl":"https:\/\/ozponcho.com.au\/wp-content\/uploads\/2023\/12\/O1CN01vbkKN61QYYF1LCzka_2505411988-0-cib.jpg","datePublished":"2023-12-13T07:39:37+00:00","dateModified":"2026-01-06T09:10:41+00:00","description":"Leter du etter en Striped Hooded Fringe Poncho? Du har kommet til rett sted \ud83d\ude04 Vi tilbyr et bredt utvalg av Striped Hooded Fringe Poncho, perfekt for deg.","breadcrumb":{"@id":"https:\/\/ozponcho.com.au\/p\/hooded-tassel-cape-shawl\/#breadcrumb"},"inLanguage":"nb-NO","potentialAction":[{"@type":"ReadAction","target":["https:\/\/ozponcho.com.au\/p\/hooded-tassel-cape-shawl\/"]}]},{"@type":"ImageObject","inLanguage":"nb-NO","@id":"https:\/\/ozponcho.com.au\/p\/hooded-tassel-cape-shawl\/#primaryimage","url":"https:\/\/ozponcho.com.au\/wp-content\/uploads\/2023\/12\/O1CN01vbkKN61QYYF1LCzka_2505411988-0-cib.jpg","contentUrl":"https:\/\/ozponcho.com.au\/wp-content\/uploads\/2023\/12\/O1CN01vbkKN61QYYF1LCzka_2505411988-0-cib.jpg","width":800,"height":800,"caption":"Striped Hooded Fringe Poncho"},{"@type":"BreadcrumbList","@id":"https:\/\/ozponcho.com.au\/p\/hooded-tassel-cape-shawl\/#breadcrumb","itemListElement":[{"@type":"ListItem","position":1,"name":"Home","item":"https:\/\/ozponcho.com.au\/"},{"@type":"ListItem","position":2,"name":"Shop","item":"https:\/\/ozponcho.com.au\/shop\/"},{"@type":"ListItem","position":3,"name":"Striped Hooded Fringe Poncho"}]},{"@type":"WebSite","@id":"https:\/\/ozponcho.com.au\/#website","url":"https:\/\/ozponcho.com.au\/","name":"OZ Poncho","description":"","potentialAction":[{"@type":"SearchAction","target":{"@type":"EntryPoint","urlTemplate":"https:\/\/ozponcho.com.au\/?s={search_term_string}"},"query-input":{"@type":"PropertyValueSpecification","valueRequired":true,"valueName":"search_term_string"}}],"inLanguage":"nb-NO"}]}},"_links":{"self":[{"href":"https:\/\/ozponcho.com.au\/nb\/wp-json\/wp\/v2\/product\/13496","targetHints":{"allow":["GET"]}}],"collection":[{"href":"https:\/\/ozponcho.com.au\/nb\/wp-json\/wp\/v2\/product"}],"about":[{"href":"https:\/\/ozponcho.com.au\/nb\/wp-json\/wp\/v2\/types\/product"}],"wp:featuredmedia":[{"embeddable":true,"href":"https:\/\/ozponcho.com.au\/nb\/wp-json\/wp\/v2\/media\/13455"}],"wp:attachment":[{"href":"https:\/\/ozponcho.com.au\/nb\/wp-json\/wp\/v2\/media?parent=13496"}],"wp:term":[{"taxonomy":"product_brand","embeddable":true,"href":"https:\/\/ozponcho.com.au\/nb\/wp-json\/wp\/v2\/product_brand?post=13496"},{"taxonomy":"product_cat","embeddable":true,"href":"https:\/\/ozponcho.com.au\/nb\/wp-json\/wp\/v2\/product_cat?post=13496"},{"taxonomy":"product_tag","embeddable":true,"href":"https:\/\/ozponcho.com.au\/nb\/wp-json\/wp\/v2\/product_tag?post=13496"}],"curies":[{"name":"wp","href":"https:\/\/api.w.org\/{rel}","templated":true}]}}