{"id":13137,"date":"2023-12-13T18:38:24","date_gmt":"2023-12-13T07:38:24","guid":{"rendered":"https:\/\/ozponcho.com.au\/p\/knitwear-autumn-winter-long-cable-knit-sweater-women-button-cardigan\/"},"modified":"2026-04-01T17:52:16","modified_gmt":"2026-04-01T06:52:16","slug":"olive-knit-sweater-poncho","status":"publish","type":"product","link":"https:\/\/ozponcho.com.au\/nb\/p\/poncho-i-olivenfarget-genser\/","title":{"rendered":"Olive Poncho Cardigan for kvinner"},"content":{"rendered":"<p>G\u00e5 de kj\u00f8lige \u00e5rstidene i m\u00f8te med stil med v\u00e5r Olive Poncho Cardigan for kvinner. Denne lange, behagelige genseren har en klassisk kabelstrikket design som omslutter deg med varme. Den har en enkel knappelukking og funksjonelle lommer, og er et perfekt supplement til h\u00f8st- og vintergarderoben. Den slanke silhuetten s\u00f8rger for en flatterende passform samtidig som den gir god komfort. Denne olivengr\u00f8nne cardiganponchoen er perfekt som lag-p\u00e5-lag-plagg, og er et allsidig plagg som kan brukes til alt fra en uformell kaffedate til en koselig kveld hjemme. Gj\u00f8r den til din i dag og g\u00e5 ut i tidl\u00f8s stil!<\/p>\n<div>Stil: Avslappet<\/div>\n<div>Passform: Slank<\/div>\n<div>Stoff: Jersey<\/div>\n<div>M\u00f8nster: Ensfarget<\/div>\n<div>Element: Knapp<\/div>","protected":false},"excerpt":{"rendered":"<p>Embrace the chilly seasons in style with our Olive Poncho Cardigan for women. This long, comfy sweater boasts a classic cable-knit design that envelops you in warmth. Accented with a single-breasted button closure and functional pockets, it&#8217;s the ideal addition to any autumn or winter wardrobe. Its slim fit silhouette ensures a flattering shape while [&#8230;]","protected":false},"featured_media":13064,"template":"","meta":[],"product_brand":[],"product_cat":[220,15,230,228,214,210],"product_tag":[],"class_list":{"0":"post-13137","1":"product","2":"type-product","3":"status-publish","4":"has-post-thumbnail","6":"product_cat-green-poncho","7":"product_cat-main-category","8":"product_cat-poncho-dress","9":"product_cat-poncho-sweater","10":"product_cat-knitted-crochet-poncho","11":"product_cat-poncho-women","13":"first","14":"instock","15":"shipping-taxable","16":"purchasable","17":"product-type-variable"},"yoast_head":"<!-- This site is optimized with the Yoast SEO plugin v25.9 - https:\/\/yoast.com\/wordpress\/plugins\/seo\/ -->\n<title>Women&#039;s Olive Poncho Cardigan | Australia #1 Poncho Shop<\/title>\n<meta name=\"description\" content=\"Looking for a Women&#039;s Olive Poncho Cardigan ? You&#039;ve come to the right place \ud83d\ude04 We offers a wide selection of Women&#039;s Olive Poncho Cardigan, perfect for you.\" \/>\n<meta name=\"robots\" content=\"index, follow, max-snippet:-1, max-image-preview:large, max-video-preview:-1\" \/>\n<link rel=\"canonical\" href=\"https:\/\/ozponcho.com.au\/nb\/p\/poncho-i-olivenfarget-genser\/\" \/>\n<meta property=\"og:locale\" content=\"nb_NO\" \/>\n<meta property=\"og:type\" content=\"article\" \/>\n<meta property=\"og:title\" content=\"Women&#039;s Olive Poncho Cardigan | Australia #1 Poncho Shop\" \/>\n<meta property=\"og:description\" content=\"Looking for a Women&#039;s Olive Poncho Cardigan ? You&#039;ve come to the right place \ud83d\ude04 We offers a wide selection of Women&#039;s Olive Poncho Cardigan, perfect for you.\" \/>\n<meta property=\"og:url\" content=\"https:\/\/ozponcho.com.au\/nb\/p\/poncho-i-olivenfarget-genser\/\" \/>\n<meta property=\"og:site_name\" content=\"OZ Poncho\" \/>\n<meta property=\"article:modified_time\" content=\"2026-04-01T06:52:16+00:00\" \/>\n<meta property=\"og:image\" content=\"https:\/\/ozponcho.com.au\/wp-content\/uploads\/2023\/12\/O1CN01SVIQ8c1QYY59JxIx1_2505411988-0-cib.jpg\" \/>\n\t<meta property=\"og:image:width\" content=\"800\" \/>\n\t<meta property=\"og:image:height\" content=\"800\" \/>\n\t<meta property=\"og:image:type\" content=\"image\/jpeg\" \/>\n<meta name=\"twitter:card\" content=\"summary_large_image\" \/>\n<meta name=\"twitter:label1\" content=\"Ansl. lesetid\" \/>\n\t<meta name=\"twitter:data1\" content=\"1 minutt\" \/>\n<script type=\"application\/ld+json\" class=\"yoast-schema-graph\">{\"@context\":\"https:\/\/schema.org\",\"@graph\":[{\"@type\":\"WebPage\",\"@id\":\"https:\/\/ozponcho.com.au\/p\/olive-knit-sweater-poncho\/\",\"url\":\"https:\/\/ozponcho.com.au\/p\/olive-knit-sweater-poncho\/\",\"name\":\"Women's Olive Poncho Cardigan | Australia #1 Poncho Shop\",\"isPartOf\":{\"@id\":\"https:\/\/ozponcho.com.au\/#website\"},\"primaryImageOfPage\":{\"@id\":\"https:\/\/ozponcho.com.au\/p\/olive-knit-sweater-poncho\/#primaryimage\"},\"image\":{\"@id\":\"https:\/\/ozponcho.com.au\/p\/olive-knit-sweater-poncho\/#primaryimage\"},\"thumbnailUrl\":\"https:\/\/ozponcho.com.au\/wp-content\/uploads\/2023\/12\/O1CN01SVIQ8c1QYY59JxIx1_2505411988-0-cib.jpg\",\"datePublished\":\"2023-12-13T07:38:24+00:00\",\"dateModified\":\"2026-04-01T06:52:16+00:00\",\"description\":\"Looking for a Women's Olive Poncho Cardigan ? You've come to the right place \ud83d\ude04 We offers a wide selection of Women's Olive Poncho Cardigan, perfect for you.\",\"breadcrumb\":{\"@id\":\"https:\/\/ozponcho.com.au\/p\/olive-knit-sweater-poncho\/#breadcrumb\"},\"inLanguage\":\"nb-NO\",\"potentialAction\":[{\"@type\":\"ReadAction\",\"target\":[\"https:\/\/ozponcho.com.au\/p\/olive-knit-sweater-poncho\/\"]}]},{\"@type\":\"ImageObject\",\"inLanguage\":\"nb-NO\",\"@id\":\"https:\/\/ozponcho.com.au\/p\/olive-knit-sweater-poncho\/#primaryimage\",\"url\":\"https:\/\/ozponcho.com.au\/wp-content\/uploads\/2023\/12\/O1CN01SVIQ8c1QYY59JxIx1_2505411988-0-cib.jpg\",\"contentUrl\":\"https:\/\/ozponcho.com.au\/wp-content\/uploads\/2023\/12\/O1CN01SVIQ8c1QYY59JxIx1_2505411988-0-cib.jpg\",\"width\":800,\"height\":800,\"caption\":\"Women's Olive Poncho Cardigan\"},{\"@type\":\"BreadcrumbList\",\"@id\":\"https:\/\/ozponcho.com.au\/p\/olive-knit-sweater-poncho\/#breadcrumb\",\"itemListElement\":[{\"@type\":\"ListItem\",\"position\":1,\"name\":\"Home\",\"item\":\"https:\/\/ozponcho.com.au\/\"},{\"@type\":\"ListItem\",\"position\":2,\"name\":\"Shop\",\"item\":\"https:\/\/ozponcho.com.au\/shop\/\"},{\"@type\":\"ListItem\",\"position\":3,\"name\":\"Women&#8217;s Olive Poncho Cardigan\"}]},{\"@type\":\"WebSite\",\"@id\":\"https:\/\/ozponcho.com.au\/#website\",\"url\":\"https:\/\/ozponcho.com.au\/\",\"name\":\"OZ Poncho\",\"description\":\"\",\"potentialAction\":[{\"@type\":\"SearchAction\",\"target\":{\"@type\":\"EntryPoint\",\"urlTemplate\":\"https:\/\/ozponcho.com.au\/?s={search_term_string}\"},\"query-input\":{\"@type\":\"PropertyValueSpecification\",\"valueRequired\":true,\"valueName\":\"search_term_string\"}}],\"inLanguage\":\"nb-NO\"}]}<\/script>\n<!-- \/ Yoast SEO plugin. -->","yoast_head_json":{"title":"Olive Poncho Cardigan for kvinner | Australia #1 Poncho Shop","description":"Leter du etter en Olive Poncho Cardigan for kvinner? Du har kommet til rett sted \ud83d\ude04 Vi tilbyr et bredt utvalg av Olive Poncho Cardigan for kvinner, perfekt for deg.","robots":{"index":"index","follow":"follow","max-snippet":"max-snippet:-1","max-image-preview":"max-image-preview:large","max-video-preview":"max-video-preview:-1"},"canonical":"https:\/\/ozponcho.com.au\/nb\/p\/poncho-i-olivenfarget-genser\/","og_locale":"nb_NO","og_type":"article","og_title":"Women's Olive Poncho Cardigan | Australia #1 Poncho Shop","og_description":"Looking for a Women's Olive Poncho Cardigan ? You've come to the right place \ud83d\ude04 We offers a wide selection of Women's Olive Poncho Cardigan, perfect for you.","og_url":"https:\/\/ozponcho.com.au\/nb\/p\/poncho-i-olivenfarget-genser\/","og_site_name":"OZ Poncho","article_modified_time":"2026-04-01T06:52:16+00:00","og_image":[{"width":800,"height":800,"url":"https:\/\/ozponcho.com.au\/wp-content\/uploads\/2023\/12\/O1CN01SVIQ8c1QYY59JxIx1_2505411988-0-cib.jpg","type":"image\/jpeg"}],"twitter_card":"summary_large_image","twitter_misc":{"Ansl. lesetid":"1 minutt"},"schema":{"@context":"https:\/\/schema.org","@graph":[{"@type":"WebPage","@id":"https:\/\/ozponcho.com.au\/p\/olive-knit-sweater-poncho\/","url":"https:\/\/ozponcho.com.au\/p\/olive-knit-sweater-poncho\/","name":"Olive Poncho Cardigan for kvinner | Australia #1 Poncho Shop","isPartOf":{"@id":"https:\/\/ozponcho.com.au\/#website"},"primaryImageOfPage":{"@id":"https:\/\/ozponcho.com.au\/p\/olive-knit-sweater-poncho\/#primaryimage"},"image":{"@id":"https:\/\/ozponcho.com.au\/p\/olive-knit-sweater-poncho\/#primaryimage"},"thumbnailUrl":"https:\/\/ozponcho.com.au\/wp-content\/uploads\/2023\/12\/O1CN01SVIQ8c1QYY59JxIx1_2505411988-0-cib.jpg","datePublished":"2023-12-13T07:38:24+00:00","dateModified":"2026-04-01T06:52:16+00:00","description":"Leter du etter en Olive Poncho Cardigan for kvinner? Du har kommet til rett sted \ud83d\ude04 Vi tilbyr et bredt utvalg av Olive Poncho Cardigan for kvinner, perfekt for deg.","breadcrumb":{"@id":"https:\/\/ozponcho.com.au\/p\/olive-knit-sweater-poncho\/#breadcrumb"},"inLanguage":"nb-NO","potentialAction":[{"@type":"ReadAction","target":["https:\/\/ozponcho.com.au\/p\/olive-knit-sweater-poncho\/"]}]},{"@type":"ImageObject","inLanguage":"nb-NO","@id":"https:\/\/ozponcho.com.au\/p\/olive-knit-sweater-poncho\/#primaryimage","url":"https:\/\/ozponcho.com.au\/wp-content\/uploads\/2023\/12\/O1CN01SVIQ8c1QYY59JxIx1_2505411988-0-cib.jpg","contentUrl":"https:\/\/ozponcho.com.au\/wp-content\/uploads\/2023\/12\/O1CN01SVIQ8c1QYY59JxIx1_2505411988-0-cib.jpg","width":800,"height":800,"caption":"Women's Olive Poncho Cardigan"},{"@type":"BreadcrumbList","@id":"https:\/\/ozponcho.com.au\/p\/olive-knit-sweater-poncho\/#breadcrumb","itemListElement":[{"@type":"ListItem","position":1,"name":"Home","item":"https:\/\/ozponcho.com.au\/"},{"@type":"ListItem","position":2,"name":"Shop","item":"https:\/\/ozponcho.com.au\/shop\/"},{"@type":"ListItem","position":3,"name":"Women&#8217;s Olive Poncho Cardigan"}]},{"@type":"WebSite","@id":"https:\/\/ozponcho.com.au\/#website","url":"https:\/\/ozponcho.com.au\/","name":"OZ Poncho","description":"","potentialAction":[{"@type":"SearchAction","target":{"@type":"EntryPoint","urlTemplate":"https:\/\/ozponcho.com.au\/?s={search_term_string}"},"query-input":{"@type":"PropertyValueSpecification","valueRequired":true,"valueName":"search_term_string"}}],"inLanguage":"nb-NO"}]}},"_links":{"self":[{"href":"https:\/\/ozponcho.com.au\/nb\/wp-json\/wp\/v2\/product\/13137","targetHints":{"allow":["GET"]}}],"collection":[{"href":"https:\/\/ozponcho.com.au\/nb\/wp-json\/wp\/v2\/product"}],"about":[{"href":"https:\/\/ozponcho.com.au\/nb\/wp-json\/wp\/v2\/types\/product"}],"wp:featuredmedia":[{"embeddable":true,"href":"https:\/\/ozponcho.com.au\/nb\/wp-json\/wp\/v2\/media\/13064"}],"wp:attachment":[{"href":"https:\/\/ozponcho.com.au\/nb\/wp-json\/wp\/v2\/media?parent=13137"}],"wp:term":[{"taxonomy":"product_brand","embeddable":true,"href":"https:\/\/ozponcho.com.au\/nb\/wp-json\/wp\/v2\/product_brand?post=13137"},{"taxonomy":"product_cat","embeddable":true,"href":"https:\/\/ozponcho.com.au\/nb\/wp-json\/wp\/v2\/product_cat?post=13137"},{"taxonomy":"product_tag","embeddable":true,"href":"https:\/\/ozponcho.com.au\/nb\/wp-json\/wp\/v2\/product_tag?post=13137"}],"curies":[{"name":"wp","href":"https:\/\/api.w.org\/{rel}","templated":true}]}}