{"id":13105,"date":"2023-12-13T18:38:13","date_gmt":"2023-12-13T07:38:13","guid":{"rendered":"https:\/\/ozponcho.com.au\/p\/autumn-winter-fur-collar-tassel-shawl-women-knitted-cape-coat\/"},"modified":"2026-02-27T16:47:17","modified_gmt":"2026-02-27T05:47:17","slug":"winter-knit-fringe-poncho","status":"publish","type":"product","link":"https:\/\/ozponcho.com.au\/nb\/p\/poncho-med-frynser-i-vinterstrik\/","title":{"rendered":"Poncho med pelskrage og dusk"},"content":{"rendered":"<p>L\u00f8ft stilen din i h\u00f8st og vinter med v\u00e5r elegante, strikkede kappe! Med sin luksuri\u00f8se krage i fuskepels og sofistikerte dusker er denne ponchoen ikke bare et plagg, men et statement. Det myke jerseystoffet s\u00f8rger for god komfort, mens det ensfargede m\u00f8nsteret med frynser tilf\u00f8rer et snev av bohemsk eleganse. Denne ponchoen er perfekt for deg som \u00f8nsker \u00e5 holde varmen uten \u00e5 gi avkall p\u00e5 stilen, og den er allsidig nok til \u00e5 passe til ethvert antrekk. Ikke la kulda legge en demper p\u00e5 motesansen din - pakk deg inn i denne stilige, langermede ponchoen og skap oppmerksomhet uansett hvor du g\u00e5r!<\/p>\n<div>Stil: Avslappet<\/div>\n<div>Passform: Vanlig<\/div>\n<div>Stoff: Jersey<\/div>\n<div>M\u00f8nster: Ensfarget<\/div>\n<div>Element: Frynser<\/div>\n<div>Lengde p\u00e5 toppen: Lang<\/div>\n<div>Ermetype: Vanlig<\/div>\n<div>Ermelengde: Lang erme<\/div>\n<div>Type lukking: Andre<\/div>\n<div>Hovedkomposisjon: Polyester<\/div>\n<div>Sesong: H\u00f8st\/vinter<\/div>\n<p><img decoding=\"async\" src=\"https:\/\/ozponcho.com.au\/wp-content\/uploads\/2024\/03\/1117773284616699904.png\" \/><\/p>","protected":false},"excerpt":{"rendered":"<p>Elevate your style this autumn and winter with our chic knitted cape coat! Expertly crafted with a luxurious faux fur collar and sophisticated tassels, this poncho is not just a garment, it&#8217;s a statement. The soft jersey fabric ensures comfort, while the solid pattern with fringe element adds a touch of bohemian elegance. Perfect for [&#8230;]","protected":false},"featured_media":13063,"template":"","meta":[],"product_brand":[],"product_cat":[218,15,228,214,210],"product_tag":[],"class_list":{"0":"post-13105","1":"product","2":"type-product","3":"status-publish","4":"has-post-thumbnail","6":"product_cat-fur-poncho","7":"product_cat-main-category","8":"product_cat-poncho-sweater","9":"product_cat-knitted-crochet-poncho","10":"product_cat-poncho-women","12":"first","13":"instock","14":"shipping-taxable","15":"purchasable","16":"product-type-variable"},"yoast_head":"<!-- This site is optimized with the Yoast SEO plugin v25.9 - https:\/\/yoast.com\/wordpress\/plugins\/seo\/ -->\n<title>Fur-Collar Tassel Poncho | Australia #1 Poncho Shop<\/title>\n<meta name=\"description\" content=\"Looking for a Fur-Collar Tassel Poncho ? You&#039;ve come to the right place \ud83d\ude04 We offers a wide selection of Fur-Collar Tassel Poncho, perfect for you.\" \/>\n<meta name=\"robots\" content=\"index, follow, max-snippet:-1, max-image-preview:large, max-video-preview:-1\" \/>\n<link rel=\"canonical\" href=\"https:\/\/ozponcho.com.au\/nb\/p\/poncho-med-frynser-i-vinterstrik\/\" \/>\n<meta property=\"og:locale\" content=\"nb_NO\" \/>\n<meta property=\"og:type\" content=\"article\" \/>\n<meta property=\"og:title\" content=\"Fur-Collar Tassel Poncho | Australia #1 Poncho Shop\" \/>\n<meta property=\"og:description\" content=\"Looking for a Fur-Collar Tassel Poncho ? You&#039;ve come to the right place \ud83d\ude04 We offers a wide selection of Fur-Collar Tassel Poncho, perfect for you.\" \/>\n<meta property=\"og:url\" content=\"https:\/\/ozponcho.com.au\/nb\/p\/poncho-med-frynser-i-vinterstrik\/\" \/>\n<meta property=\"og:site_name\" content=\"OZ Poncho\" \/>\n<meta property=\"article:modified_time\" content=\"2026-02-27T05:47:17+00:00\" \/>\n<meta property=\"og:image\" content=\"https:\/\/ozponcho.com.au\/wp-content\/uploads\/2023\/12\/O1CN01FICPSl1QYYE3A8B7m_2505411988-0-cib.jpg\" \/>\n\t<meta property=\"og:image:width\" content=\"800\" \/>\n\t<meta property=\"og:image:height\" content=\"800\" \/>\n\t<meta property=\"og:image:type\" content=\"image\/jpeg\" \/>\n<meta name=\"twitter:card\" content=\"summary_large_image\" \/>\n<meta name=\"twitter:label1\" content=\"Ansl. lesetid\" \/>\n\t<meta name=\"twitter:data1\" content=\"1 minutt\" \/>\n<script type=\"application\/ld+json\" class=\"yoast-schema-graph\">{\"@context\":\"https:\/\/schema.org\",\"@graph\":[{\"@type\":\"WebPage\",\"@id\":\"https:\/\/ozponcho.com.au\/p\/winter-knit-fringe-poncho\/\",\"url\":\"https:\/\/ozponcho.com.au\/p\/winter-knit-fringe-poncho\/\",\"name\":\"Fur-Collar Tassel Poncho | Australia #1 Poncho Shop\",\"isPartOf\":{\"@id\":\"https:\/\/ozponcho.com.au\/#website\"},\"primaryImageOfPage\":{\"@id\":\"https:\/\/ozponcho.com.au\/p\/winter-knit-fringe-poncho\/#primaryimage\"},\"image\":{\"@id\":\"https:\/\/ozponcho.com.au\/p\/winter-knit-fringe-poncho\/#primaryimage\"},\"thumbnailUrl\":\"https:\/\/ozponcho.com.au\/wp-content\/uploads\/2023\/12\/O1CN01FICPSl1QYYE3A8B7m_2505411988-0-cib.jpg\",\"datePublished\":\"2023-12-13T07:38:13+00:00\",\"dateModified\":\"2026-02-27T05:47:17+00:00\",\"description\":\"Looking for a Fur-Collar Tassel Poncho ? You've come to the right place \ud83d\ude04 We offers a wide selection of Fur-Collar Tassel Poncho, perfect for you.\",\"breadcrumb\":{\"@id\":\"https:\/\/ozponcho.com.au\/p\/winter-knit-fringe-poncho\/#breadcrumb\"},\"inLanguage\":\"nb-NO\",\"potentialAction\":[{\"@type\":\"ReadAction\",\"target\":[\"https:\/\/ozponcho.com.au\/p\/winter-knit-fringe-poncho\/\"]}]},{\"@type\":\"ImageObject\",\"inLanguage\":\"nb-NO\",\"@id\":\"https:\/\/ozponcho.com.au\/p\/winter-knit-fringe-poncho\/#primaryimage\",\"url\":\"https:\/\/ozponcho.com.au\/wp-content\/uploads\/2023\/12\/O1CN01FICPSl1QYYE3A8B7m_2505411988-0-cib.jpg\",\"contentUrl\":\"https:\/\/ozponcho.com.au\/wp-content\/uploads\/2023\/12\/O1CN01FICPSl1QYYE3A8B7m_2505411988-0-cib.jpg\",\"width\":800,\"height\":800,\"caption\":\"Fur-Collar Tassel Poncho\"},{\"@type\":\"BreadcrumbList\",\"@id\":\"https:\/\/ozponcho.com.au\/p\/winter-knit-fringe-poncho\/#breadcrumb\",\"itemListElement\":[{\"@type\":\"ListItem\",\"position\":1,\"name\":\"Home\",\"item\":\"https:\/\/ozponcho.com.au\/\"},{\"@type\":\"ListItem\",\"position\":2,\"name\":\"Shop\",\"item\":\"https:\/\/ozponcho.com.au\/shop\/\"},{\"@type\":\"ListItem\",\"position\":3,\"name\":\"Fur-Collar Tassel Poncho\"}]},{\"@type\":\"WebSite\",\"@id\":\"https:\/\/ozponcho.com.au\/#website\",\"url\":\"https:\/\/ozponcho.com.au\/\",\"name\":\"OZ Poncho\",\"description\":\"\",\"potentialAction\":[{\"@type\":\"SearchAction\",\"target\":{\"@type\":\"EntryPoint\",\"urlTemplate\":\"https:\/\/ozponcho.com.au\/?s={search_term_string}\"},\"query-input\":{\"@type\":\"PropertyValueSpecification\",\"valueRequired\":true,\"valueName\":\"search_term_string\"}}],\"inLanguage\":\"nb-NO\"}]}<\/script>\n<!-- \/ Yoast SEO plugin. -->","yoast_head_json":{"title":"Poncho med pelskrave og dusk | Australia #1 Poncho Shop","description":"Leter du etter en Fur-Collar Tassel Poncho? Du har kommet til rett sted \ud83d\ude04 Vi tilbyr et bredt utvalg av Fur-Collar Tassel Poncho, perfekt for deg.","robots":{"index":"index","follow":"follow","max-snippet":"max-snippet:-1","max-image-preview":"max-image-preview:large","max-video-preview":"max-video-preview:-1"},"canonical":"https:\/\/ozponcho.com.au\/nb\/p\/poncho-med-frynser-i-vinterstrik\/","og_locale":"nb_NO","og_type":"article","og_title":"Fur-Collar Tassel Poncho | Australia #1 Poncho Shop","og_description":"Looking for a Fur-Collar Tassel Poncho ? You've come to the right place \ud83d\ude04 We offers a wide selection of Fur-Collar Tassel Poncho, perfect for you.","og_url":"https:\/\/ozponcho.com.au\/nb\/p\/poncho-med-frynser-i-vinterstrik\/","og_site_name":"OZ Poncho","article_modified_time":"2026-02-27T05:47:17+00:00","og_image":[{"width":800,"height":800,"url":"https:\/\/ozponcho.com.au\/wp-content\/uploads\/2023\/12\/O1CN01FICPSl1QYYE3A8B7m_2505411988-0-cib.jpg","type":"image\/jpeg"}],"twitter_card":"summary_large_image","twitter_misc":{"Ansl. lesetid":"1 minutt"},"schema":{"@context":"https:\/\/schema.org","@graph":[{"@type":"WebPage","@id":"https:\/\/ozponcho.com.au\/p\/winter-knit-fringe-poncho\/","url":"https:\/\/ozponcho.com.au\/p\/winter-knit-fringe-poncho\/","name":"Poncho med pelskrave og dusk | Australia #1 Poncho Shop","isPartOf":{"@id":"https:\/\/ozponcho.com.au\/#website"},"primaryImageOfPage":{"@id":"https:\/\/ozponcho.com.au\/p\/winter-knit-fringe-poncho\/#primaryimage"},"image":{"@id":"https:\/\/ozponcho.com.au\/p\/winter-knit-fringe-poncho\/#primaryimage"},"thumbnailUrl":"https:\/\/ozponcho.com.au\/wp-content\/uploads\/2023\/12\/O1CN01FICPSl1QYYE3A8B7m_2505411988-0-cib.jpg","datePublished":"2023-12-13T07:38:13+00:00","dateModified":"2026-02-27T05:47:17+00:00","description":"Leter du etter en Fur-Collar Tassel Poncho? Du har kommet til rett sted \ud83d\ude04 Vi tilbyr et bredt utvalg av Fur-Collar Tassel Poncho, perfekt for deg.","breadcrumb":{"@id":"https:\/\/ozponcho.com.au\/p\/winter-knit-fringe-poncho\/#breadcrumb"},"inLanguage":"nb-NO","potentialAction":[{"@type":"ReadAction","target":["https:\/\/ozponcho.com.au\/p\/winter-knit-fringe-poncho\/"]}]},{"@type":"ImageObject","inLanguage":"nb-NO","@id":"https:\/\/ozponcho.com.au\/p\/winter-knit-fringe-poncho\/#primaryimage","url":"https:\/\/ozponcho.com.au\/wp-content\/uploads\/2023\/12\/O1CN01FICPSl1QYYE3A8B7m_2505411988-0-cib.jpg","contentUrl":"https:\/\/ozponcho.com.au\/wp-content\/uploads\/2023\/12\/O1CN01FICPSl1QYYE3A8B7m_2505411988-0-cib.jpg","width":800,"height":800,"caption":"Fur-Collar Tassel Poncho"},{"@type":"BreadcrumbList","@id":"https:\/\/ozponcho.com.au\/p\/winter-knit-fringe-poncho\/#breadcrumb","itemListElement":[{"@type":"ListItem","position":1,"name":"Home","item":"https:\/\/ozponcho.com.au\/"},{"@type":"ListItem","position":2,"name":"Shop","item":"https:\/\/ozponcho.com.au\/shop\/"},{"@type":"ListItem","position":3,"name":"Fur-Collar Tassel Poncho"}]},{"@type":"WebSite","@id":"https:\/\/ozponcho.com.au\/#website","url":"https:\/\/ozponcho.com.au\/","name":"OZ Poncho","description":"","potentialAction":[{"@type":"SearchAction","target":{"@type":"EntryPoint","urlTemplate":"https:\/\/ozponcho.com.au\/?s={search_term_string}"},"query-input":{"@type":"PropertyValueSpecification","valueRequired":true,"valueName":"search_term_string"}}],"inLanguage":"nb-NO"}]}},"_links":{"self":[{"href":"https:\/\/ozponcho.com.au\/nb\/wp-json\/wp\/v2\/product\/13105","targetHints":{"allow":["GET"]}}],"collection":[{"href":"https:\/\/ozponcho.com.au\/nb\/wp-json\/wp\/v2\/product"}],"about":[{"href":"https:\/\/ozponcho.com.au\/nb\/wp-json\/wp\/v2\/types\/product"}],"wp:featuredmedia":[{"embeddable":true,"href":"https:\/\/ozponcho.com.au\/nb\/wp-json\/wp\/v2\/media\/13063"}],"wp:attachment":[{"href":"https:\/\/ozponcho.com.au\/nb\/wp-json\/wp\/v2\/media?parent=13105"}],"wp:term":[{"taxonomy":"product_brand","embeddable":true,"href":"https:\/\/ozponcho.com.au\/nb\/wp-json\/wp\/v2\/product_brand?post=13105"},{"taxonomy":"product_cat","embeddable":true,"href":"https:\/\/ozponcho.com.au\/nb\/wp-json\/wp\/v2\/product_cat?post=13105"},{"taxonomy":"product_tag","embeddable":true,"href":"https:\/\/ozponcho.com.au\/nb\/wp-json\/wp\/v2\/product_tag?post=13105"}],"curies":[{"name":"wp","href":"https:\/\/api.w.org\/{rel}","templated":true}]}}