{"id":13086,"date":"2023-12-13T18:38:07","date_gmt":"2023-12-13T07:38:07","guid":{"rendered":"https:\/\/ozponcho.com.au\/p\/autumn-winter-aristolochia-ringens-knitted-cape-women-thickened-warm-shawl\/"},"modified":"2026-03-06T16:43:48","modified_gmt":"2026-03-06T05:43:48","slug":"chic-winter-cape-shawl","status":"publish","type":"product","link":"https:\/\/ozponcho.com.au\/nb\/p\/elegant-sjal-med-vinterkappe\/","title":{"rendered":"Elegant strikket poncho-sjal"},"content":{"rendered":"<p>Pakk deg inn i luksus med v\u00e5rt elegante, strikkede ponchosjal. Denne ponchoen er designet for raffinement og varme, og er perfekt for stilige kvinner som \u00f8nsker \u00e5 l\u00f8fte h\u00f8st- og vintergarderoben. Jerseystoffet med dyrem\u00f8nster gir en smakfull vri p\u00e5 klassiske strikkeplagg, mens det behagelige akrylmaterialet holder deg varm p\u00e5 kj\u00f8lige dager. Den l\u00f8se passformen og de lange dolmanermene gir b\u00e5de komfort og eleganse til ethvert antrekk. Den overd\u00e5dige gr\u00e5 og hvite designen, som kompletteres av en myk, hvit kant i fuskepels, gj\u00f8r den til et ekstra luksuri\u00f8st tilbeh\u00f8r for motebevisste personer.<\/p>\n<div>Stil: Elegant<\/div>\n<div>Passform: L\u00f8s<\/div>\n<div>Stoff: Jersey<\/div>\n<div>M\u00f8nster: Dyreprint<\/div>\n<div>Element: Ikke<\/div>\n<div>Lengde p\u00e5 toppen: Lang<\/div>\n<div>Type erme: Dolman-erme<\/div>\n<div>Ermelengde: Lang erme<\/div>\n<div>Type lukking: Andre<\/div>\n<div>Hovedkomposisjon: Akryl<\/div>\n<div>Sesong: H\u00f8st\/vinter<\/div>\n<p><img decoding=\"async\" src=\"https:\/\/ozponcho.com.au\/wp-content\/uploads\/2024\/03\/1143139741005250560.png\" \/><img decoding=\"async\" src=\"https:\/\/ozponcho.com.au\/wp-content\/uploads\/2024\/03\/O1CN01MJ8hsP1QYYFSgGhym_2505411988-0-cib.jpg\" \/><img decoding=\"async\" src=\"https:\/\/ozponcho.com.au\/wp-content\/uploads\/2024\/03\/O1CN012yMvT91QYYFMXQqDP_2505411988-0-cib.jpg\" \/><img decoding=\"async\" src=\"https:\/\/ozponcho.com.au\/wp-content\/uploads\/2024\/03\/O1CN01v2P9go1QYYFPCp1Sf_2505411988-0-cib.jpg\" \/><img decoding=\"async\" src=\"https:\/\/ozponcho.com.au\/wp-content\/uploads\/2024\/03\/O1CN01rIcl1O1QYYFNAGt5l_2505411988-0-cib.jpg\" \/><img decoding=\"async\" src=\"https:\/\/ozponcho.com.au\/wp-content\/uploads\/2024\/03\/O1CN01cS4OvG1QYYFQPX6Tz_2505411988-0-cib.jpg\" \/><img decoding=\"async\" src=\"https:\/\/ozponcho.com.au\/wp-content\/uploads\/2024\/03\/O1CN01RYPNj31QYYFQTPa7S_2505411988-0-cib.jpg\" \/><img decoding=\"async\" src=\"https:\/\/ozponcho.com.au\/wp-content\/uploads\/2024\/03\/O1CN01pZGlBt1QYYFSIE3O3_2505411988-0-cib.jpg\" \/><\/p>","protected":false},"excerpt":{"rendered":"<p>Wrap yourself in luxury with our Elegant Knitted Poncho Shawl. Designed for sophistication and warmth, this poncho is perfect for stylish women looking to elevate their autumn and winter wardrobe. The Jersey fabric with an animal print pattern offers a tasteful twist to classic knitwear, while the cozy acrylic material keeps you warm during chilly [&#8230;]","protected":false},"featured_media":13053,"template":"","meta":[],"product_brand":[],"product_cat":[219,229,218,225,15,228,210],"product_tag":[],"class_list":{"0":"post-13086","1":"product","2":"type-product","3":"status-publish","4":"has-post-thumbnail","6":"product_cat-black-poncho","7":"product_cat-blanket-poncho","8":"product_cat-fur-poncho","9":"product_cat-grey-poncho","10":"product_cat-main-category","11":"product_cat-poncho-sweater","12":"product_cat-poncho-women","14":"first","15":"instock","16":"shipping-taxable","17":"purchasable","18":"product-type-variable"},"yoast_head":"<!-- This site is optimized with the Yoast SEO plugin v25.9 - https:\/\/yoast.com\/wordpress\/plugins\/seo\/ -->\n<title>Elegant Knitted Poncho Shawl | Australia #1 Poncho Shop<\/title>\n<meta name=\"description\" content=\"Looking for a Elegant Knitted Poncho Shawl ? You&#039;ve come to the right place \ud83d\ude04 We offers a wide selection of Elegant Knitted Poncho Shawl, perfect for you.\" \/>\n<meta name=\"robots\" content=\"index, follow, max-snippet:-1, max-image-preview:large, max-video-preview:-1\" \/>\n<link rel=\"canonical\" href=\"https:\/\/ozponcho.com.au\/nb\/p\/elegant-sjal-med-vinterkappe\/\" \/>\n<meta property=\"og:locale\" content=\"nb_NO\" \/>\n<meta property=\"og:type\" content=\"article\" \/>\n<meta property=\"og:title\" content=\"Elegant Knitted Poncho Shawl | Australia #1 Poncho Shop\" \/>\n<meta property=\"og:description\" content=\"Looking for a Elegant Knitted Poncho Shawl ? You&#039;ve come to the right place \ud83d\ude04 We offers a wide selection of Elegant Knitted Poncho Shawl, perfect for you.\" \/>\n<meta property=\"og:url\" content=\"https:\/\/ozponcho.com.au\/nb\/p\/elegant-sjal-med-vinterkappe\/\" \/>\n<meta property=\"og:site_name\" content=\"OZ Poncho\" \/>\n<meta property=\"article:modified_time\" content=\"2026-03-06T05:43:48+00:00\" \/>\n<meta property=\"og:image\" content=\"https:\/\/ozponcho.com.au\/wp-content\/uploads\/2023\/12\/O1CN01yx7jlH1QYYFPC5RGL_2505411988-0-cib.jpg\" \/>\n\t<meta property=\"og:image:width\" content=\"800\" \/>\n\t<meta property=\"og:image:height\" content=\"800\" \/>\n\t<meta property=\"og:image:type\" content=\"image\/jpeg\" \/>\n<meta name=\"twitter:card\" content=\"summary_large_image\" \/>\n<meta name=\"twitter:label1\" content=\"Ansl. lesetid\" \/>\n\t<meta name=\"twitter:data1\" content=\"3 minutter\" \/>\n<script type=\"application\/ld+json\" class=\"yoast-schema-graph\">{\"@context\":\"https:\/\/schema.org\",\"@graph\":[{\"@type\":\"WebPage\",\"@id\":\"https:\/\/ozponcho.com.au\/p\/chic-winter-cape-shawl\/\",\"url\":\"https:\/\/ozponcho.com.au\/p\/chic-winter-cape-shawl\/\",\"name\":\"Elegant Knitted Poncho Shawl | Australia #1 Poncho Shop\",\"isPartOf\":{\"@id\":\"https:\/\/ozponcho.com.au\/#website\"},\"primaryImageOfPage\":{\"@id\":\"https:\/\/ozponcho.com.au\/p\/chic-winter-cape-shawl\/#primaryimage\"},\"image\":{\"@id\":\"https:\/\/ozponcho.com.au\/p\/chic-winter-cape-shawl\/#primaryimage\"},\"thumbnailUrl\":\"https:\/\/ozponcho.com.au\/wp-content\/uploads\/2023\/12\/O1CN01yx7jlH1QYYFPC5RGL_2505411988-0-cib.jpg\",\"datePublished\":\"2023-12-13T07:38:07+00:00\",\"dateModified\":\"2026-03-06T05:43:48+00:00\",\"description\":\"Looking for a Elegant Knitted Poncho Shawl ? You've come to the right place \ud83d\ude04 We offers a wide selection of Elegant Knitted Poncho Shawl, perfect for you.\",\"breadcrumb\":{\"@id\":\"https:\/\/ozponcho.com.au\/p\/chic-winter-cape-shawl\/#breadcrumb\"},\"inLanguage\":\"nb-NO\",\"potentialAction\":[{\"@type\":\"ReadAction\",\"target\":[\"https:\/\/ozponcho.com.au\/p\/chic-winter-cape-shawl\/\"]}]},{\"@type\":\"ImageObject\",\"inLanguage\":\"nb-NO\",\"@id\":\"https:\/\/ozponcho.com.au\/p\/chic-winter-cape-shawl\/#primaryimage\",\"url\":\"https:\/\/ozponcho.com.au\/wp-content\/uploads\/2023\/12\/O1CN01yx7jlH1QYYFPC5RGL_2505411988-0-cib.jpg\",\"contentUrl\":\"https:\/\/ozponcho.com.au\/wp-content\/uploads\/2023\/12\/O1CN01yx7jlH1QYYFPC5RGL_2505411988-0-cib.jpg\",\"width\":800,\"height\":800,\"caption\":\"Elegant Knitted Poncho Shawl\"},{\"@type\":\"BreadcrumbList\",\"@id\":\"https:\/\/ozponcho.com.au\/p\/chic-winter-cape-shawl\/#breadcrumb\",\"itemListElement\":[{\"@type\":\"ListItem\",\"position\":1,\"name\":\"Home\",\"item\":\"https:\/\/ozponcho.com.au\/\"},{\"@type\":\"ListItem\",\"position\":2,\"name\":\"Shop\",\"item\":\"https:\/\/ozponcho.com.au\/shop\/\"},{\"@type\":\"ListItem\",\"position\":3,\"name\":\"Elegant Knitted Poncho Shawl\"}]},{\"@type\":\"WebSite\",\"@id\":\"https:\/\/ozponcho.com.au\/#website\",\"url\":\"https:\/\/ozponcho.com.au\/\",\"name\":\"OZ Poncho\",\"description\":\"\",\"potentialAction\":[{\"@type\":\"SearchAction\",\"target\":{\"@type\":\"EntryPoint\",\"urlTemplate\":\"https:\/\/ozponcho.com.au\/?s={search_term_string}\"},\"query-input\":{\"@type\":\"PropertyValueSpecification\",\"valueRequired\":true,\"valueName\":\"search_term_string\"}}],\"inLanguage\":\"nb-NO\"}]}<\/script>\n<!-- \/ Yoast SEO plugin. -->","yoast_head_json":{"title":"Elegant Strikket Poncho Sjal | Australia #1 Poncho Shop","description":"Leter du etter et elegant strikket ponchosjal? Du har kommet til rett sted \ud83d\ude04 Vi tilbyr et bredt utvalg av Elegant Strikket Poncho Sjal, perfekt for deg.","robots":{"index":"index","follow":"follow","max-snippet":"max-snippet:-1","max-image-preview":"max-image-preview:large","max-video-preview":"max-video-preview:-1"},"canonical":"https:\/\/ozponcho.com.au\/nb\/p\/elegant-sjal-med-vinterkappe\/","og_locale":"nb_NO","og_type":"article","og_title":"Elegant Knitted Poncho Shawl | Australia #1 Poncho Shop","og_description":"Looking for a Elegant Knitted Poncho Shawl ? You've come to the right place \ud83d\ude04 We offers a wide selection of Elegant Knitted Poncho Shawl, perfect for you.","og_url":"https:\/\/ozponcho.com.au\/nb\/p\/elegant-sjal-med-vinterkappe\/","og_site_name":"OZ Poncho","article_modified_time":"2026-03-06T05:43:48+00:00","og_image":[{"width":800,"height":800,"url":"https:\/\/ozponcho.com.au\/wp-content\/uploads\/2023\/12\/O1CN01yx7jlH1QYYFPC5RGL_2505411988-0-cib.jpg","type":"image\/jpeg"}],"twitter_card":"summary_large_image","twitter_misc":{"Ansl. lesetid":"3 minutter"},"schema":{"@context":"https:\/\/schema.org","@graph":[{"@type":"WebPage","@id":"https:\/\/ozponcho.com.au\/p\/chic-winter-cape-shawl\/","url":"https:\/\/ozponcho.com.au\/p\/chic-winter-cape-shawl\/","name":"Elegant Strikket Poncho Sjal | Australia #1 Poncho Shop","isPartOf":{"@id":"https:\/\/ozponcho.com.au\/#website"},"primaryImageOfPage":{"@id":"https:\/\/ozponcho.com.au\/p\/chic-winter-cape-shawl\/#primaryimage"},"image":{"@id":"https:\/\/ozponcho.com.au\/p\/chic-winter-cape-shawl\/#primaryimage"},"thumbnailUrl":"https:\/\/ozponcho.com.au\/wp-content\/uploads\/2023\/12\/O1CN01yx7jlH1QYYFPC5RGL_2505411988-0-cib.jpg","datePublished":"2023-12-13T07:38:07+00:00","dateModified":"2026-03-06T05:43:48+00:00","description":"Leter du etter et elegant strikket ponchosjal? Du har kommet til rett sted \ud83d\ude04 Vi tilbyr et bredt utvalg av Elegant Strikket Poncho Sjal, perfekt for deg.","breadcrumb":{"@id":"https:\/\/ozponcho.com.au\/p\/chic-winter-cape-shawl\/#breadcrumb"},"inLanguage":"nb-NO","potentialAction":[{"@type":"ReadAction","target":["https:\/\/ozponcho.com.au\/p\/chic-winter-cape-shawl\/"]}]},{"@type":"ImageObject","inLanguage":"nb-NO","@id":"https:\/\/ozponcho.com.au\/p\/chic-winter-cape-shawl\/#primaryimage","url":"https:\/\/ozponcho.com.au\/wp-content\/uploads\/2023\/12\/O1CN01yx7jlH1QYYFPC5RGL_2505411988-0-cib.jpg","contentUrl":"https:\/\/ozponcho.com.au\/wp-content\/uploads\/2023\/12\/O1CN01yx7jlH1QYYFPC5RGL_2505411988-0-cib.jpg","width":800,"height":800,"caption":"Elegant Knitted Poncho Shawl"},{"@type":"BreadcrumbList","@id":"https:\/\/ozponcho.com.au\/p\/chic-winter-cape-shawl\/#breadcrumb","itemListElement":[{"@type":"ListItem","position":1,"name":"Home","item":"https:\/\/ozponcho.com.au\/"},{"@type":"ListItem","position":2,"name":"Shop","item":"https:\/\/ozponcho.com.au\/shop\/"},{"@type":"ListItem","position":3,"name":"Elegant Knitted Poncho Shawl"}]},{"@type":"WebSite","@id":"https:\/\/ozponcho.com.au\/#website","url":"https:\/\/ozponcho.com.au\/","name":"OZ Poncho","description":"","potentialAction":[{"@type":"SearchAction","target":{"@type":"EntryPoint","urlTemplate":"https:\/\/ozponcho.com.au\/?s={search_term_string}"},"query-input":{"@type":"PropertyValueSpecification","valueRequired":true,"valueName":"search_term_string"}}],"inLanguage":"nb-NO"}]}},"_links":{"self":[{"href":"https:\/\/ozponcho.com.au\/nb\/wp-json\/wp\/v2\/product\/13086","targetHints":{"allow":["GET"]}}],"collection":[{"href":"https:\/\/ozponcho.com.au\/nb\/wp-json\/wp\/v2\/product"}],"about":[{"href":"https:\/\/ozponcho.com.au\/nb\/wp-json\/wp\/v2\/types\/product"}],"wp:featuredmedia":[{"embeddable":true,"href":"https:\/\/ozponcho.com.au\/nb\/wp-json\/wp\/v2\/media\/13053"}],"wp:attachment":[{"href":"https:\/\/ozponcho.com.au\/nb\/wp-json\/wp\/v2\/media?parent=13086"}],"wp:term":[{"taxonomy":"product_brand","embeddable":true,"href":"https:\/\/ozponcho.com.au\/nb\/wp-json\/wp\/v2\/product_brand?post=13086"},{"taxonomy":"product_cat","embeddable":true,"href":"https:\/\/ozponcho.com.au\/nb\/wp-json\/wp\/v2\/product_cat?post=13086"},{"taxonomy":"product_tag","embeddable":true,"href":"https:\/\/ozponcho.com.au\/nb\/wp-json\/wp\/v2\/product_tag?post=13086"}],"curies":[{"name":"wp","href":"https:\/\/api.w.org\/{rel}","templated":true}]}}