{"id":13047,"date":"2023-12-13T18:37:54","date_gmt":"2023-12-13T07:37:54","guid":{"rendered":"https:\/\/ozponcho.com.au\/p\/contrast-color-plaid-ladies-tassel-cape-scarf-autumn-winter-knitted-shawl-for-women\/"},"modified":"2024-03-08T16:27:57","modified_gmt":"2024-03-08T05:27:57","slug":"tassel-cape-scarf-shawl","status":"publish","type":"product","link":"https:\/\/ozponcho.com.au\/nb\/p\/sjal-med-dusk-og-kappe\/","title":{"rendered":"Elegant strikket poncho med frynser"},"content":{"rendered":"<p>Gi h\u00f8st- og vintergarderoben et l\u00f8ft med denne stilrene ponchoen, perfekt for den moderne og elegante kvinnen. Den behagelige jerseystrikkingen er prydet med et i\u00f8ynefallende blokkm\u00f8nster i svart, hvitt og burgunder, noe som gir deg et i\u00f8ynefallende utseende samtidig som du holder deg varm. Detaljerte frynsekanter gir dette elegante kappeskjerfet et bohemsk preg og gj\u00f8r det til et allsidig tillegg til ethvert antrekk. Dra det over skuldrene for et stilig kveldsantrekk, eller sett det sammen med favorittjeansene dine for en sofistikert og avslappet stil. G\u00e5 de kj\u00f8ligere \u00e5rstidene i m\u00f8te med komfort og stil med dette uunnv\u00e6rlige tilbeh\u00f8ret.<\/p>\n<div>Stil: Elegant<\/div>\n<div>Passform: L\u00f8s<\/div>\n<div>Stoff: Jersey<\/div>\n<div>M\u00f8nster: Fargeblokk<\/div>\n<div>Element: Frynser<\/div>\n<div>Topp lengde: Vanlig<\/div>\n<div>Hylsetype: Andre<\/div>\n<div>Ermelengde: 3\/4 erme<\/div>\n<div>Type lukking: Andre<\/div>\n<div>Hovedkomposisjon: Polyester<\/div>\n<div>Sesong: H\u00f8st\/vinter<\/div>\n<p><img decoding=\"async\" src=\"https:\/\/ozponcho.com.au\/wp-content\/uploads\/2024\/03\/1015286619504115712.png\" \/><img decoding=\"async\" src=\"https:\/\/ozponcho.com.au\/wp-content\/uploads\/2024\/03\/O1CN015iIutx1QYY9jsN0Ps_2505411988-0-cib.jpg\" \/><img decoding=\"async\" src=\"https:\/\/ozponcho.com.au\/wp-content\/uploads\/2024\/03\/O1CN01t8XBHX1QYY9mjNTPW_2505411988-0-cib.jpg\" \/><img decoding=\"async\" src=\"https:\/\/ozponcho.com.au\/wp-content\/uploads\/2024\/03\/O1CN01s0pe341QYY9gKJwRt_2505411988-0-cib.jpg\" \/><img decoding=\"async\" src=\"https:\/\/ozponcho.com.au\/wp-content\/uploads\/2024\/03\/O1CN01ik9pZE1QYY9e3MaL2_2505411988-0-cib.jpg\" \/><img decoding=\"async\" src=\"https:\/\/ozponcho.com.au\/wp-content\/uploads\/2024\/03\/O1CN01fGSjdC1QYY9h6xpK2_2505411988-0-cib.jpg\" \/><\/p>","protected":false},"excerpt":{"rendered":"<p>Elevate your autumn and winter wardrobe with this effortlessly stylish poncho, perfect for the chic modern woman. The cozy jersey knit is adorned with a striking black, white, and burgundy color block pattern, giving you a standout look while keeping you warm. Detailed fringe edges add a bohemian touch to this elegant cape scarf, making [&#8230;]","protected":false},"featured_media":13026,"template":"","meta":[],"product_brand":[],"product_cat":[219,229,223,15,228,214,210,221],"product_tag":[],"class_list":{"0":"post-13047","1":"product","2":"type-product","3":"status-publish","4":"has-post-thumbnail","6":"product_cat-black-poncho","7":"product_cat-blanket-poncho","8":"product_cat-blue-poncho","9":"product_cat-main-category","10":"product_cat-poncho-sweater","11":"product_cat-knitted-crochet-poncho","12":"product_cat-poncho-women","13":"product_cat-red-poncho","15":"first","16":"outofstock","17":"shipping-taxable","18":"purchasable","19":"product-type-variable"},"yoast_head":"<!-- This site is optimized with the Yoast SEO plugin v25.9 - https:\/\/yoast.com\/wordpress\/plugins\/seo\/ -->\n<title>Elegant Fringe Knitted Poncho | Australia #1 Poncho Shop<\/title>\n<meta name=\"description\" content=\"Looking for a Elegant Fringe Knitted Poncho ? You&#039;ve come to the right place \ud83d\ude04 We offers a wide selection of Elegant Fringe Knitted Poncho, perfect for you.\" \/>\n<meta name=\"robots\" content=\"index, follow, max-snippet:-1, max-image-preview:large, max-video-preview:-1\" \/>\n<link rel=\"canonical\" href=\"https:\/\/ozponcho.com.au\/nb\/p\/sjal-med-dusk-og-kappe\/\" \/>\n<meta property=\"og:locale\" content=\"nb_NO\" \/>\n<meta property=\"og:type\" content=\"article\" \/>\n<meta property=\"og:title\" content=\"Elegant Fringe Knitted Poncho | Australia #1 Poncho Shop\" \/>\n<meta property=\"og:description\" content=\"Looking for a Elegant Fringe Knitted Poncho ? You&#039;ve come to the right place \ud83d\ude04 We offers a wide selection of Elegant Fringe Knitted Poncho, perfect for you.\" \/>\n<meta property=\"og:url\" content=\"https:\/\/ozponcho.com.au\/nb\/p\/sjal-med-dusk-og-kappe\/\" \/>\n<meta property=\"og:site_name\" content=\"OZ Poncho\" \/>\n<meta property=\"article:modified_time\" content=\"2024-03-08T05:27:57+00:00\" \/>\n<meta property=\"og:image\" content=\"https:\/\/ozponcho.com.au\/wp-content\/uploads\/2023\/12\/O1CN01OzK2Ey1QYY9kmxrER_2505411988-0-cib.jpg\" \/>\n\t<meta property=\"og:image:width\" content=\"800\" \/>\n\t<meta property=\"og:image:height\" content=\"800\" \/>\n\t<meta property=\"og:image:type\" content=\"image\/jpeg\" \/>\n<meta name=\"twitter:card\" content=\"summary_large_image\" \/>\n<meta name=\"twitter:label1\" content=\"Ansl. lesetid\" \/>\n\t<meta name=\"twitter:data1\" content=\"2 minutter\" \/>\n<script type=\"application\/ld+json\" class=\"yoast-schema-graph\">{\"@context\":\"https:\/\/schema.org\",\"@graph\":[{\"@type\":\"WebPage\",\"@id\":\"https:\/\/ozponcho.com.au\/p\/tassel-cape-scarf-shawl\/\",\"url\":\"https:\/\/ozponcho.com.au\/p\/tassel-cape-scarf-shawl\/\",\"name\":\"Elegant Fringe Knitted Poncho | Australia #1 Poncho Shop\",\"isPartOf\":{\"@id\":\"https:\/\/ozponcho.com.au\/#website\"},\"primaryImageOfPage\":{\"@id\":\"https:\/\/ozponcho.com.au\/p\/tassel-cape-scarf-shawl\/#primaryimage\"},\"image\":{\"@id\":\"https:\/\/ozponcho.com.au\/p\/tassel-cape-scarf-shawl\/#primaryimage\"},\"thumbnailUrl\":\"https:\/\/ozponcho.com.au\/wp-content\/uploads\/2023\/12\/O1CN01OzK2Ey1QYY9kmxrER_2505411988-0-cib.jpg\",\"datePublished\":\"2023-12-13T07:37:54+00:00\",\"dateModified\":\"2024-03-08T05:27:57+00:00\",\"description\":\"Looking for a Elegant Fringe Knitted Poncho ? You've come to the right place \ud83d\ude04 We offers a wide selection of Elegant Fringe Knitted Poncho, perfect for you.\",\"breadcrumb\":{\"@id\":\"https:\/\/ozponcho.com.au\/p\/tassel-cape-scarf-shawl\/#breadcrumb\"},\"inLanguage\":\"nb-NO\",\"potentialAction\":[{\"@type\":\"ReadAction\",\"target\":[\"https:\/\/ozponcho.com.au\/p\/tassel-cape-scarf-shawl\/\"]}]},{\"@type\":\"ImageObject\",\"inLanguage\":\"nb-NO\",\"@id\":\"https:\/\/ozponcho.com.au\/p\/tassel-cape-scarf-shawl\/#primaryimage\",\"url\":\"https:\/\/ozponcho.com.au\/wp-content\/uploads\/2023\/12\/O1CN01OzK2Ey1QYY9kmxrER_2505411988-0-cib.jpg\",\"contentUrl\":\"https:\/\/ozponcho.com.au\/wp-content\/uploads\/2023\/12\/O1CN01OzK2Ey1QYY9kmxrER_2505411988-0-cib.jpg\",\"width\":800,\"height\":800,\"caption\":\"Elegant Fringe Knitted Poncho\"},{\"@type\":\"BreadcrumbList\",\"@id\":\"https:\/\/ozponcho.com.au\/p\/tassel-cape-scarf-shawl\/#breadcrumb\",\"itemListElement\":[{\"@type\":\"ListItem\",\"position\":1,\"name\":\"Home\",\"item\":\"https:\/\/ozponcho.com.au\/\"},{\"@type\":\"ListItem\",\"position\":2,\"name\":\"Shop\",\"item\":\"https:\/\/ozponcho.com.au\/shop\/\"},{\"@type\":\"ListItem\",\"position\":3,\"name\":\"Elegant Fringe Knitted Poncho\"}]},{\"@type\":\"WebSite\",\"@id\":\"https:\/\/ozponcho.com.au\/#website\",\"url\":\"https:\/\/ozponcho.com.au\/\",\"name\":\"OZ Poncho\",\"description\":\"\",\"potentialAction\":[{\"@type\":\"SearchAction\",\"target\":{\"@type\":\"EntryPoint\",\"urlTemplate\":\"https:\/\/ozponcho.com.au\/?s={search_term_string}\"},\"query-input\":{\"@type\":\"PropertyValueSpecification\",\"valueRequired\":true,\"valueName\":\"search_term_string\"}}],\"inLanguage\":\"nb-NO\"}]}<\/script>\n<!-- \/ Yoast SEO plugin. -->","yoast_head_json":{"title":"Elegant Strikket Poncho med frynser | Australia #1 Poncho Shop","description":"Leter du etter en Elegant Fringe Knitted Poncho? Du har kommet til rett sted \ud83d\ude04 Vi tilbyr et bredt utvalg av Elegant Fringe Knitted Poncho, perfekt for deg.","robots":{"index":"index","follow":"follow","max-snippet":"max-snippet:-1","max-image-preview":"max-image-preview:large","max-video-preview":"max-video-preview:-1"},"canonical":"https:\/\/ozponcho.com.au\/nb\/p\/sjal-med-dusk-og-kappe\/","og_locale":"nb_NO","og_type":"article","og_title":"Elegant Fringe Knitted Poncho | Australia #1 Poncho Shop","og_description":"Looking for a Elegant Fringe Knitted Poncho ? You've come to the right place \ud83d\ude04 We offers a wide selection of Elegant Fringe Knitted Poncho, perfect for you.","og_url":"https:\/\/ozponcho.com.au\/nb\/p\/sjal-med-dusk-og-kappe\/","og_site_name":"OZ Poncho","article_modified_time":"2024-03-08T05:27:57+00:00","og_image":[{"width":800,"height":800,"url":"https:\/\/ozponcho.com.au\/wp-content\/uploads\/2023\/12\/O1CN01OzK2Ey1QYY9kmxrER_2505411988-0-cib.jpg","type":"image\/jpeg"}],"twitter_card":"summary_large_image","twitter_misc":{"Ansl. lesetid":"2 minutter"},"schema":{"@context":"https:\/\/schema.org","@graph":[{"@type":"WebPage","@id":"https:\/\/ozponcho.com.au\/p\/tassel-cape-scarf-shawl\/","url":"https:\/\/ozponcho.com.au\/p\/tassel-cape-scarf-shawl\/","name":"Elegant Strikket Poncho med frynser | Australia #1 Poncho Shop","isPartOf":{"@id":"https:\/\/ozponcho.com.au\/#website"},"primaryImageOfPage":{"@id":"https:\/\/ozponcho.com.au\/p\/tassel-cape-scarf-shawl\/#primaryimage"},"image":{"@id":"https:\/\/ozponcho.com.au\/p\/tassel-cape-scarf-shawl\/#primaryimage"},"thumbnailUrl":"https:\/\/ozponcho.com.au\/wp-content\/uploads\/2023\/12\/O1CN01OzK2Ey1QYY9kmxrER_2505411988-0-cib.jpg","datePublished":"2023-12-13T07:37:54+00:00","dateModified":"2024-03-08T05:27:57+00:00","description":"Leter du etter en Elegant Fringe Knitted Poncho? Du har kommet til rett sted \ud83d\ude04 Vi tilbyr et bredt utvalg av Elegant Fringe Knitted Poncho, perfekt for deg.","breadcrumb":{"@id":"https:\/\/ozponcho.com.au\/p\/tassel-cape-scarf-shawl\/#breadcrumb"},"inLanguage":"nb-NO","potentialAction":[{"@type":"ReadAction","target":["https:\/\/ozponcho.com.au\/p\/tassel-cape-scarf-shawl\/"]}]},{"@type":"ImageObject","inLanguage":"nb-NO","@id":"https:\/\/ozponcho.com.au\/p\/tassel-cape-scarf-shawl\/#primaryimage","url":"https:\/\/ozponcho.com.au\/wp-content\/uploads\/2023\/12\/O1CN01OzK2Ey1QYY9kmxrER_2505411988-0-cib.jpg","contentUrl":"https:\/\/ozponcho.com.au\/wp-content\/uploads\/2023\/12\/O1CN01OzK2Ey1QYY9kmxrER_2505411988-0-cib.jpg","width":800,"height":800,"caption":"Elegant Fringe Knitted Poncho"},{"@type":"BreadcrumbList","@id":"https:\/\/ozponcho.com.au\/p\/tassel-cape-scarf-shawl\/#breadcrumb","itemListElement":[{"@type":"ListItem","position":1,"name":"Home","item":"https:\/\/ozponcho.com.au\/"},{"@type":"ListItem","position":2,"name":"Shop","item":"https:\/\/ozponcho.com.au\/shop\/"},{"@type":"ListItem","position":3,"name":"Elegant Fringe Knitted Poncho"}]},{"@type":"WebSite","@id":"https:\/\/ozponcho.com.au\/#website","url":"https:\/\/ozponcho.com.au\/","name":"OZ Poncho","description":"","potentialAction":[{"@type":"SearchAction","target":{"@type":"EntryPoint","urlTemplate":"https:\/\/ozponcho.com.au\/?s={search_term_string}"},"query-input":{"@type":"PropertyValueSpecification","valueRequired":true,"valueName":"search_term_string"}}],"inLanguage":"nb-NO"}]}},"_links":{"self":[{"href":"https:\/\/ozponcho.com.au\/nb\/wp-json\/wp\/v2\/product\/13047","targetHints":{"allow":["GET"]}}],"collection":[{"href":"https:\/\/ozponcho.com.au\/nb\/wp-json\/wp\/v2\/product"}],"about":[{"href":"https:\/\/ozponcho.com.au\/nb\/wp-json\/wp\/v2\/types\/product"}],"wp:featuredmedia":[{"embeddable":true,"href":"https:\/\/ozponcho.com.au\/nb\/wp-json\/wp\/v2\/media\/13026"}],"wp:attachment":[{"href":"https:\/\/ozponcho.com.au\/nb\/wp-json\/wp\/v2\/media?parent=13047"}],"wp:term":[{"taxonomy":"product_brand","embeddable":true,"href":"https:\/\/ozponcho.com.au\/nb\/wp-json\/wp\/v2\/product_brand?post=13047"},{"taxonomy":"product_cat","embeddable":true,"href":"https:\/\/ozponcho.com.au\/nb\/wp-json\/wp\/v2\/product_cat?post=13047"},{"taxonomy":"product_tag","embeddable":true,"href":"https:\/\/ozponcho.com.au\/nb\/wp-json\/wp\/v2\/product_tag?post=13047"}],"curies":[{"name":"wp","href":"https:\/\/api.w.org\/{rel}","templated":true}]}}