{"id":13030,"date":"2023-12-13T18:37:46","date_gmt":"2023-12-13T07:37:46","guid":{"rendered":"https:\/\/ozponcho.com.au\/p\/autumn-winter-tassel-cape-shawl-sweater-women-fur-collar-cardigan-coat\/"},"modified":"2024-07-26T12:28:26","modified_gmt":"2024-07-26T01:28:26","slug":"elegant-tassel-trim-wrap","status":"publish","type":"product","link":"https:\/\/ozponcho.com.au\/nb\/p\/elegant-sjal-med-duskbesetning\/","title":{"rendered":"Elegant pelsponcho med frynser"},"content":{"rendered":"<p>Gi vintergarderoben din et l\u00f8ft med denne flotte ponchoen, en perfekt blanding av eleganse og varme. Den er laget av myke akrylfibre som gir en luksuri\u00f8s og myk f\u00f8lelse som en poncho i ull av h\u00f8y kvalitet. Jerseystoffet faller elegant og gir en vakker, l\u00f8s passform som flagrer n\u00e5r du beveger deg. Dusker og pyntegjenstander i fuskepels gir den et sofistikert preg, noe som gj\u00f8r den til det perfekte plagget for kj\u00f8lige h\u00f8stkvelder eller friske vinterdager. Allsidigheten gj\u00f8r at du enkelt kan g\u00e5 fra uformelle til mer formelle tilstelninger. Pakk deg inn i komfort og g\u00e5 ut med stil med v\u00e5r trendy poncho med frynser.<\/p>\n<div>Stil: Elegant<\/div>\n<div>Passform: L\u00f8s<\/div>\n<div>Stoff: Jersey<\/div>\n<div>M\u00f8nster: Stripe<\/div>\n<div>Element: Frynser<\/div>\n<div>Lengde p\u00e5 toppen: Lang<\/div>\n<div>Ermetype: Vanlig<\/div>\n<div>Ermelengde: Lang erme<\/div>\n<div>Type lukking: Andre<\/div>\n<div>Hovedkomposisjon: Akryl<\/div>\n<div>Sesong: H\u00f8st\/vinter<\/div>\n<p><img decoding=\"async\" src=\"https:\/\/ozponcho.com.au\/wp-content\/uploads\/2024\/03\/1161293646503346176.png\" \/><img decoding=\"async\" src=\"https:\/\/ozponcho.com.au\/wp-content\/uploads\/2024\/03\/O1CN01Ne086s1QYY4m2Geee_2505411988-0-cib.jpg\" \/><img decoding=\"async\" src=\"https:\/\/ozponcho.com.au\/wp-content\/uploads\/2024\/03\/O1CN01AyB5np1QYY4mbrldt_2505411988-0-cib.jpg\" \/><img decoding=\"async\" src=\"https:\/\/ozponcho.com.au\/wp-content\/uploads\/2024\/03\/O1CN01zdYgl91QYY4m2IOpY_2505411988-0-cib.jpg\" \/><img decoding=\"async\" src=\"https:\/\/ozponcho.com.au\/wp-content\/uploads\/2024\/03\/O1CN01mv4o4n1QYY4mbqh7V_2505411988-0-cib.jpg\" \/><img decoding=\"async\" src=\"https:\/\/ozponcho.com.au\/wp-content\/uploads\/2024\/03\/O1CN015EU05h1QYY4vfq0wD_2505411988-0-cib.jpg\" \/><img decoding=\"async\" src=\"https:\/\/ozponcho.com.au\/wp-content\/uploads\/2024\/03\/O1CN018nyL2M1QYY4m2JChV_2505411988-0-cib.jpg\" \/><img decoding=\"async\" src=\"https:\/\/ozponcho.com.au\/wp-content\/uploads\/2024\/03\/O1CN01K4D4jQ1QYY4okIRfc_2505411988-0-cib.jpg\" \/><\/p>","protected":false},"excerpt":{"rendered":"<p>Elevate your winter wardrobe with this stunning poncho, a perfect blend of elegance and warmth. Crafted with soft acrylic fibers, it provides a luxuriously soft touch akin to a high-quality wool poncho. The jersey fabric drapes gracefully, offering a gorgeous, loose fit that flutters with movement. Tassels and faux fur embellishments add a touch of [&#8230;]","protected":false},"featured_media":12994,"template":"","meta":[],"product_brand":[],"product_cat":[218,225,15,228,214,210,215],"product_tag":[],"class_list":{"0":"post-13030","1":"product","2":"type-product","3":"status-publish","4":"has-post-thumbnail","6":"product_cat-fur-poncho","7":"product_cat-grey-poncho","8":"product_cat-main-category","9":"product_cat-poncho-sweater","10":"product_cat-knitted-crochet-poncho","11":"product_cat-poncho-women","12":"product_cat-wool-poncho","14":"first","15":"outofstock","16":"shipping-taxable","17":"purchasable","18":"product-type-variable"},"yoast_head":"<!-- This site is optimized with the Yoast SEO plugin v25.9 - https:\/\/yoast.com\/wordpress\/plugins\/seo\/ -->\n<title>Chic Fringe Fur Poncho | Australia #1 Poncho Shop<\/title>\n<meta name=\"description\" content=\"Looking for a Chic Fringe Fur Poncho ? You&#039;ve come to the right place \ud83d\ude04 We offers a wide selection of Chic Fringe Fur Poncho, perfect for you.\" \/>\n<meta name=\"robots\" content=\"index, follow, max-snippet:-1, max-image-preview:large, max-video-preview:-1\" \/>\n<link rel=\"canonical\" href=\"https:\/\/ozponcho.com.au\/nb\/p\/elegant-sjal-med-duskbesetning\/\" \/>\n<meta property=\"og:locale\" content=\"nb_NO\" \/>\n<meta property=\"og:type\" content=\"article\" \/>\n<meta property=\"og:title\" content=\"Chic Fringe Fur Poncho | Australia #1 Poncho Shop\" \/>\n<meta property=\"og:description\" content=\"Looking for a Chic Fringe Fur Poncho ? You&#039;ve come to the right place \ud83d\ude04 We offers a wide selection of Chic Fringe Fur Poncho, perfect for you.\" \/>\n<meta property=\"og:url\" content=\"https:\/\/ozponcho.com.au\/nb\/p\/elegant-sjal-med-duskbesetning\/\" \/>\n<meta property=\"og:site_name\" content=\"OZ Poncho\" \/>\n<meta property=\"article:modified_time\" content=\"2024-07-26T01:28:26+00:00\" \/>\n<meta property=\"og:image\" content=\"https:\/\/ozponcho.com.au\/wp-content\/uploads\/2023\/12\/O1CN01bNlLkp1QYY4iOyPDy_2505411988-0-cib.jpg\" \/>\n\t<meta property=\"og:image:width\" content=\"800\" \/>\n\t<meta property=\"og:image:height\" content=\"800\" \/>\n\t<meta property=\"og:image:type\" content=\"image\/jpeg\" \/>\n<meta name=\"twitter:card\" content=\"summary_large_image\" \/>\n<meta name=\"twitter:label1\" content=\"Ansl. lesetid\" \/>\n\t<meta name=\"twitter:data1\" content=\"1 minutt\" \/>\n<script type=\"application\/ld+json\" class=\"yoast-schema-graph\">{\"@context\":\"https:\/\/schema.org\",\"@graph\":[{\"@type\":\"WebPage\",\"@id\":\"https:\/\/ozponcho.com.au\/p\/elegant-tassel-trim-wrap\/\",\"url\":\"https:\/\/ozponcho.com.au\/p\/elegant-tassel-trim-wrap\/\",\"name\":\"Chic Fringe Fur Poncho | Australia #1 Poncho Shop\",\"isPartOf\":{\"@id\":\"https:\/\/ozponcho.com.au\/#website\"},\"primaryImageOfPage\":{\"@id\":\"https:\/\/ozponcho.com.au\/p\/elegant-tassel-trim-wrap\/#primaryimage\"},\"image\":{\"@id\":\"https:\/\/ozponcho.com.au\/p\/elegant-tassel-trim-wrap\/#primaryimage\"},\"thumbnailUrl\":\"https:\/\/ozponcho.com.au\/wp-content\/uploads\/2023\/12\/O1CN01bNlLkp1QYY4iOyPDy_2505411988-0-cib.jpg\",\"datePublished\":\"2023-12-13T07:37:46+00:00\",\"dateModified\":\"2024-07-26T01:28:26+00:00\",\"description\":\"Looking for a Chic Fringe Fur Poncho ? You've come to the right place \ud83d\ude04 We offers a wide selection of Chic Fringe Fur Poncho, perfect for you.\",\"breadcrumb\":{\"@id\":\"https:\/\/ozponcho.com.au\/p\/elegant-tassel-trim-wrap\/#breadcrumb\"},\"inLanguage\":\"nb-NO\",\"potentialAction\":[{\"@type\":\"ReadAction\",\"target\":[\"https:\/\/ozponcho.com.au\/p\/elegant-tassel-trim-wrap\/\"]}]},{\"@type\":\"ImageObject\",\"inLanguage\":\"nb-NO\",\"@id\":\"https:\/\/ozponcho.com.au\/p\/elegant-tassel-trim-wrap\/#primaryimage\",\"url\":\"https:\/\/ozponcho.com.au\/wp-content\/uploads\/2023\/12\/O1CN01bNlLkp1QYY4iOyPDy_2505411988-0-cib.jpg\",\"contentUrl\":\"https:\/\/ozponcho.com.au\/wp-content\/uploads\/2023\/12\/O1CN01bNlLkp1QYY4iOyPDy_2505411988-0-cib.jpg\",\"width\":800,\"height\":800,\"caption\":\"Chic Fringe Fur Poncho\"},{\"@type\":\"BreadcrumbList\",\"@id\":\"https:\/\/ozponcho.com.au\/p\/elegant-tassel-trim-wrap\/#breadcrumb\",\"itemListElement\":[{\"@type\":\"ListItem\",\"position\":1,\"name\":\"Home\",\"item\":\"https:\/\/ozponcho.com.au\/\"},{\"@type\":\"ListItem\",\"position\":2,\"name\":\"Shop\",\"item\":\"https:\/\/ozponcho.com.au\/shop\/\"},{\"@type\":\"ListItem\",\"position\":3,\"name\":\"Chic Fringe Fur Poncho\"}]},{\"@type\":\"WebSite\",\"@id\":\"https:\/\/ozponcho.com.au\/#website\",\"url\":\"https:\/\/ozponcho.com.au\/\",\"name\":\"OZ Poncho\",\"description\":\"\",\"potentialAction\":[{\"@type\":\"SearchAction\",\"target\":{\"@type\":\"EntryPoint\",\"urlTemplate\":\"https:\/\/ozponcho.com.au\/?s={search_term_string}\"},\"query-input\":{\"@type\":\"PropertyValueSpecification\",\"valueRequired\":true,\"valueName\":\"search_term_string\"}}],\"inLanguage\":\"nb-NO\"}]}<\/script>\n<!-- \/ Yoast SEO plugin. -->","yoast_head_json":{"title":"Elegant frynsepels-poncho | Australia #1 Poncho Shop","description":"Leter du etter en Chic Fringe Fur Poncho? Du har kommet til rett sted \ud83d\ude04 Vi tilbyr et bredt utvalg av Chic Fringe Fur Poncho, perfekt for deg.","robots":{"index":"index","follow":"follow","max-snippet":"max-snippet:-1","max-image-preview":"max-image-preview:large","max-video-preview":"max-video-preview:-1"},"canonical":"https:\/\/ozponcho.com.au\/nb\/p\/elegant-sjal-med-duskbesetning\/","og_locale":"nb_NO","og_type":"article","og_title":"Chic Fringe Fur Poncho | Australia #1 Poncho Shop","og_description":"Looking for a Chic Fringe Fur Poncho ? You've come to the right place \ud83d\ude04 We offers a wide selection of Chic Fringe Fur Poncho, perfect for you.","og_url":"https:\/\/ozponcho.com.au\/nb\/p\/elegant-sjal-med-duskbesetning\/","og_site_name":"OZ Poncho","article_modified_time":"2024-07-26T01:28:26+00:00","og_image":[{"width":800,"height":800,"url":"https:\/\/ozponcho.com.au\/wp-content\/uploads\/2023\/12\/O1CN01bNlLkp1QYY4iOyPDy_2505411988-0-cib.jpg","type":"image\/jpeg"}],"twitter_card":"summary_large_image","twitter_misc":{"Ansl. lesetid":"1 minutt"},"schema":{"@context":"https:\/\/schema.org","@graph":[{"@type":"WebPage","@id":"https:\/\/ozponcho.com.au\/p\/elegant-tassel-trim-wrap\/","url":"https:\/\/ozponcho.com.au\/p\/elegant-tassel-trim-wrap\/","name":"Elegant frynsepels-poncho | Australia #1 Poncho Shop","isPartOf":{"@id":"https:\/\/ozponcho.com.au\/#website"},"primaryImageOfPage":{"@id":"https:\/\/ozponcho.com.au\/p\/elegant-tassel-trim-wrap\/#primaryimage"},"image":{"@id":"https:\/\/ozponcho.com.au\/p\/elegant-tassel-trim-wrap\/#primaryimage"},"thumbnailUrl":"https:\/\/ozponcho.com.au\/wp-content\/uploads\/2023\/12\/O1CN01bNlLkp1QYY4iOyPDy_2505411988-0-cib.jpg","datePublished":"2023-12-13T07:37:46+00:00","dateModified":"2024-07-26T01:28:26+00:00","description":"Leter du etter en Chic Fringe Fur Poncho? Du har kommet til rett sted \ud83d\ude04 Vi tilbyr et bredt utvalg av Chic Fringe Fur Poncho, perfekt for deg.","breadcrumb":{"@id":"https:\/\/ozponcho.com.au\/p\/elegant-tassel-trim-wrap\/#breadcrumb"},"inLanguage":"nb-NO","potentialAction":[{"@type":"ReadAction","target":["https:\/\/ozponcho.com.au\/p\/elegant-tassel-trim-wrap\/"]}]},{"@type":"ImageObject","inLanguage":"nb-NO","@id":"https:\/\/ozponcho.com.au\/p\/elegant-tassel-trim-wrap\/#primaryimage","url":"https:\/\/ozponcho.com.au\/wp-content\/uploads\/2023\/12\/O1CN01bNlLkp1QYY4iOyPDy_2505411988-0-cib.jpg","contentUrl":"https:\/\/ozponcho.com.au\/wp-content\/uploads\/2023\/12\/O1CN01bNlLkp1QYY4iOyPDy_2505411988-0-cib.jpg","width":800,"height":800,"caption":"Chic Fringe Fur Poncho"},{"@type":"BreadcrumbList","@id":"https:\/\/ozponcho.com.au\/p\/elegant-tassel-trim-wrap\/#breadcrumb","itemListElement":[{"@type":"ListItem","position":1,"name":"Home","item":"https:\/\/ozponcho.com.au\/"},{"@type":"ListItem","position":2,"name":"Shop","item":"https:\/\/ozponcho.com.au\/shop\/"},{"@type":"ListItem","position":3,"name":"Chic Fringe Fur Poncho"}]},{"@type":"WebSite","@id":"https:\/\/ozponcho.com.au\/#website","url":"https:\/\/ozponcho.com.au\/","name":"OZ Poncho","description":"","potentialAction":[{"@type":"SearchAction","target":{"@type":"EntryPoint","urlTemplate":"https:\/\/ozponcho.com.au\/?s={search_term_string}"},"query-input":{"@type":"PropertyValueSpecification","valueRequired":true,"valueName":"search_term_string"}}],"inLanguage":"nb-NO"}]}},"_links":{"self":[{"href":"https:\/\/ozponcho.com.au\/nb\/wp-json\/wp\/v2\/product\/13030","targetHints":{"allow":["GET"]}}],"collection":[{"href":"https:\/\/ozponcho.com.au\/nb\/wp-json\/wp\/v2\/product"}],"about":[{"href":"https:\/\/ozponcho.com.au\/nb\/wp-json\/wp\/v2\/types\/product"}],"wp:featuredmedia":[{"embeddable":true,"href":"https:\/\/ozponcho.com.au\/nb\/wp-json\/wp\/v2\/media\/12994"}],"wp:attachment":[{"href":"https:\/\/ozponcho.com.au\/nb\/wp-json\/wp\/v2\/media?parent=13030"}],"wp:term":[{"taxonomy":"product_brand","embeddable":true,"href":"https:\/\/ozponcho.com.au\/nb\/wp-json\/wp\/v2\/product_brand?post=13030"},{"taxonomy":"product_cat","embeddable":true,"href":"https:\/\/ozponcho.com.au\/nb\/wp-json\/wp\/v2\/product_cat?post=13030"},{"taxonomy":"product_tag","embeddable":true,"href":"https:\/\/ozponcho.com.au\/nb\/wp-json\/wp\/v2\/product_tag?post=13030"}],"curies":[{"name":"wp","href":"https:\/\/api.w.org\/{rel}","templated":true}]}}