{"id":12680,"date":"2023-12-13T18:36:16","date_gmt":"2023-12-13T07:36:16","guid":{"rendered":"https:\/\/ozponcho.com.au\/p\/autumn-winter-v-neck-advanced-color-matching-contrast-color-tassel-cape-shawl-cardigan\/"},"modified":"2024-04-19T19:21:32","modified_gmt":"2024-04-19T08:21:32","slug":"vibrant-zigzag-cape-shawl","status":"publish","type":"product","link":"https:\/\/ozponcho.com.au\/nb\/p\/pulserende-sikksakk-kappesjal-i-sicksakk\/","title":{"rendered":"Bohemisk poncho-cardigan med dusk og dusker"},"content":{"rendered":"<p>Pakk deg inn i stil og komfort med v\u00e5r Bohemian Tassel Poncho Cardigan. Dette i\u00f8ynefallende h\u00f8st-\/vinterplagget er perfekt for deg som liker \u00e5 skille deg ut - med et fascinerende sikksakkm\u00f8nster i en blanding av r\u00f8dt, bl\u00e5tt, lilla og beige. Den l\u00f8se passformen og dolmanermene gir en avslappet, men elegant silhuett som passer perfekt til jeans eller leggings. Denne ponchoen er laget av myk, varm akryl med lekne dusker, og er et uunnv\u00e6rlig tillegg i garderoben for \u00e5 holde deg varm og moteriktig i de kj\u00f8ligere m\u00e5nedene. L\u00f8ft ensemblet ditt med denne uunnv\u00e6rlige sjal-cardiganen med kappe.<\/p>\n<div>Stil: Avslappet<\/div>\n<div>Passform: L\u00f8s<\/div>\n<div>Stoff: Jersey<\/div>\n<div>M\u00f8nster: Fargeblokk<\/div>","protected":false},"excerpt":{"rendered":"<p>Wrap yourself in style and comfort with our Bohemian Tassel Poncho Cardigan. This eye-catching autumn\/winter accessory is perfect for those who love to stand out \u00e2\u20ac\u201d featuring a mesmerizing zigzag pattern in a blend of red, blue, purple, and beige hues. Perfectly paired with jeans or leggings, its loose fit and dolman sleeves provide a [&#8230;]","protected":false},"featured_media":12645,"template":"","meta":[],"product_brand":[],"product_cat":[229,223,15,209,228,214,210,221],"product_tag":[],"class_list":{"0":"post-12680","1":"product","2":"type-product","3":"status-publish","4":"has-post-thumbnail","6":"product_cat-blanket-poncho","7":"product_cat-blue-poncho","8":"product_cat-main-category","9":"product_cat-mexican-poncho","10":"product_cat-poncho-sweater","11":"product_cat-knitted-crochet-poncho","12":"product_cat-poncho-women","13":"product_cat-red-poncho","15":"first","16":"outofstock","17":"shipping-taxable","18":"purchasable","19":"product-type-variable"},"yoast_head":"<!-- This site is optimized with the Yoast SEO plugin v25.9 - https:\/\/yoast.com\/wordpress\/plugins\/seo\/ -->\n<title>Bohemian Tassel Poncho Cardigan | Australia #1 Poncho Shop<\/title>\n<meta name=\"description\" content=\"Looking for a Bohemian Tassel Poncho Cardigan ? You&#039;ve come to the right place \ud83d\ude04 We offers a wide selection of Bohemian Tassel Poncho Cardigan, perfect for you.\" \/>\n<meta name=\"robots\" content=\"index, follow, max-snippet:-1, max-image-preview:large, max-video-preview:-1\" \/>\n<link rel=\"canonical\" href=\"https:\/\/ozponcho.com.au\/nb\/p\/pulserende-sikksakk-kappesjal-i-sicksakk\/\" \/>\n<meta property=\"og:locale\" content=\"nb_NO\" \/>\n<meta property=\"og:type\" content=\"article\" \/>\n<meta property=\"og:title\" content=\"Bohemian Tassel Poncho Cardigan | Australia #1 Poncho Shop\" \/>\n<meta property=\"og:description\" content=\"Looking for a Bohemian Tassel Poncho Cardigan ? You&#039;ve come to the right place \ud83d\ude04 We offers a wide selection of Bohemian Tassel Poncho Cardigan, perfect for you.\" \/>\n<meta property=\"og:url\" content=\"https:\/\/ozponcho.com.au\/nb\/p\/pulserende-sikksakk-kappesjal-i-sicksakk\/\" \/>\n<meta property=\"og:site_name\" content=\"OZ Poncho\" \/>\n<meta property=\"article:modified_time\" content=\"2024-04-19T08:21:32+00:00\" \/>\n<meta property=\"og:image\" content=\"https:\/\/ozponcho.com.au\/wp-content\/uploads\/2023\/12\/O1CN01ktUl181HIfyDoW086_2331630735-0-cib.jpg\" \/>\n\t<meta property=\"og:image:width\" content=\"1340\" \/>\n\t<meta property=\"og:image:height\" content=\"1785\" \/>\n\t<meta property=\"og:image:type\" content=\"image\/jpeg\" \/>\n<meta name=\"twitter:card\" content=\"summary_large_image\" \/>\n<meta name=\"twitter:label1\" content=\"Ansl. lesetid\" \/>\n\t<meta name=\"twitter:data1\" content=\"1 minutt\" \/>\n<script type=\"application\/ld+json\" class=\"yoast-schema-graph\">{\"@context\":\"https:\/\/schema.org\",\"@graph\":[{\"@type\":\"WebPage\",\"@id\":\"https:\/\/ozponcho.com.au\/p\/vibrant-zigzag-cape-shawl\/\",\"url\":\"https:\/\/ozponcho.com.au\/p\/vibrant-zigzag-cape-shawl\/\",\"name\":\"Bohemian Tassel Poncho Cardigan | Australia #1 Poncho Shop\",\"isPartOf\":{\"@id\":\"https:\/\/ozponcho.com.au\/#website\"},\"primaryImageOfPage\":{\"@id\":\"https:\/\/ozponcho.com.au\/p\/vibrant-zigzag-cape-shawl\/#primaryimage\"},\"image\":{\"@id\":\"https:\/\/ozponcho.com.au\/p\/vibrant-zigzag-cape-shawl\/#primaryimage\"},\"thumbnailUrl\":\"https:\/\/ozponcho.com.au\/wp-content\/uploads\/2023\/12\/O1CN01ktUl181HIfyDoW086_2331630735-0-cib.jpg\",\"datePublished\":\"2023-12-13T07:36:16+00:00\",\"dateModified\":\"2024-04-19T08:21:32+00:00\",\"description\":\"Looking for a Bohemian Tassel Poncho Cardigan ? You've come to the right place \ud83d\ude04 We offers a wide selection of Bohemian Tassel Poncho Cardigan, perfect for you.\",\"breadcrumb\":{\"@id\":\"https:\/\/ozponcho.com.au\/p\/vibrant-zigzag-cape-shawl\/#breadcrumb\"},\"inLanguage\":\"nb-NO\",\"potentialAction\":[{\"@type\":\"ReadAction\",\"target\":[\"https:\/\/ozponcho.com.au\/p\/vibrant-zigzag-cape-shawl\/\"]}]},{\"@type\":\"ImageObject\",\"inLanguage\":\"nb-NO\",\"@id\":\"https:\/\/ozponcho.com.au\/p\/vibrant-zigzag-cape-shawl\/#primaryimage\",\"url\":\"https:\/\/ozponcho.com.au\/wp-content\/uploads\/2023\/12\/O1CN01ktUl181HIfyDoW086_2331630735-0-cib.jpg\",\"contentUrl\":\"https:\/\/ozponcho.com.au\/wp-content\/uploads\/2023\/12\/O1CN01ktUl181HIfyDoW086_2331630735-0-cib.jpg\",\"width\":1340,\"height\":1785,\"caption\":\"Bohemian Tassel Poncho Cardigan\"},{\"@type\":\"BreadcrumbList\",\"@id\":\"https:\/\/ozponcho.com.au\/p\/vibrant-zigzag-cape-shawl\/#breadcrumb\",\"itemListElement\":[{\"@type\":\"ListItem\",\"position\":1,\"name\":\"Home\",\"item\":\"https:\/\/ozponcho.com.au\/\"},{\"@type\":\"ListItem\",\"position\":2,\"name\":\"Shop\",\"item\":\"https:\/\/ozponcho.com.au\/shop\/\"},{\"@type\":\"ListItem\",\"position\":3,\"name\":\"Bohemian Tassel Poncho Cardigan\"}]},{\"@type\":\"WebSite\",\"@id\":\"https:\/\/ozponcho.com.au\/#website\",\"url\":\"https:\/\/ozponcho.com.au\/\",\"name\":\"OZ Poncho\",\"description\":\"\",\"potentialAction\":[{\"@type\":\"SearchAction\",\"target\":{\"@type\":\"EntryPoint\",\"urlTemplate\":\"https:\/\/ozponcho.com.au\/?s={search_term_string}\"},\"query-input\":{\"@type\":\"PropertyValueSpecification\",\"valueRequired\":true,\"valueName\":\"search_term_string\"}}],\"inLanguage\":\"nb-NO\"}]}<\/script>\n<!-- \/ Yoast SEO plugin. -->","yoast_head_json":{"title":"Bohemian Tassel Poncho Cardigan | Australia #1 Poncho Shop","description":"Leter du etter en Bohemian Tassel Poncho Cardigan? Du har kommet til rett sted \ud83d\ude04 Vi tilbyr et bredt utvalg av Bohemian Tassel Poncho Cardigan, perfekt for deg.","robots":{"index":"index","follow":"follow","max-snippet":"max-snippet:-1","max-image-preview":"max-image-preview:large","max-video-preview":"max-video-preview:-1"},"canonical":"https:\/\/ozponcho.com.au\/nb\/p\/pulserende-sikksakk-kappesjal-i-sicksakk\/","og_locale":"nb_NO","og_type":"article","og_title":"Bohemian Tassel Poncho Cardigan | Australia #1 Poncho Shop","og_description":"Looking for a Bohemian Tassel Poncho Cardigan ? You've come to the right place \ud83d\ude04 We offers a wide selection of Bohemian Tassel Poncho Cardigan, perfect for you.","og_url":"https:\/\/ozponcho.com.au\/nb\/p\/pulserende-sikksakk-kappesjal-i-sicksakk\/","og_site_name":"OZ Poncho","article_modified_time":"2024-04-19T08:21:32+00:00","og_image":[{"width":1340,"height":1785,"url":"https:\/\/ozponcho.com.au\/wp-content\/uploads\/2023\/12\/O1CN01ktUl181HIfyDoW086_2331630735-0-cib.jpg","type":"image\/jpeg"}],"twitter_card":"summary_large_image","twitter_misc":{"Ansl. lesetid":"1 minutt"},"schema":{"@context":"https:\/\/schema.org","@graph":[{"@type":"WebPage","@id":"https:\/\/ozponcho.com.au\/p\/vibrant-zigzag-cape-shawl\/","url":"https:\/\/ozponcho.com.au\/p\/vibrant-zigzag-cape-shawl\/","name":"Bohemian Tassel Poncho Cardigan | Australia #1 Poncho Shop","isPartOf":{"@id":"https:\/\/ozponcho.com.au\/#website"},"primaryImageOfPage":{"@id":"https:\/\/ozponcho.com.au\/p\/vibrant-zigzag-cape-shawl\/#primaryimage"},"image":{"@id":"https:\/\/ozponcho.com.au\/p\/vibrant-zigzag-cape-shawl\/#primaryimage"},"thumbnailUrl":"https:\/\/ozponcho.com.au\/wp-content\/uploads\/2023\/12\/O1CN01ktUl181HIfyDoW086_2331630735-0-cib.jpg","datePublished":"2023-12-13T07:36:16+00:00","dateModified":"2024-04-19T08:21:32+00:00","description":"Leter du etter en Bohemian Tassel Poncho Cardigan? Du har kommet til rett sted \ud83d\ude04 Vi tilbyr et bredt utvalg av Bohemian Tassel Poncho Cardigan, perfekt for deg.","breadcrumb":{"@id":"https:\/\/ozponcho.com.au\/p\/vibrant-zigzag-cape-shawl\/#breadcrumb"},"inLanguage":"nb-NO","potentialAction":[{"@type":"ReadAction","target":["https:\/\/ozponcho.com.au\/p\/vibrant-zigzag-cape-shawl\/"]}]},{"@type":"ImageObject","inLanguage":"nb-NO","@id":"https:\/\/ozponcho.com.au\/p\/vibrant-zigzag-cape-shawl\/#primaryimage","url":"https:\/\/ozponcho.com.au\/wp-content\/uploads\/2023\/12\/O1CN01ktUl181HIfyDoW086_2331630735-0-cib.jpg","contentUrl":"https:\/\/ozponcho.com.au\/wp-content\/uploads\/2023\/12\/O1CN01ktUl181HIfyDoW086_2331630735-0-cib.jpg","width":1340,"height":1785,"caption":"Bohemian Tassel Poncho Cardigan"},{"@type":"BreadcrumbList","@id":"https:\/\/ozponcho.com.au\/p\/vibrant-zigzag-cape-shawl\/#breadcrumb","itemListElement":[{"@type":"ListItem","position":1,"name":"Home","item":"https:\/\/ozponcho.com.au\/"},{"@type":"ListItem","position":2,"name":"Shop","item":"https:\/\/ozponcho.com.au\/shop\/"},{"@type":"ListItem","position":3,"name":"Bohemian Tassel Poncho Cardigan"}]},{"@type":"WebSite","@id":"https:\/\/ozponcho.com.au\/#website","url":"https:\/\/ozponcho.com.au\/","name":"OZ Poncho","description":"","potentialAction":[{"@type":"SearchAction","target":{"@type":"EntryPoint","urlTemplate":"https:\/\/ozponcho.com.au\/?s={search_term_string}"},"query-input":{"@type":"PropertyValueSpecification","valueRequired":true,"valueName":"search_term_string"}}],"inLanguage":"nb-NO"}]}},"_links":{"self":[{"href":"https:\/\/ozponcho.com.au\/nb\/wp-json\/wp\/v2\/product\/12680","targetHints":{"allow":["GET"]}}],"collection":[{"href":"https:\/\/ozponcho.com.au\/nb\/wp-json\/wp\/v2\/product"}],"about":[{"href":"https:\/\/ozponcho.com.au\/nb\/wp-json\/wp\/v2\/types\/product"}],"wp:featuredmedia":[{"embeddable":true,"href":"https:\/\/ozponcho.com.au\/nb\/wp-json\/wp\/v2\/media\/12645"}],"wp:attachment":[{"href":"https:\/\/ozponcho.com.au\/nb\/wp-json\/wp\/v2\/media?parent=12680"}],"wp:term":[{"taxonomy":"product_brand","embeddable":true,"href":"https:\/\/ozponcho.com.au\/nb\/wp-json\/wp\/v2\/product_brand?post=12680"},{"taxonomy":"product_cat","embeddable":true,"href":"https:\/\/ozponcho.com.au\/nb\/wp-json\/wp\/v2\/product_cat?post=12680"},{"taxonomy":"product_tag","embeddable":true,"href":"https:\/\/ozponcho.com.au\/nb\/wp-json\/wp\/v2\/product_tag?post=12680"}],"curies":[{"name":"wp","href":"https:\/\/api.w.org\/{rel}","templated":true}]}}